{"id":1824,"date":"2024-05-10T08:34:33","date_gmt":"2024-05-10T07:34:33","guid":{"rendered":"https:\/\/sxpowercase.com\/?post_type=product&#038;p=1824"},"modified":"2024-06-17T08:43:20","modified_gmt":"2024-06-17T07:43:20","slug":"road-case-with-drawers","status":"publish","type":"product","link":"https:\/\/sxflightcase.com\/tr\/urun\/cekmeceli-yol-cantasi\/","title":{"rendered":"\u00c7ekmeceli Yol \u00c7antas\u0131"},"content":{"rendered":"<p><strong>\u00dcr\u00fcn parametresi(spesifikasyonu)<\/strong><\/p>\n<section class=\"table-wrap\">\n<table class=\"table\" width=\"100%\" cellspacing=\"0\" cellpadding=\"0\">\n<tbody>\n<tr class=\"firstRow\">\n<td width=\"134\">\u00dcr\u00fcn ad\u0131<\/td>\n<td width=\"504\">\u00c7ekmeceli yol \u00e7antas\u0131<\/td>\n<\/tr>\n<tr>\n<td width=\"134\">Malzemeler<\/td>\n<td width=\"504\">Ticari s\u0131n\u0131f kaplamal\u0131 donan\u0131m, a\u011f\u0131r hizmet tipi kulplar ve mandallar ve bilyal\u0131 k\u00f6\u015feler ile 9 mm lamine kontrplak konstr\u00fcksiyon<br \/>\nYayl\u0131 g\u00f6mme \u00e7ekme kolu ve tekerlekler yerle\u015fiktir<br \/>\nUltra-Dur EVA k\u00f6p\u00fck i\u00e7 dolgusu ve bloklar\u0131, tahtan\u0131n alt k\u0131sm\u0131nda fan havaland\u0131rmas\u0131 i\u00e7in yer sa\u011flar<\/td>\n<\/tr>\n<tr>\n<td width=\"134\">Renk<\/td>\n<td width=\"504\">Siyah, Mavi, K\u0131rm\u0131z\u0131 veya \u00d6zel<\/td>\n<\/tr>\n<tr>\n<td width=\"134\">Kullan\u0131m<\/td>\n<td width=\"504\">Ta\u015f\u0131ma Depolamay\u0131 Koruyun<\/td>\n<\/tr>\n<\/tbody>\n<\/table>\n<\/section>\n<p><strong>Paketleme ve g\u00f6nderim<\/strong><\/p>\n<section class=\"table-wrap\">\n<table class=\"table\" width=\"100%\" cellspacing=\"0\" cellpadding=\"0\">\n<tbody>\n<tr class=\"firstRow\">\n<td colspan=\"3\" width=\"100%\">Paketleme ve Kargolama<\/td>\n<\/tr>\n<tr>\n<td rowspan=\"3\" width=\"31%\">Kargo s\u00fcresi<\/td>\n<td width=\"34%\">Deniz yoluyla<\/td>\n<td width=\"33%\">15-60 g\u00fcn<\/td>\n<\/tr>\n<tr>\n<td width=\"34%\">Hava yoluyla<\/td>\n<td width=\"33%\">5-7 g\u00fcn<\/td>\n<\/tr>\n<tr>\n<td width=\"34%\">Ekspres ile<\/td>\n<td width=\"33%\">5-7 g\u00fcn<\/td>\n<\/tr>\n<tr>\n<td width=\"31%\">Teslimat s\u00fcresi<\/td>\n<td colspan=\"2\" width=\"68%\">7-10 \u00e7al\u0131\u015fma veya ihtiya\u00e7lar\u0131n\u0131za g\u00f6re<\/td>\n<\/tr>\n<tr>\n<td width=\"31%\">Ambalajlama<\/td>\n<td colspan=\"2\" width=\"68%\">Karton veya istedi\u011finiz \u015fekilde<\/td>\n<\/tr>\n<\/tbody>\n<\/table>\n<\/section>\n<h1><strong>\u00c7ekmeceli En \u0130yi Yol \u00c7antas\u0131n\u0131 Ke\u015ffedin: SX<\/strong><\/h1>\n<p>Konserler veya etkinlikler s\u0131ras\u0131nda s\u00fcrekli olarak ekipman\u0131n\u0131z\u0131 aramaktan yoruldunuz mu? Ba\u015fka yere bakmay\u0131n. <a href=\"https:\/\/sxpowercase.com\/\" target=\"_blank\" rel=\"noopener\" title=\"SX\" data-wpil-monitor-id=\"133\">SX<\/a> \u00c7ekmeceli Yol \u00c7antas\u0131, ekipmanlar\u0131n\u0131z\u0131 saklama ve ta\u015f\u0131ma \u015feklinizde devrim yaratmak i\u00e7in burada. M\u00fczisyenlerin, teknisyenlerin ve etkinlik profesyonellerinin ihtiya\u00e7lar\u0131 d\u00fc\u015f\u00fcn\u00fclerek tasarlanan yol \u00e7antam\u0131z e\u015fsiz bir rahatl\u0131k ve koruma sunar.<\/p>\n<h2><strong>\u00c7ekmeceli SX Road Case ile Verimli Organizasyon<\/strong><\/h2>\n<p>\u00c7ekmeceli SX Road Case, ekipman\u0131n\u0131z\u0131 d\u00fczenlemek i\u00e7in kusursuz bir \u00e7\u00f6z\u00fcm sunar. Her \u00e7ekmece geni\u015f ve dayan\u0131kl\u0131d\u0131r, ekipman\u0131n\u0131z\u0131n g\u00fcvenli bir \u015fekilde saklanmas\u0131n\u0131 ve kolayca eri\u015filebilmesini sa\u011flar. Art\u0131k u\u011fra\u015fmaya veya zaman kaybetmeye son; tasar\u0131m\u0131m\u0131z en iyi yapt\u0131\u011f\u0131n\u0131z \u015feye odaklanman\u0131z\u0131 sa\u011flar.<\/p>\n<h2><strong>G\u00fcvenebilece\u011finiz Dayan\u0131kl\u0131l\u0131k<\/strong><\/h2>\n<p>Yol \u00e7antam\u0131z, s\u00fcrekli seyahat ve kullan\u0131m\u0131n zorluklar\u0131na dayanacak \u015fekilde \u00fcretilmi\u015ftir. Y\u00fcksek kaliteli malzemelerden \u00fcretilen \u00c7ekmeceli SX Yol \u00c7antas\u0131, de\u011ferli ekipmanlar\u0131n\u0131z i\u00e7in sa\u011flam koruma sa\u011flar. \u0130ster yolda olun, ister bir konserde olun veya bir etkinli\u011fi y\u00f6netin, SX ile ekipman\u0131n\u0131z\u0131n g\u00fcvende oldu\u011fundan emin olabilirsiniz.<\/p>\n<h2><strong>\u0130htiya\u00e7lar\u0131n\u0131za G\u00f6re \u00d6zelle\u015ftirilebilir<\/strong><\/h2>\n<p>Her profesyonelin kendine \u00f6zg\u00fc gereksinimleri vard\u0131r ve biz bunu anl\u0131yoruz. SX, \u00c7ekmeceli Yol \u00c7antas\u0131&#039;n\u0131 \u00f6zel ihtiya\u00e7lar\u0131n\u0131za g\u00f6re uyarlamak i\u00e7in \u00f6zelle\u015ftirilebilir hizmetler sunar. Sizin i\u00e7in en uygun \u00e7ekmece say\u0131s\u0131n\u0131, boyutunu ve i\u00e7 d\u00fczeni se\u00e7in. \u00d6zel yap\u0131m u\u00e7u\u015f \u00e7antalar\u0131m\u0131z, ekipman\u0131n\u0131z\u0131n m\u00fckemmel \u015fekilde organize edilmesini ve korunmas\u0131n\u0131 sa\u011flar.<\/p>\n<h2><strong>Do\u011frudan Fabrikadan: Maliyet Etkin \u00c7\u00f6z\u00fcmler<\/strong><\/h2>\n<p>Do\u011frudan fabrikam\u0131zdan sat\u0131n alarak, yaln\u0131zca en iyi fiyat\u0131 elde etmekle kalmaz, ayn\u0131 zamanda en kaliteli \u00fcr\u00fcnleri ald\u0131\u011f\u0131n\u0131zdan da emin olursunuz. SX, bankay\u0131 k\u0131rmadan i\u015finizi geli\u015ftirmenize yard\u0131mc\u0131 olan uygun fiyatl\u0131, y\u00fcksek kaliteli \u00e7\u00f6z\u00fcmler sunmaya kendini adam\u0131\u015ft\u0131r.<\/p>\n<h2><strong>SX ile \u0130\u015fletmenizi Geli\u015ftirin<\/strong><\/h2>\n<p>G\u00fcvenilir bir yol kasas\u0131na yat\u0131r\u0131m yapmak operasyonel verimlili\u011finizi \u00f6nemli \u00f6l\u00e7\u00fcde art\u0131rabilir. \u00c7ekmeceli SX Yol Kasas\u0131, ekipman\u0131n\u0131z\u0131 zahmetsizce ta\u015f\u0131man\u0131z\u0131 ve eri\u015fmenizi sa\u011flayarak zamandan tasarruf etmenizi ve stresi azaltman\u0131z\u0131 sa\u011flar. Organizasyon ve verimlilikteki bu iyile\u015ftirme, daha iyi performansa ve daha profesyonel bir g\u00f6r\u00fcn\u00fcme yol a\u00e7abilir ve nihayetinde i\u015finizi canland\u0131rabilir.<\/p>\n<h2><strong>\u00c7e\u015fitli Profesyoneller i\u00e7in M\u00fckemmel<\/strong><\/h2>\n<p>Yol \u00e7antam\u0131z \u00e7ok \u00e7e\u015fitli profesyoneller i\u00e7in idealdir. M\u00fczisyenler enstr\u00fcmanlar\u0131n\u0131 ve aksesuarlar\u0131n\u0131 m\u00fckemmel bir d\u00fczende tutabilir, teknisyenler ara\u00e7lar\u0131n\u0131 ve ekipmanlar\u0131n\u0131 d\u00fczenleyebilir ve etkinlik y\u00f6neticileri her \u015feyin yerli yerinde oldu\u011fundan emin olabilir. \u00c7ekmeceli SX Yol \u00c7antas\u0131n\u0131n \u00e7ok y\u00f6nl\u00fcl\u00fc\u011f\u00fc onu hareket halindeki her profesyonel i\u00e7in vazge\u00e7ilmez bir ara\u00e7 haline getirir.<\/p>\n<h2><strong>Neden SX&#039;i Se\u00e7melisiniz?<\/strong><\/h2>\n<p>SX, kalite ve m\u00fc\u015fteri memnuniyetine olan ba\u011fl\u0131l\u0131\u011f\u0131m\u0131z sayesinde pazarda \u00f6ne \u00e7\u0131k\u0131yor. \u00dcr\u00fcnlerimiz, beklentilerinizi kar\u015f\u0131layan ve a\u015fan bir yol \u00e7antas\u0131 alman\u0131z\u0131 garanti alt\u0131na almak i\u00e7in en \u00fcst d\u00fczeyde \u00f6zenle tasarlan\u0131p \u00fcretiliyor. Do\u011frudan fabrika sat\u0131\u015flar\u0131m\u0131z ve \u00f6zelle\u015ftirme se\u00e7eneklerimizle, hem ekonomik hem de ihtiya\u00e7lar\u0131n\u0131za g\u00f6re uyarlanm\u0131\u015f \u00e7\u00f6z\u00fcmler sunuyoruz.<\/p>\n<h2><strong>\u00c7\u00f6z\u00fcm<\/strong><\/h2>\n<p>SX Road Case Drawers yaln\u0131zca bir depolama \u00e7\u00f6z\u00fcm\u00fcnden daha fazlas\u0131d\u0131r; d\u00fczenli ve verimli kalmas\u0131 gereken profesyoneller i\u00e7in oyunun kurallar\u0131n\u0131 de\u011fi\u015ftirir. Dayan\u0131kl\u0131 tasar\u0131m\u0131, \u00f6zelle\u015ftirilebilir \u00f6zellikleri ve do\u011frudan fabrikadan fiyatland\u0131rmas\u0131yla ara\u00e7 setinize m\u00fckemmel bir ektir. SX ile i\u015finizi geli\u015ftirin, ekipman\u0131n\u0131z\u0131 koruyun ve d\u00fczenli kal\u0131n.<\/p>\n<h2><strong>SX Road Kasa \u00c7ekmecelerinizi Bug\u00fcn Sipari\u015f Edin<\/strong><\/h2>\n<p>Depolama \u00e7\u00f6z\u00fcmlerinizi y\u00fckseltmek i\u00e7in daha fazla beklemeyin. \u00d6zel yap\u0131m \u00c7ekmeceli Yol Kasan\u0131z\u0131 sipari\u015f etmek ve kalite ve verimlilik fark\u0131n\u0131 deneyimlemek i\u00e7in bug\u00fcn SX ile ileti\u015fime ge\u00e7in. Operasyonlar\u0131n\u0131z\u0131 kolayla\u015ft\u0131rman\u0131za ve i\u015finizi bir \u00fcst seviyeye ta\u015f\u0131man\u0131za yard\u0131mc\u0131 olal\u0131m.<\/p>\n<p>S\u0131cak Etiketler: D\u00fc\u015f\u00fck fiyat, stokta, \u00fccretsiz numune, G\u00fc\u00e7 ve Sinyal Kablosu, 16 \u00d6l\u00e7\u00fc 4 \u0130letkenli Tel, Mikrofon Stand K\u0131l\u0131f\u0131, A\u00e7\u0131k Hava LED Ekran Kabini, Raf Montaj\u0131, 19\u201d Raf Montajl\u0131 Mikser U\u00e7u\u015f K\u0131l\u0131flar\u0131, elektrik da\u011f\u0131t\u0131m kutusu, \u00c7in, tedarik\u00e7iler, fabrika, \u00f6zelle\u015ftirilmi\u015f, toptan sat\u0131\u015f, <span style=\"color: #993366;\"><a style=\"color: #993366;\" href=\"https:\/\/sxflightcase.com\/tr\/product-category\/all-product\/power-distribution-boxes\/\">g\u00fc\u00e7 kutular\u0131<\/a>,\u00a0<a style=\"color: #993366;\" href=\"https:\/\/sxflightcase.com\/tr\/product-category\/all-product\/hoist-controllers\/\">g\u00fc\u00e7 kablolar\u0131<\/a>,\u00a0<a style=\"color: #993366;\" href=\"https:\/\/sxflightcase.com\/tr\/product-category\/all-product\/hoist-controllers\/\">vin\u00e7 kontrol\u00f6rleri<\/a>,\u00a0<a style=\"color: #993366;\" href=\"https:\/\/sxflightcase.com\/tr\/product-category\/all-product\/flight-case\/\">u\u00e7u\u015f vakalar\u0131.<\/a><\/span><\/p>","protected":false},"excerpt":{"rendered":"<h2 class=\"prodetails-name\">\u00c7ekmeceli Yol \u00c7antas\u0131<\/h2>\n<p>\u00c7ekmeceli bu yol \u00e7antas\u0131, \u00e7e\u015fitli y\u00fckseklik se\u00e7enekleriyle aksesuar\u0131 tutmak i\u00e7in tasarlanm\u0131\u015ft\u0131r. \u00c7ok \u00e7e\u015fitli kullan\u0131mlar i\u00e7in harika depolama ve ta\u015f\u0131ma \u00e7\u00f6z\u00fcmleri sunarlar. Mente\u015feli veya \u00e7\u0131kar\u0131labilir kapaklarla mevcuttur.<\/p>\n<h2><strong>\u00dcretim tan\u0131t\u0131m\u0131<\/strong><\/h2>\n<p>\u2022 En y\u00fcksek kalitede siyah 9 mm kontrplaktan \u00fcretilmi\u015ftir, standart olarak k\u0131rm\u0131z\u0131, mavi, gri veya siyah renklerde mevcuttur, di\u011fer renkler ekstra \u00fccret kar\u015f\u0131l\u0131\u011f\u0131nda mevcuttur.<\/p>\n<p>\u2022 Kasan\u0131n \u00f6n panelinde kullan\u0131\u015fl\u0131 raflar.<\/p>\n<p>\u2022 Mente\u015feli kap\u0131, kasan\u0131n i\u00e7 k\u0131sm\u0131na kolay eri\u015fim sa\u011flar.<\/p>\n<p>\u2022 4 x A\u011f\u0131r hizmet tipi frenli tekerlek.<\/p>\n<p>\u2022 4 x G\u00f6mme, ergonomik, yayl\u0131 kulplar.<\/p>\n<p>\u2022 Dayan\u0131kl\u0131, koruyucu darbeye dayan\u0131kl\u0131 \u00e7ekmece sistemi ekipmanlar\u0131n\u0131z\u0131 korur.<\/p>\n<p>\u2022 M\u00fc\u015fterinin sa\u011flad\u0131\u011f\u0131 kilidi kabul etmek i\u00e7in kilitleme halkalar\u0131na sahip 2 adet b\u00fcy\u00fck dayan\u0131kl\u0131 kelebek mandal\u0131.<\/p>","protected":false},"featured_media":1825,"comment_status":"open","ping_status":"closed","template":"","meta":[],"product_brand":[],"product_cat":[41],"product_tag":[],"class_list":{"0":"post-1824","1":"product","2":"type-product","3":"status-publish","4":"has-post-thumbnail","6":"product_cat-equipment-cases","8":"first","9":"instock","10":"shipping-taxable","11":"product-type-simple"},"yoast_head":"<!-- This site is optimized with the Yoast SEO Premium plugin v27.1 (Yoast SEO v27.2) - https:\/\/yoast.com\/product\/yoast-seo-premium-wordpress\/ -->\n<title>Road Case With Drawers - https:\/\/sxflightcase.com \ud83d\udc97<\/title>\n<meta name=\"description\" content=\"Road Case With Drawers:Factory-direct options for professional customization, perfect for efficient organization and storage solutions.\" \/>\n<meta name=\"robots\" content=\"index, follow, max-snippet:-1, max-image-preview:large, max-video-preview:-1\" \/>\n<link rel=\"canonical\" href=\"https:\/\/sxflightcase.com\/tr\/urun\/cekmeceli-yol-cantasi\/\" \/>\n<meta property=\"og:locale\" content=\"tr_TR\" \/>\n<meta property=\"og:type\" content=\"article\" \/>\n<meta property=\"og:title\" content=\"Road Case With Drawers\" \/>\n<meta property=\"og:description\" content=\"Road Case With Drawers:Factory-direct options for professional customization, perfect for efficient organization and storage solutions.\" \/>\n<meta property=\"og:url\" content=\"https:\/\/sxflightcase.com\/tr\/urun\/cekmeceli-yol-cantasi\/\" \/>\n<meta property=\"og:site_name\" content=\"https:\/\/sxflightcase.com\" \/>\n<meta property=\"article:publisher\" content=\"https:\/\/www.facebook.com\/profile.php?id=61560407257971\" \/>\n<meta property=\"article:modified_time\" content=\"2024-06-17T07:43:20+00:00\" \/>\n<meta property=\"og:image\" content=\"https:\/\/sxflightcase.com\/wp-content\/uploads\/2024\/05\/road-case-with-drawers15072247485.webp\" \/>\n\t<meta property=\"og:image:width\" content=\"750\" \/>\n\t<meta property=\"og:image:height\" content=\"750\" \/>\n\t<meta property=\"og:image:type\" content=\"image\/webp\" \/>\n<meta name=\"twitter:card\" content=\"summary_large_image\" \/>\n<meta name=\"twitter:label1\" content=\"Tahmini okuma s\u00fcresi\" \/>\n\t<meta name=\"twitter:data1\" content=\"5 dakika\" \/>\n<script type=\"application\/ld+json\" class=\"yoast-schema-graph\">{\"@context\":\"https:\/\/schema.org\",\"@graph\":[{\"@type\":\"WebPage\",\"@id\":\"https:\/\/sxflightcase.com\/product\/road-case-with-drawers\/\",\"url\":\"https:\/\/sxflightcase.com\/product\/road-case-with-drawers\/\",\"name\":\"Road Case With Drawers - https:\/\/sxflightcase.com \ud83d\udc97\",\"isPartOf\":{\"@id\":\"https:\/\/sxflightcase.com\/th\/#website\"},\"primaryImageOfPage\":{\"@id\":\"https:\/\/sxflightcase.com\/product\/road-case-with-drawers\/#primaryimage\"},\"image\":{\"@id\":\"https:\/\/sxflightcase.com\/product\/road-case-with-drawers\/#primaryimage\"},\"thumbnailUrl\":\"https:\/\/sxflightcase.com\/wp-content\/uploads\/2024\/05\/road-case-with-drawers15072247485.webp\",\"datePublished\":\"2024-05-10T07:34:33+00:00\",\"dateModified\":\"2024-06-17T07:43:20+00:00\",\"description\":\"Road Case With Drawers:Factory-direct options for professional customization, perfect for efficient organization and storage solutions.\",\"breadcrumb\":{\"@id\":\"https:\/\/sxflightcase.com\/product\/road-case-with-drawers\/#breadcrumb\"},\"inLanguage\":\"tr\",\"potentialAction\":[{\"@type\":\"ReadAction\",\"target\":[\"https:\/\/sxflightcase.com\/product\/road-case-with-drawers\/\"]}]},{\"@type\":\"ImageObject\",\"inLanguage\":\"tr\",\"@id\":\"https:\/\/sxflightcase.com\/product\/road-case-with-drawers\/#primaryimage\",\"url\":\"https:\/\/sxflightcase.com\/wp-content\/uploads\/2024\/05\/road-case-with-drawers15072247485.webp\",\"contentUrl\":\"https:\/\/sxflightcase.com\/wp-content\/uploads\/2024\/05\/road-case-with-drawers15072247485.webp\",\"width\":750,\"height\":750,\"caption\":\"Road Case With Drawers\"},{\"@type\":\"BreadcrumbList\",\"@id\":\"https:\/\/sxflightcase.com\/product\/road-case-with-drawers\/#breadcrumb\",\"itemListElement\":[{\"@type\":\"ListItem\",\"position\":1,\"name\":\"Home\",\"item\":\"https:\/\/sxflightcase.com\/\"},{\"@type\":\"ListItem\",\"position\":2,\"name\":\"\u0e2a\u0e34\u0e19\u0e04\u0e49\u0e32\",\"item\":\"https:\/\/sxflightcase.com\/th\/shop\/\"},{\"@type\":\"ListItem\",\"position\":3,\"name\":\"Road Case With Drawers\"}]},{\"@type\":\"WebSite\",\"@id\":\"https:\/\/sxflightcase.com\/th\/#website\",\"url\":\"https:\/\/sxflightcase.com\/th\/\",\"name\":\"sxpowercase.com\",\"description\":\"Flight Case Factory\",\"publisher\":{\"@id\":\"https:\/\/sxflightcase.com\/th\/#organization\"},\"potentialAction\":[{\"@type\":\"SearchAction\",\"target\":{\"@type\":\"EntryPoint\",\"urlTemplate\":\"https:\/\/sxflightcase.com\/th\/?s={search_term_string}\"},\"query-input\":{\"@type\":\"PropertyValueSpecification\",\"valueRequired\":true,\"valueName\":\"search_term_string\"}}],\"inLanguage\":\"tr\"},{\"@type\":\"Organization\",\"@id\":\"https:\/\/sxflightcase.com\/th\/#organization\",\"name\":\"sxpowercase.com\",\"url\":\"https:\/\/sxflightcase.com\/th\/\",\"logo\":{\"@type\":\"ImageObject\",\"inLanguage\":\"tr\",\"@id\":\"https:\/\/sxflightcase.com\/th\/#\/schema\/logo\/image\/\",\"url\":\"https:\/\/sxflightcase.com\/wp-content\/uploads\/2024\/04\/1713919036007.jpg\",\"contentUrl\":\"https:\/\/sxflightcase.com\/wp-content\/uploads\/2024\/04\/1713919036007.jpg\",\"width\":382,\"height\":388,\"caption\":\"sxpowercase.com\"},\"image\":{\"@id\":\"https:\/\/sxflightcase.com\/th\/#\/schema\/logo\/image\/\"},\"sameAs\":[\"https:\/\/www.facebook.com\/profile.php?id=61560407257971\"],\"numberOfEmployees\":{\"@type\":\"QuantitativeValue\",\"minValue\":\"11\",\"maxValue\":\"50\"}}]}<\/script>\n<!-- \/ Yoast SEO Premium plugin. -->","yoast_head_json":{"title":"Road Case With Drawers - https:\/\/sxflightcase.com \ud83d\udc97","description":"\u00c7ekmeceli Yol \u00c7antas\u0131: Profesyonel \u00f6zelle\u015ftirme i\u00e7in fabrikadan do\u011frudan teslim se\u00e7enekleri, verimli organizasyon ve depolama \u00e7\u00f6z\u00fcmleri i\u00e7in m\u00fckemmeldir.","robots":{"index":"index","follow":"follow","max-snippet":"max-snippet:-1","max-image-preview":"max-image-preview:large","max-video-preview":"max-video-preview:-1"},"canonical":"https:\/\/sxflightcase.com\/tr\/urun\/cekmeceli-yol-cantasi\/","og_locale":"tr_TR","og_type":"article","og_title":"Road Case With Drawers","og_description":"Road Case With Drawers:Factory-direct options for professional customization, perfect for efficient organization and storage solutions.","og_url":"https:\/\/sxflightcase.com\/tr\/urun\/cekmeceli-yol-cantasi\/","og_site_name":"https:\/\/sxflightcase.com","article_publisher":"https:\/\/www.facebook.com\/profile.php?id=61560407257971","article_modified_time":"2024-06-17T07:43:20+00:00","og_image":[{"width":750,"height":750,"url":"https:\/\/sxflightcase.com\/wp-content\/uploads\/2024\/05\/road-case-with-drawers15072247485.webp","type":"image\/webp"}],"twitter_card":"summary_large_image","twitter_misc":{"Tahmini okuma s\u00fcresi":"5 dakika"},"schema":{"@context":"https:\/\/schema.org","@graph":[{"@type":"WebPage","@id":"https:\/\/sxflightcase.com\/product\/road-case-with-drawers\/","url":"https:\/\/sxflightcase.com\/product\/road-case-with-drawers\/","name":"Road Case With Drawers - https:\/\/sxflightcase.com \ud83d\udc97","isPartOf":{"@id":"https:\/\/sxflightcase.com\/th\/#website"},"primaryImageOfPage":{"@id":"https:\/\/sxflightcase.com\/product\/road-case-with-drawers\/#primaryimage"},"image":{"@id":"https:\/\/sxflightcase.com\/product\/road-case-with-drawers\/#primaryimage"},"thumbnailUrl":"https:\/\/sxflightcase.com\/wp-content\/uploads\/2024\/05\/road-case-with-drawers15072247485.webp","datePublished":"2024-05-10T07:34:33+00:00","dateModified":"2024-06-17T07:43:20+00:00","description":"\u00c7ekmeceli Yol \u00c7antas\u0131: Profesyonel \u00f6zelle\u015ftirme i\u00e7in fabrikadan do\u011frudan teslim se\u00e7enekleri, verimli organizasyon ve depolama \u00e7\u00f6z\u00fcmleri i\u00e7in m\u00fckemmeldir.","breadcrumb":{"@id":"https:\/\/sxflightcase.com\/product\/road-case-with-drawers\/#breadcrumb"},"inLanguage":"tr","potentialAction":[{"@type":"ReadAction","target":["https:\/\/sxflightcase.com\/product\/road-case-with-drawers\/"]}]},{"@type":"ImageObject","inLanguage":"tr","@id":"https:\/\/sxflightcase.com\/product\/road-case-with-drawers\/#primaryimage","url":"https:\/\/sxflightcase.com\/wp-content\/uploads\/2024\/05\/road-case-with-drawers15072247485.webp","contentUrl":"https:\/\/sxflightcase.com\/wp-content\/uploads\/2024\/05\/road-case-with-drawers15072247485.webp","width":750,"height":750,"caption":"Road Case With Drawers"},{"@type":"BreadcrumbList","@id":"https:\/\/sxflightcase.com\/product\/road-case-with-drawers\/#breadcrumb","itemListElement":[{"@type":"ListItem","position":1,"name":"Home","item":"https:\/\/sxflightcase.com\/"},{"@type":"ListItem","position":2,"name":"\u0e2a\u0e34\u0e19\u0e04\u0e49\u0e32","item":"https:\/\/sxflightcase.com\/th\/shop\/"},{"@type":"ListItem","position":3,"name":"Road Case With Drawers"}]},{"@type":"WebSite","@id":"https:\/\/sxflightcase.com\/th\/#website","url":"https:\/\/sxflightcase.com\/th\/","name":"sxpowercase.com","description":"U\u00e7u\u015f \u00c7antas\u0131 Fabrikas\u0131","publisher":{"@id":"https:\/\/sxflightcase.com\/th\/#organization"},"potentialAction":[{"@type":"SearchAction","target":{"@type":"EntryPoint","urlTemplate":"https:\/\/sxflightcase.com\/th\/?s={search_term_string}"},"query-input":{"@type":"PropertyValueSpecification","valueRequired":true,"valueName":"search_term_string"}}],"inLanguage":"tr"},{"@type":"Organization","@id":"https:\/\/sxflightcase.com\/th\/#organization","name":"sxpowercase.com","url":"https:\/\/sxflightcase.com\/th\/","logo":{"@type":"ImageObject","inLanguage":"tr","@id":"https:\/\/sxflightcase.com\/th\/#\/schema\/logo\/image\/","url":"https:\/\/sxflightcase.com\/wp-content\/uploads\/2024\/04\/1713919036007.jpg","contentUrl":"https:\/\/sxflightcase.com\/wp-content\/uploads\/2024\/04\/1713919036007.jpg","width":382,"height":388,"caption":"sxpowercase.com"},"image":{"@id":"https:\/\/sxflightcase.com\/th\/#\/schema\/logo\/image\/"},"sameAs":["https:\/\/www.facebook.com\/profile.php?id=61560407257971"],"numberOfEmployees":{"@type":"QuantitativeValue","minValue":"11","maxValue":"50"}}]}},"_links":{"self":[{"href":"https:\/\/sxflightcase.com\/tr\/wp-json\/wp\/v2\/product\/1824","targetHints":{"allow":["GET"]}}],"collection":[{"href":"https:\/\/sxflightcase.com\/tr\/wp-json\/wp\/v2\/product"}],"about":[{"href":"https:\/\/sxflightcase.com\/tr\/wp-json\/wp\/v2\/types\/product"}],"replies":[{"embeddable":true,"href":"https:\/\/sxflightcase.com\/tr\/wp-json\/wp\/v2\/comments?post=1824"}],"version-history":[{"count":0,"href":"https:\/\/sxflightcase.com\/tr\/wp-json\/wp\/v2\/product\/1824\/revisions"}],"wp:featuredmedia":[{"embeddable":true,"href":"https:\/\/sxflightcase.com\/tr\/wp-json\/wp\/v2\/media\/1825"}],"wp:attachment":[{"href":"https:\/\/sxflightcase.com\/tr\/wp-json\/wp\/v2\/media?parent=1824"}],"wp:term":[{"taxonomy":"product_brand","embeddable":true,"href":"https:\/\/sxflightcase.com\/tr\/wp-json\/wp\/v2\/product_brand?post=1824"},{"taxonomy":"product_cat","embeddable":true,"href":"https:\/\/sxflightcase.com\/tr\/wp-json\/wp\/v2\/product_cat?post=1824"},{"taxonomy":"product_tag","embeddable":true,"href":"https:\/\/sxflightcase.com\/tr\/wp-json\/wp\/v2\/product_tag?post=1824"}],"curies":[{"name":"wp","href":"https:\/\/api.w.org\/{rel}","templated":true}]}}