{"id":1829,"date":"2024-05-10T08:38:01","date_gmt":"2024-05-10T07:38:01","guid":{"rendered":"https:\/\/sxpowercase.com\/?post_type=product&#038;p=1829"},"modified":"2024-06-17T08:37:50","modified_gmt":"2024-06-17T07:37:50","slug":"drawer-flight-case","status":"publish","type":"product","link":"https:\/\/sxflightcase.com\/tr\/urun\/cekmeceli-ucus-cantasi\/","title":{"rendered":"\u00c7ekmeceli U\u00e7u\u015f \u00c7antas\u0131"},"content":{"rendered":"<p><strong>\u00dcr\u00fcn parametresi(spesifikasyonu)<\/strong><\/p>\n<section class=\"table-wrap\">\n<table class=\"table\" width=\"100%\" cellspacing=\"0\" cellpadding=\"0\">\n<tbody>\n<tr class=\"firstRow\">\n<td width=\"134\">\u00dcr\u00fcn ad\u0131<\/td>\n<td width=\"504\">\u00c7ekmeceli u\u00e7u\u015f \u00e7antas\u0131<\/td>\n<\/tr>\n<tr>\n<td width=\"134\">Malzemeler<\/td>\n<td width=\"504\">Ticari s\u0131n\u0131f kaplamal\u0131 donan\u0131m, a\u011f\u0131r hizmet tipi kulplar ve mandallar ve bilyal\u0131 k\u00f6\u015feler ile 9 mm lamine kontrplak konstr\u00fcksiyon<br \/>\nYayl\u0131 g\u00f6mme \u00e7ekme kolu ve tekerlekler yerle\u015fiktir<br \/>\nUltra-Dur EVA k\u00f6p\u00fck i\u00e7 dolgusu ve bloklar\u0131, tahtan\u0131n alt k\u0131sm\u0131nda fan havaland\u0131rmas\u0131 i\u00e7in yer sa\u011flar<\/td>\n<\/tr>\n<tr>\n<td width=\"134\">Renk<\/td>\n<td width=\"504\">Siyah, Mavi, K\u0131rm\u0131z\u0131 veya \u00d6zel<\/td>\n<\/tr>\n<tr>\n<td width=\"134\">Kullan\u0131m<\/td>\n<td width=\"504\">Ta\u015f\u0131ma Depolamay\u0131 Koruyun<\/td>\n<\/tr>\n<\/tbody>\n<\/table>\n<\/section>\n<h1><strong>SX \u00c7ekmeceli U\u00e7u\u015f \u00c7antas\u0131: Profesyoneller i\u00e7in Nihai Depolama \u00c7\u00f6z\u00fcm\u00fc<\/strong><\/h1>\n<p>Profesyonel ekipman d\u00fcnyas\u0131nda g\u00fcvenilirlik ve organizasyon \u00e7ok \u00f6nemlidir. Bu nedenle <a href=\"https:\/\/sxpowercase.com\/\" target=\"_blank\" rel=\"noopener\" title=\"SX\" data-wpil-monitor-id=\"134\">SX<\/a> \u00c7ekmeceli U\u00e7u\u015f \u00c7antas\u0131, kalite ve yenili\u011fin bir kan\u0131t\u0131 olarak \u00e7e\u015fitli sekt\u00f6rlerdeki profesyoneller i\u00e7in nihai depolama \u00e7\u00f6z\u00fcm\u00fc sunar. Dayan\u0131kl\u0131l\u0131k ve rahatl\u0131\u011fa odaklanan SX, her \u00e7ekmecenin <a class=\"wpil_keyword_link\" href=\"https:\/\/sxpowercase.com\/product-category\/all-product\/flight-case\/\" target=\"_blank\" rel=\"noopener\" title=\"u\u00e7u\u015f durumu\" data-wpil-keyword-link=\"linked\" data-wpil-monitor-id=\"420\">u\u00e7u\u015f durumu<\/a> en y\u00fcksek standartlar\u0131 kar\u015f\u0131lamaktad\u0131r.<\/p>\n<h3><strong>\u00c7ekmeceli U\u00e7u\u015f \u00c7antas\u0131 \u0130htiya\u00e7lar\u0131n\u0131z \u0130\u00e7in Neden SX'i Se\u00e7melisiniz?<\/strong><\/h3>\n<h4><strong>E\u015fsiz Kalite ve Dayan\u0131kl\u0131l\u0131k<\/strong><\/h4>\n<p>SX'te kalite en \u00f6nemli \u00f6nceli\u011fimizdir. \u00c7ekmeceli u\u00e7u\u015f \u00e7antalar\u0131m\u0131z, s\u0131k seyahat ve a\u011f\u0131r kullan\u0131m\u0131n zorluklar\u0131na dayanabilecek sa\u011flam malzemelerden \u00fcretilmi\u015ftir. Her bir \u00e7anta, de\u011ferli ekipman\u0131n\u0131z\u0131 korumak ve ta\u015f\u0131ma s\u0131ras\u0131nda g\u00fcvende kalmas\u0131n\u0131 sa\u011flamak i\u00e7in tasarlanm\u0131\u015ft\u0131r.<\/p>\n<h4><strong>Yenilik\u00e7i Tasar\u0131m<\/strong><\/h4>\n<p>SX \u00c7ekmeceli U\u00e7u\u015f \u00c7antas\u0131n\u0131n tasar\u0131m\u0131 hem pratik hem de yenilik\u00e7i. Birden fazla \u00e7ekmeceye sahip olan \u00e7antalar\u0131m\u0131z, kolay organizasyon ve alet ve ekipmanlar\u0131n\u0131za h\u0131zl\u0131 eri\u015fim sa\u011flar. Bu \u00f6zenli tasar\u0131m, i\u015finiz sizi nereye g\u00f6t\u00fcr\u00fcrse g\u00f6t\u00fcrs\u00fcn verimlili\u011finizi ve \u00fcretkenli\u011finizi koruman\u0131za yard\u0131mc\u0131 olur.<\/p>\n<h3><strong>Fabrika Do\u011frudan Sat\u0131\u015flar\u0131: SX Avantaj\u0131<\/strong><\/h3>\n<h4><strong>Uygun Maliyetli \u00c7\u00f6z\u00fcmler<\/strong><\/h4>\n<p>Do\u011frudan fabrikadan sat\u0131n alarak uygun maliyetli \u00e7\u00f6z\u00fcmlerimizden yararlanabilirsiniz. SX'in fabrikadan do\u011frudan sat\u0131\u015f modeli arac\u0131lar\u0131 ortadan kald\u0131rarak maliyetleri d\u00fc\u015f\u00fcr\u00fcr ve rekabet\u00e7i fiyatlarla y\u00fcksek kaliteli \u00fcr\u00fcnler alman\u0131z\u0131 sa\u011flar. Bu yakla\u015f\u0131m, kaliteden \u00f6d\u00fcn vermeden \u00fcst\u00fcn de\u011fer sa\u011flamam\u0131za olanak tan\u0131r.<\/p>\n<h4><strong>\u0130\u015finizi G\u00fc\u00e7lendirin<\/strong><\/h4>\n<p>SX \u00c7ekmeceli U\u00e7u\u015f \u00c7antalar\u0131na yat\u0131r\u0131m yapmak i\u015f operasyonlar\u0131n\u0131z\u0131 \u00f6nemli \u00f6l\u00e7\u00fcde geli\u015ftirebilir. D\u00fczenli depolama \u00e7\u00f6z\u00fcmleri daha fazla verimlilik sa\u011flayarak g\u00f6revleri daha h\u0131zl\u0131 ve etkili bir \u015fekilde tamamlaman\u0131za olanak tan\u0131r. SX ile profesyonel standartlar\u0131n\u0131z\u0131 y\u00fckseltebilir ve ayr\u0131nt\u0131lara g\u00f6sterdi\u011finiz \u00f6zenle m\u00fc\u015fterilerinizi etkileyebilirsiniz.<\/p>\n<h3><strong>Benzersiz Gereksinimler i\u00e7in \u00d6zel Hizmetler<\/strong><\/h3>\n<h4><strong>\u0130htiya\u00e7lar\u0131n\u0131za G\u00f6re Tasarlanm\u0131\u015f<\/strong><\/h4>\n<p>SX, \u00e7ekmeceli u\u00e7u\u015f \u00e7antalar\u0131m\u0131z\u0131n \u00f6zel gereksinimlerinizi kar\u015f\u0131lamas\u0131n\u0131 sa\u011flamak i\u00e7in \u00f6zel hizmetler sunar. \u0130ster ek b\u00f6lmelere, ister \u00f6zel boyutlara veya benzersiz \u00f6zelliklere ihtiyac\u0131n\u0131z olsun, ekibimiz ihtiya\u00e7lar\u0131n\u0131za m\u00fckemmel \u015fekilde uyan kasalar tasarlamak ve \u00fcretmek i\u00e7in sizinle yak\u0131n i\u015fbirli\u011fi i\u00e7inde \u00e7al\u0131\u015f\u0131r.<\/p>\n<h4><strong>Ki\u015fiselle\u015ftirilmi\u015f M\u00fc\u015fteri Hizmetleri<\/strong><\/h4>\n<p>\u0130lk dan\u0131\u015fmanl\u0131ktan son teslimata kadar SX, tam memnuniyetinizi sa\u011flamak i\u00e7in ki\u015fiselle\u015ftirilmi\u015f m\u00fc\u015fteri hizmetleri sunar. Kendini i\u015fine adam\u0131\u015f ekibimiz, sorular\u0131n\u0131z\u0131 yan\u0131tlamak ve \u00f6zel taleplerinize yard\u0131mc\u0131 olmak i\u00e7in her zaman haz\u0131rd\u0131r ve deneyiminizi sorunsuz ve keyifli hale getirir.<\/p>\n<h3><strong>SX \u00c7ekmeceli U\u00e7u\u015f \u00c7antas\u0131 Uygulamalar\u0131<\/strong><\/h3>\n<h4><strong>Hareket Halindeki Profesyoneller \u0130\u00e7in<\/strong><\/h4>\n<p>SX \u00c7ekmeceli U\u00e7u\u015f \u00c7antas\u0131, s\u00fcrekli hareket halinde olan profesyoneller i\u00e7in idealdir. \u0130ster teknisyen, ister foto\u011fraf\u00e7\u0131 veya m\u00fczisyen olun, \u00e7antalar\u0131m\u0131z ekipman\u0131n\u0131z\u0131 g\u00fcvenli ve verimli bir \u015fekilde ta\u015f\u0131mak i\u00e7in ihtiya\u00e7 duydu\u011funuz organizasyonu ve korumay\u0131 sa\u011flar.<\/p>\n<h4><strong>At\u00f6lyeler ve St\u00fcdyolar i\u00e7in<\/strong><\/h4>\n<p>At\u00f6lye ve st\u00fcdyolarda, SX \u00c7ekmeceli U\u00e7u\u015f \u00c7antas\u0131 d\u00fczen ve eri\u015filebilirli\u011fin korunmas\u0131na yard\u0131mc\u0131 olur. Her \u015fey dayan\u0131kl\u0131 \u00e7ekmecelerde d\u00fczenli bir \u015fekilde organize edildi\u011finde, alet ve aksesuarlar\u0131 aramakla zaman kaybetmeden i\u015finize odaklanabilirsiniz.<\/p>\n<h3><strong>SX: \u00c7ekmeceli U\u00e7u\u015f \u00c7antalar\u0131nda G\u00fcvenilir Bir \u0130sim<\/strong><\/h3>\n<h4><strong>Sekt\u00f6r Lideri<\/strong><\/h4>\n<p>SX, \u00e7ekmeceli u\u00e7u\u015f kasas\u0131 \u00fcretiminde g\u00fcvenilir bir isim olarak itibar kazanm\u0131\u015ft\u0131r. Kalite ve yenili\u011fe olan ba\u011fl\u0131l\u0131\u011f\u0131m\u0131z bize \u00e7e\u015fitli sekt\u00f6rlerdeki profesyonellerin sadakatini kazand\u0131rm\u0131\u015ft\u0131r. SX'i se\u00e7ti\u011finizde, m\u00fckemmelli\u011fi ve g\u00fcvenilirli\u011fi se\u00e7mi\u015f olursunuz.<\/p>\n<h4><strong>M\u00fc\u015fteri Memnuniyeti<\/strong><\/h4>\n<p>SX'te m\u00fc\u015fteri memnuniyeti nihai hedefimizdir. Sundu\u011fumuz her \u00fcr\u00fcnle beklentilerinizi a\u015fmak i\u00e7in \u00e7al\u0131\u015f\u0131yoruz. Kaliteye, \u00f6zel \u00e7\u00f6z\u00fcmlere ve ki\u015fiselle\u015ftirilmi\u015f hizmete olan ba\u011fl\u0131l\u0131\u011f\u0131m\u0131z, sat\u0131n alma i\u015fleminizden her zaman memnun kalman\u0131z\u0131 sa\u011flar.<\/p>\n<h3><strong>\u00c7\u00f6z\u00fcm<\/strong><\/h3>\n<p>\u00c7ekmeceli u\u00e7u\u015f \u00e7antalar\u0131 s\u00f6z konusu oldu\u011funda, SX kalite, yenilik ve m\u00fc\u015fteri odakl\u0131 hizmetin m\u00fckemmel bir kar\u0131\u015f\u0131m\u0131n\u0131 sunar. Dayan\u0131kl\u0131 ve iyi tasarlanm\u0131\u015f \u00e7antalar\u0131m\u0131z profesyonellerin ihtiya\u00e7 duydu\u011fu organizasyonu ve korumay\u0131 sa\u011flarken, fabrika do\u011frudan sat\u0131\u015f modelimiz rekabet\u00e7i fiyatland\u0131rma sa\u011flar. Benzersiz gereksinimlerinize g\u00f6re uyarlanm\u0131\u015f \u00f6zel \u00e7\u00f6z\u00fcmlerle i\u015finizi y\u00fckseltmek i\u00e7in SX'e g\u00fcvenin. Bug\u00fcn SX \u00c7ekmeceli U\u00e7u\u015f \u00c7antalar\u0131na yat\u0131r\u0131m yap\u0131n ve kalite ve hizmet fark\u0131n\u0131 ya\u015fay\u0131n.<\/p>\n<hr \/>\n<p><strong>SSS<\/strong><\/p>\n<p><strong>1. SX \u00e7ekmeceli u\u00e7u\u015f k\u0131l\u0131flar\u0131nda hangi malzemeler kullan\u0131l\u0131r?<\/strong><\/p>\n<p>SX \u00e7ekmeceli u\u00e7u\u015f \u00e7antalar\u0131, s\u0131k seyahatlere ve a\u011f\u0131r kullan\u0131ma dayanacak \u015fekilde tasarlanm\u0131\u015f y\u00fcksek kaliteli, dayan\u0131kl\u0131 malzemelerden \u00fcretilmi\u015ftir.<\/p>\n<p><strong>2. \u00c7ekmeceli u\u00e7u\u015f \u00e7antam\u0131 \u00f6zelle\u015ftirebilir miyim?<\/strong><\/p>\n<p>Evet, SX \u00f6zel \u00e7ekmeceli u\u00e7u\u015f \u00e7antalar\u0131 konusunda uzmanla\u015fm\u0131\u015ft\u0131r. \u00d6zel ihtiya\u00e7lar\u0131n\u0131z\u0131 kar\u015f\u0131layan bir \u00fcr\u00fcn tasarlamak ve olu\u015fturmak i\u00e7in sizinle yak\u0131n i\u015fbirli\u011fi i\u00e7inde \u00e7al\u0131\u015f\u0131yoruz.<\/p>\n<p><strong>3. SX'in do\u011frudan sat\u0131\u015f modeli bana nas\u0131l fayda sa\u011fl\u0131yor?<\/strong><\/p>\n<p>Do\u011frudan sat\u0131\u015f modelimiz arac\u0131lar\u0131 ortadan kald\u0131rarak maliyetleri d\u00fc\u015f\u00fcr\u00fcr ve y\u00fcksek kaliteli \u00fcr\u00fcnleri do\u011frudan \u00fcreticiden rekabet\u00e7i fiyatlarla alman\u0131z\u0131 sa\u011flar.<\/p>\n<p><strong>4. SX \u00e7ekmeceli u\u00e7u\u015f \u00e7antalar\u0131 d\u0131\u015f mekan kullan\u0131m\u0131 i\u00e7in uygun mu?<\/strong><\/p>\n<p>Evet, SX \u00e7ekmeceli u\u00e7u\u015f \u00e7antalar\u0131 zorlu ortamlara dayanacak \u015fekilde tasarlanm\u0131\u015ft\u0131r, bu da onlar\u0131 hem i\u00e7 hem de d\u0131\u015f mekan kullan\u0131m\u0131 i\u00e7in ideal hale getirir.<\/p>\n<p><strong>5. Hangi sekt\u00f6rler SX \u00e7ekmeceli u\u00e7u\u015f k\u0131l\u0131flar\u0131ndan faydalan\u0131r?<\/strong><\/p>\n<p>SX \u00e7ekmeceli u\u00e7u\u015f \u00e7antalar\u0131, profesyonel teknisyenler, foto\u011fraf\u00e7\u0131lar, m\u00fczisyenler ve yo\u011fun at\u00f6lyeler dahil olmak \u00fczere \u00e7e\u015fitli sekt\u00f6rler i\u00e7in m\u00fckemmeldir ve d\u00fczenli ve ta\u015f\u0131nabilir depolama \u00e7\u00f6z\u00fcmleri sa\u011flar.<\/p>\n<p>S\u0131cak Etiketler: D\u00fc\u015f\u00fck fiyat, stokta, \u00fccretsiz numune, G\u00fc\u00e7 ve Sinyal Kablosu, 16 \u00d6l\u00e7\u00fc 4 \u0130letkenli Tel, Mikrofon Stand K\u0131l\u0131f\u0131, A\u00e7\u0131k Hava LED Ekran Kabini, Raf Montaj\u0131, 19\u201d Raf Montajl\u0131 Mikser U\u00e7u\u015f K\u0131l\u0131flar\u0131, elektrik da\u011f\u0131t\u0131m kutusu, \u00c7in, tedarik\u00e7iler, fabrika, \u00f6zelle\u015ftirilmi\u015f, toptan sat\u0131\u015f, <span style=\"color: #993366;\"><a style=\"color: #993366;\" href=\"https:\/\/sxflightcase.com\/tr\/product-category\/all-product\/power-distribution-boxes\/\">g\u00fc\u00e7 kutular\u0131<\/a>,\u00a0<a style=\"color: #993366;\" href=\"https:\/\/sxflightcase.com\/tr\/product-category\/all-product\/hoist-controllers\/\">g\u00fc\u00e7 kablolar\u0131<\/a>,\u00a0<a style=\"color: #993366;\" href=\"https:\/\/sxflightcase.com\/tr\/product-category\/all-product\/hoist-controllers\/\">vin\u00e7 kontrol\u00f6rleri<\/a>,\u00a0<a style=\"color: #993366;\" href=\"https:\/\/sxflightcase.com\/tr\/product-category\/all-product\/flight-case\/\">u\u00e7u\u015f vakalar\u0131.<\/a><\/span><\/p>","protected":false},"excerpt":{"rendered":"<h2 class=\"prodetails-name\">\u00c7ekmeceli U\u00e7u\u015f \u00c7antas\u0131<\/h2>\n<p>Bu pop\u00fcler \u00e7ekmeceli u\u00e7u\u015f \u00e7antas\u0131, \u00e7e\u015fitli y\u00fckseklik se\u00e7enekleriyle aksesuar\u0131 tutmak i\u00e7in tasarlanm\u0131\u015ft\u0131r. \u00c7ok \u00e7e\u015fitli kullan\u0131mlar i\u00e7in harika depolama ve ta\u015f\u0131ma \u00e7\u00f6z\u00fcmleri sunarlar. Mente\u015feli veya \u00e7\u0131kar\u0131labilir kapaklar\u0131 mevcuttur.<\/p>\n<h2><strong>\u00dcretim tan\u0131t\u0131m\u0131<\/strong><\/h2>\n<p>A\u011f\u0131r hizmet tipi, asma kilitlenebilir 3 \u00c7ekmeceli \u0130\u015f \u0130stasyonu, Kapakl\u0131 Depolama B\u00f6lmeleri ve bir masa stand\u0131 ile birlikte. Tamamen k\u00f6p\u00fck astarl\u0131 \u00e7ekmeceler, her \u00e7ekmecede tam uzatma raylar\u0131 bulunur.<\/p>\n<p>Asma kilitlenebilir g\u00fcvenlik, 4 x 100mm Tekerlekler dahildir.<\/p>","protected":false},"featured_media":1834,"comment_status":"open","ping_status":"closed","template":"","meta":[],"product_brand":[],"product_cat":[41],"product_tag":[],"class_list":{"0":"post-1829","1":"product","2":"type-product","3":"status-publish","4":"has-post-thumbnail","6":"product_cat-equipment-cases","8":"first","9":"instock","10":"shipping-taxable","11":"product-type-simple"},"yoast_head":"<!-- This site is optimized with the Yoast SEO Premium plugin v27.1 (Yoast SEO v27.2) - https:\/\/yoast.com\/product\/yoast-seo-premium-wordpress\/ -->\n<title>Drawer Flight Case - https:\/\/sxflightcase.com \ud83d\udc97<\/title>\n<meta name=\"description\" content=\"Drawer Flight Case:Factory-direct options for professional customization, perfect for efficient organization and storage solutions.\" \/>\n<meta name=\"robots\" content=\"index, follow, max-snippet:-1, max-image-preview:large, max-video-preview:-1\" \/>\n<link rel=\"canonical\" href=\"https:\/\/sxflightcase.com\/tr\/urun\/cekmeceli-ucus-cantasi\/\" \/>\n<meta property=\"og:locale\" content=\"tr_TR\" \/>\n<meta property=\"og:type\" content=\"article\" \/>\n<meta property=\"og:title\" content=\"Drawer Flight Case\" \/>\n<meta property=\"og:description\" content=\"Drawer Flight Case:Factory-direct options for professional customization, perfect for efficient organization and storage solutions.\" \/>\n<meta property=\"og:url\" content=\"https:\/\/sxflightcase.com\/tr\/urun\/cekmeceli-ucus-cantasi\/\" \/>\n<meta property=\"og:site_name\" content=\"https:\/\/sxflightcase.com\" \/>\n<meta property=\"article:publisher\" content=\"https:\/\/www.facebook.com\/profile.php?id=61560407257971\" \/>\n<meta property=\"article:modified_time\" content=\"2024-06-17T07:37:50+00:00\" \/>\n<meta property=\"og:image\" content=\"https:\/\/sxflightcase.com\/wp-content\/uploads\/2024\/05\/drawer-flight-case12052925809-1.webp\" \/>\n\t<meta property=\"og:image:width\" content=\"750\" \/>\n\t<meta property=\"og:image:height\" content=\"750\" \/>\n\t<meta property=\"og:image:type\" content=\"image\/webp\" \/>\n<meta name=\"twitter:card\" content=\"summary_large_image\" \/>\n<meta name=\"twitter:label1\" content=\"Tahmini okuma s\u00fcresi\" \/>\n\t<meta name=\"twitter:data1\" content=\"5 dakika\" \/>\n<script type=\"application\/ld+json\" class=\"yoast-schema-graph\">{\"@context\":\"https:\/\/schema.org\",\"@graph\":[{\"@type\":\"WebPage\",\"@id\":\"https:\/\/sxflightcase.com\/product\/drawer-flight-case\/\",\"url\":\"https:\/\/sxflightcase.com\/product\/drawer-flight-case\/\",\"name\":\"Drawer Flight Case - https:\/\/sxflightcase.com \ud83d\udc97\",\"isPartOf\":{\"@id\":\"https:\/\/sxflightcase.com\/th\/#website\"},\"primaryImageOfPage\":{\"@id\":\"https:\/\/sxflightcase.com\/product\/drawer-flight-case\/#primaryimage\"},\"image\":{\"@id\":\"https:\/\/sxflightcase.com\/product\/drawer-flight-case\/#primaryimage\"},\"thumbnailUrl\":\"https:\/\/sxflightcase.com\/wp-content\/uploads\/2024\/05\/drawer-flight-case12052925809-1.webp\",\"datePublished\":\"2024-05-10T07:38:01+00:00\",\"dateModified\":\"2024-06-17T07:37:50+00:00\",\"description\":\"Drawer Flight Case:Factory-direct options for professional customization, perfect for efficient organization and storage solutions.\",\"breadcrumb\":{\"@id\":\"https:\/\/sxflightcase.com\/product\/drawer-flight-case\/#breadcrumb\"},\"inLanguage\":\"tr\",\"potentialAction\":[{\"@type\":\"ReadAction\",\"target\":[\"https:\/\/sxflightcase.com\/product\/drawer-flight-case\/\"]}]},{\"@type\":\"ImageObject\",\"inLanguage\":\"tr\",\"@id\":\"https:\/\/sxflightcase.com\/product\/drawer-flight-case\/#primaryimage\",\"url\":\"https:\/\/sxflightcase.com\/wp-content\/uploads\/2024\/05\/drawer-flight-case12052925809-1.webp\",\"contentUrl\":\"https:\/\/sxflightcase.com\/wp-content\/uploads\/2024\/05\/drawer-flight-case12052925809-1.webp\",\"width\":750,\"height\":750,\"caption\":\"Drawer Flight Case\"},{\"@type\":\"BreadcrumbList\",\"@id\":\"https:\/\/sxflightcase.com\/product\/drawer-flight-case\/#breadcrumb\",\"itemListElement\":[{\"@type\":\"ListItem\",\"position\":1,\"name\":\"Home\",\"item\":\"https:\/\/sxflightcase.com\/\"},{\"@type\":\"ListItem\",\"position\":2,\"name\":\"\u0e2a\u0e34\u0e19\u0e04\u0e49\u0e32\",\"item\":\"https:\/\/sxflightcase.com\/th\/shop\/\"},{\"@type\":\"ListItem\",\"position\":3,\"name\":\"Drawer Flight Case\"}]},{\"@type\":\"WebSite\",\"@id\":\"https:\/\/sxflightcase.com\/th\/#website\",\"url\":\"https:\/\/sxflightcase.com\/th\/\",\"name\":\"sxpowercase.com\",\"description\":\"Flight Case Factory\",\"publisher\":{\"@id\":\"https:\/\/sxflightcase.com\/th\/#organization\"},\"potentialAction\":[{\"@type\":\"SearchAction\",\"target\":{\"@type\":\"EntryPoint\",\"urlTemplate\":\"https:\/\/sxflightcase.com\/th\/?s={search_term_string}\"},\"query-input\":{\"@type\":\"PropertyValueSpecification\",\"valueRequired\":true,\"valueName\":\"search_term_string\"}}],\"inLanguage\":\"tr\"},{\"@type\":\"Organization\",\"@id\":\"https:\/\/sxflightcase.com\/th\/#organization\",\"name\":\"sxpowercase.com\",\"url\":\"https:\/\/sxflightcase.com\/th\/\",\"logo\":{\"@type\":\"ImageObject\",\"inLanguage\":\"tr\",\"@id\":\"https:\/\/sxflightcase.com\/th\/#\/schema\/logo\/image\/\",\"url\":\"https:\/\/sxflightcase.com\/wp-content\/uploads\/2024\/04\/1713919036007.jpg\",\"contentUrl\":\"https:\/\/sxflightcase.com\/wp-content\/uploads\/2024\/04\/1713919036007.jpg\",\"width\":382,\"height\":388,\"caption\":\"sxpowercase.com\"},\"image\":{\"@id\":\"https:\/\/sxflightcase.com\/th\/#\/schema\/logo\/image\/\"},\"sameAs\":[\"https:\/\/www.facebook.com\/profile.php?id=61560407257971\"],\"numberOfEmployees\":{\"@type\":\"QuantitativeValue\",\"minValue\":\"11\",\"maxValue\":\"50\"}}]}<\/script>\n<!-- \/ Yoast SEO Premium plugin. -->","yoast_head_json":{"title":"Drawer Flight Case - https:\/\/sxflightcase.com \ud83d\udc97","description":"\u00c7ekmeceli U\u00e7u\u015f \u00c7antas\u0131: Profesyonel \u00f6zelle\u015ftirme i\u00e7in fabrikada do\u011frudan se\u00e7enekler, verimli organizasyon ve depolama \u00e7\u00f6z\u00fcmleri i\u00e7in m\u00fckemmeldir.","robots":{"index":"index","follow":"follow","max-snippet":"max-snippet:-1","max-image-preview":"max-image-preview:large","max-video-preview":"max-video-preview:-1"},"canonical":"https:\/\/sxflightcase.com\/tr\/urun\/cekmeceli-ucus-cantasi\/","og_locale":"tr_TR","og_type":"article","og_title":"Drawer Flight Case","og_description":"Drawer Flight Case:Factory-direct options for professional customization, perfect for efficient organization and storage solutions.","og_url":"https:\/\/sxflightcase.com\/tr\/urun\/cekmeceli-ucus-cantasi\/","og_site_name":"https:\/\/sxflightcase.com","article_publisher":"https:\/\/www.facebook.com\/profile.php?id=61560407257971","article_modified_time":"2024-06-17T07:37:50+00:00","og_image":[{"width":750,"height":750,"url":"https:\/\/sxflightcase.com\/wp-content\/uploads\/2024\/05\/drawer-flight-case12052925809-1.webp","type":"image\/webp"}],"twitter_card":"summary_large_image","twitter_misc":{"Tahmini okuma s\u00fcresi":"5 dakika"},"schema":{"@context":"https:\/\/schema.org","@graph":[{"@type":"WebPage","@id":"https:\/\/sxflightcase.com\/product\/drawer-flight-case\/","url":"https:\/\/sxflightcase.com\/product\/drawer-flight-case\/","name":"Drawer Flight Case - https:\/\/sxflightcase.com \ud83d\udc97","isPartOf":{"@id":"https:\/\/sxflightcase.com\/th\/#website"},"primaryImageOfPage":{"@id":"https:\/\/sxflightcase.com\/product\/drawer-flight-case\/#primaryimage"},"image":{"@id":"https:\/\/sxflightcase.com\/product\/drawer-flight-case\/#primaryimage"},"thumbnailUrl":"https:\/\/sxflightcase.com\/wp-content\/uploads\/2024\/05\/drawer-flight-case12052925809-1.webp","datePublished":"2024-05-10T07:38:01+00:00","dateModified":"2024-06-17T07:37:50+00:00","description":"\u00c7ekmeceli U\u00e7u\u015f \u00c7antas\u0131: Profesyonel \u00f6zelle\u015ftirme i\u00e7in fabrikada do\u011frudan se\u00e7enekler, verimli organizasyon ve depolama \u00e7\u00f6z\u00fcmleri i\u00e7in m\u00fckemmeldir.","breadcrumb":{"@id":"https:\/\/sxflightcase.com\/product\/drawer-flight-case\/#breadcrumb"},"inLanguage":"tr","potentialAction":[{"@type":"ReadAction","target":["https:\/\/sxflightcase.com\/product\/drawer-flight-case\/"]}]},{"@type":"ImageObject","inLanguage":"tr","@id":"https:\/\/sxflightcase.com\/product\/drawer-flight-case\/#primaryimage","url":"https:\/\/sxflightcase.com\/wp-content\/uploads\/2024\/05\/drawer-flight-case12052925809-1.webp","contentUrl":"https:\/\/sxflightcase.com\/wp-content\/uploads\/2024\/05\/drawer-flight-case12052925809-1.webp","width":750,"height":750,"caption":"Drawer Flight Case"},{"@type":"BreadcrumbList","@id":"https:\/\/sxflightcase.com\/product\/drawer-flight-case\/#breadcrumb","itemListElement":[{"@type":"ListItem","position":1,"name":"Home","item":"https:\/\/sxflightcase.com\/"},{"@type":"ListItem","position":2,"name":"\u0e2a\u0e34\u0e19\u0e04\u0e49\u0e32","item":"https:\/\/sxflightcase.com\/th\/shop\/"},{"@type":"ListItem","position":3,"name":"Drawer Flight Case"}]},{"@type":"WebSite","@id":"https:\/\/sxflightcase.com\/th\/#website","url":"https:\/\/sxflightcase.com\/th\/","name":"sxpowercase.com","description":"U\u00e7u\u015f \u00c7antas\u0131 Fabrikas\u0131","publisher":{"@id":"https:\/\/sxflightcase.com\/th\/#organization"},"potentialAction":[{"@type":"SearchAction","target":{"@type":"EntryPoint","urlTemplate":"https:\/\/sxflightcase.com\/th\/?s={search_term_string}"},"query-input":{"@type":"PropertyValueSpecification","valueRequired":true,"valueName":"search_term_string"}}],"inLanguage":"tr"},{"@type":"Organization","@id":"https:\/\/sxflightcase.com\/th\/#organization","name":"sxpowercase.com","url":"https:\/\/sxflightcase.com\/th\/","logo":{"@type":"ImageObject","inLanguage":"tr","@id":"https:\/\/sxflightcase.com\/th\/#\/schema\/logo\/image\/","url":"https:\/\/sxflightcase.com\/wp-content\/uploads\/2024\/04\/1713919036007.jpg","contentUrl":"https:\/\/sxflightcase.com\/wp-content\/uploads\/2024\/04\/1713919036007.jpg","width":382,"height":388,"caption":"sxpowercase.com"},"image":{"@id":"https:\/\/sxflightcase.com\/th\/#\/schema\/logo\/image\/"},"sameAs":["https:\/\/www.facebook.com\/profile.php?id=61560407257971"],"numberOfEmployees":{"@type":"QuantitativeValue","minValue":"11","maxValue":"50"}}]}},"_links":{"self":[{"href":"https:\/\/sxflightcase.com\/tr\/wp-json\/wp\/v2\/product\/1829","targetHints":{"allow":["GET"]}}],"collection":[{"href":"https:\/\/sxflightcase.com\/tr\/wp-json\/wp\/v2\/product"}],"about":[{"href":"https:\/\/sxflightcase.com\/tr\/wp-json\/wp\/v2\/types\/product"}],"replies":[{"embeddable":true,"href":"https:\/\/sxflightcase.com\/tr\/wp-json\/wp\/v2\/comments?post=1829"}],"version-history":[{"count":0,"href":"https:\/\/sxflightcase.com\/tr\/wp-json\/wp\/v2\/product\/1829\/revisions"}],"wp:featuredmedia":[{"embeddable":true,"href":"https:\/\/sxflightcase.com\/tr\/wp-json\/wp\/v2\/media\/1834"}],"wp:attachment":[{"href":"https:\/\/sxflightcase.com\/tr\/wp-json\/wp\/v2\/media?parent=1829"}],"wp:term":[{"taxonomy":"product_brand","embeddable":true,"href":"https:\/\/sxflightcase.com\/tr\/wp-json\/wp\/v2\/product_brand?post=1829"},{"taxonomy":"product_cat","embeddable":true,"href":"https:\/\/sxflightcase.com\/tr\/wp-json\/wp\/v2\/product_cat?post=1829"},{"taxonomy":"product_tag","embeddable":true,"href":"https:\/\/sxflightcase.com\/tr\/wp-json\/wp\/v2\/product_tag?post=1829"}],"curies":[{"name":"wp","href":"https:\/\/api.w.org\/{rel}","templated":true}]}}