{"id":1838,"date":"2024-05-10T08:41:13","date_gmt":"2024-05-10T07:41:13","guid":{"rendered":"https:\/\/sxpowercase.com\/?post_type=product&#038;p=1838"},"modified":"2024-06-17T08:36:05","modified_gmt":"2024-06-17T07:36:05","slug":"drawer-case","status":"publish","type":"product","link":"https:\/\/sxflightcase.com\/tr\/urun\/cekmece-kilifi\/","title":{"rendered":"\u00c7ekmeceli Kasa \u00dcretimi"},"content":{"rendered":"<p><strong>\u00dcr\u00fcn parametresi(spesifikasyonu)<\/strong><\/p>\n<section class=\"table-wrap\">\n<table class=\"table\" width=\"100%\" cellspacing=\"0\" cellpadding=\"0\">\n<tbody>\n<tr class=\"firstRow\">\n<td width=\"134\">\u00dcr\u00fcn ad\u0131<\/td>\n<td width=\"504\">\u00c7al\u0131\u015fma istasyonu<\/td>\n<\/tr>\n<tr>\n<td width=\"134\">Malzemeler<\/td>\n<td width=\"504\">Ticari s\u0131n\u0131f kaplamal\u0131 donan\u0131m, a\u011f\u0131r hizmet tipi kulplar ve mandallar ve bilyal\u0131 k\u00f6\u015feler ile 9 mm lamine kontrplak konstr\u00fcksiyon<br \/>\nYayl\u0131 g\u00f6mme \u00e7ekme kolu ve tekerlekler yerle\u015fiktir<br \/>\nUltra-Dur EVA k\u00f6p\u00fck i\u00e7 dolgusu ve bloklar\u0131, tahtan\u0131n alt k\u0131sm\u0131nda fan havaland\u0131rmas\u0131 i\u00e7in yer sa\u011flar<\/td>\n<\/tr>\n<tr>\n<td width=\"134\">Renk<\/td>\n<td width=\"504\">Siyah, Mavi, K\u0131rm\u0131z\u0131 veya \u00d6zel<\/td>\n<\/tr>\n<tr>\n<td width=\"134\">Kullan\u0131m<\/td>\n<td width=\"504\">Ta\u015f\u0131ma Depolamay\u0131 Koruyun<\/td>\n<\/tr>\n<\/tbody>\n<\/table>\n<\/section>\n<p><strong>Paketleme ve g\u00f6nderim<\/strong><\/p>\n<section class=\"table-wrap\">\n<table class=\"table\" width=\"100%\" cellspacing=\"0\" cellpadding=\"0\">\n<tbody>\n<tr class=\"firstRow\">\n<td colspan=\"3\" width=\"100%\">Paketleme ve Kargolama<\/td>\n<\/tr>\n<tr>\n<td rowspan=\"3\" width=\"33%\">Kargo S\u00fcresi<\/td>\n<td width=\"33%\">Deniz yoluyla<\/td>\n<td width=\"33%\">15-60 g\u00fcn<\/td>\n<\/tr>\n<tr>\n<td width=\"33%\">Hava yoluyla<\/td>\n<td width=\"33%\">4-9 g\u00fcn<\/td>\n<\/tr>\n<tr>\n<td width=\"33%\">Ekspres ile<\/td>\n<td width=\"33%\">4-9 g\u00fcn<\/td>\n<\/tr>\n<tr>\n<td width=\"33%\">Teslimat s\u00fcresi<\/td>\n<td colspan=\"2\" width=\"66%\">7-15 \u00e7al\u0131\u015fma veya ihtiya\u00e7lar\u0131n\u0131za g\u00f6re<\/td>\n<\/tr>\n<tr>\n<td width=\"33%\">Ambalajlama<\/td>\n<td colspan=\"2\" width=\"66%\">Karton veya iste\u011finize g\u00f6re<\/td>\n<\/tr>\n<\/tbody>\n<\/table>\n<\/section>\n<h1><strong>SX \u00c7ekmeceli Kasa \u00dcretimi: Kalite ve Yenilikle Sekt\u00f6re \u00d6nc\u00fcl\u00fck Ediyoruz<\/strong><\/h1>\n<p>Birinci s\u0131n\u0131f \u00e7ekmece kasas\u0131 \u00fcretimi s\u00f6z konusu oldu\u011funda, <a href=\"https:\/\/sxpowercase.com\/\" target=\"_blank\" rel=\"noopener\" title=\"SX\" data-wpil-monitor-id=\"135\">SX<\/a> sekt\u00f6rde bir lider olarak \u00f6ne \u00e7\u0131kmaktad\u0131r. Kalite, yenilik ve m\u00fc\u015fteri memnuniyetine olan ba\u011fl\u0131l\u0131\u011f\u0131m\u0131z bizi rakiplerimizden ay\u0131r\u0131yor. \u0130ster profesyonel kullan\u0131m i\u00e7in \u00f6zel bir \u00e7ekmece k\u0131l\u0131f\u0131na, ister i\u015fletmeniz i\u00e7in verimli bir \u00e7\u00f6z\u00fcme ihtiyac\u0131n\u0131z olsun, SX size yard\u0131mc\u0131 olacakt\u0131r.<\/p>\n<h3><strong>\u00c7ekmeceli Kasa \u00dcretimi i\u00e7in Neden SX'i Se\u00e7melisiniz?<\/strong><\/h3>\n<h4><strong>E\u015fsiz Kalite ve Dayan\u0131kl\u0131l\u0131k<\/strong><\/h4>\n<p>SX olarak, \u00e7ekmece kasas\u0131 \u00fcretiminin her alan\u0131nda kaliteye \u00f6ncelik veriyoruz. \u00dcr\u00fcnlerimiz en iyi malzemelerden \u00fcretilerek dayan\u0131kl\u0131l\u0131k ve uzun \u00f6m\u00fcrl\u00fc performans sa\u011flar. Her \u00e7ekmece kasas\u0131, en y\u00fcksek standartlar\u0131 kar\u015f\u0131layacak \u015fekilde titizlikle \u00fcretilir ve size g\u00fcvenilir ve sa\u011flam bir depolama \u00e7\u00f6z\u00fcm\u00fc sunar.<\/p>\n<h4><strong>Her \u0130htiyaca Uygun Yenilik\u00e7i Tasar\u0131mlar<\/strong><\/h4>\n<p>Yenilik, SX'in \u00e7ekmece kasas\u0131 \u00fcretim s\u00fcrecinin merkezinde yer al\u0131r. Farkl\u0131 sekt\u00f6rlerin benzersiz gereksinimleri oldu\u011funu biliyoruz ve tasar\u0131mlar\u0131m\u0131z bu \u00e7e\u015fitlili\u011fi yans\u0131t\u0131yor. \u0130ster seyahat i\u00e7in kompakt bir \u00e7antaya ister yo\u011fun bir at\u00f6lye i\u00e7in b\u00fcy\u00fck, \u00e7ok \u00e7ekmeceli bir \u00fcniteye ihtiyac\u0131n\u0131z olsun, SX sizin i\u00e7in m\u00fckemmel bir \u00e7\u00f6z\u00fcme sahiptir.<\/p>\n<h3><strong>SX'in Do\u011frudan Sat\u0131\u015f ve \u0130\u015f B\u00fcy\u00fcmesine Ba\u011fl\u0131l\u0131\u011f\u0131<\/strong><\/h3>\n<h4><strong>Fabrika Do\u011frudan Sat\u0131\u015f<\/strong><\/h4>\n<p>SX'i tercih ederek do\u011frudan fabrika sat\u0131\u015flar\u0131ndan faydalan\u0131rs\u0131n\u0131z. Bu yakla\u015f\u0131m arac\u0131lar\u0131 ortadan kald\u0131rarak maliyetleri d\u00fc\u015f\u00fcr\u00fcr ve y\u00fcksek kaliteli \u00fcr\u00fcnleri do\u011frudan \u00fcreticiden alman\u0131z\u0131 sa\u011flar. Do\u011frudan sat\u0131\u015f modelimiz, kaliteden \u00f6d\u00fcn vermeden rekabet\u00e7i fiyatlar sunmam\u0131z\u0131 sa\u011flar.<\/p>\n<h4><strong>\u0130\u015f Operasyonlar\u0131n\u0131z\u0131 Geli\u015ftirin<\/strong><\/h4>\n<p>SX \u00e7ekmece k\u0131l\u0131flar\u0131na yat\u0131r\u0131m yapmak i\u015f operasyonlar\u0131n\u0131z\u0131 \u00f6nemli \u00f6l\u00e7\u00fcde geli\u015ftirebilir. \u00dcr\u00fcnlerimiz verimlili\u011fi art\u0131rmak, de\u011ferli alet ve ekipmanlar\u0131 korumak ve profesyonel bir g\u00f6r\u00fcnt\u00fc sa\u011flamak i\u00e7in tasarlanm\u0131\u015ft\u0131r. SX ile s\u00fcre\u00e7lerinizi kolayla\u015ft\u0131rabilir ve \u00fcretkenli\u011fi art\u0131rabilirsiniz.<\/p>\n<h3><strong>Benzersiz Gereksinimler i\u00e7in \u00d6zel Hizmetler<\/strong><\/h3>\n<h4><strong>Ki\u015fiye \u00d6zel \u00c7\u00f6z\u00fcmler<\/strong><\/h4>\n<p>Her i\u015fletmenin kendine \u00f6zg\u00fc ihtiya\u00e7lar\u0131 vard\u0131r ve SX \u00f6zel \u00e7\u00f6z\u00fcmler sunma konusunda m\u00fckemmeldir. Ekibimiz, \u00f6zel gereksinimlerinize uygun \u00e7ekmece kasalar\u0131 tasarlamak ve \u00fcretmek i\u00e7in sizinle yak\u0131n i\u015fbirli\u011fi i\u00e7inde \u00e7al\u0131\u015f\u0131r. \u0130ster benzersiz bir boyut, ister ek \u00f6zellikler veya \u00f6zel b\u00f6lmeler olsun, ihtiya\u00e7lar\u0131n\u0131z\u0131 kar\u015f\u0131layan \u00f6zel \u00fcr\u00fcnler yarat\u0131yoruz.<\/p>\n<h4><strong>Ki\u015fiselle\u015ftirilmi\u015f Hizmet<\/strong><\/h4>\n<p>SX, \u00e7ekmece kasas\u0131 \u00fcretim s\u00fcreci boyunca ki\u015fiselle\u015ftirilmi\u015f hizmet sunmaya kendini adam\u0131\u015ft\u0131r. \u0130lk dan\u0131\u015fmadan son teslimata kadar, deneyiminizin sorunsuz ve tatmin edici olmas\u0131n\u0131 sa\u011fl\u0131yoruz. M\u00fc\u015fteri hizmetlerine olan ba\u011fl\u0131l\u0131\u011f\u0131m\u0131z bizi sekt\u00f6rde farkl\u0131 k\u0131lmaktad\u0131r.<\/p>\n<h3><strong>SX \u00c7ekmeceli Kasa Uygulamalar\u0131<\/strong><\/h3>\n<h4><strong>Hareket Halindeki Profesyoneller \u0130\u00e7in<\/strong><\/h4>\n<p>\u00c7ekmeceli \u00e7antalar\u0131m\u0131z, g\u00fcvenilir ve ta\u015f\u0131nabilir depolama \u00e7\u00f6z\u00fcmlerine ihtiya\u00e7 duyan profesyoneller i\u00e7in m\u00fckemmeldir. \u0130ster teknisyen, ister sanat\u00e7\u0131 ya da esnaf olun, SX \u00e7ekmece k\u0131l\u0131flar\u0131 hareket halindeyken ihtiya\u00e7 duydu\u011funuz organizasyonu ve korumay\u0131 sa\u011flar.<\/p>\n<h4><strong>Yo\u011fun At\u00f6lyeler \u0130\u00e7in<\/strong><\/h4>\n<p>Yo\u011fun at\u00f6lyelerde verimlilik \u00e7ok \u00f6nemlidir. SX \u00e7ekmeceli \u00e7antalar, alet ve ekipmanlar\u0131 d\u00fczenli tutman\u0131za yard\u0131mc\u0131 olarak ar\u0131za s\u00fcresini azalt\u0131r ve \u00fcretkenli\u011fi art\u0131r\u0131r. Dayan\u0131kl\u0131 kasalar\u0131m\u0131z yo\u011fun \u00e7al\u0131\u015fma ortam\u0131n\u0131n taleplerine dayan\u0131r ve her at\u00f6lyeye de\u011ferli bir katk\u0131 sa\u011flar.<\/p>\n<h3><strong>SX: \u00c7ekmeceli Kasa \u00dcretiminde G\u00fcvenilir Bir \u0130sim<\/strong><\/h3>\n<h4><strong>Sekt\u00f6r Lideri<\/strong><\/h4>\n<p>SX, \u00e7ekmece kasas\u0131 imalat\u0131 sekt\u00f6r\u00fcnde g\u00fcvenilir bir isim olarak kendini kan\u0131tlam\u0131\u015ft\u0131r. \u0130tibar\u0131m\u0131z, \u00e7e\u015fitli end\u00fcstrilerin ihtiya\u00e7lar\u0131n\u0131 kar\u015f\u0131layan y\u00fcksek kaliteli \u00fcr\u00fcnler sunmak \u00fczerine kurulmu\u015ftur. SX'i se\u00e7ti\u011finizde g\u00fcvenilirli\u011fi ve m\u00fckemmelli\u011fi se\u00e7mi\u015f olursunuz.<\/p>\n<h4><strong>M\u00fc\u015fteri Memnuniyeti<\/strong><\/h4>\n<p>M\u00fc\u015fteri memnuniyeti en \u00f6nemli \u00f6nceli\u011fimizdir. Teslim etti\u011fimiz her \u00fcr\u00fcnle beklentileri a\u015fmaya \u00e7al\u0131\u015f\u0131yoruz. Kaliteye, yenili\u011fe ve ki\u015fiselle\u015ftirilmi\u015f hizmete olan ba\u011fl\u0131l\u0131\u011f\u0131m\u0131z, m\u00fc\u015fterilerimizin sat\u0131n ald\u0131klar\u0131 \u00fcr\u00fcnlerden her zaman memnun kalmalar\u0131n\u0131 sa\u011flar.<\/p>\n<h3><strong>\u00c7\u00f6z\u00fcm<\/strong><\/h3>\n<p>SX, \u00e7ekmece kasas\u0131 \u00fcretimi i\u00e7in tercihinizdir. Kalite, yenilik ve m\u00fc\u015fteri memnuniyetine odaklanarak, en y\u00fcksek standartlar\u0131 kar\u015f\u0131layan \u00fcr\u00fcnler sunuyoruz. \u0130ster \u00f6zel bir \u00e7\u00f6z\u00fcme ister g\u00fcvenilir, kullan\u0131ma haz\u0131r bir \u00fcr\u00fcne ihtiyac\u0131n\u0131z olsun, SX sizi korur. Bug\u00fcn SX \u00e7ekmece kasalar\u0131na yat\u0131r\u0131m yap\u0131n ve kalite ve hizmet fark\u0131n\u0131 ya\u015fay\u0131n.<\/p>\n<hr \/>\n<p><strong>SSS<\/strong><\/p>\n<p><strong>1. SX \u00e7ekmece k\u0131l\u0131flar\u0131nda hangi malzemeler kullan\u0131l\u0131yor?<\/strong><\/p>\n<p>SX \u00e7ekmece k\u0131l\u0131flar\u0131, alet ve ekipmanlar\u0131n\u0131z i\u00e7in uzun \u00f6m\u00fcrl\u00fc performans ve koruma sa\u011flamak \u00fczere tasarlanm\u0131\u015f y\u00fcksek kaliteli, dayan\u0131kl\u0131 malzemelerden \u00fcretilmi\u015ftir.<\/p>\n<p><strong>2. SX'ten \u00f6zel bir \u00e7ekmece k\u0131l\u0131f\u0131 alabilir miyim?<\/strong><\/p>\n<p>Evet, SX \u00f6zel \u00e7ekmece kasas\u0131 \u00fcretiminde uzmanla\u015fm\u0131\u015ft\u0131r. \u00d6zel ihtiya\u00e7lar\u0131n\u0131z\u0131 kar\u015f\u0131layan bir \u00fcr\u00fcn tasarlamak ve olu\u015fturmak i\u00e7in sizinle yak\u0131n i\u015fbirli\u011fi i\u00e7inde \u00e7al\u0131\u015f\u0131yoruz.<\/p>\n<p><strong>3. SX'in do\u011frudan sat\u0131\u015f modeli bana nas\u0131l fayda sa\u011fl\u0131yor?<\/strong><\/p>\n<p>Do\u011frudan sat\u0131\u015f modelimiz arac\u0131lar\u0131 ortadan kald\u0131rarak maliyetleri d\u00fc\u015f\u00fcr\u00fcr ve y\u00fcksek kaliteli \u00fcr\u00fcnleri do\u011frudan \u00fcreticiden rekabet\u00e7i fiyatlarla alman\u0131z\u0131 sa\u011flar.<\/p>\n<p><strong>4. SX \u00e7ekmece k\u0131l\u0131flar\u0131 d\u0131\u015f mekan kullan\u0131m\u0131 i\u00e7in uygun mu?<\/strong><\/p>\n<p>Evet, SX \u00e7ekmece k\u0131l\u0131flar\u0131 zorlu ortamlara dayanacak \u015fekilde tasarlanm\u0131\u015ft\u0131r, bu da onlar\u0131 hem i\u00e7 hem de d\u0131\u015f mekan kullan\u0131m\u0131 i\u00e7in ideal hale getirir.<\/p>\n<p><strong>5. Hangi sekt\u00f6rler SX \u00e7ekmece k\u0131l\u0131flar\u0131ndan faydalan\u0131r?<\/strong><\/p>\n<p>SX \u00e7ekmeceli \u00e7antalar, profesyonel teknisyenler, sanat\u00e7\u0131lar, esnaflar ve yo\u011fun at\u00f6lyeler dahil olmak \u00fczere \u00e7e\u015fitli sekt\u00f6rler i\u00e7in m\u00fckemmeldir ve d\u00fczenli ve ta\u015f\u0131nabilir depolama \u00e7\u00f6z\u00fcmleri sa\u011flar.<\/p>\n<p>S\u0131cak Etiketler: D\u00fc\u015f\u00fck fiyat, stokta, \u00fccretsiz numune, G\u00fc\u00e7 ve Sinyal Kablosu, 16 \u00d6l\u00e7\u00fc 4 \u0130letkenli Tel, Mikrofon Stand K\u0131l\u0131f\u0131, A\u00e7\u0131k Hava LED Ekran Kabini, Raf Montaj\u0131, 19\u201d Raf Montajl\u0131 Mikser U\u00e7u\u015f K\u0131l\u0131flar\u0131, elektrik da\u011f\u0131t\u0131m kutusu, \u00c7in, tedarik\u00e7iler, fabrika, \u00f6zelle\u015ftirilmi\u015f, toptan sat\u0131\u015f, <span style=\"color: #993366;\"><a style=\"color: #993366;\" href=\"https:\/\/sxflightcase.com\/tr\/product-category\/all-product\/power-distribution-boxes\/\">g\u00fc\u00e7 kutular\u0131<\/a>,\u00a0<a style=\"color: #993366;\" href=\"https:\/\/sxflightcase.com\/tr\/product-category\/all-product\/hoist-controllers\/\">g\u00fc\u00e7 kablolar\u0131<\/a>,\u00a0<a style=\"color: #993366;\" href=\"https:\/\/sxflightcase.com\/tr\/product-category\/all-product\/hoist-controllers\/\">vin\u00e7 kontrol\u00f6rleri<\/a>,\u00a0<a style=\"color: #993366;\" href=\"https:\/\/sxflightcase.com\/tr\/product-category\/all-product\/flight-case\/\">u\u00e7u\u015f vakalar\u0131.<\/a><\/span><\/p>","protected":false},"excerpt":{"rendered":"<h2 class=\"prodetails-name\">\u00c7ekmeceli Kasa<\/h2>\n<p>Shengxiang, y\u00fcksek kaliteli dayan\u0131kl\u0131 k\u0131l\u0131flar \u00fcretme konusunda bir \u00fcne sahiptir, bu \u00fcst\u00fcn koruyucu sert k\u0131l\u0131flar k\u0131r\u0131lgan veya pahal\u0131 ekipmanlar i\u00e7in g\u00fcvenli ta\u015f\u0131ma sunar ve t\u00fcm d\u00fcnyadaki profesyonellerin tercihidir.<\/p>\n<h2><strong>\u00dcretim tan\u0131t\u0131m\u0131<\/strong><\/h2>\n<p>- Tip Mente\u015feli \u00f6n<\/p>\n<p>- Malzeme 9mm Hexa tahta kaplama<\/p>\n<p>- A\u011f\u0131r hizmet <a class=\"wpil_keyword_link\" href=\"https:\/\/sxpowercase.com\/product-category\/all-product\/flight-case\/\" target=\"_blank\" rel=\"noopener\" title=\"u\u00e7u\u015f durumu\" data-wpil-keyword-link=\"linked\" data-wpil-monitor-id=\"421\">u\u00e7u\u015f durumu<\/a> g\u00f6mme armat\u00fcrler<\/p>\n<p>- \u00c7ekmece Boyutlar\u0131: 19\u2033 geni\u015flik, 2U, 3U, 4U vb. ile y\u00fckseklik, m\u00fc\u015fterinin ihtiyac\u0131na ba\u011fl\u0131d\u0131r<\/p>\n<p>- Birlikte verilen tur etiketi ile donat\u0131lm\u0131\u015f g\u00f6mme tur \u00e7ana\u011f\u0131<\/p>\n<p>- Kapakta mevcut saklama alan\u0131<\/p>\n<p>- Tekerlekler: Kapakta ekstra frensiz tekerlek ile 100 mm Tekerlekler tak\u0131l\u0131 (x2 fren)<\/p>","protected":false},"featured_media":1839,"comment_status":"open","ping_status":"closed","template":"","meta":[],"product_brand":[],"product_cat":[41],"product_tag":[],"class_list":{"0":"post-1838","1":"product","2":"type-product","3":"status-publish","4":"has-post-thumbnail","6":"product_cat-equipment-cases","8":"first","9":"instock","10":"shipping-taxable","11":"product-type-simple"},"yoast_head":"<!-- This site is optimized with the Yoast SEO Premium plugin v27.1 (Yoast SEO v27.2) - https:\/\/yoast.com\/product\/yoast-seo-premium-wordpress\/ -->\n<title>Drawer Case Manufacture - https:\/\/sxflightcase.com \ud83d\udc97<\/title>\n<meta name=\"description\" content=\"Drawer Case Manufacture:Factory-direct options for professional customization, perfect for efficient organization and storage solutions.\" \/>\n<meta name=\"robots\" content=\"index, follow, max-snippet:-1, max-image-preview:large, max-video-preview:-1\" \/>\n<link rel=\"canonical\" href=\"https:\/\/sxflightcase.com\/tr\/\u0645\u0646\u062a\u062c\/\u0639\u0644\u0628\u0629-\u0627\u0644\u062f\u0631\u062c\/\" \/>\n<meta property=\"og:locale\" content=\"tr_TR\" \/>\n<meta property=\"og:type\" content=\"article\" \/>\n<meta property=\"og:title\" content=\"Drawer Case Manufacture\" \/>\n<meta property=\"og:description\" content=\"Drawer Case Manufacture:Factory-direct options for professional customization, perfect for efficient organization and storage solutions.\" \/>\n<meta property=\"og:url\" content=\"https:\/\/sxflightcase.com\/tr\/\u0645\u0646\u062a\u062c\/\u0639\u0644\u0628\u0629-\u0627\u0644\u062f\u0631\u062c\/\" \/>\n<meta property=\"og:site_name\" content=\"https:\/\/sxflightcase.com\" \/>\n<meta property=\"article:publisher\" content=\"https:\/\/www.facebook.com\/profile.php?id=61560407257971\" \/>\n<meta property=\"article:modified_time\" content=\"2024-06-17T07:36:05+00:00\" \/>\n<meta property=\"og:image\" content=\"https:\/\/sxflightcase.com\/wp-content\/uploads\/2024\/05\/drawer-case09290931521.webp\" \/>\n\t<meta property=\"og:image:width\" content=\"750\" \/>\n\t<meta property=\"og:image:height\" content=\"750\" \/>\n\t<meta property=\"og:image:type\" content=\"image\/webp\" \/>\n<meta name=\"twitter:card\" content=\"summary_large_image\" \/>\n<meta name=\"twitter:label1\" content=\"Tahmini okuma s\u00fcresi\" \/>\n\t<meta name=\"twitter:data1\" content=\"6 dakika\" \/>\n<script type=\"application\/ld+json\" class=\"yoast-schema-graph\">{\"@context\":\"https:\/\/schema.org\",\"@graph\":[{\"@type\":\"WebPage\",\"@id\":\"https:\/\/sxflightcase.com\/ar\/\u0645\u0646\u062a\u062c\/\u0639\u0644\u0628\u0629-\u0627\u0644\u062f\u0631\u062c\/\",\"url\":\"https:\/\/sxflightcase.com\/ar\/\u0645\u0646\u062a\u062c\/\u0639\u0644\u0628\u0629-\u0627\u0644\u062f\u0631\u062c\/\",\"name\":\"Drawer Case Manufacture - https:\/\/sxflightcase.com \ud83d\udc97\",\"isPartOf\":{\"@id\":\"https:\/\/sxflightcase.com\/th\/#website\"},\"primaryImageOfPage\":{\"@id\":\"https:\/\/sxflightcase.com\/ar\/\u0645\u0646\u062a\u062c\/\u0639\u0644\u0628\u0629-\u0627\u0644\u062f\u0631\u062c\/#primaryimage\"},\"image\":{\"@id\":\"https:\/\/sxflightcase.com\/ar\/\u0645\u0646\u062a\u062c\/\u0639\u0644\u0628\u0629-\u0627\u0644\u062f\u0631\u062c\/#primaryimage\"},\"thumbnailUrl\":\"https:\/\/sxflightcase.com\/wp-content\/uploads\/2024\/05\/drawer-case09290931521.webp\",\"datePublished\":\"2024-05-10T07:41:13+00:00\",\"dateModified\":\"2024-06-17T07:36:05+00:00\",\"description\":\"Drawer Case Manufacture:Factory-direct options for professional customization, perfect for efficient organization and storage solutions.\",\"breadcrumb\":{\"@id\":\"https:\/\/sxflightcase.com\/ar\/\u0645\u0646\u062a\u062c\/\u0639\u0644\u0628\u0629-\u0627\u0644\u062f\u0631\u062c\/#breadcrumb\"},\"inLanguage\":\"tr\",\"potentialAction\":[{\"@type\":\"ReadAction\",\"target\":[\"https:\/\/sxflightcase.com\/ar\/\u0645\u0646\u062a\u062c\/\u0639\u0644\u0628\u0629-\u0627\u0644\u062f\u0631\u062c\/\"]}]},{\"@type\":\"ImageObject\",\"inLanguage\":\"tr\",\"@id\":\"https:\/\/sxflightcase.com\/ar\/\u0645\u0646\u062a\u062c\/\u0639\u0644\u0628\u0629-\u0627\u0644\u062f\u0631\u062c\/#primaryimage\",\"url\":\"https:\/\/sxflightcase.com\/wp-content\/uploads\/2024\/05\/drawer-case09290931521.webp\",\"contentUrl\":\"https:\/\/sxflightcase.com\/wp-content\/uploads\/2024\/05\/drawer-case09290931521.webp\",\"width\":750,\"height\":750,\"caption\":\"Drawer Case\"},{\"@type\":\"BreadcrumbList\",\"@id\":\"https:\/\/sxflightcase.com\/ar\/\u0645\u0646\u062a\u062c\/\u0639\u0644\u0628\u0629-\u0627\u0644\u062f\u0631\u062c\/#breadcrumb\",\"itemListElement\":[{\"@type\":\"ListItem\",\"position\":1,\"name\":\"Home\",\"item\":\"https:\/\/sxflightcase.com\/\"},{\"@type\":\"ListItem\",\"position\":2,\"name\":\"\u0e2a\u0e34\u0e19\u0e04\u0e49\u0e32\",\"item\":\"https:\/\/sxflightcase.com\/th\/shop\/\"},{\"@type\":\"ListItem\",\"position\":3,\"name\":\"Drawer Case Manufacture\"}]},{\"@type\":\"WebSite\",\"@id\":\"https:\/\/sxflightcase.com\/th\/#website\",\"url\":\"https:\/\/sxflightcase.com\/th\/\",\"name\":\"sxpowercase.com\",\"description\":\"Flight Case Factory\",\"publisher\":{\"@id\":\"https:\/\/sxflightcase.com\/th\/#organization\"},\"potentialAction\":[{\"@type\":\"SearchAction\",\"target\":{\"@type\":\"EntryPoint\",\"urlTemplate\":\"https:\/\/sxflightcase.com\/th\/?s={search_term_string}\"},\"query-input\":{\"@type\":\"PropertyValueSpecification\",\"valueRequired\":true,\"valueName\":\"search_term_string\"}}],\"inLanguage\":\"tr\"},{\"@type\":\"Organization\",\"@id\":\"https:\/\/sxflightcase.com\/th\/#organization\",\"name\":\"sxpowercase.com\",\"url\":\"https:\/\/sxflightcase.com\/th\/\",\"logo\":{\"@type\":\"ImageObject\",\"inLanguage\":\"tr\",\"@id\":\"https:\/\/sxflightcase.com\/th\/#\/schema\/logo\/image\/\",\"url\":\"https:\/\/sxflightcase.com\/wp-content\/uploads\/2024\/04\/1713919036007.jpg\",\"contentUrl\":\"https:\/\/sxflightcase.com\/wp-content\/uploads\/2024\/04\/1713919036007.jpg\",\"width\":382,\"height\":388,\"caption\":\"sxpowercase.com\"},\"image\":{\"@id\":\"https:\/\/sxflightcase.com\/th\/#\/schema\/logo\/image\/\"},\"sameAs\":[\"https:\/\/www.facebook.com\/profile.php?id=61560407257971\"],\"numberOfEmployees\":{\"@type\":\"QuantitativeValue\",\"minValue\":\"11\",\"maxValue\":\"50\"}}]}<\/script>\n<!-- \/ Yoast SEO Premium plugin. -->","yoast_head_json":{"title":"Drawer Case Manufacture - https:\/\/sxflightcase.com \ud83d\udc97","description":"\u00c7ekmeceli Kasa \u00dcretimi: Profesyonel \u00f6zelle\u015ftirme i\u00e7in fabrikada do\u011frudan se\u00e7enekler, verimli organizasyon ve depolama \u00e7\u00f6z\u00fcmleri i\u00e7in m\u00fckemmeldir.","robots":{"index":"index","follow":"follow","max-snippet":"max-snippet:-1","max-image-preview":"max-image-preview:large","max-video-preview":"max-video-preview:-1"},"canonical":"https:\/\/sxflightcase.com\/tr\/\u0645\u0646\u062a\u062c\/\u0639\u0644\u0628\u0629-\u0627\u0644\u062f\u0631\u062c\/","og_locale":"tr_TR","og_type":"article","og_title":"Drawer Case Manufacture","og_description":"Drawer Case Manufacture:Factory-direct options for professional customization, perfect for efficient organization and storage solutions.","og_url":"https:\/\/sxflightcase.com\/tr\/\u0645\u0646\u062a\u062c\/\u0639\u0644\u0628\u0629-\u0627\u0644\u062f\u0631\u062c\/","og_site_name":"https:\/\/sxflightcase.com","article_publisher":"https:\/\/www.facebook.com\/profile.php?id=61560407257971","article_modified_time":"2024-06-17T07:36:05+00:00","og_image":[{"width":750,"height":750,"url":"https:\/\/sxflightcase.com\/wp-content\/uploads\/2024\/05\/drawer-case09290931521.webp","type":"image\/webp"}],"twitter_card":"summary_large_image","twitter_misc":{"Tahmini okuma s\u00fcresi":"6 dakika"},"schema":{"@context":"https:\/\/schema.org","@graph":[{"@type":"WebPage","@id":"https:\/\/sxflightcase.com\/ar\/\u0645\u0646\u062a\u062c\/\u0639\u0644\u0628\u0629-\u0627\u0644\u062f\u0631\u062c\/","url":"https:\/\/sxflightcase.com\/ar\/\u0645\u0646\u062a\u062c\/\u0639\u0644\u0628\u0629-\u0627\u0644\u062f\u0631\u062c\/","name":"Drawer Case Manufacture - https:\/\/sxflightcase.com \ud83d\udc97","isPartOf":{"@id":"https:\/\/sxflightcase.com\/th\/#website"},"primaryImageOfPage":{"@id":"https:\/\/sxflightcase.com\/ar\/\u0645\u0646\u062a\u062c\/\u0639\u0644\u0628\u0629-\u0627\u0644\u062f\u0631\u062c\/#primaryimage"},"image":{"@id":"https:\/\/sxflightcase.com\/ar\/\u0645\u0646\u062a\u062c\/\u0639\u0644\u0628\u0629-\u0627\u0644\u062f\u0631\u062c\/#primaryimage"},"thumbnailUrl":"https:\/\/sxflightcase.com\/wp-content\/uploads\/2024\/05\/drawer-case09290931521.webp","datePublished":"2024-05-10T07:41:13+00:00","dateModified":"2024-06-17T07:36:05+00:00","description":"\u00c7ekmeceli Kasa \u00dcretimi: Profesyonel \u00f6zelle\u015ftirme i\u00e7in fabrikada do\u011frudan se\u00e7enekler, verimli organizasyon ve depolama \u00e7\u00f6z\u00fcmleri i\u00e7in m\u00fckemmeldir.","breadcrumb":{"@id":"https:\/\/sxflightcase.com\/ar\/\u0645\u0646\u062a\u062c\/\u0639\u0644\u0628\u0629-\u0627\u0644\u062f\u0631\u062c\/#breadcrumb"},"inLanguage":"tr","potentialAction":[{"@type":"ReadAction","target":["https:\/\/sxflightcase.com\/ar\/\u0645\u0646\u062a\u062c\/\u0639\u0644\u0628\u0629-\u0627\u0644\u062f\u0631\u062c\/"]}]},{"@type":"ImageObject","inLanguage":"tr","@id":"https:\/\/sxflightcase.com\/ar\/\u0645\u0646\u062a\u062c\/\u0639\u0644\u0628\u0629-\u0627\u0644\u062f\u0631\u062c\/#primaryimage","url":"https:\/\/sxflightcase.com\/wp-content\/uploads\/2024\/05\/drawer-case09290931521.webp","contentUrl":"https:\/\/sxflightcase.com\/wp-content\/uploads\/2024\/05\/drawer-case09290931521.webp","width":750,"height":750,"caption":"Drawer Case"},{"@type":"BreadcrumbList","@id":"https:\/\/sxflightcase.com\/ar\/\u0645\u0646\u062a\u062c\/\u0639\u0644\u0628\u0629-\u0627\u0644\u062f\u0631\u062c\/#breadcrumb","itemListElement":[{"@type":"ListItem","position":1,"name":"Home","item":"https:\/\/sxflightcase.com\/"},{"@type":"ListItem","position":2,"name":"\u0e2a\u0e34\u0e19\u0e04\u0e49\u0e32","item":"https:\/\/sxflightcase.com\/th\/shop\/"},{"@type":"ListItem","position":3,"name":"Drawer Case Manufacture"}]},{"@type":"WebSite","@id":"https:\/\/sxflightcase.com\/th\/#website","url":"https:\/\/sxflightcase.com\/th\/","name":"sxpowercase.com","description":"U\u00e7u\u015f \u00c7antas\u0131 Fabrikas\u0131","publisher":{"@id":"https:\/\/sxflightcase.com\/th\/#organization"},"potentialAction":[{"@type":"SearchAction","target":{"@type":"EntryPoint","urlTemplate":"https:\/\/sxflightcase.com\/th\/?s={search_term_string}"},"query-input":{"@type":"PropertyValueSpecification","valueRequired":true,"valueName":"search_term_string"}}],"inLanguage":"tr"},{"@type":"Organization","@id":"https:\/\/sxflightcase.com\/th\/#organization","name":"sxpowercase.com","url":"https:\/\/sxflightcase.com\/th\/","logo":{"@type":"ImageObject","inLanguage":"tr","@id":"https:\/\/sxflightcase.com\/th\/#\/schema\/logo\/image\/","url":"https:\/\/sxflightcase.com\/wp-content\/uploads\/2024\/04\/1713919036007.jpg","contentUrl":"https:\/\/sxflightcase.com\/wp-content\/uploads\/2024\/04\/1713919036007.jpg","width":382,"height":388,"caption":"sxpowercase.com"},"image":{"@id":"https:\/\/sxflightcase.com\/th\/#\/schema\/logo\/image\/"},"sameAs":["https:\/\/www.facebook.com\/profile.php?id=61560407257971"],"numberOfEmployees":{"@type":"QuantitativeValue","minValue":"11","maxValue":"50"}}]}},"_links":{"self":[{"href":"https:\/\/sxflightcase.com\/tr\/wp-json\/wp\/v2\/product\/1838","targetHints":{"allow":["GET"]}}],"collection":[{"href":"https:\/\/sxflightcase.com\/tr\/wp-json\/wp\/v2\/product"}],"about":[{"href":"https:\/\/sxflightcase.com\/tr\/wp-json\/wp\/v2\/types\/product"}],"replies":[{"embeddable":true,"href":"https:\/\/sxflightcase.com\/tr\/wp-json\/wp\/v2\/comments?post=1838"}],"version-history":[{"count":0,"href":"https:\/\/sxflightcase.com\/tr\/wp-json\/wp\/v2\/product\/1838\/revisions"}],"wp:featuredmedia":[{"embeddable":true,"href":"https:\/\/sxflightcase.com\/tr\/wp-json\/wp\/v2\/media\/1839"}],"wp:attachment":[{"href":"https:\/\/sxflightcase.com\/tr\/wp-json\/wp\/v2\/media?parent=1838"}],"wp:term":[{"taxonomy":"product_brand","embeddable":true,"href":"https:\/\/sxflightcase.com\/tr\/wp-json\/wp\/v2\/product_brand?post=1838"},{"taxonomy":"product_cat","embeddable":true,"href":"https:\/\/sxflightcase.com\/tr\/wp-json\/wp\/v2\/product_cat?post=1838"},{"taxonomy":"product_tag","embeddable":true,"href":"https:\/\/sxflightcase.com\/tr\/wp-json\/wp\/v2\/product_tag?post=1838"}],"curies":[{"name":"wp","href":"https:\/\/api.w.org\/{rel}","templated":true}]}}