{"id":1842,"date":"2024-05-10T08:43:50","date_gmt":"2024-05-10T07:43:50","guid":{"rendered":"https:\/\/sxpowercase.com\/?post_type=product&#038;p=1842"},"modified":"2024-10-18T09:35:51","modified_gmt":"2024-10-18T08:35:51","slug":"work-station","status":"publish","type":"product","link":"https:\/\/sxflightcase.com\/tr\/urun\/calisma-istasyonu-2\/","title":{"rendered":"\u00c7ekmeceli Kasa \u0130\u015f \u0130stasyonu"},"content":{"rendered":"<h3><strong>\u00dcr\u00fcn parametresi(spesifikasyonu)<\/strong><\/h3>\n<section class=\"table-wrap\">\n<table class=\"table\" width=\"100%\" cellspacing=\"0\" cellpadding=\"0\">\n<tbody>\n<tr class=\"firstRow\">\n<td width=\"134\">\u00dcr\u00fcn ad\u0131<\/td>\n<td width=\"504\">\u00e7ekmece kutusu \u00c7al\u0131\u015fma istasyonu<\/td>\n<\/tr>\n<tr>\n<td width=\"134\">Malzemeler<\/td>\n<td width=\"504\">Ticari s\u0131n\u0131f kaplamal\u0131 donan\u0131m, a\u011f\u0131r hizmet tipi kulplar ve mandallar ve bilyal\u0131 k\u00f6\u015feler ile 9 mm lamine kontrplak konstr\u00fcksiyon<br \/>\nYayl\u0131 g\u00f6mme \u00e7ekme kolu ve tekerlekler yerle\u015fiktir<br \/>\nUltra-Dur EVA k\u00f6p\u00fck i\u00e7 dolgusu ve bloklar\u0131, tahtan\u0131n alt k\u0131sm\u0131nda fan havaland\u0131rmas\u0131 i\u00e7in yer sa\u011flar<\/td>\n<\/tr>\n<tr>\n<td width=\"134\">Renk<\/td>\n<td width=\"504\">Siyah, Mavi, K\u0131rm\u0131z\u0131 veya \u00d6zel<\/td>\n<\/tr>\n<tr>\n<td width=\"134\">Kullan\u0131m<\/td>\n<td width=\"504\">Ta\u015f\u0131ma Depolamay\u0131 Koruyun<\/td>\n<\/tr>\n<\/tbody>\n<\/table>\n<\/section>\n<p><strong>Paketleme ve g\u00f6nderim<\/strong><\/p>\n<section class=\"table-wrap\">\n<table class=\"table\" width=\"100%\" cellspacing=\"0\" cellpadding=\"0\">\n<tbody>\n<tr class=\"firstRow\">\n<td colspan=\"3\" width=\"100%\">Paketleme ve Kargolama<\/td>\n<\/tr>\n<tr>\n<td rowspan=\"3\" width=\"33%\">Kargo S\u00fcresi<\/td>\n<td width=\"33%\">Deniz yoluyla<\/td>\n<td width=\"33%\">15-60 g\u00fcn<\/td>\n<\/tr>\n<tr>\n<td width=\"33%\">Hava yoluyla<\/td>\n<td width=\"33%\">4-9 g\u00fcn<\/td>\n<\/tr>\n<tr>\n<td width=\"33%\">Ekspres ile<\/td>\n<td width=\"33%\">4-9 g\u00fcn<\/td>\n<\/tr>\n<tr>\n<td width=\"33%\">Teslimat s\u00fcresi<\/td>\n<td colspan=\"2\" width=\"66%\">7-15 \u00e7al\u0131\u015fma veya ihtiya\u00e7lar\u0131n\u0131za g\u00f6re<\/td>\n<\/tr>\n<tr>\n<td width=\"33%\">Ambalajlama<\/td>\n<td colspan=\"2\" width=\"66%\">Karton veya iste\u011finize g\u00f6re<\/td>\n<\/tr>\n<\/tbody>\n<\/table>\n<\/section>\n<h1><strong>SX \u00c7ekmeceli Kasa \u0130\u015f \u0130stasyonu: \u00dcst\u00fcn Ta\u015f\u0131nabilir \u00c7al\u0131\u015fma Alan\u0131 \u00c7\u00f6z\u00fcm\u00fcn\u00fcz<\/strong><\/h1>\n<p>G\u00fcn\u00fcm\u00fcz\u00fcn h\u0131zl\u0131 tempolu d\u00fcnyas\u0131nda, g\u00fcvenilir ve d\u00fczenli bir ta\u015f\u0131nabilir \u00e7al\u0131\u015fma alan\u0131na sahip olmak \u00e7ok \u00f6nemlidir. Bu <a title=\"SX\" href=\"https:\/\/sxpowercase.com\/\" target=\"_blank\" rel=\"noopener\" data-wpil-monitor-id=\"136\">SX<\/a> \u00c7ekmeceli Kasa \u0130\u015f \u0130stasyonu, hareket halindeki profesyoneller i\u00e7in m\u00fckemmel bir \u00e7\u00f6z\u00fcm sunar. Bu yenilik\u00e7i \u00fcr\u00fcn, t\u00fcm ihtiya\u00e7lar\u0131n\u0131z\u0131 kar\u015f\u0131lamak i\u00e7in i\u015flevsellik, dayan\u0131kl\u0131l\u0131k ve rahatl\u0131\u011f\u0131 bir araya getirir.<\/p>\n<h3><strong>Neden SX \u00c7ekmeceli Kasa \u0130\u015f \u0130stasyonunu Se\u00e7melisiniz?<\/strong><\/h3>\n<h4><strong>Verimlilik ve Organizasyon<\/strong><\/h4>\n<p>SX \u00c7ekmeceli Kasa \u0130\u015f \u0130stasyonu, alet ve ekipmanlar\u0131n\u0131z\u0131 d\u00fczenli tutmak i\u00e7in tasarlanm\u0131\u015ft\u0131r. Birden fazla \u00e7ekmece ile e\u015fyalar\u0131n\u0131z\u0131 kolayca s\u0131ralayabilir ve eri\u015febilirsiniz, b\u00f6ylece zamandan tasarruf eder ve verimlili\u011fi art\u0131r\u0131rs\u0131n\u0131z.<\/p>\n<h4><strong>Dayan\u0131kl\u0131l\u0131k ve Koruma<\/strong><\/h4>\n<p>Y\u00fcksek kaliteli malzemelerden \u00fcretilen \u00e7ekmece kasal\u0131 i\u015f istasyonumuz, seyahatin ve zorlu ortamlar\u0131n zorluklar\u0131na dayanacak \u015fekilde \u00fcretilmi\u015ftir. \u0130ster yolda ister \u015fantiyede olun, ekipman\u0131n\u0131z g\u00fcvende ve emniyette kalacakt\u0131r.<\/p>\n<h3><strong>SX: G\u00fcvenebilece\u011finiz Bir Marka<\/strong><\/h3>\n<h4><strong>E\u015fsiz Kalite<\/strong><\/h4>\n<p>SX olarak, birinci s\u0131n\u0131f \u00fcr\u00fcnler sunmaktan gurur duyuyoruz. \u00c7ekmeceli kasa i\u015f istasyonlar\u0131m\u0131z da istisna de\u011fildir. En y\u00fcksek kalite standartlar\u0131n\u0131 kar\u015f\u0131layarak dayan\u0131kl\u0131l\u0131k ve i\u015flevsellik sa\u011flamak i\u00e7in hassasiyetle \u00fcretilirler.<\/p>\n<h4><strong>Ki\u015fiye \u00d6zel \u00c7\u00f6z\u00fcmler<\/strong><\/h4>\n<p>Her proje benzersizdir ve ihtiya\u00e7lar\u0131n\u0131z da \u00f6yle. SX, \u00e7ekmeceli kasa i\u015f istasyonunuzun \u00f6zel gereksinimlerinize m\u00fckemmel \u015fekilde uymas\u0131n\u0131 sa\u011flamak i\u00e7in \u00f6zel yap\u0131m u\u00e7u\u015f kasalar\u0131 sunar. Hedeflerinize ula\u015fman\u0131za yard\u0131mc\u0131 olmak i\u00e7in ki\u015fiselle\u015ftirilmi\u015f \u00e7\u00f6z\u00fcmler sunuyoruz.<\/p>\n<h3><strong>SX \u00c7ekmeceli Kasa \u0130\u015f \u0130stasyonunun \u00d6zellikleri<\/strong><\/h3>\n<h4><strong>Kolay Eri\u015fim i\u00e7in \u00c7oklu \u00c7ekmeceler<\/strong><\/h4>\n<p>SX \u00e7ekmeceli kasa i\u015f istasyonu, alet ve ekipmanlar\u0131n\u0131z\u0131 verimli bir \u015fekilde d\u00fczenlemenize olanak tan\u0131yan birka\u00e7 \u00e7ekmeceye sahiptir. Bu kurulum, her \u015feyin elinizin alt\u0131nda olmas\u0131n\u0131 sa\u011flayarak i\u015finizi daha sorunsuz ve daha verimli hale getirir.<\/p>\n<h4><strong>Ta\u015f\u0131nabilir ve Kompakt Tasar\u0131m<\/strong><\/h4>\n<p>Sa\u011flam yap\u0131s\u0131na ra\u011fmen \u00e7ekmece kasal\u0131 i\u015f istasyonumuz kompaktt\u0131r ve ta\u015f\u0131nmas\u0131 kolayd\u0131r. \u0130ster bir i\u015f sahas\u0131ndan di\u011ferine ta\u015f\u0131n\u0131yor olun, ister bir konser i\u00e7in seyahat ediyor olun, bu ta\u015f\u0131nabilir \u00e7\u00f6z\u00fcm ihtiyac\u0131n\u0131z olan her \u015feyin parmaklar\u0131n\u0131z\u0131n ucunda olmas\u0131n\u0131 sa\u011flar.<\/p>\n<h3><strong>\u00c7ekmeceli Kasa \u0130\u015f \u0130stasyonlar\u0131 Uygulamalar\u0131<\/strong><\/h3>\n<h4><strong>Profesyonel M\u00fczisyenler ve Sanat\u00e7\u0131lar<\/strong><\/h4>\n<p>M\u00fczisyenler ve sanat\u00e7\u0131lar i\u00e7in g\u00fcvenilir bir rafl\u0131 yol \u00e7antas\u0131 \u00e7ok \u00f6nemlidir. SX \u00e7ekmeceli kasa i\u015f istasyonu, enstr\u00fcmanlar\u0131n\u0131z ve aksesuarlar\u0131n\u0131z i\u00e7in geni\u015f bir alan sunarak ta\u015f\u0131ma s\u0131ras\u0131nda korunmalar\u0131n\u0131 ve d\u00fczenli olmalar\u0131n\u0131 sa\u011flar.<\/p>\n<h4><strong>Teknisyenler ve M\u00fchendisler<\/strong><\/h4>\n<p>Teknisyenler ve m\u00fchendisler genellikle ta\u015f\u0131nabilir bir \u00e7al\u0131\u015fma alan\u0131na ihtiya\u00e7 duyar. \u00c7ekmeceli yol \u00e7antam\u0131z, alet ve ekipmanlar\u0131n d\u00fczenlenmesi i\u00e7in ideal bir \u00e7\u00f6z\u00fcm sunarak her t\u00fcrl\u00fc g\u00f6reve her zaman haz\u0131rl\u0131kl\u0131 olman\u0131z\u0131 sa\u011flar.<\/p>\n<h4><strong>Etkinlik ve Prod\u00fcksiyon \u015eirketleri<\/strong><\/h4>\n<p>Etkinlik ve prod\u00fcksiyon \u015firketleri dayan\u0131kl\u0131 ve verimli ta\u015f\u0131ma \u00e7\u00f6z\u00fcmlerine ihtiya\u00e7 duyar. SX \u00e7ekmeceli kasa i\u015f istasyonu, depolama ve ta\u015f\u0131nabilirli\u011fin m\u00fckemmel bir kombinasyonunu sunarak her prod\u00fcksiyon ekibi i\u00e7in vazge\u00e7ilmez bir varl\u0131k haline gelir.<\/p>\n<h3><strong>SX'in Do\u011frudan Sat\u0131\u015f ve Kalite Taahh\u00fcd\u00fc<\/strong><\/h3>\n<h4><strong>Fabrika Do\u011frudan Sat\u0131\u015f<\/strong><\/h4>\n<p>SX'i se\u00e7erek do\u011frudan fabrika sat\u0131\u015flar\u0131ndan faydalan\u0131rs\u0131n\u0131z. Bu yakla\u015f\u0131m maliyetleri d\u00fc\u015f\u00fcr\u00fcr ve y\u00fcksek kaliteli \u00fcr\u00fcnleri do\u011frudan kayna\u011f\u0131ndan alman\u0131z\u0131 sa\u011flar. Kalite kontrol konusundaki kararl\u0131l\u0131\u011f\u0131m\u0131z, yat\u0131r\u0131m\u0131n\u0131z i\u00e7in en iyi de\u011feri elde edece\u011finiz anlam\u0131na gelir.<\/p>\n<h4><strong>\u0130\u015finizi Geli\u015ftirin<\/strong><\/h4>\n<p>Bir SX \u00e7ekmeceli kasa i\u015f istasyonuna yat\u0131r\u0131m yapmak i\u015f operasyonlar\u0131n\u0131z\u0131 \u00f6nemli \u00f6l\u00e7\u00fcde geli\u015ftirebilir. \u00dcr\u00fcnlerimiz verimlili\u011fi art\u0131rmak, ekipman\u0131n\u0131z\u0131 korumak ve profesyonel bir g\u00f6r\u00fcnt\u00fc sa\u011flamak i\u00e7in tasarlanm\u0131\u015ft\u0131r ve bunlar\u0131n t\u00fcm\u00fc i\u015finizin b\u00fcy\u00fcmesine katk\u0131da bulunur.<\/p>\n<h3><strong>\u00d6zel Yap\u0131m U\u00e7u\u015f \u00c7antalar\u0131<\/strong><\/h3>\n<h4><strong>\u0130htiya\u00e7lar\u0131n\u0131za G\u00f6re Tasarlanm\u0131\u015f<\/strong><\/h4>\n<p>SX, \u00f6zel ihtiya\u00e7lar\u0131n\u0131z\u0131 kar\u015f\u0131lamak i\u00e7in \u00f6zel \u00e7\u00f6z\u00fcmler sunarak \u00f6zel yap\u0131m u\u00e7u\u015f \u00e7antalar\u0131 konusunda uzmanla\u015fm\u0131\u015ft\u0131r. \u0130ster benzersiz bir boyuta, ister ek \u00f6zelliklere veya \u00f6zel b\u00f6lmelere ihtiyac\u0131n\u0131z olsun, sizin i\u00e7in m\u00fckemmel \u00e7antay\u0131 tasarlayabilir ve \u00fcretebiliriz.<\/p>\n<h4><strong>Ola\u011fan\u00fcst\u00fc \u0130\u015f\u00e7ilik<\/strong><\/h4>\n<p>\u00d6zel yap\u0131m u\u00e7u\u015f \u00e7antalar\u0131m\u0131z ayr\u0131nt\u0131lara g\u00f6sterilen \u00f6zen ve \u00fcst\u00fcn i\u015f\u00e7ilikle haz\u0131rlanm\u0131\u015ft\u0131r. Her bir \u00e7anta, ekipman\u0131n\u0131z\u0131n g\u00fcvende ve d\u00fczenli olmas\u0131n\u0131 sa\u011flamak i\u00e7in maksimum koruma ve i\u015flevsellik sa\u011flayacak \u015fekilde \u00fcretilmi\u015ftir.<\/p>\n<h3><strong>\u00c7\u00f6z\u00fcm<\/strong><\/h3>\n<p>SX \u00c7ekmeceli Kasa \u0130\u015f \u0130stasyonu, g\u00fcvenilir, d\u00fczenli ve ta\u015f\u0131nabilir bir \u00e7al\u0131\u015fma alan\u0131na ihtiya\u00e7 duyan profesyoneller i\u00e7in nihai \u00e7\u00f6z\u00fcmd\u00fcr. Kalite, do\u011frudan sat\u0131\u015f ve \u00f6zel \u00e7\u00f6z\u00fcmlere olan ba\u011fl\u0131l\u0131\u011f\u0131m\u0131zla SX, \u00e7al\u0131\u015fmalar\u0131n\u0131zda ba\u015far\u0131l\u0131 olman\u0131z i\u00e7in en iyi ara\u00e7lara sahip olman\u0131z\u0131 sa\u011flar. Bug\u00fcn bir SX \u00e7ekmeceli kasa i\u015f istasyonuna yat\u0131r\u0131m yap\u0131n ve verimlilik ve rahatl\u0131k fark\u0131n\u0131 ya\u015fay\u0131n.<\/p>\n<hr \/>\n<p><strong>SSS<\/strong><\/p>\n<p><strong>1. SX \u00c7ekmeceli Kasa \u0130\u015f \u0130stasyonunda hangi malzemeler kullan\u0131l\u0131yor?<\/strong><\/p>\n<p>\u0130\u015f istasyonlar\u0131m\u0131z, ekipman\u0131n\u0131z\u0131n uzun \u00f6m\u00fcrl\u00fc olmas\u0131n\u0131 ve korunmas\u0131n\u0131 sa\u011flamak i\u00e7in y\u00fcksek kaliteli, dayan\u0131kl\u0131 malzemelerden \u00fcretilmi\u015ftir.<\/p>\n<p><strong>2. \u00c7ekmece kutular\u0131 i\u015f istasyonumu \u00f6zelle\u015ftirebilir miyim?<\/strong><\/p>\n<p>Evet, SX \u00f6zel ihtiya\u00e7lar\u0131n\u0131z\u0131 kar\u015f\u0131lamak i\u00e7in \u00f6zel yap\u0131m u\u00e7u\u015f \u00e7antalar\u0131 sunmaktad\u0131r. \u0130htiya\u00e7lar\u0131n\u0131z\u0131 g\u00f6r\u00fc\u015fmek i\u00e7in bizimle ileti\u015fime ge\u00e7in.<\/p>\n<p><strong>3. Do\u011frudan fabrika sat\u0131\u015flar\u0131 bana nas\u0131l fayda sa\u011flar?<\/strong><\/p>\n<p>Do\u011frudan fabrika sat\u0131\u015flar\u0131 maliyetleri azalt\u0131r ve y\u00fcksek kaliteli \u00fcr\u00fcnleri do\u011frudan SX'ten alman\u0131z\u0131 sa\u011flayarak yat\u0131r\u0131m\u0131n\u0131z i\u00e7in en iyi de\u011feri sunar.<\/p>\n<p><strong>4. SX \u00e7ekmeceli kasa i\u015f istasyonu d\u0131\u015f mekan kullan\u0131m\u0131 i\u00e7in uygun mu?<\/strong><\/p>\n<p>Evet, i\u015f istasyonlar\u0131m\u0131z zorlu ortamlara dayanacak \u015fekilde \u00fcretilmi\u015ftir, bu da onlar\u0131 d\u0131\u015f mekan kullan\u0131m\u0131 i\u00e7in ideal hale getirir.<\/p>\n<p><strong>5. SX \u00e7ekmeceli kasa i\u015f istasyonundan en \u00e7ok hangi sekt\u00f6rler yararlan\u0131r?<\/strong><\/p>\n<p>\u0130\u015f istasyonlar\u0131m\u0131z m\u00fczisyenler, teknisyenler, m\u00fchendisler ve etkinlik prod\u00fcksiyon \u015firketleri i\u00e7in m\u00fckemmeldir ve \u00e7e\u015fitli uygulamalar i\u00e7in organize ve ta\u015f\u0131nabilir \u00e7\u00f6z\u00fcmler sunar.<\/p>\n<p>S\u0131cak Etiketler: D\u00fc\u015f\u00fck fiyat, stokta, \u00fccretsiz numune, G\u00fc\u00e7 ve Sinyal Kablosu, 16 \u00d6l\u00e7\u00fc 4 \u0130letkenli Tel, Mikrofon Stand K\u0131l\u0131f\u0131, A\u00e7\u0131k Hava LED Ekran Kabini, Raf Montaj\u0131, 19\u201d Raf Montajl\u0131 Mikser U\u00e7u\u015f K\u0131l\u0131flar\u0131, elektrik da\u011f\u0131t\u0131m kutusu, \u00c7in, tedarik\u00e7iler, fabrika, \u00f6zelle\u015ftirilmi\u015f, toptan sat\u0131\u015f, <span style=\"color: #993366;\"><a style=\"color: #993366;\" href=\"https:\/\/sxflightcase.com\/tr\/product-category\/all-product\/power-distribution-boxes\/\">g\u00fc\u00e7 kutular\u0131<\/a>,\u00a0<a style=\"color: #993366;\" href=\"https:\/\/sxflightcase.com\/tr\/product-category\/all-product\/hoist-controllers\/\">g\u00fc\u00e7 kablolar\u0131<\/a>,\u00a0<a style=\"color: #993366;\" href=\"https:\/\/sxflightcase.com\/tr\/product-category\/all-product\/hoist-controllers\/\">vin\u00e7 kontrol\u00f6rleri<\/a>,\u00a0<a style=\"color: #993366;\" href=\"https:\/\/sxflightcase.com\/tr\/product-category\/all-product\/flight-case\/\">u\u00e7u\u015f vakalar\u0131.<\/a><\/span><\/p>","protected":false},"excerpt":{"rendered":"<h2 class=\"prodetails-name\">\u00c7al\u0131\u015fma \u0130stasyonu<\/h2>\n<p>Bu pop\u00fcler \u00e7al\u0131\u015fma istasyonu, \u00e7e\u015fitli y\u00fckseklik se\u00e7enekleriyle aksesuar\u0131 tutmak i\u00e7in tasarlanm\u0131\u015ft\u0131r. Geni\u015f bir kullan\u0131m yelpazesi i\u00e7in m\u00fckemmel depolama ve ta\u015f\u0131ma \u00e7\u00f6z\u00fcmleri sunarlar. Mente\u015feli veya \u00e7\u0131kar\u0131labilir kapaklar\u0131 mevcuttur.<\/p>\n<h2><strong>\u00dcretim tan\u0131t\u0131m\u0131<\/strong><\/h2>\n<p>Bu \u00e7antay\u0131 piyasadaki en iyi de\u011fer olacak \u015fekilde tasarlad\u0131k, daha uzun \u00f6m\u00fcr ve daha g\u00fc\u00e7l\u00fc tutu\u015f i\u00e7in a\u011f\u0131r hizmet tipi mandallar, a\u011f\u0131r hizmet tipi 30 mm al\u00fcminyum kenar, yap\u0131y\u0131 ultra g\u00fc\u00e7l\u00fc hale getirir, y\u00fcksek y\u00fck derecesi ve Euro Konteynerler ile \u0130ngiltere'de \u00fcretilmi\u015ftir.<\/p>\n<p>- 9mm lamine kontrplak<\/p>\n<p>- Siyah veya normal kaplama<\/p>\n<p>- A\u011f\u0131r hizmet tipi Krom donan\u0131m<\/p>\n<p>- A\u011f\u0131r hizmet tipi mandallar, asma kilitlenebilir<\/p>\n<p>- 4 x g\u00f6mme \u00e7evirme kolu<\/p>\n<p>- 100 mm kau\u00e7uk tekerlekler (2 x frenli)<\/p>","protected":false},"featured_media":1843,"comment_status":"open","ping_status":"closed","template":"","meta":[],"product_brand":[],"product_cat":[41],"product_tag":[],"class_list":{"0":"post-1842","1":"product","2":"type-product","3":"status-publish","4":"has-post-thumbnail","6":"product_cat-equipment-cases","8":"first","9":"instock","10":"shipping-taxable","11":"product-type-simple"},"yoast_head":"<!-- This site is optimized with the Yoast SEO Premium plugin v27.1 (Yoast SEO v27.2) - https:\/\/yoast.com\/product\/yoast-seo-premium-wordpress\/ -->\n<title>Drawer Case Workstation Manufacture - https:\/\/sxflightcase.com<\/title>\n<meta name=\"description\" content=\"Drawer case workstation, factory direct! Customizable, high-quality solutions for organized and efficient workspaces. Ideal for professionals and workshops.\" \/>\n<meta name=\"robots\" content=\"index, follow, max-snippet:-1, max-image-preview:large, max-video-preview:-1\" \/>\n<link rel=\"canonical\" href=\"https:\/\/sxflightcase.com\/tr\/produk\/work-station\/\" \/>\n<meta property=\"og:locale\" content=\"tr_TR\" \/>\n<meta property=\"og:type\" content=\"article\" \/>\n<meta property=\"og:title\" content=\"Drawer Case Workstation\" \/>\n<meta property=\"og:description\" content=\"Drawer case workstation, factory direct! Customizable, high-quality solutions for organized and efficient workspaces. Ideal for professionals and workshops.\" \/>\n<meta property=\"og:url\" content=\"https:\/\/sxflightcase.com\/tr\/produk\/work-station\/\" \/>\n<meta property=\"og:site_name\" content=\"https:\/\/sxflightcase.com\" \/>\n<meta property=\"article:publisher\" content=\"https:\/\/www.facebook.com\/profile.php?id=61560407257971\" \/>\n<meta property=\"article:modified_time\" content=\"2024-10-18T08:35:51+00:00\" \/>\n<meta property=\"og:image\" content=\"https:\/\/sxflightcase.com\/wp-content\/uploads\/2024\/05\/work-station06183113570.webp\" \/>\n\t<meta property=\"og:image:width\" content=\"750\" \/>\n\t<meta property=\"og:image:height\" content=\"750\" \/>\n\t<meta property=\"og:image:type\" content=\"image\/webp\" \/>\n<meta name=\"twitter:card\" content=\"summary_large_image\" \/>\n<meta name=\"twitter:label1\" content=\"Tahmini okuma s\u00fcresi\" \/>\n\t<meta name=\"twitter:data1\" content=\"6 dakika\" \/>\n<script type=\"application\/ld+json\" class=\"yoast-schema-graph\">{\"@context\":\"https:\/\/schema.org\",\"@graph\":[{\"@type\":\"WebPage\",\"@id\":\"https:\/\/sxflightcase.com\/af\/produk\/work-station\/\",\"url\":\"https:\/\/sxflightcase.com\/af\/produk\/work-station\/\",\"name\":\"Drawer Case Workstation Manufacture - https:\/\/sxflightcase.com\",\"isPartOf\":{\"@id\":\"https:\/\/sxflightcase.com\/th\/#website\"},\"primaryImageOfPage\":{\"@id\":\"https:\/\/sxflightcase.com\/af\/produk\/work-station\/#primaryimage\"},\"image\":{\"@id\":\"https:\/\/sxflightcase.com\/af\/produk\/work-station\/#primaryimage\"},\"thumbnailUrl\":\"https:\/\/sxflightcase.com\/wp-content\/uploads\/2024\/05\/work-station06183113570.webp\",\"datePublished\":\"2024-05-10T07:43:50+00:00\",\"dateModified\":\"2024-10-18T08:35:51+00:00\",\"description\":\"Drawer case workstation, factory direct! Customizable, high-quality solutions for organized and efficient workspaces. Ideal for professionals and workshops.\",\"breadcrumb\":{\"@id\":\"https:\/\/sxflightcase.com\/af\/produk\/work-station\/#breadcrumb\"},\"inLanguage\":\"tr\",\"potentialAction\":[{\"@type\":\"ReadAction\",\"target\":[\"https:\/\/sxflightcase.com\/af\/produk\/work-station\/\"]}]},{\"@type\":\"ImageObject\",\"inLanguage\":\"tr\",\"@id\":\"https:\/\/sxflightcase.com\/af\/produk\/work-station\/#primaryimage\",\"url\":\"https:\/\/sxflightcase.com\/wp-content\/uploads\/2024\/05\/work-station06183113570.webp\",\"contentUrl\":\"https:\/\/sxflightcase.com\/wp-content\/uploads\/2024\/05\/work-station06183113570.webp\",\"width\":750,\"height\":750,\"caption\":\"Work Station\"},{\"@type\":\"BreadcrumbList\",\"@id\":\"https:\/\/sxflightcase.com\/af\/produk\/work-station\/#breadcrumb\",\"itemListElement\":[{\"@type\":\"ListItem\",\"position\":1,\"name\":\"Home\",\"item\":\"https:\/\/sxflightcase.com\/\"},{\"@type\":\"ListItem\",\"position\":2,\"name\":\"\u0e2a\u0e34\u0e19\u0e04\u0e49\u0e32\",\"item\":\"https:\/\/sxflightcase.com\/th\/shop\/\"},{\"@type\":\"ListItem\",\"position\":3,\"name\":\"Drawer Case Workstation\"}]},{\"@type\":\"WebSite\",\"@id\":\"https:\/\/sxflightcase.com\/th\/#website\",\"url\":\"https:\/\/sxflightcase.com\/th\/\",\"name\":\"sxpowercase.com\",\"description\":\"Flight Case Factory\",\"publisher\":{\"@id\":\"https:\/\/sxflightcase.com\/th\/#organization\"},\"potentialAction\":[{\"@type\":\"SearchAction\",\"target\":{\"@type\":\"EntryPoint\",\"urlTemplate\":\"https:\/\/sxflightcase.com\/th\/?s={search_term_string}\"},\"query-input\":{\"@type\":\"PropertyValueSpecification\",\"valueRequired\":true,\"valueName\":\"search_term_string\"}}],\"inLanguage\":\"tr\"},{\"@type\":\"Organization\",\"@id\":\"https:\/\/sxflightcase.com\/th\/#organization\",\"name\":\"sxpowercase.com\",\"url\":\"https:\/\/sxflightcase.com\/th\/\",\"logo\":{\"@type\":\"ImageObject\",\"inLanguage\":\"tr\",\"@id\":\"https:\/\/sxflightcase.com\/th\/#\/schema\/logo\/image\/\",\"url\":\"https:\/\/sxflightcase.com\/wp-content\/uploads\/2024\/04\/1713919036007.jpg\",\"contentUrl\":\"https:\/\/sxflightcase.com\/wp-content\/uploads\/2024\/04\/1713919036007.jpg\",\"width\":382,\"height\":388,\"caption\":\"sxpowercase.com\"},\"image\":{\"@id\":\"https:\/\/sxflightcase.com\/th\/#\/schema\/logo\/image\/\"},\"sameAs\":[\"https:\/\/www.facebook.com\/profile.php?id=61560407257971\"],\"numberOfEmployees\":{\"@type\":\"QuantitativeValue\",\"minValue\":\"11\",\"maxValue\":\"50\"}}]}<\/script>\n<!-- \/ Yoast SEO Premium plugin. -->","yoast_head_json":{"title":"Drawer Case Workstation Manufacture - https:\/\/sxflightcase.com","description":"\u00c7ekmeceli kasa i\u015f istasyonu, do\u011frudan fabrika! D\u00fczenli ve verimli \u00e7al\u0131\u015fma alanlar\u0131 i\u00e7in \u00f6zelle\u015ftirilebilir, y\u00fcksek kaliteli \u00e7\u00f6z\u00fcmler. Profesyoneller ve at\u00f6lyeler i\u00e7in idealdir.","robots":{"index":"index","follow":"follow","max-snippet":"max-snippet:-1","max-image-preview":"max-image-preview:large","max-video-preview":"max-video-preview:-1"},"canonical":"https:\/\/sxflightcase.com\/tr\/produk\/work-station\/","og_locale":"tr_TR","og_type":"article","og_title":"Drawer Case Workstation","og_description":"Drawer case workstation, factory direct! Customizable, high-quality solutions for organized and efficient workspaces. Ideal for professionals and workshops.","og_url":"https:\/\/sxflightcase.com\/tr\/produk\/work-station\/","og_site_name":"https:\/\/sxflightcase.com","article_publisher":"https:\/\/www.facebook.com\/profile.php?id=61560407257971","article_modified_time":"2024-10-18T08:35:51+00:00","og_image":[{"width":750,"height":750,"url":"https:\/\/sxflightcase.com\/wp-content\/uploads\/2024\/05\/work-station06183113570.webp","type":"image\/webp"}],"twitter_card":"summary_large_image","twitter_misc":{"Tahmini okuma s\u00fcresi":"6 dakika"},"schema":{"@context":"https:\/\/schema.org","@graph":[{"@type":"WebPage","@id":"https:\/\/sxflightcase.com\/af\/produk\/work-station\/","url":"https:\/\/sxflightcase.com\/af\/produk\/work-station\/","name":"Drawer Case Workstation Manufacture - https:\/\/sxflightcase.com","isPartOf":{"@id":"https:\/\/sxflightcase.com\/th\/#website"},"primaryImageOfPage":{"@id":"https:\/\/sxflightcase.com\/af\/produk\/work-station\/#primaryimage"},"image":{"@id":"https:\/\/sxflightcase.com\/af\/produk\/work-station\/#primaryimage"},"thumbnailUrl":"https:\/\/sxflightcase.com\/wp-content\/uploads\/2024\/05\/work-station06183113570.webp","datePublished":"2024-05-10T07:43:50+00:00","dateModified":"2024-10-18T08:35:51+00:00","description":"\u00c7ekmeceli kasa i\u015f istasyonu, do\u011frudan fabrika! D\u00fczenli ve verimli \u00e7al\u0131\u015fma alanlar\u0131 i\u00e7in \u00f6zelle\u015ftirilebilir, y\u00fcksek kaliteli \u00e7\u00f6z\u00fcmler. Profesyoneller ve at\u00f6lyeler i\u00e7in idealdir.","breadcrumb":{"@id":"https:\/\/sxflightcase.com\/af\/produk\/work-station\/#breadcrumb"},"inLanguage":"tr","potentialAction":[{"@type":"ReadAction","target":["https:\/\/sxflightcase.com\/af\/produk\/work-station\/"]}]},{"@type":"ImageObject","inLanguage":"tr","@id":"https:\/\/sxflightcase.com\/af\/produk\/work-station\/#primaryimage","url":"https:\/\/sxflightcase.com\/wp-content\/uploads\/2024\/05\/work-station06183113570.webp","contentUrl":"https:\/\/sxflightcase.com\/wp-content\/uploads\/2024\/05\/work-station06183113570.webp","width":750,"height":750,"caption":"Work Station"},{"@type":"BreadcrumbList","@id":"https:\/\/sxflightcase.com\/af\/produk\/work-station\/#breadcrumb","itemListElement":[{"@type":"ListItem","position":1,"name":"Home","item":"https:\/\/sxflightcase.com\/"},{"@type":"ListItem","position":2,"name":"\u0e2a\u0e34\u0e19\u0e04\u0e49\u0e32","item":"https:\/\/sxflightcase.com\/th\/shop\/"},{"@type":"ListItem","position":3,"name":"Drawer Case Workstation"}]},{"@type":"WebSite","@id":"https:\/\/sxflightcase.com\/th\/#website","url":"https:\/\/sxflightcase.com\/th\/","name":"sxpowercase.com","description":"U\u00e7u\u015f \u00c7antas\u0131 Fabrikas\u0131","publisher":{"@id":"https:\/\/sxflightcase.com\/th\/#organization"},"potentialAction":[{"@type":"SearchAction","target":{"@type":"EntryPoint","urlTemplate":"https:\/\/sxflightcase.com\/th\/?s={search_term_string}"},"query-input":{"@type":"PropertyValueSpecification","valueRequired":true,"valueName":"search_term_string"}}],"inLanguage":"tr"},{"@type":"Organization","@id":"https:\/\/sxflightcase.com\/th\/#organization","name":"sxpowercase.com","url":"https:\/\/sxflightcase.com\/th\/","logo":{"@type":"ImageObject","inLanguage":"tr","@id":"https:\/\/sxflightcase.com\/th\/#\/schema\/logo\/image\/","url":"https:\/\/sxflightcase.com\/wp-content\/uploads\/2024\/04\/1713919036007.jpg","contentUrl":"https:\/\/sxflightcase.com\/wp-content\/uploads\/2024\/04\/1713919036007.jpg","width":382,"height":388,"caption":"sxpowercase.com"},"image":{"@id":"https:\/\/sxflightcase.com\/th\/#\/schema\/logo\/image\/"},"sameAs":["https:\/\/www.facebook.com\/profile.php?id=61560407257971"],"numberOfEmployees":{"@type":"QuantitativeValue","minValue":"11","maxValue":"50"}}]}},"_links":{"self":[{"href":"https:\/\/sxflightcase.com\/tr\/wp-json\/wp\/v2\/product\/1842","targetHints":{"allow":["GET"]}}],"collection":[{"href":"https:\/\/sxflightcase.com\/tr\/wp-json\/wp\/v2\/product"}],"about":[{"href":"https:\/\/sxflightcase.com\/tr\/wp-json\/wp\/v2\/types\/product"}],"replies":[{"embeddable":true,"href":"https:\/\/sxflightcase.com\/tr\/wp-json\/wp\/v2\/comments?post=1842"}],"version-history":[{"count":0,"href":"https:\/\/sxflightcase.com\/tr\/wp-json\/wp\/v2\/product\/1842\/revisions"}],"wp:featuredmedia":[{"embeddable":true,"href":"https:\/\/sxflightcase.com\/tr\/wp-json\/wp\/v2\/media\/1843"}],"wp:attachment":[{"href":"https:\/\/sxflightcase.com\/tr\/wp-json\/wp\/v2\/media?parent=1842"}],"wp:term":[{"taxonomy":"product_brand","embeddable":true,"href":"https:\/\/sxflightcase.com\/tr\/wp-json\/wp\/v2\/product_brand?post=1842"},{"taxonomy":"product_cat","embeddable":true,"href":"https:\/\/sxflightcase.com\/tr\/wp-json\/wp\/v2\/product_cat?post=1842"},{"taxonomy":"product_tag","embeddable":true,"href":"https:\/\/sxflightcase.com\/tr\/wp-json\/wp\/v2\/product_tag?post=1842"}],"curies":[{"name":"wp","href":"https:\/\/api.w.org\/{rel}","templated":true}]}}