{"id":3185,"date":"2024-07-01T07:36:01","date_gmt":"2024-07-01T06:36:01","guid":{"rendered":"https:\/\/sxpowercase.com\/?post_type=product&#038;p=3185"},"modified":"2024-07-01T07:36:22","modified_gmt":"2024-07-01T06:36:22","slug":"pro-lighting-road-case","status":"publish","type":"product","link":"https:\/\/sxflightcase.com\/tr\/urun\/profesyonel-aydinlatma-yol-cantasi\/","title":{"rendered":"PRO Ayd\u0131nlatma Yol K\u0131l\u0131f\u0131"},"content":{"rendered":"<table class=\"aliDataTable\" style=\"height: 224px;\" border=\"1\" width=\"1232\">\n<tbody>\n<tr>\n<td>Malzeme<\/td>\n<td>Al\u00fcminyum \u00e7er\u00e7eve + Yang\u0131na dayan\u0131kl\u0131 + 9mm Kontrplak<\/td>\n<\/tr>\n<tr>\n<td>\u0130\u00e7eri<\/td>\n<td>Y\u00fcksek yo\u011funluklu darbeye dayan\u0131kl\u0131 k\u00f6p\u00fck<\/td>\n<\/tr>\n<tr>\n<td>Boyut<\/td>\n<td>\u00d6zelle\u015ftirilebilir<\/td>\n<\/tr>\n<tr>\n<td>Aksesuarlar<\/td>\n<td>D\u00f6rt kelebek kilidi, kolay ta\u015f\u0131ma i\u00e7in d\u00f6rt tekerlek, d\u00f6rt sa\u011flam sap<\/td>\n<\/tr>\n<tr>\n<td>Gelenek<\/td>\n<td>Al\u00fcminyum kasa malzemesi, boyutu, i\u00e7 dolgular\u0131, kulplar\u0131, kilitleri vb. gibi her t\u00fcrl\u00fc \u00f6zelle\u015ftirme memnuniyetle kar\u015f\u0131lan\u0131r.<\/td>\n<\/tr>\n<tr>\n<td>\u00d6rnekleme zaman\u0131<\/td>\n<td>Yakla\u015f\u0131k 3-5 i\u015f g\u00fcn\u00fc<\/td>\n<\/tr>\n<tr>\n<td>Resmi sipari\u015f zaman\u0131<\/td>\n<td>yakla\u015f\u0131k 15-20 i\u015f g\u00fcn\u00fc<\/td>\n<\/tr>\n<tr>\n<td>Paketleme<\/td>\n<td data-spm-anchor-id=\"a2700.details.0.i57.29dc7e9bVGmSkM\">Kabarc\u0131kl\u0131 torba + karton<\/td>\n<\/tr>\n<\/tbody>\n<\/table>\n<h1>SX Ayd\u0131nlatma Yol \u00c7antas\u0131 ile \u0130\u015finizi Geli\u015ftirin<\/h1>\n<h2>Ayd\u0131nlatma Ekipman\u0131n\u0131z i\u00e7in En \u00dcst D\u00fczey Koruma<\/h2>\n<p>Ayd\u0131nlatma ekipman\u0131n\u0131z\u0131 ta\u015f\u0131mak i\u00e7in g\u00fcvenilir bir yol mu ar\u0131yorsunuz? SX ayd\u0131nlatmadan ba\u015fkas\u0131na bakmay\u0131n <a href=\"https:\/\/sxpowercase.com\/road-case-vs-flight-case\/\" target=\"_blank\" rel=\"noopener\"  data-wpil-monitor-id=\"516\">yol durumu<\/a>. Dayan\u0131kl\u0131l\u0131k g\u00f6z \u00f6n\u00fcnde bulundurularak tasarlanan bu \u00e7anta, ekipman\u0131n\u0131z\u0131n ta\u015f\u0131ma s\u0131ras\u0131nda g\u00fcvende kalmas\u0131n\u0131 sa\u011flar.<\/p>\n<h2>Neden SX Ayd\u0131nlatma Yol \u00c7antas\u0131n\u0131 Se\u00e7melisiniz?<\/h2>\n<h3>E\u015fsiz Dayan\u0131kl\u0131l\u0131k<\/h3>\n<p>SX ayd\u0131nlatma yol \u00e7antas\u0131 y\u00fcksek kaliteli malzemelerden \u00fcretilmi\u015ftir. I\u015f\u0131klar\u0131n\u0131z\u0131 g\u00fcvende tutarak seyahatin zorluklar\u0131na dayanabilir. \u0130ster bir DJ, ister bir m\u00fczik grubu veya prod\u00fcksiyon \u015firketi olun, bu \u00e7anta ihtiyac\u0131n\u0131z olan korumay\u0131 sunar.<\/p>\n<h3>\u0130htiya\u00e7lar\u0131n\u0131za \u00d6zel Yol \u00c7antalar\u0131<\/h3>\n<p>SX olarak, her profesyonelin kendine \u00f6zg\u00fc gereksinimleri oldu\u011funu biliyoruz. Bu y\u00fczden \u00f6zel yol \u00e7antalar\u0131 sunuyoruz. \u00c7antan\u0131z\u0131 \u00f6zel ekipman\u0131n\u0131za ve tercihlerinize uyacak \u015fekilde uyarlay\u0131n. \u00d6zel yol \u00e7antalar\u0131m\u0131zla, sizin i\u00e7in m\u00fckemmel \u015fekilde \u00e7al\u0131\u015fan bir \u00e7\u00f6z\u00fcm elde edersiniz.<\/p>\n<h3>Maliyet Verimlili\u011fi i\u00e7in Fabrika Do\u011frudan Sat\u0131\u015flar\u0131<\/h3>\n<p>Do\u011frudan fabrikadan sat\u0131n alarak arac\u0131y\u0131 ortadan kald\u0131r\u0131rs\u0131n\u0131z. Bu da daha d\u00fc\u015f\u00fck maliyet ve paran\u0131z\u0131n kar\u015f\u0131l\u0131\u011f\u0131n\u0131 daha iyi alman\u0131z anlam\u0131na gelir. SX do\u011frudan fabrika sat\u0131\u015flar\u0131 size rakipsiz fiyatlarla en kaliteli yol \u00e7antalar\u0131n\u0131 sunar.<\/p>\n<h2>Kaliteli Ekipmanlarla \u0130\u015finizi G\u00fc\u00e7lendirin<\/h2>\n<h3>Profesyonel Bir \u0130maj Sergileyin<\/h3>\n<p>SX ayd\u0131nlatma yol \u00e7antas\u0131 gibi profesyonel d\u00fczeyde ekipmanlar kullanmak, m\u00fc\u015fterilerinize g\u00f6steri\u015fli bir imaj sunman\u0131za yard\u0131mc\u0131 olur. \u0130lk izlenimler \u00f6nemlidir ve do\u011fru ekipmana sahip olmak b\u00fcy\u00fck fark yaratabilir.<\/p>\n<h3>G\u00fcvenilir ve G\u00fcvenli Ta\u015f\u0131mac\u0131l\u0131k<\/h3>\n<p>Ayd\u0131nlatma ekipmanlar\u0131n\u0131n ta\u015f\u0131nmas\u0131 zor olabilir. Ayd\u0131nlatma yol \u00e7antam\u0131z bunu kolay ve g\u00fcvenli hale getirir. G\u00fcvenli kilitleri ve dolgulu i\u00e7 k\u0131s\u0131mlar\u0131 ile \u0131\u015f\u0131klar\u0131n\u0131z ta\u015f\u0131ma s\u0131ras\u0131nda herhangi bir \u00e7arpma veya d\u00fc\u015fmeye kar\u015f\u0131 korunacakt\u0131r.<\/p>\n<h2>Sat\u0131l\u0131k Yol \u00c7antalar\u0131n\u0131 Ke\u015ffedin<\/h2>\n<h3>Geni\u015f Se\u00e7enek Yelpazesi<\/h3>\n<p>SX \u00e7e\u015fitli yol \u00e7antalar\u0131n\u0131 sat\u0131\u015fa sunmaktad\u0131r. \u0130htiya\u00e7lar\u0131n\u0131z ne olursa olsun, size uygun bir k\u0131l\u0131f\u0131m\u0131z var. K\u00fc\u00e7\u00fck konserlerden b\u00fcy\u00fck prod\u00fcksiyonlara kadar, \u00e7antalar\u0131m\u0131z ihtiya\u00e7 duydu\u011funuz korumay\u0131 ve rahatl\u0131\u011f\u0131 sa\u011flar.<\/p>\n<h3>\u00d6zelle\u015ftirme ve Ki\u015fiselle\u015ftirme<\/h3>\n<p>\u00d6zel yol \u00e7antalar\u0131m\u0131z ki\u015fiselle\u015ftirmeye olanak sa\u011flar. Logonuzu ekleyin, belirli boyutlar\u0131 se\u00e7in ve ek \u00f6zellikler se\u00e7in. Yol \u00e7antan\u0131z i\u015fletmeniz kadar benzersiz olacakt\u0131r.<\/p>\n<h3>Kalite G\u00fcvencesi<\/h3>\n<p>Her SX ayd\u0131nlatma yol \u00e7antas\u0131 titiz kalite kontrollerinden ge\u00e7irilir. \u00c7antalar\u0131m\u0131z\u0131n en y\u00fcksek dayan\u0131kl\u0131l\u0131k ve performans standartlar\u0131n\u0131 kar\u015f\u0131lad\u0131\u011f\u0131ndan emin oluruz. SX ile ekipman\u0131n\u0131z\u0131n emin ellerde oldu\u011funa g\u00fcvenebilirsiniz.<\/p>\n<h2>Do\u011frudan Fabrika Sat\u0131\u015flar\u0131n\u0131n Faydalar\u0131<\/h2>\n<h3>Maliyet Tasarrufu<\/h3>\n<p>Fabrika do\u011frudan sat\u0131\u015flar\u0131 gereksiz zamlar\u0131 ortadan kald\u0131r\u0131r. M\u00fcmk\u00fcn olan en iyi fiyatlarla y\u00fcksek kaliteli ayd\u0131nlatma yol \u00e7antalar\u0131 elde edersiniz. Bu maliyet verimlili\u011fi, i\u015finizin di\u011fer alanlar\u0131na yat\u0131r\u0131m yapman\u0131za olanak tan\u0131r.<\/p>\n<h3>Do\u011frudan \u0130leti\u015fim<\/h3>\n<p>Do\u011frudan fabrikadan sat\u0131n ald\u0131\u011f\u0131n\u0131zda ileti\u015fim kolay olur. \u00d6zel ihtiya\u00e7lar\u0131n\u0131z\u0131 ve tercihlerinizi tart\u0131\u015fabilir, tam olarak istedi\u011finizi alman\u0131z\u0131 sa\u011flayabilirsiniz.<\/p>\n<h2>T\u00fcm \u0130htiya\u00e7lar\u0131n\u0131z i\u00e7in \u00d6zel Yol \u00c7antalar\u0131<\/h2>\n<h3>\u00c7ok Y\u00f6nl\u00fcl\u00fck ve Esneklik<\/h3>\n<p>\u00d6zel yol \u00e7antalar\u0131m\u0131z \u00e7ok y\u00f6nl\u00fc olacak \u015fekilde tasarlanm\u0131\u015ft\u0131r. Ayd\u0131nlatma ekipmanlar\u0131ndan ses sistemlerine kadar geni\u015f bir ekipman yelpazesini bar\u0131nd\u0131rabilirler. \u0130htiyac\u0131n\u0131z ne olursa olsun, SX'in bir \u00e7\u00f6z\u00fcm\u00fc vard\u0131r.<\/p>\n<h3>Ki\u015fiye \u00d6zel \u00c7\u00f6z\u00fcmler<\/h3>\n<p>Benzersiz gereksinimlerinize uygun bir \u00e7anta olu\u015fturmak i\u00e7in sizinle birlikte \u00e7al\u0131\u015f\u0131yoruz. \u00d6zel yol \u00e7antalar\u0131m\u0131z sadece korumayla ilgili de\u011fildir; i\u015finiz i\u00e7in \u00f6zel bir \u00e7\u00f6z\u00fcm sunmakla ilgilidir.<\/p>\n<h2>\u00c7\u00f6z\u00fcm<\/h2>\n<p>Sonu\u00e7 olarak, SX ayd\u0131nlatma yol \u00e7antas\u0131 ayd\u0131nlatma ekipman\u0131n\u0131z i\u00e7in benzersiz koruma ve \u00f6zelle\u015ftirme sunar. Fabrika do\u011frudan sat\u0131\u015flar\u0131 ile paran\u0131z\u0131n kar\u015f\u0131l\u0131\u011f\u0131n\u0131 en iyi \u015fekilde al\u0131rs\u0131n\u0131z. \u0130\u015finizi profesyonel d\u00fczeyde ekipmanlarla geli\u015ftirin ve g\u00fcvenilir, emniyetli ta\u015f\u0131man\u0131n getirdi\u011fi g\u00f6n\u00fcl rahatl\u0131\u011f\u0131n\u0131n keyfini \u00e7\u0131kar\u0131n. Bug\u00fcn bir SX ayd\u0131nlatma yol \u00e7antas\u0131na yat\u0131r\u0131m yap\u0131n ve fark\u0131 deneyimleyin.<\/p>\n<h2>SSS<\/h2>\n<h3>SX ayd\u0131nlatma yol \u00e7antas\u0131n\u0131 benzersiz k\u0131lan nedir?<\/h3>\n<p>SX ayd\u0131nlatma yol \u00e7antas\u0131 dayan\u0131kl\u0131l\u0131\u011f\u0131, \u00f6zelle\u015ftirme se\u00e7enekleri ve do\u011frudan fabrika fiyat\u0131 ile \u00f6ne \u00e7\u0131k\u0131yor. Birinci s\u0131n\u0131f koruma ve de\u011fer sunar.<\/p>\n<h3>SX yol \u00e7antam\u0131 \u00f6zelle\u015ftirebilir miyim?<\/h3>\n<p>Evet, SX \u00f6zel ihtiya\u00e7lar\u0131n\u0131za uyacak kapsaml\u0131 \u00f6zelle\u015ftirme se\u00e7enekleri sunar. \u00c7e\u015fitli boyutlar, \u00f6zellikler ve ki\u015fiselle\u015ftirme se\u00e7enekleri aras\u0131ndan se\u00e7im yapabilirsiniz.<\/p>\n<h3>Fabrika do\u011frudan sat\u0131\u015f\u0131n\u0131n bana faydas\u0131 nedir?<\/h3>\n<p>Fabrika do\u011frudan sat\u0131\u015flar\u0131, arac\u0131lar\u0131 ortadan kald\u0131rarak maliyetleri d\u00fc\u015f\u00fcr\u00fcr. Bu, y\u00fcksek kaliteli kasalar\u0131 rekabet\u00e7i fiyatlarla alaca\u011f\u0131n\u0131z anlam\u0131na gelir.<\/p>\n<h3>SX ayd\u0131nlatma yol \u00e7antas\u0131n\u0131n ta\u015f\u0131nmas\u0131 kolay m\u0131?<\/h3>\n<p>Kesinlikle. Kasa, g\u00fcvenli kilitleri ve rahat tutamaklar\u0131 ile kolay ve g\u00fcvenli ta\u015f\u0131ma i\u00e7in tasarlanm\u0131\u015ft\u0131r.<\/p>\n<h3>SX ayd\u0131nlatma yol \u00e7antalar\u0131n\u0131 nereden sat\u0131n alabilirim?<\/h3>\n<p>SX ayd\u0131nlatma yol \u00e7antalar\u0131n\u0131 do\u011frudan web sitemizden veya yetkili distrib\u00fct\u00f6rler arac\u0131l\u0131\u011f\u0131yla sat\u0131n alabilirsiniz. Daha fazla ayr\u0131nt\u0131 ve sipari\u015f vermek i\u00e7in web sitemizi ziyaret edin.<\/p>\n<p>Hemen Eri\u015fim Sa\u011flay\u0131n:<span style=\"color: #0000ff;\"><a style=\"color: #0000ff;\" href=\"https:\/\/sxpowercase.com\/\">https:\/\/sxpowercase.com\/<\/a><\/span><\/p>\n<p>S\u0131cak Etiketler: \u00c7in, tedarik\u00e7iler, fabrika, \u00f6zelle\u015ftirilmi\u015f, toptan, sat\u0131n al, d\u00fc\u015f\u00fck fiyat, Fi\u015fler, \u00c7ekmeceli Depolama Dolab\u0131, Tekerlekli 12U U\u00e7u\u015f Kutusu, Hoparl\u00f6r Kabini U\u00e7u\u015f Kutusu, Mikser Sert Kutusu,<span style=\"color: #0000ff;\"><a style=\"color: #0000ff;\" href=\"https:\/\/sxflightcase.com\/tr\/product-category\/all-product\/power-distribution-boxes\/\">g\u00fc\u00e7 kutular\u0131<\/a>,\u00a0<a style=\"color: #0000ff;\" href=\"https:\/\/sxflightcase.com\/tr\/product-category\/all-product\/hoist-controllers\/\">g\u00fc\u00e7 kablolar\u0131<\/a>,\u00a0<a style=\"color: #0000ff;\" href=\"https:\/\/sxflightcase.com\/tr\/product-category\/all-product\/hoist-controllers\/\">vin\u00e7 kontrol\u00f6rleri<\/a>,\u00a0<a style=\"color: #0000ff;\" href=\"https:\/\/sxflightcase.com\/tr\/product-category\/all-product\/flight-case\/\">u\u00e7u\u015f vakalar\u0131<\/a><\/span><\/p>","protected":false},"excerpt":{"rendered":"<h3>G\u00fcvenli Ta\u015f\u0131ma i\u00e7in \u00dcst\u00fcn Dayan\u0131kl\u0131l\u0131k<\/h3>\n<p>SX ayd\u0131nlatma yol \u00e7antalar\u0131 ile ayd\u0131nlatma ekipman\u0131n\u0131z\u0131n g\u00fcvenli\u011fini sa\u011flay\u0131n. Y\u00fcksek kaliteli malzemelerden \u00fcretilen bu \u00e7antalar, seyahatin zorluklar\u0131na dayanacak \u015fekilde \u00fcretilmi\u015ftir ve \u0131\u015f\u0131klar\u0131n\u0131z\u0131 g\u00fcvende tutarak \u00e7arpma ve d\u00fc\u015fmelere kar\u015f\u0131 korur.<\/p>\n<h3>Benzersiz \u0130htiya\u00e7lar\u0131n\u0131z i\u00e7in \u00d6zelle\u015ftirilebilir \u00c7\u00f6z\u00fcmler<\/h3>\n<p>SX yol \u00e7antan\u0131z\u0131 \u00f6zel gereksinimlerinize uyacak \u015fekilde uyarlay\u0131n. \u00d6zel boyutlar, ek b\u00f6lmeler ve ki\u015fiselle\u015ftirilmi\u015f \u00f6zellikler i\u00e7in se\u00e7eneklerle, \u00e7antalar\u0131m\u0131z ekipman\u0131n\u0131z ve tercihleriniz i\u00e7in m\u00fckemmel bir \u00e7\u00f6z\u00fcm sunar.<\/p>\n<h3>Uygun Maliyetli Fabrika Do\u011frudan Sat\u0131\u015flar\u0131<\/h3>\n<p>Do\u011frudan SX'ten sat\u0131n alarak fabrika do\u011frudan fiyatland\u0131rmas\u0131ndan yararlan\u0131n. Bu sayede arac\u0131 ortadan kalkar ve size rakipsiz fiyatlarla en kaliteli yol \u00e7antalar\u0131n\u0131 sunarak paradan tasarruf etmenizi ve i\u015finizin di\u011fer alanlar\u0131na yat\u0131r\u0131m yapman\u0131z\u0131 sa\u011flar.<\/p>","protected":false},"featured_media":3175,"comment_status":"open","ping_status":"closed","template":"","meta":[],"product_brand":[],"product_cat":[41],"product_tag":[],"class_list":{"0":"post-3185","1":"product","2":"type-product","3":"status-publish","4":"has-post-thumbnail","6":"product_cat-equipment-cases","8":"first","9":"instock","10":"shipping-taxable","11":"product-type-simple"},"yoast_head":"<!-- This site is optimized with the Yoast SEO Premium plugin v27.1 (Yoast SEO v27.2) - https:\/\/yoast.com\/product\/yoast-seo-premium-wordpress\/ -->\n<title>PRO Lighting Road Case - https:\/\/sxflightcase.com \ud83d\udc97<\/title>\n<meta name=\"description\" content=\"Lighting road case, factory direct! Customizable, high-quality solutions for secure and reliable transport of lighting equipment. Perfect for tours and events.\" \/>\n<meta name=\"robots\" content=\"index, follow, max-snippet:-1, max-image-preview:large, max-video-preview:-1\" \/>\n<link rel=\"canonical\" href=\"https:\/\/sxflightcase.com\/tr\/urun\/profesyonel-aydinlatma-yol-cantasi\/\" \/>\n<meta property=\"og:locale\" content=\"tr_TR\" \/>\n<meta property=\"og:type\" content=\"article\" \/>\n<meta property=\"og:title\" content=\"PRO Lighting Road Case\" \/>\n<meta property=\"og:description\" content=\"Lighting road case, factory direct! Customizable, high-quality solutions for secure and reliable transport of lighting equipment. Perfect for tours and events.\" \/>\n<meta property=\"og:url\" content=\"https:\/\/sxflightcase.com\/tr\/urun\/profesyonel-aydinlatma-yol-cantasi\/\" \/>\n<meta property=\"og:site_name\" content=\"https:\/\/sxflightcase.com\" \/>\n<meta property=\"article:publisher\" content=\"https:\/\/www.facebook.com\/profile.php?id=61560407257971\" \/>\n<meta property=\"article:modified_time\" content=\"2024-07-01T06:36:22+00:00\" \/>\n<meta property=\"og:image\" content=\"https:\/\/sxflightcase.com\/wp-content\/uploads\/2024\/07\/1719799685740.jpg\" \/>\n\t<meta property=\"og:image:width\" content=\"700\" \/>\n\t<meta property=\"og:image:height\" content=\"700\" \/>\n\t<meta property=\"og:image:type\" content=\"image\/jpeg\" \/>\n<meta name=\"twitter:card\" content=\"summary_large_image\" \/>\n<meta name=\"twitter:label1\" content=\"Tahmini okuma s\u00fcresi\" \/>\n\t<meta name=\"twitter:data1\" content=\"5 dakika\" \/>\n<script type=\"application\/ld+json\" class=\"yoast-schema-graph\">{\"@context\":\"https:\/\/schema.org\",\"@graph\":[{\"@type\":\"WebPage\",\"@id\":\"https:\/\/sxflightcase.com\/product\/pro-lighting-road-case\/\",\"url\":\"https:\/\/sxflightcase.com\/product\/pro-lighting-road-case\/\",\"name\":\"PRO Lighting Road Case - https:\/\/sxflightcase.com \ud83d\udc97\",\"isPartOf\":{\"@id\":\"https:\/\/sxflightcase.com\/th\/#website\"},\"primaryImageOfPage\":{\"@id\":\"https:\/\/sxflightcase.com\/product\/pro-lighting-road-case\/#primaryimage\"},\"image\":{\"@id\":\"https:\/\/sxflightcase.com\/product\/pro-lighting-road-case\/#primaryimage\"},\"thumbnailUrl\":\"https:\/\/sxflightcase.com\/wp-content\/uploads\/2024\/07\/1719799685740.jpg\",\"datePublished\":\"2024-07-01T06:36:01+00:00\",\"dateModified\":\"2024-07-01T06:36:22+00:00\",\"description\":\"Lighting road case, factory direct! Customizable, high-quality solutions for secure and reliable transport of lighting equipment. Perfect for tours and events.\",\"breadcrumb\":{\"@id\":\"https:\/\/sxflightcase.com\/product\/pro-lighting-road-case\/#breadcrumb\"},\"inLanguage\":\"tr\",\"potentialAction\":[{\"@type\":\"ReadAction\",\"target\":[\"https:\/\/sxflightcase.com\/product\/pro-lighting-road-case\/\"]}]},{\"@type\":\"ImageObject\",\"inLanguage\":\"tr\",\"@id\":\"https:\/\/sxflightcase.com\/product\/pro-lighting-road-case\/#primaryimage\",\"url\":\"https:\/\/sxflightcase.com\/wp-content\/uploads\/2024\/07\/1719799685740.jpg\",\"contentUrl\":\"https:\/\/sxflightcase.com\/wp-content\/uploads\/2024\/07\/1719799685740.jpg\",\"width\":700,\"height\":700,\"caption\":\"Lighting Road Case\"},{\"@type\":\"BreadcrumbList\",\"@id\":\"https:\/\/sxflightcase.com\/product\/pro-lighting-road-case\/#breadcrumb\",\"itemListElement\":[{\"@type\":\"ListItem\",\"position\":1,\"name\":\"Home\",\"item\":\"https:\/\/sxflightcase.com\/\"},{\"@type\":\"ListItem\",\"position\":2,\"name\":\"\u0e2a\u0e34\u0e19\u0e04\u0e49\u0e32\",\"item\":\"https:\/\/sxflightcase.com\/th\/shop\/\"},{\"@type\":\"ListItem\",\"position\":3,\"name\":\"PRO Lighting Road Case\"}]},{\"@type\":\"WebSite\",\"@id\":\"https:\/\/sxflightcase.com\/th\/#website\",\"url\":\"https:\/\/sxflightcase.com\/th\/\",\"name\":\"sxpowercase.com\",\"description\":\"Flight Case Factory\",\"publisher\":{\"@id\":\"https:\/\/sxflightcase.com\/th\/#organization\"},\"potentialAction\":[{\"@type\":\"SearchAction\",\"target\":{\"@type\":\"EntryPoint\",\"urlTemplate\":\"https:\/\/sxflightcase.com\/th\/?s={search_term_string}\"},\"query-input\":{\"@type\":\"PropertyValueSpecification\",\"valueRequired\":true,\"valueName\":\"search_term_string\"}}],\"inLanguage\":\"tr\"},{\"@type\":\"Organization\",\"@id\":\"https:\/\/sxflightcase.com\/th\/#organization\",\"name\":\"sxpowercase.com\",\"url\":\"https:\/\/sxflightcase.com\/th\/\",\"logo\":{\"@type\":\"ImageObject\",\"inLanguage\":\"tr\",\"@id\":\"https:\/\/sxflightcase.com\/th\/#\/schema\/logo\/image\/\",\"url\":\"https:\/\/sxflightcase.com\/wp-content\/uploads\/2024\/04\/1713919036007.jpg\",\"contentUrl\":\"https:\/\/sxflightcase.com\/wp-content\/uploads\/2024\/04\/1713919036007.jpg\",\"width\":382,\"height\":388,\"caption\":\"sxpowercase.com\"},\"image\":{\"@id\":\"https:\/\/sxflightcase.com\/th\/#\/schema\/logo\/image\/\"},\"sameAs\":[\"https:\/\/www.facebook.com\/profile.php?id=61560407257971\"],\"numberOfEmployees\":{\"@type\":\"QuantitativeValue\",\"minValue\":\"11\",\"maxValue\":\"50\"}}]}<\/script>\n<!-- \/ Yoast SEO Premium plugin. -->","yoast_head_json":{"title":"PRO Lighting Road Case - https:\/\/sxflightcase.com \ud83d\udc97","description":"Ayd\u0131nlatma yol \u00e7antas\u0131, do\u011frudan fabrika! Ayd\u0131nlatma ekipmanlar\u0131n\u0131n g\u00fcvenli ve g\u00fcvenilir bir \u015fekilde ta\u015f\u0131nmas\u0131 i\u00e7in \u00f6zelle\u015ftirilebilir, y\u00fcksek kaliteli \u00e7\u00f6z\u00fcmler. Turlar ve etkinlikler i\u00e7in m\u00fckemmeldir.","robots":{"index":"index","follow":"follow","max-snippet":"max-snippet:-1","max-image-preview":"max-image-preview:large","max-video-preview":"max-video-preview:-1"},"canonical":"https:\/\/sxflightcase.com\/tr\/urun\/profesyonel-aydinlatma-yol-cantasi\/","og_locale":"tr_TR","og_type":"article","og_title":"PRO Lighting Road Case","og_description":"Lighting road case, factory direct! Customizable, high-quality solutions for secure and reliable transport of lighting equipment. Perfect for tours and events.","og_url":"https:\/\/sxflightcase.com\/tr\/urun\/profesyonel-aydinlatma-yol-cantasi\/","og_site_name":"https:\/\/sxflightcase.com","article_publisher":"https:\/\/www.facebook.com\/profile.php?id=61560407257971","article_modified_time":"2024-07-01T06:36:22+00:00","og_image":[{"width":700,"height":700,"url":"https:\/\/sxflightcase.com\/wp-content\/uploads\/2024\/07\/1719799685740.jpg","type":"image\/jpeg"}],"twitter_card":"summary_large_image","twitter_misc":{"Tahmini okuma s\u00fcresi":"5 dakika"},"schema":{"@context":"https:\/\/schema.org","@graph":[{"@type":"WebPage","@id":"https:\/\/sxflightcase.com\/product\/pro-lighting-road-case\/","url":"https:\/\/sxflightcase.com\/product\/pro-lighting-road-case\/","name":"PRO Lighting Road Case - https:\/\/sxflightcase.com \ud83d\udc97","isPartOf":{"@id":"https:\/\/sxflightcase.com\/th\/#website"},"primaryImageOfPage":{"@id":"https:\/\/sxflightcase.com\/product\/pro-lighting-road-case\/#primaryimage"},"image":{"@id":"https:\/\/sxflightcase.com\/product\/pro-lighting-road-case\/#primaryimage"},"thumbnailUrl":"https:\/\/sxflightcase.com\/wp-content\/uploads\/2024\/07\/1719799685740.jpg","datePublished":"2024-07-01T06:36:01+00:00","dateModified":"2024-07-01T06:36:22+00:00","description":"Ayd\u0131nlatma yol \u00e7antas\u0131, do\u011frudan fabrika! Ayd\u0131nlatma ekipmanlar\u0131n\u0131n g\u00fcvenli ve g\u00fcvenilir bir \u015fekilde ta\u015f\u0131nmas\u0131 i\u00e7in \u00f6zelle\u015ftirilebilir, y\u00fcksek kaliteli \u00e7\u00f6z\u00fcmler. Turlar ve etkinlikler i\u00e7in m\u00fckemmeldir.","breadcrumb":{"@id":"https:\/\/sxflightcase.com\/product\/pro-lighting-road-case\/#breadcrumb"},"inLanguage":"tr","potentialAction":[{"@type":"ReadAction","target":["https:\/\/sxflightcase.com\/product\/pro-lighting-road-case\/"]}]},{"@type":"ImageObject","inLanguage":"tr","@id":"https:\/\/sxflightcase.com\/product\/pro-lighting-road-case\/#primaryimage","url":"https:\/\/sxflightcase.com\/wp-content\/uploads\/2024\/07\/1719799685740.jpg","contentUrl":"https:\/\/sxflightcase.com\/wp-content\/uploads\/2024\/07\/1719799685740.jpg","width":700,"height":700,"caption":"Lighting Road Case"},{"@type":"BreadcrumbList","@id":"https:\/\/sxflightcase.com\/product\/pro-lighting-road-case\/#breadcrumb","itemListElement":[{"@type":"ListItem","position":1,"name":"Home","item":"https:\/\/sxflightcase.com\/"},{"@type":"ListItem","position":2,"name":"\u0e2a\u0e34\u0e19\u0e04\u0e49\u0e32","item":"https:\/\/sxflightcase.com\/th\/shop\/"},{"@type":"ListItem","position":3,"name":"PRO Lighting Road Case"}]},{"@type":"WebSite","@id":"https:\/\/sxflightcase.com\/th\/#website","url":"https:\/\/sxflightcase.com\/th\/","name":"sxpowercase.com","description":"U\u00e7u\u015f \u00c7antas\u0131 Fabrikas\u0131","publisher":{"@id":"https:\/\/sxflightcase.com\/th\/#organization"},"potentialAction":[{"@type":"SearchAction","target":{"@type":"EntryPoint","urlTemplate":"https:\/\/sxflightcase.com\/th\/?s={search_term_string}"},"query-input":{"@type":"PropertyValueSpecification","valueRequired":true,"valueName":"search_term_string"}}],"inLanguage":"tr"},{"@type":"Organization","@id":"https:\/\/sxflightcase.com\/th\/#organization","name":"sxpowercase.com","url":"https:\/\/sxflightcase.com\/th\/","logo":{"@type":"ImageObject","inLanguage":"tr","@id":"https:\/\/sxflightcase.com\/th\/#\/schema\/logo\/image\/","url":"https:\/\/sxflightcase.com\/wp-content\/uploads\/2024\/04\/1713919036007.jpg","contentUrl":"https:\/\/sxflightcase.com\/wp-content\/uploads\/2024\/04\/1713919036007.jpg","width":382,"height":388,"caption":"sxpowercase.com"},"image":{"@id":"https:\/\/sxflightcase.com\/th\/#\/schema\/logo\/image\/"},"sameAs":["https:\/\/www.facebook.com\/profile.php?id=61560407257971"],"numberOfEmployees":{"@type":"QuantitativeValue","minValue":"11","maxValue":"50"}}]}},"_links":{"self":[{"href":"https:\/\/sxflightcase.com\/tr\/wp-json\/wp\/v2\/product\/3185","targetHints":{"allow":["GET"]}}],"collection":[{"href":"https:\/\/sxflightcase.com\/tr\/wp-json\/wp\/v2\/product"}],"about":[{"href":"https:\/\/sxflightcase.com\/tr\/wp-json\/wp\/v2\/types\/product"}],"replies":[{"embeddable":true,"href":"https:\/\/sxflightcase.com\/tr\/wp-json\/wp\/v2\/comments?post=3185"}],"version-history":[{"count":0,"href":"https:\/\/sxflightcase.com\/tr\/wp-json\/wp\/v2\/product\/3185\/revisions"}],"wp:featuredmedia":[{"embeddable":true,"href":"https:\/\/sxflightcase.com\/tr\/wp-json\/wp\/v2\/media\/3175"}],"wp:attachment":[{"href":"https:\/\/sxflightcase.com\/tr\/wp-json\/wp\/v2\/media?parent=3185"}],"wp:term":[{"taxonomy":"product_brand","embeddable":true,"href":"https:\/\/sxflightcase.com\/tr\/wp-json\/wp\/v2\/product_brand?post=3185"},{"taxonomy":"product_cat","embeddable":true,"href":"https:\/\/sxflightcase.com\/tr\/wp-json\/wp\/v2\/product_cat?post=3185"},{"taxonomy":"product_tag","embeddable":true,"href":"https:\/\/sxflightcase.com\/tr\/wp-json\/wp\/v2\/product_tag?post=3185"}],"curies":[{"name":"wp","href":"https:\/\/api.w.org\/{rel}","templated":true}]}}