{"id":3186,"date":"2024-07-01T08:18:49","date_gmt":"2024-07-01T07:18:49","guid":{"rendered":"https:\/\/sxpowercase.com\/?post_type=product&#038;p=3186"},"modified":"2024-07-01T08:19:13","modified_gmt":"2024-07-01T07:19:13","slug":"drawer-workstation-box-customize-flight-case","status":"publish","type":"product","link":"https:\/\/sxflightcase.com\/tr\/urun\/cekmeceli-is-istasyonu-kutusu-ucus-cantasini-ozellestirin-2\/","title":{"rendered":"\u00c7ekmeceli \u0130\u015f \u0130stasyonu Kutusu U\u00e7u\u015f Durumunu \u00d6zelle\u015ftirin"},"content":{"rendered":"<table class=\"aliDataTable\" style=\"height: 231px;\" border=\"1\" width=\"1304\">\n<tbody>\n<tr>\n<td>Malzeme<\/td>\n<td>Al\u00fcminyum \u00e7er\u00e7eve + Yang\u0131na dayan\u0131kl\u0131 + 12mm Kontrplak<\/td>\n<\/tr>\n<tr>\n<td>\u0130\u00e7eri<\/td>\n<td>Y\u00fcksek yo\u011funluklu darbeye dayan\u0131kl\u0131 k\u00f6p\u00fck<\/td>\n<\/tr>\n<tr>\n<td>Boyut<\/td>\n<td>\u00d6zelle\u015ftirilebilir<\/td>\n<\/tr>\n<tr>\n<td>Aksesuarlar<\/td>\n<td>D\u00f6rt kelebek kilidi, kolay ta\u015f\u0131ma i\u00e7in d\u00f6rt b\u00fcy\u00fck tekerlek, d\u00f6rt sa\u011flam kulp<\/td>\n<\/tr>\n<tr>\n<td>Gelenek<\/td>\n<td>Al\u00fcminyum kasa malzemesi, boyutu, i\u00e7 dolgular\u0131, kulplar\u0131, kilitleri vb. gibi her t\u00fcrl\u00fc \u00f6zelle\u015ftirme memnuniyetle kar\u015f\u0131lan\u0131r.<\/td>\n<\/tr>\n<tr>\n<td>\u00d6rnekleme zaman\u0131<\/td>\n<td>Yakla\u015f\u0131k 3-5 i\u015f g\u00fcn\u00fc<\/td>\n<\/tr>\n<tr>\n<td>Resmi sipari\u015f zaman\u0131<\/td>\n<td>yakla\u015f\u0131k 15-20 g\u00fcn<\/td>\n<\/tr>\n<tr>\n<td>Paketleme<\/td>\n<td data-spm-anchor-id=\"a2700.details.0.i62.6dc324feldWl6K\">Kabarc\u0131kl\u0131 torba +karton<\/td>\n<\/tr>\n<\/tbody>\n<\/table>\n<h2>Verimlilik i\u00e7in En \u0130yi \u00c7ekmeceli \u00c7al\u0131\u015fma \u0130stasyonu<\/h2>\n<p>\u00dcretkenli\u011finizi art\u0131rman\u0131n bir yolunu mu ar\u0131yorsunuz? SX \u00e7ekmeceli i\u015f istasyonu sizin cevab\u0131n\u0131z. Bu yenilik\u00e7i \u00e7\u00f6z\u00fcm, \u00e7al\u0131\u015fma alan\u0131n\u0131z\u0131 d\u00f6n\u00fc\u015ft\u00fcrmek i\u00e7in kolayl\u0131k ve i\u015flevselli\u011fi bir araya getiriyor.<\/p>\n<h2>Neden SX \u00c7ekmeceli \u00c7al\u0131\u015fma \u0130stasyonunu Se\u00e7melisiniz?<\/h2>\n<h3>\u00dcst\u00fcn Kalite ve Dayan\u0131kl\u0131l\u0131k<\/h3>\n<p>SX \u00e7ekmeceli \u00e7al\u0131\u015fma istasyonu, uzun s\u00fcreli dayan\u0131kl\u0131l\u0131k sa\u011flayan y\u00fcksek kaliteli malzemelerle \u00fcretilmi\u015ftir. G\u00fcnl\u00fck kullan\u0131ma dayanacak \u015fekilde tasarlanm\u0131\u015ft\u0131r ve bu da onu her t\u00fcrl\u00fc profesyonel ortam i\u00e7in ideal bir se\u00e7im haline getirir.<\/p>\n<h3>\u0130htiya\u00e7lar\u0131n\u0131za Uygun \u015eekilde \u00d6zelle\u015ftirilebilir<\/h3>\n<p>SX&#039;te \u015funlar\u0131 sunuyoruz: <a href=\"https:\/\/sxpowercase.com\/product\/rack-mount-case\/\" target=\"_blank\" rel=\"noopener\"  data-wpil-monitor-id=\"517\">\u00f6zel i\u015f istasyonu kasalar\u0131<\/a> \u00f6zel gereksinimlerinize uyacak \u015fekilde. Ek \u00e7ekmecelere veya benzersiz boyutlara ihtiyac\u0131n\u0131z olsun, \u00f6zel \u00e7\u00f6z\u00fcmlerimiz her ihtiyac\u0131n\u0131z\u0131 kar\u015f\u0131lar.<\/p>\n<h3>Maliyet Tasarrufu i\u00e7in Fabrika Do\u011frudan Sat\u0131\u015flar\u0131<\/h3>\n<p>Do\u011frudan fabrikadan sat\u0131n alarak arac\u0131y\u0131 ortadan kald\u0131r\u0131rs\u0131n\u0131z. Bu, kaliteden \u00f6d\u00fcn vermeden \u00f6nemli maliyet tasarruflar\u0131 anlam\u0131na gelir. SX fabrika do\u011frudan sat\u0131\u015flar\u0131 rakipsiz de\u011fer sunar.<\/p>\n<h2>Kaliteli Bir \u0130\u015f \u0130stasyonuyla \u0130\u015fletmenizi Geli\u015ftirin<\/h2>\n<h3>D\u00fczenli ve Verimli \u00c7al\u0131\u015fma Alan\u0131<\/h3>\n<p>Da\u011f\u0131n\u0131kl\u0131ktan uzak bir \u00e7al\u0131\u015fma alan\u0131 \u00fcretkenlik i\u00e7in \u00e7ok \u00f6nemlidir. SX \u00e7ekmeceli \u00e7al\u0131\u015fma istasyonu, t\u00fcm ara\u00e7lar\u0131n\u0131z\u0131n ve belgelerinizin eri\u015filebilir olmas\u0131n\u0131 sa\u011flayarak d\u00fczenli kalman\u0131za yard\u0131mc\u0131 olur. Bu, daha verimli bir \u00e7al\u0131\u015fma ortam\u0131na yol a\u00e7ar.<\/p>\n<h3>Profesyonel G\u00f6r\u00fcn\u00fcm<\/h3>\n<p>Profesyonel bir imaj sunmak esast\u0131r. SX \u00e7ekmeceli \u00e7al\u0131\u015fma istasyonunun \u015f\u0131k tasar\u0131m\u0131 ofisinizin g\u00f6r\u00fcn\u00fcm\u00fcn\u00fc iyile\u015ftirir ve m\u00fc\u015fterileriniz ve meslekta\u015flar\u0131n\u0131z \u00fczerinde olumlu bir izlenim b\u0131rak\u0131r.<\/p>\n<h2>Workstation Office Vakalar\u0131n\u0131 Ke\u015ffedin<\/h2>\n<h3>Her Ofis \u0130\u00e7in \u00c7ok Y\u00f6nl\u00fc \u00c7\u00f6z\u00fcmler<\/h3>\n<p>SX, geni\u015f bir yelpazede i\u015f istasyonu ofis kasas\u0131 sunar. K\u00fc\u00e7\u00fck alanlar i\u00e7in kompakt tasar\u0131mlardan kapsaml\u0131 ihtiya\u00e7lar i\u00e7in daha b\u00fcy\u00fck kurulumlara kadar, herkes i\u00e7in bir \u00e7\u00f6z\u00fcm\u00fcm\u00fcz var.<\/p>\n<h3>\u0130\u015fletmenize \u00d6zel<\/h3>\n<p>\u00d6zel \u00e7al\u0131\u015fma istasyonu kasalar\u0131m\u0131z \u00e7al\u0131\u015fma alan\u0131n\u0131z\u0131 ki\u015fiselle\u015ftirmenize olanak tan\u0131r. \u00c7ekmece say\u0131s\u0131n\u0131 se\u00e7in, g\u00fcvenlik i\u00e7in kilitler ekleyin veya belirli malzemeleri se\u00e7in. \u00c7al\u0131\u015fma istasyonunuz tamamen size ait olacak.<\/p>\n<h3>Kalite G\u00fcvencesi<\/h3>\n<p>Her SX i\u015f istasyonu kasas\u0131 titiz kalite kontrollerinden ge\u00e7er. \u00dcr\u00fcnlerimizin en y\u00fcksek standartlar\u0131 kar\u015f\u0131lamas\u0131n\u0131 sa\u011flayarak size g\u00fcvenilir ve dayan\u0131kl\u0131 bir i\u015f istasyonu sunar\u0131z.<\/p>\n<h2>Fabrika Do\u011frudan Sat\u0131\u015f\u0131n\u0131n Faydalar\u0131<\/h2>\n<h3>Maliyet Etkinli\u011fi<\/h3>\n<p>Do\u011frudan fabrika sat\u0131\u015flar\u0131 daha d\u00fc\u015f\u00fck fiyatlar anlam\u0131na gelir. Maliyetin \u00e7ok daha az bir k\u0131sm\u0131na birinci s\u0131n\u0131f \u00e7ekmeceli i\u015f istasyonlar\u0131 elde edersiniz, bu da b\u00fct\u00e7enizi i\u015finizin di\u011fer \u00f6nemli alanlar\u0131na ay\u0131rman\u0131za olanak tan\u0131r.<\/p>\n<h3>Do\u011frudan \u0130leti\u015fim<\/h3>\n<p>Do\u011frudan fabrikadan sat\u0131n ald\u0131\u011f\u0131n\u0131zda, ileti\u015fim basittir. \u0130htiya\u00e7lar\u0131n\u0131z\u0131 do\u011frudan bizimle g\u00f6r\u00fc\u015f\u00fcn, tam olarak istedi\u011finizi ald\u0131\u011f\u0131n\u0131zdan emin olun.<\/p>\n<h2>T\u00fcm \u0130htiya\u00e7lar\u0131n\u0131z \u0130\u00e7in \u00d6zel \u00c7al\u0131\u015fma \u0130stasyonlar\u0131<\/h2>\n<h3>\u00c7ok Y\u00f6nl\u00fcl\u00fck ve Esneklik<\/h3>\n<p>\u00d6zel i\u015f istasyonu kasalar\u0131m\u0131z \u00e7ok y\u00f6nl\u00fc olacak \u015fekilde tasarlanm\u0131\u015ft\u0131r. \u00c7ok \u00e7e\u015fitli ofis ara\u00e7 ve ekipmanlar\u0131na uyum sa\u011flayabilirler. \u0130htiya\u00e7lar\u0131n\u0131z ne olursa olsun, SX&#039;in bir \u00e7\u00f6z\u00fcm\u00fc vard\u0131r.<\/p>\n<h3>Ki\u015fiye \u00d6zel \u00c7\u00f6z\u00fcmler<\/h3>\n<p>Benzersiz gereksinimlerinize uyan bir i\u015f istasyonu olu\u015fturmak i\u00e7in sizinle birlikte \u00e7al\u0131\u015f\u0131yoruz. \u00d6zel \u00e7\u00f6z\u00fcmlerimiz yaln\u0131zca depolama ile ilgili de\u011fildir; i\u015f ak\u0131\u015f\u0131n\u0131z\u0131 ve \u00fcretkenli\u011finizi art\u0131rmakla ilgilidir.<\/p>\n<h2>\u00c7\u00f6z\u00fcm<\/h2>\n<p>Sonu\u00e7 olarak, SX \u00e7ekmeceli i\u015f istasyonu ofisiniz i\u00e7in i\u015flevsellik ve stilin m\u00fckemmel bir kar\u0131\u015f\u0131m\u0131n\u0131 sunar. Fabrikadan do\u011frudan sat\u0131\u015fla yat\u0131r\u0131m\u0131n\u0131z i\u00e7in en iyi de\u011feri elde edersiniz. \u00c7al\u0131\u015fma alan\u0131n\u0131z\u0131 profesyonel d\u00fczeyde \u00e7\u00f6z\u00fcmlerle geli\u015ftirin ve iyi organize edilmi\u015f bir ortam\u0131n avantajlar\u0131ndan yararlan\u0131n. Bug\u00fcn bir SX \u00e7ekmeceli i\u015f istasyonuna yat\u0131r\u0131m yap\u0131n ve fark\u0131 deneyimleyin.<\/p>\n<h2>SSS<\/h2>\n<p><strong>SX \u00e7ekmeceli i\u015f istasyonunu benzersiz k\u0131lan nedir?<\/strong><\/p>\n<p>SX \u00e7ekmeceli i\u015f istasyonu dayan\u0131kl\u0131l\u0131\u011f\u0131, \u00f6zelle\u015ftirme se\u00e7enekleri ve do\u011frudan fabrika fiyatland\u0131rmas\u0131yla \u00f6ne \u00e7\u0131k\u0131yor. Birinci s\u0131n\u0131f kalite ve de\u011fer sunuyor.<\/p>\n<p><strong>SX i\u015f istasyonumu \u00f6zelle\u015ftirebilir miyim?<\/strong><\/p>\n<p>Evet, SX \u00f6zel ihtiya\u00e7lar\u0131n\u0131za uyacak \u015fekilde kapsaml\u0131 \u00f6zelle\u015ftirme se\u00e7enekleri sunar. \u00c7e\u015fitli boyutlar, \u00f6zellikler ve ki\u015fiselle\u015ftirme se\u00e7enekleri aras\u0131ndan se\u00e7im yap\u0131n.<\/p>\n<p><strong>Fabrika do\u011frudan sat\u0131\u015f\u0131n\u0131n bana faydas\u0131 nedir?<\/strong><\/p>\n<p>Fabrika do\u011frudan sat\u0131\u015flar\u0131 arac\u0131lar\u0131 ortadan kald\u0131rarak maliyetleri d\u00fc\u015f\u00fcr\u00fcr. Bu, rekabet\u00e7i fiyatlarla y\u00fcksek kaliteli i\u015f istasyonlar\u0131 elde edece\u011finiz anlam\u0131na gelir.<\/p>\n<p><strong>SX \u00e7ekmeceli \u00e7al\u0131\u015fma istasyonunun kurulumu kolay m\u0131d\u0131r?<\/strong><\/p>\n<p>Kesinlikle. \u0130\u015f istasyonu kolay kurulum i\u00e7in tasarlanm\u0131\u015ft\u0131r, net talimatlar ve gerekli t\u00fcm donan\u0131m dahildir.<\/p>\n<p><strong>SX \u00e7ekmeceli i\u015f istasyonlar\u0131n\u0131 nereden sat\u0131n alabilirim?<\/strong><\/p>\n<p>SX \u00e7ekmeceli i\u015f istasyonlar\u0131n\u0131 do\u011frudan web sitemizden veya yetkili distrib\u00fct\u00f6rler arac\u0131l\u0131\u011f\u0131yla sat\u0131n alabilirsiniz. Daha fazla ayr\u0131nt\u0131 ve sipari\u015finizi vermek i\u00e7in web sitemizi ziyaret edin.<\/p>\n<p>Hemen Eri\u015fim Sa\u011flay\u0131n:<span style=\"color: #0000ff;\"><a style=\"color: #0000ff;\" href=\"https:\/\/sxpowercase.com\/\">https:\/\/sxpowercase.com\/<\/a><\/span><\/p>\n<p>S\u0131cak Etiketler: \u00c7in, tedarik\u00e7iler, fabrika, \u00f6zelle\u015ftirilmi\u015f, toptan, sat\u0131n al, d\u00fc\u015f\u00fck fiyat, Fi\u015fler, \u00c7ekmeceli Depolama Dolab\u0131, Tekerlekli 12U U\u00e7u\u015f Kutusu, Hoparl\u00f6r Kabini U\u00e7u\u015f Kutusu, Mikser Sert Kutusu,<span style=\"color: #0000ff;\"><a style=\"color: #0000ff;\" href=\"https:\/\/sxflightcase.com\/tr\/product-category\/all-product\/power-distribution-boxes\/\">g\u00fc\u00e7 kutular\u0131<\/a>,\u00a0<a style=\"color: #0000ff;\" href=\"https:\/\/sxflightcase.com\/tr\/product-category\/all-product\/hoist-controllers\/\">g\u00fc\u00e7 kablolar\u0131<\/a>,\u00a0<a style=\"color: #0000ff;\" href=\"https:\/\/sxflightcase.com\/tr\/product-category\/all-product\/hoist-controllers\/\">vin\u00e7 kontrol\u00f6rleri<\/a>,\u00a0<a style=\"color: #0000ff;\" href=\"https:\/\/sxflightcase.com\/tr\/product-category\/all-product\/flight-case\/\">u\u00e7u\u015f vakalar\u0131<\/a><\/span><\/p>","protected":false},"excerpt":{"rendered":"<h3>\u00dcst\u00fcn Kalite ve Dayan\u0131kl\u0131l\u0131k<\/h3>\n<p>Uzun \u00f6m\u00fcrl\u00fc dayan\u0131kl\u0131l\u0131k sa\u011flamak i\u00e7in y\u00fcksek kaliteli malzemelerden \u00fcretilen SX \u00e7ekmeceli \u00e7al\u0131\u015fma istasyonuyla \u00e7al\u0131\u015fma alan\u0131n\u0131z\u0131 y\u00fckseltin. G\u00fcnl\u00fck kullan\u0131ma dayanacak \u015fekilde tasarlanm\u0131\u015ft\u0131r ve her t\u00fcrl\u00fc profesyonel ortam i\u00e7in m\u00fckemmeldir.<\/p>\n<h3>\u0130htiya\u00e7lar\u0131n\u0131za Uygun \u015eekilde \u00d6zelle\u015ftirilebilir<\/h3>\n<p>SX i\u015f istasyonunuzu \u00f6zel gereksinimlerinize g\u00f6re uyarlay\u0131n. Ek \u00e7ekmeceler ve benzersiz boyutlar i\u00e7in se\u00e7eneklerle, \u00f6zel \u00e7\u00f6z\u00fcmlerimiz her ihtiyaca hitap ederek \u00e7al\u0131\u015fma alan\u0131n\u0131z i\u00e7in m\u00fckemmel bir uyum sa\u011flar.<\/p>\n<h3>Fabrika Do\u011frudan Sat\u0131\u015flar\u0131yla Maliyet Tasarrufu<\/h3>\n<p>Do\u011frudan SX&#039;ten sat\u0131n alarak \u00f6nemli maliyet tasarruflar\u0131ndan yararlan\u0131n. Fabrika do\u011frudan sat\u0131\u015flar\u0131m\u0131z arac\u0131y\u0131 ortadan kald\u0131rarak, kaliteden \u00f6d\u00fcn vermeden size rakipsiz bir de\u011fer sunar.<\/p>","protected":false},"featured_media":3177,"comment_status":"open","ping_status":"closed","template":"","meta":[],"product_brand":[],"product_cat":[48],"product_tag":[],"class_list":{"0":"post-3186","1":"product","2":"type-product","3":"status-publish","4":"has-post-thumbnail","6":"product_cat-custom-flight-case","8":"first","9":"instock","10":"shipping-taxable","11":"product-type-simple"},"yoast_head":"<!-- This site is optimized with the Yoast SEO Premium plugin v27.1 (Yoast SEO v27.2) - https:\/\/yoast.com\/product\/yoast-seo-premium-wordpress\/ -->\n<title>Drawer Workstation Box Customize Flight Case - https:\/\/sxflightcase.com \ud83d\udc97<\/title>\n<meta name=\"description\" content=\"Drawer workstation, factory direct! Customizable, high-quality solutions for organized and efficient workspaces. Perfect for professionals and workshops.\" \/>\n<meta name=\"robots\" content=\"index, follow, max-snippet:-1, max-image-preview:large, max-video-preview:-1\" \/>\n<link rel=\"canonical\" href=\"https:\/\/sxflightcase.com\/tr\/\u0e1c\u0e25\u0e34\u0e15\u0e20\u0e31\u0e13\u0e11\u0e4c\/\u0e01\u0e25\u0e48\u0e2d\u0e07\u0e25\u0e34\u0e49\u0e19\u0e0a\u0e31\u0e01\u0e40\u0e27\u0e34\u0e23\u0e4c\u0e01\u0e2a\u0e40\u0e15\u0e0a\/\" \/>\n<meta property=\"og:locale\" content=\"tr_TR\" \/>\n<meta property=\"og:type\" content=\"article\" \/>\n<meta property=\"og:title\" content=\"Drawer Workstation Box Customize Flight Case\" \/>\n<meta property=\"og:description\" content=\"Drawer workstation, factory direct! Customizable, high-quality solutions for organized and efficient workspaces. Perfect for professionals and workshops.\" \/>\n<meta property=\"og:url\" content=\"https:\/\/sxflightcase.com\/tr\/\u0e1c\u0e25\u0e34\u0e15\u0e20\u0e31\u0e13\u0e11\u0e4c\/\u0e01\u0e25\u0e48\u0e2d\u0e07\u0e25\u0e34\u0e49\u0e19\u0e0a\u0e31\u0e01\u0e40\u0e27\u0e34\u0e23\u0e4c\u0e01\u0e2a\u0e40\u0e15\u0e0a\/\" \/>\n<meta property=\"og:site_name\" content=\"https:\/\/sxflightcase.com\" \/>\n<meta property=\"article:publisher\" content=\"https:\/\/www.facebook.com\/profile.php?id=61560407257971\" \/>\n<meta property=\"article:modified_time\" content=\"2024-07-01T07:19:13+00:00\" \/>\n<meta property=\"og:image\" content=\"https:\/\/sxflightcase.com\/wp-content\/uploads\/2024\/07\/1719799709136.jpg\" \/>\n\t<meta property=\"og:image:width\" content=\"700\" \/>\n\t<meta property=\"og:image:height\" content=\"700\" \/>\n\t<meta property=\"og:image:type\" content=\"image\/jpeg\" \/>\n<meta name=\"twitter:card\" content=\"summary_large_image\" \/>\n<meta name=\"twitter:label1\" content=\"Tahmini okuma s\u00fcresi\" \/>\n\t<meta name=\"twitter:data1\" content=\"5 dakika\" \/>\n<script type=\"application\/ld+json\" class=\"yoast-schema-graph\">{\"@context\":\"https:\/\/schema.org\",\"@graph\":[{\"@type\":\"WebPage\",\"@id\":\"https:\/\/sxflightcase.com\/th\/\u0e1c\u0e25\u0e34\u0e15\u0e20\u0e31\u0e13\u0e11\u0e4c\/\u0e01\u0e25\u0e48\u0e2d\u0e07\u0e25\u0e34\u0e49\u0e19\u0e0a\u0e31\u0e01\u0e40\u0e27\u0e34\u0e23\u0e4c\u0e01\u0e2a\u0e40\u0e15\u0e0a\/\",\"url\":\"https:\/\/sxflightcase.com\/th\/\u0e1c\u0e25\u0e34\u0e15\u0e20\u0e31\u0e13\u0e11\u0e4c\/\u0e01\u0e25\u0e48\u0e2d\u0e07\u0e25\u0e34\u0e49\u0e19\u0e0a\u0e31\u0e01\u0e40\u0e27\u0e34\u0e23\u0e4c\u0e01\u0e2a\u0e40\u0e15\u0e0a\/\",\"name\":\"Drawer Workstation Box Customize Flight Case - https:\/\/sxflightcase.com \ud83d\udc97\",\"isPartOf\":{\"@id\":\"https:\/\/sxflightcase.com\/th\/#website\"},\"primaryImageOfPage\":{\"@id\":\"https:\/\/sxflightcase.com\/th\/\u0e1c\u0e25\u0e34\u0e15\u0e20\u0e31\u0e13\u0e11\u0e4c\/\u0e01\u0e25\u0e48\u0e2d\u0e07\u0e25\u0e34\u0e49\u0e19\u0e0a\u0e31\u0e01\u0e40\u0e27\u0e34\u0e23\u0e4c\u0e01\u0e2a\u0e40\u0e15\u0e0a\/#primaryimage\"},\"image\":{\"@id\":\"https:\/\/sxflightcase.com\/th\/\u0e1c\u0e25\u0e34\u0e15\u0e20\u0e31\u0e13\u0e11\u0e4c\/\u0e01\u0e25\u0e48\u0e2d\u0e07\u0e25\u0e34\u0e49\u0e19\u0e0a\u0e31\u0e01\u0e40\u0e27\u0e34\u0e23\u0e4c\u0e01\u0e2a\u0e40\u0e15\u0e0a\/#primaryimage\"},\"thumbnailUrl\":\"https:\/\/sxflightcase.com\/wp-content\/uploads\/2024\/07\/1719799709136.jpg\",\"datePublished\":\"2024-07-01T07:18:49+00:00\",\"dateModified\":\"2024-07-01T07:19:13+00:00\",\"description\":\"Drawer workstation, factory direct! Customizable, high-quality solutions for organized and efficient workspaces. Perfect for professionals and workshops.\",\"breadcrumb\":{\"@id\":\"https:\/\/sxflightcase.com\/th\/\u0e1c\u0e25\u0e34\u0e15\u0e20\u0e31\u0e13\u0e11\u0e4c\/\u0e01\u0e25\u0e48\u0e2d\u0e07\u0e25\u0e34\u0e49\u0e19\u0e0a\u0e31\u0e01\u0e40\u0e27\u0e34\u0e23\u0e4c\u0e01\u0e2a\u0e40\u0e15\u0e0a\/#breadcrumb\"},\"inLanguage\":\"tr\",\"potentialAction\":[{\"@type\":\"ReadAction\",\"target\":[\"https:\/\/sxflightcase.com\/th\/\u0e1c\u0e25\u0e34\u0e15\u0e20\u0e31\u0e13\u0e11\u0e4c\/\u0e01\u0e25\u0e48\u0e2d\u0e07\u0e25\u0e34\u0e49\u0e19\u0e0a\u0e31\u0e01\u0e40\u0e27\u0e34\u0e23\u0e4c\u0e01\u0e2a\u0e40\u0e15\u0e0a\/\"]}]},{\"@type\":\"ImageObject\",\"inLanguage\":\"tr\",\"@id\":\"https:\/\/sxflightcase.com\/th\/\u0e1c\u0e25\u0e34\u0e15\u0e20\u0e31\u0e13\u0e11\u0e4c\/\u0e01\u0e25\u0e48\u0e2d\u0e07\u0e25\u0e34\u0e49\u0e19\u0e0a\u0e31\u0e01\u0e40\u0e27\u0e34\u0e23\u0e4c\u0e01\u0e2a\u0e40\u0e15\u0e0a\/#primaryimage\",\"url\":\"https:\/\/sxflightcase.com\/wp-content\/uploads\/2024\/07\/1719799709136.jpg\",\"contentUrl\":\"https:\/\/sxflightcase.com\/wp-content\/uploads\/2024\/07\/1719799709136.jpg\",\"width\":700,\"height\":700,\"caption\":\"Drawer Workstation\"},{\"@type\":\"BreadcrumbList\",\"@id\":\"https:\/\/sxflightcase.com\/th\/\u0e1c\u0e25\u0e34\u0e15\u0e20\u0e31\u0e13\u0e11\u0e4c\/\u0e01\u0e25\u0e48\u0e2d\u0e07\u0e25\u0e34\u0e49\u0e19\u0e0a\u0e31\u0e01\u0e40\u0e27\u0e34\u0e23\u0e4c\u0e01\u0e2a\u0e40\u0e15\u0e0a\/#breadcrumb\",\"itemListElement\":[{\"@type\":\"ListItem\",\"position\":1,\"name\":\"Home\",\"item\":\"https:\/\/sxflightcase.com\/\"},{\"@type\":\"ListItem\",\"position\":2,\"name\":\"\u0e2a\u0e34\u0e19\u0e04\u0e49\u0e32\",\"item\":\"https:\/\/sxflightcase.com\/th\/shop\/\"},{\"@type\":\"ListItem\",\"position\":3,\"name\":\"Drawer Workstation Box Customize Flight Case\"}]},{\"@type\":\"WebSite\",\"@id\":\"https:\/\/sxflightcase.com\/th\/#website\",\"url\":\"https:\/\/sxflightcase.com\/th\/\",\"name\":\"sxpowercase.com\",\"description\":\"Flight Case Factory\",\"publisher\":{\"@id\":\"https:\/\/sxflightcase.com\/th\/#organization\"},\"potentialAction\":[{\"@type\":\"SearchAction\",\"target\":{\"@type\":\"EntryPoint\",\"urlTemplate\":\"https:\/\/sxflightcase.com\/th\/?s={search_term_string}\"},\"query-input\":{\"@type\":\"PropertyValueSpecification\",\"valueRequired\":true,\"valueName\":\"search_term_string\"}}],\"inLanguage\":\"tr\"},{\"@type\":\"Organization\",\"@id\":\"https:\/\/sxflightcase.com\/th\/#organization\",\"name\":\"sxpowercase.com\",\"url\":\"https:\/\/sxflightcase.com\/th\/\",\"logo\":{\"@type\":\"ImageObject\",\"inLanguage\":\"tr\",\"@id\":\"https:\/\/sxflightcase.com\/th\/#\/schema\/logo\/image\/\",\"url\":\"https:\/\/sxflightcase.com\/wp-content\/uploads\/2024\/04\/1713919036007.jpg\",\"contentUrl\":\"https:\/\/sxflightcase.com\/wp-content\/uploads\/2024\/04\/1713919036007.jpg\",\"width\":382,\"height\":388,\"caption\":\"sxpowercase.com\"},\"image\":{\"@id\":\"https:\/\/sxflightcase.com\/th\/#\/schema\/logo\/image\/\"},\"sameAs\":[\"https:\/\/www.facebook.com\/profile.php?id=61560407257971\"],\"numberOfEmployees\":{\"@type\":\"QuantitativeValue\",\"minValue\":\"11\",\"maxValue\":\"50\"}}]}<\/script>\n<!-- \/ Yoast SEO Premium plugin. -->","yoast_head_json":{"title":"Drawer Workstation Box Customize Flight Case - https:\/\/sxflightcase.com \ud83d\udc97","description":"\u00c7ekmeceli i\u015f istasyonu, do\u011frudan fabrika! D\u00fczenli ve verimli \u00e7al\u0131\u015fma alanlar\u0131 i\u00e7in \u00f6zelle\u015ftirilebilir, y\u00fcksek kaliteli \u00e7\u00f6z\u00fcmler. Profesyoneller ve at\u00f6lyeler i\u00e7in m\u00fckemmeldir.","robots":{"index":"index","follow":"follow","max-snippet":"max-snippet:-1","max-image-preview":"max-image-preview:large","max-video-preview":"max-video-preview:-1"},"canonical":"https:\/\/sxflightcase.com\/tr\/\u0e1c\u0e25\u0e34\u0e15\u0e20\u0e31\u0e13\u0e11\u0e4c\/\u0e01\u0e25\u0e48\u0e2d\u0e07\u0e25\u0e34\u0e49\u0e19\u0e0a\u0e31\u0e01\u0e40\u0e27\u0e34\u0e23\u0e4c\u0e01\u0e2a\u0e40\u0e15\u0e0a\/","og_locale":"tr_TR","og_type":"article","og_title":"Drawer Workstation Box Customize Flight Case","og_description":"Drawer workstation, factory direct! Customizable, high-quality solutions for organized and efficient workspaces. Perfect for professionals and workshops.","og_url":"https:\/\/sxflightcase.com\/tr\/\u0e1c\u0e25\u0e34\u0e15\u0e20\u0e31\u0e13\u0e11\u0e4c\/\u0e01\u0e25\u0e48\u0e2d\u0e07\u0e25\u0e34\u0e49\u0e19\u0e0a\u0e31\u0e01\u0e40\u0e27\u0e34\u0e23\u0e4c\u0e01\u0e2a\u0e40\u0e15\u0e0a\/","og_site_name":"https:\/\/sxflightcase.com","article_publisher":"https:\/\/www.facebook.com\/profile.php?id=61560407257971","article_modified_time":"2024-07-01T07:19:13+00:00","og_image":[{"width":700,"height":700,"url":"https:\/\/sxflightcase.com\/wp-content\/uploads\/2024\/07\/1719799709136.jpg","type":"image\/jpeg"}],"twitter_card":"summary_large_image","twitter_misc":{"Tahmini okuma s\u00fcresi":"5 dakika"},"schema":{"@context":"https:\/\/schema.org","@graph":[{"@type":"WebPage","@id":"https:\/\/sxflightcase.com\/th\/\u0e1c\u0e25\u0e34\u0e15\u0e20\u0e31\u0e13\u0e11\u0e4c\/\u0e01\u0e25\u0e48\u0e2d\u0e07\u0e25\u0e34\u0e49\u0e19\u0e0a\u0e31\u0e01\u0e40\u0e27\u0e34\u0e23\u0e4c\u0e01\u0e2a\u0e40\u0e15\u0e0a\/","url":"https:\/\/sxflightcase.com\/th\/\u0e1c\u0e25\u0e34\u0e15\u0e20\u0e31\u0e13\u0e11\u0e4c\/\u0e01\u0e25\u0e48\u0e2d\u0e07\u0e25\u0e34\u0e49\u0e19\u0e0a\u0e31\u0e01\u0e40\u0e27\u0e34\u0e23\u0e4c\u0e01\u0e2a\u0e40\u0e15\u0e0a\/","name":"Drawer Workstation Box Customize Flight Case - https:\/\/sxflightcase.com \ud83d\udc97","isPartOf":{"@id":"https:\/\/sxflightcase.com\/th\/#website"},"primaryImageOfPage":{"@id":"https:\/\/sxflightcase.com\/th\/\u0e1c\u0e25\u0e34\u0e15\u0e20\u0e31\u0e13\u0e11\u0e4c\/\u0e01\u0e25\u0e48\u0e2d\u0e07\u0e25\u0e34\u0e49\u0e19\u0e0a\u0e31\u0e01\u0e40\u0e27\u0e34\u0e23\u0e4c\u0e01\u0e2a\u0e40\u0e15\u0e0a\/#primaryimage"},"image":{"@id":"https:\/\/sxflightcase.com\/th\/\u0e1c\u0e25\u0e34\u0e15\u0e20\u0e31\u0e13\u0e11\u0e4c\/\u0e01\u0e25\u0e48\u0e2d\u0e07\u0e25\u0e34\u0e49\u0e19\u0e0a\u0e31\u0e01\u0e40\u0e27\u0e34\u0e23\u0e4c\u0e01\u0e2a\u0e40\u0e15\u0e0a\/#primaryimage"},"thumbnailUrl":"https:\/\/sxflightcase.com\/wp-content\/uploads\/2024\/07\/1719799709136.jpg","datePublished":"2024-07-01T07:18:49+00:00","dateModified":"2024-07-01T07:19:13+00:00","description":"\u00c7ekmeceli i\u015f istasyonu, do\u011frudan fabrika! D\u00fczenli ve verimli \u00e7al\u0131\u015fma alanlar\u0131 i\u00e7in \u00f6zelle\u015ftirilebilir, y\u00fcksek kaliteli \u00e7\u00f6z\u00fcmler. Profesyoneller ve at\u00f6lyeler i\u00e7in m\u00fckemmeldir.","breadcrumb":{"@id":"https:\/\/sxflightcase.com\/th\/\u0e1c\u0e25\u0e34\u0e15\u0e20\u0e31\u0e13\u0e11\u0e4c\/\u0e01\u0e25\u0e48\u0e2d\u0e07\u0e25\u0e34\u0e49\u0e19\u0e0a\u0e31\u0e01\u0e40\u0e27\u0e34\u0e23\u0e4c\u0e01\u0e2a\u0e40\u0e15\u0e0a\/#breadcrumb"},"inLanguage":"tr","potentialAction":[{"@type":"ReadAction","target":["https:\/\/sxflightcase.com\/th\/\u0e1c\u0e25\u0e34\u0e15\u0e20\u0e31\u0e13\u0e11\u0e4c\/\u0e01\u0e25\u0e48\u0e2d\u0e07\u0e25\u0e34\u0e49\u0e19\u0e0a\u0e31\u0e01\u0e40\u0e27\u0e34\u0e23\u0e4c\u0e01\u0e2a\u0e40\u0e15\u0e0a\/"]}]},{"@type":"ImageObject","inLanguage":"tr","@id":"https:\/\/sxflightcase.com\/th\/\u0e1c\u0e25\u0e34\u0e15\u0e20\u0e31\u0e13\u0e11\u0e4c\/\u0e01\u0e25\u0e48\u0e2d\u0e07\u0e25\u0e34\u0e49\u0e19\u0e0a\u0e31\u0e01\u0e40\u0e27\u0e34\u0e23\u0e4c\u0e01\u0e2a\u0e40\u0e15\u0e0a\/#primaryimage","url":"https:\/\/sxflightcase.com\/wp-content\/uploads\/2024\/07\/1719799709136.jpg","contentUrl":"https:\/\/sxflightcase.com\/wp-content\/uploads\/2024\/07\/1719799709136.jpg","width":700,"height":700,"caption":"Drawer Workstation"},{"@type":"BreadcrumbList","@id":"https:\/\/sxflightcase.com\/th\/\u0e1c\u0e25\u0e34\u0e15\u0e20\u0e31\u0e13\u0e11\u0e4c\/\u0e01\u0e25\u0e48\u0e2d\u0e07\u0e25\u0e34\u0e49\u0e19\u0e0a\u0e31\u0e01\u0e40\u0e27\u0e34\u0e23\u0e4c\u0e01\u0e2a\u0e40\u0e15\u0e0a\/#breadcrumb","itemListElement":[{"@type":"ListItem","position":1,"name":"Home","item":"https:\/\/sxflightcase.com\/"},{"@type":"ListItem","position":2,"name":"\u0e2a\u0e34\u0e19\u0e04\u0e49\u0e32","item":"https:\/\/sxflightcase.com\/th\/shop\/"},{"@type":"ListItem","position":3,"name":"Drawer Workstation Box Customize Flight Case"}]},{"@type":"WebSite","@id":"https:\/\/sxflightcase.com\/th\/#website","url":"https:\/\/sxflightcase.com\/th\/","name":"sxpowercase.com","description":"U\u00e7u\u015f \u00c7antas\u0131 Fabrikas\u0131","publisher":{"@id":"https:\/\/sxflightcase.com\/th\/#organization"},"potentialAction":[{"@type":"SearchAction","target":{"@type":"EntryPoint","urlTemplate":"https:\/\/sxflightcase.com\/th\/?s={search_term_string}"},"query-input":{"@type":"PropertyValueSpecification","valueRequired":true,"valueName":"search_term_string"}}],"inLanguage":"tr"},{"@type":"Organization","@id":"https:\/\/sxflightcase.com\/th\/#organization","name":"sxpowercase.com","url":"https:\/\/sxflightcase.com\/th\/","logo":{"@type":"ImageObject","inLanguage":"tr","@id":"https:\/\/sxflightcase.com\/th\/#\/schema\/logo\/image\/","url":"https:\/\/sxflightcase.com\/wp-content\/uploads\/2024\/04\/1713919036007.jpg","contentUrl":"https:\/\/sxflightcase.com\/wp-content\/uploads\/2024\/04\/1713919036007.jpg","width":382,"height":388,"caption":"sxpowercase.com"},"image":{"@id":"https:\/\/sxflightcase.com\/th\/#\/schema\/logo\/image\/"},"sameAs":["https:\/\/www.facebook.com\/profile.php?id=61560407257971"],"numberOfEmployees":{"@type":"QuantitativeValue","minValue":"11","maxValue":"50"}}]}},"_links":{"self":[{"href":"https:\/\/sxflightcase.com\/tr\/wp-json\/wp\/v2\/product\/3186","targetHints":{"allow":["GET"]}}],"collection":[{"href":"https:\/\/sxflightcase.com\/tr\/wp-json\/wp\/v2\/product"}],"about":[{"href":"https:\/\/sxflightcase.com\/tr\/wp-json\/wp\/v2\/types\/product"}],"replies":[{"embeddable":true,"href":"https:\/\/sxflightcase.com\/tr\/wp-json\/wp\/v2\/comments?post=3186"}],"version-history":[{"count":0,"href":"https:\/\/sxflightcase.com\/tr\/wp-json\/wp\/v2\/product\/3186\/revisions"}],"wp:featuredmedia":[{"embeddable":true,"href":"https:\/\/sxflightcase.com\/tr\/wp-json\/wp\/v2\/media\/3177"}],"wp:attachment":[{"href":"https:\/\/sxflightcase.com\/tr\/wp-json\/wp\/v2\/media?parent=3186"}],"wp:term":[{"taxonomy":"product_brand","embeddable":true,"href":"https:\/\/sxflightcase.com\/tr\/wp-json\/wp\/v2\/product_brand?post=3186"},{"taxonomy":"product_cat","embeddable":true,"href":"https:\/\/sxflightcase.com\/tr\/wp-json\/wp\/v2\/product_cat?post=3186"},{"taxonomy":"product_tag","embeddable":true,"href":"https:\/\/sxflightcase.com\/tr\/wp-json\/wp\/v2\/product_tag?post=3186"}],"curies":[{"name":"wp","href":"https:\/\/api.w.org\/{rel}","templated":true}]}}