{"id":3803,"date":"2024-07-26T08:02:51","date_gmt":"2024-07-26T07:02:51","guid":{"rendered":"https:\/\/sxpowercase.com\/?post_type=product&#038;p=3803"},"modified":"2024-07-29T07:06:45","modified_gmt":"2024-07-29T06:06:45","slug":"butterfly-latch-loa102","status":"publish","type":"product","link":"https:\/\/sxflightcase.com\/tr\/urun\/kelebek-mandal-loa102\/","title":{"rendered":"Kelebek Mandal LOA102"},"content":{"rendered":"<h1>SX'in Kelebek Mandal\u0131 ile G\u00fcvenli\u011finizi Art\u0131r\u0131n<\/h1>\n<h2>SX'in Kelebek Mandal\u0131 ile \u00dcst\u00fcn G\u00fcvenlik<\/h2>\n<p>Ekipman\u0131n\u0131z\u0131 g\u00fcvence alt\u0131na al\u0131rken SX'in Kelebek Mandal\u0131ndan ba\u015fkas\u0131na bakmay\u0131n. Mandallar\u0131m\u0131z, u\u00e7u\u015f \u00e7antalar\u0131 i\u00e7in g\u00fcvenilir bir kapatma sa\u011flamak \u00fczere titizlikle tasarlanm\u0131\u015ft\u0131r ve de\u011ferli ekipman\u0131n\u0131z\u0131n nakliye ve depolama s\u0131ras\u0131nda korunmas\u0131n\u0131 sa\u011flar. \u0130ster m\u00fczisyen, ister teknisyen veya m\u00fchendis olun, SX'in kelebek mandallar\u0131 ihtiyac\u0131n\u0131z olan g\u00fcvenli\u011fi ve g\u00f6n\u00fcl rahatl\u0131\u011f\u0131n\u0131 sunar.<\/p>\n<h2>Dayan\u0131kl\u0131l\u0131k ve G\u00fcvenilirlik<\/h2>\n<p>SX'in kelebek mandallar\u0131 dayan\u0131kl\u0131l\u0131k ve g\u00fcvenilirlik i\u00e7in \u00fcretilmi\u015ftir. En kaliteli malzemelerden \u00fcretilen bu mandallar a\u011f\u0131r kullan\u0131ma dayanacak \u015fekilde \u00fcretilmi\u015ftir. Sa\u011flam yap\u0131, u\u00e7u\u015f \u00e7antalar\u0131n\u0131z\u0131n s\u0131k\u0131ca kapal\u0131 kalmas\u0131n\u0131 sa\u011flayarak ekipman\u0131n\u0131z\u0131 darbelere, d\u00fc\u015fmelere ve di\u011fer potansiyel tehlikelere kar\u015f\u0131 korur. \u0130le <a title=\"SX\" href=\"https:\/\/sxpowercase.com\/\" target=\"_blank\" rel=\"noopener\" data-wpil-monitor-id=\"595\">SX<\/a>E\u015fyalar\u0131n\u0131z her zaman g\u00fcvendedir.<\/p>\n<h2>Fabrikadan Gelen Kalite G\u00fcvencesi<\/h2>\n<p>SX olarak, en y\u00fcksek kalite standartlar\u0131n\u0131 kar\u015f\u0131layan fabrika \u00e7\u0131k\u0131\u015fl\u0131 \u00fcr\u00fcnler sunmaktan gurur duyuyoruz. Kelebek mandallar\u0131m\u0131z da bir istisna de\u011fildir. Arac\u0131lar\u0131 ortadan kald\u0131rarak, hem y\u00fcksek kaliteli hem de uygun fiyatl\u0131 mandallar sunuyoruz. Bu fabrika do\u011frudan yakla\u015f\u0131m\u0131, rekabet\u00e7i fiyatlarla \u00fcst\u00fcn \u00fcr\u00fcnler alman\u0131z\u0131 sa\u011flar.<\/p>\n<h2>Kullan\u0131c\u0131 Dostu ve Kullan\u0131\u015fl\u0131<\/h2>\n<p>SX'in kelebek mandallar\u0131 kullan\u0131m kolayl\u0131\u011f\u0131 i\u00e7in tasarlanm\u0131\u015ft\u0131r. Basit mekanizmas\u0131 sayesinde u\u00e7u\u015f \u00e7antalar\u0131n\u0131z\u0131 zahmetsizce a\u00e7\u0131p kapatarak zamandan ve emekten tasarruf etmenizi sa\u011flar. \u0130ster bir performans i\u00e7in haz\u0131rlan\u0131n ister bir etkinlikten sonra toparlan\u0131n, mandallar\u0131m\u0131z ihtiyac\u0131n\u0131z olan kolayl\u0131\u011f\u0131 sa\u011flar. SX'in kelebek mandallar\u0131n\u0131n kolayl\u0131\u011f\u0131n\u0131 ke\u015ffedin ve i\u015f ak\u0131\u015f\u0131n\u0131z\u0131 kolayla\u015ft\u0131r\u0131n.<\/p>\n<h2>\u0130htiya\u00e7lar\u0131n\u0131za \u00d6zel \u00c7\u00f6z\u00fcmler<\/h2>\n<p>SX olarak her ekipman\u0131n kendine \u00f6zg\u00fc gereksinimleri oldu\u011funu biliyoruz. Bu nedenle kelebek mandallar\u0131m\u0131z i\u00e7in \u00f6zelle\u015ftirme se\u00e7enekleri sunuyoruz. \u0130ster belirli bir boyuta, kaplamaya veya tasar\u0131ma ihtiyac\u0131n\u0131z olsun, ekibimiz ihtiya\u00e7lar\u0131n\u0131za uygun \u0131smarlama \u00e7\u00f6z\u00fcmler sa\u011flayabilir. SX'in \u00f6zel yap\u0131m kelebek mandallar\u0131 ile m\u00fckemmel uyumu deneyimleyin.<\/p>\n<h2>Uygun Fiyatl\u0131 Kalite<\/h2>\n<p>SX, y\u00fcksek kaliteli \u00fcr\u00fcnleri uygun fiyatlarla sunmaya kendini adam\u0131\u015ft\u0131r. Kelebek mandallar\u0131m\u0131z bu taahh\u00fcd\u00fcn bir kan\u0131t\u0131d\u0131r. Do\u011frudan fabrika modelimizden yararlanarak, kaliteden \u00f6d\u00fcn vermeden uygun maliyetli \u00e7\u00f6z\u00fcmler sunuyoruz. SX'in kelebek mandallar\u0131na yat\u0131r\u0131m yap\u0131n ve paran\u0131z\u0131n kar\u015f\u0131l\u0131\u011f\u0131n\u0131 en iyi \u015fekilde al\u0131n.<\/p>\n<h2>\u00c7ok Y\u00f6nl\u00fc Uygulamalar<\/h2>\n<p>SX'in kelebek mandallar\u0131 \u00e7ok y\u00f6nl\u00fcd\u00fcr ve \u00e7e\u015fitli uygulamalar i\u00e7in uygundur. Mandallar\u0131m\u0131z, u\u00e7u\u015f \u00e7antalar\u0131 ve ekipman raflar\u0131ndan saklama kutular\u0131 ve alet \u00e7antalar\u0131na kadar farkl\u0131 kullan\u0131m alanlar\u0131nda g\u00fcvenli kapatma sa\u011flar. T\u00fcm kelebek mandal ihtiya\u00e7lar\u0131n\u0131z i\u00e7in SX'e g\u00fcvenin ve \u00fcr\u00fcnlerimizin esnekli\u011finden ve g\u00fcvenilirli\u011finden yararlan\u0131n.<\/p>\n<h2>M\u00fckemmellik i\u00e7in SX'i se\u00e7in<\/h2>\n<p>SX'i se\u00e7mek kalite, g\u00fcvenilirlik ve uygun fiyatta m\u00fckemmelli\u011fi se\u00e7mek demektir. Kelebek mandallar\u0131m\u0131z, ekipman\u0131n\u0131z i\u00e7in en iyi korumay\u0131 sunarak g\u00fcvenli ve emniyetli kalmas\u0131n\u0131 sa\u011flamak \u00fczere tasarlanm\u0131\u015ft\u0131r. Fabrikadan do\u011frudan kalite g\u00fcvencemiz sayesinde, en iyi \u00fcr\u00fcnleri en iyi fiyatlarla ald\u0131\u011f\u0131n\u0131zdan emin olabilirsiniz.<\/p>\n<h2>Bug\u00fcn SX ile \u0130leti\u015fime Ge\u00e7in<\/h2>\n<p>SX'in kelebek mandallar\u0131 ile ekipman\u0131n\u0131z\u0131n g\u00fcvenli\u011fini art\u0131rmaya haz\u0131r m\u0131s\u0131n\u0131z? \u00dcr\u00fcnlerimiz ve \u00f6zelle\u015ftirme se\u00e7eneklerimiz hakk\u0131nda daha fazla bilgi edinmek i\u00e7in bug\u00fcn bize ula\u015f\u0131n. Ekibimiz ihtiya\u00e7lar\u0131n\u0131z i\u00e7in m\u00fckemmel \u00e7\u00f6z\u00fcmleri bulman\u0131za yard\u0131mc\u0131 olmaya haz\u0131r. T\u00fcm kelebek mandal gereksinimleriniz i\u00e7in SX'e g\u00fcvenin ve benzersiz kalite ve g\u00fcvenilirli\u011fi deneyimleyin.<\/p>\n<p>Hemen \u0130leti\u015fime Ge\u00e7in:<span style=\"color: #0000ff;\"><a style=\"color: #0000ff;\" href=\"https:\/\/sxpowercase.com\/contact-us\/\">https:\/\/sxpowercase.com\/<\/a><\/span><\/p>\n<p>Donan\u0131m \u00dcr\u00fcn Katalo\u011fu\uff1a<span style=\"color: #3366ff;\"><a style=\"color: #3366ff;\" href=\"https:\/\/sxpowercase.com\/wp-content\/uploads\/2024\/07\/\u4e94\u91d1.pdf\">Donan\u0131m aksesuarlar\u0131 katalo\u011fu<\/a><\/span><\/p>","protected":false},"excerpt":{"rendered":"<div class=\"flex-shrink-0 flex flex-col relative items-end\">\n<div>\n<div class=\"pt-0\">\n<div class=\"gizmo-bot-avatar flex h-8 w-8 items-center justify-center overflow-hidden rounded-full\">\n<div class=\"relative p-1 rounded-sm flex items-center justify-center bg-token-main-surface-primary text-token-text-primary h-8 w-8\"><\/div>\n<\/div>\n<\/div>\n<\/div>\n<\/div>\n<div class=\"group\/conversation-turn relative flex w-full min-w-0 flex-col agent-turn\">\n<div class=\"flex-col gap-1 md:gap-3\">\n<div class=\"flex flex-grow flex-col max-w-full AIPRM__conversation__response\">\n<div class=\"min-h-[20px] text-message flex w-full flex-col items-end gap-2 whitespace-pre-wrap break-words [.text-message+&amp;]:mt-5 overflow-x-auto\" dir=\"auto\" data-message-author-role=\"assistant\" data-message-id=\"5f113cd8-0571-4314-acba-63f4a0d58950\">\n<div class=\"flex w-full flex-col gap-1 empty:hidden first:pt-[3px]\">\n<div class=\"markdown prose w-full break-words dark:prose-invert light\">\n<h3>Unmatched Security with SX&#8217;s Butterfly Latch<\/h3>\n<p>Protect your valuable equipment with SX&#8217;s robust and reliable butterfly latches. Built from high-quality materials, these latches ensure secure closure for flight cases, offering unmatched security and peace of mind during transport and storage.<\/p>\n<h3>Factory-Direct Quality at Affordable Prices<\/h3>\n<p>Experience top-tier quality without breaking the bank with SX&#8217;s factory-direct butterfly latches. Our latches provide durability and reliability at competitive prices, ensuring you get the best value for your money.<\/p>\n<h3>Customisable and Convenient Butterfly Latches<\/h3>\n<p>SX offers easy-to-use butterfly latches with customisation options to meet your unique needs. Whether for flight cases or storage boxes, our latches deliver secure closures, making your job simpler and more efficient.<\/p>\n<\/div>\n<\/div>\n<\/div>\n<\/div>\n<\/div>\n<\/div>\n","protected":false},"featured_media":3773,"comment_status":"open","ping_status":"closed","template":"","meta":[],"product_brand":[],"product_cat":[61],"product_tag":[],"class_list":{"0":"post-3803","1":"product","2":"type-product","3":"status-publish","4":"has-post-thumbnail","6":"product_cat-catchother-locks","8":"first","9":"instock","10":"shipping-taxable","11":"product-type-simple"},"yoast_head":"<!-- This site is optimized with the Yoast SEO Premium plugin v27.1 (Yoast SEO v27.2) - https:\/\/yoast.com\/product\/yoast-seo-premium-wordpress\/ -->\n<title>Butterfly Latch LOA102 - https:\/\/sxflightcase.com \ud83d\udc97<\/title>\n<meta name=\"description\" content=\"Butterfly latch, factory direct! High-quality, reliable solutions for secure closures on flight cases and equipment. Ideal for professional and industrial use.\" \/>\n<meta name=\"robots\" content=\"index, follow, max-snippet:-1, max-image-preview:large, max-video-preview:-1\" \/>\n<link rel=\"canonical\" href=\"https:\/\/sxflightcase.com\/tr\/\uc81c\ud488\/\ubc84\ud130\ud50c\ub77c\uc774-\ub798\uce58-loa102-2\/\" \/>\n<meta property=\"og:locale\" content=\"tr_TR\" \/>\n<meta property=\"og:type\" content=\"article\" \/>\n<meta property=\"og:title\" content=\"Butterfly Latch LOA102\" \/>\n<meta property=\"og:description\" content=\"Butterfly latch, factory direct! High-quality, reliable solutions for secure closures on flight cases and equipment. Ideal for professional and industrial use.\" \/>\n<meta property=\"og:url\" content=\"https:\/\/sxflightcase.com\/tr\/\uc81c\ud488\/\ubc84\ud130\ud50c\ub77c\uc774-\ub798\uce58-loa102-2\/\" \/>\n<meta property=\"og:site_name\" content=\"https:\/\/sxflightcase.com\" \/>\n<meta property=\"article:publisher\" content=\"https:\/\/www.facebook.com\/profile.php?id=61560407257971\" \/>\n<meta property=\"article:modified_time\" content=\"2024-07-29T06:06:45+00:00\" \/>\n<meta property=\"og:image\" content=\"https:\/\/sxflightcase.com\/wp-content\/uploads\/2024\/07\/LOA102.jpg\" \/>\n\t<meta property=\"og:image:width\" content=\"700\" \/>\n\t<meta property=\"og:image:height\" content=\"700\" \/>\n\t<meta property=\"og:image:type\" content=\"image\/jpeg\" \/>\n<meta name=\"twitter:card\" content=\"summary_large_image\" \/>\n<meta name=\"twitter:label1\" content=\"Tahmini okuma s\u00fcresi\" \/>\n\t<meta name=\"twitter:data1\" content=\"3 dakika\" \/>\n<script type=\"application\/ld+json\" class=\"yoast-schema-graph\">{\"@context\":\"https:\/\/schema.org\",\"@graph\":[{\"@type\":\"WebPage\",\"@id\":\"https:\/\/sxflightcase.com\/ko\/\uc81c\ud488\/\ubc84\ud130\ud50c\ub77c\uc774-\ub798\uce58-loa102-2\/\",\"url\":\"https:\/\/sxflightcase.com\/ko\/\uc81c\ud488\/\ubc84\ud130\ud50c\ub77c\uc774-\ub798\uce58-loa102-2\/\",\"name\":\"Butterfly Latch LOA102 - https:\/\/sxflightcase.com \ud83d\udc97\",\"isPartOf\":{\"@id\":\"https:\/\/sxflightcase.com\/th\/#website\"},\"primaryImageOfPage\":{\"@id\":\"https:\/\/sxflightcase.com\/ko\/\uc81c\ud488\/\ubc84\ud130\ud50c\ub77c\uc774-\ub798\uce58-loa102-2\/#primaryimage\"},\"image\":{\"@id\":\"https:\/\/sxflightcase.com\/ko\/\uc81c\ud488\/\ubc84\ud130\ud50c\ub77c\uc774-\ub798\uce58-loa102-2\/#primaryimage\"},\"thumbnailUrl\":\"https:\/\/sxflightcase.com\/wp-content\/uploads\/2024\/07\/LOA102.jpg\",\"datePublished\":\"2024-07-26T07:02:51+00:00\",\"dateModified\":\"2024-07-29T06:06:45+00:00\",\"description\":\"Butterfly latch, factory direct! High-quality, reliable solutions for secure closures on flight cases and equipment. Ideal for professional and industrial use.\",\"breadcrumb\":{\"@id\":\"https:\/\/sxflightcase.com\/ko\/\uc81c\ud488\/\ubc84\ud130\ud50c\ub77c\uc774-\ub798\uce58-loa102-2\/#breadcrumb\"},\"inLanguage\":\"tr\",\"potentialAction\":[{\"@type\":\"ReadAction\",\"target\":[\"https:\/\/sxflightcase.com\/ko\/\uc81c\ud488\/\ubc84\ud130\ud50c\ub77c\uc774-\ub798\uce58-loa102-2\/\"]}]},{\"@type\":\"ImageObject\",\"inLanguage\":\"tr\",\"@id\":\"https:\/\/sxflightcase.com\/ko\/\uc81c\ud488\/\ubc84\ud130\ud50c\ub77c\uc774-\ub798\uce58-loa102-2\/#primaryimage\",\"url\":\"https:\/\/sxflightcase.com\/wp-content\/uploads\/2024\/07\/LOA102.jpg\",\"contentUrl\":\"https:\/\/sxflightcase.com\/wp-content\/uploads\/2024\/07\/LOA102.jpg\",\"width\":700,\"height\":700,\"caption\":\"Butterfly Latch\"},{\"@type\":\"BreadcrumbList\",\"@id\":\"https:\/\/sxflightcase.com\/ko\/\uc81c\ud488\/\ubc84\ud130\ud50c\ub77c\uc774-\ub798\uce58-loa102-2\/#breadcrumb\",\"itemListElement\":[{\"@type\":\"ListItem\",\"position\":1,\"name\":\"Home\",\"item\":\"https:\/\/sxflightcase.com\/\"},{\"@type\":\"ListItem\",\"position\":2,\"name\":\"\u0e2a\u0e34\u0e19\u0e04\u0e49\u0e32\",\"item\":\"https:\/\/sxflightcase.com\/th\/shop\/\"},{\"@type\":\"ListItem\",\"position\":3,\"name\":\"Butterfly Latch LOA102\"}]},{\"@type\":\"WebSite\",\"@id\":\"https:\/\/sxflightcase.com\/th\/#website\",\"url\":\"https:\/\/sxflightcase.com\/th\/\",\"name\":\"sxpowercase.com\",\"description\":\"Flight Case Factory\",\"publisher\":{\"@id\":\"https:\/\/sxflightcase.com\/th\/#organization\"},\"potentialAction\":[{\"@type\":\"SearchAction\",\"target\":{\"@type\":\"EntryPoint\",\"urlTemplate\":\"https:\/\/sxflightcase.com\/th\/?s={search_term_string}\"},\"query-input\":{\"@type\":\"PropertyValueSpecification\",\"valueRequired\":true,\"valueName\":\"search_term_string\"}}],\"inLanguage\":\"tr\"},{\"@type\":\"Organization\",\"@id\":\"https:\/\/sxflightcase.com\/th\/#organization\",\"name\":\"sxpowercase.com\",\"url\":\"https:\/\/sxflightcase.com\/th\/\",\"logo\":{\"@type\":\"ImageObject\",\"inLanguage\":\"tr\",\"@id\":\"https:\/\/sxflightcase.com\/th\/#\/schema\/logo\/image\/\",\"url\":\"https:\/\/sxflightcase.com\/wp-content\/uploads\/2024\/04\/1713919036007.jpg\",\"contentUrl\":\"https:\/\/sxflightcase.com\/wp-content\/uploads\/2024\/04\/1713919036007.jpg\",\"width\":382,\"height\":388,\"caption\":\"sxpowercase.com\"},\"image\":{\"@id\":\"https:\/\/sxflightcase.com\/th\/#\/schema\/logo\/image\/\"},\"sameAs\":[\"https:\/\/www.facebook.com\/profile.php?id=61560407257971\"],\"numberOfEmployees\":{\"@type\":\"QuantitativeValue\",\"minValue\":\"11\",\"maxValue\":\"50\"}}]}<\/script>\n<!-- \/ Yoast SEO Premium plugin. -->","yoast_head_json":{"title":"Butterfly Latch LOA102 - https:\/\/sxflightcase.com \ud83d\udc97","description":"Kelebek mandal, do\u011frudan fabrika \u00e7\u0131k\u0131\u015f\u0131! U\u00e7u\u015f \u00e7antalar\u0131 ve ekipmanlarda g\u00fcvenli kapamalar i\u00e7in y\u00fcksek kaliteli, g\u00fcvenilir \u00e7\u00f6z\u00fcmler. Profesyonel ve end\u00fcstriyel kullan\u0131m i\u00e7in idealdir.","robots":{"index":"index","follow":"follow","max-snippet":"max-snippet:-1","max-image-preview":"max-image-preview:large","max-video-preview":"max-video-preview:-1"},"canonical":"https:\/\/sxflightcase.com\/tr\/\uc81c\ud488\/\ubc84\ud130\ud50c\ub77c\uc774-\ub798\uce58-loa102-2\/","og_locale":"tr_TR","og_type":"article","og_title":"Butterfly Latch LOA102","og_description":"Butterfly latch, factory direct! High-quality, reliable solutions for secure closures on flight cases and equipment. Ideal for professional and industrial use.","og_url":"https:\/\/sxflightcase.com\/tr\/\uc81c\ud488\/\ubc84\ud130\ud50c\ub77c\uc774-\ub798\uce58-loa102-2\/","og_site_name":"https:\/\/sxflightcase.com","article_publisher":"https:\/\/www.facebook.com\/profile.php?id=61560407257971","article_modified_time":"2024-07-29T06:06:45+00:00","og_image":[{"width":700,"height":700,"url":"https:\/\/sxflightcase.com\/wp-content\/uploads\/2024\/07\/LOA102.jpg","type":"image\/jpeg"}],"twitter_card":"summary_large_image","twitter_misc":{"Tahmini okuma s\u00fcresi":"3 dakika"},"schema":{"@context":"https:\/\/schema.org","@graph":[{"@type":"WebPage","@id":"https:\/\/sxflightcase.com\/ko\/\uc81c\ud488\/\ubc84\ud130\ud50c\ub77c\uc774-\ub798\uce58-loa102-2\/","url":"https:\/\/sxflightcase.com\/ko\/\uc81c\ud488\/\ubc84\ud130\ud50c\ub77c\uc774-\ub798\uce58-loa102-2\/","name":"Butterfly Latch LOA102 - https:\/\/sxflightcase.com \ud83d\udc97","isPartOf":{"@id":"https:\/\/sxflightcase.com\/th\/#website"},"primaryImageOfPage":{"@id":"https:\/\/sxflightcase.com\/ko\/\uc81c\ud488\/\ubc84\ud130\ud50c\ub77c\uc774-\ub798\uce58-loa102-2\/#primaryimage"},"image":{"@id":"https:\/\/sxflightcase.com\/ko\/\uc81c\ud488\/\ubc84\ud130\ud50c\ub77c\uc774-\ub798\uce58-loa102-2\/#primaryimage"},"thumbnailUrl":"https:\/\/sxflightcase.com\/wp-content\/uploads\/2024\/07\/LOA102.jpg","datePublished":"2024-07-26T07:02:51+00:00","dateModified":"2024-07-29T06:06:45+00:00","description":"Kelebek mandal, do\u011frudan fabrika \u00e7\u0131k\u0131\u015f\u0131! U\u00e7u\u015f \u00e7antalar\u0131 ve ekipmanlarda g\u00fcvenli kapamalar i\u00e7in y\u00fcksek kaliteli, g\u00fcvenilir \u00e7\u00f6z\u00fcmler. Profesyonel ve end\u00fcstriyel kullan\u0131m i\u00e7in idealdir.","breadcrumb":{"@id":"https:\/\/sxflightcase.com\/ko\/\uc81c\ud488\/\ubc84\ud130\ud50c\ub77c\uc774-\ub798\uce58-loa102-2\/#breadcrumb"},"inLanguage":"tr","potentialAction":[{"@type":"ReadAction","target":["https:\/\/sxflightcase.com\/ko\/\uc81c\ud488\/\ubc84\ud130\ud50c\ub77c\uc774-\ub798\uce58-loa102-2\/"]}]},{"@type":"ImageObject","inLanguage":"tr","@id":"https:\/\/sxflightcase.com\/ko\/\uc81c\ud488\/\ubc84\ud130\ud50c\ub77c\uc774-\ub798\uce58-loa102-2\/#primaryimage","url":"https:\/\/sxflightcase.com\/wp-content\/uploads\/2024\/07\/LOA102.jpg","contentUrl":"https:\/\/sxflightcase.com\/wp-content\/uploads\/2024\/07\/LOA102.jpg","width":700,"height":700,"caption":"Butterfly Latch"},{"@type":"BreadcrumbList","@id":"https:\/\/sxflightcase.com\/ko\/\uc81c\ud488\/\ubc84\ud130\ud50c\ub77c\uc774-\ub798\uce58-loa102-2\/#breadcrumb","itemListElement":[{"@type":"ListItem","position":1,"name":"Home","item":"https:\/\/sxflightcase.com\/"},{"@type":"ListItem","position":2,"name":"\u0e2a\u0e34\u0e19\u0e04\u0e49\u0e32","item":"https:\/\/sxflightcase.com\/th\/shop\/"},{"@type":"ListItem","position":3,"name":"Butterfly Latch LOA102"}]},{"@type":"WebSite","@id":"https:\/\/sxflightcase.com\/th\/#website","url":"https:\/\/sxflightcase.com\/th\/","name":"sxpowercase.com","description":"U\u00e7u\u015f \u00c7antas\u0131 Fabrikas\u0131","publisher":{"@id":"https:\/\/sxflightcase.com\/th\/#organization"},"potentialAction":[{"@type":"SearchAction","target":{"@type":"EntryPoint","urlTemplate":"https:\/\/sxflightcase.com\/th\/?s={search_term_string}"},"query-input":{"@type":"PropertyValueSpecification","valueRequired":true,"valueName":"search_term_string"}}],"inLanguage":"tr"},{"@type":"Organization","@id":"https:\/\/sxflightcase.com\/th\/#organization","name":"sxpowercase.com","url":"https:\/\/sxflightcase.com\/th\/","logo":{"@type":"ImageObject","inLanguage":"tr","@id":"https:\/\/sxflightcase.com\/th\/#\/schema\/logo\/image\/","url":"https:\/\/sxflightcase.com\/wp-content\/uploads\/2024\/04\/1713919036007.jpg","contentUrl":"https:\/\/sxflightcase.com\/wp-content\/uploads\/2024\/04\/1713919036007.jpg","width":382,"height":388,"caption":"sxpowercase.com"},"image":{"@id":"https:\/\/sxflightcase.com\/th\/#\/schema\/logo\/image\/"},"sameAs":["https:\/\/www.facebook.com\/profile.php?id=61560407257971"],"numberOfEmployees":{"@type":"QuantitativeValue","minValue":"11","maxValue":"50"}}]}},"_links":{"self":[{"href":"https:\/\/sxflightcase.com\/tr\/wp-json\/wp\/v2\/product\/3803","targetHints":{"allow":["GET"]}}],"collection":[{"href":"https:\/\/sxflightcase.com\/tr\/wp-json\/wp\/v2\/product"}],"about":[{"href":"https:\/\/sxflightcase.com\/tr\/wp-json\/wp\/v2\/types\/product"}],"replies":[{"embeddable":true,"href":"https:\/\/sxflightcase.com\/tr\/wp-json\/wp\/v2\/comments?post=3803"}],"version-history":[{"count":0,"href":"https:\/\/sxflightcase.com\/tr\/wp-json\/wp\/v2\/product\/3803\/revisions"}],"wp:featuredmedia":[{"embeddable":true,"href":"https:\/\/sxflightcase.com\/tr\/wp-json\/wp\/v2\/media\/3773"}],"wp:attachment":[{"href":"https:\/\/sxflightcase.com\/tr\/wp-json\/wp\/v2\/media?parent=3803"}],"wp:term":[{"taxonomy":"product_brand","embeddable":true,"href":"https:\/\/sxflightcase.com\/tr\/wp-json\/wp\/v2\/product_brand?post=3803"},{"taxonomy":"product_cat","embeddable":true,"href":"https:\/\/sxflightcase.com\/tr\/wp-json\/wp\/v2\/product_cat?post=3803"},{"taxonomy":"product_tag","embeddable":true,"href":"https:\/\/sxflightcase.com\/tr\/wp-json\/wp\/v2\/product_tag?post=3803"}],"curies":[{"name":"wp","href":"https:\/\/api.w.org\/{rel}","templated":true}]}}