{"id":3832,"date":"2024-07-29T07:30:29","date_gmt":"2024-07-29T06:30:29","guid":{"rendered":"https:\/\/sxpowercase.com\/?post_type=product&#038;p=3832"},"modified":"2024-07-29T07:30:41","modified_gmt":"2024-07-29T06:30:41","slug":"butterfly-latches-loa201","status":"publish","type":"product","link":"https:\/\/sxflightcase.com\/tr\/urun\/kelebek-mandallar-loa201-2\/","title":{"rendered":"Kelebek Mandallar LOA201"},"content":{"rendered":"<h1>SX'in Kelebek Mandallar\u0131n\u0131n M\u00fckemmelli\u011fini Ke\u015ffedin<\/h1>\n<h2>SX'in Kelebek Mandallar\u0131 ile E\u015fsiz G\u00fcvenlik<\/h2>\n<p>Konu de\u011ferli ekipmanlar\u0131n\u0131z\u0131n g\u00fcvenli\u011fini sa\u011flamak oldu\u011funda, SX Kelebek Mandallar\u0131 nihai \u00e7\u00f6z\u00fcmd\u00fcr. Mandallar\u0131m\u0131z, u\u00e7u\u015f \u00e7antalar\u0131n\u0131z i\u00e7in g\u00fcvenilir ve g\u00fcvenli bir kapatma sa\u011flamak \u00fczere titizlikle tasarlanm\u0131\u015ft\u0131r. \u0130ster turne yapan bir m\u00fczisyen, ister bir ses teknisyeni veya bir etkinlik profesyoneli olun, SX'in kelebek mandallar\u0131 ihtiyac\u0131n\u0131z olan g\u00f6n\u00fcl rahatl\u0131\u011f\u0131n\u0131 sunar.<\/p>\n<h2>Dayan\u0131kl\u0131l\u0131k i\u00e7in \u00dcretildi<\/h2>\n<p>\u015eu anda <a title=\"SX\" href=\"https:\/\/sxpowercase.com\/\" target=\"_blank\" rel=\"noopener\" data-wpil-monitor-id=\"602\">SX<\/a>kalite ve dayan\u0131kl\u0131l\u0131\u011fa \u00f6ncelik veriyoruz. Kelebek mandallar\u0131m\u0131z, s\u0131k kullan\u0131m\u0131n zorluklar\u0131na dayanabilmelerini sa\u011flamak i\u00e7in y\u00fcksek kaliteli malzemelerden \u00fcretilmi\u015ftir. Sa\u011flam yap\u0131, u\u00e7u\u015f \u00e7antalar\u0131n\u0131z\u0131n g\u00fcvenli bir \u015fekilde kapal\u0131 kalmas\u0131n\u0131 garanti ederek ekipman\u0131n\u0131z\u0131 olas\u0131 hasarlardan korur. SX ile ekipman\u0131n\u0131z\u0131n her zaman g\u00fcvende oldu\u011funa g\u00fcvenebilirsiniz.<\/p>\n<h2>Fabrika Do\u011frudan Kalite G\u00fcvencesi<\/h2>\n<p>SX, en \u00fcst d\u00fczeyde kalite kontrol ve rekabet\u00e7i fiyatland\u0131rma sa\u011flayarak fabrikadan do\u011frudan \u00fcr\u00fcnler sunar. Kelebek mandallar\u0131m\u0131z, s\u0131k\u0131 kalite standartlar\u0131n\u0131 kar\u015f\u0131layan hassasiyet ve \u00f6zenle \u00fcretilmektedir. Arac\u0131lar\u0131 ortadan kald\u0131rarak, daha d\u00fc\u015f\u00fck fiyatlarla \u00fcst\u00fcn \u00fcr\u00fcnler sa\u011fl\u0131yor ve y\u00fcksek kaliteli g\u00fcvenlik \u00e7\u00f6z\u00fcmlerini herkes i\u00e7in eri\u015filebilir hale getiriyoruz.<\/p>\n<h2>Kullan\u0131m Kolayl\u0131\u011f\u0131 ve Rahatl\u0131k<\/h2>\n<p>Kelebek mandallar\u0131m\u0131z kullan\u0131c\u0131 dostu kullan\u0131m i\u00e7in tasarlanm\u0131\u015ft\u0131r. Sezgisel mekanizma, u\u00e7u\u015f \u00e7antalar\u0131n\u0131z\u0131n h\u0131zl\u0131 ve zahmetsizce a\u00e7\u0131l\u0131p kapanmas\u0131n\u0131 sa\u011flar. \u0130ster bir konser i\u00e7in haz\u0131rlan\u0131yor ister bir etkinlikten sonra toplan\u0131yor olun, SX'in kelebek mandallar\u0131 s\u00fcreci basitle\u015ftirerek de\u011ferli zaman\u0131n\u0131zdan ve \u00e7aban\u0131zdan tasarruf etmenizi sa\u011flar.<\/p>\n<h2>\u0130htiya\u00e7lar\u0131n\u0131za Uygun \u00d6zel \u00c7\u00f6z\u00fcmler<\/h2>\n<p>Her ekipman par\u00e7as\u0131 benzersizdir ve SX \u00f6zel \u00e7\u00f6z\u00fcmlerin \u00f6nemini bilir. Kelebek mandallar\u0131m\u0131z i\u00e7in \u00f6zelle\u015ftirme se\u00e7enekleri sunarak \u00f6zel gereksinimlerinize m\u00fckemmel bir uyum sa\u011fl\u0131yoruz. \u0130ster belirli bir boyuta, kaplamaya veya tasar\u0131ma ihtiyac\u0131n\u0131z olsun, ekibimiz ihtiya\u00e7lar\u0131n\u0131za g\u00f6re \u0131smarlama \u00e7\u00f6z\u00fcmler sunmaya haz\u0131rd\u0131r.<\/p>\n<h2>Uygun Fiyatl\u0131 M\u00fckemmellik<\/h2>\n<p>SX, y\u00fcksek kaliteli \u00fcr\u00fcnleri uygun fiyatlarla sunmay\u0131 taahh\u00fct eder. Do\u011frudan fabrika modelimiz, kaliteden \u00f6d\u00fcn vermeden ola\u011fan\u00fcst\u00fc de\u011fer sunmam\u0131z\u0131 sa\u011flar. SX'in kelebek mandallar\u0131n\u0131 se\u00e7erek, b\u00fct\u00e7enizi sarsmayacak dayan\u0131kl\u0131 ve g\u00fcvenilir g\u00fcvenlik \u00e7\u00f6z\u00fcmlerine yat\u0131r\u0131m yapm\u0131\u015f olursunuz.<\/p>\n<h2>\u00c7ok Y\u00f6nl\u00fc Uygulamalar<\/h2>\n<p>SX'in kelebek mandal\u0131n\u0131n \u00e7ok y\u00f6nl\u00fcl\u00fc\u011f\u00fc, onlar\u0131 \u00e7ok \u00e7e\u015fitli uygulamalar i\u00e7in uygun hale getirir. U\u00e7u\u015f \u00e7antalar\u0131 ve ekipman raflar\u0131ndan saklama kutular\u0131 ve alet \u00e7antalar\u0131na kadar, mandallar\u0131m\u0131z \u00e7e\u015fitli ba\u011flamlarda g\u00fcvenli kapatma sa\u011flar. T\u00fcm kelebek mandal ihtiya\u00e7lar\u0131n\u0131z i\u00e7in SX'e g\u00fcvenin ve esneklik ve g\u00fcvenilirliklerinden yararlan\u0131n.<\/p>\n<h2>Neden SX&#039;i Se\u00e7melisiniz?<\/h2>\n<p>SX'i se\u00e7mek kalite, g\u00fcvenilirlik ve uygun fiyatta m\u00fckemmelli\u011fi tercih etmek anlam\u0131na gelir. Kelebek mandallar\u0131m\u0131z, ekipman\u0131n\u0131z i\u00e7in en iyi korumay\u0131 sa\u011flamak \u00fczere tasarlanm\u0131\u015ft\u0131r ve ekipman\u0131n\u0131z\u0131n g\u00fcvende ve emniyette kalmas\u0131n\u0131 sa\u011flar. Fabrikadan do\u011frudan kalite g\u00fcvencemizle, rakipsiz fiyatlarla birinci s\u0131n\u0131f \u00fcr\u00fcnler ald\u0131\u011f\u0131n\u0131zdan emin olabilirsiniz.<\/p>\n<h2>Bug\u00fcn SX ile \u0130leti\u015fime Ge\u00e7in<\/h2>\n<p>Ekipman\u0131n\u0131z\u0131n g\u00fcvenli\u011fini SX'in kelebek mandal\u0131 ile y\u00fckseltmeye haz\u0131r m\u0131s\u0131n\u0131z? \u00dcr\u00fcnlerimiz ve \u00f6zelle\u015ftirme se\u00e7eneklerimiz hakk\u0131nda daha fazla bilgi edinmek i\u00e7in bug\u00fcn bize ula\u015f\u0131n. Ekibimiz ihtiya\u00e7lar\u0131n\u0131z i\u00e7in m\u00fckemmel \u00e7\u00f6z\u00fcmleri bulman\u0131za yard\u0131mc\u0131 olmaya isteklidir. T\u00fcm kelebek mandal gereksinimleriniz i\u00e7in SX'e g\u00fcvenin ve benzersiz kalite ve g\u00fcvenilirli\u011fi deneyimleyin.<\/p>\n<p>Hemen \u0130leti\u015fime Ge\u00e7in:<span style=\"color: #0000ff;\"><a style=\"color: #0000ff;\" href=\"https:\/\/sxpowercase.com\/contact-us\/\">https:\/\/sxpowercase.com\/<\/a><\/span><\/p>\n<p>Donan\u0131m \u00dcr\u00fcn Katalo\u011fu\uff1a<span style=\"color: #3366ff;\"><a style=\"color: #3366ff;\" href=\"https:\/\/sxpowercase.com\/wp-content\/uploads\/2024\/07\/\u4e94\u91d1.pdf\">Donan\u0131m aksesuarlar\u0131 katalo\u011fu<\/a><\/span><\/p>","protected":false},"excerpt":{"rendered":"<div class=\"flex-shrink-0 flex flex-col relative items-end\">\n<div>\n<div class=\"pt-0\">\n<div class=\"gizmo-bot-avatar flex h-8 w-8 items-center justify-center overflow-hidden rounded-full\">\n<h3 class=\"relative p-1 rounded-sm flex items-center justify-center bg-token-main-surface-primary text-token-text-primary h-8 w-8\">Unmatched Security with SX&#8217;s Butterfly Latch<\/h3>\n<\/div>\n<\/div>\n<\/div>\n<\/div>\n<div class=\"group\/conversation-turn relative flex w-full min-w-0 flex-col agent-turn\">\n<div class=\"flex-col gap-1 md:gap-3\">\n<div class=\"flex flex-grow flex-col max-w-full AIPRM__conversation__response\">\n<div class=\"min-h-[20px] text-message flex w-full flex-col items-end gap-2 whitespace-pre-wrap break-words [.text-message+&amp;]:mt-5 overflow-x-auto\" dir=\"auto\" data-message-author-role=\"assistant\" data-message-id=\"5f113cd8-0571-4314-acba-63f4a0d58950\">\n<div class=\"flex w-full flex-col gap-1 empty:hidden first:pt-[3px]\">\n<div class=\"markdown prose w-full break-words dark:prose-invert light\">\n<p>Protect your valuable equipment with SX&#8217;s robust and reliable butterfly latches. Built from high-quality materials, these latches ensure secure closure for flight cases, offering unmatched security and peace of mind during transport and storage.<\/p>\n<h3>Factory-Direct Quality at Affordable Prices<\/h3>\n<p>Experience top-tier quality without breaking the bank with SX&#8217;s factory-direct butterfly latches. Our latches provide durability and reliability at competitive prices, ensuring you get the best value for your money.<\/p>\n<h3>Customisable and Convenient Butterfly Latches<\/h3>\n<p>SX offers easy-to-use butterfly latches with customisation options to meet your unique needs. Whether for flight cases or storage boxes, our latches deliver secure closures, making your job simpler and more efficient.<\/p>\n<\/div>\n<\/div>\n<\/div>\n<\/div>\n<\/div>\n<\/div>\n","protected":false},"featured_media":3774,"comment_status":"open","ping_status":"closed","template":"","meta":[],"product_brand":[],"product_cat":[61],"product_tag":[],"class_list":{"0":"post-3832","1":"product","2":"type-product","3":"status-publish","4":"has-post-thumbnail","6":"product_cat-catchother-locks","8":"first","9":"instock","10":"shipping-taxable","11":"product-type-simple"},"yoast_head":"<!-- This site is optimized with the Yoast SEO Premium plugin v27.1 (Yoast SEO v27.2) - https:\/\/yoast.com\/product\/yoast-seo-premium-wordpress\/ -->\n<title>Butterfly Latches LOA201 - https:\/\/sxflightcase.com \ud83d\udc97<\/title>\n<meta name=\"description\" content=\"Butterfly latches, factory direct! High-quality, reliable solutions for secure closures on flight cases and equipment. Ideal for professional and industrial use.\" \/>\n<meta name=\"robots\" content=\"index, follow, max-snippet:-1, max-image-preview:large, max-video-preview:-1\" \/>\n<link rel=\"canonical\" href=\"https:\/\/sxflightcase.com\/tr\/produkt\/sommerfuglelase-loa201\/\" \/>\n<meta property=\"og:locale\" content=\"tr_TR\" \/>\n<meta property=\"og:type\" content=\"article\" \/>\n<meta property=\"og:title\" content=\"Butterfly Latches LOA201\" \/>\n<meta property=\"og:description\" content=\"Butterfly latches, factory direct! High-quality, reliable solutions for secure closures on flight cases and equipment. Ideal for professional and industrial use.\" \/>\n<meta property=\"og:url\" content=\"https:\/\/sxflightcase.com\/tr\/produkt\/sommerfuglelase-loa201\/\" \/>\n<meta property=\"og:site_name\" content=\"https:\/\/sxflightcase.com\" \/>\n<meta property=\"article:publisher\" content=\"https:\/\/www.facebook.com\/profile.php?id=61560407257971\" \/>\n<meta property=\"article:modified_time\" content=\"2024-07-29T06:30:41+00:00\" \/>\n<meta property=\"og:image\" content=\"https:\/\/sxflightcase.com\/wp-content\/uploads\/2024\/07\/LOA201.jpg\" \/>\n\t<meta property=\"og:image:width\" content=\"520\" \/>\n\t<meta property=\"og:image:height\" content=\"465\" \/>\n\t<meta property=\"og:image:type\" content=\"image\/jpeg\" \/>\n<meta name=\"twitter:card\" content=\"summary_large_image\" \/>\n<meta name=\"twitter:label1\" content=\"Tahmini okuma s\u00fcresi\" \/>\n\t<meta name=\"twitter:data1\" content=\"3 dakika\" \/>\n<script type=\"application\/ld+json\" class=\"yoast-schema-graph\">{\"@context\":\"https:\/\/schema.org\",\"@graph\":[{\"@type\":\"WebPage\",\"@id\":\"https:\/\/sxflightcase.com\/da\/produkt\/sommerfuglelase-loa201\/\",\"url\":\"https:\/\/sxflightcase.com\/da\/produkt\/sommerfuglelase-loa201\/\",\"name\":\"Butterfly Latches LOA201 - https:\/\/sxflightcase.com \ud83d\udc97\",\"isPartOf\":{\"@id\":\"https:\/\/sxflightcase.com\/th\/#website\"},\"primaryImageOfPage\":{\"@id\":\"https:\/\/sxflightcase.com\/da\/produkt\/sommerfuglelase-loa201\/#primaryimage\"},\"image\":{\"@id\":\"https:\/\/sxflightcase.com\/da\/produkt\/sommerfuglelase-loa201\/#primaryimage\"},\"thumbnailUrl\":\"https:\/\/sxflightcase.com\/wp-content\/uploads\/2024\/07\/LOA201.jpg\",\"datePublished\":\"2024-07-29T06:30:29+00:00\",\"dateModified\":\"2024-07-29T06:30:41+00:00\",\"description\":\"Butterfly latches, factory direct! High-quality, reliable solutions for secure closures on flight cases and equipment. Ideal for professional and industrial use.\",\"breadcrumb\":{\"@id\":\"https:\/\/sxflightcase.com\/da\/produkt\/sommerfuglelase-loa201\/#breadcrumb\"},\"inLanguage\":\"tr\",\"potentialAction\":[{\"@type\":\"ReadAction\",\"target\":[\"https:\/\/sxflightcase.com\/da\/produkt\/sommerfuglelase-loa201\/\"]}]},{\"@type\":\"ImageObject\",\"inLanguage\":\"tr\",\"@id\":\"https:\/\/sxflightcase.com\/da\/produkt\/sommerfuglelase-loa201\/#primaryimage\",\"url\":\"https:\/\/sxflightcase.com\/wp-content\/uploads\/2024\/07\/LOA201.jpg\",\"contentUrl\":\"https:\/\/sxflightcase.com\/wp-content\/uploads\/2024\/07\/LOA201.jpg\",\"width\":520,\"height\":465,\"caption\":\"Butterfly Latches\"},{\"@type\":\"BreadcrumbList\",\"@id\":\"https:\/\/sxflightcase.com\/da\/produkt\/sommerfuglelase-loa201\/#breadcrumb\",\"itemListElement\":[{\"@type\":\"ListItem\",\"position\":1,\"name\":\"Home\",\"item\":\"https:\/\/sxflightcase.com\/\"},{\"@type\":\"ListItem\",\"position\":2,\"name\":\"\u0e2a\u0e34\u0e19\u0e04\u0e49\u0e32\",\"item\":\"https:\/\/sxflightcase.com\/th\/shop\/\"},{\"@type\":\"ListItem\",\"position\":3,\"name\":\"Butterfly Latches LOA201\"}]},{\"@type\":\"WebSite\",\"@id\":\"https:\/\/sxflightcase.com\/th\/#website\",\"url\":\"https:\/\/sxflightcase.com\/th\/\",\"name\":\"sxpowercase.com\",\"description\":\"Flight Case Factory\",\"publisher\":{\"@id\":\"https:\/\/sxflightcase.com\/th\/#organization\"},\"potentialAction\":[{\"@type\":\"SearchAction\",\"target\":{\"@type\":\"EntryPoint\",\"urlTemplate\":\"https:\/\/sxflightcase.com\/th\/?s={search_term_string}\"},\"query-input\":{\"@type\":\"PropertyValueSpecification\",\"valueRequired\":true,\"valueName\":\"search_term_string\"}}],\"inLanguage\":\"tr\"},{\"@type\":\"Organization\",\"@id\":\"https:\/\/sxflightcase.com\/th\/#organization\",\"name\":\"sxpowercase.com\",\"url\":\"https:\/\/sxflightcase.com\/th\/\",\"logo\":{\"@type\":\"ImageObject\",\"inLanguage\":\"tr\",\"@id\":\"https:\/\/sxflightcase.com\/th\/#\/schema\/logo\/image\/\",\"url\":\"https:\/\/sxflightcase.com\/wp-content\/uploads\/2024\/04\/1713919036007.jpg\",\"contentUrl\":\"https:\/\/sxflightcase.com\/wp-content\/uploads\/2024\/04\/1713919036007.jpg\",\"width\":382,\"height\":388,\"caption\":\"sxpowercase.com\"},\"image\":{\"@id\":\"https:\/\/sxflightcase.com\/th\/#\/schema\/logo\/image\/\"},\"sameAs\":[\"https:\/\/www.facebook.com\/profile.php?id=61560407257971\"],\"numberOfEmployees\":{\"@type\":\"QuantitativeValue\",\"minValue\":\"11\",\"maxValue\":\"50\"}}]}<\/script>\n<!-- \/ Yoast SEO Premium plugin. -->","yoast_head_json":{"title":"Butterfly Latches LOA201 - https:\/\/sxflightcase.com \ud83d\udc97","description":"Kelebek mandallar, do\u011frudan fabrikada! U\u00e7u\u015f \u00e7antalar\u0131 ve ekipmanlarda g\u00fcvenli kapamalar i\u00e7in y\u00fcksek kaliteli, g\u00fcvenilir \u00e7\u00f6z\u00fcmler. Profesyonel ve end\u00fcstriyel kullan\u0131m i\u00e7in idealdir.","robots":{"index":"index","follow":"follow","max-snippet":"max-snippet:-1","max-image-preview":"max-image-preview:large","max-video-preview":"max-video-preview:-1"},"canonical":"https:\/\/sxflightcase.com\/tr\/produkt\/sommerfuglelase-loa201\/","og_locale":"tr_TR","og_type":"article","og_title":"Butterfly Latches LOA201","og_description":"Butterfly latches, factory direct! High-quality, reliable solutions for secure closures on flight cases and equipment. Ideal for professional and industrial use.","og_url":"https:\/\/sxflightcase.com\/tr\/produkt\/sommerfuglelase-loa201\/","og_site_name":"https:\/\/sxflightcase.com","article_publisher":"https:\/\/www.facebook.com\/profile.php?id=61560407257971","article_modified_time":"2024-07-29T06:30:41+00:00","og_image":[{"width":520,"height":465,"url":"https:\/\/sxflightcase.com\/wp-content\/uploads\/2024\/07\/LOA201.jpg","type":"image\/jpeg"}],"twitter_card":"summary_large_image","twitter_misc":{"Tahmini okuma s\u00fcresi":"3 dakika"},"schema":{"@context":"https:\/\/schema.org","@graph":[{"@type":"WebPage","@id":"https:\/\/sxflightcase.com\/da\/produkt\/sommerfuglelase-loa201\/","url":"https:\/\/sxflightcase.com\/da\/produkt\/sommerfuglelase-loa201\/","name":"Butterfly Latches LOA201 - https:\/\/sxflightcase.com \ud83d\udc97","isPartOf":{"@id":"https:\/\/sxflightcase.com\/th\/#website"},"primaryImageOfPage":{"@id":"https:\/\/sxflightcase.com\/da\/produkt\/sommerfuglelase-loa201\/#primaryimage"},"image":{"@id":"https:\/\/sxflightcase.com\/da\/produkt\/sommerfuglelase-loa201\/#primaryimage"},"thumbnailUrl":"https:\/\/sxflightcase.com\/wp-content\/uploads\/2024\/07\/LOA201.jpg","datePublished":"2024-07-29T06:30:29+00:00","dateModified":"2024-07-29T06:30:41+00:00","description":"Kelebek mandallar, do\u011frudan fabrikada! U\u00e7u\u015f \u00e7antalar\u0131 ve ekipmanlarda g\u00fcvenli kapamalar i\u00e7in y\u00fcksek kaliteli, g\u00fcvenilir \u00e7\u00f6z\u00fcmler. Profesyonel ve end\u00fcstriyel kullan\u0131m i\u00e7in idealdir.","breadcrumb":{"@id":"https:\/\/sxflightcase.com\/da\/produkt\/sommerfuglelase-loa201\/#breadcrumb"},"inLanguage":"tr","potentialAction":[{"@type":"ReadAction","target":["https:\/\/sxflightcase.com\/da\/produkt\/sommerfuglelase-loa201\/"]}]},{"@type":"ImageObject","inLanguage":"tr","@id":"https:\/\/sxflightcase.com\/da\/produkt\/sommerfuglelase-loa201\/#primaryimage","url":"https:\/\/sxflightcase.com\/wp-content\/uploads\/2024\/07\/LOA201.jpg","contentUrl":"https:\/\/sxflightcase.com\/wp-content\/uploads\/2024\/07\/LOA201.jpg","width":520,"height":465,"caption":"Butterfly Latches"},{"@type":"BreadcrumbList","@id":"https:\/\/sxflightcase.com\/da\/produkt\/sommerfuglelase-loa201\/#breadcrumb","itemListElement":[{"@type":"ListItem","position":1,"name":"Home","item":"https:\/\/sxflightcase.com\/"},{"@type":"ListItem","position":2,"name":"\u0e2a\u0e34\u0e19\u0e04\u0e49\u0e32","item":"https:\/\/sxflightcase.com\/th\/shop\/"},{"@type":"ListItem","position":3,"name":"Butterfly Latches LOA201"}]},{"@type":"WebSite","@id":"https:\/\/sxflightcase.com\/th\/#website","url":"https:\/\/sxflightcase.com\/th\/","name":"sxpowercase.com","description":"U\u00e7u\u015f \u00c7antas\u0131 Fabrikas\u0131","publisher":{"@id":"https:\/\/sxflightcase.com\/th\/#organization"},"potentialAction":[{"@type":"SearchAction","target":{"@type":"EntryPoint","urlTemplate":"https:\/\/sxflightcase.com\/th\/?s={search_term_string}"},"query-input":{"@type":"PropertyValueSpecification","valueRequired":true,"valueName":"search_term_string"}}],"inLanguage":"tr"},{"@type":"Organization","@id":"https:\/\/sxflightcase.com\/th\/#organization","name":"sxpowercase.com","url":"https:\/\/sxflightcase.com\/th\/","logo":{"@type":"ImageObject","inLanguage":"tr","@id":"https:\/\/sxflightcase.com\/th\/#\/schema\/logo\/image\/","url":"https:\/\/sxflightcase.com\/wp-content\/uploads\/2024\/04\/1713919036007.jpg","contentUrl":"https:\/\/sxflightcase.com\/wp-content\/uploads\/2024\/04\/1713919036007.jpg","width":382,"height":388,"caption":"sxpowercase.com"},"image":{"@id":"https:\/\/sxflightcase.com\/th\/#\/schema\/logo\/image\/"},"sameAs":["https:\/\/www.facebook.com\/profile.php?id=61560407257971"],"numberOfEmployees":{"@type":"QuantitativeValue","minValue":"11","maxValue":"50"}}]}},"_links":{"self":[{"href":"https:\/\/sxflightcase.com\/tr\/wp-json\/wp\/v2\/product\/3832","targetHints":{"allow":["GET"]}}],"collection":[{"href":"https:\/\/sxflightcase.com\/tr\/wp-json\/wp\/v2\/product"}],"about":[{"href":"https:\/\/sxflightcase.com\/tr\/wp-json\/wp\/v2\/types\/product"}],"replies":[{"embeddable":true,"href":"https:\/\/sxflightcase.com\/tr\/wp-json\/wp\/v2\/comments?post=3832"}],"version-history":[{"count":0,"href":"https:\/\/sxflightcase.com\/tr\/wp-json\/wp\/v2\/product\/3832\/revisions"}],"wp:featuredmedia":[{"embeddable":true,"href":"https:\/\/sxflightcase.com\/tr\/wp-json\/wp\/v2\/media\/3774"}],"wp:attachment":[{"href":"https:\/\/sxflightcase.com\/tr\/wp-json\/wp\/v2\/media?parent=3832"}],"wp:term":[{"taxonomy":"product_brand","embeddable":true,"href":"https:\/\/sxflightcase.com\/tr\/wp-json\/wp\/v2\/product_brand?post=3832"},{"taxonomy":"product_cat","embeddable":true,"href":"https:\/\/sxflightcase.com\/tr\/wp-json\/wp\/v2\/product_cat?post=3832"},{"taxonomy":"product_tag","embeddable":true,"href":"https:\/\/sxflightcase.com\/tr\/wp-json\/wp\/v2\/product_tag?post=3832"}],"curies":[{"name":"wp","href":"https:\/\/api.w.org\/{rel}","templated":true}]}}