{"id":3886,"date":"2024-07-30T09:17:20","date_gmt":"2024-07-30T08:17:20","guid":{"rendered":"https:\/\/sxpowercase.com\/?post_type=product&#038;p=3886"},"modified":"2024-07-30T09:17:21","modified_gmt":"2024-07-30T08:17:21","slug":"flight-case-locks-loa208","status":"publish","type":"product","link":"https:\/\/sxflightcase.com\/tr\/urun\/ucus-cantasi-ki\u0307li\u0307tleri\u0307-loa208-2\/","title":{"rendered":"U\u00e7u\u015f Kasas\u0131 Kilitleri LOA208"},"content":{"rendered":"<h2>SX U\u00e7u\u015f \u00c7antas\u0131 Kilitleri ile Ekipman Koruman\u0131z\u0131 Geli\u015ftirin<\/h2>\n<h3>Ekipmanlar\u0131n\u0131z\u0131 Kolayl\u0131kla G\u00fcvence Alt\u0131na Al\u0131n<\/h3>\n<p>De\u011ferli ekipmanlar\u0131n\u0131 s\u0131k s\u0131k ta\u015f\u0131yan profesyoneller i\u00e7in ekipmanlar\u0131n\u0131 g\u00fcvence alt\u0131na almak \u00e7ok \u00f6nemlidir. SX, her t\u00fcr \u00e7anta i\u00e7in \u00fcst\u00fcn g\u00fcvenlik sa\u011flamak \u00fczere tasarlanm\u0131\u015f sa\u011flam U\u00e7u\u015f \u00c7antas\u0131 Kilitleri sunar. \u0130ster yolda ister havada olun, bu kilitler ekipman\u0131n\u0131z\u0131n g\u00fcvende ve korunmu\u015f kalmas\u0131n\u0131 sa\u011flar.<\/p>\n<h3>Do\u011frudan Fabrika: Kalite ve Tasarruf<\/h3>\n<p>\u015eu anda <a href=\"https:\/\/sxpowercase.com\/\" target=\"_blank\" rel=\"noopener\" title=\"SX\" data-wpil-monitor-id=\"609\">SX<\/a>U\u00e7u\u015f \u00c7antas\u0131 Kilitlerimizi do\u011frudan fabrika sat\u0131\u015flar\u0131 yoluyla sunuyoruz. Bu yakla\u015f\u0131m, fiyatlar\u0131 d\u00fc\u015f\u00fck tutarken y\u00fcksek kalite standartlar\u0131n\u0131 korumam\u0131z\u0131 sa\u011fl\u0131yor. Arac\u0131lar\u0131 devre d\u0131\u015f\u0131 b\u0131rakarak, size performanstan \u00f6d\u00fcn vermeyen uygun fiyatl\u0131, \u00fcst d\u00fczey g\u00fcvenlik \u00e7\u00f6z\u00fcmleri sunuyoruz.<\/p>\n<h3>G\u00fcvenilir Kalite G\u00fcvencesi<\/h3>\n<p>U\u00e7u\u015f \u00c7antas\u0131 Kilitlerimiz kalite g\u00fcvencesi taahh\u00fcd\u00fc ile \u00fcretilmektedir. SX, zamana meydan okuyan kilitler yaratmak i\u00e7in dayan\u0131kl\u0131 malzemeler ve hassas m\u00fchendislik kullan\u0131r. Her kilit, g\u00fcvenilirlik ve dayan\u0131kl\u0131l\u0131\u011fa y\u00f6nelik kat\u0131 standartlar\u0131m\u0131z\u0131 kar\u015f\u0131lad\u0131\u011f\u0131ndan emin olmak i\u00e7in titizlikle test edilir ve size g\u00f6n\u00fcl rahatl\u0131\u011f\u0131 sa\u011flar.<\/p>\n<h3>Basit Kurulum ve G\u00fcvenilir Kullan\u0131m<\/h3>\n<p>SX U\u00e7u\u015f \u00c7antas\u0131 Kilitleri basitlik ve kullan\u0131m kolayl\u0131\u011f\u0131 i\u00e7in tasarlanm\u0131\u015ft\u0131r. Kurulumu basittir ve \u00e7antalar\u0131n\u0131z\u0131 h\u0131zl\u0131 bir \u015fekilde emniyete alman\u0131z\u0131 kolayla\u015ft\u0131r\u0131r. Sa\u011flam kilitleme mekanizmas\u0131, kilitlendikten sonra ekipman\u0131n\u0131z\u0131n yetkisiz eri\u015fime kar\u015f\u0131 korunmas\u0131n\u0131 sa\u011flayarak de\u011ferli e\u015fyalar\u0131n\u0131z\u0131 yolculuklar\u0131 boyunca g\u00fcvende tutar.<\/p>\n<h3>\u0130htiya\u00e7lar\u0131n\u0131z\u0131 Kar\u015f\u0131lamak i\u00e7in \u00d6zelle\u015ftirme<\/h3>\n<p>Farkl\u0131 \u00e7antalar\u0131n farkl\u0131 gereksinimleri oldu\u011funu biliyoruz. Bu nedenle SX, U\u00e7u\u015f \u00c7antas\u0131 Kilitlerimiz i\u00e7in bir dizi \u00f6zelle\u015ftirme se\u00e7ene\u011fi sunmaktad\u0131r. Belirli kilit stillerine, kaplamalara veya di\u011fer modifikasyonlara ihtiyac\u0131n\u0131z olsun, kilitlerimizi ihtiya\u00e7lar\u0131n\u0131za tam olarak uyacak \u015fekilde uyarlayabiliriz. \u00d6zel hizmetimiz, yaln\u0131zca g\u00fcvenlik sa\u011flamakla kalmay\u0131p ayn\u0131 zamanda ekipman\u0131n\u0131z\u0131n esteti\u011fini de tamamlayan bir \u00fcr\u00fcn elde etmenizi sa\u011flar.<\/p>\n<h3>Uygun Fiyatl\u0131 G\u00fcvenlik \u00c7\u00f6z\u00fcmleri<\/h3>\n<p>SX'i se\u00e7mek, kaliteden \u00f6d\u00fcn vermeden uygun fiyatl\u0131 g\u00fcvenli\u011fi se\u00e7mek anlam\u0131na gelir. Do\u011frudan fabrika modelimiz rekabet\u00e7i fiyatland\u0131rma sa\u011flayarak U\u00e7u\u015f \u00c7antas\u0131 Kilitlerimizi ekipman\u0131n\u0131z\u0131 korumak i\u00e7in ekonomik bir se\u00e7im haline getirir. Y\u00fcksek kaliteli g\u00fcvenli\u011fin herkes i\u00e7in eri\u015filebilir olmas\u0131 gerekti\u011fine inan\u0131yoruz, bu nedenle piyasadaki en iyi fiyatlardan baz\u0131lar\u0131n\u0131 sunuyoruz.<\/p>\n<h3>\u00c7ok Y\u00f6nl\u00fc Kilitleme \u00c7\u00f6z\u00fcmleri<\/h3>\n<p>SX U\u00e7u\u015f \u00c7antas\u0131 Kilitleri \u00e7ok y\u00f6nl\u00fcd\u00fcr ve \u00e7ok \u00e7e\u015fitli uygulamalar i\u00e7in uygundur. M\u00fczik aletlerinin, elektronik cihazlar\u0131n ve hassas aletlerin g\u00fcvenli\u011fini sa\u011flamak i\u00e7in idealdirler. \u0130ster gezgin bir m\u00fczisyen, ister etkinlik profesyoneli veya teknisyen olun, kilitlerimiz i\u00e7inizin rahat olmas\u0131 i\u00e7in ihtiyac\u0131n\u0131z olan g\u00fcvenilir g\u00fcvenli\u011fi sunar.<\/p>\n<h3>Neden SX&#039;i Se\u00e7melisiniz?<\/h3>\n<p>SX ile kaliteye, uygun fiyata ve m\u00fc\u015fteri memnuniyetine de\u011fer veren bir marka se\u00e7mi\u015f olursunuz. U\u00e7u\u015f \u00c7antas\u0131 Kilidimiz, fabrikada do\u011frudan fiyatland\u0131rma ve \u00f6zelle\u015ftirme se\u00e7eneklerinin ek avantajlar\u0131yla birlikte g\u00fcvenilir g\u00fcvenlik sa\u011flamak \u00fczere tasarlanm\u0131\u015ft\u0131r. SX, y\u00fcksek kaliteli, uygun maliyetli kilitleme \u00e7\u00f6z\u00fcmleri i\u00e7in ba\u015fvuraca\u011f\u0131n\u0131z markad\u0131r.<\/p>\n<h3>Bug\u00fcn \u0130leti\u015fime Ge\u00e7in<\/h3>\n<p>Ekipman\u0131n\u0131z\u0131 SX U\u00e7u\u015f \u00c7antas\u0131 Kilidi ile g\u00fcvence alt\u0131na al\u0131n. Kilitleme \u00e7\u00f6z\u00fcmlerimizi ke\u015ffetmek ve ihtiya\u00e7lar\u0131n\u0131z i\u00e7in m\u00fckemmel kilidi bulmak i\u00e7in bug\u00fcn bize ula\u015f\u0131n. Uzman ekibimiz, ekipman\u0131n\u0131z\u0131 g\u00fcvende tutmak i\u00e7in en iyi se\u00e7enekleri se\u00e7menizde size yard\u0131mc\u0131 olmaya haz\u0131rd\u0131r. G\u00fcvenli, g\u00fcvenilir ve uygun fiyatl\u0131 kilit \u00e7\u00f6z\u00fcmleri i\u00e7in SX'e g\u00fcvenin.<\/p>\n<p>Hemen \u0130leti\u015fime Ge\u00e7in:<span style=\"color: #0000ff;\"><a style=\"color: #0000ff;\" href=\"https:\/\/sxpowercase.com\/contact-us\/\">https:\/\/sxpowercase.com\/<\/a><\/span><\/p>\n<p>Donan\u0131m \u00dcr\u00fcn Katalo\u011fu\uff1a<span style=\"color: #3366ff;\"><a style=\"color: #3366ff;\" href=\"https:\/\/sxpowercase.com\/wp-content\/uploads\/2024\/07\/\u4e94\u91d1.pdf\">Donan\u0131m aksesuarlar\u0131 katalo\u011fu<\/a><\/span><\/p>","protected":false},"excerpt":{"rendered":"<div class=\"flex-shrink-0 flex flex-col relative items-end\">\n<div>\n<div class=\"pt-0\">\n<div class=\"gizmo-bot-avatar flex h-8 w-8 items-center justify-center overflow-hidden rounded-full\">\n<div class=\"relative p-1 rounded-sm flex items-center justify-center bg-token-main-surface-primary text-token-text-primary h-8 w-8\"><\/div>\n<\/div>\n<\/div>\n<\/div>\n<\/div>\n<div class=\"group\/conversation-turn relative flex w-full min-w-0 flex-col agent-turn\">\n<div class=\"flex-col gap-1 md:gap-3\">\n<div class=\"flex flex-grow flex-col max-w-full\">\n<div class=\"min-h-[20px] text-message flex w-full flex-col items-end gap-2 whitespace-pre-wrap break-words [.text-message+&amp;]:mt-5 overflow-x-auto\" dir=\"auto\" data-message-author-role=\"assistant\" data-message-id=\"f2bd0781-0ac1-40b4-8361-25f7ecc8518d\">\n<div class=\"flex w-full flex-col gap-1 empty:hidden first:pt-[3px]\">\n<div class=\"markdown prose w-full break-words dark:prose-invert light\">\n<h3>Ultimate Security with SX Flight Case Locks<\/h3>\n<p>Protect your valuable equipment with SX Flight Case Locks, designed to prevent unauthorised access. Our locks ensure peace of mind during transport with robust and reliable security.<\/p>\n<h3>Affordable, High-Quality Locks<\/h3>\n<p>Enjoy top-quality SX Flight Case Locks at competitive prices through factory-direct sales. We provide exceptional value without compromising on quality, passing savings directly to you.<\/p>\n<h3>Easy Installation and Customisation<\/h3>\n<p>SX Flight Case Locks are easy to install and offer customisation options to fit your specific needs. Secure your equipment effortlessly with strong, user-friendly locks that look professional.<\/p>\n<\/div>\n<\/div>\n<\/div>\n<\/div>\n<\/div>\n<\/div>\n","protected":false},"featured_media":3781,"comment_status":"open","ping_status":"closed","template":"","meta":[],"product_brand":[],"product_cat":[61],"product_tag":[],"class_list":{"0":"post-3886","1":"product","2":"type-product","3":"status-publish","4":"has-post-thumbnail","6":"product_cat-catchother-locks","8":"first","9":"instock","10":"shipping-taxable","11":"product-type-simple"},"yoast_head":"<!-- This site is optimized with the Yoast SEO Premium plugin v27.1 (Yoast SEO v27.2) - https:\/\/yoast.com\/product\/yoast-seo-premium-wordpress\/ -->\n<title>Flight Case Locks LOA208 - https:\/\/sxflightcase.com \ud83d\udc97<\/title>\n<meta name=\"description\" content=\"Flight case locks, factory direct! High-quality, secure locking solutions for protecting your equipment during transport. Ideal for professionals and industry use.\" \/>\n<meta name=\"robots\" content=\"index, follow, max-snippet:-1, max-image-preview:large, max-video-preview:-1\" \/>\n<link rel=\"canonical\" href=\"https:\/\/sxflightcase.com\/tr\/product\/flightcase-sloten-loa208\/\" \/>\n<meta property=\"og:locale\" content=\"tr_TR\" \/>\n<meta property=\"og:type\" content=\"article\" \/>\n<meta property=\"og:title\" content=\"Flight Case Locks LOA208\" \/>\n<meta property=\"og:description\" content=\"Flight case locks, factory direct! High-quality, secure locking solutions for protecting your equipment during transport. Ideal for professionals and industry use.\" \/>\n<meta property=\"og:url\" content=\"https:\/\/sxflightcase.com\/tr\/product\/flightcase-sloten-loa208\/\" \/>\n<meta property=\"og:site_name\" content=\"https:\/\/sxflightcase.com\" \/>\n<meta property=\"article:publisher\" content=\"https:\/\/www.facebook.com\/profile.php?id=61560407257971\" \/>\n<meta property=\"article:modified_time\" content=\"2024-07-30T08:17:21+00:00\" \/>\n<meta property=\"og:image\" content=\"https:\/\/sxflightcase.com\/wp-content\/uploads\/2024\/07\/LOA208.jpg\" \/>\n\t<meta property=\"og:image:width\" content=\"520\" \/>\n\t<meta property=\"og:image:height\" content=\"406\" \/>\n\t<meta property=\"og:image:type\" content=\"image\/jpeg\" \/>\n<meta name=\"twitter:card\" content=\"summary_large_image\" \/>\n<meta name=\"twitter:label1\" content=\"Tahmini okuma s\u00fcresi\" \/>\n\t<meta name=\"twitter:data1\" content=\"3 dakika\" \/>\n<script type=\"application\/ld+json\" class=\"yoast-schema-graph\">{\"@context\":\"https:\/\/schema.org\",\"@graph\":[{\"@type\":\"WebPage\",\"@id\":\"https:\/\/sxflightcase.com\/nl\/product\/flightcase-sloten-loa208\/\",\"url\":\"https:\/\/sxflightcase.com\/nl\/product\/flightcase-sloten-loa208\/\",\"name\":\"Flight Case Locks LOA208 - https:\/\/sxflightcase.com \ud83d\udc97\",\"isPartOf\":{\"@id\":\"https:\/\/sxflightcase.com\/th\/#website\"},\"primaryImageOfPage\":{\"@id\":\"https:\/\/sxflightcase.com\/nl\/product\/flightcase-sloten-loa208\/#primaryimage\"},\"image\":{\"@id\":\"https:\/\/sxflightcase.com\/nl\/product\/flightcase-sloten-loa208\/#primaryimage\"},\"thumbnailUrl\":\"https:\/\/sxflightcase.com\/wp-content\/uploads\/2024\/07\/LOA208.jpg\",\"datePublished\":\"2024-07-30T08:17:20+00:00\",\"dateModified\":\"2024-07-30T08:17:21+00:00\",\"description\":\"Flight case locks, factory direct! High-quality, secure locking solutions for protecting your equipment during transport. Ideal for professionals and industry use.\",\"breadcrumb\":{\"@id\":\"https:\/\/sxflightcase.com\/nl\/product\/flightcase-sloten-loa208\/#breadcrumb\"},\"inLanguage\":\"tr\",\"potentialAction\":[{\"@type\":\"ReadAction\",\"target\":[\"https:\/\/sxflightcase.com\/nl\/product\/flightcase-sloten-loa208\/\"]}]},{\"@type\":\"ImageObject\",\"inLanguage\":\"tr\",\"@id\":\"https:\/\/sxflightcase.com\/nl\/product\/flightcase-sloten-loa208\/#primaryimage\",\"url\":\"https:\/\/sxflightcase.com\/wp-content\/uploads\/2024\/07\/LOA208.jpg\",\"contentUrl\":\"https:\/\/sxflightcase.com\/wp-content\/uploads\/2024\/07\/LOA208.jpg\",\"width\":520,\"height\":406,\"caption\":\"Flight Case Locks\"},{\"@type\":\"BreadcrumbList\",\"@id\":\"https:\/\/sxflightcase.com\/nl\/product\/flightcase-sloten-loa208\/#breadcrumb\",\"itemListElement\":[{\"@type\":\"ListItem\",\"position\":1,\"name\":\"Home\",\"item\":\"https:\/\/sxflightcase.com\/\"},{\"@type\":\"ListItem\",\"position\":2,\"name\":\"\u0e2a\u0e34\u0e19\u0e04\u0e49\u0e32\",\"item\":\"https:\/\/sxflightcase.com\/th\/shop\/\"},{\"@type\":\"ListItem\",\"position\":3,\"name\":\"Flight Case Locks LOA208\"}]},{\"@type\":\"WebSite\",\"@id\":\"https:\/\/sxflightcase.com\/th\/#website\",\"url\":\"https:\/\/sxflightcase.com\/th\/\",\"name\":\"sxpowercase.com\",\"description\":\"Flight Case Factory\",\"publisher\":{\"@id\":\"https:\/\/sxflightcase.com\/th\/#organization\"},\"potentialAction\":[{\"@type\":\"SearchAction\",\"target\":{\"@type\":\"EntryPoint\",\"urlTemplate\":\"https:\/\/sxflightcase.com\/th\/?s={search_term_string}\"},\"query-input\":{\"@type\":\"PropertyValueSpecification\",\"valueRequired\":true,\"valueName\":\"search_term_string\"}}],\"inLanguage\":\"tr\"},{\"@type\":\"Organization\",\"@id\":\"https:\/\/sxflightcase.com\/th\/#organization\",\"name\":\"sxpowercase.com\",\"url\":\"https:\/\/sxflightcase.com\/th\/\",\"logo\":{\"@type\":\"ImageObject\",\"inLanguage\":\"tr\",\"@id\":\"https:\/\/sxflightcase.com\/th\/#\/schema\/logo\/image\/\",\"url\":\"https:\/\/sxflightcase.com\/wp-content\/uploads\/2024\/04\/1713919036007.jpg\",\"contentUrl\":\"https:\/\/sxflightcase.com\/wp-content\/uploads\/2024\/04\/1713919036007.jpg\",\"width\":382,\"height\":388,\"caption\":\"sxpowercase.com\"},\"image\":{\"@id\":\"https:\/\/sxflightcase.com\/th\/#\/schema\/logo\/image\/\"},\"sameAs\":[\"https:\/\/www.facebook.com\/profile.php?id=61560407257971\"],\"numberOfEmployees\":{\"@type\":\"QuantitativeValue\",\"minValue\":\"11\",\"maxValue\":\"50\"}}]}<\/script>\n<!-- \/ Yoast SEO Premium plugin. -->","yoast_head_json":{"title":"Flight Case Locks LOA208 - https:\/\/sxflightcase.com \ud83d\udc97","description":"U\u00e7u\u015f \u00e7antas\u0131 kilitleri, do\u011frudan fabrika \u00e7\u0131k\u0131\u015f\u0131! Ta\u015f\u0131ma s\u0131ras\u0131nda ekipman\u0131n\u0131z\u0131 korumak i\u00e7in y\u00fcksek kaliteli, g\u00fcvenli kilitleme \u00e7\u00f6z\u00fcmleri. Profesyoneller ve end\u00fcstri kullan\u0131m\u0131 i\u00e7in idealdir.","robots":{"index":"index","follow":"follow","max-snippet":"max-snippet:-1","max-image-preview":"max-image-preview:large","max-video-preview":"max-video-preview:-1"},"canonical":"https:\/\/sxflightcase.com\/tr\/product\/flightcase-sloten-loa208\/","og_locale":"tr_TR","og_type":"article","og_title":"Flight Case Locks LOA208","og_description":"Flight case locks, factory direct! High-quality, secure locking solutions for protecting your equipment during transport. Ideal for professionals and industry use.","og_url":"https:\/\/sxflightcase.com\/tr\/product\/flightcase-sloten-loa208\/","og_site_name":"https:\/\/sxflightcase.com","article_publisher":"https:\/\/www.facebook.com\/profile.php?id=61560407257971","article_modified_time":"2024-07-30T08:17:21+00:00","og_image":[{"width":520,"height":406,"url":"https:\/\/sxflightcase.com\/wp-content\/uploads\/2024\/07\/LOA208.jpg","type":"image\/jpeg"}],"twitter_card":"summary_large_image","twitter_misc":{"Tahmini okuma s\u00fcresi":"3 dakika"},"schema":{"@context":"https:\/\/schema.org","@graph":[{"@type":"WebPage","@id":"https:\/\/sxflightcase.com\/nl\/product\/flightcase-sloten-loa208\/","url":"https:\/\/sxflightcase.com\/nl\/product\/flightcase-sloten-loa208\/","name":"Flight Case Locks LOA208 - https:\/\/sxflightcase.com \ud83d\udc97","isPartOf":{"@id":"https:\/\/sxflightcase.com\/th\/#website"},"primaryImageOfPage":{"@id":"https:\/\/sxflightcase.com\/nl\/product\/flightcase-sloten-loa208\/#primaryimage"},"image":{"@id":"https:\/\/sxflightcase.com\/nl\/product\/flightcase-sloten-loa208\/#primaryimage"},"thumbnailUrl":"https:\/\/sxflightcase.com\/wp-content\/uploads\/2024\/07\/LOA208.jpg","datePublished":"2024-07-30T08:17:20+00:00","dateModified":"2024-07-30T08:17:21+00:00","description":"U\u00e7u\u015f \u00e7antas\u0131 kilitleri, do\u011frudan fabrika \u00e7\u0131k\u0131\u015f\u0131! Ta\u015f\u0131ma s\u0131ras\u0131nda ekipman\u0131n\u0131z\u0131 korumak i\u00e7in y\u00fcksek kaliteli, g\u00fcvenli kilitleme \u00e7\u00f6z\u00fcmleri. Profesyoneller ve end\u00fcstri kullan\u0131m\u0131 i\u00e7in idealdir.","breadcrumb":{"@id":"https:\/\/sxflightcase.com\/nl\/product\/flightcase-sloten-loa208\/#breadcrumb"},"inLanguage":"tr","potentialAction":[{"@type":"ReadAction","target":["https:\/\/sxflightcase.com\/nl\/product\/flightcase-sloten-loa208\/"]}]},{"@type":"ImageObject","inLanguage":"tr","@id":"https:\/\/sxflightcase.com\/nl\/product\/flightcase-sloten-loa208\/#primaryimage","url":"https:\/\/sxflightcase.com\/wp-content\/uploads\/2024\/07\/LOA208.jpg","contentUrl":"https:\/\/sxflightcase.com\/wp-content\/uploads\/2024\/07\/LOA208.jpg","width":520,"height":406,"caption":"Flight Case Locks"},{"@type":"BreadcrumbList","@id":"https:\/\/sxflightcase.com\/nl\/product\/flightcase-sloten-loa208\/#breadcrumb","itemListElement":[{"@type":"ListItem","position":1,"name":"Home","item":"https:\/\/sxflightcase.com\/"},{"@type":"ListItem","position":2,"name":"\u0e2a\u0e34\u0e19\u0e04\u0e49\u0e32","item":"https:\/\/sxflightcase.com\/th\/shop\/"},{"@type":"ListItem","position":3,"name":"Flight Case Locks LOA208"}]},{"@type":"WebSite","@id":"https:\/\/sxflightcase.com\/th\/#website","url":"https:\/\/sxflightcase.com\/th\/","name":"sxpowercase.com","description":"U\u00e7u\u015f \u00c7antas\u0131 Fabrikas\u0131","publisher":{"@id":"https:\/\/sxflightcase.com\/th\/#organization"},"potentialAction":[{"@type":"SearchAction","target":{"@type":"EntryPoint","urlTemplate":"https:\/\/sxflightcase.com\/th\/?s={search_term_string}"},"query-input":{"@type":"PropertyValueSpecification","valueRequired":true,"valueName":"search_term_string"}}],"inLanguage":"tr"},{"@type":"Organization","@id":"https:\/\/sxflightcase.com\/th\/#organization","name":"sxpowercase.com","url":"https:\/\/sxflightcase.com\/th\/","logo":{"@type":"ImageObject","inLanguage":"tr","@id":"https:\/\/sxflightcase.com\/th\/#\/schema\/logo\/image\/","url":"https:\/\/sxflightcase.com\/wp-content\/uploads\/2024\/04\/1713919036007.jpg","contentUrl":"https:\/\/sxflightcase.com\/wp-content\/uploads\/2024\/04\/1713919036007.jpg","width":382,"height":388,"caption":"sxpowercase.com"},"image":{"@id":"https:\/\/sxflightcase.com\/th\/#\/schema\/logo\/image\/"},"sameAs":["https:\/\/www.facebook.com\/profile.php?id=61560407257971"],"numberOfEmployees":{"@type":"QuantitativeValue","minValue":"11","maxValue":"50"}}]}},"_links":{"self":[{"href":"https:\/\/sxflightcase.com\/tr\/wp-json\/wp\/v2\/product\/3886","targetHints":{"allow":["GET"]}}],"collection":[{"href":"https:\/\/sxflightcase.com\/tr\/wp-json\/wp\/v2\/product"}],"about":[{"href":"https:\/\/sxflightcase.com\/tr\/wp-json\/wp\/v2\/types\/product"}],"replies":[{"embeddable":true,"href":"https:\/\/sxflightcase.com\/tr\/wp-json\/wp\/v2\/comments?post=3886"}],"version-history":[{"count":0,"href":"https:\/\/sxflightcase.com\/tr\/wp-json\/wp\/v2\/product\/3886\/revisions"}],"wp:featuredmedia":[{"embeddable":true,"href":"https:\/\/sxflightcase.com\/tr\/wp-json\/wp\/v2\/media\/3781"}],"wp:attachment":[{"href":"https:\/\/sxflightcase.com\/tr\/wp-json\/wp\/v2\/media?parent=3886"}],"wp:term":[{"taxonomy":"product_brand","embeddable":true,"href":"https:\/\/sxflightcase.com\/tr\/wp-json\/wp\/v2\/product_brand?post=3886"},{"taxonomy":"product_cat","embeddable":true,"href":"https:\/\/sxflightcase.com\/tr\/wp-json\/wp\/v2\/product_cat?post=3886"},{"taxonomy":"product_tag","embeddable":true,"href":"https:\/\/sxflightcase.com\/tr\/wp-json\/wp\/v2\/product_tag?post=3886"}],"curies":[{"name":"wp","href":"https:\/\/api.w.org\/{rel}","templated":true}]}}