{"id":3897,"date":"2024-07-31T08:25:57","date_gmt":"2024-07-31T07:25:57","guid":{"rendered":"https:\/\/sxpowercase.com\/?post_type=product&#038;p=3897"},"modified":"2024-07-31T08:25:58","modified_gmt":"2024-07-31T07:25:58","slug":"flight-case-lock-loa209","status":"publish","type":"product","link":"https:\/\/sxflightcase.com\/tr\/urun\/ucus-cantasi-ki\u0307li\u0307di\u0307-loa209-2\/","title":{"rendered":"U\u00e7u\u015f Kasas\u0131 Kilidi LOA209"},"content":{"rendered":"<h2>SX U\u00e7u\u015f \u00c7antas\u0131 Kilidi ile Ekipman\u0131n\u0131z\u0131 G\u00fcvenceye Al\u0131n<\/h2>\n<h3>De\u011ferli E\u015fyalar\u0131n\u0131z i\u00e7in G\u00fcvenilir Koruma<\/h3>\n<p>De\u011ferli ekipmanlar\u0131n ta\u015f\u0131nmas\u0131 s\u00f6z konusu oldu\u011funda, g\u00fcvenlik en \u00f6nemli \u00f6nceliktir. SX U\u00e7u\u015f \u00c7antas\u0131 Kilidi, ekipman\u0131n\u0131z\u0131 yetkisiz eri\u015fime kar\u015f\u0131 g\u00fcvende tutmak i\u00e7in g\u00fcvenilir bir \u00e7\u00f6z\u00fcm sunar. Kullan\u0131m kolayl\u0131\u011f\u0131 i\u00e7in tasarlanan bu kilitler, \u00e7ok \u00e7e\u015fitli u\u00e7u\u015f \u00e7antalar\u0131 i\u00e7in sa\u011flam g\u00fcvenlik sa\u011flayarak e\u015fyalar\u0131n\u0131z\u0131n ta\u015f\u0131ma s\u0131ras\u0131nda korunmas\u0131n\u0131 sa\u011flar.<\/p>\n<h3>Kalite ve Uygun Fiyat i\u00e7in Do\u011frudan Fabrika<\/h3>\n<p>\u015eu anda <a href=\"https:\/\/sxpowercase.com\/\" target=\"_blank\" rel=\"noopener\" title=\"SX\" data-wpil-monitor-id=\"610\">SX<\/a>y\u00fcksek kaliteli g\u00fcvenli\u011fin herkes taraf\u0131ndan eri\u015filebilir olmas\u0131 gerekti\u011fine inan\u0131yoruz. Bu nedenle U\u00e7u\u015f \u00c7antas\u0131 Kilitlerimizi do\u011frudan fabrika modeliyle sunuyoruz. Bu yakla\u015f\u0131m, fiyatlar\u0131 d\u00fc\u015f\u00fck tutarken s\u0131k\u0131 kalite kontrol\u00fcn\u00fc s\u00fcrd\u00fcrmemizi sa\u011fl\u0131yor. Arac\u0131lar\u0131 ortadan kald\u0131rarak, m\u00fc\u015fterilerimize en \u00fcst d\u00fczey \u00fcr\u00fcnleri uygun fiyatlarla sunuyoruz ve paran\u0131z\u0131n kar\u015f\u0131l\u0131\u011f\u0131n\u0131 en iyi \u015fekilde alman\u0131z\u0131 sa\u011fl\u0131yoruz.<\/p>\n<h3>Kalite G\u00fcvencesi ile Uzun \u00d6m\u00fcrl\u00fc<\/h3>\n<p>U\u00e7u\u015f \u00c7antas\u0131 Kilitlerimiz dayan\u0131kl\u0131 malzemelerden \u00fcretilmi\u015ftir ve uzun \u00f6m\u00fcrl\u00fc performans sa\u011flar. Her kilit, kalite g\u00fcvence standartlar\u0131m\u0131z\u0131 kar\u015f\u0131lamak i\u00e7in titiz testlerden ge\u00e7irilir. Bu m\u00fckemmellik taahh\u00fcd\u00fc, ekipman\u0131n\u0131z\u0131 her yolculukta g\u00fcvenilir bir \u015fekilde korumak i\u00e7in SX kilitlerine g\u00fcvenebilece\u011finiz anlam\u0131na gelir. \u0130ster gezgin bir m\u00fczisyen, ister etkinlik profesyoneli veya teknisyen olun, kilitlerimiz ihtiyac\u0131n\u0131z olan g\u00f6n\u00fcl rahatl\u0131\u011f\u0131n\u0131 sa\u011flar.<\/p>\n<h3>Kolay Kurulum ve \u00d6zelle\u015ftirme<\/h3>\n<p>SX U\u00e7u\u015f \u00c7antas\u0131 Kilitleri sadece g\u00fcvenli de\u011fil ayn\u0131 zamanda kullan\u0131c\u0131 dostudur. Kurulumu kolayd\u0131r, bu da onlar\u0131 h\u0131zl\u0131 ve etkili koruma i\u00e7in pratik bir se\u00e7im haline getirir. Ayr\u0131ca, \u00f6zel ihtiya\u00e7lar\u0131n\u0131za uygun \u00f6zelle\u015ftirme se\u00e7enekleri de sunuyoruz. Belirli kilit t\u00fcrlerine, kaplamalara veya konfig\u00fcrasyonlara ihtiyac\u0131n\u0131z olup olmad\u0131\u011f\u0131na bak\u0131lmaks\u0131z\u0131n, \u00f6zel hizmetimiz u\u00e7u\u015f \u00e7antalar\u0131n\u0131z i\u00e7in m\u00fckemmel \u00e7\u00f6z\u00fcm\u00fc sa\u011flayabilir.<\/p>\n<h3>Uygun Fiyatl\u0131 G\u00fcvenlik \u00c7\u00f6z\u00fcmleri<\/h3>\n<p>SX'te ekonomiklik \u00e7ok \u00f6nemlidir. Fabrika do\u011frudan sat\u0131\u015f modelimiz, U\u00e7u\u015f \u00c7antas\u0131 Kilitlerimizi rekabet\u00e7i fiyatlarla sunmam\u0131z\u0131 sa\u011fl\u0131yor. B\u00fct\u00e7e dostu se\u00e7eneklerin \u00f6nemini anl\u0131yoruz, \u00f6zellikle de bankay\u0131 bozmadan g\u00fcvenilir g\u00fcvenlik \u00e7\u00f6z\u00fcmlerine ihtiya\u00e7 duyan profesyoneller i\u00e7in. SX ile g\u00fcvenlikten veya maliyetten \u00f6d\u00fcn vermeyen y\u00fcksek kaliteli kilitler elde edersiniz.<\/p>\n<h3>\u00c7ok Y\u00f6nl\u00fc ve G\u00fcvenilir<\/h3>\n<p>SX U\u00e7u\u015f \u00c7antas\u0131 Kilitleri \u00e7ok y\u00f6nl\u00fcd\u00fcr, \u00e7e\u015fitli ekipman ve \u00e7anta t\u00fcrlerine hitap eder. M\u00fczik aletleri ve elektronik cihazlardan hassas aletlere ve daha fazlas\u0131na kadar, kilitlerimiz \u00e7ok \u00e7e\u015fitli \u00f6\u011feleri g\u00fcvence alt\u0131na almak i\u00e7in tasarlanm\u0131\u015ft\u0131r. Ta\u015f\u0131ma s\u0131ras\u0131nda ekipmanlar\u0131n\u0131 hasara veya h\u0131rs\u0131zl\u0131\u011fa kar\u015f\u0131 korumak isteyen herkes i\u00e7in \u00f6nemli bir aksesuard\u0131r.<\/p>\n<h3>Neden SX&#039;i Se\u00e7melisiniz?<\/h3>\n<p>SX'i se\u00e7mek kaliteyi, g\u00fcvenilirli\u011fi ve uygun fiyat\u0131 se\u00e7mek demektir. U\u00e7u\u015f \u00c7antas\u0131 Kilitlerimiz, g\u00fcvenlik ve rahatl\u0131\u011f\u0131n bir kar\u0131\u015f\u0131m\u0131n\u0131 sunarak kullan\u0131c\u0131n\u0131n ihtiya\u00e7lar\u0131 g\u00f6z \u00f6n\u00fcnde bulundurularak tasarlanm\u0131\u015ft\u0131r. Fabrika do\u011frudan fiyatland\u0131rmas\u0131, kalite g\u00fcvencesi ve \u00f6zelle\u015ftirme taahh\u00fcd\u00fcm\u00fczle SX, sekt\u00f6rde g\u00fcvenilir bir marka olarak \u00f6ne \u00e7\u0131kmaktad\u0131r.<\/p>\n<h3>Bug\u00fcn Bize Ula\u015f\u0131n<\/h3>\n<p>De\u011ferli ekipmanlar\u0131n\u0131z\u0131n g\u00fcvenli\u011finden \u00f6d\u00fcn vermeyin. Rakipsiz bir fiyata g\u00fcvenilir koruma i\u00e7in SX U\u00e7u\u015f \u00c7antas\u0131 Kilitlerine yat\u0131r\u0131m yap\u0131n. Kilitleme \u00e7\u00f6z\u00fcmlerimizi ke\u015ffetmek ve ihtiya\u00e7lar\u0131n\u0131z i\u00e7in m\u00fckemmel kilidi bulmak i\u00e7in bug\u00fcn bize ula\u015f\u0131n. G\u00fcler y\u00fczl\u00fc ekibimiz, ekipman\u0131n\u0131z\u0131 korumak i\u00e7in en iyi se\u00e7enekleri se\u00e7menize yard\u0131mc\u0131 olmaya haz\u0131rd\u0131r. T\u00fcm u\u00e7u\u015f \u00e7antas\u0131 g\u00fcvenlik ihtiya\u00e7lar\u0131n\u0131z i\u00e7in SX'e g\u00fcvenin.<\/p>\n<p>Hemen \u0130leti\u015fime Ge\u00e7in:<span style=\"color: #0000ff;\"><a style=\"color: #0000ff;\" href=\"https:\/\/sxpowercase.com\/contact-us\/\">https:\/\/sxpowercase.com\/<\/a><\/span><\/p>\n<p>Donan\u0131m \u00dcr\u00fcn Katalo\u011fu\uff1a<span style=\"color: #3366ff;\"><a style=\"color: #3366ff;\" href=\"https:\/\/sxpowercase.com\/wp-content\/uploads\/2024\/07\/\u4e94\u91d1.pdf\">Donan\u0131m aksesuarlar\u0131 katalo\u011fu<\/a><\/span><\/p>","protected":false},"excerpt":{"rendered":"<div class=\"flex-shrink-0 flex flex-col relative items-end\">\n<div>\n<div class=\"pt-0\">\n<div class=\"gizmo-bot-avatar flex h-8 w-8 items-center justify-center overflow-hidden rounded-full\">\n<div class=\"relative p-1 rounded-sm flex items-center justify-center bg-token-main-surface-primary text-token-text-primary h-8 w-8\"><\/div>\n<\/div>\n<\/div>\n<\/div>\n<\/div>\n<div class=\"group\/conversation-turn relative flex w-full min-w-0 flex-col agent-turn\">\n<div class=\"flex-col gap-1 md:gap-3\">\n<div class=\"flex flex-grow flex-col max-w-full\">\n<div class=\"min-h-[20px] text-message flex w-full flex-col items-end gap-2 whitespace-pre-wrap break-words [.text-message+&amp;]:mt-5 overflow-x-auto\" dir=\"auto\" data-message-author-role=\"assistant\" data-message-id=\"f2bd0781-0ac1-40b4-8361-25f7ecc8518d\">\n<div class=\"flex w-full flex-col gap-1 empty:hidden first:pt-[3px]\">\n<div class=\"markdown prose w-full break-words dark:prose-invert light\">\n<h3>Ultimate Security with SX Flight Case Locks<\/h3>\n<p>Protect your valuable equipment with SX Flight Case Locks, designed to prevent unauthorised access. Our locks ensure peace of mind during transport with robust and reliable security.<\/p>\n<h3>Affordable, High-Quality Locks<\/h3>\n<p>Enjoy top-quality SX Flight Case Locks at competitive prices through factory-direct sales. We provide exceptional value without compromising on quality, passing savings directly to you.<\/p>\n<h3>Easy Installation and Customisation<\/h3>\n<p>SX Flight Case Locks are easy to install and offer customisation options to fit your specific needs. Secure your equipment effortlessly with strong, user-friendly locks that look professional.<\/p>\n<\/div>\n<\/div>\n<\/div>\n<\/div>\n<\/div>\n<\/div>\n","protected":false},"featured_media":3782,"comment_status":"open","ping_status":"closed","template":"","meta":[],"product_brand":[],"product_cat":[61],"product_tag":[],"class_list":{"0":"post-3897","1":"product","2":"type-product","3":"status-publish","4":"has-post-thumbnail","6":"product_cat-catchother-locks","8":"first","9":"instock","10":"shipping-taxable","11":"product-type-simple"},"yoast_head":"<!-- This site is optimized with the Yoast SEO Premium plugin v27.1 (Yoast SEO v27.2) - https:\/\/yoast.com\/product\/yoast-seo-premium-wordpress\/ -->\n<title>Flight Case Lock LOA209 - https:\/\/sxflightcase.com \ud83d\udc97<\/title>\n<meta name=\"description\" content=\"Flight case lock, factory direct! High-quality, secure locking solutions for protecting your equipment during transport. Ideal for professionals and industry use.\" \/>\n<meta name=\"robots\" content=\"index, follow, max-snippet:-1, max-image-preview:large, max-video-preview:-1\" \/>\n<link rel=\"canonical\" href=\"https:\/\/sxflightcase.com\/tr\/urun\/ucus-cantasi-ki\u0307li\u0307di\u0307-loa209-2\/\" \/>\n<meta property=\"og:locale\" content=\"tr_TR\" \/>\n<meta property=\"og:type\" content=\"article\" \/>\n<meta property=\"og:title\" content=\"Flight Case Lock LOA209\" \/>\n<meta property=\"og:description\" content=\"Flight case lock, factory direct! High-quality, secure locking solutions for protecting your equipment during transport. Ideal for professionals and industry use.\" \/>\n<meta property=\"og:url\" content=\"https:\/\/sxflightcase.com\/tr\/urun\/ucus-cantasi-ki\u0307li\u0307di\u0307-loa209-2\/\" \/>\n<meta property=\"og:site_name\" content=\"https:\/\/sxflightcase.com\" \/>\n<meta property=\"article:publisher\" content=\"https:\/\/www.facebook.com\/profile.php?id=61560407257971\" \/>\n<meta property=\"article:modified_time\" content=\"2024-07-31T07:25:58+00:00\" \/>\n<meta property=\"og:image\" content=\"https:\/\/sxflightcase.com\/wp-content\/uploads\/2024\/07\/LOA209.jpg\" \/>\n\t<meta property=\"og:image:width\" content=\"520\" \/>\n\t<meta property=\"og:image:height\" content=\"458\" \/>\n\t<meta property=\"og:image:type\" content=\"image\/jpeg\" \/>\n<meta name=\"twitter:card\" content=\"summary_large_image\" \/>\n<meta name=\"twitter:label1\" content=\"Tahmini okuma s\u00fcresi\" \/>\n\t<meta name=\"twitter:data1\" content=\"3 dakika\" \/>\n<script type=\"application\/ld+json\" class=\"yoast-schema-graph\">{\"@context\":\"https:\/\/schema.org\",\"@graph\":[{\"@type\":\"WebPage\",\"@id\":\"https:\/\/sxflightcase.com\/tr\/urun\/ucus-cantasi-ki\u0307li\u0307di\u0307-loa209-2\/\",\"url\":\"https:\/\/sxflightcase.com\/tr\/urun\/ucus-cantasi-ki\u0307li\u0307di\u0307-loa209-2\/\",\"name\":\"Flight Case Lock LOA209 - https:\/\/sxflightcase.com \ud83d\udc97\",\"isPartOf\":{\"@id\":\"https:\/\/sxflightcase.com\/th\/#website\"},\"primaryImageOfPage\":{\"@id\":\"https:\/\/sxflightcase.com\/tr\/urun\/ucus-cantasi-ki\u0307li\u0307di\u0307-loa209-2\/#primaryimage\"},\"image\":{\"@id\":\"https:\/\/sxflightcase.com\/tr\/urun\/ucus-cantasi-ki\u0307li\u0307di\u0307-loa209-2\/#primaryimage\"},\"thumbnailUrl\":\"https:\/\/sxflightcase.com\/wp-content\/uploads\/2024\/07\/LOA209.jpg\",\"datePublished\":\"2024-07-31T07:25:57+00:00\",\"dateModified\":\"2024-07-31T07:25:58+00:00\",\"description\":\"Flight case lock, factory direct! High-quality, secure locking solutions for protecting your equipment during transport. Ideal for professionals and industry use.\",\"breadcrumb\":{\"@id\":\"https:\/\/sxflightcase.com\/tr\/urun\/ucus-cantasi-ki\u0307li\u0307di\u0307-loa209-2\/#breadcrumb\"},\"inLanguage\":\"tr\",\"potentialAction\":[{\"@type\":\"ReadAction\",\"target\":[\"https:\/\/sxflightcase.com\/tr\/urun\/ucus-cantasi-ki\u0307li\u0307di\u0307-loa209-2\/\"]}]},{\"@type\":\"ImageObject\",\"inLanguage\":\"tr\",\"@id\":\"https:\/\/sxflightcase.com\/tr\/urun\/ucus-cantasi-ki\u0307li\u0307di\u0307-loa209-2\/#primaryimage\",\"url\":\"https:\/\/sxflightcase.com\/wp-content\/uploads\/2024\/07\/LOA209.jpg\",\"contentUrl\":\"https:\/\/sxflightcase.com\/wp-content\/uploads\/2024\/07\/LOA209.jpg\",\"width\":520,\"height\":458,\"caption\":\"Flight Case Lock\"},{\"@type\":\"BreadcrumbList\",\"@id\":\"https:\/\/sxflightcase.com\/tr\/urun\/ucus-cantasi-ki\u0307li\u0307di\u0307-loa209-2\/#breadcrumb\",\"itemListElement\":[{\"@type\":\"ListItem\",\"position\":1,\"name\":\"Home\",\"item\":\"https:\/\/sxflightcase.com\/\"},{\"@type\":\"ListItem\",\"position\":2,\"name\":\"\u0e2a\u0e34\u0e19\u0e04\u0e49\u0e32\",\"item\":\"https:\/\/sxflightcase.com\/th\/shop\/\"},{\"@type\":\"ListItem\",\"position\":3,\"name\":\"Flight Case Lock LOA209\"}]},{\"@type\":\"WebSite\",\"@id\":\"https:\/\/sxflightcase.com\/th\/#website\",\"url\":\"https:\/\/sxflightcase.com\/th\/\",\"name\":\"sxpowercase.com\",\"description\":\"Flight Case Factory\",\"publisher\":{\"@id\":\"https:\/\/sxflightcase.com\/th\/#organization\"},\"potentialAction\":[{\"@type\":\"SearchAction\",\"target\":{\"@type\":\"EntryPoint\",\"urlTemplate\":\"https:\/\/sxflightcase.com\/th\/?s={search_term_string}\"},\"query-input\":{\"@type\":\"PropertyValueSpecification\",\"valueRequired\":true,\"valueName\":\"search_term_string\"}}],\"inLanguage\":\"tr\"},{\"@type\":\"Organization\",\"@id\":\"https:\/\/sxflightcase.com\/th\/#organization\",\"name\":\"sxpowercase.com\",\"url\":\"https:\/\/sxflightcase.com\/th\/\",\"logo\":{\"@type\":\"ImageObject\",\"inLanguage\":\"tr\",\"@id\":\"https:\/\/sxflightcase.com\/th\/#\/schema\/logo\/image\/\",\"url\":\"https:\/\/sxflightcase.com\/wp-content\/uploads\/2024\/04\/1713919036007.jpg\",\"contentUrl\":\"https:\/\/sxflightcase.com\/wp-content\/uploads\/2024\/04\/1713919036007.jpg\",\"width\":382,\"height\":388,\"caption\":\"sxpowercase.com\"},\"image\":{\"@id\":\"https:\/\/sxflightcase.com\/th\/#\/schema\/logo\/image\/\"},\"sameAs\":[\"https:\/\/www.facebook.com\/profile.php?id=61560407257971\"],\"numberOfEmployees\":{\"@type\":\"QuantitativeValue\",\"minValue\":\"11\",\"maxValue\":\"50\"}}]}<\/script>\n<!-- \/ Yoast SEO Premium plugin. -->","yoast_head_json":{"title":"Flight Case Lock LOA209 - https:\/\/sxflightcase.com \ud83d\udc97","description":"U\u00e7u\u015f \u00e7antas\u0131 kilidi, do\u011frudan fabrika \u00e7\u0131k\u0131\u015f\u0131! Ta\u015f\u0131ma s\u0131ras\u0131nda ekipman\u0131n\u0131z\u0131 korumak i\u00e7in y\u00fcksek kaliteli, g\u00fcvenli kilitleme \u00e7\u00f6z\u00fcmleri. Profesyoneller ve end\u00fcstri kullan\u0131m\u0131 i\u00e7in idealdir.","robots":{"index":"index","follow":"follow","max-snippet":"max-snippet:-1","max-image-preview":"max-image-preview:large","max-video-preview":"max-video-preview:-1"},"canonical":"https:\/\/sxflightcase.com\/tr\/urun\/ucus-cantasi-ki\u0307li\u0307di\u0307-loa209-2\/","og_locale":"tr_TR","og_type":"article","og_title":"Flight Case Lock LOA209","og_description":"Flight case lock, factory direct! High-quality, secure locking solutions for protecting your equipment during transport. Ideal for professionals and industry use.","og_url":"https:\/\/sxflightcase.com\/tr\/urun\/ucus-cantasi-ki\u0307li\u0307di\u0307-loa209-2\/","og_site_name":"https:\/\/sxflightcase.com","article_publisher":"https:\/\/www.facebook.com\/profile.php?id=61560407257971","article_modified_time":"2024-07-31T07:25:58+00:00","og_image":[{"width":520,"height":458,"url":"https:\/\/sxflightcase.com\/wp-content\/uploads\/2024\/07\/LOA209.jpg","type":"image\/jpeg"}],"twitter_card":"summary_large_image","twitter_misc":{"Tahmini okuma s\u00fcresi":"3 dakika"},"schema":{"@context":"https:\/\/schema.org","@graph":[{"@type":"WebPage","@id":"https:\/\/sxflightcase.com\/tr\/urun\/ucus-cantasi-ki\u0307li\u0307di\u0307-loa209-2\/","url":"https:\/\/sxflightcase.com\/tr\/urun\/ucus-cantasi-ki\u0307li\u0307di\u0307-loa209-2\/","name":"Flight Case Lock LOA209 - https:\/\/sxflightcase.com \ud83d\udc97","isPartOf":{"@id":"https:\/\/sxflightcase.com\/th\/#website"},"primaryImageOfPage":{"@id":"https:\/\/sxflightcase.com\/tr\/urun\/ucus-cantasi-ki\u0307li\u0307di\u0307-loa209-2\/#primaryimage"},"image":{"@id":"https:\/\/sxflightcase.com\/tr\/urun\/ucus-cantasi-ki\u0307li\u0307di\u0307-loa209-2\/#primaryimage"},"thumbnailUrl":"https:\/\/sxflightcase.com\/wp-content\/uploads\/2024\/07\/LOA209.jpg","datePublished":"2024-07-31T07:25:57+00:00","dateModified":"2024-07-31T07:25:58+00:00","description":"U\u00e7u\u015f \u00e7antas\u0131 kilidi, do\u011frudan fabrika \u00e7\u0131k\u0131\u015f\u0131! Ta\u015f\u0131ma s\u0131ras\u0131nda ekipman\u0131n\u0131z\u0131 korumak i\u00e7in y\u00fcksek kaliteli, g\u00fcvenli kilitleme \u00e7\u00f6z\u00fcmleri. Profesyoneller ve end\u00fcstri kullan\u0131m\u0131 i\u00e7in idealdir.","breadcrumb":{"@id":"https:\/\/sxflightcase.com\/tr\/urun\/ucus-cantasi-ki\u0307li\u0307di\u0307-loa209-2\/#breadcrumb"},"inLanguage":"tr","potentialAction":[{"@type":"ReadAction","target":["https:\/\/sxflightcase.com\/tr\/urun\/ucus-cantasi-ki\u0307li\u0307di\u0307-loa209-2\/"]}]},{"@type":"ImageObject","inLanguage":"tr","@id":"https:\/\/sxflightcase.com\/tr\/urun\/ucus-cantasi-ki\u0307li\u0307di\u0307-loa209-2\/#primaryimage","url":"https:\/\/sxflightcase.com\/wp-content\/uploads\/2024\/07\/LOA209.jpg","contentUrl":"https:\/\/sxflightcase.com\/wp-content\/uploads\/2024\/07\/LOA209.jpg","width":520,"height":458,"caption":"Flight Case Lock"},{"@type":"BreadcrumbList","@id":"https:\/\/sxflightcase.com\/tr\/urun\/ucus-cantasi-ki\u0307li\u0307di\u0307-loa209-2\/#breadcrumb","itemListElement":[{"@type":"ListItem","position":1,"name":"Home","item":"https:\/\/sxflightcase.com\/"},{"@type":"ListItem","position":2,"name":"\u0e2a\u0e34\u0e19\u0e04\u0e49\u0e32","item":"https:\/\/sxflightcase.com\/th\/shop\/"},{"@type":"ListItem","position":3,"name":"Flight Case Lock LOA209"}]},{"@type":"WebSite","@id":"https:\/\/sxflightcase.com\/th\/#website","url":"https:\/\/sxflightcase.com\/th\/","name":"sxpowercase.com","description":"U\u00e7u\u015f \u00c7antas\u0131 Fabrikas\u0131","publisher":{"@id":"https:\/\/sxflightcase.com\/th\/#organization"},"potentialAction":[{"@type":"SearchAction","target":{"@type":"EntryPoint","urlTemplate":"https:\/\/sxflightcase.com\/th\/?s={search_term_string}"},"query-input":{"@type":"PropertyValueSpecification","valueRequired":true,"valueName":"search_term_string"}}],"inLanguage":"tr"},{"@type":"Organization","@id":"https:\/\/sxflightcase.com\/th\/#organization","name":"sxpowercase.com","url":"https:\/\/sxflightcase.com\/th\/","logo":{"@type":"ImageObject","inLanguage":"tr","@id":"https:\/\/sxflightcase.com\/th\/#\/schema\/logo\/image\/","url":"https:\/\/sxflightcase.com\/wp-content\/uploads\/2024\/04\/1713919036007.jpg","contentUrl":"https:\/\/sxflightcase.com\/wp-content\/uploads\/2024\/04\/1713919036007.jpg","width":382,"height":388,"caption":"sxpowercase.com"},"image":{"@id":"https:\/\/sxflightcase.com\/th\/#\/schema\/logo\/image\/"},"sameAs":["https:\/\/www.facebook.com\/profile.php?id=61560407257971"],"numberOfEmployees":{"@type":"QuantitativeValue","minValue":"11","maxValue":"50"}}]}},"_links":{"self":[{"href":"https:\/\/sxflightcase.com\/tr\/wp-json\/wp\/v2\/product\/3897","targetHints":{"allow":["GET"]}}],"collection":[{"href":"https:\/\/sxflightcase.com\/tr\/wp-json\/wp\/v2\/product"}],"about":[{"href":"https:\/\/sxflightcase.com\/tr\/wp-json\/wp\/v2\/types\/product"}],"replies":[{"embeddable":true,"href":"https:\/\/sxflightcase.com\/tr\/wp-json\/wp\/v2\/comments?post=3897"}],"version-history":[{"count":0,"href":"https:\/\/sxflightcase.com\/tr\/wp-json\/wp\/v2\/product\/3897\/revisions"}],"wp:featuredmedia":[{"embeddable":true,"href":"https:\/\/sxflightcase.com\/tr\/wp-json\/wp\/v2\/media\/3782"}],"wp:attachment":[{"href":"https:\/\/sxflightcase.com\/tr\/wp-json\/wp\/v2\/media?parent=3897"}],"wp:term":[{"taxonomy":"product_brand","embeddable":true,"href":"https:\/\/sxflightcase.com\/tr\/wp-json\/wp\/v2\/product_brand?post=3897"},{"taxonomy":"product_cat","embeddable":true,"href":"https:\/\/sxflightcase.com\/tr\/wp-json\/wp\/v2\/product_cat?post=3897"},{"taxonomy":"product_tag","embeddable":true,"href":"https:\/\/sxflightcase.com\/tr\/wp-json\/wp\/v2\/product_tag?post=3897"}],"curies":[{"name":"wp","href":"https:\/\/api.w.org\/{rel}","templated":true}]}}