{"id":3899,"date":"2024-07-31T08:39:57","date_gmt":"2024-07-31T07:39:57","guid":{"rendered":"https:\/\/sxpowercase.com\/?post_type=product&#038;p=3899"},"modified":"2024-07-31T08:39:58","modified_gmt":"2024-07-31T07:39:58","slug":"recessed-latch-loa211","status":"publish","type":"product","link":"https:\/\/sxflightcase.com\/tr\/urun\/gomme-mandal-loa211\/","title":{"rendered":"G\u00f6mme Mandal LOA211"},"content":{"rendered":"<h2>SX G\u00f6mme Mandal ile E\u015fyalar\u0131n\u0131z\u0131 Sabitleyin<\/h2>\n<h3>Y\u00fcksek Kaliteli Mandallama \u00c7\u00f6z\u00fcmleri<\/h3>\n<p>De\u011ferli ekipmanlar\u0131n\u0131z\u0131 korumak s\u00f6z konusu oldu\u011funda, g\u00fcvenilir bir mandal \u00e7ok \u00f6nemlidir. SX birinci s\u0131n\u0131f \u00fcr\u00fcnler sunar <strong>G\u00f6mme Mandal<\/strong>\u00a0kasalar ve muhafazalar i\u00e7in g\u00fcvenli ve kullan\u0131\u015fl\u0131 kapaklar sa\u011flamak \u00fczere tasarlanm\u0131\u015ft\u0131r. Mandallar\u0131m\u0131z \u00e7e\u015fitli uygulamalar i\u00e7in idealdir ve ekipman\u0131n\u0131z\u0131n her zaman g\u00fcvende ve korunakl\u0131 kalmas\u0131n\u0131 sa\u011flar.<\/p>\n<h3>Rakipsiz De\u011fer i\u00e7in Fabrika Do\u011frudan Sat\u0131\u015flar\u0131<\/h3>\n<p>\u015eu anda <a href=\"https:\/\/sxpowercase.com\/\" target=\"_blank\" rel=\"noopener\" title=\"SX\" data-wpil-monitor-id=\"612\">SX<\/a>d\u00fc\u015f\u00fck fiyatlarla y\u00fcksek kaliteli \u00fcr\u00fcnler sunmaya inan\u0131yoruz. Do\u011frudan fabrika sat\u0131\u015flar\u0131 sunarak, gereksiz fiyat art\u0131\u015flar\u0131n\u0131 ortadan kald\u0131r\u0131yor ve tasarruflar\u0131 do\u011frudan m\u00fc\u015fterilerimize aktar\u0131yoruz. Bizim <strong>G\u00f6mme Mandallar<\/strong> sadece uygun fiyatl\u0131 de\u011fil, ayn\u0131 zamanda kat\u0131 kalite standartlar\u0131n\u0131 kar\u015f\u0131lamak i\u00e7in hassasiyetle \u00fcretilmi\u015ftir. Her iki d\u00fcnyan\u0131n da en iyisini elde edersiniz: rekabet\u00e7i bir fiyata birinci s\u0131n\u0131f kalite.<\/p>\n<h3>G\u00fcvenebilece\u011finiz Dayan\u0131kl\u0131l\u0131k<\/h3>\n<p>Uzun \u00f6m\u00fcrl\u00fc olmas\u0131 i\u00e7in \u00fcretilen SX G\u00f6mme Mandallar, s\u0131k kullan\u0131m\u0131n zorluklar\u0131na dayanabilen dayan\u0131kl\u0131 malzemelerden \u00fcretilmi\u015ftir. \u0130ster yol \u00e7antalar\u0131n\u0131, ister alet kutular\u0131n\u0131 veya u\u00e7u\u015f \u00e7antalar\u0131n\u0131 emniyete al\u0131yor olun, mandallar\u0131m\u0131z g\u00fcvenebilece\u011finiz g\u00fcvenilir bir kilitleme mekanizmas\u0131 sa\u011flar. Kalite g\u00fcvencesine \u00f6ncelik vererek her bir mandal\u0131n elinize ula\u015fmadan \u00f6nce titiz standartlar\u0131m\u0131z\u0131 kar\u015f\u0131lamas\u0131n\u0131 sa\u011fl\u0131yoruz.<\/p>\n<h3>Uygun Maliyetli ve \u00d6zelle\u015ftirilebilir<\/h3>\n<p>SX olarak, farkl\u0131 projelerin farkl\u0131 \u00e7\u00f6z\u00fcmler gerektirdi\u011fini biliyoruz. Bu nedenle, \u00fcr\u00fcnlerimiz i\u00e7in \u00f6zelle\u015ftirme se\u00e7enekleri sunuyoruz. <strong>G\u00f6mme Mandallar<\/strong>. \u0130ster belirli bir boyuta, ister kaplamaya veya tasar\u0131ma ihtiyac\u0131n\u0131z olsun, \u00fcr\u00fcnlerimizi ihtiya\u00e7lar\u0131n\u0131za g\u00f6re uyarlayabiliriz. \u00d6zelle\u015ftirme sunmam\u0131za ra\u011fmen d\u00fc\u015f\u00fck fiyatlar\u0131m\u0131z\u0131 koruyoruz, bu da mandallar\u0131m\u0131z\u0131 her b\u00fct\u00e7e i\u00e7in uygun maliyetli bir se\u00e7im haline getiriyor.<\/p>\n<h3>\u00c7ok Y\u00f6nl\u00fcl\u00fck ve Kullan\u0131m Kolayl\u0131\u011f\u0131<\/h3>\n<p>SX <strong>G\u00f6mme Mandallar<\/strong> \u00e7ok y\u00f6nl\u00fcl\u00fck ve kullan\u0131m kolayl\u0131\u011f\u0131 i\u00e7in tasarlanm\u0131\u015ft\u0131r. G\u00f6mme tasar\u0131mlar\u0131 p\u00fcr\u00fczs\u00fcz bir profil sa\u011flayarak ta\u015f\u0131ma s\u0131ras\u0131nda tak\u0131lmay\u0131 ve hasar\u0131 \u00f6nler. Bu sayede profesyonel ses, g\u00f6r\u00fcnt\u00fc ve sahne ekipmanlar\u0131n\u0131n yan\u0131 s\u0131ra di\u011fer hassas ekipmanlar i\u00e7in de m\u00fckemmeldir. Kullan\u0131c\u0131 dostu tasar\u0131m ayr\u0131ca h\u0131zl\u0131 ve kolay kurulum sa\u011flayarak zamandan ve emekten tasarruf etmenizi sa\u011flar.<\/p>\n<h3>Neden SX&#039;i Se\u00e7melisiniz?<\/h3>\n<p>SX'i se\u00e7mek kaliteyi, uygun fiyat\u0131 ve g\u00fcvenilirli\u011fi se\u00e7mek demektir. Do\u011frudan fabrika modelimiz, kaliteden \u00f6d\u00fcn vermeden en iyi \u00fcr\u00fcnleri en iyi fiyatlarla alman\u0131z\u0131 sa\u011flar. \u00d6zel ihtiya\u00e7lar\u0131n\u0131z\u0131 kar\u015f\u0131layan dayan\u0131kl\u0131 ve \u00f6zelle\u015ftirilebilir \u00e7\u00f6z\u00fcmler sunarak \u00fcr\u00fcnlerimizin arkas\u0131nda duruyoruz. \u0130ster \u00f6zel bir u\u00e7u\u015f \u00e7antas\u0131n\u0131 donat\u0131yor ister bir alet kutusunu emniyete al\u0131yor olun, SX <strong>G\u00f6mme Mandallar<\/strong> \u0130htiyac\u0131n\u0131z olan g\u00fcvenilir performans\u0131 sa\u011flar.<\/p>\n<h3>Bug\u00fcn Bize Ula\u015f\u0131n<\/h3>\n<p>SX kullanarak ekipman\u0131n\u0131z\u0131 g\u00fcvenle emniyete al\u0131n <strong>G\u00f6mme Mandallar<\/strong>. Mandallar\u0131m\u0131z, dayan\u0131kl\u0131l\u0131\u011f\u0131 ekonomiklikle birle\u015ftiren g\u00fcvenli, d\u00fc\u015f\u00fck profilli bir \u00e7\u00f6z\u00fcm sunar. Mandal \u00e7\u00f6z\u00fcmlerimiz ve bunlar\u0131 ihtiya\u00e7lar\u0131n\u0131za g\u00f6re nas\u0131l \u00f6zelle\u015ftirebilece\u011fimiz hakk\u0131nda daha fazla bilgi edinmek i\u00e7in bug\u00fcn bize ula\u015f\u0131n. SX ile do\u011frudan fabrikadan kaliteli \u00fcr\u00fcnler al\u0131rs\u0131n\u0131z ve paran\u0131z\u0131n kar\u015f\u0131l\u0131\u011f\u0131n\u0131 en iyi \u015fekilde al\u0131rs\u0131n\u0131z. T\u00fcm mandallama ihtiya\u00e7lar\u0131n\u0131z i\u00e7in SX'e g\u00fcvenin ve kalite ve hizmet fark\u0131n\u0131 ya\u015fay\u0131n.<\/p>\n<p>Hemen \u0130leti\u015fime Ge\u00e7in:<span style=\"color: #0000ff;\"><a style=\"color: #0000ff;\" href=\"https:\/\/sxpowercase.com\/contact-us\/\">https:\/\/sxpowercase.com\/<\/a><\/span><\/p>\n<p>Donan\u0131m \u00dcr\u00fcn Katalo\u011fu\uff1a<span style=\"color: #3366ff;\"><a style=\"color: #3366ff;\" href=\"https:\/\/sxpowercase.com\/wp-content\/uploads\/2024\/07\/\u4e94\u91d1.pdf\">Donan\u0131m aksesuarlar\u0131 katalo\u011fu<\/a><\/span><\/p>","protected":false},"excerpt":{"rendered":"<div class=\"flex-shrink-0 flex flex-col relative items-end\">\n<div>\n<div class=\"pt-0\">\n<div class=\"gizmo-bot-avatar flex h-8 w-8 items-center justify-center overflow-hidden rounded-full\">\n<div class=\"relative p-1 rounded-sm flex items-center justify-center bg-token-main-surface-primary text-token-text-primary h-8 w-8\"><\/div>\n<\/div>\n<\/div>\n<\/div>\n<\/div>\n<div class=\"group\/conversation-turn relative flex w-full min-w-0 flex-col agent-turn\">\n<div class=\"flex-col gap-1 md:gap-3\">\n<div class=\"flex flex-grow flex-col max-w-full\">\n<div class=\"min-h-[20px] text-message flex w-full flex-col items-end gap-2 whitespace-pre-wrap break-words [.text-message+&amp;]:mt-5 overflow-x-auto\" dir=\"auto\" data-message-author-role=\"assistant\" data-message-id=\"1ab61275-2362-43eb-9fce-bafb1f1b29ea\">\n<div class=\"flex w-full flex-col gap-1 empty:hidden first:pt-[3px]\">\n<div class=\"markdown prose w-full break-words dark:prose-invert light\">\n<h3>Secure Your Gear with SX Recessed Latches<\/h3>\n<p>Protect your equipment with SX&#8217;s high-quality Recessed Latches, providing secure and convenient closures for various cases and enclosures.<\/p>\n<h3>Unbeatable Value with Factory Direct Sales<\/h3>\n<p>SX offers Recessed Latches at competitive prices through factory direct sales. Enjoy top-notch quality without the high cost.<\/p>\n<h3>Durable, Customisable, and Easy to Use<\/h3>\n<p>SX Recessed Latches are durable and versatile, with customisation options to fit your specific needs. Their recessed design ensures a smooth profile, perfect for professional equipment.<\/p>\n<\/div>\n<\/div>\n<\/div>\n<\/div>\n<div class=\"mt-1 flex gap-3 empty:hidden -ml-2\">\n<div class=\"items-center justify-start rounded-xl p-1 flex\">\n<div class=\"flex items-center\"><\/div>\n<\/div>\n<\/div>\n<\/div>\n<\/div>\n","protected":false},"featured_media":3784,"comment_status":"open","ping_status":"closed","template":"","meta":[],"product_brand":[],"product_cat":[61],"product_tag":[],"class_list":{"0":"post-3899","1":"product","2":"type-product","3":"status-publish","4":"has-post-thumbnail","6":"product_cat-catchother-locks","8":"first","9":"instock","10":"shipping-taxable","11":"product-type-simple"},"yoast_head":"<!-- This site is optimized with the Yoast SEO Premium plugin v27.1 (Yoast SEO v27.2) - https:\/\/yoast.com\/product\/yoast-seo-premium-wordpress\/ -->\n<title>Recessed Latch LOA211 - https:\/\/sxflightcase.com \ud83d\udc97<\/title>\n<meta name=\"description\" content=\"Recessed latch, factory direct! High-quality, secure latching solutions for flight cases and equipment. Ideal for a flush, protected fit in professional and industrial settings.\" \/>\n<meta name=\"robots\" content=\"index, follow, max-snippet:-1, max-image-preview:large, max-video-preview:-1\" \/>\n<link rel=\"canonical\" href=\"https:\/\/sxflightcase.com\/tr\/product\/verzonken-dagschoot-loa211-2\/\" \/>\n<meta property=\"og:locale\" content=\"tr_TR\" \/>\n<meta property=\"og:type\" content=\"article\" \/>\n<meta property=\"og:title\" content=\"Recessed Latch LOA211\" \/>\n<meta property=\"og:description\" content=\"Recessed latch, factory direct! High-quality, secure latching solutions for flight cases and equipment. Ideal for a flush, protected fit in professional and industrial settings.\" \/>\n<meta property=\"og:url\" content=\"https:\/\/sxflightcase.com\/tr\/product\/verzonken-dagschoot-loa211-2\/\" \/>\n<meta property=\"og:site_name\" content=\"https:\/\/sxflightcase.com\" \/>\n<meta property=\"article:publisher\" content=\"https:\/\/www.facebook.com\/profile.php?id=61560407257971\" \/>\n<meta property=\"article:modified_time\" content=\"2024-07-31T07:39:58+00:00\" \/>\n<meta property=\"og:image\" content=\"https:\/\/sxflightcase.com\/wp-content\/uploads\/2024\/07\/LOA211.jpg\" \/>\n\t<meta property=\"og:image:width\" content=\"650\" \/>\n\t<meta property=\"og:image:height\" content=\"565\" \/>\n\t<meta property=\"og:image:type\" content=\"image\/jpeg\" \/>\n<meta name=\"twitter:card\" content=\"summary_large_image\" \/>\n<meta name=\"twitter:label1\" content=\"Tahmini okuma s\u00fcresi\" \/>\n\t<meta name=\"twitter:data1\" content=\"3 dakika\" \/>\n<script type=\"application\/ld+json\" class=\"yoast-schema-graph\">{\"@context\":\"https:\/\/schema.org\",\"@graph\":[{\"@type\":\"WebPage\",\"@id\":\"https:\/\/sxflightcase.com\/nl\/product\/verzonken-dagschoot-loa211-2\/\",\"url\":\"https:\/\/sxflightcase.com\/nl\/product\/verzonken-dagschoot-loa211-2\/\",\"name\":\"Recessed Latch LOA211 - https:\/\/sxflightcase.com \ud83d\udc97\",\"isPartOf\":{\"@id\":\"https:\/\/sxflightcase.com\/th\/#website\"},\"primaryImageOfPage\":{\"@id\":\"https:\/\/sxflightcase.com\/nl\/product\/verzonken-dagschoot-loa211-2\/#primaryimage\"},\"image\":{\"@id\":\"https:\/\/sxflightcase.com\/nl\/product\/verzonken-dagschoot-loa211-2\/#primaryimage\"},\"thumbnailUrl\":\"https:\/\/sxflightcase.com\/wp-content\/uploads\/2024\/07\/LOA211.jpg\",\"datePublished\":\"2024-07-31T07:39:57+00:00\",\"dateModified\":\"2024-07-31T07:39:58+00:00\",\"description\":\"Recessed latch, factory direct! High-quality, secure latching solutions for flight cases and equipment. Ideal for a flush, protected fit in professional and industrial settings.\",\"breadcrumb\":{\"@id\":\"https:\/\/sxflightcase.com\/nl\/product\/verzonken-dagschoot-loa211-2\/#breadcrumb\"},\"inLanguage\":\"tr\",\"potentialAction\":[{\"@type\":\"ReadAction\",\"target\":[\"https:\/\/sxflightcase.com\/nl\/product\/verzonken-dagschoot-loa211-2\/\"]}]},{\"@type\":\"ImageObject\",\"inLanguage\":\"tr\",\"@id\":\"https:\/\/sxflightcase.com\/nl\/product\/verzonken-dagschoot-loa211-2\/#primaryimage\",\"url\":\"https:\/\/sxflightcase.com\/wp-content\/uploads\/2024\/07\/LOA211.jpg\",\"contentUrl\":\"https:\/\/sxflightcase.com\/wp-content\/uploads\/2024\/07\/LOA211.jpg\",\"width\":650,\"height\":565,\"caption\":\"Recessed Latch\"},{\"@type\":\"BreadcrumbList\",\"@id\":\"https:\/\/sxflightcase.com\/nl\/product\/verzonken-dagschoot-loa211-2\/#breadcrumb\",\"itemListElement\":[{\"@type\":\"ListItem\",\"position\":1,\"name\":\"Home\",\"item\":\"https:\/\/sxflightcase.com\/\"},{\"@type\":\"ListItem\",\"position\":2,\"name\":\"\u0e2a\u0e34\u0e19\u0e04\u0e49\u0e32\",\"item\":\"https:\/\/sxflightcase.com\/th\/shop\/\"},{\"@type\":\"ListItem\",\"position\":3,\"name\":\"Recessed Latch LOA211\"}]},{\"@type\":\"WebSite\",\"@id\":\"https:\/\/sxflightcase.com\/th\/#website\",\"url\":\"https:\/\/sxflightcase.com\/th\/\",\"name\":\"sxpowercase.com\",\"description\":\"Flight Case Factory\",\"publisher\":{\"@id\":\"https:\/\/sxflightcase.com\/th\/#organization\"},\"potentialAction\":[{\"@type\":\"SearchAction\",\"target\":{\"@type\":\"EntryPoint\",\"urlTemplate\":\"https:\/\/sxflightcase.com\/th\/?s={search_term_string}\"},\"query-input\":{\"@type\":\"PropertyValueSpecification\",\"valueRequired\":true,\"valueName\":\"search_term_string\"}}],\"inLanguage\":\"tr\"},{\"@type\":\"Organization\",\"@id\":\"https:\/\/sxflightcase.com\/th\/#organization\",\"name\":\"sxpowercase.com\",\"url\":\"https:\/\/sxflightcase.com\/th\/\",\"logo\":{\"@type\":\"ImageObject\",\"inLanguage\":\"tr\",\"@id\":\"https:\/\/sxflightcase.com\/th\/#\/schema\/logo\/image\/\",\"url\":\"https:\/\/sxflightcase.com\/wp-content\/uploads\/2024\/04\/1713919036007.jpg\",\"contentUrl\":\"https:\/\/sxflightcase.com\/wp-content\/uploads\/2024\/04\/1713919036007.jpg\",\"width\":382,\"height\":388,\"caption\":\"sxpowercase.com\"},\"image\":{\"@id\":\"https:\/\/sxflightcase.com\/th\/#\/schema\/logo\/image\/\"},\"sameAs\":[\"https:\/\/www.facebook.com\/profile.php?id=61560407257971\"],\"numberOfEmployees\":{\"@type\":\"QuantitativeValue\",\"minValue\":\"11\",\"maxValue\":\"50\"}}]}<\/script>\n<!-- \/ Yoast SEO Premium plugin. -->","yoast_head_json":{"title":"Recessed Latch LOA211 - https:\/\/sxflightcase.com \ud83d\udc97","description":"G\u00f6mme mandal, do\u011frudan fabrika \u00e7\u0131k\u0131\u015f\u0131! U\u00e7u\u015f \u00e7antalar\u0131 ve ekipmanlar i\u00e7in y\u00fcksek kaliteli, g\u00fcvenli mandallama \u00e7\u00f6z\u00fcmleri. Profesyonel ve end\u00fcstriyel ortamlarda g\u00f6mme, korumal\u0131 bir uyum i\u00e7in idealdir.","robots":{"index":"index","follow":"follow","max-snippet":"max-snippet:-1","max-image-preview":"max-image-preview:large","max-video-preview":"max-video-preview:-1"},"canonical":"https:\/\/sxflightcase.com\/tr\/product\/verzonken-dagschoot-loa211-2\/","og_locale":"tr_TR","og_type":"article","og_title":"Recessed Latch LOA211","og_description":"Recessed latch, factory direct! High-quality, secure latching solutions for flight cases and equipment. Ideal for a flush, protected fit in professional and industrial settings.","og_url":"https:\/\/sxflightcase.com\/tr\/product\/verzonken-dagschoot-loa211-2\/","og_site_name":"https:\/\/sxflightcase.com","article_publisher":"https:\/\/www.facebook.com\/profile.php?id=61560407257971","article_modified_time":"2024-07-31T07:39:58+00:00","og_image":[{"width":650,"height":565,"url":"https:\/\/sxflightcase.com\/wp-content\/uploads\/2024\/07\/LOA211.jpg","type":"image\/jpeg"}],"twitter_card":"summary_large_image","twitter_misc":{"Tahmini okuma s\u00fcresi":"3 dakika"},"schema":{"@context":"https:\/\/schema.org","@graph":[{"@type":"WebPage","@id":"https:\/\/sxflightcase.com\/nl\/product\/verzonken-dagschoot-loa211-2\/","url":"https:\/\/sxflightcase.com\/nl\/product\/verzonken-dagschoot-loa211-2\/","name":"Recessed Latch LOA211 - https:\/\/sxflightcase.com \ud83d\udc97","isPartOf":{"@id":"https:\/\/sxflightcase.com\/th\/#website"},"primaryImageOfPage":{"@id":"https:\/\/sxflightcase.com\/nl\/product\/verzonken-dagschoot-loa211-2\/#primaryimage"},"image":{"@id":"https:\/\/sxflightcase.com\/nl\/product\/verzonken-dagschoot-loa211-2\/#primaryimage"},"thumbnailUrl":"https:\/\/sxflightcase.com\/wp-content\/uploads\/2024\/07\/LOA211.jpg","datePublished":"2024-07-31T07:39:57+00:00","dateModified":"2024-07-31T07:39:58+00:00","description":"G\u00f6mme mandal, do\u011frudan fabrika \u00e7\u0131k\u0131\u015f\u0131! U\u00e7u\u015f \u00e7antalar\u0131 ve ekipmanlar i\u00e7in y\u00fcksek kaliteli, g\u00fcvenli mandallama \u00e7\u00f6z\u00fcmleri. Profesyonel ve end\u00fcstriyel ortamlarda g\u00f6mme, korumal\u0131 bir uyum i\u00e7in idealdir.","breadcrumb":{"@id":"https:\/\/sxflightcase.com\/nl\/product\/verzonken-dagschoot-loa211-2\/#breadcrumb"},"inLanguage":"tr","potentialAction":[{"@type":"ReadAction","target":["https:\/\/sxflightcase.com\/nl\/product\/verzonken-dagschoot-loa211-2\/"]}]},{"@type":"ImageObject","inLanguage":"tr","@id":"https:\/\/sxflightcase.com\/nl\/product\/verzonken-dagschoot-loa211-2\/#primaryimage","url":"https:\/\/sxflightcase.com\/wp-content\/uploads\/2024\/07\/LOA211.jpg","contentUrl":"https:\/\/sxflightcase.com\/wp-content\/uploads\/2024\/07\/LOA211.jpg","width":650,"height":565,"caption":"Recessed Latch"},{"@type":"BreadcrumbList","@id":"https:\/\/sxflightcase.com\/nl\/product\/verzonken-dagschoot-loa211-2\/#breadcrumb","itemListElement":[{"@type":"ListItem","position":1,"name":"Home","item":"https:\/\/sxflightcase.com\/"},{"@type":"ListItem","position":2,"name":"\u0e2a\u0e34\u0e19\u0e04\u0e49\u0e32","item":"https:\/\/sxflightcase.com\/th\/shop\/"},{"@type":"ListItem","position":3,"name":"Recessed Latch LOA211"}]},{"@type":"WebSite","@id":"https:\/\/sxflightcase.com\/th\/#website","url":"https:\/\/sxflightcase.com\/th\/","name":"sxpowercase.com","description":"U\u00e7u\u015f \u00c7antas\u0131 Fabrikas\u0131","publisher":{"@id":"https:\/\/sxflightcase.com\/th\/#organization"},"potentialAction":[{"@type":"SearchAction","target":{"@type":"EntryPoint","urlTemplate":"https:\/\/sxflightcase.com\/th\/?s={search_term_string}"},"query-input":{"@type":"PropertyValueSpecification","valueRequired":true,"valueName":"search_term_string"}}],"inLanguage":"tr"},{"@type":"Organization","@id":"https:\/\/sxflightcase.com\/th\/#organization","name":"sxpowercase.com","url":"https:\/\/sxflightcase.com\/th\/","logo":{"@type":"ImageObject","inLanguage":"tr","@id":"https:\/\/sxflightcase.com\/th\/#\/schema\/logo\/image\/","url":"https:\/\/sxflightcase.com\/wp-content\/uploads\/2024\/04\/1713919036007.jpg","contentUrl":"https:\/\/sxflightcase.com\/wp-content\/uploads\/2024\/04\/1713919036007.jpg","width":382,"height":388,"caption":"sxpowercase.com"},"image":{"@id":"https:\/\/sxflightcase.com\/th\/#\/schema\/logo\/image\/"},"sameAs":["https:\/\/www.facebook.com\/profile.php?id=61560407257971"],"numberOfEmployees":{"@type":"QuantitativeValue","minValue":"11","maxValue":"50"}}]}},"_links":{"self":[{"href":"https:\/\/sxflightcase.com\/tr\/wp-json\/wp\/v2\/product\/3899","targetHints":{"allow":["GET"]}}],"collection":[{"href":"https:\/\/sxflightcase.com\/tr\/wp-json\/wp\/v2\/product"}],"about":[{"href":"https:\/\/sxflightcase.com\/tr\/wp-json\/wp\/v2\/types\/product"}],"replies":[{"embeddable":true,"href":"https:\/\/sxflightcase.com\/tr\/wp-json\/wp\/v2\/comments?post=3899"}],"version-history":[{"count":0,"href":"https:\/\/sxflightcase.com\/tr\/wp-json\/wp\/v2\/product\/3899\/revisions"}],"wp:featuredmedia":[{"embeddable":true,"href":"https:\/\/sxflightcase.com\/tr\/wp-json\/wp\/v2\/media\/3784"}],"wp:attachment":[{"href":"https:\/\/sxflightcase.com\/tr\/wp-json\/wp\/v2\/media?parent=3899"}],"wp:term":[{"taxonomy":"product_brand","embeddable":true,"href":"https:\/\/sxflightcase.com\/tr\/wp-json\/wp\/v2\/product_brand?post=3899"},{"taxonomy":"product_cat","embeddable":true,"href":"https:\/\/sxflightcase.com\/tr\/wp-json\/wp\/v2\/product_cat?post=3899"},{"taxonomy":"product_tag","embeddable":true,"href":"https:\/\/sxflightcase.com\/tr\/wp-json\/wp\/v2\/product_tag?post=3899"}],"curies":[{"name":"wp","href":"https:\/\/api.w.org\/{rel}","templated":true}]}}