{"id":3910,"date":"2024-08-01T07:02:11","date_gmt":"2024-08-01T06:02:11","guid":{"rendered":"https:\/\/sxpowercase.com\/?post_type=product&#038;p=3910"},"modified":"2024-08-01T07:02:12","modified_gmt":"2024-08-01T06:02:12","slug":"recessed-latches-loa302","status":"publish","type":"product","link":"https:\/\/sxflightcase.com\/tr\/urun\/gomme-mandallar-loa302-2\/","title":{"rendered":"G\u00f6mme Mandallar LOA302"},"content":{"rendered":"<h2>SX G\u00f6mme Mandallar ile Ekipmanlar\u0131n\u0131z\u0131 G\u00fcvence Alt\u0131na Al\u0131n<\/h2>\n<h3>Y\u00fcksek Kaliteli Mandallama \u00c7\u00f6z\u00fcmleri<\/h3>\n<p>Konu de\u011ferli ekipman\u0131n\u0131z\u0131n g\u00fcvenli\u011fini sa\u011flamak oldu\u011funda, <strong>G\u00f6mme Mandallar<\/strong> SX'ten en iyi se\u00e7imdir. Maksimum g\u00fcvenlik sa\u011flamak \u00fczere tasarlanan bu mandallar, u\u00e7u\u015f \u00e7antalar\u0131 ve saklama kaplar\u0131 da dahil olmak \u00fczere \u00e7ok \u00e7e\u015fitli uygulamalar i\u00e7in m\u00fckemmeldir. SX, ortam ne olursa olsun ekipman\u0131n\u0131z\u0131n g\u00fcvende kalmas\u0131n\u0131 ve korunmas\u0131n\u0131 sa\u011flayan g\u00fcvenilir mandal \u00e7\u00f6z\u00fcmleri sunar.<\/p>\n<h3>Fabrika Do\u011frudan ve Uygun Fiyatl\u0131<\/h3>\n<p>\u015eu anda <a href=\"https:\/\/sxpowercase.com\/\" target=\"_blank\" rel=\"noopener\" title=\"SX\" data-wpil-monitor-id=\"614\">SX<\/a>y\u00fcksek kaliteli \u00fcr\u00fcnleri do\u011frudan fabrikadan m\u00fc\u015fterilerimize teslim etmekten gurur duyuyoruz. Bu yakla\u015f\u0131m, m\u00fc\u015fterilerimize <strong>G\u00f6mme Mandallar<\/strong> rekabet\u00e7i fiyatlarla, bankay\u0131 zorlamadan birinci s\u0131n\u0131f g\u00fcvenlik alman\u0131z\u0131 sa\u011flar. Fabrikada do\u011frudan sat\u0131\u015f modelimiz arac\u0131lara olan ihtiyac\u0131 ortadan kald\u0131r\u0131r, \u00fcst\u00fcn \u00fcr\u00fcn standartlar\u0131n\u0131 korurken tasarrufu do\u011frudan size aktar\u0131r.<\/p>\n<h3>G\u00fcvenebilece\u011finiz Dayan\u0131kl\u0131l\u0131k<\/h3>\n<p>SX <strong>G\u00f6mme Mandallar<\/strong> s\u0131k kullan\u0131ma ve zorlu ko\u015fullara dayanacak \u015fekilde tasarlanm\u0131\u015f g\u00fc\u00e7l\u00fc, dayan\u0131kl\u0131 malzemelerden \u00fcretilmi\u015ftir. Her bir mandal, kat\u0131 standartlar\u0131m\u0131z\u0131 kar\u015f\u0131lad\u0131\u011f\u0131ndan emin olmak i\u00e7in titiz kalite kontrollerinden ge\u00e7irilir. Kaliteye bu \u015fekilde odaklanmam\u0131z, mandallar\u0131m\u0131z\u0131n sadece uzun \u00f6m\u00fcrl\u00fc olmas\u0131n\u0131 de\u011fil, ayn\u0131 zamanda tutarl\u0131 ve g\u00fcvenilir performans sunmas\u0131n\u0131 da garanti ederek ekipman\u0131n\u0131z\u0131n g\u00fcvende oldu\u011fu konusunda i\u00e7inizin rahat olmas\u0131n\u0131 sa\u011flar.<\/p>\n<h3>\u0130htiya\u00e7lar\u0131n\u0131z\u0131 Kar\u015f\u0131lamak i\u00e7in \u00d6zelle\u015ftirilebilir<\/h3>\n<p>Her projenin kendine \u00f6zg\u00fc gereksinimleri oldu\u011funu biliyoruz, bu nedenle SX, projelerimiz i\u00e7in \u00f6zelle\u015ftirme se\u00e7enekleri sunuyor. <strong>G\u00f6mme Mandallar<\/strong>. \u0130ster belirli boyutlara, kaplamalara veya malzemelere ihtiyac\u0131n\u0131z olsun, \u00fcr\u00fcnlerimizi ihtiya\u00e7lar\u0131n\u0131za g\u00f6re uyarlayabiliriz. Bu \u00f6zelle\u015ftirme, kalite ve uygun fiyat taahh\u00fcd\u00fcm\u00fczden yararlan\u0131rken, gereksiz maliyetler olmadan tam olarak ihtiyac\u0131n\u0131z olan\u0131 alman\u0131z\u0131 sa\u011flar.<\/p>\n<h3>Kurulumu ve Kullan\u0131m\u0131 Kolay<\/h3>\n<p>SX <strong>G\u00f6mme Mandallar<\/strong> kurulumu h\u0131zl\u0131 ve basit hale getiren kullan\u0131c\u0131 dostu bir tasar\u0131ma sahiptir. G\u00f6mme yap\u0131lar\u0131 kasalar\u0131n\u0131z\u0131n ve muhafazalar\u0131n\u0131z\u0131n estetik \u00e7ekicili\u011fini art\u0131rmakla kalmaz, ayn\u0131 zamanda kazara tak\u0131lmalar\u0131 ve hasar g\u00f6rmelerini de \u00f6nler. Bu \u015f\u0131k tasar\u0131m, mandallar\u0131m\u0131z\u0131 profesyonel g\u00f6rsel-i\u015fitsel kurulumlardan genel ama\u00e7l\u0131 depolamaya kadar \u00e7e\u015fitli uygulamalar i\u00e7in ideal hale getirir.<\/p>\n<h3>Neden SX&#039;i Se\u00e7melisiniz?<\/h3>\n<p>SX'i se\u00e7mek, kaliteye, uygun fiyata ve m\u00fc\u015fteri memnuniyetine \u00f6ncelik veren bir markay\u0131 se\u00e7mek anlam\u0131na gelir. Do\u011frudan t\u00fcketiciye y\u00f6nelik modelimiz, y\u00fcksek kaliteli \u00fcr\u00fcnleri m\u00fcmk\u00fcn olan en iyi fiyatlarla alman\u0131z\u0131 sa\u011flar. Bizim ile <strong>G\u00f6mme Mandallar<\/strong>\u00f6zel ihtiya\u00e7lar\u0131n\u0131z\u0131 kar\u015f\u0131layan dayan\u0131kl\u0131 ve \u00f6zelle\u015ftirilebilir bir \u00e7\u00f6z\u00fcm elde edersiniz. M\u00fckemmel g\u00fcvenli\u011fi cazip bir tasar\u0131mla birle\u015ftiren mandallar i\u00e7in SX'e g\u00fcvenin, hem de uygun bir fiyatla.<\/p>\n<h3>Bug\u00fcn Bize Ula\u015f\u0131n<\/h3>\n<p>Ekipman\u0131n\u0131z\u0131 sekt\u00f6r\u00fcn en iyisiyle g\u00fcvence alt\u0131na al\u0131n. SX <strong>G\u00f6mme Mandallar<\/strong> g\u00fcvenlik, dayan\u0131kl\u0131l\u0131k ve uygun fiyat\u0131n m\u00fckemmel kombinasyonunu sunar. \u0130ster u\u00e7u\u015f \u00e7antalar\u0131n\u0131, ister depolama birimlerini veya di\u011fer ekipmanlar\u0131 donat\u0131yor olun, mandallar\u0131m\u0131z g\u00fcvenilir ve \u015f\u0131k bir \u00e7\u00f6z\u00fcm sunar. \u00dcr\u00fcnlerimiz hakk\u0131nda daha fazla bilgi edinmek ve \u00f6zel gereksinimlerinizi kar\u015f\u0131lamaya nas\u0131l yard\u0131mc\u0131 olabilece\u011fimizi \u00f6\u011frenmek i\u00e7in bug\u00fcn bizimle ileti\u015fime ge\u00e7in. SX ile, do\u011frudan fabrikadan \u00e7\u0131kan kaliteli \u00fcr\u00fcnleri, bankay\u0131 bozmayacak fiyatlarla garanti edersiniz.<\/p>\n<p>Hemen \u0130leti\u015fime Ge\u00e7in:<span style=\"color: #0000ff;\"><a style=\"color: #0000ff;\" href=\"https:\/\/sxpowercase.com\/contact-us\/\">https:\/\/sxpowercase.com\/<\/a><\/span><\/p>\n<p>Donan\u0131m \u00dcr\u00fcn Katalo\u011fu\uff1a<span style=\"color: #3366ff;\"><a style=\"color: #3366ff;\" href=\"https:\/\/sxpowercase.com\/wp-content\/uploads\/2024\/07\/\u4e94\u91d1.pdf\">Donan\u0131m aksesuarlar\u0131 katalo\u011fu<\/a><\/span><\/p>","protected":false},"excerpt":{"rendered":"<div class=\"flex-shrink-0 flex flex-col relative items-end\">\n<div>\n<div class=\"pt-0\">\n<div class=\"gizmo-bot-avatar flex h-8 w-8 items-center justify-center overflow-hidden rounded-full\">\n<div class=\"relative p-1 rounded-sm flex items-center justify-center bg-token-main-surface-primary text-token-text-primary h-8 w-8\"><\/div>\n<\/div>\n<\/div>\n<\/div>\n<\/div>\n<div class=\"group\/conversation-turn relative flex w-full min-w-0 flex-col agent-turn\">\n<div class=\"flex-col gap-1 md:gap-3\">\n<div class=\"flex flex-grow flex-col max-w-full\">\n<div class=\"min-h-[20px] text-message flex w-full flex-col items-end gap-2 whitespace-pre-wrap break-words [.text-message+&amp;]:mt-5 overflow-x-auto\" dir=\"auto\" data-message-author-role=\"assistant\" data-message-id=\"1ab61275-2362-43eb-9fce-bafb1f1b29ea\">\n<div class=\"flex w-full flex-col gap-1 empty:hidden first:pt-[3px]\">\n<div class=\"markdown prose w-full break-words dark:prose-invert light\">\n<h3>Secure Your Gear with SX Recessed Latches<\/h3>\n<p>Protect your equipment with SX&#8217;s high-quality Recessed Latches, providing secure and convenient closures for various cases and enclosures.<\/p>\n<h3>Unbeatable Value with Factory Direct Sales<\/h3>\n<p>SX offers Recessed Latches at competitive prices through factory direct sales. Enjoy top-notch quality without the high cost.<\/p>\n<h3>Durable, Customisable, and Easy to Use<\/h3>\n<p>SX Recessed Latches are durable and versatile, with customisation options to fit your specific needs. Their recessed design ensures a smooth profile, perfect for professional equipment.<\/p>\n<\/div>\n<\/div>\n<\/div>\n<\/div>\n<div class=\"mt-1 flex gap-3 empty:hidden -ml-2\">\n<div class=\"items-center justify-start rounded-xl p-1 flex\">\n<div class=\"flex items-center\"><\/div>\n<\/div>\n<\/div>\n<\/div>\n<\/div>\n","protected":false},"featured_media":3786,"comment_status":"open","ping_status":"closed","template":"","meta":[],"product_brand":[],"product_cat":[61],"product_tag":[],"class_list":{"0":"post-3910","1":"product","2":"type-product","3":"status-publish","4":"has-post-thumbnail","6":"product_cat-catchother-locks","8":"first","9":"instock","10":"shipping-taxable","11":"product-type-simple"},"yoast_head":"<!-- This site is optimized with the Yoast SEO Premium plugin v27.1 (Yoast SEO v27.2) - https:\/\/yoast.com\/product\/yoast-seo-premium-wordpress\/ -->\n<title>Recessed Latches LOA302 - https:\/\/sxflightcase.com \ud83d\udc97<\/title>\n<meta name=\"description\" content=\"Recessed latches, factory direct! High-quality, secure latching solutions for flight cases and equipment. Ideal for a flush, protected fit in professional and industrial settings.\" \/>\n<meta name=\"robots\" content=\"index, follow, max-snippet:-1, max-image-preview:large, max-video-preview:-1\" \/>\n<link rel=\"canonical\" href=\"https:\/\/sxflightcase.com\/tr\/\u0645\u0646\u062a\u062c\/\u0627\u0644\u0645\u0632\u0627\u0644\u062c-\u0627\u0644\u063a\u0627\u0626\u0631\u0629-loa302\/\" \/>\n<meta property=\"og:locale\" content=\"tr_TR\" \/>\n<meta property=\"og:type\" content=\"article\" \/>\n<meta property=\"og:title\" content=\"Recessed Latches LOA302\" \/>\n<meta property=\"og:description\" content=\"Recessed latches, factory direct! High-quality, secure latching solutions for flight cases and equipment. Ideal for a flush, protected fit in professional and industrial settings.\" \/>\n<meta property=\"og:url\" content=\"https:\/\/sxflightcase.com\/tr\/\u0645\u0646\u062a\u062c\/\u0627\u0644\u0645\u0632\u0627\u0644\u062c-\u0627\u0644\u063a\u0627\u0626\u0631\u0629-loa302\/\" \/>\n<meta property=\"og:site_name\" content=\"https:\/\/sxflightcase.com\" \/>\n<meta property=\"article:publisher\" content=\"https:\/\/www.facebook.com\/profile.php?id=61560407257971\" \/>\n<meta property=\"article:modified_time\" content=\"2024-08-01T06:02:12+00:00\" \/>\n<meta property=\"og:image\" content=\"https:\/\/sxflightcase.com\/wp-content\/uploads\/2024\/07\/LOA302.jpg\" \/>\n\t<meta property=\"og:image:width\" content=\"520\" \/>\n\t<meta property=\"og:image:height\" content=\"454\" \/>\n\t<meta property=\"og:image:type\" content=\"image\/jpeg\" \/>\n<meta name=\"twitter:card\" content=\"summary_large_image\" \/>\n<meta name=\"twitter:label1\" content=\"Tahmini okuma s\u00fcresi\" \/>\n\t<meta name=\"twitter:data1\" content=\"3 dakika\" \/>\n<script type=\"application\/ld+json\" class=\"yoast-schema-graph\">{\"@context\":\"https:\/\/schema.org\",\"@graph\":[{\"@type\":\"WebPage\",\"@id\":\"https:\/\/sxflightcase.com\/ary\/\u0645\u0646\u062a\u062c\/\u0627\u0644\u0645\u0632\u0627\u0644\u062c-\u0627\u0644\u063a\u0627\u0626\u0631\u0629-loa302\/\",\"url\":\"https:\/\/sxflightcase.com\/ary\/\u0645\u0646\u062a\u062c\/\u0627\u0644\u0645\u0632\u0627\u0644\u062c-\u0627\u0644\u063a\u0627\u0626\u0631\u0629-loa302\/\",\"name\":\"Recessed Latches LOA302 - https:\/\/sxflightcase.com \ud83d\udc97\",\"isPartOf\":{\"@id\":\"https:\/\/sxflightcase.com\/th\/#website\"},\"primaryImageOfPage\":{\"@id\":\"https:\/\/sxflightcase.com\/ary\/\u0645\u0646\u062a\u062c\/\u0627\u0644\u0645\u0632\u0627\u0644\u062c-\u0627\u0644\u063a\u0627\u0626\u0631\u0629-loa302\/#primaryimage\"},\"image\":{\"@id\":\"https:\/\/sxflightcase.com\/ary\/\u0645\u0646\u062a\u062c\/\u0627\u0644\u0645\u0632\u0627\u0644\u062c-\u0627\u0644\u063a\u0627\u0626\u0631\u0629-loa302\/#primaryimage\"},\"thumbnailUrl\":\"https:\/\/sxflightcase.com\/wp-content\/uploads\/2024\/07\/LOA302.jpg\",\"datePublished\":\"2024-08-01T06:02:11+00:00\",\"dateModified\":\"2024-08-01T06:02:12+00:00\",\"description\":\"Recessed latches, factory direct! High-quality, secure latching solutions for flight cases and equipment. Ideal for a flush, protected fit in professional and industrial settings.\",\"breadcrumb\":{\"@id\":\"https:\/\/sxflightcase.com\/ary\/\u0645\u0646\u062a\u062c\/\u0627\u0644\u0645\u0632\u0627\u0644\u062c-\u0627\u0644\u063a\u0627\u0626\u0631\u0629-loa302\/#breadcrumb\"},\"inLanguage\":\"tr\",\"potentialAction\":[{\"@type\":\"ReadAction\",\"target\":[\"https:\/\/sxflightcase.com\/ary\/\u0645\u0646\u062a\u062c\/\u0627\u0644\u0645\u0632\u0627\u0644\u062c-\u0627\u0644\u063a\u0627\u0626\u0631\u0629-loa302\/\"]}]},{\"@type\":\"ImageObject\",\"inLanguage\":\"tr\",\"@id\":\"https:\/\/sxflightcase.com\/ary\/\u0645\u0646\u062a\u062c\/\u0627\u0644\u0645\u0632\u0627\u0644\u062c-\u0627\u0644\u063a\u0627\u0626\u0631\u0629-loa302\/#primaryimage\",\"url\":\"https:\/\/sxflightcase.com\/wp-content\/uploads\/2024\/07\/LOA302.jpg\",\"contentUrl\":\"https:\/\/sxflightcase.com\/wp-content\/uploads\/2024\/07\/LOA302.jpg\",\"width\":520,\"height\":454,\"caption\":\"Recessed Latches\"},{\"@type\":\"BreadcrumbList\",\"@id\":\"https:\/\/sxflightcase.com\/ary\/\u0645\u0646\u062a\u062c\/\u0627\u0644\u0645\u0632\u0627\u0644\u062c-\u0627\u0644\u063a\u0627\u0626\u0631\u0629-loa302\/#breadcrumb\",\"itemListElement\":[{\"@type\":\"ListItem\",\"position\":1,\"name\":\"Home\",\"item\":\"https:\/\/sxflightcase.com\/\"},{\"@type\":\"ListItem\",\"position\":2,\"name\":\"\u0e2a\u0e34\u0e19\u0e04\u0e49\u0e32\",\"item\":\"https:\/\/sxflightcase.com\/th\/shop\/\"},{\"@type\":\"ListItem\",\"position\":3,\"name\":\"Recessed Latches LOA302\"}]},{\"@type\":\"WebSite\",\"@id\":\"https:\/\/sxflightcase.com\/th\/#website\",\"url\":\"https:\/\/sxflightcase.com\/th\/\",\"name\":\"sxpowercase.com\",\"description\":\"Flight Case Factory\",\"publisher\":{\"@id\":\"https:\/\/sxflightcase.com\/th\/#organization\"},\"potentialAction\":[{\"@type\":\"SearchAction\",\"target\":{\"@type\":\"EntryPoint\",\"urlTemplate\":\"https:\/\/sxflightcase.com\/th\/?s={search_term_string}\"},\"query-input\":{\"@type\":\"PropertyValueSpecification\",\"valueRequired\":true,\"valueName\":\"search_term_string\"}}],\"inLanguage\":\"tr\"},{\"@type\":\"Organization\",\"@id\":\"https:\/\/sxflightcase.com\/th\/#organization\",\"name\":\"sxpowercase.com\",\"url\":\"https:\/\/sxflightcase.com\/th\/\",\"logo\":{\"@type\":\"ImageObject\",\"inLanguage\":\"tr\",\"@id\":\"https:\/\/sxflightcase.com\/th\/#\/schema\/logo\/image\/\",\"url\":\"https:\/\/sxflightcase.com\/wp-content\/uploads\/2024\/04\/1713919036007.jpg\",\"contentUrl\":\"https:\/\/sxflightcase.com\/wp-content\/uploads\/2024\/04\/1713919036007.jpg\",\"width\":382,\"height\":388,\"caption\":\"sxpowercase.com\"},\"image\":{\"@id\":\"https:\/\/sxflightcase.com\/th\/#\/schema\/logo\/image\/\"},\"sameAs\":[\"https:\/\/www.facebook.com\/profile.php?id=61560407257971\"],\"numberOfEmployees\":{\"@type\":\"QuantitativeValue\",\"minValue\":\"11\",\"maxValue\":\"50\"}}]}<\/script>\n<!-- \/ Yoast SEO Premium plugin. -->","yoast_head_json":{"title":"Recessed Latches LOA302 - https:\/\/sxflightcase.com \ud83d\udc97","description":"G\u00f6mme mandallar, do\u011frudan fabrika \u00e7\u0131k\u0131\u015f\u0131! U\u00e7u\u015f \u00e7antalar\u0131 ve ekipmanlar i\u00e7in y\u00fcksek kaliteli, g\u00fcvenli mandallama \u00e7\u00f6z\u00fcmleri. Profesyonel ve end\u00fcstriyel ortamlarda g\u00f6mme, korumal\u0131 bir uyum i\u00e7in idealdir.","robots":{"index":"index","follow":"follow","max-snippet":"max-snippet:-1","max-image-preview":"max-image-preview:large","max-video-preview":"max-video-preview:-1"},"canonical":"https:\/\/sxflightcase.com\/tr\/\u0645\u0646\u062a\u062c\/\u0627\u0644\u0645\u0632\u0627\u0644\u062c-\u0627\u0644\u063a\u0627\u0626\u0631\u0629-loa302\/","og_locale":"tr_TR","og_type":"article","og_title":"Recessed Latches LOA302","og_description":"Recessed latches, factory direct! High-quality, secure latching solutions for flight cases and equipment. Ideal for a flush, protected fit in professional and industrial settings.","og_url":"https:\/\/sxflightcase.com\/tr\/\u0645\u0646\u062a\u062c\/\u0627\u0644\u0645\u0632\u0627\u0644\u062c-\u0627\u0644\u063a\u0627\u0626\u0631\u0629-loa302\/","og_site_name":"https:\/\/sxflightcase.com","article_publisher":"https:\/\/www.facebook.com\/profile.php?id=61560407257971","article_modified_time":"2024-08-01T06:02:12+00:00","og_image":[{"width":520,"height":454,"url":"https:\/\/sxflightcase.com\/wp-content\/uploads\/2024\/07\/LOA302.jpg","type":"image\/jpeg"}],"twitter_card":"summary_large_image","twitter_misc":{"Tahmini okuma s\u00fcresi":"3 dakika"},"schema":{"@context":"https:\/\/schema.org","@graph":[{"@type":"WebPage","@id":"https:\/\/sxflightcase.com\/ary\/\u0645\u0646\u062a\u062c\/\u0627\u0644\u0645\u0632\u0627\u0644\u062c-\u0627\u0644\u063a\u0627\u0626\u0631\u0629-loa302\/","url":"https:\/\/sxflightcase.com\/ary\/\u0645\u0646\u062a\u062c\/\u0627\u0644\u0645\u0632\u0627\u0644\u062c-\u0627\u0644\u063a\u0627\u0626\u0631\u0629-loa302\/","name":"Recessed Latches LOA302 - https:\/\/sxflightcase.com \ud83d\udc97","isPartOf":{"@id":"https:\/\/sxflightcase.com\/th\/#website"},"primaryImageOfPage":{"@id":"https:\/\/sxflightcase.com\/ary\/\u0645\u0646\u062a\u062c\/\u0627\u0644\u0645\u0632\u0627\u0644\u062c-\u0627\u0644\u063a\u0627\u0626\u0631\u0629-loa302\/#primaryimage"},"image":{"@id":"https:\/\/sxflightcase.com\/ary\/\u0645\u0646\u062a\u062c\/\u0627\u0644\u0645\u0632\u0627\u0644\u062c-\u0627\u0644\u063a\u0627\u0626\u0631\u0629-loa302\/#primaryimage"},"thumbnailUrl":"https:\/\/sxflightcase.com\/wp-content\/uploads\/2024\/07\/LOA302.jpg","datePublished":"2024-08-01T06:02:11+00:00","dateModified":"2024-08-01T06:02:12+00:00","description":"G\u00f6mme mandallar, do\u011frudan fabrika \u00e7\u0131k\u0131\u015f\u0131! U\u00e7u\u015f \u00e7antalar\u0131 ve ekipmanlar i\u00e7in y\u00fcksek kaliteli, g\u00fcvenli mandallama \u00e7\u00f6z\u00fcmleri. Profesyonel ve end\u00fcstriyel ortamlarda g\u00f6mme, korumal\u0131 bir uyum i\u00e7in idealdir.","breadcrumb":{"@id":"https:\/\/sxflightcase.com\/ary\/\u0645\u0646\u062a\u062c\/\u0627\u0644\u0645\u0632\u0627\u0644\u062c-\u0627\u0644\u063a\u0627\u0626\u0631\u0629-loa302\/#breadcrumb"},"inLanguage":"tr","potentialAction":[{"@type":"ReadAction","target":["https:\/\/sxflightcase.com\/ary\/\u0645\u0646\u062a\u062c\/\u0627\u0644\u0645\u0632\u0627\u0644\u062c-\u0627\u0644\u063a\u0627\u0626\u0631\u0629-loa302\/"]}]},{"@type":"ImageObject","inLanguage":"tr","@id":"https:\/\/sxflightcase.com\/ary\/\u0645\u0646\u062a\u062c\/\u0627\u0644\u0645\u0632\u0627\u0644\u062c-\u0627\u0644\u063a\u0627\u0626\u0631\u0629-loa302\/#primaryimage","url":"https:\/\/sxflightcase.com\/wp-content\/uploads\/2024\/07\/LOA302.jpg","contentUrl":"https:\/\/sxflightcase.com\/wp-content\/uploads\/2024\/07\/LOA302.jpg","width":520,"height":454,"caption":"Recessed Latches"},{"@type":"BreadcrumbList","@id":"https:\/\/sxflightcase.com\/ary\/\u0645\u0646\u062a\u062c\/\u0627\u0644\u0645\u0632\u0627\u0644\u062c-\u0627\u0644\u063a\u0627\u0626\u0631\u0629-loa302\/#breadcrumb","itemListElement":[{"@type":"ListItem","position":1,"name":"Home","item":"https:\/\/sxflightcase.com\/"},{"@type":"ListItem","position":2,"name":"\u0e2a\u0e34\u0e19\u0e04\u0e49\u0e32","item":"https:\/\/sxflightcase.com\/th\/shop\/"},{"@type":"ListItem","position":3,"name":"Recessed Latches LOA302"}]},{"@type":"WebSite","@id":"https:\/\/sxflightcase.com\/th\/#website","url":"https:\/\/sxflightcase.com\/th\/","name":"sxpowercase.com","description":"U\u00e7u\u015f \u00c7antas\u0131 Fabrikas\u0131","publisher":{"@id":"https:\/\/sxflightcase.com\/th\/#organization"},"potentialAction":[{"@type":"SearchAction","target":{"@type":"EntryPoint","urlTemplate":"https:\/\/sxflightcase.com\/th\/?s={search_term_string}"},"query-input":{"@type":"PropertyValueSpecification","valueRequired":true,"valueName":"search_term_string"}}],"inLanguage":"tr"},{"@type":"Organization","@id":"https:\/\/sxflightcase.com\/th\/#organization","name":"sxpowercase.com","url":"https:\/\/sxflightcase.com\/th\/","logo":{"@type":"ImageObject","inLanguage":"tr","@id":"https:\/\/sxflightcase.com\/th\/#\/schema\/logo\/image\/","url":"https:\/\/sxflightcase.com\/wp-content\/uploads\/2024\/04\/1713919036007.jpg","contentUrl":"https:\/\/sxflightcase.com\/wp-content\/uploads\/2024\/04\/1713919036007.jpg","width":382,"height":388,"caption":"sxpowercase.com"},"image":{"@id":"https:\/\/sxflightcase.com\/th\/#\/schema\/logo\/image\/"},"sameAs":["https:\/\/www.facebook.com\/profile.php?id=61560407257971"],"numberOfEmployees":{"@type":"QuantitativeValue","minValue":"11","maxValue":"50"}}]}},"_links":{"self":[{"href":"https:\/\/sxflightcase.com\/tr\/wp-json\/wp\/v2\/product\/3910","targetHints":{"allow":["GET"]}}],"collection":[{"href":"https:\/\/sxflightcase.com\/tr\/wp-json\/wp\/v2\/product"}],"about":[{"href":"https:\/\/sxflightcase.com\/tr\/wp-json\/wp\/v2\/types\/product"}],"replies":[{"embeddable":true,"href":"https:\/\/sxflightcase.com\/tr\/wp-json\/wp\/v2\/comments?post=3910"}],"version-history":[{"count":0,"href":"https:\/\/sxflightcase.com\/tr\/wp-json\/wp\/v2\/product\/3910\/revisions"}],"wp:featuredmedia":[{"embeddable":true,"href":"https:\/\/sxflightcase.com\/tr\/wp-json\/wp\/v2\/media\/3786"}],"wp:attachment":[{"href":"https:\/\/sxflightcase.com\/tr\/wp-json\/wp\/v2\/media?parent=3910"}],"wp:term":[{"taxonomy":"product_brand","embeddable":true,"href":"https:\/\/sxflightcase.com\/tr\/wp-json\/wp\/v2\/product_brand?post=3910"},{"taxonomy":"product_cat","embeddable":true,"href":"https:\/\/sxflightcase.com\/tr\/wp-json\/wp\/v2\/product_cat?post=3910"},{"taxonomy":"product_tag","embeddable":true,"href":"https:\/\/sxflightcase.com\/tr\/wp-json\/wp\/v2\/product_tag?post=3910"}],"curies":[{"name":"wp","href":"https:\/\/api.w.org\/{rel}","templated":true}]}}