{"id":3912,"date":"2024-08-01T07:04:39","date_gmt":"2024-08-01T06:04:39","guid":{"rendered":"https:\/\/sxpowercase.com\/?post_type=product&#038;p=3912"},"modified":"2024-08-01T07:04:40","modified_gmt":"2024-08-01T06:04:40","slug":"recessed-latches-loa303","status":"publish","type":"product","link":"https:\/\/sxflightcase.com\/tr\/urun\/gomme-mandallar-loa303-2\/","title":{"rendered":"G\u00f6mme Mandallar LOA303"},"content":{"rendered":"<h2>SX G\u00f6mme Mandallar ile E\u015fyalar\u0131n\u0131z\u0131 Sabitleyin<\/h2>\n<h3>Premium G\u00fcvenlik \u00c7\u00f6z\u00fcmleri<\/h3>\n<p>De\u011ferli ekipman\u0131n\u0131z\u0131 korurken, <strong>G\u00f6mme Mandallar<\/strong> SX'ten ideal bir se\u00e7imdir. Bu mandallar ola\u011fan\u00fcst\u00fc g\u00fcvenlik sa\u011flar ve u\u00e7u\u015f \u00e7antalar\u0131, raflar ve di\u011fer muhafazalar i\u00e7in m\u00fckemmeldir. Hassasiyetle tasarlanan SX mandallar\u0131, ister yolda ister depoda olsun, ekipman\u0131n\u0131z\u0131n g\u00fcvende ve korunakl\u0131 kalmas\u0131n\u0131 sa\u011flar.<\/p>\n<h3>Rakipsiz Fiyatlarla Do\u011frudan Fabrikadan<\/h3>\n<p><a href=\"https:\/\/sxpowercase.com\/\" target=\"_blank\" rel=\"noopener\" title=\"SX\" data-wpil-monitor-id=\"615\">SX<\/a> teklifler <strong>G\u00f6mme Mandallar<\/strong> do\u011frudan fabrikadan, en kaliteli \u00fcr\u00fcnleri do\u011frudan fabrika fiyatlar\u0131yla alman\u0131z\u0131 sa\u011flar. Bu model arac\u0131lar\u0131 ortadan kald\u0131rarak tasarruflar\u0131 size aktarmam\u0131z\u0131 sa\u011flar. Uygun fiyat taahh\u00fcd\u00fcm\u00fcz, prim \u00f6demeden dayan\u0131kl\u0131, y\u00fcksek kaliteli mandallar alman\u0131z anlam\u0131na gelir.<\/p>\n<h3>Dayan\u0131kl\u0131l\u0131k ve G\u00fcvenilirlik i\u00e7in \u00dcretildi<\/h3>\n<p>Bizim <strong>G\u00f6mme Mandallar<\/strong> a\u011f\u0131r kullan\u0131ma ve zorlu ko\u015fullara dayanacak \u015fekilde \u00fcretilmi\u015f sa\u011flam malzemelerden yap\u0131lm\u0131\u015ft\u0131r. SX'te kalite g\u00fcvencesi her \u015feyden \u00f6nemlidir; her mandal y\u00fcksek standartlar\u0131m\u0131z\u0131 kar\u015f\u0131lamak i\u00e7in titiz testlerden ge\u00e7irilir. Bu dayan\u0131kl\u0131l\u0131k, ekipman\u0131n\u0131z i\u00e7in uzun s\u00fcreli g\u00fcvenlik sa\u011flar ve ekipman\u0131n\u0131z\u0131n g\u00fcvende oldu\u011funu bilmenin huzurunu sunar.<\/p>\n<h3>Benzersiz \u0130htiya\u00e7lar\u0131n\u0131za G\u00f6re \u00d6zelle\u015ftirme<\/h3>\n<p>SX, her projenin kendine \u00f6zg\u00fc gereksinimleri oldu\u011funun fark\u0131ndad\u0131r. Bu nedenle \u00fcr\u00fcnlerimiz i\u00e7in \u00f6zelle\u015ftirme se\u00e7enekleri sunuyoruz. <strong>G\u00f6mme Mandallar<\/strong>. \u0130ster belirli bir boyuta, kaplamaya veya malzemeye ihtiyac\u0131n\u0131z olsun, ihtiya\u00e7lar\u0131n\u0131za m\u00fckemmel \u015fekilde uyan bir mandal olu\u015fturabiliriz. Bu \u00f6zelle\u015ftirme, kaliteden veya i\u015flevsellikten \u00f6d\u00fcn vermeden tam olarak ihtiya\u00e7 duydu\u011funuz \u00e7\u00f6z\u00fcm\u00fc alman\u0131z\u0131 sa\u011flar.<\/p>\n<h3>Kolay Kurulum ve \u015e\u0131k Tasar\u0131m<\/h3>\n<p>SX'in Kurulumu <strong>G\u00f6mme Mandallar<\/strong> kullan\u0131c\u0131 dostu tasar\u0131mlar\u0131 sayesinde basit bir i\u015flemdir. G\u00f6mme tasar\u0131m, kasalar\u0131n\u0131za ve raflar\u0131n\u0131za \u015f\u0131k bir g\u00f6r\u00fcn\u00fcm katmakla kalmaz, ayn\u0131 zamanda tak\u0131lmay\u0131 ve hasar\u0131 da \u00f6nler. Bu da mandallar\u0131m\u0131z\u0131 profesyonel g\u00f6rsel-i\u015fitsel ekipmanlar, BT ekipmanlar\u0131 ve genel depolama \u00e7\u00f6z\u00fcmleri de dahil olmak \u00fczere \u00e7ok \u00e7e\u015fitli uygulamalar i\u00e7in m\u00fckemmel hale getirir.<\/p>\n<h3>SX Avantaj\u0131<\/h3>\n<p>SX'i se\u00e7mek kalite, maliyet etkinli\u011fi ve m\u00fc\u015fteri memnuniyetinde m\u00fckemmelli\u011fi se\u00e7mek demektir. Do\u011frudan sat\u0131\u015f modelimiz, \u00fcst\u00fcn \u00fcr\u00fcnleri en rekabet\u00e7i fiyatlarla alman\u0131z\u0131 garanti eder. Bizim ile <strong>G\u00f6mme Mandallar<\/strong>tam spesifikasyonlar\u0131n\u0131z\u0131 kar\u015f\u0131layan dayan\u0131kl\u0131, \u00f6zelle\u015ftirilebilir bir \u00e7\u00f6z\u00fcm elde edersiniz. G\u00fcvenlik, dayan\u0131kl\u0131l\u0131k ve estetik \u00e7ekicili\u011fi bir araya getiren mandallar\u0131 uygun bir fiyata sunmak i\u00e7in SX'e g\u00fcvenin.<\/p>\n<h3>Bug\u00fcn Bize Ula\u015f\u0131n<\/h3>\n<p>SX ile ekipman\u0131n\u0131z\u0131n g\u00fcvenli\u011fini sa\u011flay\u0131n <strong>G\u00f6mme Mandallar<\/strong>. Piyasadaki en iyi g\u00fcvenlik, dayan\u0131kl\u0131l\u0131k ve maliyet etkinli\u011fi kombinasyonunu sunuyoruz. \u0130ster u\u00e7u\u015f \u00e7antalar\u0131, ister raflar veya di\u011fer depolama \u00e7\u00f6z\u00fcmleri i\u00e7in mandallara ihtiyac\u0131n\u0131z olsun, SX size yard\u0131mc\u0131 olacakt\u0131r. \u00dcr\u00fcnlerimiz ve \u00f6zelle\u015ftirme se\u00e7eneklerimiz hakk\u0131nda daha fazla bilgi edinmek i\u00e7in bug\u00fcn bize ula\u015f\u0131n. SX ile kaliteli \u00fcr\u00fcnleri do\u011frudan fabrikadan al\u0131rs\u0131n\u0131z ve yat\u0131r\u0131m\u0131n\u0131z i\u00e7in en iyi de\u011feri elde edersiniz.<\/p>\n<p>Hemen \u0130leti\u015fime Ge\u00e7in:<span style=\"color: #0000ff;\"><a style=\"color: #0000ff;\" href=\"https:\/\/sxpowercase.com\/contact-us\/\">https:\/\/sxpowercase.com\/<\/a><\/span><\/p>\n<p>Donan\u0131m \u00dcr\u00fcn Katalo\u011fu\uff1a<span style=\"color: #3366ff;\"><a style=\"color: #3366ff;\" href=\"https:\/\/sxpowercase.com\/wp-content\/uploads\/2024\/07\/\u4e94\u91d1.pdf\">Donan\u0131m aksesuarlar\u0131 katalo\u011fu<\/a><\/span><\/p>","protected":false},"excerpt":{"rendered":"<div class=\"flex-shrink-0 flex flex-col relative items-end\">\n<div>\n<div class=\"pt-0\">\n<div class=\"gizmo-bot-avatar flex h-8 w-8 items-center justify-center overflow-hidden rounded-full\">\n<div class=\"relative p-1 rounded-sm flex items-center justify-center bg-token-main-surface-primary text-token-text-primary h-8 w-8\"><\/div>\n<\/div>\n<\/div>\n<\/div>\n<\/div>\n<div class=\"group\/conversation-turn relative flex w-full min-w-0 flex-col agent-turn\">\n<div class=\"flex-col gap-1 md:gap-3\">\n<div class=\"flex flex-grow flex-col max-w-full\">\n<div class=\"min-h-[20px] text-message flex w-full flex-col items-end gap-2 whitespace-pre-wrap break-words [.text-message+&amp;]:mt-5 overflow-x-auto\" dir=\"auto\" data-message-author-role=\"assistant\" data-message-id=\"1ab61275-2362-43eb-9fce-bafb1f1b29ea\">\n<div class=\"flex w-full flex-col gap-1 empty:hidden first:pt-[3px]\">\n<div class=\"markdown prose w-full break-words dark:prose-invert light\">\n<h3>Secure Your Gear with SX Recessed Latches<\/h3>\n<p>Protect your equipment with SX&#8217;s high-quality Recessed Latches, providing secure and convenient closures for various cases and enclosures.<\/p>\n<h3>Unbeatable Value with Factory Direct Sales<\/h3>\n<p>SX offers Recessed Latches at competitive prices through factory direct sales. Enjoy top-notch quality without the high cost.<\/p>\n<h3>Durable, Customisable, and Easy to Use<\/h3>\n<p>SX Recessed Latches are durable and versatile, with customisation options to fit your specific needs. Their recessed design ensures a smooth profile, perfect for professional equipment.<\/p>\n<\/div>\n<\/div>\n<\/div>\n<\/div>\n<div class=\"mt-1 flex gap-3 empty:hidden -ml-2\">\n<div class=\"items-center justify-start rounded-xl p-1 flex\">\n<div class=\"flex items-center\"><\/div>\n<\/div>\n<\/div>\n<\/div>\n<\/div>\n","protected":false},"featured_media":3787,"comment_status":"open","ping_status":"closed","template":"","meta":[],"product_brand":[],"product_cat":[61],"product_tag":[],"class_list":{"0":"post-3912","1":"product","2":"type-product","3":"status-publish","4":"has-post-thumbnail","6":"product_cat-catchother-locks","8":"first","9":"instock","10":"shipping-taxable","11":"product-type-simple"},"yoast_head":"<!-- This site is optimized with the Yoast SEO Premium plugin v27.1 (Yoast SEO v27.2) - https:\/\/yoast.com\/product\/yoast-seo-premium-wordpress\/ -->\n<title>Recessed Latches LOA303 - https:\/\/sxflightcase.com \ud83d\udc97<\/title>\n<meta name=\"description\" content=\"Recessed latch, factory direct! High-quality, secure latching solutions for flight cases and equipment. Ideal for a flush, protected fit in professional and industrial settings.\" \/>\n<meta name=\"robots\" content=\"index, follow, max-snippet:-1, max-image-preview:large, max-video-preview:-1\" \/>\n<link rel=\"canonical\" href=\"https:\/\/sxflightcase.com\/tr\/producto\/pestillos-empotrados-loa303-2\/\" \/>\n<meta property=\"og:locale\" content=\"tr_TR\" \/>\n<meta property=\"og:type\" content=\"article\" \/>\n<meta property=\"og:title\" content=\"Recessed Latches LOA303\" \/>\n<meta property=\"og:description\" content=\"Recessed latch, factory direct! High-quality, secure latching solutions for flight cases and equipment. Ideal for a flush, protected fit in professional and industrial settings.\" \/>\n<meta property=\"og:url\" content=\"https:\/\/sxflightcase.com\/tr\/producto\/pestillos-empotrados-loa303-2\/\" \/>\n<meta property=\"og:site_name\" content=\"https:\/\/sxflightcase.com\" \/>\n<meta property=\"article:publisher\" content=\"https:\/\/www.facebook.com\/profile.php?id=61560407257971\" \/>\n<meta property=\"article:modified_time\" content=\"2024-08-01T06:04:40+00:00\" \/>\n<meta property=\"og:image\" content=\"https:\/\/sxflightcase.com\/wp-content\/uploads\/2024\/07\/LOA303.jpg\" \/>\n\t<meta property=\"og:image:width\" content=\"520\" \/>\n\t<meta property=\"og:image:height\" content=\"520\" \/>\n\t<meta property=\"og:image:type\" content=\"image\/jpeg\" \/>\n<meta name=\"twitter:card\" content=\"summary_large_image\" \/>\n<meta name=\"twitter:label1\" content=\"Tahmini okuma s\u00fcresi\" \/>\n\t<meta name=\"twitter:data1\" content=\"3 dakika\" \/>\n<script type=\"application\/ld+json\" class=\"yoast-schema-graph\">{\"@context\":\"https:\/\/schema.org\",\"@graph\":[{\"@type\":\"WebPage\",\"@id\":\"https:\/\/sxflightcase.com\/es\/producto\/pestillos-empotrados-loa303-2\/\",\"url\":\"https:\/\/sxflightcase.com\/es\/producto\/pestillos-empotrados-loa303-2\/\",\"name\":\"Recessed Latches LOA303 - https:\/\/sxflightcase.com \ud83d\udc97\",\"isPartOf\":{\"@id\":\"https:\/\/sxflightcase.com\/th\/#website\"},\"primaryImageOfPage\":{\"@id\":\"https:\/\/sxflightcase.com\/es\/producto\/pestillos-empotrados-loa303-2\/#primaryimage\"},\"image\":{\"@id\":\"https:\/\/sxflightcase.com\/es\/producto\/pestillos-empotrados-loa303-2\/#primaryimage\"},\"thumbnailUrl\":\"https:\/\/sxflightcase.com\/wp-content\/uploads\/2024\/07\/LOA303.jpg\",\"datePublished\":\"2024-08-01T06:04:39+00:00\",\"dateModified\":\"2024-08-01T06:04:40+00:00\",\"description\":\"Recessed latch, factory direct! High-quality, secure latching solutions for flight cases and equipment. Ideal for a flush, protected fit in professional and industrial settings.\",\"breadcrumb\":{\"@id\":\"https:\/\/sxflightcase.com\/es\/producto\/pestillos-empotrados-loa303-2\/#breadcrumb\"},\"inLanguage\":\"tr\",\"potentialAction\":[{\"@type\":\"ReadAction\",\"target\":[\"https:\/\/sxflightcase.com\/es\/producto\/pestillos-empotrados-loa303-2\/\"]}]},{\"@type\":\"ImageObject\",\"inLanguage\":\"tr\",\"@id\":\"https:\/\/sxflightcase.com\/es\/producto\/pestillos-empotrados-loa303-2\/#primaryimage\",\"url\":\"https:\/\/sxflightcase.com\/wp-content\/uploads\/2024\/07\/LOA303.jpg\",\"contentUrl\":\"https:\/\/sxflightcase.com\/wp-content\/uploads\/2024\/07\/LOA303.jpg\",\"width\":520,\"height\":520,\"caption\":\"Recessed Latches\"},{\"@type\":\"BreadcrumbList\",\"@id\":\"https:\/\/sxflightcase.com\/es\/producto\/pestillos-empotrados-loa303-2\/#breadcrumb\",\"itemListElement\":[{\"@type\":\"ListItem\",\"position\":1,\"name\":\"Home\",\"item\":\"https:\/\/sxflightcase.com\/\"},{\"@type\":\"ListItem\",\"position\":2,\"name\":\"\u0e2a\u0e34\u0e19\u0e04\u0e49\u0e32\",\"item\":\"https:\/\/sxflightcase.com\/th\/shop\/\"},{\"@type\":\"ListItem\",\"position\":3,\"name\":\"Recessed Latches LOA303\"}]},{\"@type\":\"WebSite\",\"@id\":\"https:\/\/sxflightcase.com\/th\/#website\",\"url\":\"https:\/\/sxflightcase.com\/th\/\",\"name\":\"sxpowercase.com\",\"description\":\"Flight Case Factory\",\"publisher\":{\"@id\":\"https:\/\/sxflightcase.com\/th\/#organization\"},\"potentialAction\":[{\"@type\":\"SearchAction\",\"target\":{\"@type\":\"EntryPoint\",\"urlTemplate\":\"https:\/\/sxflightcase.com\/th\/?s={search_term_string}\"},\"query-input\":{\"@type\":\"PropertyValueSpecification\",\"valueRequired\":true,\"valueName\":\"search_term_string\"}}],\"inLanguage\":\"tr\"},{\"@type\":\"Organization\",\"@id\":\"https:\/\/sxflightcase.com\/th\/#organization\",\"name\":\"sxpowercase.com\",\"url\":\"https:\/\/sxflightcase.com\/th\/\",\"logo\":{\"@type\":\"ImageObject\",\"inLanguage\":\"tr\",\"@id\":\"https:\/\/sxflightcase.com\/th\/#\/schema\/logo\/image\/\",\"url\":\"https:\/\/sxflightcase.com\/wp-content\/uploads\/2024\/04\/1713919036007.jpg\",\"contentUrl\":\"https:\/\/sxflightcase.com\/wp-content\/uploads\/2024\/04\/1713919036007.jpg\",\"width\":382,\"height\":388,\"caption\":\"sxpowercase.com\"},\"image\":{\"@id\":\"https:\/\/sxflightcase.com\/th\/#\/schema\/logo\/image\/\"},\"sameAs\":[\"https:\/\/www.facebook.com\/profile.php?id=61560407257971\"],\"numberOfEmployees\":{\"@type\":\"QuantitativeValue\",\"minValue\":\"11\",\"maxValue\":\"50\"}}]}<\/script>\n<!-- \/ Yoast SEO Premium plugin. -->","yoast_head_json":{"title":"Recessed Latches LOA303 - https:\/\/sxflightcase.com \ud83d\udc97","description":"G\u00f6mme mandal, do\u011frudan fabrika \u00e7\u0131k\u0131\u015f\u0131! U\u00e7u\u015f \u00e7antalar\u0131 ve ekipmanlar i\u00e7in y\u00fcksek kaliteli, g\u00fcvenli mandallama \u00e7\u00f6z\u00fcmleri. Profesyonel ve end\u00fcstriyel ortamlarda g\u00f6mme, korumal\u0131 bir uyum i\u00e7in idealdir.","robots":{"index":"index","follow":"follow","max-snippet":"max-snippet:-1","max-image-preview":"max-image-preview:large","max-video-preview":"max-video-preview:-1"},"canonical":"https:\/\/sxflightcase.com\/tr\/producto\/pestillos-empotrados-loa303-2\/","og_locale":"tr_TR","og_type":"article","og_title":"Recessed Latches LOA303","og_description":"Recessed latch, factory direct! High-quality, secure latching solutions for flight cases and equipment. Ideal for a flush, protected fit in professional and industrial settings.","og_url":"https:\/\/sxflightcase.com\/tr\/producto\/pestillos-empotrados-loa303-2\/","og_site_name":"https:\/\/sxflightcase.com","article_publisher":"https:\/\/www.facebook.com\/profile.php?id=61560407257971","article_modified_time":"2024-08-01T06:04:40+00:00","og_image":[{"width":520,"height":520,"url":"https:\/\/sxflightcase.com\/wp-content\/uploads\/2024\/07\/LOA303.jpg","type":"image\/jpeg"}],"twitter_card":"summary_large_image","twitter_misc":{"Tahmini okuma s\u00fcresi":"3 dakika"},"schema":{"@context":"https:\/\/schema.org","@graph":[{"@type":"WebPage","@id":"https:\/\/sxflightcase.com\/es\/producto\/pestillos-empotrados-loa303-2\/","url":"https:\/\/sxflightcase.com\/es\/producto\/pestillos-empotrados-loa303-2\/","name":"Recessed Latches LOA303 - https:\/\/sxflightcase.com \ud83d\udc97","isPartOf":{"@id":"https:\/\/sxflightcase.com\/th\/#website"},"primaryImageOfPage":{"@id":"https:\/\/sxflightcase.com\/es\/producto\/pestillos-empotrados-loa303-2\/#primaryimage"},"image":{"@id":"https:\/\/sxflightcase.com\/es\/producto\/pestillos-empotrados-loa303-2\/#primaryimage"},"thumbnailUrl":"https:\/\/sxflightcase.com\/wp-content\/uploads\/2024\/07\/LOA303.jpg","datePublished":"2024-08-01T06:04:39+00:00","dateModified":"2024-08-01T06:04:40+00:00","description":"G\u00f6mme mandal, do\u011frudan fabrika \u00e7\u0131k\u0131\u015f\u0131! U\u00e7u\u015f \u00e7antalar\u0131 ve ekipmanlar i\u00e7in y\u00fcksek kaliteli, g\u00fcvenli mandallama \u00e7\u00f6z\u00fcmleri. Profesyonel ve end\u00fcstriyel ortamlarda g\u00f6mme, korumal\u0131 bir uyum i\u00e7in idealdir.","breadcrumb":{"@id":"https:\/\/sxflightcase.com\/es\/producto\/pestillos-empotrados-loa303-2\/#breadcrumb"},"inLanguage":"tr","potentialAction":[{"@type":"ReadAction","target":["https:\/\/sxflightcase.com\/es\/producto\/pestillos-empotrados-loa303-2\/"]}]},{"@type":"ImageObject","inLanguage":"tr","@id":"https:\/\/sxflightcase.com\/es\/producto\/pestillos-empotrados-loa303-2\/#primaryimage","url":"https:\/\/sxflightcase.com\/wp-content\/uploads\/2024\/07\/LOA303.jpg","contentUrl":"https:\/\/sxflightcase.com\/wp-content\/uploads\/2024\/07\/LOA303.jpg","width":520,"height":520,"caption":"Recessed Latches"},{"@type":"BreadcrumbList","@id":"https:\/\/sxflightcase.com\/es\/producto\/pestillos-empotrados-loa303-2\/#breadcrumb","itemListElement":[{"@type":"ListItem","position":1,"name":"Home","item":"https:\/\/sxflightcase.com\/"},{"@type":"ListItem","position":2,"name":"\u0e2a\u0e34\u0e19\u0e04\u0e49\u0e32","item":"https:\/\/sxflightcase.com\/th\/shop\/"},{"@type":"ListItem","position":3,"name":"Recessed Latches LOA303"}]},{"@type":"WebSite","@id":"https:\/\/sxflightcase.com\/th\/#website","url":"https:\/\/sxflightcase.com\/th\/","name":"sxpowercase.com","description":"U\u00e7u\u015f \u00c7antas\u0131 Fabrikas\u0131","publisher":{"@id":"https:\/\/sxflightcase.com\/th\/#organization"},"potentialAction":[{"@type":"SearchAction","target":{"@type":"EntryPoint","urlTemplate":"https:\/\/sxflightcase.com\/th\/?s={search_term_string}"},"query-input":{"@type":"PropertyValueSpecification","valueRequired":true,"valueName":"search_term_string"}}],"inLanguage":"tr"},{"@type":"Organization","@id":"https:\/\/sxflightcase.com\/th\/#organization","name":"sxpowercase.com","url":"https:\/\/sxflightcase.com\/th\/","logo":{"@type":"ImageObject","inLanguage":"tr","@id":"https:\/\/sxflightcase.com\/th\/#\/schema\/logo\/image\/","url":"https:\/\/sxflightcase.com\/wp-content\/uploads\/2024\/04\/1713919036007.jpg","contentUrl":"https:\/\/sxflightcase.com\/wp-content\/uploads\/2024\/04\/1713919036007.jpg","width":382,"height":388,"caption":"sxpowercase.com"},"image":{"@id":"https:\/\/sxflightcase.com\/th\/#\/schema\/logo\/image\/"},"sameAs":["https:\/\/www.facebook.com\/profile.php?id=61560407257971"],"numberOfEmployees":{"@type":"QuantitativeValue","minValue":"11","maxValue":"50"}}]}},"_links":{"self":[{"href":"https:\/\/sxflightcase.com\/tr\/wp-json\/wp\/v2\/product\/3912","targetHints":{"allow":["GET"]}}],"collection":[{"href":"https:\/\/sxflightcase.com\/tr\/wp-json\/wp\/v2\/product"}],"about":[{"href":"https:\/\/sxflightcase.com\/tr\/wp-json\/wp\/v2\/types\/product"}],"replies":[{"embeddable":true,"href":"https:\/\/sxflightcase.com\/tr\/wp-json\/wp\/v2\/comments?post=3912"}],"version-history":[{"count":0,"href":"https:\/\/sxflightcase.com\/tr\/wp-json\/wp\/v2\/product\/3912\/revisions"}],"wp:featuredmedia":[{"embeddable":true,"href":"https:\/\/sxflightcase.com\/tr\/wp-json\/wp\/v2\/media\/3787"}],"wp:attachment":[{"href":"https:\/\/sxflightcase.com\/tr\/wp-json\/wp\/v2\/media?parent=3912"}],"wp:term":[{"taxonomy":"product_brand","embeddable":true,"href":"https:\/\/sxflightcase.com\/tr\/wp-json\/wp\/v2\/product_brand?post=3912"},{"taxonomy":"product_cat","embeddable":true,"href":"https:\/\/sxflightcase.com\/tr\/wp-json\/wp\/v2\/product_cat?post=3912"},{"taxonomy":"product_tag","embeddable":true,"href":"https:\/\/sxflightcase.com\/tr\/wp-json\/wp\/v2\/product_tag?post=3912"}],"curies":[{"name":"wp","href":"https:\/\/api.w.org\/{rel}","templated":true}]}}