{"id":3914,"date":"2024-08-01T07:21:03","date_gmt":"2024-08-01T06:21:03","guid":{"rendered":"https:\/\/sxpowercase.com\/?post_type=product&#038;p=3914"},"modified":"2024-08-02T07:22:56","modified_gmt":"2024-08-02T06:22:56","slug":"butterfly-twist-latch-loa402","status":"publish","type":"product","link":"https:\/\/sxflightcase.com\/tr\/urun\/kelebek-bukumlu-mandal-loa402-2\/","title":{"rendered":"Kelebek B\u00fck\u00fcm Mandal\u0131 LOA402"},"content":{"rendered":"<h2>Ekipman\u0131n\u0131z\u0131 SX Kelebek B\u00fck\u00fcml\u00fc Mandal ile Sabitleyin<\/h2>\n<h3>G\u00fcvenilir Sabitleme \u00c7\u00f6z\u00fcmleri<\/h3>\n<p>Ekipman \u00e7antalar\u0131 i\u00e7in g\u00fcvenilir ve \u015f\u0131k kapaklara ihtiya\u00e7 duyanlar i\u00e7in SX m\u00fckemmel bir \u00e7\u00f6z\u00fcm sunuyor: <strong>Kelebek B\u00fck\u00fcml\u00fc Mandal<\/strong>. Bu mandallar, g\u00fcvenli ve sa\u011flam bir kilit sa\u011flamak i\u00e7in \u00f6zel olarak tasarlanm\u0131\u015ft\u0131r ve ekipman\u0131n\u0131z\u0131n nakliye veya depolama s\u0131ras\u0131nda korunmas\u0131n\u0131 sa\u011flar.<\/p>\n<h3>Fabrikadan Size Do\u011frudan<\/h3>\n<p>SX olarak kaliteye ve uygun fiyata \u00f6ncelik veriyoruz. Sundu\u011fumuz <strong><a href=\"https:\/\/sxpowercase.com\/product\/butterfly-twist-latch-loa401\/\" target=\"_blank\" rel=\"noopener\" data-wpil-monitor-id=\"618\">Kelebek B\u00fck\u00fcml\u00fc Mandallar<\/a><\/strong> do\u011frudan fabrikam\u0131zdan temin etti\u011fimiz i\u00e7in ek maliyetleri ortadan kald\u0131rarak do\u011frudan fabrika fiyatland\u0131rmas\u0131ndan yararlanman\u0131z\u0131 sa\u011fl\u0131yoruz. Bu, en \u00fcst d\u00fczey mandallar\u0131 maliyetinin \u00e7ok alt\u0131nda alaca\u011f\u0131n\u0131z anlam\u0131na gelir ve de\u011ferli ekipmanlar\u0131n\u0131z\u0131 g\u00fcvence alt\u0131na almak i\u00e7in ekonomik bir se\u00e7imdir.<\/p>\n<h3>Uzun \u00d6m\u00fcrl\u00fc Olmak \u0130\u00e7in \u00dcretildi<\/h3>\n<p>Her <strong>Kelebek B\u00fck\u00fcml\u00fc Mandal<\/strong> itibaren <a title=\"SX\" href=\"https:\/\/sxpowercase.com\/\" target=\"_blank\" rel=\"noopener\" data-wpil-monitor-id=\"617\">SX<\/a> s\u0131k kullan\u0131ma ve zorlu ko\u015fullara dayanacak \u015fekilde tasarlanm\u0131\u015f birinci s\u0131n\u0131f malzemeler kullan\u0131larak \u00fcretilmi\u015ftir. Her bir mandal\u0131n y\u00fcksek dayan\u0131kl\u0131l\u0131k ve g\u00fcvenilirlik standartlar\u0131m\u0131z\u0131 kar\u015f\u0131lad\u0131\u011f\u0131ndan emin olmak i\u00e7in kapsaml\u0131 testler yap\u0131yoruz. SX'i se\u00e7ti\u011finizde, sadece sa\u011flam de\u011fil ayn\u0131 zamanda uzun \u00f6m\u00fcrl\u00fc bir mandal se\u00e7mi\u015f olursunuz.<\/p>\n<h3>\u0130htiya\u00e7lar\u0131n\u0131z\u0131 Kar\u015f\u0131lamak i\u00e7in \u00d6zelle\u015ftirme<\/h3>\n<p>Her projenin kendine \u00f6zg\u00fc gereksinimleri oldu\u011funu anlayan SX, projelerimiz i\u00e7in \u00f6zelle\u015ftirme se\u00e7enekleri sunar. <strong>Kelebek B\u00fck\u00fcml\u00fc Mandallar<\/strong>. \u0130ster belirli boyutlara, kaplamalara veya malzemelere ihtiyac\u0131n\u0131z olsun, \u00fcr\u00fcnlerimizi tam spesifikasyonlar\u0131n\u0131z\u0131 kar\u015f\u0131layacak \u015fekilde \u00f6zelle\u015ftirebiliriz. Bu esneklik, mandallar\u0131m\u0131z\u0131n ekipman\u0131n\u0131za m\u00fckemmel \u015fekilde uymas\u0131n\u0131 sa\u011flayarak i\u015flevselli\u011fi estetik \u00e7ekicilikle birle\u015ftiren \u00f6zel bir \u00e7\u00f6z\u00fcm sunar.<\/p>\n<h3>Kullan\u0131m Kolayl\u0131\u011f\u0131 ve Modern Tasar\u0131m<\/h3>\n<p>SX <strong>Kelebek B\u00fck\u00fcml\u00fc Mandallar<\/strong> kurulum kolayl\u0131\u011f\u0131 g\u00f6z \u00f6n\u00fcnde bulundurularak tasarlanm\u0131\u015ft\u0131r, bu da onlar\u0131 her uygulama i\u00e7in pratik bir se\u00e7im haline getirir. Modern tasar\u0131mlar\u0131 sadece kasalar\u0131n\u0131z\u0131n g\u00f6r\u00fcn\u00fcm\u00fcn\u00fc iyile\u015ftirmekle kalmaz, ayn\u0131 zamanda tak\u0131lma riskini azaltan d\u00fc\u015f\u00fck profilli kaplama gibi pratik avantajlar da sa\u011flar. U\u00e7u\u015f kasalar\u0131 ve koruyucu muhafazalar dahil olmak \u00fczere \u00e7e\u015fitli kullan\u0131mlar i\u00e7in ideal olan bu mandallar hem stil hem de pratiklik sunar.<\/p>\n<h3>Neden SX&#039;i Se\u00e7melisiniz?<\/h3>\n<p>SX'i se\u00e7mek, y\u00fcksek kaliteli, uygun maliyetli \u00e7\u00f6z\u00fcmler sunmay\u0131 taahh\u00fct eden bir markay\u0131 tercih etmek anlam\u0131na gelir. Bizim <strong>Kelebek B\u00fck\u00fcml\u00fc Mandallar<\/strong> dayan\u0131kl\u0131l\u0131k, g\u00fcvenlik ve \u015f\u0131k tasar\u0131m\u0131 bir araya getirerek e\u015fsiz bir de\u011fer sunar. Do\u011frudan fabrikadan sat\u0131n alarak, m\u00fcmk\u00fcn olan en iyi fiyat\u0131 ve beklentilerinizi kar\u015f\u0131layacak bir \u00fcr\u00fcn\u00fcn g\u00fcvencesini elde edersiniz.<\/p>\n<h3>Bug\u00fcn Bize Ula\u015f\u0131n<\/h3>\n<p>Ekipman k\u0131l\u0131flar\u0131n\u0131z\u0131 SX ile y\u00fckseltin <strong>Kelebek B\u00fck\u00fcml\u00fc Mandallar<\/strong>. Bu mandallar g\u00fcvenlik ve stilin m\u00fckemmel dengesini fabrika \u00e7\u0131k\u0131\u015f fiyat\u0131yla sunar. \u0130ster \u00f6zel se\u00e7eneklere ister standart bir \u00e7\u00f6z\u00fcme ihtiyac\u0131n\u0131z olsun, SX ihtiya\u00e7lar\u0131n\u0131z i\u00e7in do\u011fru mandallar\u0131 sa\u011flayacak uzmanl\u0131\u011fa sahiptir. \u00dcr\u00fcnlerimiz hakk\u0131nda daha fazla bilgi edinmek ve ekipman\u0131n\u0131z\u0131 piyasadaki en iyi mandallarla g\u00fcvence alt\u0131na alman\u0131za nas\u0131l yard\u0131mc\u0131 olabilece\u011fimizi \u00f6\u011frenmek i\u00e7in bug\u00fcn bize ula\u015f\u0131n. SX ile kalite ve de\u011fer her zaman garantilidir.<\/p>\n<p>Hemen \u0130leti\u015fime Ge\u00e7in:<span style=\"color: #0000ff;\"><a style=\"color: #0000ff;\" href=\"https:\/\/sxpowercase.com\/contact-us\/\">https:\/\/sxpowercase.com\/<\/a><\/span><\/p>\n<p>Donan\u0131m \u00dcr\u00fcn Katalo\u011fu\uff1a<span style=\"color: #3366ff;\"><a style=\"color: #3366ff;\" href=\"https:\/\/sxpowercase.com\/wp-content\/uploads\/2024\/07\/\u4e94\u91d1.pdf\">Donan\u0131m aksesuarlar\u0131 katalo\u011fu<\/a><\/span><\/p>","protected":false},"excerpt":{"rendered":"<h3>G\u00fcvenli ve \u015e\u0131k: SX Kelebek B\u00fck\u00fcml\u00fc Mandallar<\/h3>\n<p>\u015e\u0131k bir g\u00f6r\u00fcn\u00fcm katarken kazara a\u00e7\u0131lmalar\u0131 \u00f6nleyen sa\u011flam ve g\u00fcvenilir kapaklar sunan SX'in y\u00fcksek kaliteli Kelebek B\u00fck\u00fcml\u00fc Mandallar\u0131 ile k\u0131l\u0131flar\u0131n\u0131z\u0131 y\u00fckseltin.<\/p>\n<h3>Fabrika Do\u011frudan Tasarruflar\u0131<\/h3>\n<p>Kelebek B\u00fck\u00fcml\u00fc Mandallarda SX'in fabrika do\u011frudan fiyatland\u0131rmas\u0131 ile rakipsiz de\u011fer elde edin. Maksimum tasarruf i\u00e7in arac\u0131lar\u0131 devre d\u0131\u015f\u0131 b\u0131rakarak daha d\u00fc\u015f\u00fck maliyetlerle \u00fcst\u00fcn kalitenin keyfini \u00e7\u0131kar\u0131n.<\/p>\n<h3>\u00d6zelle\u015ftirilebilir ve Kurulumu Kolay<\/h3>\n<p>SX Kelebek B\u00fck\u00fcml\u00fc Mandallar ihtiya\u00e7lar\u0131n\u0131za g\u00f6re \u00f6zelle\u015ftirilebilir, \u00e7e\u015fitli boyutlarda, y\u00fczeylerde ve malzemelerde mevcuttur. Kurulumu kolayd\u0131r, t\u00fcm ekipmanlar i\u00e7in m\u00fckemmel, p\u00fcr\u00fczs\u00fcz ve modern bir profil sa\u011flarlar.<\/p>","protected":false},"featured_media":3789,"comment_status":"open","ping_status":"closed","template":"","meta":[],"product_brand":[],"product_cat":[61],"product_tag":[],"class_list":{"0":"post-3914","1":"product","2":"type-product","3":"status-publish","4":"has-post-thumbnail","6":"product_cat-catchother-locks","8":"first","9":"instock","10":"shipping-taxable","11":"product-type-simple"},"yoast_head":"<!-- This site is optimized with the Yoast SEO Premium plugin v27.1 (Yoast SEO v27.2) - https:\/\/yoast.com\/product\/yoast-seo-premium-wordpress\/ -->\n<title>Butterfly Twist Latch LOA402 - https:\/\/sxflightcase.com \ud83d\udc97<\/title>\n<meta name=\"description\" content=\"Butterfly twist latch, factory direct! Secure, high-quality locking solutions with a twist mechanism. Perfect for protecting equipment in flight cases and professional gear.\" \/>\n<meta name=\"robots\" content=\"index, follow, max-snippet:-1, max-image-preview:large, max-video-preview:-1\" \/>\n<link rel=\"canonical\" href=\"https:\/\/sxflightcase.com\/tr\/urun\/kelebek-bukumlu-mandal-loa402-2\/\" \/>\n<meta property=\"og:locale\" content=\"tr_TR\" \/>\n<meta property=\"og:type\" content=\"article\" \/>\n<meta property=\"og:title\" content=\"Butterfly Twist Latch LOA402\" \/>\n<meta property=\"og:description\" content=\"Butterfly twist latch, factory direct! Secure, high-quality locking solutions with a twist mechanism. Perfect for protecting equipment in flight cases and professional gear.\" \/>\n<meta property=\"og:url\" content=\"https:\/\/sxflightcase.com\/tr\/urun\/kelebek-bukumlu-mandal-loa402-2\/\" \/>\n<meta property=\"og:site_name\" content=\"https:\/\/sxflightcase.com\" \/>\n<meta property=\"article:publisher\" content=\"https:\/\/www.facebook.com\/profile.php?id=61560407257971\" \/>\n<meta property=\"article:modified_time\" content=\"2024-08-02T06:22:56+00:00\" \/>\n<meta property=\"og:image\" content=\"https:\/\/sxflightcase.com\/wp-content\/uploads\/2024\/07\/LOA402.jpg\" \/>\n\t<meta property=\"og:image:width\" content=\"520\" \/>\n\t<meta property=\"og:image:height\" content=\"449\" \/>\n\t<meta property=\"og:image:type\" content=\"image\/jpeg\" \/>\n<meta name=\"twitter:card\" content=\"summary_large_image\" \/>\n<meta name=\"twitter:label1\" content=\"Tahmini okuma s\u00fcresi\" \/>\n\t<meta name=\"twitter:data1\" content=\"3 dakika\" \/>\n<script type=\"application\/ld+json\" class=\"yoast-schema-graph\">{\"@context\":\"https:\/\/schema.org\",\"@graph\":[{\"@type\":\"WebPage\",\"@id\":\"https:\/\/sxflightcase.com\/tr\/urun\/kelebek-bukumlu-mandal-loa402-2\/\",\"url\":\"https:\/\/sxflightcase.com\/tr\/urun\/kelebek-bukumlu-mandal-loa402-2\/\",\"name\":\"Butterfly Twist Latch LOA402 - https:\/\/sxflightcase.com \ud83d\udc97\",\"isPartOf\":{\"@id\":\"https:\/\/sxflightcase.com\/th\/#website\"},\"primaryImageOfPage\":{\"@id\":\"https:\/\/sxflightcase.com\/tr\/urun\/kelebek-bukumlu-mandal-loa402-2\/#primaryimage\"},\"image\":{\"@id\":\"https:\/\/sxflightcase.com\/tr\/urun\/kelebek-bukumlu-mandal-loa402-2\/#primaryimage\"},\"thumbnailUrl\":\"https:\/\/sxflightcase.com\/wp-content\/uploads\/2024\/07\/LOA402.jpg\",\"datePublished\":\"2024-08-01T06:21:03+00:00\",\"dateModified\":\"2024-08-02T06:22:56+00:00\",\"description\":\"Butterfly twist latch, factory direct! Secure, high-quality locking solutions with a twist mechanism. Perfect for protecting equipment in flight cases and professional gear.\",\"breadcrumb\":{\"@id\":\"https:\/\/sxflightcase.com\/tr\/urun\/kelebek-bukumlu-mandal-loa402-2\/#breadcrumb\"},\"inLanguage\":\"tr\",\"potentialAction\":[{\"@type\":\"ReadAction\",\"target\":[\"https:\/\/sxflightcase.com\/tr\/urun\/kelebek-bukumlu-mandal-loa402-2\/\"]}]},{\"@type\":\"ImageObject\",\"inLanguage\":\"tr\",\"@id\":\"https:\/\/sxflightcase.com\/tr\/urun\/kelebek-bukumlu-mandal-loa402-2\/#primaryimage\",\"url\":\"https:\/\/sxflightcase.com\/wp-content\/uploads\/2024\/07\/LOA402.jpg\",\"contentUrl\":\"https:\/\/sxflightcase.com\/wp-content\/uploads\/2024\/07\/LOA402.jpg\",\"width\":520,\"height\":449,\"caption\":\"Butterfly Twist Latch\"},{\"@type\":\"BreadcrumbList\",\"@id\":\"https:\/\/sxflightcase.com\/tr\/urun\/kelebek-bukumlu-mandal-loa402-2\/#breadcrumb\",\"itemListElement\":[{\"@type\":\"ListItem\",\"position\":1,\"name\":\"Home\",\"item\":\"https:\/\/sxflightcase.com\/\"},{\"@type\":\"ListItem\",\"position\":2,\"name\":\"\u0e2a\u0e34\u0e19\u0e04\u0e49\u0e32\",\"item\":\"https:\/\/sxflightcase.com\/th\/shop\/\"},{\"@type\":\"ListItem\",\"position\":3,\"name\":\"Butterfly Twist Latch LOA402\"}]},{\"@type\":\"WebSite\",\"@id\":\"https:\/\/sxflightcase.com\/th\/#website\",\"url\":\"https:\/\/sxflightcase.com\/th\/\",\"name\":\"sxpowercase.com\",\"description\":\"Flight Case Factory\",\"publisher\":{\"@id\":\"https:\/\/sxflightcase.com\/th\/#organization\"},\"potentialAction\":[{\"@type\":\"SearchAction\",\"target\":{\"@type\":\"EntryPoint\",\"urlTemplate\":\"https:\/\/sxflightcase.com\/th\/?s={search_term_string}\"},\"query-input\":{\"@type\":\"PropertyValueSpecification\",\"valueRequired\":true,\"valueName\":\"search_term_string\"}}],\"inLanguage\":\"tr\"},{\"@type\":\"Organization\",\"@id\":\"https:\/\/sxflightcase.com\/th\/#organization\",\"name\":\"sxpowercase.com\",\"url\":\"https:\/\/sxflightcase.com\/th\/\",\"logo\":{\"@type\":\"ImageObject\",\"inLanguage\":\"tr\",\"@id\":\"https:\/\/sxflightcase.com\/th\/#\/schema\/logo\/image\/\",\"url\":\"https:\/\/sxflightcase.com\/wp-content\/uploads\/2024\/04\/1713919036007.jpg\",\"contentUrl\":\"https:\/\/sxflightcase.com\/wp-content\/uploads\/2024\/04\/1713919036007.jpg\",\"width\":382,\"height\":388,\"caption\":\"sxpowercase.com\"},\"image\":{\"@id\":\"https:\/\/sxflightcase.com\/th\/#\/schema\/logo\/image\/\"},\"sameAs\":[\"https:\/\/www.facebook.com\/profile.php?id=61560407257971\"],\"numberOfEmployees\":{\"@type\":\"QuantitativeValue\",\"minValue\":\"11\",\"maxValue\":\"50\"}}]}<\/script>\n<!-- \/ Yoast SEO Premium plugin. -->","yoast_head_json":{"title":"Butterfly Twist Latch LOA402 - https:\/\/sxflightcase.com \ud83d\udc97","description":"Kelebek burgulu mandal, do\u011frudan fabrika \u00e7\u0131k\u0131\u015f\u0131! B\u00fck\u00fcm mekanizmas\u0131 ile g\u00fcvenli, y\u00fcksek kaliteli kilitleme \u00e7\u00f6z\u00fcmleri. U\u00e7u\u015f \u00e7antalar\u0131ndaki ve profesyonel ekipmanlardaki ekipman\u0131 korumak i\u00e7in m\u00fckemmeldir.","robots":{"index":"index","follow":"follow","max-snippet":"max-snippet:-1","max-image-preview":"max-image-preview:large","max-video-preview":"max-video-preview:-1"},"canonical":"https:\/\/sxflightcase.com\/tr\/urun\/kelebek-bukumlu-mandal-loa402-2\/","og_locale":"tr_TR","og_type":"article","og_title":"Butterfly Twist Latch LOA402","og_description":"Butterfly twist latch, factory direct! Secure, high-quality locking solutions with a twist mechanism. Perfect for protecting equipment in flight cases and professional gear.","og_url":"https:\/\/sxflightcase.com\/tr\/urun\/kelebek-bukumlu-mandal-loa402-2\/","og_site_name":"https:\/\/sxflightcase.com","article_publisher":"https:\/\/www.facebook.com\/profile.php?id=61560407257971","article_modified_time":"2024-08-02T06:22:56+00:00","og_image":[{"width":520,"height":449,"url":"https:\/\/sxflightcase.com\/wp-content\/uploads\/2024\/07\/LOA402.jpg","type":"image\/jpeg"}],"twitter_card":"summary_large_image","twitter_misc":{"Tahmini okuma s\u00fcresi":"3 dakika"},"schema":{"@context":"https:\/\/schema.org","@graph":[{"@type":"WebPage","@id":"https:\/\/sxflightcase.com\/tr\/urun\/kelebek-bukumlu-mandal-loa402-2\/","url":"https:\/\/sxflightcase.com\/tr\/urun\/kelebek-bukumlu-mandal-loa402-2\/","name":"Butterfly Twist Latch LOA402 - https:\/\/sxflightcase.com \ud83d\udc97","isPartOf":{"@id":"https:\/\/sxflightcase.com\/th\/#website"},"primaryImageOfPage":{"@id":"https:\/\/sxflightcase.com\/tr\/urun\/kelebek-bukumlu-mandal-loa402-2\/#primaryimage"},"image":{"@id":"https:\/\/sxflightcase.com\/tr\/urun\/kelebek-bukumlu-mandal-loa402-2\/#primaryimage"},"thumbnailUrl":"https:\/\/sxflightcase.com\/wp-content\/uploads\/2024\/07\/LOA402.jpg","datePublished":"2024-08-01T06:21:03+00:00","dateModified":"2024-08-02T06:22:56+00:00","description":"Kelebek burgulu mandal, do\u011frudan fabrika \u00e7\u0131k\u0131\u015f\u0131! B\u00fck\u00fcm mekanizmas\u0131 ile g\u00fcvenli, y\u00fcksek kaliteli kilitleme \u00e7\u00f6z\u00fcmleri. U\u00e7u\u015f \u00e7antalar\u0131ndaki ve profesyonel ekipmanlardaki ekipman\u0131 korumak i\u00e7in m\u00fckemmeldir.","breadcrumb":{"@id":"https:\/\/sxflightcase.com\/tr\/urun\/kelebek-bukumlu-mandal-loa402-2\/#breadcrumb"},"inLanguage":"tr","potentialAction":[{"@type":"ReadAction","target":["https:\/\/sxflightcase.com\/tr\/urun\/kelebek-bukumlu-mandal-loa402-2\/"]}]},{"@type":"ImageObject","inLanguage":"tr","@id":"https:\/\/sxflightcase.com\/tr\/urun\/kelebek-bukumlu-mandal-loa402-2\/#primaryimage","url":"https:\/\/sxflightcase.com\/wp-content\/uploads\/2024\/07\/LOA402.jpg","contentUrl":"https:\/\/sxflightcase.com\/wp-content\/uploads\/2024\/07\/LOA402.jpg","width":520,"height":449,"caption":"Butterfly Twist Latch"},{"@type":"BreadcrumbList","@id":"https:\/\/sxflightcase.com\/tr\/urun\/kelebek-bukumlu-mandal-loa402-2\/#breadcrumb","itemListElement":[{"@type":"ListItem","position":1,"name":"Home","item":"https:\/\/sxflightcase.com\/"},{"@type":"ListItem","position":2,"name":"\u0e2a\u0e34\u0e19\u0e04\u0e49\u0e32","item":"https:\/\/sxflightcase.com\/th\/shop\/"},{"@type":"ListItem","position":3,"name":"Butterfly Twist Latch LOA402"}]},{"@type":"WebSite","@id":"https:\/\/sxflightcase.com\/th\/#website","url":"https:\/\/sxflightcase.com\/th\/","name":"sxpowercase.com","description":"U\u00e7u\u015f \u00c7antas\u0131 Fabrikas\u0131","publisher":{"@id":"https:\/\/sxflightcase.com\/th\/#organization"},"potentialAction":[{"@type":"SearchAction","target":{"@type":"EntryPoint","urlTemplate":"https:\/\/sxflightcase.com\/th\/?s={search_term_string}"},"query-input":{"@type":"PropertyValueSpecification","valueRequired":true,"valueName":"search_term_string"}}],"inLanguage":"tr"},{"@type":"Organization","@id":"https:\/\/sxflightcase.com\/th\/#organization","name":"sxpowercase.com","url":"https:\/\/sxflightcase.com\/th\/","logo":{"@type":"ImageObject","inLanguage":"tr","@id":"https:\/\/sxflightcase.com\/th\/#\/schema\/logo\/image\/","url":"https:\/\/sxflightcase.com\/wp-content\/uploads\/2024\/04\/1713919036007.jpg","contentUrl":"https:\/\/sxflightcase.com\/wp-content\/uploads\/2024\/04\/1713919036007.jpg","width":382,"height":388,"caption":"sxpowercase.com"},"image":{"@id":"https:\/\/sxflightcase.com\/th\/#\/schema\/logo\/image\/"},"sameAs":["https:\/\/www.facebook.com\/profile.php?id=61560407257971"],"numberOfEmployees":{"@type":"QuantitativeValue","minValue":"11","maxValue":"50"}}]}},"_links":{"self":[{"href":"https:\/\/sxflightcase.com\/tr\/wp-json\/wp\/v2\/product\/3914","targetHints":{"allow":["GET"]}}],"collection":[{"href":"https:\/\/sxflightcase.com\/tr\/wp-json\/wp\/v2\/product"}],"about":[{"href":"https:\/\/sxflightcase.com\/tr\/wp-json\/wp\/v2\/types\/product"}],"replies":[{"embeddable":true,"href":"https:\/\/sxflightcase.com\/tr\/wp-json\/wp\/v2\/comments?post=3914"}],"version-history":[{"count":0,"href":"https:\/\/sxflightcase.com\/tr\/wp-json\/wp\/v2\/product\/3914\/revisions"}],"wp:featuredmedia":[{"embeddable":true,"href":"https:\/\/sxflightcase.com\/tr\/wp-json\/wp\/v2\/media\/3789"}],"wp:attachment":[{"href":"https:\/\/sxflightcase.com\/tr\/wp-json\/wp\/v2\/media?parent=3914"}],"wp:term":[{"taxonomy":"product_brand","embeddable":true,"href":"https:\/\/sxflightcase.com\/tr\/wp-json\/wp\/v2\/product_brand?post=3914"},{"taxonomy":"product_cat","embeddable":true,"href":"https:\/\/sxflightcase.com\/tr\/wp-json\/wp\/v2\/product_cat?post=3914"},{"taxonomy":"product_tag","embeddable":true,"href":"https:\/\/sxflightcase.com\/tr\/wp-json\/wp\/v2\/product_tag?post=3914"}],"curies":[{"name":"wp","href":"https:\/\/api.w.org\/{rel}","templated":true}]}}