{"id":3925,"date":"2024-08-02T07:29:17","date_gmt":"2024-08-02T06:29:17","guid":{"rendered":"https:\/\/sxpowercase.com\/?post_type=product&#038;p=3925"},"modified":"2024-08-02T07:29:38","modified_gmt":"2024-08-02T06:29:38","slug":"flight-case-latch-loa403","status":"publish","type":"product","link":"https:\/\/sxflightcase.com\/tr\/urun\/ucus-cantasi-mandali-loa403-2\/","title":{"rendered":"U\u00e7u\u015f Kasas\u0131 Mandal\u0131 LOA403"},"content":{"rendered":"<h2>SX U\u00e7u\u015f \u00c7antas\u0131 Mandallar\u0131: G\u00fcvenli ve Uygun Fiyatl\u0131 \u00c7\u00f6z\u00fcmler<\/h2>\n<h3>Fabrika Do\u011frudan Fiyatlar\u0131yla Kaliteli Mandallar<\/h3>\n<p>Konu de\u011ferli ekipmanlar\u0131n\u0131z\u0131n g\u00fcvenli\u011fini sa\u011flamak oldu\u011funda, SX g\u00fcvenilir ve uygun maliyetli \u00e7\u00f6z\u00fcmler sunar <strong>U\u00e7u\u015f \u00c7antas\u0131 Mandal\u0131<\/strong>. Do\u011frudan fabrikadan tedarik ederek, gereksiz i\u015faretlemeleri ortadan kald\u0131r\u0131yor ve size d\u00fc\u015f\u00fck fiyatlarla y\u00fcksek kaliteli mandallar sa\u011fl\u0131yoruz. Bu yakla\u015f\u0131m, kaliteden \u00f6d\u00fcn vermeden paran\u0131z\u0131n kar\u015f\u0131l\u0131\u011f\u0131n\u0131 en iyi \u015fekilde alman\u0131z\u0131 sa\u011flar.<\/p>\n<h3>Dayan\u0131kl\u0131 ve G\u00fcvenilir<\/h3>\n<p>\u015eu anda <a title=\"SX\" href=\"https:\/\/sxpowercase.com\/\" target=\"_blank\" rel=\"noopener\" data-wpil-monitor-id=\"620\">SX<\/a>ekipman donan\u0131m\u0131nda dayan\u0131kl\u0131l\u0131\u011f\u0131n \u00f6nemini anl\u0131yoruz. Bizim <strong><a href=\"https:\/\/sxpowercase.com\/flight-case\/\" target=\"_blank\" rel=\"noopener\"  data-wpil-monitor-id=\"621\">U\u00e7u\u015f Davas\u0131<\/a> Mandallar<\/strong> s\u0131k kullan\u0131m\u0131n zorluklar\u0131na dayanacak \u015fekilde tasarlanm\u0131\u015f sa\u011flam malzemelerden \u00fcretilmi\u015ftir. Her bir mandal, kat\u0131 standartlar\u0131m\u0131z\u0131 kar\u015f\u0131lad\u0131\u011f\u0131n\u0131 garanti etmek i\u00e7in titiz kalite kontrol kontrollerinden ge\u00e7irilir. SX ile ekipman\u0131n\u0131z\u0131n ta\u015f\u0131ma ve depolama s\u0131ras\u0131nda g\u00fcvenli bir \u015fekilde sabitlenece\u011fine g\u00fcvenebilirsiniz.<\/p>\n<h3>\u0130htiya\u00e7lar\u0131n\u0131z\u0131 Kar\u015f\u0131lamak i\u00e7in \u00d6zelle\u015ftirme<\/h3>\n<p>Her proje benzersizdir ve m\u00fc\u015fterilerimizin ihtiya\u00e7lar\u0131 da \u00f6yledir. SX, a\u015fa\u011f\u0131dakiler i\u00e7in \u00f6zelle\u015ftirme se\u00e7enekleri sunar <strong>U\u00e7u\u015f \u00c7antas\u0131 Mandallar\u0131<\/strong>B\u00f6ylece bunlar\u0131 \u00f6zel gereksinimlerinize g\u00f6re uyarlayabilirsiniz. Farkl\u0131 boyutlara, y\u00fczeylere veya kilitleme mekanizmalar\u0131na ihtiya\u00e7 duydu\u011funuzda ekibimiz ihtiya\u00e7lar\u0131n\u0131z\u0131 kar\u015f\u0131layabilir. Bu \u00f6zelle\u015ftirme, u\u00e7u\u015f \u00e7antalar\u0131n\u0131z i\u00e7in m\u00fckemmel bir uyum sa\u011flayarak hem i\u015flevselli\u011fi hem de g\u00f6r\u00fcn\u00fcm\u00fc geli\u015ftirir.<\/p>\n<h3>Kolay Kurulum ve \u015e\u0131k Tasar\u0131m<\/h3>\n<p>SX <strong>U\u00e7u\u015f \u00c7antas\u0131 Mandal\u0131<\/strong>\u00a0kurulum kolayl\u0131\u011f\u0131 g\u00f6z \u00f6n\u00fcnde bulundurularak tasarlanm\u0131\u015ft\u0131r. Kullan\u0131c\u0131 dostu tasar\u0131mlar\u0131, tak\u0131lmalar\u0131n\u0131 kolayla\u015ft\u0131rarak zamandan ve emekten tasarruf etmenizi sa\u011flar. Ayr\u0131ca, bu mandallar sadece harika g\u00f6r\u00fcnmekle kalmay\u0131p ayn\u0131 zamanda tak\u0131lma riskini de azaltan \u015f\u0131k, d\u00fc\u015f\u00fck profilli bir tasar\u0131ma sahiptir. \u00c7e\u015fitli uygulamalar i\u00e7in ideal olan bu mandallar, u\u00e7u\u015f \u00e7antalar\u0131n\u0131z i\u00e7in g\u00fcvenli ve \u015f\u0131k bir \u00e7\u00f6z\u00fcm sunar.<\/p>\n<h3>Neden SX&#039;i Se\u00e7melisiniz?<\/h3>\n<p>SX'i se\u00e7mek, kaliteye ve uygun fiyata \u00f6ncelik veren bir markay\u0131 tercih etmek anlam\u0131na gelir. Bizim <strong>U\u00e7u\u015f \u00c7antas\u0131 Mandal\u0131<\/strong>\u00a0Dayan\u0131kl\u0131 yap\u0131y\u0131 fabrikadan do\u011frudan fiyatland\u0131rma ile birle\u015ftirerek, ekipmanlar\u0131n\u0131 bankay\u0131 bozmadan g\u00fcvence alt\u0131na almak isteyen herkes i\u00e7in m\u00fckemmel bir se\u00e7im haline getirir. M\u00fc\u015fteri memnuniyetine olan ba\u011fl\u0131l\u0131\u011f\u0131yla SX, ola\u011fan\u00fcst\u00fc hizmetle desteklenen g\u00fcvenilir \u00fcr\u00fcnler sunar.<\/p>\n<h3>\u0130leti\u015fime Ge\u00e7in<\/h3>\n<p>Ekipman\u0131n\u0131z\u0131 SX ile emniyete al\u0131n <strong>U\u00e7u\u015f \u00c7antas\u0131 Mandal\u0131<\/strong>. Mandallar\u0131m\u0131z g\u00fcvenlik, dayan\u0131kl\u0131l\u0131k ve uygun fiyat aras\u0131nda m\u00fckemmel bir denge sunarak onlar\u0131 hem profesyoneller hem de hobiciler i\u00e7in ideal bir se\u00e7im haline getirir. \u00dcr\u00fcnlerimiz ve size piyasadaki en iyi mandallar\u0131 nas\u0131l sa\u011flayabilece\u011fimiz hakk\u0131nda daha fazla bilgi edinmek i\u00e7in bug\u00fcn bize ula\u015f\u0131n. SX ile rakipsiz fiyatlarla kaliteli \u00fcr\u00fcnler garanti edilir.<\/p>\n<p>piyasadaki en iyi mandallar. SX ile kalite ve de\u011fer her zaman garanti alt\u0131ndad\u0131r.<\/p>\n<p>Hemen \u0130leti\u015fime Ge\u00e7in:<span style=\"color: #0000ff;\"><a style=\"color: #0000ff;\" href=\"https:\/\/sxpowercase.com\/contact-us\/\">https:\/\/sxpowercase.com\/<\/a><\/span><\/p>\n<p>Donan\u0131m \u00dcr\u00fcn Katalo\u011fu\uff1a<span style=\"color: #3366ff;\"><a style=\"color: #3366ff;\" href=\"https:\/\/sxpowercase.com\/wp-content\/uploads\/2024\/07\/\u4e94\u91d1.pdf\">Donan\u0131m aksesuarlar\u0131 katalo\u011fu<\/a><\/span><\/p>","protected":false},"excerpt":{"rendered":"<div class=\"flex flex-grow flex-col max-w-full\">\n<div class=\"min-h-[20px] text-message flex w-full flex-col items-end gap-2 whitespace-pre-wrap break-words [.text-message+&amp;]:mt-5 overflow-x-auto\" dir=\"auto\" data-message-author-role=\"assistant\" data-message-id=\"fe00e1d7-a98f-41d6-8003-ac0d4d048d2c\">\n<div class=\"flex w-full flex-col gap-1 empty:hidden first:pt-[3px]\">\n<div class=\"markdown prose w-full break-words dark:prose-invert light\">\n<h3>Secure and Affordable SX Flight Case Latches<\/h3>\n<p>Get reliable, high-quality latches at factory-direct prices. SX Flight Case Latches offer unbeatable value, securing your equipment without compromising on quality.<\/p>\n<h3>Durable and Customisable Solutions<\/h3>\n<p>Made from robust materials, SX Flight Case Latches are built to last. Customisation options are available to meet your specific needs, ensuring a perfect fit and enhanced functionality.<\/p>\n<h3>Easy Installation with Sleek Design<\/h3>\n<p>SX Flight Case Latches are easy to install and feature a sleek, low-profile design. Ideal for various applications, they provide secure and stylish closures for your flight cases.<\/p>\n<\/div>\n<\/div>\n<\/div>\n<\/div>\n","protected":false},"featured_media":3790,"comment_status":"open","ping_status":"closed","template":"","meta":[],"product_brand":[],"product_cat":[61],"product_tag":[],"class_list":{"0":"post-3925","1":"product","2":"type-product","3":"status-publish","4":"has-post-thumbnail","6":"product_cat-catchother-locks","8":"first","9":"instock","10":"shipping-taxable","11":"product-type-simple"},"yoast_head":"<!-- This site is optimized with the Yoast SEO Premium plugin v27.1 (Yoast SEO v27.2) - https:\/\/yoast.com\/product\/yoast-seo-premium-wordpress\/ -->\n<title>Flight Case Latch LOA403 - https:\/\/sxflightcase.com \ud83d\udc97<\/title>\n<meta name=\"description\" content=\"Flight case latch, factory direct! High-quality latches designed for secure and reliable closure of flight cases. Perfect for safeguarding equipment during transport, ensuring durability and ease of use.\" \/>\n<meta name=\"robots\" content=\"index, follow, max-snippet:-1, max-image-preview:large, max-video-preview:-1\" \/>\n<link rel=\"canonical\" href=\"https:\/\/sxflightcase.com\/tr\/produkt\/flightcase-verriegelung-loa403\/\" \/>\n<meta property=\"og:locale\" content=\"tr_TR\" \/>\n<meta property=\"og:type\" content=\"article\" \/>\n<meta property=\"og:title\" content=\"Flight Case Latch LOA403\" \/>\n<meta property=\"og:description\" content=\"Flight case latch, factory direct! High-quality latches designed for secure and reliable closure of flight cases. Perfect for safeguarding equipment during transport, ensuring durability and ease of use.\" \/>\n<meta property=\"og:url\" content=\"https:\/\/sxflightcase.com\/tr\/produkt\/flightcase-verriegelung-loa403\/\" \/>\n<meta property=\"og:site_name\" content=\"https:\/\/sxflightcase.com\" \/>\n<meta property=\"article:publisher\" content=\"https:\/\/www.facebook.com\/profile.php?id=61560407257971\" \/>\n<meta property=\"article:modified_time\" content=\"2024-08-02T06:29:38+00:00\" \/>\n<meta property=\"og:image\" content=\"https:\/\/sxflightcase.com\/wp-content\/uploads\/2024\/07\/LOA403.jpg\" \/>\n\t<meta property=\"og:image:width\" content=\"520\" \/>\n\t<meta property=\"og:image:height\" content=\"448\" \/>\n\t<meta property=\"og:image:type\" content=\"image\/jpeg\" \/>\n<meta name=\"twitter:card\" content=\"summary_large_image\" \/>\n<meta name=\"twitter:label1\" content=\"Tahmini okuma s\u00fcresi\" \/>\n\t<meta name=\"twitter:data1\" content=\"3 dakika\" \/>\n<script type=\"application\/ld+json\" class=\"yoast-schema-graph\">{\"@context\":\"https:\/\/schema.org\",\"@graph\":[{\"@type\":\"WebPage\",\"@id\":\"https:\/\/sxflightcase.com\/de\/produkt\/flightcase-verriegelung-loa403\/\",\"url\":\"https:\/\/sxflightcase.com\/de\/produkt\/flightcase-verriegelung-loa403\/\",\"name\":\"Flight Case Latch LOA403 - https:\/\/sxflightcase.com \ud83d\udc97\",\"isPartOf\":{\"@id\":\"https:\/\/sxflightcase.com\/th\/#website\"},\"primaryImageOfPage\":{\"@id\":\"https:\/\/sxflightcase.com\/de\/produkt\/flightcase-verriegelung-loa403\/#primaryimage\"},\"image\":{\"@id\":\"https:\/\/sxflightcase.com\/de\/produkt\/flightcase-verriegelung-loa403\/#primaryimage\"},\"thumbnailUrl\":\"https:\/\/sxflightcase.com\/wp-content\/uploads\/2024\/07\/LOA403.jpg\",\"datePublished\":\"2024-08-02T06:29:17+00:00\",\"dateModified\":\"2024-08-02T06:29:38+00:00\",\"description\":\"Flight case latch, factory direct! High-quality latches designed for secure and reliable closure of flight cases. Perfect for safeguarding equipment during transport, ensuring durability and ease of use.\",\"breadcrumb\":{\"@id\":\"https:\/\/sxflightcase.com\/de\/produkt\/flightcase-verriegelung-loa403\/#breadcrumb\"},\"inLanguage\":\"tr\",\"potentialAction\":[{\"@type\":\"ReadAction\",\"target\":[\"https:\/\/sxflightcase.com\/de\/produkt\/flightcase-verriegelung-loa403\/\"]}]},{\"@type\":\"ImageObject\",\"inLanguage\":\"tr\",\"@id\":\"https:\/\/sxflightcase.com\/de\/produkt\/flightcase-verriegelung-loa403\/#primaryimage\",\"url\":\"https:\/\/sxflightcase.com\/wp-content\/uploads\/2024\/07\/LOA403.jpg\",\"contentUrl\":\"https:\/\/sxflightcase.com\/wp-content\/uploads\/2024\/07\/LOA403.jpg\",\"width\":520,\"height\":448,\"caption\":\"flight case latch\"},{\"@type\":\"BreadcrumbList\",\"@id\":\"https:\/\/sxflightcase.com\/de\/produkt\/flightcase-verriegelung-loa403\/#breadcrumb\",\"itemListElement\":[{\"@type\":\"ListItem\",\"position\":1,\"name\":\"Home\",\"item\":\"https:\/\/sxflightcase.com\/\"},{\"@type\":\"ListItem\",\"position\":2,\"name\":\"\u0e2a\u0e34\u0e19\u0e04\u0e49\u0e32\",\"item\":\"https:\/\/sxflightcase.com\/th\/shop\/\"},{\"@type\":\"ListItem\",\"position\":3,\"name\":\"Flight Case Latch LOA403\"}]},{\"@type\":\"WebSite\",\"@id\":\"https:\/\/sxflightcase.com\/th\/#website\",\"url\":\"https:\/\/sxflightcase.com\/th\/\",\"name\":\"sxpowercase.com\",\"description\":\"Flight Case Factory\",\"publisher\":{\"@id\":\"https:\/\/sxflightcase.com\/th\/#organization\"},\"potentialAction\":[{\"@type\":\"SearchAction\",\"target\":{\"@type\":\"EntryPoint\",\"urlTemplate\":\"https:\/\/sxflightcase.com\/th\/?s={search_term_string}\"},\"query-input\":{\"@type\":\"PropertyValueSpecification\",\"valueRequired\":true,\"valueName\":\"search_term_string\"}}],\"inLanguage\":\"tr\"},{\"@type\":\"Organization\",\"@id\":\"https:\/\/sxflightcase.com\/th\/#organization\",\"name\":\"sxpowercase.com\",\"url\":\"https:\/\/sxflightcase.com\/th\/\",\"logo\":{\"@type\":\"ImageObject\",\"inLanguage\":\"tr\",\"@id\":\"https:\/\/sxflightcase.com\/th\/#\/schema\/logo\/image\/\",\"url\":\"https:\/\/sxflightcase.com\/wp-content\/uploads\/2024\/04\/1713919036007.jpg\",\"contentUrl\":\"https:\/\/sxflightcase.com\/wp-content\/uploads\/2024\/04\/1713919036007.jpg\",\"width\":382,\"height\":388,\"caption\":\"sxpowercase.com\"},\"image\":{\"@id\":\"https:\/\/sxflightcase.com\/th\/#\/schema\/logo\/image\/\"},\"sameAs\":[\"https:\/\/www.facebook.com\/profile.php?id=61560407257971\"],\"numberOfEmployees\":{\"@type\":\"QuantitativeValue\",\"minValue\":\"11\",\"maxValue\":\"50\"}}]}<\/script>\n<!-- \/ Yoast SEO Premium plugin. -->","yoast_head_json":{"title":"Flight Case Latch LOA403 - https:\/\/sxflightcase.com \ud83d\udc97","description":"U\u00e7u\u015f \u00e7antas\u0131 mandal\u0131, do\u011frudan fabrika \u00e7\u0131k\u0131\u015f\u0131! U\u00e7u\u015f \u00e7antalar\u0131n\u0131n g\u00fcvenli ve g\u00fcvenilir \u015fekilde kapat\u0131lmas\u0131 i\u00e7in tasarlanm\u0131\u015f y\u00fcksek kaliteli mandallar. Ta\u015f\u0131ma s\u0131ras\u0131nda ekipman\u0131 korumak, dayan\u0131kl\u0131l\u0131k ve kullan\u0131m kolayl\u0131\u011f\u0131 sa\u011flamak i\u00e7in m\u00fckemmeldir.","robots":{"index":"index","follow":"follow","max-snippet":"max-snippet:-1","max-image-preview":"max-image-preview:large","max-video-preview":"max-video-preview:-1"},"canonical":"https:\/\/sxflightcase.com\/tr\/produkt\/flightcase-verriegelung-loa403\/","og_locale":"tr_TR","og_type":"article","og_title":"Flight Case Latch LOA403","og_description":"Flight case latch, factory direct! High-quality latches designed for secure and reliable closure of flight cases. Perfect for safeguarding equipment during transport, ensuring durability and ease of use.","og_url":"https:\/\/sxflightcase.com\/tr\/produkt\/flightcase-verriegelung-loa403\/","og_site_name":"https:\/\/sxflightcase.com","article_publisher":"https:\/\/www.facebook.com\/profile.php?id=61560407257971","article_modified_time":"2024-08-02T06:29:38+00:00","og_image":[{"width":520,"height":448,"url":"https:\/\/sxflightcase.com\/wp-content\/uploads\/2024\/07\/LOA403.jpg","type":"image\/jpeg"}],"twitter_card":"summary_large_image","twitter_misc":{"Tahmini okuma s\u00fcresi":"3 dakika"},"schema":{"@context":"https:\/\/schema.org","@graph":[{"@type":"WebPage","@id":"https:\/\/sxflightcase.com\/de\/produkt\/flightcase-verriegelung-loa403\/","url":"https:\/\/sxflightcase.com\/de\/produkt\/flightcase-verriegelung-loa403\/","name":"Flight Case Latch LOA403 - https:\/\/sxflightcase.com \ud83d\udc97","isPartOf":{"@id":"https:\/\/sxflightcase.com\/th\/#website"},"primaryImageOfPage":{"@id":"https:\/\/sxflightcase.com\/de\/produkt\/flightcase-verriegelung-loa403\/#primaryimage"},"image":{"@id":"https:\/\/sxflightcase.com\/de\/produkt\/flightcase-verriegelung-loa403\/#primaryimage"},"thumbnailUrl":"https:\/\/sxflightcase.com\/wp-content\/uploads\/2024\/07\/LOA403.jpg","datePublished":"2024-08-02T06:29:17+00:00","dateModified":"2024-08-02T06:29:38+00:00","description":"U\u00e7u\u015f \u00e7antas\u0131 mandal\u0131, do\u011frudan fabrika \u00e7\u0131k\u0131\u015f\u0131! U\u00e7u\u015f \u00e7antalar\u0131n\u0131n g\u00fcvenli ve g\u00fcvenilir \u015fekilde kapat\u0131lmas\u0131 i\u00e7in tasarlanm\u0131\u015f y\u00fcksek kaliteli mandallar. Ta\u015f\u0131ma s\u0131ras\u0131nda ekipman\u0131 korumak, dayan\u0131kl\u0131l\u0131k ve kullan\u0131m kolayl\u0131\u011f\u0131 sa\u011flamak i\u00e7in m\u00fckemmeldir.","breadcrumb":{"@id":"https:\/\/sxflightcase.com\/de\/produkt\/flightcase-verriegelung-loa403\/#breadcrumb"},"inLanguage":"tr","potentialAction":[{"@type":"ReadAction","target":["https:\/\/sxflightcase.com\/de\/produkt\/flightcase-verriegelung-loa403\/"]}]},{"@type":"ImageObject","inLanguage":"tr","@id":"https:\/\/sxflightcase.com\/de\/produkt\/flightcase-verriegelung-loa403\/#primaryimage","url":"https:\/\/sxflightcase.com\/wp-content\/uploads\/2024\/07\/LOA403.jpg","contentUrl":"https:\/\/sxflightcase.com\/wp-content\/uploads\/2024\/07\/LOA403.jpg","width":520,"height":448,"caption":"flight case latch"},{"@type":"BreadcrumbList","@id":"https:\/\/sxflightcase.com\/de\/produkt\/flightcase-verriegelung-loa403\/#breadcrumb","itemListElement":[{"@type":"ListItem","position":1,"name":"Home","item":"https:\/\/sxflightcase.com\/"},{"@type":"ListItem","position":2,"name":"\u0e2a\u0e34\u0e19\u0e04\u0e49\u0e32","item":"https:\/\/sxflightcase.com\/th\/shop\/"},{"@type":"ListItem","position":3,"name":"Flight Case Latch LOA403"}]},{"@type":"WebSite","@id":"https:\/\/sxflightcase.com\/th\/#website","url":"https:\/\/sxflightcase.com\/th\/","name":"sxpowercase.com","description":"U\u00e7u\u015f \u00c7antas\u0131 Fabrikas\u0131","publisher":{"@id":"https:\/\/sxflightcase.com\/th\/#organization"},"potentialAction":[{"@type":"SearchAction","target":{"@type":"EntryPoint","urlTemplate":"https:\/\/sxflightcase.com\/th\/?s={search_term_string}"},"query-input":{"@type":"PropertyValueSpecification","valueRequired":true,"valueName":"search_term_string"}}],"inLanguage":"tr"},{"@type":"Organization","@id":"https:\/\/sxflightcase.com\/th\/#organization","name":"sxpowercase.com","url":"https:\/\/sxflightcase.com\/th\/","logo":{"@type":"ImageObject","inLanguage":"tr","@id":"https:\/\/sxflightcase.com\/th\/#\/schema\/logo\/image\/","url":"https:\/\/sxflightcase.com\/wp-content\/uploads\/2024\/04\/1713919036007.jpg","contentUrl":"https:\/\/sxflightcase.com\/wp-content\/uploads\/2024\/04\/1713919036007.jpg","width":382,"height":388,"caption":"sxpowercase.com"},"image":{"@id":"https:\/\/sxflightcase.com\/th\/#\/schema\/logo\/image\/"},"sameAs":["https:\/\/www.facebook.com\/profile.php?id=61560407257971"],"numberOfEmployees":{"@type":"QuantitativeValue","minValue":"11","maxValue":"50"}}]}},"_links":{"self":[{"href":"https:\/\/sxflightcase.com\/tr\/wp-json\/wp\/v2\/product\/3925","targetHints":{"allow":["GET"]}}],"collection":[{"href":"https:\/\/sxflightcase.com\/tr\/wp-json\/wp\/v2\/product"}],"about":[{"href":"https:\/\/sxflightcase.com\/tr\/wp-json\/wp\/v2\/types\/product"}],"replies":[{"embeddable":true,"href":"https:\/\/sxflightcase.com\/tr\/wp-json\/wp\/v2\/comments?post=3925"}],"version-history":[{"count":0,"href":"https:\/\/sxflightcase.com\/tr\/wp-json\/wp\/v2\/product\/3925\/revisions"}],"wp:featuredmedia":[{"embeddable":true,"href":"https:\/\/sxflightcase.com\/tr\/wp-json\/wp\/v2\/media\/3790"}],"wp:attachment":[{"href":"https:\/\/sxflightcase.com\/tr\/wp-json\/wp\/v2\/media?parent=3925"}],"wp:term":[{"taxonomy":"product_brand","embeddable":true,"href":"https:\/\/sxflightcase.com\/tr\/wp-json\/wp\/v2\/product_brand?post=3925"},{"taxonomy":"product_cat","embeddable":true,"href":"https:\/\/sxflightcase.com\/tr\/wp-json\/wp\/v2\/product_cat?post=3925"},{"taxonomy":"product_tag","embeddable":true,"href":"https:\/\/sxflightcase.com\/tr\/wp-json\/wp\/v2\/product_tag?post=3925"}],"curies":[{"name":"wp","href":"https:\/\/api.w.org\/{rel}","templated":true}]}}