{"id":3928,"date":"2024-08-02T07:38:09","date_gmt":"2024-08-02T06:38:09","guid":{"rendered":"https:\/\/sxpowercase.com\/?post_type=product&#038;p=3928"},"modified":"2024-08-02T07:38:10","modified_gmt":"2024-08-02T06:38:10","slug":"flight-case-clasps-loa502","status":"publish","type":"product","link":"https:\/\/sxflightcase.com\/tr\/urun\/ucus-cantasi-tokalari-loa502-2\/","title":{"rendered":"U\u00e7u\u015f \u00c7antas\u0131 Tokalar\u0131 LOA502"},"content":{"rendered":"<h2>SX U\u00e7u\u015f \u00c7antas\u0131 Tokalar\u0131 ile Ekipman\u0131n\u0131z\u0131 Sabitleyin<\/h2>\n<h3>Fabrika Do\u011frudan Fiyatland\u0131rmas\u0131<\/h3>\n<p>SX birinci s\u0131n\u0131f <strong>U\u00e7u\u015f \u00c7antas\u0131 Tokalar\u0131<\/strong> rakipsiz fabrika do\u011frudan fiyatlar\u0131yla. Arac\u0131lar\u0131 atlayarak, y\u00fcksek kaliteli \u00fcr\u00fcnleri do\u011frudan fabrikam\u0131zdan size ula\u015ft\u0131r\u0131yoruz. Bu yakla\u015f\u0131m, paran\u0131z\u0131n kar\u015f\u0131l\u0131\u011f\u0131n\u0131 en iyi \u015fekilde alman\u0131z\u0131 garanti ederek tokalar\u0131m\u0131z\u0131 hem uygun fiyatl\u0131 hem de g\u00fcvenilir k\u0131l\u0131yor.<\/p>\n<h3>Uzun \u00d6m\u00fcrl\u00fc Olmak \u0130\u00e7in \u00dcretildi<\/h3>\n<p>Ekipman\u0131n\u0131z\u0131 korumak s\u00f6z konusu oldu\u011funda dayan\u0131kl\u0131l\u0131k \u00e7ok \u00f6nemlidir. Bizim <strong>U\u00e7u\u015f \u00c7antas\u0131 Tokalar\u0131<\/strong> en zorlu ko\u015fullara dayanacak \u015fekilde tasarlanm\u0131\u015f y\u00fcksek kaliteli malzemelerden \u00fcretilmi\u015ftir. \u0130ster tura \u00e7\u0131k\u0131n, ister nakliye yap\u0131n ya da ekipman\u0131n\u0131z\u0131 depolay\u0131n, bu tokalar sa\u011flam bir g\u00fcvenlik sa\u011flar. At <a href=\"https:\/\/sxpowercase.com\/\" target=\"_blank\" rel=\"noopener\" title=\"SX\" data-wpil-monitor-id=\"625\">SX<\/a>s\u0131k\u0131 kalite standartlar\u0131n\u0131 kar\u015f\u0131lad\u0131\u011f\u0131ndan emin olmak i\u00e7in her tokay\u0131 titizlikle test ediyoruz.<\/p>\n<h3>\u00d6zelle\u015ftirilebilir \u00c7\u00f6z\u00fcmler<\/h3>\n<p>Her ekipman par\u00e7as\u0131n\u0131n kendine \u00f6zg\u00fc gereksinimleri vard\u0131r ve SX olarak \u00f6zelle\u015ftirmenin \u00f6nemini anl\u0131yoruz. Bizim <strong>U\u00e7u\u015f \u00c7antas\u0131 Tokalar\u0131<\/strong> farkl\u0131 boyutlar, y\u00fczeyler ve kilitleme mekanizmalar\u0131 se\u00e7enekleriyle ihtiya\u00e7lar\u0131n\u0131za g\u00f6re uyarlanabilir. Bu esneklik, k\u0131l\u0131flar\u0131n\u0131z i\u00e7in m\u00fckemmel bir e\u015fle\u015fme sa\u011flayarak korumay\u0131 ve kullan\u0131m kolayl\u0131\u011f\u0131n\u0131 art\u0131r\u0131r.<\/p>\n<h3>Kullan\u0131c\u0131 Dostu Tasar\u0131m<\/h3>\n<p>SX <strong>U\u00e7u\u015f \u00c7antas\u0131 Tokalar\u0131<\/strong> pratiklik g\u00f6z \u00f6n\u00fcnde bulundurularak tasarlanm\u0131\u015ft\u0131r. Kurulumu ve kullan\u0131m\u0131 kolayd\u0131r ve kasalar\u0131n\u0131z i\u00e7in g\u00fcvenli bir kilitleme \u00e7\u00f6z\u00fcm\u00fc sa\u011flar. Kullan\u0131c\u0131 dostu tasar\u0131m, y\u00fcksek g\u00fcvenlik seviyesini korurken h\u0131zl\u0131 eri\u015fim sa\u011flar. Bu tokalar sadece iyi i\u015flev g\u00f6rmekle kalmaz, ayn\u0131 zamanda ekipman \u00e7antalar\u0131n\u0131za profesyonel bir dokunu\u015f katar.<\/p>\n<h3>SX Avantaj\u0131<\/h3>\n<p>SX'i se\u00e7mek kaliteyi, uygun fiyat\u0131 ve ola\u011fan\u00fcst\u00fc m\u00fc\u015fteri hizmetlerini se\u00e7mek demektir. Bizim <strong>U\u00e7u\u015f \u00c7antas\u0131 Tokas\u0131<\/strong>\u00a0de\u011ferli ekipmanlar\u0131n\u0131z\u0131 korumak i\u00e7in g\u00fcvenilir ve uygun maliyetli bir yol sunar. Kendimizi, b\u00fct\u00e7enizi sarsmadan ihtiya\u00e7lar\u0131n\u0131z\u0131 kar\u015f\u0131layan \u00fcr\u00fcnler sunmaya adad\u0131k. SX ile sadece tokadan daha fazlas\u0131n\u0131 elde edersiniz - i\u00e7iniz rahat eder.<\/p>\n<h3>Bug\u00fcn Bize Ula\u015f\u0131n<\/h3>\n<p>Ekipman\u0131n\u0131z\u0131 SX'in g\u00fcvenilirli\u011fi ile koruyun <strong>U\u00e7u\u015f \u00c7antas\u0131 Tokas\u0131<\/strong>. \u00dcr\u00fcn se\u00e7eneklerimizi ke\u015ffetmek ve rekabet\u00e7i fabrika do\u011frudan fiyatland\u0131rmam\u0131zdan yararlanmak i\u00e7in bizimle ileti\u015fime ge\u00e7in. SX olarak, ekipmanlar\u0131n\u0131z\u0131 g\u00fcvence alt\u0131na almak, g\u00fcvenlik ve g\u00f6n\u00fcl rahatl\u0131\u011f\u0131 sa\u011flamak i\u00e7in en iyi \u00e7\u00f6z\u00fcmleri sunmaya kararl\u0131y\u0131z.<\/p>\n<p>Hemen \u0130leti\u015fime Ge\u00e7in:<span style=\"color: #0000ff;\"><a style=\"color: #0000ff;\" href=\"https:\/\/sxpowercase.com\/contact-us\/\">https:\/\/sxpowercase.com\/<\/a><\/span><\/p>\n<p>Donan\u0131m \u00dcr\u00fcn Katalo\u011fu\uff1a<span style=\"color: #3366ff;\"><a style=\"color: #3366ff;\" href=\"https:\/\/sxpowercase.com\/wp-content\/uploads\/2024\/07\/\u4e94\u91d1.pdf\">Donan\u0131m aksesuarlar\u0131 katalo\u011fu<\/a><\/span><\/p>","protected":false},"excerpt":{"rendered":"<div class=\"&quot;flex\">ex-col max-w-full&#8221;&gt;&amp;lt;div class=&#8221;min-h-[20px] text-message flex w-full flex-col items-end gap-2 whitespace-pre-wrap break-words [.text-message+&amp;]:mt-5 overflow-x-auto&#8221; dir=&#8221;auto&#8221; data-message-author-role=&#8221;assistant&#8221; data-message-id=&#8221;613e971c-79c4-4874-b464-6b43df0fb464&#8243;&gt;<\/p>\n<div class=\"flex w-full flex-col gap-1 empty:hidden first:pt-[3px]\">\n<div class=\"markdown prose w-full break-words dark:prose-invert light\">\n<h3>Affordable Quality with SX Flight Case Clasps&lt;\/h3&gt;<\/h3>\n<p>Get top-quality Flight Case Clasps at factory-direct prices. SX provides cost-effective solutions without compromising on durability and security for your valuable equipment.<\/p>\n<h3>Durable and Customisable<\/h3>\n<p>SX Flight Case Clasps are built to last, with options for customisation to meet your specific needs. Choose from various sizes, finishes, and locking mechanisms for a perfect fit.<\/p>\n<h3>Easy to Install and Use<\/h3>\n<p>SX clasps are d<\/p>\n<h3>esigned for easy installation and operation, combining functionality with a sleek, professional look. Secure your cases quickly and efficiently with reliable locking mechanisms.<\/h3>\n<\/div>\n<\/div>\n<\/div>\n","protected":false},"featured_media":3793,"comment_status":"open","ping_status":"closed","template":"","meta":[],"product_brand":[],"product_cat":[61],"product_tag":[],"class_list":{"0":"post-3928","1":"product","2":"type-product","3":"status-publish","4":"has-post-thumbnail","6":"product_cat-catchother-locks","8":"first","9":"instock","10":"shipping-taxable","11":"product-type-simple"},"yoast_head":"<!-- This site is optimized with the Yoast SEO Premium plugin v27.1 (Yoast SEO v27.2) - https:\/\/yoast.com\/product\/yoast-seo-premium-wordpress\/ -->\n<title>Flight Case Clasps LOA502 - https:\/\/sxflightcase.com \ud83d\udc97<\/title>\n<meta name=\"description\" content=\"Flight case clasps, factory direct! Durable, high-quality clasps designed for secure closure and easy handling of flight cases, protecting your equipment in transit.\" \/>\n<meta name=\"robots\" content=\"index, follow, max-snippet:-1, max-image-preview:large, max-video-preview:-1\" \/>\n<link rel=\"canonical\" href=\"https:\/\/sxflightcase.com\/tr\/san-pham\/flight-case-clasps-loa502\/\" \/>\n<meta property=\"og:locale\" content=\"tr_TR\" \/>\n<meta property=\"og:type\" content=\"article\" \/>\n<meta property=\"og:title\" content=\"Flight Case Clasps LOA502\" \/>\n<meta property=\"og:description\" content=\"Flight case clasps, factory direct! Durable, high-quality clasps designed for secure closure and easy handling of flight cases, protecting your equipment in transit.\" \/>\n<meta property=\"og:url\" content=\"https:\/\/sxflightcase.com\/tr\/san-pham\/flight-case-clasps-loa502\/\" \/>\n<meta property=\"og:site_name\" content=\"https:\/\/sxflightcase.com\" \/>\n<meta property=\"article:publisher\" content=\"https:\/\/www.facebook.com\/profile.php?id=61560407257971\" \/>\n<meta property=\"article:modified_time\" content=\"2024-08-02T06:38:10+00:00\" \/>\n<meta property=\"og:image\" content=\"https:\/\/sxflightcase.com\/wp-content\/uploads\/2024\/07\/LOA502.jpg\" \/>\n\t<meta property=\"og:image:width\" content=\"520\" \/>\n\t<meta property=\"og:image:height\" content=\"391\" \/>\n\t<meta property=\"og:image:type\" content=\"image\/jpeg\" \/>\n<meta name=\"twitter:card\" content=\"summary_large_image\" \/>\n<meta name=\"twitter:label1\" content=\"Tahmini okuma s\u00fcresi\" \/>\n\t<meta name=\"twitter:data1\" content=\"2 dakika\" \/>\n<script type=\"application\/ld+json\" class=\"yoast-schema-graph\">{\"@context\":\"https:\/\/schema.org\",\"@graph\":[{\"@type\":\"WebPage\",\"@id\":\"https:\/\/sxflightcase.com\/vi\/san-pham\/flight-case-clasps-loa502\/\",\"url\":\"https:\/\/sxflightcase.com\/vi\/san-pham\/flight-case-clasps-loa502\/\",\"name\":\"Flight Case Clasps LOA502 - https:\/\/sxflightcase.com \ud83d\udc97\",\"isPartOf\":{\"@id\":\"https:\/\/sxflightcase.com\/th\/#website\"},\"primaryImageOfPage\":{\"@id\":\"https:\/\/sxflightcase.com\/vi\/san-pham\/flight-case-clasps-loa502\/#primaryimage\"},\"image\":{\"@id\":\"https:\/\/sxflightcase.com\/vi\/san-pham\/flight-case-clasps-loa502\/#primaryimage\"},\"thumbnailUrl\":\"https:\/\/sxflightcase.com\/wp-content\/uploads\/2024\/07\/LOA502.jpg\",\"datePublished\":\"2024-08-02T06:38:09+00:00\",\"dateModified\":\"2024-08-02T06:38:10+00:00\",\"description\":\"Flight case clasps, factory direct! Durable, high-quality clasps designed for secure closure and easy handling of flight cases, protecting your equipment in transit.\",\"breadcrumb\":{\"@id\":\"https:\/\/sxflightcase.com\/vi\/san-pham\/flight-case-clasps-loa502\/#breadcrumb\"},\"inLanguage\":\"tr\",\"potentialAction\":[{\"@type\":\"ReadAction\",\"target\":[\"https:\/\/sxflightcase.com\/vi\/san-pham\/flight-case-clasps-loa502\/\"]}]},{\"@type\":\"ImageObject\",\"inLanguage\":\"tr\",\"@id\":\"https:\/\/sxflightcase.com\/vi\/san-pham\/flight-case-clasps-loa502\/#primaryimage\",\"url\":\"https:\/\/sxflightcase.com\/wp-content\/uploads\/2024\/07\/LOA502.jpg\",\"contentUrl\":\"https:\/\/sxflightcase.com\/wp-content\/uploads\/2024\/07\/LOA502.jpg\",\"width\":520,\"height\":391,\"caption\":\"flight case clasps\"},{\"@type\":\"BreadcrumbList\",\"@id\":\"https:\/\/sxflightcase.com\/vi\/san-pham\/flight-case-clasps-loa502\/#breadcrumb\",\"itemListElement\":[{\"@type\":\"ListItem\",\"position\":1,\"name\":\"Home\",\"item\":\"https:\/\/sxflightcase.com\/\"},{\"@type\":\"ListItem\",\"position\":2,\"name\":\"\u0e2a\u0e34\u0e19\u0e04\u0e49\u0e32\",\"item\":\"https:\/\/sxflightcase.com\/th\/shop\/\"},{\"@type\":\"ListItem\",\"position\":3,\"name\":\"Flight Case Clasps LOA502\"}]},{\"@type\":\"WebSite\",\"@id\":\"https:\/\/sxflightcase.com\/th\/#website\",\"url\":\"https:\/\/sxflightcase.com\/th\/\",\"name\":\"sxpowercase.com\",\"description\":\"Flight Case Factory\",\"publisher\":{\"@id\":\"https:\/\/sxflightcase.com\/th\/#organization\"},\"potentialAction\":[{\"@type\":\"SearchAction\",\"target\":{\"@type\":\"EntryPoint\",\"urlTemplate\":\"https:\/\/sxflightcase.com\/th\/?s={search_term_string}\"},\"query-input\":{\"@type\":\"PropertyValueSpecification\",\"valueRequired\":true,\"valueName\":\"search_term_string\"}}],\"inLanguage\":\"tr\"},{\"@type\":\"Organization\",\"@id\":\"https:\/\/sxflightcase.com\/th\/#organization\",\"name\":\"sxpowercase.com\",\"url\":\"https:\/\/sxflightcase.com\/th\/\",\"logo\":{\"@type\":\"ImageObject\",\"inLanguage\":\"tr\",\"@id\":\"https:\/\/sxflightcase.com\/th\/#\/schema\/logo\/image\/\",\"url\":\"https:\/\/sxflightcase.com\/wp-content\/uploads\/2024\/04\/1713919036007.jpg\",\"contentUrl\":\"https:\/\/sxflightcase.com\/wp-content\/uploads\/2024\/04\/1713919036007.jpg\",\"width\":382,\"height\":388,\"caption\":\"sxpowercase.com\"},\"image\":{\"@id\":\"https:\/\/sxflightcase.com\/th\/#\/schema\/logo\/image\/\"},\"sameAs\":[\"https:\/\/www.facebook.com\/profile.php?id=61560407257971\"],\"numberOfEmployees\":{\"@type\":\"QuantitativeValue\",\"minValue\":\"11\",\"maxValue\":\"50\"}}]}<\/script>\n<!-- \/ Yoast SEO Premium plugin. -->","yoast_head_json":{"title":"Flight Case Clasps LOA502 - https:\/\/sxflightcase.com \ud83d\udc97","description":"U\u00e7u\u015f \u00e7antas\u0131 tokalar\u0131, do\u011frudan fabrikada! U\u00e7u\u015f \u00e7antalar\u0131n\u0131n g\u00fcvenli bir \u015fekilde kapat\u0131lmas\u0131 ve kolay ta\u015f\u0131nmas\u0131 i\u00e7in tasarlanm\u0131\u015f dayan\u0131kl\u0131, y\u00fcksek kaliteli tokalar, ekipman\u0131n\u0131z\u0131 ta\u015f\u0131ma s\u0131ras\u0131nda korur.","robots":{"index":"index","follow":"follow","max-snippet":"max-snippet:-1","max-image-preview":"max-image-preview:large","max-video-preview":"max-video-preview:-1"},"canonical":"https:\/\/sxflightcase.com\/tr\/san-pham\/flight-case-clasps-loa502\/","og_locale":"tr_TR","og_type":"article","og_title":"Flight Case Clasps LOA502","og_description":"Flight case clasps, factory direct! Durable, high-quality clasps designed for secure closure and easy handling of flight cases, protecting your equipment in transit.","og_url":"https:\/\/sxflightcase.com\/tr\/san-pham\/flight-case-clasps-loa502\/","og_site_name":"https:\/\/sxflightcase.com","article_publisher":"https:\/\/www.facebook.com\/profile.php?id=61560407257971","article_modified_time":"2024-08-02T06:38:10+00:00","og_image":[{"width":520,"height":391,"url":"https:\/\/sxflightcase.com\/wp-content\/uploads\/2024\/07\/LOA502.jpg","type":"image\/jpeg"}],"twitter_card":"summary_large_image","twitter_misc":{"Tahmini okuma s\u00fcresi":"2 dakika"},"schema":{"@context":"https:\/\/schema.org","@graph":[{"@type":"WebPage","@id":"https:\/\/sxflightcase.com\/vi\/san-pham\/flight-case-clasps-loa502\/","url":"https:\/\/sxflightcase.com\/vi\/san-pham\/flight-case-clasps-loa502\/","name":"Flight Case Clasps LOA502 - https:\/\/sxflightcase.com \ud83d\udc97","isPartOf":{"@id":"https:\/\/sxflightcase.com\/th\/#website"},"primaryImageOfPage":{"@id":"https:\/\/sxflightcase.com\/vi\/san-pham\/flight-case-clasps-loa502\/#primaryimage"},"image":{"@id":"https:\/\/sxflightcase.com\/vi\/san-pham\/flight-case-clasps-loa502\/#primaryimage"},"thumbnailUrl":"https:\/\/sxflightcase.com\/wp-content\/uploads\/2024\/07\/LOA502.jpg","datePublished":"2024-08-02T06:38:09+00:00","dateModified":"2024-08-02T06:38:10+00:00","description":"U\u00e7u\u015f \u00e7antas\u0131 tokalar\u0131, do\u011frudan fabrikada! U\u00e7u\u015f \u00e7antalar\u0131n\u0131n g\u00fcvenli bir \u015fekilde kapat\u0131lmas\u0131 ve kolay ta\u015f\u0131nmas\u0131 i\u00e7in tasarlanm\u0131\u015f dayan\u0131kl\u0131, y\u00fcksek kaliteli tokalar, ekipman\u0131n\u0131z\u0131 ta\u015f\u0131ma s\u0131ras\u0131nda korur.","breadcrumb":{"@id":"https:\/\/sxflightcase.com\/vi\/san-pham\/flight-case-clasps-loa502\/#breadcrumb"},"inLanguage":"tr","potentialAction":[{"@type":"ReadAction","target":["https:\/\/sxflightcase.com\/vi\/san-pham\/flight-case-clasps-loa502\/"]}]},{"@type":"ImageObject","inLanguage":"tr","@id":"https:\/\/sxflightcase.com\/vi\/san-pham\/flight-case-clasps-loa502\/#primaryimage","url":"https:\/\/sxflightcase.com\/wp-content\/uploads\/2024\/07\/LOA502.jpg","contentUrl":"https:\/\/sxflightcase.com\/wp-content\/uploads\/2024\/07\/LOA502.jpg","width":520,"height":391,"caption":"flight case clasps"},{"@type":"BreadcrumbList","@id":"https:\/\/sxflightcase.com\/vi\/san-pham\/flight-case-clasps-loa502\/#breadcrumb","itemListElement":[{"@type":"ListItem","position":1,"name":"Home","item":"https:\/\/sxflightcase.com\/"},{"@type":"ListItem","position":2,"name":"\u0e2a\u0e34\u0e19\u0e04\u0e49\u0e32","item":"https:\/\/sxflightcase.com\/th\/shop\/"},{"@type":"ListItem","position":3,"name":"Flight Case Clasps LOA502"}]},{"@type":"WebSite","@id":"https:\/\/sxflightcase.com\/th\/#website","url":"https:\/\/sxflightcase.com\/th\/","name":"sxpowercase.com","description":"U\u00e7u\u015f \u00c7antas\u0131 Fabrikas\u0131","publisher":{"@id":"https:\/\/sxflightcase.com\/th\/#organization"},"potentialAction":[{"@type":"SearchAction","target":{"@type":"EntryPoint","urlTemplate":"https:\/\/sxflightcase.com\/th\/?s={search_term_string}"},"query-input":{"@type":"PropertyValueSpecification","valueRequired":true,"valueName":"search_term_string"}}],"inLanguage":"tr"},{"@type":"Organization","@id":"https:\/\/sxflightcase.com\/th\/#organization","name":"sxpowercase.com","url":"https:\/\/sxflightcase.com\/th\/","logo":{"@type":"ImageObject","inLanguage":"tr","@id":"https:\/\/sxflightcase.com\/th\/#\/schema\/logo\/image\/","url":"https:\/\/sxflightcase.com\/wp-content\/uploads\/2024\/04\/1713919036007.jpg","contentUrl":"https:\/\/sxflightcase.com\/wp-content\/uploads\/2024\/04\/1713919036007.jpg","width":382,"height":388,"caption":"sxpowercase.com"},"image":{"@id":"https:\/\/sxflightcase.com\/th\/#\/schema\/logo\/image\/"},"sameAs":["https:\/\/www.facebook.com\/profile.php?id=61560407257971"],"numberOfEmployees":{"@type":"QuantitativeValue","minValue":"11","maxValue":"50"}}]}},"_links":{"self":[{"href":"https:\/\/sxflightcase.com\/tr\/wp-json\/wp\/v2\/product\/3928","targetHints":{"allow":["GET"]}}],"collection":[{"href":"https:\/\/sxflightcase.com\/tr\/wp-json\/wp\/v2\/product"}],"about":[{"href":"https:\/\/sxflightcase.com\/tr\/wp-json\/wp\/v2\/types\/product"}],"replies":[{"embeddable":true,"href":"https:\/\/sxflightcase.com\/tr\/wp-json\/wp\/v2\/comments?post=3928"}],"version-history":[{"count":0,"href":"https:\/\/sxflightcase.com\/tr\/wp-json\/wp\/v2\/product\/3928\/revisions"}],"wp:featuredmedia":[{"embeddable":true,"href":"https:\/\/sxflightcase.com\/tr\/wp-json\/wp\/v2\/media\/3793"}],"wp:attachment":[{"href":"https:\/\/sxflightcase.com\/tr\/wp-json\/wp\/v2\/media?parent=3928"}],"wp:term":[{"taxonomy":"product_brand","embeddable":true,"href":"https:\/\/sxflightcase.com\/tr\/wp-json\/wp\/v2\/product_brand?post=3928"},{"taxonomy":"product_cat","embeddable":true,"href":"https:\/\/sxflightcase.com\/tr\/wp-json\/wp\/v2\/product_cat?post=3928"},{"taxonomy":"product_tag","embeddable":true,"href":"https:\/\/sxflightcase.com\/tr\/wp-json\/wp\/v2\/product_tag?post=3928"}],"curies":[{"name":"wp","href":"https:\/\/api.w.org\/{rel}","templated":true}]}}