{"id":3959,"date":"2024-08-06T02:58:55","date_gmt":"2024-08-06T01:58:55","guid":{"rendered":"https:\/\/sxpowercase.com\/?post_type=product&#038;p=3959"},"modified":"2024-08-06T02:58:56","modified_gmt":"2024-08-06T01:58:56","slug":"road-case-latches-lob101","status":"publish","type":"product","link":"https:\/\/sxflightcase.com\/tr\/urun\/yol-kasasi-mandallari-lob101\/","title":{"rendered":"Yol \u00c7antas\u0131 Mandallar\u0131 LOB101"},"content":{"rendered":"<h2>SX'ten G\u00fcvenilir Yol \u00c7antas\u0131 Mandallar\u0131<\/h2>\n<h3>Ekonomiklik i\u00e7in Fabrika Do\u011frudan Fiyatland\u0131rmas\u0131<\/h3>\n<p>SX gururla sunar <strong>Yol \u00c7antas\u0131 Mandallar\u0131<\/strong> rakipsiz fabrika do\u011frudan fiyatlar\u0131yla. Do\u011frudan \u00fcretim tesisimizden tedarik ederek arac\u0131lar\u0131 devre d\u0131\u015f\u0131 b\u0131rak\u0131yor ve tasarruflar\u0131 size aktar\u0131yoruz. Bu da en kaliteli mandallar\u0131 maliyetinin \u00e7ok alt\u0131nda alman\u0131z\u0131 sa\u011flayarak ekipman kasalar\u0131n\u0131z i\u00e7in ekonomik bir se\u00e7im haline getiriyor.<\/p>\n<h3>G\u00fcvenebilece\u011finiz Kalite G\u00fcvencesi<\/h3>\n<p>S\u00f6z konusu de\u011ferli ekipman\u0131n\u0131z\u0131 korumak oldu\u011funda, kalite her \u015feyden \u00f6nemlidir. \u0130\u015fte <a href=\"https:\/\/sxpowercase.com\/\" target=\"_blank\" rel=\"noopener\" title=\"SX\" data-wpil-monitor-id=\"627\">SX<\/a>, bizim <strong>Yol \u00c7antas\u0131 Mandallar\u0131<\/strong> dayan\u0131kl\u0131l\u0131k ve uzun \u00f6m\u00fcrl\u00fc performans sa\u011flamak i\u00e7in en y\u00fcksek standartlara g\u00f6re \u00fcretilmi\u015ftir. Her mandal, kat\u0131 kalite g\u00fcvence y\u00f6nergelerini kar\u015f\u0131lamak i\u00e7in titiz testlerden ge\u00e7irilir. \u0130ster turda olun, ister ekipman\u0131n\u0131z\u0131 ta\u015f\u0131yor ya da depoluyor olun, ekipman\u0131n\u0131z\u0131 g\u00fcvende tutmak i\u00e7in mandallar\u0131m\u0131za g\u00fcvenebilirsiniz.<\/p>\n<h3>\u0130htiya\u00e7lar\u0131n\u0131z i\u00e7in \u00d6zelle\u015ftirilebilir Se\u00e7enekler<\/h3>\n<p>Her yol vakas\u0131n\u0131n kendine \u00f6zg\u00fc gereksinimleri oldu\u011funu biliyoruz. Bu nedenle SX \u00f6zelle\u015ftirilebilir <strong>Yol \u00c7antas\u0131 Mandallar\u0131<\/strong> \u00f6zel ihtiya\u00e7lar\u0131n\u0131za uyacak \u015fekilde. K\u0131l\u0131flar\u0131n\u0131za m\u00fckemmel \u015fekilde uymas\u0131 i\u00e7in \u00e7e\u015fitli boyutlar, y\u00fczeyler ve kilitleme mekanizmalar\u0131 aras\u0131ndan se\u00e7im yap\u0131n. Bu \u00f6zelle\u015ftirme, hem i\u015flevsellik hem de estetik sa\u011flayarak g\u00fcvenli bir uyum ve profesyonel bir g\u00f6r\u00fcn\u00fcm sa\u011flar.<\/p>\n<h3>Kolay Kurulum ve Kullan\u0131m<\/h3>\n<p>SX <strong>Yol \u00c7antas\u0131 Mandallar\u0131<\/strong> kullan\u0131m kolayl\u0131\u011f\u0131 i\u00e7in tasarlanm\u0131\u015ft\u0131r. Kurulumu kolayd\u0131r, bu da onlar\u0131 hem DIY merakl\u0131lar\u0131 hem de profesyoneller i\u00e7in pratik bir se\u00e7im haline getirir. Kullan\u0131c\u0131 dostu tasar\u0131m, h\u0131zl\u0131 ve g\u00fcvenli kilitleme sa\u011flayarak kasalar\u0131n\u0131z\u0131n her zaman korunmas\u0131n\u0131 sa\u011flar. SX ile sadece sa\u011flam de\u011fil ayn\u0131 zamanda kullan\u0131m\u0131 kolay mandallar elde edersiniz.<\/p>\n<h3>SX Taahh\u00fcd\u00fc<\/h3>\n<p>SX olarak, y\u00fcksek kaliteli \u00fcr\u00fcnleri uygun fiyatlarla sunmaya kararl\u0131y\u0131z. Bizim <strong>Yol \u00c7antas\u0131 Mandallar\u0131<\/strong> d\u00fc\u015f\u00fck maliyetle g\u00fcvenilir performans sunarak bu taahh\u00fcd\u00fc \u00f6rneklemektedir. B\u00fct\u00e7e dahilinde kalarak m\u00fc\u015fterilerimizin ihtiya\u00e7lar\u0131n\u0131 kar\u015f\u0131layan \u00fcr\u00fcnler sunmaktan gurur duyuyoruz. SX'i se\u00e7ti\u011finizde kaliteyi, uygun fiyat\u0131 ve m\u00fckemmel m\u00fc\u015fteri hizmetlerini se\u00e7mi\u015f olursunuz.<\/p>\n<h3>Ekipman\u0131n\u0131z\u0131 Bug\u00fcn G\u00fcvence Alt\u0131na Al\u0131n<\/h3>\n<p>SX ile ekipman\u0131n\u0131z\u0131n g\u00fcvenli\u011fini sa\u011flay\u0131n <strong>Yol \u00c7antas\u0131 Mandal\u0131<\/strong>. Mandal yelpazemizi ke\u015ffetmek ve fabrikadan do\u011frudan fiyatland\u0131rmam\u0131zdan yararlanmak i\u00e7in bug\u00fcn bize ula\u015f\u0131n. SX ile, ekipman\u0131n\u0131z\u0131n uzun \u00f6m\u00fcrl\u00fc mandallarla korundu\u011fundan emin olabilir ve yol sizi nereye g\u00f6t\u00fcr\u00fcrse g\u00f6t\u00fcrs\u00fcn i\u00e7inizin rahat olmas\u0131n\u0131 sa\u011flayabilirsiniz.<\/p>\n<p>Hemen \u0130leti\u015fime Ge\u00e7in:<span style=\"color: #0000ff;\"><a style=\"color: #0000ff;\" href=\"https:\/\/sxpowercase.com\/contact-us\/\">https:\/\/sxpowercase.com\/<\/a><\/span><\/p>\n<p>Donan\u0131m \u00dcr\u00fcn Katalo\u011fu\uff1a<span style=\"color: #3366ff;\"><a style=\"color: #3366ff;\" href=\"https:\/\/sxpowercase.com\/wp-content\/uploads\/2024\/07\/\u4e94\u91d1.pdf\">Donan\u0131m aksesuarlar\u0131 katalo\u011fu<\/a><\/span><\/p>","protected":false},"excerpt":{"rendered":"<div class=\"flex-shrink-0 flex flex-col relative items-end\">\n<div>\n<div class=\"pt-0\">\n<div class=\"gizmo-bot-avatar flex h-8 w-8 items-center justify-center overflow-hidden rounded-full\">\n<div class=\"relative p-1 rounded-sm flex items-center justify-center bg-token-main-surface-primary text-token-text-primary h-8 w-8\"><\/div>\n<\/div>\n<\/div>\n<\/div>\n<\/div>\n<div class=\"group\/conversation-turn relative flex w-full min-w-0 flex-col agent-turn\">\n<div class=\"flex-col gap-1 md:gap-3\">\n<div class=\"flex flex-grow flex-col max-w-full\">\n<div class=\"min-h-[20px] text-message flex w-full flex-col items-end gap-2 whitespace-pre-wrap break-words [.text-message+&amp;]:mt-5 overflow-x-auto\" dir=\"auto\" data-message-author-role=\"assistant\" data-message-id=\"bb8e4fd2-91c9-4cb1-b993-7fe4fdb55f22\">\n<div class=\"flex w-full flex-col gap-1 empty:hidden first:pt-[3px]\">\n<div class=\"markdown prose w-full break-words dark:prose-invert light\">\n<h3>Affordable SX Road Case Latches<\/h3>\n<p>Get top-quality Road Case Latches at factory-direct prices from SX. We eliminate middleman costs, providing economical solutions for securing your equipment cases.<\/p>\n<h3>Reliable and Durable<\/h3>\n<p>SX Road Case Latches are rigorously tested for durability and quality. Trust our latches to keep your gear safe during tours, transport, or storage.<\/p>\n<h3>Customisable and Easy to Use<\/h3>\n<p>&amp;lt;p&gt;Choose from various sizes, finishes, and locking mechanisms with SX&#8217;s customisable Road Case Latches. Easy to install and operate, they offer both functionality and a professional look.<\/p><\/div>\n<\/div>\n<\/div>\n<\/div>\n<\/div>\n<\/div>\n","protected":false},"featured_media":3794,"comment_status":"open","ping_status":"closed","template":"","meta":[],"product_brand":[],"product_cat":[61],"product_tag":[],"class_list":{"0":"post-3959","1":"product","2":"type-product","3":"status-publish","4":"has-post-thumbnail","6":"product_cat-catchother-locks","8":"first","9":"instock","10":"shipping-taxable","11":"product-type-simple"},"yoast_head":"<!-- This site is optimized with the Yoast SEO Premium plugin v27.1 (Yoast SEO v27.2) - https:\/\/yoast.com\/product\/yoast-seo-premium-wordpress\/ -->\n<title>Road Case Latches LOB101 - https:\/\/sxflightcase.com \ud83d\udc97<\/title>\n<meta name=\"description\" content=\"Road case latches, factory direct! High-quality, durable latches for secure closure of road cases. Ideal for protecting equipment during transport, ensuring reliability and ease of use.\" \/>\n<meta name=\"robots\" content=\"index, follow, max-snippet:-1, max-image-preview:large, max-video-preview:-1\" \/>\n<link rel=\"canonical\" href=\"https:\/\/sxflightcase.com\/tr\/urun\/yol-kasasi-mandallari-lob101\/\" \/>\n<meta property=\"og:locale\" content=\"tr_TR\" \/>\n<meta property=\"og:type\" content=\"article\" \/>\n<meta property=\"og:title\" content=\"Road Case Latches LOB101\" \/>\n<meta property=\"og:description\" content=\"Road case latches, factory direct! High-quality, durable latches for secure closure of road cases. Ideal for protecting equipment during transport, ensuring reliability and ease of use.\" \/>\n<meta property=\"og:url\" content=\"https:\/\/sxflightcase.com\/tr\/urun\/yol-kasasi-mandallari-lob101\/\" \/>\n<meta property=\"og:site_name\" content=\"https:\/\/sxflightcase.com\" \/>\n<meta property=\"article:publisher\" content=\"https:\/\/www.facebook.com\/profile.php?id=61560407257971\" \/>\n<meta property=\"article:modified_time\" content=\"2024-08-06T01:58:56+00:00\" \/>\n<meta property=\"og:image\" content=\"https:\/\/sxflightcase.com\/wp-content\/uploads\/2024\/07\/LOB101-2.jpg\" \/>\n\t<meta property=\"og:image:width\" content=\"700\" \/>\n\t<meta property=\"og:image:height\" content=\"700\" \/>\n\t<meta property=\"og:image:type\" content=\"image\/jpeg\" \/>\n<meta name=\"twitter:card\" content=\"summary_large_image\" \/>\n<meta name=\"twitter:label1\" content=\"Tahmini okuma s\u00fcresi\" \/>\n\t<meta name=\"twitter:data1\" content=\"3 dakika\" \/>\n<script type=\"application\/ld+json\" class=\"yoast-schema-graph\">{\"@context\":\"https:\/\/schema.org\",\"@graph\":[{\"@type\":\"WebPage\",\"@id\":\"https:\/\/sxflightcase.com\/product\/road-case-latches-lob101\/\",\"url\":\"https:\/\/sxflightcase.com\/product\/road-case-latches-lob101\/\",\"name\":\"Road Case Latches LOB101 - https:\/\/sxflightcase.com \ud83d\udc97\",\"isPartOf\":{\"@id\":\"https:\/\/sxflightcase.com\/th\/#website\"},\"primaryImageOfPage\":{\"@id\":\"https:\/\/sxflightcase.com\/product\/road-case-latches-lob101\/#primaryimage\"},\"image\":{\"@id\":\"https:\/\/sxflightcase.com\/product\/road-case-latches-lob101\/#primaryimage\"},\"thumbnailUrl\":\"https:\/\/sxflightcase.com\/wp-content\/uploads\/2024\/07\/LOB101-2.jpg\",\"datePublished\":\"2024-08-06T01:58:55+00:00\",\"dateModified\":\"2024-08-06T01:58:56+00:00\",\"description\":\"Road case latches, factory direct! High-quality, durable latches for secure closure of road cases. Ideal for protecting equipment during transport, ensuring reliability and ease of use.\",\"breadcrumb\":{\"@id\":\"https:\/\/sxflightcase.com\/product\/road-case-latches-lob101\/#breadcrumb\"},\"inLanguage\":\"tr\",\"potentialAction\":[{\"@type\":\"ReadAction\",\"target\":[\"https:\/\/sxflightcase.com\/product\/road-case-latches-lob101\/\"]}]},{\"@type\":\"ImageObject\",\"inLanguage\":\"tr\",\"@id\":\"https:\/\/sxflightcase.com\/product\/road-case-latches-lob101\/#primaryimage\",\"url\":\"https:\/\/sxflightcase.com\/wp-content\/uploads\/2024\/07\/LOB101-2.jpg\",\"contentUrl\":\"https:\/\/sxflightcase.com\/wp-content\/uploads\/2024\/07\/LOB101-2.jpg\",\"width\":700,\"height\":700,\"caption\":\"road case latches\"},{\"@type\":\"BreadcrumbList\",\"@id\":\"https:\/\/sxflightcase.com\/product\/road-case-latches-lob101\/#breadcrumb\",\"itemListElement\":[{\"@type\":\"ListItem\",\"position\":1,\"name\":\"Home\",\"item\":\"https:\/\/sxflightcase.com\/\"},{\"@type\":\"ListItem\",\"position\":2,\"name\":\"\u0e2a\u0e34\u0e19\u0e04\u0e49\u0e32\",\"item\":\"https:\/\/sxflightcase.com\/th\/shop\/\"},{\"@type\":\"ListItem\",\"position\":3,\"name\":\"Road Case Latches LOB101\"}]},{\"@type\":\"WebSite\",\"@id\":\"https:\/\/sxflightcase.com\/th\/#website\",\"url\":\"https:\/\/sxflightcase.com\/th\/\",\"name\":\"sxpowercase.com\",\"description\":\"Flight Case Factory\",\"publisher\":{\"@id\":\"https:\/\/sxflightcase.com\/th\/#organization\"},\"potentialAction\":[{\"@type\":\"SearchAction\",\"target\":{\"@type\":\"EntryPoint\",\"urlTemplate\":\"https:\/\/sxflightcase.com\/th\/?s={search_term_string}\"},\"query-input\":{\"@type\":\"PropertyValueSpecification\",\"valueRequired\":true,\"valueName\":\"search_term_string\"}}],\"inLanguage\":\"tr\"},{\"@type\":\"Organization\",\"@id\":\"https:\/\/sxflightcase.com\/th\/#organization\",\"name\":\"sxpowercase.com\",\"url\":\"https:\/\/sxflightcase.com\/th\/\",\"logo\":{\"@type\":\"ImageObject\",\"inLanguage\":\"tr\",\"@id\":\"https:\/\/sxflightcase.com\/th\/#\/schema\/logo\/image\/\",\"url\":\"https:\/\/sxflightcase.com\/wp-content\/uploads\/2024\/04\/1713919036007.jpg\",\"contentUrl\":\"https:\/\/sxflightcase.com\/wp-content\/uploads\/2024\/04\/1713919036007.jpg\",\"width\":382,\"height\":388,\"caption\":\"sxpowercase.com\"},\"image\":{\"@id\":\"https:\/\/sxflightcase.com\/th\/#\/schema\/logo\/image\/\"},\"sameAs\":[\"https:\/\/www.facebook.com\/profile.php?id=61560407257971\"],\"numberOfEmployees\":{\"@type\":\"QuantitativeValue\",\"minValue\":\"11\",\"maxValue\":\"50\"}}]}<\/script>\n<!-- \/ Yoast SEO Premium plugin. -->","yoast_head_json":{"title":"Road Case Latches LOB101 - https:\/\/sxflightcase.com \ud83d\udc97","description":"Yol \u00e7antas\u0131 mandallar\u0131, do\u011frudan fabrika \u00e7\u0131k\u0131\u015f\u0131! Yol \u00e7antalar\u0131n\u0131n g\u00fcvenli bir \u015fekilde kapat\u0131lmas\u0131 i\u00e7in y\u00fcksek kaliteli, dayan\u0131kl\u0131 mandallar. Ta\u015f\u0131ma s\u0131ras\u0131nda ekipman\u0131 korumak, g\u00fcvenilirlik ve kullan\u0131m kolayl\u0131\u011f\u0131 sa\u011flamak i\u00e7in idealdir.","robots":{"index":"index","follow":"follow","max-snippet":"max-snippet:-1","max-image-preview":"max-image-preview:large","max-video-preview":"max-video-preview:-1"},"canonical":"https:\/\/sxflightcase.com\/tr\/urun\/yol-kasasi-mandallari-lob101\/","og_locale":"tr_TR","og_type":"article","og_title":"Road Case Latches LOB101","og_description":"Road case latches, factory direct! High-quality, durable latches for secure closure of road cases. Ideal for protecting equipment during transport, ensuring reliability and ease of use.","og_url":"https:\/\/sxflightcase.com\/tr\/urun\/yol-kasasi-mandallari-lob101\/","og_site_name":"https:\/\/sxflightcase.com","article_publisher":"https:\/\/www.facebook.com\/profile.php?id=61560407257971","article_modified_time":"2024-08-06T01:58:56+00:00","og_image":[{"width":700,"height":700,"url":"https:\/\/sxflightcase.com\/wp-content\/uploads\/2024\/07\/LOB101-2.jpg","type":"image\/jpeg"}],"twitter_card":"summary_large_image","twitter_misc":{"Tahmini okuma s\u00fcresi":"3 dakika"},"schema":{"@context":"https:\/\/schema.org","@graph":[{"@type":"WebPage","@id":"https:\/\/sxflightcase.com\/product\/road-case-latches-lob101\/","url":"https:\/\/sxflightcase.com\/product\/road-case-latches-lob101\/","name":"Road Case Latches LOB101 - https:\/\/sxflightcase.com \ud83d\udc97","isPartOf":{"@id":"https:\/\/sxflightcase.com\/th\/#website"},"primaryImageOfPage":{"@id":"https:\/\/sxflightcase.com\/product\/road-case-latches-lob101\/#primaryimage"},"image":{"@id":"https:\/\/sxflightcase.com\/product\/road-case-latches-lob101\/#primaryimage"},"thumbnailUrl":"https:\/\/sxflightcase.com\/wp-content\/uploads\/2024\/07\/LOB101-2.jpg","datePublished":"2024-08-06T01:58:55+00:00","dateModified":"2024-08-06T01:58:56+00:00","description":"Yol \u00e7antas\u0131 mandallar\u0131, do\u011frudan fabrika \u00e7\u0131k\u0131\u015f\u0131! Yol \u00e7antalar\u0131n\u0131n g\u00fcvenli bir \u015fekilde kapat\u0131lmas\u0131 i\u00e7in y\u00fcksek kaliteli, dayan\u0131kl\u0131 mandallar. Ta\u015f\u0131ma s\u0131ras\u0131nda ekipman\u0131 korumak, g\u00fcvenilirlik ve kullan\u0131m kolayl\u0131\u011f\u0131 sa\u011flamak i\u00e7in idealdir.","breadcrumb":{"@id":"https:\/\/sxflightcase.com\/product\/road-case-latches-lob101\/#breadcrumb"},"inLanguage":"tr","potentialAction":[{"@type":"ReadAction","target":["https:\/\/sxflightcase.com\/product\/road-case-latches-lob101\/"]}]},{"@type":"ImageObject","inLanguage":"tr","@id":"https:\/\/sxflightcase.com\/product\/road-case-latches-lob101\/#primaryimage","url":"https:\/\/sxflightcase.com\/wp-content\/uploads\/2024\/07\/LOB101-2.jpg","contentUrl":"https:\/\/sxflightcase.com\/wp-content\/uploads\/2024\/07\/LOB101-2.jpg","width":700,"height":700,"caption":"road case latches"},{"@type":"BreadcrumbList","@id":"https:\/\/sxflightcase.com\/product\/road-case-latches-lob101\/#breadcrumb","itemListElement":[{"@type":"ListItem","position":1,"name":"Home","item":"https:\/\/sxflightcase.com\/"},{"@type":"ListItem","position":2,"name":"\u0e2a\u0e34\u0e19\u0e04\u0e49\u0e32","item":"https:\/\/sxflightcase.com\/th\/shop\/"},{"@type":"ListItem","position":3,"name":"Road Case Latches LOB101"}]},{"@type":"WebSite","@id":"https:\/\/sxflightcase.com\/th\/#website","url":"https:\/\/sxflightcase.com\/th\/","name":"sxpowercase.com","description":"U\u00e7u\u015f \u00c7antas\u0131 Fabrikas\u0131","publisher":{"@id":"https:\/\/sxflightcase.com\/th\/#organization"},"potentialAction":[{"@type":"SearchAction","target":{"@type":"EntryPoint","urlTemplate":"https:\/\/sxflightcase.com\/th\/?s={search_term_string}"},"query-input":{"@type":"PropertyValueSpecification","valueRequired":true,"valueName":"search_term_string"}}],"inLanguage":"tr"},{"@type":"Organization","@id":"https:\/\/sxflightcase.com\/th\/#organization","name":"sxpowercase.com","url":"https:\/\/sxflightcase.com\/th\/","logo":{"@type":"ImageObject","inLanguage":"tr","@id":"https:\/\/sxflightcase.com\/th\/#\/schema\/logo\/image\/","url":"https:\/\/sxflightcase.com\/wp-content\/uploads\/2024\/04\/1713919036007.jpg","contentUrl":"https:\/\/sxflightcase.com\/wp-content\/uploads\/2024\/04\/1713919036007.jpg","width":382,"height":388,"caption":"sxpowercase.com"},"image":{"@id":"https:\/\/sxflightcase.com\/th\/#\/schema\/logo\/image\/"},"sameAs":["https:\/\/www.facebook.com\/profile.php?id=61560407257971"],"numberOfEmployees":{"@type":"QuantitativeValue","minValue":"11","maxValue":"50"}}]}},"_links":{"self":[{"href":"https:\/\/sxflightcase.com\/tr\/wp-json\/wp\/v2\/product\/3959","targetHints":{"allow":["GET"]}}],"collection":[{"href":"https:\/\/sxflightcase.com\/tr\/wp-json\/wp\/v2\/product"}],"about":[{"href":"https:\/\/sxflightcase.com\/tr\/wp-json\/wp\/v2\/types\/product"}],"replies":[{"embeddable":true,"href":"https:\/\/sxflightcase.com\/tr\/wp-json\/wp\/v2\/comments?post=3959"}],"version-history":[{"count":0,"href":"https:\/\/sxflightcase.com\/tr\/wp-json\/wp\/v2\/product\/3959\/revisions"}],"wp:featuredmedia":[{"embeddable":true,"href":"https:\/\/sxflightcase.com\/tr\/wp-json\/wp\/v2\/media\/3794"}],"wp:attachment":[{"href":"https:\/\/sxflightcase.com\/tr\/wp-json\/wp\/v2\/media?parent=3959"}],"wp:term":[{"taxonomy":"product_brand","embeddable":true,"href":"https:\/\/sxflightcase.com\/tr\/wp-json\/wp\/v2\/product_brand?post=3959"},{"taxonomy":"product_cat","embeddable":true,"href":"https:\/\/sxflightcase.com\/tr\/wp-json\/wp\/v2\/product_cat?post=3959"},{"taxonomy":"product_tag","embeddable":true,"href":"https:\/\/sxflightcase.com\/tr\/wp-json\/wp\/v2\/product_tag?post=3959"}],"curies":[{"name":"wp","href":"https:\/\/api.w.org\/{rel}","templated":true}]}}