{"id":3960,"date":"2024-08-06T03:03:46","date_gmt":"2024-08-06T02:03:46","guid":{"rendered":"https:\/\/sxpowercase.com\/?post_type=product&#038;p=3960"},"modified":"2024-08-06T03:03:47","modified_gmt":"2024-08-06T02:03:47","slug":"road-case-latch-lob102","status":"publish","type":"product","link":"https:\/\/sxflightcase.com\/tr\/urun\/yol-kasasi-mandali-lob102-2\/","title":{"rendered":"Yol Kasas\u0131 Mandal\u0131 LOB102"},"content":{"rendered":"<h2>SX'in Dayan\u0131kl\u0131 Yol \u00c7antas\u0131 Mandal\u0131n\u0131 Ke\u015ffedin<\/h2>\n<h3>Uygun Fiyatl\u0131 Do\u011frudan Fabrika \u00c7\u0131k\u0131\u015fl\u0131 Fiyatlar<\/h3>\n<p>SX&#039;te \u015funlar\u0131 sunuyoruz: <strong>Yol \u00c7antas\u0131 Mandal\u0131<\/strong>\u00a0do\u011frudan fabrikam\u0131zdan temin ederek m\u00fcmk\u00fcn olan en iyi fiyatlar\u0131 alman\u0131z\u0131 sa\u011fl\u0131yoruz. Arac\u0131lar\u0131 ortadan kald\u0131rarak maliyetleri d\u00fc\u015f\u00fck tutuyor, rekabet\u00e7i fiyatlarla y\u00fcksek kaliteli mandallar sunuyoruz. Bu yakla\u015f\u0131m, kaliteden \u00f6d\u00fcn vermeden paran\u0131z\u0131n kar\u015f\u0131l\u0131\u011f\u0131n\u0131 m\u00fckemmel bir \u015fekilde alman\u0131z\u0131 garanti eder.<\/p>\n<h3>E\u015fsiz Kalite ve G\u00fcvenilirlik<\/h3>\n<p>Ekipman\u0131n\u0131z\u0131n g\u00fcvenli\u011fi, kullan\u0131lan donan\u0131m\u0131n g\u00fcvenilirli\u011fine ba\u011fl\u0131d\u0131r. <a href=\"https:\/\/sxpowercase.com\/\" target=\"_blank\" rel=\"noopener\" title=\"SX\" data-wpil-monitor-id=\"628\">SX<\/a> <strong>Yol \u00c7antas\u0131 Mandallar\u0131<\/strong> hassas bir \u015fekilde \u00fcretilmi\u015ftir ve s\u0131k\u0131 kalite kontrol standartlar\u0131na uygundur. Her bir mandal, seyahat ve s\u0131k kullan\u0131m\u0131n zorluklar\u0131na dayanacak \u015fekilde tasarlanm\u0131\u015ft\u0131r ve de\u011ferli ekipman\u0131n\u0131z i\u00e7in g\u00fcvenilir koruma sa\u011flar. Uzun \u00f6m\u00fcr ve dayan\u0131kl\u0131l\u0131k sunan mandallar i\u00e7in SX'e g\u00fcvenin.<\/p>\n<h3>Spesifikasyonlar\u0131n\u0131z\u0131 Kar\u015f\u0131lamak i\u00e7in \u00d6zel \u00c7\u00f6z\u00fcmler<\/h3>\n<p>Farkl\u0131 kasalar\u0131n benzersiz \u00f6zelliklere sahip oldu\u011funun fark\u0131nday\u0131z ve bu nedenle kasalar\u0131m\u0131z i\u00e7in \u00e7e\u015fitli \u00f6zelle\u015ftirme se\u00e7enekleri sunuyoruz. <strong>Yol \u00c7antas\u0131 Mandallar\u0131<\/strong>. SX, farkl\u0131 boyut ve y\u00fczeylerden \u00e7e\u015fitli kilitleme mekanizmalar\u0131na kadar \u00f6zel ihtiya\u00e7lar\u0131n\u0131za g\u00f6re uyarlanm\u0131\u015f \u00e7\u00f6z\u00fcmler sunar. \u00d6zelle\u015ftirilebilir se\u00e7eneklerimiz m\u00fckemmel bir uyum sa\u011flar ve kasalar\u0131n\u0131z\u0131n genel g\u00f6r\u00fcn\u00fcm\u00fcn\u00fc iyile\u015ftirir.<\/p>\n<h3>Kullan\u0131m Kolayl\u0131\u011f\u0131 i\u00e7in Kullan\u0131c\u0131 Dostu Tasar\u0131m<\/h3>\n<p>SX <strong>Yol \u00c7antas\u0131 Mandallar\u0131<\/strong> kolay kurulum ve kullan\u0131m i\u00e7in tasarlanm\u0131\u015ft\u0131r. Kullan\u0131c\u0131 dostu tasar\u0131mlar\u0131 h\u0131zl\u0131 takma ve g\u00fcvenli kapatma olana\u011f\u0131 sunarak hem profesyoneller hem de DIY merakl\u0131lar\u0131 i\u00e7in idealdir. Basit i\u015flevsellik, yol \u00e7antalar\u0131n\u0131z\u0131n her zaman g\u00fcvende olmas\u0131n\u0131 sa\u011flayarak ta\u015f\u0131ma ve depolama s\u0131ras\u0131nda i\u00e7inizin rahat olmas\u0131n\u0131 sa\u011flar.<\/p>\n<h3>SX Garantisi<\/h3>\n<p>SX olarak kendimizi kalite ve uygun fiyat\u0131 bir araya getiren \u00fcr\u00fcnler sunmaya adad\u0131k. Bizim <strong>Yol \u00c7antas\u0131 Mandallar\u0131<\/strong> bir istisna de\u011fildir ve b\u00fct\u00e7e ihtiya\u00e7lar\u0131n\u0131z\u0131 kar\u015f\u0131layan dayan\u0131kl\u0131 \u00e7\u00f6z\u00fcmler sunar. M\u00fc\u015fteri memnuniyeti taahh\u00fcd\u00fcyle \u00fcr\u00fcnlerimizin arkas\u0131nda duruyor, hem \u00fcr\u00fcn hem de hizmet a\u00e7\u0131s\u0131ndan en iyisini alman\u0131z\u0131 sa\u011fl\u0131yoruz.<\/p>\n<h3>SX Yol \u00c7antas\u0131 Mandallar\u0131 ile Ekipmanlar\u0131n\u0131z\u0131 G\u00fcvence Alt\u0131na Al\u0131n<\/h3>\n<p>SX'i se\u00e7in <strong>Yol \u00c7antas\u0131 Mandallar\u0131<\/strong> ekipman\u0131n\u0131z\u0131 g\u00fcvenilir g\u00fcvenlikle korumak i\u00e7in. Fabrikadan do\u011frudan fiyatland\u0131rmam\u0131z ve kalite garantimizle, ekipman\u0131n\u0131z\u0131 b\u00fct\u00e7enizi sarsmadan koruyabilirsiniz. Mandal \u00e7e\u015fitlerimiz hakk\u0131nda daha fazla bilgi edinmek ve SX'in yol \u00e7antas\u0131 donan\u0131m ihtiya\u00e7lar\u0131n\u0131z\u0131 nas\u0131l kar\u015f\u0131layabilece\u011fini ke\u015ffetmek i\u00e7in bug\u00fcn bize ula\u015f\u0131n.<\/p>\n<p>Hemen \u0130leti\u015fime Ge\u00e7in:<span style=\"color: #0000ff;\"><a style=\"color: #0000ff;\" href=\"https:\/\/sxpowercase.com\/contact-us\/\">https:\/\/sxpowercase.com\/<\/a><\/span><\/p>\n<p>Donan\u0131m \u00dcr\u00fcn Katalo\u011fu\uff1a<span style=\"color: #3366ff;\"><a style=\"color: #3366ff;\" href=\"https:\/\/sxpowercase.com\/wp-content\/uploads\/2024\/07\/\u4e94\u91d1.pdf\">Donan\u0131m aksesuarlar\u0131 katalo\u011fu<\/a><\/span><\/p>","protected":false},"excerpt":{"rendered":"<div class=\"flex-shrink-0 flex flex-col relative items-end\">\n<div>\n<div class=\"pt-0\">\n<div class=\"gizmo-bot-avatar flex h-8 w-8 items-center justify-center overflow-hidden rounded-full\">\n<div class=\"relative p-1 rounded-sm flex items-center justify-center bg-token-main-surface-primary text-token-text-primary h-8 w-8\"><\/div>\n<\/div>\n<\/div>\n<\/div>\n<\/div>\n<div class=\"group\/conversation-turn relative flex w-full min-w-0 flex-col agent-turn\">\n<div class=\"flex-col gap-1 md:gap-3\">\n<div class=\"flex flex-grow flex-col max-w-full\">\n<div class=\"min-h-[20px] text-message flex w-full flex-col items-end gap-2 whitespace-pre-wrap break-words [.text-message+&amp;]:mt-5 overflow-x-auto\" dir=\"auto\" data-message-author-role=\"assistant\" data-message-id=\"bb8e4fd2-91c9-4cb1-b993-7fe4fdb55f22\">\n<div class=\"flex w-full flex-col gap-1 empty:hidden first:pt-[3px]\">\n<div class=\"markdown prose w-full break-words dark:prose-invert light\">\n<h3>Affordable SX Road Case Latches<\/h3>\n<p>Get top-quality Road Case Latches at factory-direct prices from SX. We eliminate middleman costs, providing economical solutions for securing your equipment cases.<\/p>\n<h3>Reliable and Durable<\/h3>\n<p>SX Road Case Latches are rigorously tested for durability and quality. Trust our latches to keep your gear safe during tours, transport, or storage.<\/p>\n<h3>Customisable and Easy to Use<\/h3>\n<p>&amp;lt;p&gt;Choose from various sizes, finishes, and locking mechanisms with SX&#8217;s customisable Road Case Latches. Easy to install and operate, they offer both functionality and a professional look.<\/p>\n<\/div>\n<\/div>\n<\/div>\n<\/div>\n<\/div>\n<\/div>\n","protected":false},"featured_media":3795,"comment_status":"open","ping_status":"closed","template":"","meta":[],"product_brand":[],"product_cat":[61],"product_tag":[],"class_list":{"0":"post-3960","1":"product","2":"type-product","3":"status-publish","4":"has-post-thumbnail","6":"product_cat-catchother-locks","8":"first","9":"instock","10":"shipping-taxable","11":"product-type-simple"},"yoast_head":"<!-- This site is optimized with the Yoast SEO Premium plugin v27.1 (Yoast SEO v27.2) - https:\/\/yoast.com\/product\/yoast-seo-premium-wordpress\/ -->\n<title>Road Case Latch LOB102 - https:\/\/sxflightcase.com \ud83d\udc97<\/title>\n<meta name=\"description\" content=\"Road case latch, factory direct! High-quality, durable latches for secure closure of road cases. Ideal for protecting equipment during transport, ensuring reliability and ease of use.\" \/>\n<meta name=\"robots\" content=\"index, follow, max-snippet:-1, max-image-preview:large, max-video-preview:-1\" \/>\n<link rel=\"canonical\" href=\"https:\/\/sxflightcase.com\/tr\/\uc81c\ud488\/\ub85c\ub4dc-\ucf00\uc774\uc2a4-\ub798\uce58-lob102-2\/\" \/>\n<meta property=\"og:locale\" content=\"tr_TR\" \/>\n<meta property=\"og:type\" content=\"article\" \/>\n<meta property=\"og:title\" content=\"Road Case Latch LOB102\" \/>\n<meta property=\"og:description\" content=\"Road case latch, factory direct! High-quality, durable latches for secure closure of road cases. Ideal for protecting equipment during transport, ensuring reliability and ease of use.\" \/>\n<meta property=\"og:url\" content=\"https:\/\/sxflightcase.com\/tr\/\uc81c\ud488\/\ub85c\ub4dc-\ucf00\uc774\uc2a4-\ub798\uce58-lob102-2\/\" \/>\n<meta property=\"og:site_name\" content=\"https:\/\/sxflightcase.com\" \/>\n<meta property=\"article:publisher\" content=\"https:\/\/www.facebook.com\/profile.php?id=61560407257971\" \/>\n<meta property=\"article:modified_time\" content=\"2024-08-06T02:03:47+00:00\" \/>\n<meta property=\"og:image\" content=\"https:\/\/sxflightcase.com\/wp-content\/uploads\/2024\/07\/LOB102.jpg\" \/>\n\t<meta property=\"og:image:width\" content=\"520\" \/>\n\t<meta property=\"og:image:height\" content=\"496\" \/>\n\t<meta property=\"og:image:type\" content=\"image\/jpeg\" \/>\n<meta name=\"twitter:card\" content=\"summary_large_image\" \/>\n<meta name=\"twitter:label1\" content=\"Tahmini okuma s\u00fcresi\" \/>\n\t<meta name=\"twitter:data1\" content=\"3 dakika\" \/>\n<script type=\"application\/ld+json\" class=\"yoast-schema-graph\">{\"@context\":\"https:\/\/schema.org\",\"@graph\":[{\"@type\":\"WebPage\",\"@id\":\"https:\/\/sxflightcase.com\/ko\/\uc81c\ud488\/\ub85c\ub4dc-\ucf00\uc774\uc2a4-\ub798\uce58-lob102-2\/\",\"url\":\"https:\/\/sxflightcase.com\/ko\/\uc81c\ud488\/\ub85c\ub4dc-\ucf00\uc774\uc2a4-\ub798\uce58-lob102-2\/\",\"name\":\"Road Case Latch LOB102 - https:\/\/sxflightcase.com \ud83d\udc97\",\"isPartOf\":{\"@id\":\"https:\/\/sxflightcase.com\/th\/#website\"},\"primaryImageOfPage\":{\"@id\":\"https:\/\/sxflightcase.com\/ko\/\uc81c\ud488\/\ub85c\ub4dc-\ucf00\uc774\uc2a4-\ub798\uce58-lob102-2\/#primaryimage\"},\"image\":{\"@id\":\"https:\/\/sxflightcase.com\/ko\/\uc81c\ud488\/\ub85c\ub4dc-\ucf00\uc774\uc2a4-\ub798\uce58-lob102-2\/#primaryimage\"},\"thumbnailUrl\":\"https:\/\/sxflightcase.com\/wp-content\/uploads\/2024\/07\/LOB102.jpg\",\"datePublished\":\"2024-08-06T02:03:46+00:00\",\"dateModified\":\"2024-08-06T02:03:47+00:00\",\"description\":\"Road case latch, factory direct! High-quality, durable latches for secure closure of road cases. Ideal for protecting equipment during transport, ensuring reliability and ease of use.\",\"breadcrumb\":{\"@id\":\"https:\/\/sxflightcase.com\/ko\/\uc81c\ud488\/\ub85c\ub4dc-\ucf00\uc774\uc2a4-\ub798\uce58-lob102-2\/#breadcrumb\"},\"inLanguage\":\"tr\",\"potentialAction\":[{\"@type\":\"ReadAction\",\"target\":[\"https:\/\/sxflightcase.com\/ko\/\uc81c\ud488\/\ub85c\ub4dc-\ucf00\uc774\uc2a4-\ub798\uce58-lob102-2\/\"]}]},{\"@type\":\"ImageObject\",\"inLanguage\":\"tr\",\"@id\":\"https:\/\/sxflightcase.com\/ko\/\uc81c\ud488\/\ub85c\ub4dc-\ucf00\uc774\uc2a4-\ub798\uce58-lob102-2\/#primaryimage\",\"url\":\"https:\/\/sxflightcase.com\/wp-content\/uploads\/2024\/07\/LOB102.jpg\",\"contentUrl\":\"https:\/\/sxflightcase.com\/wp-content\/uploads\/2024\/07\/LOB102.jpg\",\"width\":520,\"height\":496,\"caption\":\"road case latch\"},{\"@type\":\"BreadcrumbList\",\"@id\":\"https:\/\/sxflightcase.com\/ko\/\uc81c\ud488\/\ub85c\ub4dc-\ucf00\uc774\uc2a4-\ub798\uce58-lob102-2\/#breadcrumb\",\"itemListElement\":[{\"@type\":\"ListItem\",\"position\":1,\"name\":\"Home\",\"item\":\"https:\/\/sxflightcase.com\/\"},{\"@type\":\"ListItem\",\"position\":2,\"name\":\"\u0e2a\u0e34\u0e19\u0e04\u0e49\u0e32\",\"item\":\"https:\/\/sxflightcase.com\/th\/shop\/\"},{\"@type\":\"ListItem\",\"position\":3,\"name\":\"Road Case Latch LOB102\"}]},{\"@type\":\"WebSite\",\"@id\":\"https:\/\/sxflightcase.com\/th\/#website\",\"url\":\"https:\/\/sxflightcase.com\/th\/\",\"name\":\"sxpowercase.com\",\"description\":\"Flight Case Factory\",\"publisher\":{\"@id\":\"https:\/\/sxflightcase.com\/th\/#organization\"},\"potentialAction\":[{\"@type\":\"SearchAction\",\"target\":{\"@type\":\"EntryPoint\",\"urlTemplate\":\"https:\/\/sxflightcase.com\/th\/?s={search_term_string}\"},\"query-input\":{\"@type\":\"PropertyValueSpecification\",\"valueRequired\":true,\"valueName\":\"search_term_string\"}}],\"inLanguage\":\"tr\"},{\"@type\":\"Organization\",\"@id\":\"https:\/\/sxflightcase.com\/th\/#organization\",\"name\":\"sxpowercase.com\",\"url\":\"https:\/\/sxflightcase.com\/th\/\",\"logo\":{\"@type\":\"ImageObject\",\"inLanguage\":\"tr\",\"@id\":\"https:\/\/sxflightcase.com\/th\/#\/schema\/logo\/image\/\",\"url\":\"https:\/\/sxflightcase.com\/wp-content\/uploads\/2024\/04\/1713919036007.jpg\",\"contentUrl\":\"https:\/\/sxflightcase.com\/wp-content\/uploads\/2024\/04\/1713919036007.jpg\",\"width\":382,\"height\":388,\"caption\":\"sxpowercase.com\"},\"image\":{\"@id\":\"https:\/\/sxflightcase.com\/th\/#\/schema\/logo\/image\/\"},\"sameAs\":[\"https:\/\/www.facebook.com\/profile.php?id=61560407257971\"],\"numberOfEmployees\":{\"@type\":\"QuantitativeValue\",\"minValue\":\"11\",\"maxValue\":\"50\"}}]}<\/script>\n<!-- \/ Yoast SEO Premium plugin. -->","yoast_head_json":{"title":"Road Case Latch LOB102 - https:\/\/sxflightcase.com \ud83d\udc97","description":"Yol \u00e7antas\u0131 mandal\u0131, do\u011frudan fabrika \u00e7\u0131k\u0131\u015f\u0131! Yol \u00e7antalar\u0131n\u0131n g\u00fcvenli bir \u015fekilde kapat\u0131lmas\u0131 i\u00e7in y\u00fcksek kaliteli, dayan\u0131kl\u0131 mandallar. Ta\u015f\u0131ma s\u0131ras\u0131nda ekipman\u0131 korumak, g\u00fcvenilirlik ve kullan\u0131m kolayl\u0131\u011f\u0131 sa\u011flamak i\u00e7in idealdir.","robots":{"index":"index","follow":"follow","max-snippet":"max-snippet:-1","max-image-preview":"max-image-preview:large","max-video-preview":"max-video-preview:-1"},"canonical":"https:\/\/sxflightcase.com\/tr\/\uc81c\ud488\/\ub85c\ub4dc-\ucf00\uc774\uc2a4-\ub798\uce58-lob102-2\/","og_locale":"tr_TR","og_type":"article","og_title":"Road Case Latch LOB102","og_description":"Road case latch, factory direct! High-quality, durable latches for secure closure of road cases. Ideal for protecting equipment during transport, ensuring reliability and ease of use.","og_url":"https:\/\/sxflightcase.com\/tr\/\uc81c\ud488\/\ub85c\ub4dc-\ucf00\uc774\uc2a4-\ub798\uce58-lob102-2\/","og_site_name":"https:\/\/sxflightcase.com","article_publisher":"https:\/\/www.facebook.com\/profile.php?id=61560407257971","article_modified_time":"2024-08-06T02:03:47+00:00","og_image":[{"width":520,"height":496,"url":"https:\/\/sxflightcase.com\/wp-content\/uploads\/2024\/07\/LOB102.jpg","type":"image\/jpeg"}],"twitter_card":"summary_large_image","twitter_misc":{"Tahmini okuma s\u00fcresi":"3 dakika"},"schema":{"@context":"https:\/\/schema.org","@graph":[{"@type":"WebPage","@id":"https:\/\/sxflightcase.com\/ko\/\uc81c\ud488\/\ub85c\ub4dc-\ucf00\uc774\uc2a4-\ub798\uce58-lob102-2\/","url":"https:\/\/sxflightcase.com\/ko\/\uc81c\ud488\/\ub85c\ub4dc-\ucf00\uc774\uc2a4-\ub798\uce58-lob102-2\/","name":"Road Case Latch LOB102 - https:\/\/sxflightcase.com \ud83d\udc97","isPartOf":{"@id":"https:\/\/sxflightcase.com\/th\/#website"},"primaryImageOfPage":{"@id":"https:\/\/sxflightcase.com\/ko\/\uc81c\ud488\/\ub85c\ub4dc-\ucf00\uc774\uc2a4-\ub798\uce58-lob102-2\/#primaryimage"},"image":{"@id":"https:\/\/sxflightcase.com\/ko\/\uc81c\ud488\/\ub85c\ub4dc-\ucf00\uc774\uc2a4-\ub798\uce58-lob102-2\/#primaryimage"},"thumbnailUrl":"https:\/\/sxflightcase.com\/wp-content\/uploads\/2024\/07\/LOB102.jpg","datePublished":"2024-08-06T02:03:46+00:00","dateModified":"2024-08-06T02:03:47+00:00","description":"Yol \u00e7antas\u0131 mandal\u0131, do\u011frudan fabrika \u00e7\u0131k\u0131\u015f\u0131! Yol \u00e7antalar\u0131n\u0131n g\u00fcvenli bir \u015fekilde kapat\u0131lmas\u0131 i\u00e7in y\u00fcksek kaliteli, dayan\u0131kl\u0131 mandallar. Ta\u015f\u0131ma s\u0131ras\u0131nda ekipman\u0131 korumak, g\u00fcvenilirlik ve kullan\u0131m kolayl\u0131\u011f\u0131 sa\u011flamak i\u00e7in idealdir.","breadcrumb":{"@id":"https:\/\/sxflightcase.com\/ko\/\uc81c\ud488\/\ub85c\ub4dc-\ucf00\uc774\uc2a4-\ub798\uce58-lob102-2\/#breadcrumb"},"inLanguage":"tr","potentialAction":[{"@type":"ReadAction","target":["https:\/\/sxflightcase.com\/ko\/\uc81c\ud488\/\ub85c\ub4dc-\ucf00\uc774\uc2a4-\ub798\uce58-lob102-2\/"]}]},{"@type":"ImageObject","inLanguage":"tr","@id":"https:\/\/sxflightcase.com\/ko\/\uc81c\ud488\/\ub85c\ub4dc-\ucf00\uc774\uc2a4-\ub798\uce58-lob102-2\/#primaryimage","url":"https:\/\/sxflightcase.com\/wp-content\/uploads\/2024\/07\/LOB102.jpg","contentUrl":"https:\/\/sxflightcase.com\/wp-content\/uploads\/2024\/07\/LOB102.jpg","width":520,"height":496,"caption":"road case latch"},{"@type":"BreadcrumbList","@id":"https:\/\/sxflightcase.com\/ko\/\uc81c\ud488\/\ub85c\ub4dc-\ucf00\uc774\uc2a4-\ub798\uce58-lob102-2\/#breadcrumb","itemListElement":[{"@type":"ListItem","position":1,"name":"Home","item":"https:\/\/sxflightcase.com\/"},{"@type":"ListItem","position":2,"name":"\u0e2a\u0e34\u0e19\u0e04\u0e49\u0e32","item":"https:\/\/sxflightcase.com\/th\/shop\/"},{"@type":"ListItem","position":3,"name":"Road Case Latch LOB102"}]},{"@type":"WebSite","@id":"https:\/\/sxflightcase.com\/th\/#website","url":"https:\/\/sxflightcase.com\/th\/","name":"sxpowercase.com","description":"U\u00e7u\u015f \u00c7antas\u0131 Fabrikas\u0131","publisher":{"@id":"https:\/\/sxflightcase.com\/th\/#organization"},"potentialAction":[{"@type":"SearchAction","target":{"@type":"EntryPoint","urlTemplate":"https:\/\/sxflightcase.com\/th\/?s={search_term_string}"},"query-input":{"@type":"PropertyValueSpecification","valueRequired":true,"valueName":"search_term_string"}}],"inLanguage":"tr"},{"@type":"Organization","@id":"https:\/\/sxflightcase.com\/th\/#organization","name":"sxpowercase.com","url":"https:\/\/sxflightcase.com\/th\/","logo":{"@type":"ImageObject","inLanguage":"tr","@id":"https:\/\/sxflightcase.com\/th\/#\/schema\/logo\/image\/","url":"https:\/\/sxflightcase.com\/wp-content\/uploads\/2024\/04\/1713919036007.jpg","contentUrl":"https:\/\/sxflightcase.com\/wp-content\/uploads\/2024\/04\/1713919036007.jpg","width":382,"height":388,"caption":"sxpowercase.com"},"image":{"@id":"https:\/\/sxflightcase.com\/th\/#\/schema\/logo\/image\/"},"sameAs":["https:\/\/www.facebook.com\/profile.php?id=61560407257971"],"numberOfEmployees":{"@type":"QuantitativeValue","minValue":"11","maxValue":"50"}}]}},"_links":{"self":[{"href":"https:\/\/sxflightcase.com\/tr\/wp-json\/wp\/v2\/product\/3960","targetHints":{"allow":["GET"]}}],"collection":[{"href":"https:\/\/sxflightcase.com\/tr\/wp-json\/wp\/v2\/product"}],"about":[{"href":"https:\/\/sxflightcase.com\/tr\/wp-json\/wp\/v2\/types\/product"}],"replies":[{"embeddable":true,"href":"https:\/\/sxflightcase.com\/tr\/wp-json\/wp\/v2\/comments?post=3960"}],"version-history":[{"count":0,"href":"https:\/\/sxflightcase.com\/tr\/wp-json\/wp\/v2\/product\/3960\/revisions"}],"wp:featuredmedia":[{"embeddable":true,"href":"https:\/\/sxflightcase.com\/tr\/wp-json\/wp\/v2\/media\/3795"}],"wp:attachment":[{"href":"https:\/\/sxflightcase.com\/tr\/wp-json\/wp\/v2\/media?parent=3960"}],"wp:term":[{"taxonomy":"product_brand","embeddable":true,"href":"https:\/\/sxflightcase.com\/tr\/wp-json\/wp\/v2\/product_brand?post=3960"},{"taxonomy":"product_cat","embeddable":true,"href":"https:\/\/sxflightcase.com\/tr\/wp-json\/wp\/v2\/product_cat?post=3960"},{"taxonomy":"product_tag","embeddable":true,"href":"https:\/\/sxflightcase.com\/tr\/wp-json\/wp\/v2\/product_tag?post=3960"}],"curies":[{"name":"wp","href":"https:\/\/api.w.org\/{rel}","templated":true}]}}