{"id":3961,"date":"2024-08-06T03:13:05","date_gmt":"2024-08-06T02:13:05","guid":{"rendered":"https:\/\/sxpowercase.com\/?post_type=product&#038;p=3961"},"modified":"2024-08-06T03:13:06","modified_gmt":"2024-08-06T02:13:06","slug":"flight-case-butterfly-lock-lob201","status":"publish","type":"product","link":"https:\/\/sxflightcase.com\/tr\/urun\/ucus-kutusu-kelebek-kilidi-lob201\/","title":{"rendered":"U\u00e7u\u015f Kasas\u0131 Kelebek Kilidi LOB201"},"content":{"rendered":"<h3>Ekipman\u0131n\u0131z\u0131 SX Flight Case Kelebek Kilitleriyle G\u00fcvende Tutun<\/h3>\n<h4>Kalite ve Uygun Fiyat Bir Arada<\/h4>\n<p>De\u011ferli ekipman\u0131n\u0131z\u0131 korumaya gelince, <strong>U\u00e7u\u015f Kasas\u0131 Kelebek Kilidi<\/strong> SX&#039;ten rakipsiz bir kalite ve uygun fiyat kombinasyonu sunar. Do\u011frudan fabrikam\u0131zdan temin edilen bu kilitler, kaliteden \u00f6d\u00fcn vermeden d\u00fc\u015f\u00fck fiyatlarla mevcuttur. Maliyet etkin \u00e7\u00f6z\u00fcmler sunmaya inan\u0131yoruz ve bu sayede a\u015f\u0131r\u0131 harcama yapmadan ekipman\u0131n\u0131z\u0131 g\u00fcvence alt\u0131na alabilirsiniz.<\/p>\n<h4>G\u00fcvenilir G\u00fcvenlik i\u00e7in Hassas M\u00fchendislik<\/h4>\n<p>The <a href=\"https:\/\/sxpowercase.com\/\" target=\"_blank\" rel=\"noopener\" title=\"SX\" data-wpil-monitor-id=\"629\">SX<\/a> <strong>U\u00e7u\u015f Kasas\u0131 Kelebek Kilidi<\/strong> Kasalar\u0131n\u0131z i\u00e7in g\u00fcvenilir g\u00fcvenlik sa\u011flamak \u00fczere titizlikle \u00fcretilmi\u015ftir. En zorlu ko\u015fullara dayanacak \u015fekilde \u00fcretilen bu kilitler, kazara a\u00e7\u0131lmalara ve kurcalamaya kar\u015f\u0131 sa\u011flam koruma sa\u011flar. S\u0131k\u0131 kalite g\u00fcvence s\u00fcre\u00e7lerimizle, her bir kilitin y\u00fcksek dayan\u0131kl\u0131l\u0131k ve performans standartlar\u0131n\u0131 kar\u015f\u0131lad\u0131\u011f\u0131ndan emin olabilirsiniz.<\/p>\n<h4>Benzersiz \u0130htiya\u00e7lar\u0131n\u0131za G\u00f6re \u00d6zelle\u015ftirme<\/h4>\n<p>SX&#039;te, farkl\u0131 durumlar\u0131n farkl\u0131 kilitleme \u00e7\u00f6z\u00fcmleri gerektirdi\u011fini anl\u0131yoruz. Bu nedenle <strong>U\u00e7u\u015f Kasas\u0131 Kelebek Kilidi<\/strong> \u00f6zel gereksinimlerinize uyacak \u015fekilde \u00f6zelle\u015ftirme se\u00e7enekleriyle birlikte gelir. Belirli bir boyuta, biti\u015fe veya ek \u00f6zelliklere ihtiyac\u0131n\u0131z olsun, kasalar\u0131n\u0131z i\u00e7in m\u00fckemmel uyumu sa\u011flamak \u00fczere bir dizi se\u00e7enek sunuyoruz. \u00d6zelle\u015ftirme yaln\u0131zca i\u015flevselli\u011fi de\u011fil, ayn\u0131 zamanda ekipman\u0131n\u0131z\u0131n estetik \u00e7ekicili\u011fini de art\u0131r\u0131r.<\/p>\n<h4>Kolay Kurulum ve Kullan\u0131m<\/h4>\n<p>SX&#039;ler <strong>U\u00e7u\u015f Kasas\u0131 Kelebek Kilidi<\/strong> Kullan\u0131c\u0131 rahatl\u0131\u011f\u0131 d\u00fc\u015f\u00fcn\u00fclerek tasarlanm\u0131\u015ft\u0131r. Basit kurulum s\u00fcreci, kasalar\u0131n\u0131z\u0131 h\u0131zl\u0131 ve etkili bir \u015fekilde g\u00fcvence alt\u0131na alabilece\u011finiz anlam\u0131na gelir. Kurulduktan sonra, kilitler kullan\u0131m\u0131 kolayd\u0131r ve i\u00e7eriklerinizi g\u00fcvende tutarken sorunsuz ve g\u00fcvenilir eri\u015fim sunar. Bu kullan\u0131m kolayl\u0131\u011f\u0131, onlar\u0131 hem profesyoneller hem de u\u00e7u\u015f kasas\u0131 y\u00f6netimine yeni ba\u015flayanlar i\u00e7in ideal hale getirir.<\/p>\n<h4>SX&#039;in M\u00fckemmelli\u011fe Ba\u011fl\u0131l\u0131\u011f\u0131<\/h4>\n<p>SX, d\u00fc\u015f\u00fck fiyatlarla y\u00fcksek kaliteli \u00fcr\u00fcnler sunmaya kendini adam\u0131\u015ft\u0131r. <strong>U\u00e7u\u015f Kasas\u0131 Kelebek Kilidi<\/strong> Bu ba\u011fl\u0131l\u0131\u011f\u0131 \u00f6rneklendirerek, bankay\u0131 k\u0131rmayacak dayan\u0131kl\u0131 ve g\u00fcvenli bir kilitleme \u00e7\u00f6z\u00fcm\u00fc sunar. S\u0131k\u0131 kalite kontrol\u00fc sa\u011flamam\u0131z\u0131 ve tasarruflar\u0131 m\u00fc\u015fterilerimize aktarmam\u0131z\u0131 sa\u011flayan fabrikadan do\u011frudan yakla\u015f\u0131m\u0131m\u0131zla gurur duyuyoruz.<\/p>\n<h4>E\u015fsiz De\u011fer i\u00e7in SX&#039;i Se\u00e7in<\/h4>\n<p>G\u00fcvenilir ve uygun fiyatl\u0131 bir kilitleme \u00e7\u00f6z\u00fcm\u00fc i\u00e7in \u015funu se\u00e7in: <strong>U\u00e7u\u015f Kasas\u0131 Kilidi<\/strong> SX&#039;ten. Kilitlerimiz, ekipman\u0131n\u0131z\u0131n nakliye ve depolama s\u0131ras\u0131nda korunmas\u0131n\u0131 sa\u011flayarak size g\u00f6n\u00fcl rahatl\u0131\u011f\u0131 sa\u011flar. \u00dcr\u00fcnlerimiz hakk\u0131nda daha fazla bilgi edinmek ve kaliteli kilitlerimiz ve \u00f6zel se\u00e7eneklerimizle \u00f6zel ihtiya\u00e7lar\u0131n\u0131z\u0131 nas\u0131l kar\u015f\u0131layabilece\u011fimizi \u00f6\u011frenmek i\u00e7in bug\u00fcn bizimle ileti\u015fime ge\u00e7in.<\/p>\n<p>Hemen \u0130leti\u015fime Ge\u00e7in:<span style=\"color: #0000ff;\"><a style=\"color: #0000ff;\" href=\"https:\/\/sxpowercase.com\/contact-us\/\">https:\/\/sxpowercase.com\/<\/a><\/span><\/p>\n<p>Donan\u0131m \u00dcr\u00fcn Katalo\u011fu\uff1a<span style=\"color: #3366ff;\"><a style=\"color: #3366ff;\" href=\"https:\/\/sxpowercase.com\/wp-content\/uploads\/2024\/07\/\u4e94\u91d1.pdf\">Donan\u0131m aksesuarlar\u0131 katalo\u011fu<\/a><\/span><\/p>","protected":false},"excerpt":{"rendered":"<h3>Fabrika Fiyatlar\u0131nda Kaliteli Kelebek Kilitler<\/h3>\n<p>Ekipman\u0131n\u0131z\u0131, en \u00fcst d\u00fczey kalite ve uygun fiyat sunan SX Flight Case Butterfly Locks ile g\u00fcvenceye al\u0131n. Do\u011frudan fabrikaya y\u00f6nelik yakla\u015f\u0131m\u0131m\u0131z, dayan\u0131kl\u0131l\u0131ktan \u00f6d\u00fcn vermeden d\u00fc\u015f\u00fck fiyatlar sa\u011flar.<\/p>\n<h3>G\u00fc\u00e7l\u00fc G\u00fcvenlik ve \u00d6zelle\u015ftirme<\/h3>\n<p>SX Kelebek Kilitleri, kurcalamaya ve kazara a\u00e7\u0131lmalara kar\u015f\u0131 g\u00fcvenilir g\u00fcvenlik sa\u011flar. Kilitlerinizi \u00f6zel ihtiya\u00e7lar\u0131n\u0131z\u0131 kar\u015f\u0131lamak i\u00e7in \u00e7e\u015fitli boyut ve y\u00fczeylerle \u00f6zelle\u015ftirin.<\/p>\n<h3>Kolay Kurulum ve Kullan\u0131c\u0131 Dostu Tasar\u0131m<\/h3>\n<p>SX kilitleri kurulumu ve kullan\u0131m\u0131 kolayd\u0131r, hem profesyoneller hem de yeni ba\u015flayanlar i\u00e7in m\u00fckemmeldir. Kullan\u0131c\u0131 dostu, y\u00fcksek kaliteli kilitlerimizle ekipman\u0131n\u0131z\u0131n g\u00fcvende kalmas\u0131n\u0131 sa\u011flay\u0131n.<\/p>","protected":false},"featured_media":3796,"comment_status":"open","ping_status":"closed","template":"","meta":[],"product_brand":[],"product_cat":[61],"product_tag":[],"class_list":{"0":"post-3961","1":"product","2":"type-product","3":"status-publish","4":"has-post-thumbnail","6":"product_cat-catchother-locks","8":"first","9":"instock","10":"shipping-taxable","11":"product-type-simple"},"yoast_head":"<!-- This site is optimized with the Yoast SEO Premium plugin v27.1 (Yoast SEO v27.2) - https:\/\/yoast.com\/product\/yoast-seo-premium-wordpress\/ -->\n<title>Flight Case Butterfly Lock LOB201 - https:\/\/sxflightcase.com \ud83d\udc97<\/title>\n<meta name=\"description\" content=\"Flight case butterfly lock, factory direct! Secure and durable locking solution with a butterfly mechanism. Perfect for protecting equipment during transport and ensuring easy access.\" \/>\n<meta name=\"robots\" content=\"index, follow, max-snippet:-1, max-image-preview:large, max-video-preview:-1\" \/>\n<link rel=\"canonical\" href=\"https:\/\/sxflightcase.com\/tr\/produit\/flight-case-serrure-papillon-lob201-2\/\" \/>\n<meta property=\"og:locale\" content=\"tr_TR\" \/>\n<meta property=\"og:type\" content=\"article\" \/>\n<meta property=\"og:title\" content=\"Flight Case Butterfly Lock LOB201\" \/>\n<meta property=\"og:description\" content=\"Flight case butterfly lock, factory direct! Secure and durable locking solution with a butterfly mechanism. Perfect for protecting equipment during transport and ensuring easy access.\" \/>\n<meta property=\"og:url\" content=\"https:\/\/sxflightcase.com\/tr\/produit\/flight-case-serrure-papillon-lob201-2\/\" \/>\n<meta property=\"og:site_name\" content=\"https:\/\/sxflightcase.com\" \/>\n<meta property=\"article:publisher\" content=\"https:\/\/www.facebook.com\/profile.php?id=61560407257971\" \/>\n<meta property=\"article:modified_time\" content=\"2024-08-06T02:13:06+00:00\" \/>\n<meta property=\"og:image\" content=\"https:\/\/sxflightcase.com\/wp-content\/uploads\/2024\/07\/LOB201.jpg\" \/>\n\t<meta property=\"og:image:width\" content=\"520\" \/>\n\t<meta property=\"og:image:height\" content=\"459\" \/>\n\t<meta property=\"og:image:type\" content=\"image\/jpeg\" \/>\n<meta name=\"twitter:card\" content=\"summary_large_image\" \/>\n<meta name=\"twitter:label1\" content=\"Tahmini okuma s\u00fcresi\" \/>\n\t<meta name=\"twitter:data1\" content=\"3 dakika\" \/>\n<script type=\"application\/ld+json\" class=\"yoast-schema-graph\">{\"@context\":\"https:\/\/schema.org\",\"@graph\":[{\"@type\":\"WebPage\",\"@id\":\"https:\/\/sxflightcase.com\/fr\/produit\/flight-case-serrure-papillon-lob201-2\/\",\"url\":\"https:\/\/sxflightcase.com\/fr\/produit\/flight-case-serrure-papillon-lob201-2\/\",\"name\":\"Flight Case Butterfly Lock LOB201 - https:\/\/sxflightcase.com \ud83d\udc97\",\"isPartOf\":{\"@id\":\"https:\/\/sxflightcase.com\/th\/#website\"},\"primaryImageOfPage\":{\"@id\":\"https:\/\/sxflightcase.com\/fr\/produit\/flight-case-serrure-papillon-lob201-2\/#primaryimage\"},\"image\":{\"@id\":\"https:\/\/sxflightcase.com\/fr\/produit\/flight-case-serrure-papillon-lob201-2\/#primaryimage\"},\"thumbnailUrl\":\"https:\/\/sxflightcase.com\/wp-content\/uploads\/2024\/07\/LOB201.jpg\",\"datePublished\":\"2024-08-06T02:13:05+00:00\",\"dateModified\":\"2024-08-06T02:13:06+00:00\",\"description\":\"Flight case butterfly lock, factory direct! Secure and durable locking solution with a butterfly mechanism. Perfect for protecting equipment during transport and ensuring easy access.\",\"breadcrumb\":{\"@id\":\"https:\/\/sxflightcase.com\/fr\/produit\/flight-case-serrure-papillon-lob201-2\/#breadcrumb\"},\"inLanguage\":\"tr\",\"potentialAction\":[{\"@type\":\"ReadAction\",\"target\":[\"https:\/\/sxflightcase.com\/fr\/produit\/flight-case-serrure-papillon-lob201-2\/\"]}]},{\"@type\":\"ImageObject\",\"inLanguage\":\"tr\",\"@id\":\"https:\/\/sxflightcase.com\/fr\/produit\/flight-case-serrure-papillon-lob201-2\/#primaryimage\",\"url\":\"https:\/\/sxflightcase.com\/wp-content\/uploads\/2024\/07\/LOB201.jpg\",\"contentUrl\":\"https:\/\/sxflightcase.com\/wp-content\/uploads\/2024\/07\/LOB201.jpg\",\"width\":520,\"height\":459,\"caption\":\"Flight Case Butterfly Lock\"},{\"@type\":\"BreadcrumbList\",\"@id\":\"https:\/\/sxflightcase.com\/fr\/produit\/flight-case-serrure-papillon-lob201-2\/#breadcrumb\",\"itemListElement\":[{\"@type\":\"ListItem\",\"position\":1,\"name\":\"Home\",\"item\":\"https:\/\/sxflightcase.com\/\"},{\"@type\":\"ListItem\",\"position\":2,\"name\":\"\u0e2a\u0e34\u0e19\u0e04\u0e49\u0e32\",\"item\":\"https:\/\/sxflightcase.com\/th\/shop\/\"},{\"@type\":\"ListItem\",\"position\":3,\"name\":\"Flight Case Butterfly Lock LOB201\"}]},{\"@type\":\"WebSite\",\"@id\":\"https:\/\/sxflightcase.com\/th\/#website\",\"url\":\"https:\/\/sxflightcase.com\/th\/\",\"name\":\"sxpowercase.com\",\"description\":\"Flight Case Factory\",\"publisher\":{\"@id\":\"https:\/\/sxflightcase.com\/th\/#organization\"},\"potentialAction\":[{\"@type\":\"SearchAction\",\"target\":{\"@type\":\"EntryPoint\",\"urlTemplate\":\"https:\/\/sxflightcase.com\/th\/?s={search_term_string}\"},\"query-input\":{\"@type\":\"PropertyValueSpecification\",\"valueRequired\":true,\"valueName\":\"search_term_string\"}}],\"inLanguage\":\"tr\"},{\"@type\":\"Organization\",\"@id\":\"https:\/\/sxflightcase.com\/th\/#organization\",\"name\":\"sxpowercase.com\",\"url\":\"https:\/\/sxflightcase.com\/th\/\",\"logo\":{\"@type\":\"ImageObject\",\"inLanguage\":\"tr\",\"@id\":\"https:\/\/sxflightcase.com\/th\/#\/schema\/logo\/image\/\",\"url\":\"https:\/\/sxflightcase.com\/wp-content\/uploads\/2024\/04\/1713919036007.jpg\",\"contentUrl\":\"https:\/\/sxflightcase.com\/wp-content\/uploads\/2024\/04\/1713919036007.jpg\",\"width\":382,\"height\":388,\"caption\":\"sxpowercase.com\"},\"image\":{\"@id\":\"https:\/\/sxflightcase.com\/th\/#\/schema\/logo\/image\/\"},\"sameAs\":[\"https:\/\/www.facebook.com\/profile.php?id=61560407257971\"],\"numberOfEmployees\":{\"@type\":\"QuantitativeValue\",\"minValue\":\"11\",\"maxValue\":\"50\"}}]}<\/script>\n<!-- \/ Yoast SEO Premium plugin. -->","yoast_head_json":{"title":"Flight Case Butterfly Lock LOB201 - https:\/\/sxflightcase.com \ud83d\udc97","description":"U\u00e7u\u015f kutusu kelebek kilidi, fabrikadan do\u011frudan! Kelebek mekanizmal\u0131 g\u00fcvenli ve dayan\u0131kl\u0131 kilitleme \u00e7\u00f6z\u00fcm\u00fc. Ta\u015f\u0131ma s\u0131ras\u0131nda ekipman\u0131 korumak ve kolay eri\u015fim sa\u011flamak i\u00e7in m\u00fckemmeldir.","robots":{"index":"index","follow":"follow","max-snippet":"max-snippet:-1","max-image-preview":"max-image-preview:large","max-video-preview":"max-video-preview:-1"},"canonical":"https:\/\/sxflightcase.com\/tr\/produit\/flight-case-serrure-papillon-lob201-2\/","og_locale":"tr_TR","og_type":"article","og_title":"Flight Case Butterfly Lock LOB201","og_description":"Flight case butterfly lock, factory direct! Secure and durable locking solution with a butterfly mechanism. Perfect for protecting equipment during transport and ensuring easy access.","og_url":"https:\/\/sxflightcase.com\/tr\/produit\/flight-case-serrure-papillon-lob201-2\/","og_site_name":"https:\/\/sxflightcase.com","article_publisher":"https:\/\/www.facebook.com\/profile.php?id=61560407257971","article_modified_time":"2024-08-06T02:13:06+00:00","og_image":[{"width":520,"height":459,"url":"https:\/\/sxflightcase.com\/wp-content\/uploads\/2024\/07\/LOB201.jpg","type":"image\/jpeg"}],"twitter_card":"summary_large_image","twitter_misc":{"Tahmini okuma s\u00fcresi":"3 dakika"},"schema":{"@context":"https:\/\/schema.org","@graph":[{"@type":"WebPage","@id":"https:\/\/sxflightcase.com\/fr\/produit\/flight-case-serrure-papillon-lob201-2\/","url":"https:\/\/sxflightcase.com\/fr\/produit\/flight-case-serrure-papillon-lob201-2\/","name":"Flight Case Butterfly Lock LOB201 - https:\/\/sxflightcase.com \ud83d\udc97","isPartOf":{"@id":"https:\/\/sxflightcase.com\/th\/#website"},"primaryImageOfPage":{"@id":"https:\/\/sxflightcase.com\/fr\/produit\/flight-case-serrure-papillon-lob201-2\/#primaryimage"},"image":{"@id":"https:\/\/sxflightcase.com\/fr\/produit\/flight-case-serrure-papillon-lob201-2\/#primaryimage"},"thumbnailUrl":"https:\/\/sxflightcase.com\/wp-content\/uploads\/2024\/07\/LOB201.jpg","datePublished":"2024-08-06T02:13:05+00:00","dateModified":"2024-08-06T02:13:06+00:00","description":"U\u00e7u\u015f kutusu kelebek kilidi, fabrikadan do\u011frudan! Kelebek mekanizmal\u0131 g\u00fcvenli ve dayan\u0131kl\u0131 kilitleme \u00e7\u00f6z\u00fcm\u00fc. Ta\u015f\u0131ma s\u0131ras\u0131nda ekipman\u0131 korumak ve kolay eri\u015fim sa\u011flamak i\u00e7in m\u00fckemmeldir.","breadcrumb":{"@id":"https:\/\/sxflightcase.com\/fr\/produit\/flight-case-serrure-papillon-lob201-2\/#breadcrumb"},"inLanguage":"tr","potentialAction":[{"@type":"ReadAction","target":["https:\/\/sxflightcase.com\/fr\/produit\/flight-case-serrure-papillon-lob201-2\/"]}]},{"@type":"ImageObject","inLanguage":"tr","@id":"https:\/\/sxflightcase.com\/fr\/produit\/flight-case-serrure-papillon-lob201-2\/#primaryimage","url":"https:\/\/sxflightcase.com\/wp-content\/uploads\/2024\/07\/LOB201.jpg","contentUrl":"https:\/\/sxflightcase.com\/wp-content\/uploads\/2024\/07\/LOB201.jpg","width":520,"height":459,"caption":"Flight Case Butterfly Lock"},{"@type":"BreadcrumbList","@id":"https:\/\/sxflightcase.com\/fr\/produit\/flight-case-serrure-papillon-lob201-2\/#breadcrumb","itemListElement":[{"@type":"ListItem","position":1,"name":"Home","item":"https:\/\/sxflightcase.com\/"},{"@type":"ListItem","position":2,"name":"\u0e2a\u0e34\u0e19\u0e04\u0e49\u0e32","item":"https:\/\/sxflightcase.com\/th\/shop\/"},{"@type":"ListItem","position":3,"name":"Flight Case Butterfly Lock LOB201"}]},{"@type":"WebSite","@id":"https:\/\/sxflightcase.com\/th\/#website","url":"https:\/\/sxflightcase.com\/th\/","name":"sxpowercase.com","description":"U\u00e7u\u015f \u00c7antas\u0131 Fabrikas\u0131","publisher":{"@id":"https:\/\/sxflightcase.com\/th\/#organization"},"potentialAction":[{"@type":"SearchAction","target":{"@type":"EntryPoint","urlTemplate":"https:\/\/sxflightcase.com\/th\/?s={search_term_string}"},"query-input":{"@type":"PropertyValueSpecification","valueRequired":true,"valueName":"search_term_string"}}],"inLanguage":"tr"},{"@type":"Organization","@id":"https:\/\/sxflightcase.com\/th\/#organization","name":"sxpowercase.com","url":"https:\/\/sxflightcase.com\/th\/","logo":{"@type":"ImageObject","inLanguage":"tr","@id":"https:\/\/sxflightcase.com\/th\/#\/schema\/logo\/image\/","url":"https:\/\/sxflightcase.com\/wp-content\/uploads\/2024\/04\/1713919036007.jpg","contentUrl":"https:\/\/sxflightcase.com\/wp-content\/uploads\/2024\/04\/1713919036007.jpg","width":382,"height":388,"caption":"sxpowercase.com"},"image":{"@id":"https:\/\/sxflightcase.com\/th\/#\/schema\/logo\/image\/"},"sameAs":["https:\/\/www.facebook.com\/profile.php?id=61560407257971"],"numberOfEmployees":{"@type":"QuantitativeValue","minValue":"11","maxValue":"50"}}]}},"_links":{"self":[{"href":"https:\/\/sxflightcase.com\/tr\/wp-json\/wp\/v2\/product\/3961","targetHints":{"allow":["GET"]}}],"collection":[{"href":"https:\/\/sxflightcase.com\/tr\/wp-json\/wp\/v2\/product"}],"about":[{"href":"https:\/\/sxflightcase.com\/tr\/wp-json\/wp\/v2\/types\/product"}],"replies":[{"embeddable":true,"href":"https:\/\/sxflightcase.com\/tr\/wp-json\/wp\/v2\/comments?post=3961"}],"version-history":[{"count":0,"href":"https:\/\/sxflightcase.com\/tr\/wp-json\/wp\/v2\/product\/3961\/revisions"}],"wp:featuredmedia":[{"embeddable":true,"href":"https:\/\/sxflightcase.com\/tr\/wp-json\/wp\/v2\/media\/3796"}],"wp:attachment":[{"href":"https:\/\/sxflightcase.com\/tr\/wp-json\/wp\/v2\/media?parent=3961"}],"wp:term":[{"taxonomy":"product_brand","embeddable":true,"href":"https:\/\/sxflightcase.com\/tr\/wp-json\/wp\/v2\/product_brand?post=3961"},{"taxonomy":"product_cat","embeddable":true,"href":"https:\/\/sxflightcase.com\/tr\/wp-json\/wp\/v2\/product_cat?post=3961"},{"taxonomy":"product_tag","embeddable":true,"href":"https:\/\/sxflightcase.com\/tr\/wp-json\/wp\/v2\/product_tag?post=3961"}],"curies":[{"name":"wp","href":"https:\/\/api.w.org\/{rel}","templated":true}]}}