{"id":3962,"date":"2024-08-06T03:27:12","date_gmt":"2024-08-06T02:27:12","guid":{"rendered":"https:\/\/sxpowercase.com\/?post_type=product&#038;p=3962"},"modified":"2024-08-06T03:27:12","modified_gmt":"2024-08-06T02:27:12","slug":"flight-case-butterfly-latch-lob301","status":"publish","type":"product","link":"https:\/\/sxflightcase.com\/tr\/urun\/ucus-cantasi-kelebek-mandali-lob301-2\/","title":{"rendered":"U\u00e7u\u015f Kasas\u0131 Kelebek Mandal\u0131 LOB301"},"content":{"rendered":"<h3>SX U\u00e7u\u015f \u00c7antas\u0131 Kelebek Mandal\u0131 ile G\u00fcvenli\u011fi Art\u0131r\u0131n<\/h3>\n<h4>Uygun Fiyatl\u0131, Fabrika Do\u011frudan Kalitesi<\/h4>\n<p>SX'de \u015funlar\u0131 sunuyoruz <strong>U\u00e7u\u015f \u00c7antas\u0131 Kelebek Mandal\u0131<\/strong>-De\u011ferli ekipmanlar\u0131n\u0131z\u0131n g\u00fcvenli\u011fini sa\u011flamak i\u00e7in temel bir bile\u015fendir. Fabrika do\u011frudan yakla\u015f\u0131m\u0131m\u0131z sayesinde mandallar\u0131m\u0131z uygun fiyatlarla temin edilebilir. Size d\u00fc\u015f\u00fck maliyetlerle y\u00fcksek kaliteli \u00fcr\u00fcnler sunmak i\u00e7in arac\u0131lar\u0131 devre d\u0131\u015f\u0131 b\u0131rak\u0131yoruz ve dayan\u0131kl\u0131l\u0131ktan \u00f6d\u00fcn vermeden en iyi de\u011feri elde etmenizi sa\u011fl\u0131yoruz.<\/p>\n<h4>G\u00fcvenilir ve Dayan\u0131kl\u0131 Tasar\u0131m<\/h4>\n<p>The <strong>U\u00e7u\u015f \u00c7antas\u0131 Kelebek Mandal\u0131<\/strong> itibaren <a href=\"https:\/\/sxpowercase.com\/\" target=\"_blank\" rel=\"noopener\" title=\"SX\" data-wpil-monitor-id=\"630\">SX<\/a> g\u00fcvenilirlik i\u00e7in tasarlanm\u0131\u015ft\u0131r. Sa\u011flam malzemelerden \u00fcretilen bu mandallar, s\u0131k kullan\u0131m ve zorlu ortamlar\u0131n zorluklar\u0131na dayanacak \u015fekilde tasarlanm\u0131\u015ft\u0131r. \u0130ster hassas aletleri ister a\u011f\u0131r ekipmanlar\u0131 ta\u015f\u0131yor olun, mandallar\u0131m\u0131z kazara a\u00e7\u0131lmalar\u0131 \u00f6nleyen ve ekipman\u0131n\u0131z\u0131 g\u00fcvende tutan g\u00fcvenli bir kapatma sa\u011flar.<\/p>\n<h4>Kolay Kurulum ve \u00d6zelle\u015ftirme<\/h4>\n<p>Y\u00fckleme <strong>U\u00e7u\u015f \u00c7antas\u0131 Kelebek Mandallar\u0131<\/strong> basit bir s\u00fcre\u00e7tir, bu da onu hem profesyoneller hem de DIY merakl\u0131lar\u0131 i\u00e7in ideal bir se\u00e7im haline getirir. SX olarak, \u00f6zel ihtiya\u00e7lar\u0131n\u0131za uygun \u00f6zelle\u015ftirme se\u00e7enekleri de sunuyoruz. \u0130ster belirli bir boyuta, kaplamaya veya ek \u00f6zelliklere ihtiyac\u0131n\u0131z olsun, ekibimiz mandallar\u0131 tam spesifikasyonlar\u0131n\u0131za g\u00f6re uyarlayarak u\u00e7u\u015f \u00e7antalar\u0131n\u0131z i\u00e7in m\u00fckemmel bir uyum sa\u011flayabilir.<\/p>\n<h4>Kalite G\u00fcvence Taahh\u00fcd\u00fc<\/h4>\n<p>SX kendini y\u00fcksek kalite standartlar\u0131n\u0131 korumaya adam\u0131\u015ft\u0131r. Her <strong>U\u00e7u\u015f \u00c7antas\u0131 Kelebek Mandallar\u0131<\/strong> sa\u011flaml\u0131k ve g\u00fcvenilirlik kriterlerimizi kar\u015f\u0131lad\u0131\u011f\u0131ndan emin olmak i\u00e7in titiz testlerden ge\u00e7irilir. Kalite g\u00fcvencesine olan ba\u011fl\u0131l\u0131\u011f\u0131m\u0131z, \u00fcr\u00fcnlerimize tutarl\u0131 performans sunma, ta\u015f\u0131ma ve depolama s\u0131ras\u0131nda ekipman\u0131n\u0131z\u0131 koruma konusunda g\u00fcvenebilece\u011finiz anlam\u0131na gelir.<\/p>\n<h4>SX Avantaj\u0131<\/h4>\n<p>SX'i se\u00e7mek m\u00fckemmelli\u011fi se\u00e7mek demektir. Bizim <strong>U\u00e7u\u015f \u00c7antas\u0131 Kelebek Mandal\u0131<\/strong> kapsaml\u0131 kalite garantimizle desteklenen d\u00fc\u015f\u00fck fiyata rakipsiz g\u00fcvenlik sunar. \u00dcr\u00fcnlerimizle gurur duyuyor ve i\u015f\u00e7iliklerinin arkas\u0131nda durarak size g\u00f6n\u00fcl rahatl\u0131\u011f\u0131 ve ekipman\u0131n\u0131z i\u00e7in g\u00fcvenilir koruma sa\u011fl\u0131yoruz.<\/p>\n<h4>\u00d6zel \u0130htiya\u00e7lar\u0131n\u0131z \u0130\u00e7in Bize Ula\u015f\u0131n<\/h4>\n<p>SX olarak her projenin benzersiz oldu\u011funu biliyoruz. Ekibimiz \u00f6zel sipari\u015fler konusunda size yard\u0131mc\u0131 olmaya haz\u0131rd\u0131r ve m\u00fckemmel \u00fcr\u00fcn\u00fc elde etmenizi sa\u011flar. <strong>U\u00e7u\u015f \u00c7antas\u0131 Kelebek Mandal\u0131<\/strong> \u00f6zel gereksinimleriniz i\u00e7in. \u0130htiya\u00e7lar\u0131n\u0131z\u0131 g\u00f6r\u00fc\u015fmek ve rekabet\u00e7i fiyatlarla kaliteli, fabrika \u00e7\u0131k\u0131\u015fl\u0131 mandallar\u0131 nas\u0131l sa\u011flayabilece\u011fimizi ke\u015ffetmek i\u00e7in bug\u00fcn bize ula\u015f\u0131n. SX ile u\u00e7u\u015f \u00e7antalar\u0131n\u0131z\u0131n g\u00fcvenli\u011finden ve dayan\u0131kl\u0131l\u0131\u011f\u0131ndan her zaman emin olabilirsiniz.<\/p>\n<p>Hemen \u0130leti\u015fime Ge\u00e7in:<span style=\"color: #0000ff;\"><a style=\"color: #0000ff;\" href=\"https:\/\/sxpowercase.com\/contact-us\/\">https:\/\/sxpowercase.com\/<\/a><\/span><\/p>\n<p>Donan\u0131m \u00dcr\u00fcn Katalo\u011fu\uff1a<span style=\"color: #3366ff;\"><a style=\"color: #3366ff;\" href=\"https:\/\/sxpowercase.com\/wp-content\/uploads\/2024\/07\/\u4e94\u91d1.pdf\">Donan\u0131m aksesuarlar\u0131 katalo\u011fu<\/a><\/span><\/p>","protected":false},"excerpt":{"rendered":"<h3>Uygun Fiyatl\u0131, Y\u00fcksek Kaliteli Kelebek Mandallar<\/h3>\n<p>SX U\u00e7u\u015f \u00c7antas\u0131 Kelebek Mandallar\u0131n\u0131 fabrikadan do\u011frudan fiyatlarla al\u0131n. Rakipsiz bir de\u011fer sa\u011flamak i\u00e7in arac\u0131lar\u0131 devre d\u0131\u015f\u0131 b\u0131rakarak uygun fiyatl\u0131, dayan\u0131kl\u0131 mandallar sunuyoruz.<\/p>\n<h3>Sa\u011flam ve G\u00fcvenilir G\u00fcvenlik<\/h3>\n<p>S\u0131k kullan\u0131m ve zorlu ko\u015fullar i\u00e7in tasarlanan mandallar\u0131m\u0131z ekipman\u0131n\u0131z\u0131n g\u00fcvende kalmas\u0131n\u0131 sa\u011flar. G\u00fc\u00e7l\u00fc malzemelerden \u00fcretilen bu mandallar kazara a\u00e7\u0131lmalar\u0131 \u00f6nler ve ekipman\u0131n\u0131z\u0131 korur.<\/p>\n<h3>Kolay Kurulum ve \u00d6zel Se\u00e7enekler<\/h3>\n<p>SX mandallar\u0131n kurulumu kolayd\u0131r ve ihtiya\u00e7lar\u0131n\u0131za uyacak \u015fekilde \u00f6zelle\u015ftirilebilir. U\u00e7u\u015f \u00e7antalar\u0131n\u0131zla m\u00fckemmel bir uyum i\u00e7in \u00e7e\u015fitli boyutlar, y\u00fczeyler ve \u00f6zellikler aras\u0131ndan se\u00e7im yap\u0131n.<\/p>","protected":false},"featured_media":3797,"comment_status":"open","ping_status":"closed","template":"","meta":[],"product_brand":[],"product_cat":[61],"product_tag":[],"class_list":{"0":"post-3962","1":"product","2":"type-product","3":"status-publish","4":"has-post-thumbnail","6":"product_cat-catchother-locks","8":"first","9":"instock","10":"shipping-taxable","11":"product-type-simple"},"yoast_head":"<!-- This site is optimized with the Yoast SEO Premium plugin v27.1 (Yoast SEO v27.2) - https:\/\/yoast.com\/product\/yoast-seo-premium-wordpress\/ -->\n<title>Flight Case Butterfly Latch LOB301 - https:\/\/sxflightcase.com \ud83d\udc97<\/title>\n<meta name=\"description\" content=\"Flight case butterfly latch, factory direct! Secure, high-quality latches with a butterfly mechanism. Ideal for protecting equipment in transit, offering durability and easy access.\" \/>\n<meta name=\"robots\" content=\"index, follow, max-snippet:-1, max-image-preview:large, max-video-preview:-1\" \/>\n<link rel=\"canonical\" href=\"https:\/\/sxflightcase.com\/tr\/prodotto\/chiusura-a-farfalla-del-flight-case-lob301\/\" \/>\n<meta property=\"og:locale\" content=\"tr_TR\" \/>\n<meta property=\"og:type\" content=\"article\" \/>\n<meta property=\"og:title\" content=\"Flight Case Butterfly Latch LOB301\" \/>\n<meta property=\"og:description\" content=\"Flight case butterfly latch, factory direct! Secure, high-quality latches with a butterfly mechanism. Ideal for protecting equipment in transit, offering durability and easy access.\" \/>\n<meta property=\"og:url\" content=\"https:\/\/sxflightcase.com\/tr\/prodotto\/chiusura-a-farfalla-del-flight-case-lob301\/\" \/>\n<meta property=\"og:site_name\" content=\"https:\/\/sxflightcase.com\" \/>\n<meta property=\"article:publisher\" content=\"https:\/\/www.facebook.com\/profile.php?id=61560407257971\" \/>\n<meta property=\"og:image\" content=\"https:\/\/sxflightcase.com\/wp-content\/uploads\/2024\/07\/LOB301.jpg\" \/>\n\t<meta property=\"og:image:width\" content=\"473\" \/>\n\t<meta property=\"og:image:height\" content=\"392\" \/>\n\t<meta property=\"og:image:type\" content=\"image\/jpeg\" \/>\n<meta name=\"twitter:card\" content=\"summary_large_image\" \/>\n<meta name=\"twitter:label1\" content=\"Tahmini okuma s\u00fcresi\" \/>\n\t<meta name=\"twitter:data1\" content=\"3 dakika\" \/>\n<script type=\"application\/ld+json\" class=\"yoast-schema-graph\">{\"@context\":\"https:\/\/schema.org\",\"@graph\":[{\"@type\":\"WebPage\",\"@id\":\"https:\/\/sxflightcase.com\/it\/prodotto\/chiusura-a-farfalla-del-flight-case-lob301\/\",\"url\":\"https:\/\/sxflightcase.com\/it\/prodotto\/chiusura-a-farfalla-del-flight-case-lob301\/\",\"name\":\"Flight Case Butterfly Latch LOB301 - https:\/\/sxflightcase.com \ud83d\udc97\",\"isPartOf\":{\"@id\":\"https:\/\/sxflightcase.com\/th\/#website\"},\"primaryImageOfPage\":{\"@id\":\"https:\/\/sxflightcase.com\/it\/prodotto\/chiusura-a-farfalla-del-flight-case-lob301\/#primaryimage\"},\"image\":{\"@id\":\"https:\/\/sxflightcase.com\/it\/prodotto\/chiusura-a-farfalla-del-flight-case-lob301\/#primaryimage\"},\"thumbnailUrl\":\"https:\/\/sxflightcase.com\/wp-content\/uploads\/2024\/07\/LOB301.jpg\",\"datePublished\":\"2024-08-06T02:27:12+00:00\",\"description\":\"Flight case butterfly latch, factory direct! Secure, high-quality latches with a butterfly mechanism. Ideal for protecting equipment in transit, offering durability and easy access.\",\"breadcrumb\":{\"@id\":\"https:\/\/sxflightcase.com\/it\/prodotto\/chiusura-a-farfalla-del-flight-case-lob301\/#breadcrumb\"},\"inLanguage\":\"tr\",\"potentialAction\":[{\"@type\":\"ReadAction\",\"target\":[\"https:\/\/sxflightcase.com\/it\/prodotto\/chiusura-a-farfalla-del-flight-case-lob301\/\"]}]},{\"@type\":\"ImageObject\",\"inLanguage\":\"tr\",\"@id\":\"https:\/\/sxflightcase.com\/it\/prodotto\/chiusura-a-farfalla-del-flight-case-lob301\/#primaryimage\",\"url\":\"https:\/\/sxflightcase.com\/wp-content\/uploads\/2024\/07\/LOB301.jpg\",\"contentUrl\":\"https:\/\/sxflightcase.com\/wp-content\/uploads\/2024\/07\/LOB301.jpg\",\"width\":473,\"height\":392,\"caption\":\"flight case butterfly latch\"},{\"@type\":\"BreadcrumbList\",\"@id\":\"https:\/\/sxflightcase.com\/it\/prodotto\/chiusura-a-farfalla-del-flight-case-lob301\/#breadcrumb\",\"itemListElement\":[{\"@type\":\"ListItem\",\"position\":1,\"name\":\"Home\",\"item\":\"https:\/\/sxflightcase.com\/\"},{\"@type\":\"ListItem\",\"position\":2,\"name\":\"\u0e2a\u0e34\u0e19\u0e04\u0e49\u0e32\",\"item\":\"https:\/\/sxflightcase.com\/th\/shop\/\"},{\"@type\":\"ListItem\",\"position\":3,\"name\":\"Flight Case Butterfly Latch LOB301\"}]},{\"@type\":\"WebSite\",\"@id\":\"https:\/\/sxflightcase.com\/th\/#website\",\"url\":\"https:\/\/sxflightcase.com\/th\/\",\"name\":\"sxpowercase.com\",\"description\":\"Flight Case Factory\",\"publisher\":{\"@id\":\"https:\/\/sxflightcase.com\/th\/#organization\"},\"potentialAction\":[{\"@type\":\"SearchAction\",\"target\":{\"@type\":\"EntryPoint\",\"urlTemplate\":\"https:\/\/sxflightcase.com\/th\/?s={search_term_string}\"},\"query-input\":{\"@type\":\"PropertyValueSpecification\",\"valueRequired\":true,\"valueName\":\"search_term_string\"}}],\"inLanguage\":\"tr\"},{\"@type\":\"Organization\",\"@id\":\"https:\/\/sxflightcase.com\/th\/#organization\",\"name\":\"sxpowercase.com\",\"url\":\"https:\/\/sxflightcase.com\/th\/\",\"logo\":{\"@type\":\"ImageObject\",\"inLanguage\":\"tr\",\"@id\":\"https:\/\/sxflightcase.com\/th\/#\/schema\/logo\/image\/\",\"url\":\"https:\/\/sxflightcase.com\/wp-content\/uploads\/2024\/04\/1713919036007.jpg\",\"contentUrl\":\"https:\/\/sxflightcase.com\/wp-content\/uploads\/2024\/04\/1713919036007.jpg\",\"width\":382,\"height\":388,\"caption\":\"sxpowercase.com\"},\"image\":{\"@id\":\"https:\/\/sxflightcase.com\/th\/#\/schema\/logo\/image\/\"},\"sameAs\":[\"https:\/\/www.facebook.com\/profile.php?id=61560407257971\"],\"numberOfEmployees\":{\"@type\":\"QuantitativeValue\",\"minValue\":\"11\",\"maxValue\":\"50\"}}]}<\/script>\n<!-- \/ Yoast SEO Premium plugin. -->","yoast_head_json":{"title":"Flight Case Butterfly Latch LOB301 - https:\/\/sxflightcase.com \ud83d\udc97","description":"U\u00e7u\u015f \u00e7antas\u0131 kelebek mandal\u0131, do\u011frudan fabrika \u00e7\u0131k\u0131\u015f\u0131! Kelebek mekanizmal\u0131 g\u00fcvenli, y\u00fcksek kaliteli mandallar. Ta\u015f\u0131ma s\u0131ras\u0131nda ekipman\u0131 korumak i\u00e7in idealdir, dayan\u0131kl\u0131l\u0131k ve kolay eri\u015fim sunar.","robots":{"index":"index","follow":"follow","max-snippet":"max-snippet:-1","max-image-preview":"max-image-preview:large","max-video-preview":"max-video-preview:-1"},"canonical":"https:\/\/sxflightcase.com\/tr\/prodotto\/chiusura-a-farfalla-del-flight-case-lob301\/","og_locale":"tr_TR","og_type":"article","og_title":"Flight Case Butterfly Latch LOB301","og_description":"Flight case butterfly latch, factory direct! Secure, high-quality latches with a butterfly mechanism. Ideal for protecting equipment in transit, offering durability and easy access.","og_url":"https:\/\/sxflightcase.com\/tr\/prodotto\/chiusura-a-farfalla-del-flight-case-lob301\/","og_site_name":"https:\/\/sxflightcase.com","article_publisher":"https:\/\/www.facebook.com\/profile.php?id=61560407257971","og_image":[{"width":473,"height":392,"url":"https:\/\/sxflightcase.com\/wp-content\/uploads\/2024\/07\/LOB301.jpg","type":"image\/jpeg"}],"twitter_card":"summary_large_image","twitter_misc":{"Tahmini okuma s\u00fcresi":"3 dakika"},"schema":{"@context":"https:\/\/schema.org","@graph":[{"@type":"WebPage","@id":"https:\/\/sxflightcase.com\/it\/prodotto\/chiusura-a-farfalla-del-flight-case-lob301\/","url":"https:\/\/sxflightcase.com\/it\/prodotto\/chiusura-a-farfalla-del-flight-case-lob301\/","name":"Flight Case Butterfly Latch LOB301 - https:\/\/sxflightcase.com \ud83d\udc97","isPartOf":{"@id":"https:\/\/sxflightcase.com\/th\/#website"},"primaryImageOfPage":{"@id":"https:\/\/sxflightcase.com\/it\/prodotto\/chiusura-a-farfalla-del-flight-case-lob301\/#primaryimage"},"image":{"@id":"https:\/\/sxflightcase.com\/it\/prodotto\/chiusura-a-farfalla-del-flight-case-lob301\/#primaryimage"},"thumbnailUrl":"https:\/\/sxflightcase.com\/wp-content\/uploads\/2024\/07\/LOB301.jpg","datePublished":"2024-08-06T02:27:12+00:00","description":"U\u00e7u\u015f \u00e7antas\u0131 kelebek mandal\u0131, do\u011frudan fabrika \u00e7\u0131k\u0131\u015f\u0131! Kelebek mekanizmal\u0131 g\u00fcvenli, y\u00fcksek kaliteli mandallar. Ta\u015f\u0131ma s\u0131ras\u0131nda ekipman\u0131 korumak i\u00e7in idealdir, dayan\u0131kl\u0131l\u0131k ve kolay eri\u015fim sunar.","breadcrumb":{"@id":"https:\/\/sxflightcase.com\/it\/prodotto\/chiusura-a-farfalla-del-flight-case-lob301\/#breadcrumb"},"inLanguage":"tr","potentialAction":[{"@type":"ReadAction","target":["https:\/\/sxflightcase.com\/it\/prodotto\/chiusura-a-farfalla-del-flight-case-lob301\/"]}]},{"@type":"ImageObject","inLanguage":"tr","@id":"https:\/\/sxflightcase.com\/it\/prodotto\/chiusura-a-farfalla-del-flight-case-lob301\/#primaryimage","url":"https:\/\/sxflightcase.com\/wp-content\/uploads\/2024\/07\/LOB301.jpg","contentUrl":"https:\/\/sxflightcase.com\/wp-content\/uploads\/2024\/07\/LOB301.jpg","width":473,"height":392,"caption":"flight case butterfly latch"},{"@type":"BreadcrumbList","@id":"https:\/\/sxflightcase.com\/it\/prodotto\/chiusura-a-farfalla-del-flight-case-lob301\/#breadcrumb","itemListElement":[{"@type":"ListItem","position":1,"name":"Home","item":"https:\/\/sxflightcase.com\/"},{"@type":"ListItem","position":2,"name":"\u0e2a\u0e34\u0e19\u0e04\u0e49\u0e32","item":"https:\/\/sxflightcase.com\/th\/shop\/"},{"@type":"ListItem","position":3,"name":"Flight Case Butterfly Latch LOB301"}]},{"@type":"WebSite","@id":"https:\/\/sxflightcase.com\/th\/#website","url":"https:\/\/sxflightcase.com\/th\/","name":"sxpowercase.com","description":"U\u00e7u\u015f \u00c7antas\u0131 Fabrikas\u0131","publisher":{"@id":"https:\/\/sxflightcase.com\/th\/#organization"},"potentialAction":[{"@type":"SearchAction","target":{"@type":"EntryPoint","urlTemplate":"https:\/\/sxflightcase.com\/th\/?s={search_term_string}"},"query-input":{"@type":"PropertyValueSpecification","valueRequired":true,"valueName":"search_term_string"}}],"inLanguage":"tr"},{"@type":"Organization","@id":"https:\/\/sxflightcase.com\/th\/#organization","name":"sxpowercase.com","url":"https:\/\/sxflightcase.com\/th\/","logo":{"@type":"ImageObject","inLanguage":"tr","@id":"https:\/\/sxflightcase.com\/th\/#\/schema\/logo\/image\/","url":"https:\/\/sxflightcase.com\/wp-content\/uploads\/2024\/04\/1713919036007.jpg","contentUrl":"https:\/\/sxflightcase.com\/wp-content\/uploads\/2024\/04\/1713919036007.jpg","width":382,"height":388,"caption":"sxpowercase.com"},"image":{"@id":"https:\/\/sxflightcase.com\/th\/#\/schema\/logo\/image\/"},"sameAs":["https:\/\/www.facebook.com\/profile.php?id=61560407257971"],"numberOfEmployees":{"@type":"QuantitativeValue","minValue":"11","maxValue":"50"}}]}},"_links":{"self":[{"href":"https:\/\/sxflightcase.com\/tr\/wp-json\/wp\/v2\/product\/3962","targetHints":{"allow":["GET"]}}],"collection":[{"href":"https:\/\/sxflightcase.com\/tr\/wp-json\/wp\/v2\/product"}],"about":[{"href":"https:\/\/sxflightcase.com\/tr\/wp-json\/wp\/v2\/types\/product"}],"replies":[{"embeddable":true,"href":"https:\/\/sxflightcase.com\/tr\/wp-json\/wp\/v2\/comments?post=3962"}],"version-history":[{"count":0,"href":"https:\/\/sxflightcase.com\/tr\/wp-json\/wp\/v2\/product\/3962\/revisions"}],"wp:featuredmedia":[{"embeddable":true,"href":"https:\/\/sxflightcase.com\/tr\/wp-json\/wp\/v2\/media\/3797"}],"wp:attachment":[{"href":"https:\/\/sxflightcase.com\/tr\/wp-json\/wp\/v2\/media?parent=3962"}],"wp:term":[{"taxonomy":"product_brand","embeddable":true,"href":"https:\/\/sxflightcase.com\/tr\/wp-json\/wp\/v2\/product_brand?post=3962"},{"taxonomy":"product_cat","embeddable":true,"href":"https:\/\/sxflightcase.com\/tr\/wp-json\/wp\/v2\/product_cat?post=3962"},{"taxonomy":"product_tag","embeddable":true,"href":"https:\/\/sxflightcase.com\/tr\/wp-json\/wp\/v2\/product_tag?post=3962"}],"curies":[{"name":"wp","href":"https:\/\/api.w.org\/{rel}","templated":true}]}}