{"id":3978,"date":"2024-08-07T07:18:55","date_gmt":"2024-08-07T06:18:55","guid":{"rendered":"https:\/\/sxpowercase.com\/?post_type=product&#038;p=3978"},"modified":"2024-08-07T07:18:57","modified_gmt":"2024-08-07T06:18:57","slug":"flight-case-butterfly-latches-loc401","status":"publish","type":"product","link":"https:\/\/sxflightcase.com\/tr\/urun\/ucus-cantasi-kelebek-mandallari-loc401\/","title":{"rendered":"U\u00e7u\u015f Kasas\u0131 Kelebek Mandallar\u0131 LOC401"},"content":{"rendered":"<h3>SX U\u00e7u\u015f \u00c7antas\u0131 Kelebek Mandallar\u0131 ile E\u015fyalar\u0131n\u0131z\u0131 G\u00fcvence Alt\u0131na Al\u0131n<\/h3>\n<h4>Kalite G\u00fcvencesi i\u00e7in Fabrika Do\u011frudan Fiyatland\u0131rmas\u0131<\/h4>\n<p>SX gururla sunar <strong>U\u00e7u\u015f \u00c7antas\u0131 Kelebek Mandal\u0131<\/strong>de\u011ferli ekipmanlar\u0131n\u0131z i\u00e7in sa\u011flam g\u00fcvenlik sa\u011flamak \u00fczere tasarlanm\u0131\u015ft\u0131r. Do\u011frudan fabrikam\u0131zdan sat\u0131\u015f yaparak, ekstra maliyetleri ortadan kald\u0131r\u0131yoruz ve bu y\u00fcksek kaliteli mandallar\u0131 inan\u0131lmaz derecede d\u00fc\u015f\u00fck bir fiyata sunmam\u0131z\u0131 sa\u011fl\u0131yoruz. Bu yakla\u015f\u0131m, b\u00fct\u00e7enizi sarsmadan en \u00fcst d\u00fczey \u00fcr\u00fcnleri alman\u0131z\u0131 sa\u011flar.<\/p>\n<h4>G\u00fcvenilir ve Sa\u011flam Yap\u0131<\/h4>\n<p>Bizim <strong>U\u00e7u\u015f \u00c7antas\u0131 Kelebek Mandal\u0131<\/strong> uzun s\u00fcreli g\u00fcvenilirlik sa\u011flayan dayan\u0131kl\u0131 malzemelerden \u00fcretilmi\u015ftir. \u0130ster m\u00fczik aletlerini, ister elektronik cihazlar\u0131 veya di\u011fer hassas e\u015fyalar\u0131 koruyor olun, bu mandallar her \u015feyi s\u0131k\u0131ca yerinde tutan g\u00fcvenli bir kapatma sa\u011flar. Mandallar\u0131m\u0131z\u0131n g\u00fcc\u00fc ve dayan\u0131kl\u0131l\u0131\u011f\u0131, onlar\u0131 s\u0131k seyahat edenler ve en iyi korumay\u0131 talep eden profesyoneller i\u00e7in ideal k\u0131lar.<\/p>\n<h4>Basit Kurulum ve \u00d6zel Se\u00e7enekler<\/h4>\n<p><a href=\"https:\/\/sxpowercase.com\/\" target=\"_blank\" rel=\"noopener\" title=\"SX\" data-wpil-monitor-id=\"632\">SX<\/a> kurulumumuzu kolayla\u015ft\u0131r\u0131r <strong>U\u00e7u\u015f \u00c7antas\u0131 Kelebek Mandal\u0131<\/strong> k\u0131l\u0131flar\u0131n\u0131zda. Tasar\u0131m kullan\u0131c\u0131 dostudur, h\u0131zl\u0131 ve verimli kurulum sa\u011flar. Ayr\u0131ca, \u00f6zel ihtiya\u00e7lar\u0131n\u0131z\u0131 kar\u015f\u0131lamak i\u00e7in \u00f6zelle\u015ftirme hizmetleri de sunuyoruz. \u0130ster benzersiz bir boyuta, ister farkl\u0131 y\u00fczeylere veya \u00f6zel \u00f6zelliklere ihtiyac\u0131n\u0131z olsun, mandallar\u0131 tam gereksinimlerinize uyacak \u015fekilde \u00f6zelle\u015ftirebilir ve u\u00e7u\u015f kasalar\u0131n\u0131zla sorunsuz bir entegrasyon sa\u011flayabiliriz.<\/p>\n<h4>\u00d6d\u00fcn Vermeyen Kalite Standartlar\u0131<\/h4>\n<p>SX olarak, en y\u00fcksek kalite standartlar\u0131n\u0131 kar\u015f\u0131layan \u00fcr\u00fcnler sunmaya kararl\u0131y\u0131z. Her biri <strong>U\u00e7u\u015f \u00c7antas\u0131 Kelebek Mandal\u0131<\/strong> g\u00fc\u00e7, g\u00fcvenilirlik ve dayan\u0131kl\u0131l\u0131k kriterlerimizi kar\u015f\u0131lad\u0131\u011f\u0131ndan emin olmak i\u00e7in titizlikle test edilir. Kalite g\u00fcvencesine odaklanmam\u0131z, tutarl\u0131 ve g\u00fcvenilir performans sa\u011flama konusunda mandallar\u0131m\u0131za g\u00fcvenebilece\u011finiz anlam\u0131na gelir ve ta\u015f\u0131ma s\u0131ras\u0131nda i\u00e7inizin rahat olmas\u0131n\u0131 sa\u011flar.<\/p>\n<h4>Neden SX&#039;i Se\u00e7melisiniz?<\/h4>\n<p>SX kaliteli \u00fcr\u00fcnlerden daha fazlas\u0131n\u0131 sunar; ekipman\u0131n\u0131z\u0131n g\u00fcvenli\u011fini sa\u011flamak i\u00e7in kapsaml\u0131 bir \u00e7\u00f6z\u00fcm sunuyoruz. Bizim <strong>U\u00e7u\u015f \u00c7antas\u0131 Kelebek Mandal\u0131<\/strong> m\u00fc\u015fteri memnuniyetine olan ba\u011fl\u0131l\u0131\u011f\u0131m\u0131zla desteklenen uygun fiyat\u0131 ola\u011fan\u00fcst\u00fc kalite ile birle\u015ftirir. \u00dcr\u00fcnlerimizin arkas\u0131nda durarak, g\u00fcvenli ve dayan\u0131kl\u0131 kasa donan\u0131m\u0131na g\u00fcvenen profesyonellerin taleplerini kar\u015f\u0131lamalar\u0131n\u0131 sa\u011fl\u0131yoruz.<\/p>\n<h4>\u00d6zel \u00c7\u00f6z\u00fcmler ve Uzman Deste\u011fi<\/h4>\n<p>Her projenin kendine \u00f6zg\u00fc gereksinimleri vard\u0131r ve SX olarak biz bunlar\u0131 kar\u015f\u0131lamak i\u00e7in buraday\u0131z. Ekibimiz \u00f6zel sipari\u015fler konusunda size yard\u0131mc\u0131 olmaya haz\u0131rd\u0131r ve size m\u00fckemmel <strong>U\u00e7u\u015f \u00c7antas\u0131 Kelebek Mandal\u0131<\/strong> ihtiya\u00e7lar\u0131n\u0131z i\u00e7in. \u00d6zel gereksinimlerinizi g\u00f6r\u00fc\u015fmek ve rekabet\u00e7i fiyatlarla y\u00fcksek kaliteli, fabrika \u00e7\u0131k\u0131\u015fl\u0131 mandallar\u0131 nas\u0131l sunabilece\u011fimizi ke\u015ffetmek i\u00e7in bug\u00fcn bize ula\u015f\u0131n. SX ile u\u00e7u\u015f kasas\u0131 donan\u0131m\u0131n\u0131z\u0131n kalitesine ve g\u00fcvenli\u011fine g\u00fcvenebilir, ekipman\u0131n\u0131z\u0131n korunmas\u0131n\u0131 sa\u011flayabilirsiniz.<\/p>\n<p>Hemen \u0130leti\u015fime Ge\u00e7in:<span style=\"color: #0000ff;\"><a style=\"color: #0000ff;\" href=\"https:\/\/sxpowercase.com\/contact-us\/\">https:\/\/sxpowercase.com\/<\/a><\/span><\/p>\n<p>Donan\u0131m \u00dcr\u00fcn Katalo\u011fu\uff1a<span style=\"color: #3366ff;\"><a style=\"color: #3366ff;\" href=\"https:\/\/sxpowercase.com\/wp-content\/uploads\/2024\/07\/\u4e94\u91d1.pdf\">Donan\u0131m aksesuarlar\u0131 katalo\u011fu<\/a><\/span><\/p>","protected":false},"excerpt":{"rendered":"<h3>Uygun Fiyatl\u0131, Y\u00fcksek Kaliteli Kelebek Mandallar<\/h3>\n<p>SX U\u00e7u\u015f \u00c7antas\u0131 Kelebek Mandallar\u0131n\u0131 fabrikadan do\u011frudan fiyatlarla al\u0131n. Rakipsiz bir de\u011fer sa\u011flamak i\u00e7in arac\u0131lar\u0131 devre d\u0131\u015f\u0131 b\u0131rakarak uygun fiyatl\u0131, dayan\u0131kl\u0131 mandallar sunuyoruz.<\/p>\n<h3>Sa\u011flam ve G\u00fcvenilir G\u00fcvenlik<\/h3>\n<p>S\u0131k kullan\u0131m ve zorlu ko\u015fullar i\u00e7in tasarlanan mandallar\u0131m\u0131z ekipman\u0131n\u0131z\u0131n g\u00fcvende kalmas\u0131n\u0131 sa\u011flar. G\u00fc\u00e7l\u00fc malzemelerden \u00fcretilen bu mandallar kazara a\u00e7\u0131lmalar\u0131 \u00f6nler ve ekipman\u0131n\u0131z\u0131 korur.<\/p>\n<h3>Kolay Kurulum ve \u00d6zel Se\u00e7enekler<\/h3>\n<p>SX mandallar\u0131n kurulumu kolayd\u0131r ve ihtiya\u00e7lar\u0131n\u0131za uyacak \u015fekilde \u00f6zelle\u015ftirilebilir. U\u00e7u\u015f \u00e7antalar\u0131n\u0131zla m\u00fckemmel bir uyum i\u00e7in \u00e7e\u015fitli boyutlar, y\u00fczeyler ve \u00f6zellikler aras\u0131ndan se\u00e7im yap\u0131n.<\/p>","protected":false},"featured_media":3798,"comment_status":"open","ping_status":"closed","template":"","meta":[],"product_brand":[],"product_cat":[61],"product_tag":[],"class_list":{"0":"post-3978","1":"product","2":"type-product","3":"status-publish","4":"has-post-thumbnail","6":"product_cat-catchother-locks","8":"first","9":"instock","10":"shipping-taxable","11":"product-type-simple"},"yoast_head":"<!-- This site is optimized with the Yoast SEO Premium plugin v27.1 (Yoast SEO v27.2) - https:\/\/yoast.com\/product\/yoast-seo-premium-wordpress\/ -->\n<title>Flight Case Butterfly Latches LOC401 - https:\/\/sxflightcase.com \ud83d\udc97<\/title>\n<meta name=\"description\" content=\"Flight case butterfly latches, factory direct! Secure, high-quality latches with a butterfly mechanism. Ideal for protecting equipment in transit, offering durability and easy access.\" \/>\n<meta name=\"robots\" content=\"index, follow, max-snippet:-1, max-image-preview:large, max-video-preview:-1\" \/>\n<link rel=\"canonical\" href=\"https:\/\/sxflightcase.com\/tr\/product\/flightcase-vlindersloten-loc401\/\" \/>\n<meta property=\"og:locale\" content=\"tr_TR\" \/>\n<meta property=\"og:type\" content=\"article\" \/>\n<meta property=\"og:title\" content=\"Flight Case Butterfly Latches LOC401\" \/>\n<meta property=\"og:description\" content=\"Flight case butterfly latches, factory direct! Secure, high-quality latches with a butterfly mechanism. Ideal for protecting equipment in transit, offering durability and easy access.\" \/>\n<meta property=\"og:url\" content=\"https:\/\/sxflightcase.com\/tr\/product\/flightcase-vlindersloten-loc401\/\" \/>\n<meta property=\"og:site_name\" content=\"https:\/\/sxflightcase.com\" \/>\n<meta property=\"article:publisher\" content=\"https:\/\/www.facebook.com\/profile.php?id=61560407257971\" \/>\n<meta property=\"article:modified_time\" content=\"2024-08-07T06:18:57+00:00\" \/>\n<meta property=\"og:image\" content=\"https:\/\/sxflightcase.com\/wp-content\/uploads\/2024\/07\/LOC401.jpg\" \/>\n\t<meta property=\"og:image:width\" content=\"700\" \/>\n\t<meta property=\"og:image:height\" content=\"700\" \/>\n\t<meta property=\"og:image:type\" content=\"image\/jpeg\" \/>\n<meta name=\"twitter:card\" content=\"summary_large_image\" \/>\n<meta name=\"twitter:label1\" content=\"Tahmini okuma s\u00fcresi\" \/>\n\t<meta name=\"twitter:data1\" content=\"3 dakika\" \/>\n<script type=\"application\/ld+json\" class=\"yoast-schema-graph\">{\"@context\":\"https:\/\/schema.org\",\"@graph\":[{\"@type\":\"WebPage\",\"@id\":\"https:\/\/sxflightcase.com\/nl\/product\/flightcase-vlindersloten-loc401\/\",\"url\":\"https:\/\/sxflightcase.com\/nl\/product\/flightcase-vlindersloten-loc401\/\",\"name\":\"Flight Case Butterfly Latches LOC401 - https:\/\/sxflightcase.com \ud83d\udc97\",\"isPartOf\":{\"@id\":\"https:\/\/sxflightcase.com\/th\/#website\"},\"primaryImageOfPage\":{\"@id\":\"https:\/\/sxflightcase.com\/nl\/product\/flightcase-vlindersloten-loc401\/#primaryimage\"},\"image\":{\"@id\":\"https:\/\/sxflightcase.com\/nl\/product\/flightcase-vlindersloten-loc401\/#primaryimage\"},\"thumbnailUrl\":\"https:\/\/sxflightcase.com\/wp-content\/uploads\/2024\/07\/LOC401.jpg\",\"datePublished\":\"2024-08-07T06:18:55+00:00\",\"dateModified\":\"2024-08-07T06:18:57+00:00\",\"description\":\"Flight case butterfly latches, factory direct! Secure, high-quality latches with a butterfly mechanism. Ideal for protecting equipment in transit, offering durability and easy access.\",\"breadcrumb\":{\"@id\":\"https:\/\/sxflightcase.com\/nl\/product\/flightcase-vlindersloten-loc401\/#breadcrumb\"},\"inLanguage\":\"tr\",\"potentialAction\":[{\"@type\":\"ReadAction\",\"target\":[\"https:\/\/sxflightcase.com\/nl\/product\/flightcase-vlindersloten-loc401\/\"]}]},{\"@type\":\"ImageObject\",\"inLanguage\":\"tr\",\"@id\":\"https:\/\/sxflightcase.com\/nl\/product\/flightcase-vlindersloten-loc401\/#primaryimage\",\"url\":\"https:\/\/sxflightcase.com\/wp-content\/uploads\/2024\/07\/LOC401.jpg\",\"contentUrl\":\"https:\/\/sxflightcase.com\/wp-content\/uploads\/2024\/07\/LOC401.jpg\",\"width\":700,\"height\":700,\"caption\":\"Flight Case Butterfly Latches\"},{\"@type\":\"BreadcrumbList\",\"@id\":\"https:\/\/sxflightcase.com\/nl\/product\/flightcase-vlindersloten-loc401\/#breadcrumb\",\"itemListElement\":[{\"@type\":\"ListItem\",\"position\":1,\"name\":\"Home\",\"item\":\"https:\/\/sxflightcase.com\/\"},{\"@type\":\"ListItem\",\"position\":2,\"name\":\"\u0e2a\u0e34\u0e19\u0e04\u0e49\u0e32\",\"item\":\"https:\/\/sxflightcase.com\/th\/shop\/\"},{\"@type\":\"ListItem\",\"position\":3,\"name\":\"Flight Case Butterfly Latches LOC401\"}]},{\"@type\":\"WebSite\",\"@id\":\"https:\/\/sxflightcase.com\/th\/#website\",\"url\":\"https:\/\/sxflightcase.com\/th\/\",\"name\":\"sxpowercase.com\",\"description\":\"Flight Case Factory\",\"publisher\":{\"@id\":\"https:\/\/sxflightcase.com\/th\/#organization\"},\"potentialAction\":[{\"@type\":\"SearchAction\",\"target\":{\"@type\":\"EntryPoint\",\"urlTemplate\":\"https:\/\/sxflightcase.com\/th\/?s={search_term_string}\"},\"query-input\":{\"@type\":\"PropertyValueSpecification\",\"valueRequired\":true,\"valueName\":\"search_term_string\"}}],\"inLanguage\":\"tr\"},{\"@type\":\"Organization\",\"@id\":\"https:\/\/sxflightcase.com\/th\/#organization\",\"name\":\"sxpowercase.com\",\"url\":\"https:\/\/sxflightcase.com\/th\/\",\"logo\":{\"@type\":\"ImageObject\",\"inLanguage\":\"tr\",\"@id\":\"https:\/\/sxflightcase.com\/th\/#\/schema\/logo\/image\/\",\"url\":\"https:\/\/sxflightcase.com\/wp-content\/uploads\/2024\/04\/1713919036007.jpg\",\"contentUrl\":\"https:\/\/sxflightcase.com\/wp-content\/uploads\/2024\/04\/1713919036007.jpg\",\"width\":382,\"height\":388,\"caption\":\"sxpowercase.com\"},\"image\":{\"@id\":\"https:\/\/sxflightcase.com\/th\/#\/schema\/logo\/image\/\"},\"sameAs\":[\"https:\/\/www.facebook.com\/profile.php?id=61560407257971\"],\"numberOfEmployees\":{\"@type\":\"QuantitativeValue\",\"minValue\":\"11\",\"maxValue\":\"50\"}}]}<\/script>\n<!-- \/ Yoast SEO Premium plugin. -->","yoast_head_json":{"title":"Flight Case Butterfly Latches LOC401 - https:\/\/sxflightcase.com \ud83d\udc97","description":"U\u00e7u\u015f \u00e7antas\u0131 kelebek mandallar\u0131, do\u011frudan fabrika \u00e7\u0131k\u0131\u015f\u0131! Kelebek mekanizmal\u0131 g\u00fcvenli, y\u00fcksek kaliteli mandallar. Ta\u015f\u0131ma s\u0131ras\u0131nda ekipman\u0131 korumak i\u00e7in idealdir, dayan\u0131kl\u0131l\u0131k ve kolay eri\u015fim sunar.","robots":{"index":"index","follow":"follow","max-snippet":"max-snippet:-1","max-image-preview":"max-image-preview:large","max-video-preview":"max-video-preview:-1"},"canonical":"https:\/\/sxflightcase.com\/tr\/product\/flightcase-vlindersloten-loc401\/","og_locale":"tr_TR","og_type":"article","og_title":"Flight Case Butterfly Latches LOC401","og_description":"Flight case butterfly latches, factory direct! Secure, high-quality latches with a butterfly mechanism. Ideal for protecting equipment in transit, offering durability and easy access.","og_url":"https:\/\/sxflightcase.com\/tr\/product\/flightcase-vlindersloten-loc401\/","og_site_name":"https:\/\/sxflightcase.com","article_publisher":"https:\/\/www.facebook.com\/profile.php?id=61560407257971","article_modified_time":"2024-08-07T06:18:57+00:00","og_image":[{"width":700,"height":700,"url":"https:\/\/sxflightcase.com\/wp-content\/uploads\/2024\/07\/LOC401.jpg","type":"image\/jpeg"}],"twitter_card":"summary_large_image","twitter_misc":{"Tahmini okuma s\u00fcresi":"3 dakika"},"schema":{"@context":"https:\/\/schema.org","@graph":[{"@type":"WebPage","@id":"https:\/\/sxflightcase.com\/nl\/product\/flightcase-vlindersloten-loc401\/","url":"https:\/\/sxflightcase.com\/nl\/product\/flightcase-vlindersloten-loc401\/","name":"Flight Case Butterfly Latches LOC401 - https:\/\/sxflightcase.com \ud83d\udc97","isPartOf":{"@id":"https:\/\/sxflightcase.com\/th\/#website"},"primaryImageOfPage":{"@id":"https:\/\/sxflightcase.com\/nl\/product\/flightcase-vlindersloten-loc401\/#primaryimage"},"image":{"@id":"https:\/\/sxflightcase.com\/nl\/product\/flightcase-vlindersloten-loc401\/#primaryimage"},"thumbnailUrl":"https:\/\/sxflightcase.com\/wp-content\/uploads\/2024\/07\/LOC401.jpg","datePublished":"2024-08-07T06:18:55+00:00","dateModified":"2024-08-07T06:18:57+00:00","description":"U\u00e7u\u015f \u00e7antas\u0131 kelebek mandallar\u0131, do\u011frudan fabrika \u00e7\u0131k\u0131\u015f\u0131! Kelebek mekanizmal\u0131 g\u00fcvenli, y\u00fcksek kaliteli mandallar. Ta\u015f\u0131ma s\u0131ras\u0131nda ekipman\u0131 korumak i\u00e7in idealdir, dayan\u0131kl\u0131l\u0131k ve kolay eri\u015fim sunar.","breadcrumb":{"@id":"https:\/\/sxflightcase.com\/nl\/product\/flightcase-vlindersloten-loc401\/#breadcrumb"},"inLanguage":"tr","potentialAction":[{"@type":"ReadAction","target":["https:\/\/sxflightcase.com\/nl\/product\/flightcase-vlindersloten-loc401\/"]}]},{"@type":"ImageObject","inLanguage":"tr","@id":"https:\/\/sxflightcase.com\/nl\/product\/flightcase-vlindersloten-loc401\/#primaryimage","url":"https:\/\/sxflightcase.com\/wp-content\/uploads\/2024\/07\/LOC401.jpg","contentUrl":"https:\/\/sxflightcase.com\/wp-content\/uploads\/2024\/07\/LOC401.jpg","width":700,"height":700,"caption":"Flight Case Butterfly Latches"},{"@type":"BreadcrumbList","@id":"https:\/\/sxflightcase.com\/nl\/product\/flightcase-vlindersloten-loc401\/#breadcrumb","itemListElement":[{"@type":"ListItem","position":1,"name":"Home","item":"https:\/\/sxflightcase.com\/"},{"@type":"ListItem","position":2,"name":"\u0e2a\u0e34\u0e19\u0e04\u0e49\u0e32","item":"https:\/\/sxflightcase.com\/th\/shop\/"},{"@type":"ListItem","position":3,"name":"Flight Case Butterfly Latches LOC401"}]},{"@type":"WebSite","@id":"https:\/\/sxflightcase.com\/th\/#website","url":"https:\/\/sxflightcase.com\/th\/","name":"sxpowercase.com","description":"U\u00e7u\u015f \u00c7antas\u0131 Fabrikas\u0131","publisher":{"@id":"https:\/\/sxflightcase.com\/th\/#organization"},"potentialAction":[{"@type":"SearchAction","target":{"@type":"EntryPoint","urlTemplate":"https:\/\/sxflightcase.com\/th\/?s={search_term_string}"},"query-input":{"@type":"PropertyValueSpecification","valueRequired":true,"valueName":"search_term_string"}}],"inLanguage":"tr"},{"@type":"Organization","@id":"https:\/\/sxflightcase.com\/th\/#organization","name":"sxpowercase.com","url":"https:\/\/sxflightcase.com\/th\/","logo":{"@type":"ImageObject","inLanguage":"tr","@id":"https:\/\/sxflightcase.com\/th\/#\/schema\/logo\/image\/","url":"https:\/\/sxflightcase.com\/wp-content\/uploads\/2024\/04\/1713919036007.jpg","contentUrl":"https:\/\/sxflightcase.com\/wp-content\/uploads\/2024\/04\/1713919036007.jpg","width":382,"height":388,"caption":"sxpowercase.com"},"image":{"@id":"https:\/\/sxflightcase.com\/th\/#\/schema\/logo\/image\/"},"sameAs":["https:\/\/www.facebook.com\/profile.php?id=61560407257971"],"numberOfEmployees":{"@type":"QuantitativeValue","minValue":"11","maxValue":"50"}}]}},"_links":{"self":[{"href":"https:\/\/sxflightcase.com\/tr\/wp-json\/wp\/v2\/product\/3978","targetHints":{"allow":["GET"]}}],"collection":[{"href":"https:\/\/sxflightcase.com\/tr\/wp-json\/wp\/v2\/product"}],"about":[{"href":"https:\/\/sxflightcase.com\/tr\/wp-json\/wp\/v2\/types\/product"}],"replies":[{"embeddable":true,"href":"https:\/\/sxflightcase.com\/tr\/wp-json\/wp\/v2\/comments?post=3978"}],"version-history":[{"count":0,"href":"https:\/\/sxflightcase.com\/tr\/wp-json\/wp\/v2\/product\/3978\/revisions"}],"wp:featuredmedia":[{"embeddable":true,"href":"https:\/\/sxflightcase.com\/tr\/wp-json\/wp\/v2\/media\/3798"}],"wp:attachment":[{"href":"https:\/\/sxflightcase.com\/tr\/wp-json\/wp\/v2\/media?parent=3978"}],"wp:term":[{"taxonomy":"product_brand","embeddable":true,"href":"https:\/\/sxflightcase.com\/tr\/wp-json\/wp\/v2\/product_brand?post=3978"},{"taxonomy":"product_cat","embeddable":true,"href":"https:\/\/sxflightcase.com\/tr\/wp-json\/wp\/v2\/product_cat?post=3978"},{"taxonomy":"product_tag","embeddable":true,"href":"https:\/\/sxflightcase.com\/tr\/wp-json\/wp\/v2\/product_tag?post=3978"}],"curies":[{"name":"wp","href":"https:\/\/api.w.org\/{rel}","templated":true}]}}