{"id":3980,"date":"2024-08-07T07:33:45","date_gmt":"2024-08-07T06:33:45","guid":{"rendered":"https:\/\/sxpowercase.com\/?post_type=product&#038;p=3980"},"modified":"2024-08-07T07:33:45","modified_gmt":"2024-08-07T06:33:45","slug":"locking-butterfly-latches-lod101","status":"publish","type":"product","link":"https:\/\/sxflightcase.com\/tr\/urun\/ki\u0307li\u0307tli\u0307-kelebek-mandallar-lod101-2\/","title":{"rendered":"Kilitleme Kelebek Mandallar\u0131 LOD101"},"content":{"rendered":"<h3>SX'in Kilitli Kelebek Mandallar\u0131 ile E\u015fyalar\u0131n\u0131z\u0131 G\u00fcvende Tutun<\/h3>\n<h4>Uygun Fiyatl\u0131 G\u00fcvenlik i\u00e7in Do\u011frudan Fabrika Fiyatland\u0131rmas\u0131<\/h4>\n<p>SX y\u00fcksek kalite sunar <strong>kilitli kelebek mandallar<\/strong> ekipman\u0131n\u0131z\u0131 g\u00fcvence alt\u0131na almay\u0131 kolay ve uygun fiyatl\u0131 hale getirir. Arac\u0131lar\u0131 ortadan kald\u0131rarak, birinci s\u0131n\u0131f mandallar\u0131 d\u00fc\u015f\u00fck maliyetle sa\u011fl\u0131yoruz ve kaliteden \u00f6d\u00fcn vermeden m\u00fckemmel bir de\u011fer elde etmenizi sa\u011fl\u0131yoruz.<\/p>\n<h4>Maksimum Dayan\u0131kl\u0131l\u0131k i\u00e7in Sa\u011flam Tasar\u0131m<\/h4>\n<p>Bizim <strong>kilitli kelebek mandallar<\/strong> en zorlu ko\u015fullara dayanacak \u015fekilde tasarlanm\u0131\u015ft\u0131r. Y\u00fcksek kaliteli malzemelerden \u00fcretilen bu mandallar uzun \u00f6m\u00fcrl\u00fcd\u00fcr ve ekipman\u0131n\u0131z i\u00e7in g\u00fcvenilir g\u00fcvenlik sa\u011flar. \u0130ster hassas ekipmanlarla seyahat ediyor olun, ister sadece \u00e7antalar\u0131n\u0131z i\u00e7in sa\u011flam kapaklara ihtiyac\u0131n\u0131z olsun, <a href=\"https:\/\/sxpowercase.com\/\" target=\"_blank\" rel=\"noopener\" title=\"SX\" data-wpil-monitor-id=\"634\">SX<\/a> mandallar ihtiyac\u0131n\u0131z olan dayan\u0131kl\u0131l\u0131\u011f\u0131 sunar.<\/p>\n<h4>Her \u0130htiyaca Uygun \u00d6zelle\u015ftirilebilir \u00c7\u00f6z\u00fcmler<\/h4>\n<p>SX olarak, farkl\u0131 projelerin kendine \u00f6zg\u00fc gereksinimleri oldu\u011funu biliyoruz. Bu nedenle, projelerimiz i\u00e7in \u00f6zelle\u015ftirme se\u00e7enekleri sunuyoruz. <strong>kilitli kelebek mandallar<\/strong>. Belirli boyutlardan benzersiz y\u00fczeylere kadar, \u00fcr\u00fcnlerimizi tam spesifikasyonlar\u0131n\u0131za uyacak \u015fekilde uyarlayabiliriz. Bu \u00f6zelle\u015ftirme, \u00e7antalar\u0131n\u0131z i\u00e7in m\u00fckemmel bir uyum ve geli\u015fmi\u015f g\u00fcvenlik sa\u011flar.<\/p>\n<h4>Titiz Kalite G\u00fcvencesi<\/h4>\n<p>SX'te kalite en \u00f6nemli \u00f6nceliktir. Her biri <strong>kilitli kelebek mandal<\/strong> s\u0131k\u0131 standartlar\u0131m\u0131z\u0131 kar\u015f\u0131lamak i\u00e7in titizlikle test edilir. Kalite g\u00fcvencesine olan bu ba\u011fl\u0131l\u0131k, mandallar\u0131m\u0131z\u0131n tutarl\u0131 ve g\u00fcvenilir performans g\u00f6stermesini garanti eder. Seyahatleriniz sizi nereye g\u00f6t\u00fcr\u00fcrse g\u00f6t\u00fcrs\u00fcn, ekipmanlar\u0131n\u0131z\u0131 g\u00fcvende tutmak i\u00e7in SX mandallar\u0131na g\u00fcvenebilirsiniz.<\/p>\n<h4>Neden SX&#039;i Se\u00e7melisiniz?<\/h4>\n<p>SX'i se\u00e7mek, kalite ve m\u00fc\u015fteri memnuniyetine olan ba\u011fl\u0131l\u0131\u011f\u0131yla bilinen bir markay\u0131 se\u00e7mek anlam\u0131na gelir. Bizim <strong>kilitli kelebek mandallar<\/strong> sadece uygun fiyatl\u0131 de\u011fil, ayn\u0131 zamanda son derece g\u00fcvenilirdir. Kasalar\u0131 i\u00e7in dayan\u0131kl\u0131 ve g\u00fcvenli donan\u0131ma ihtiya\u00e7 duyan profesyonellerin ihtiya\u00e7lar\u0131n\u0131 kar\u015f\u0131layan \u00fcr\u00fcnler sunmaktan gurur duyuyoruz.<\/p>\n<h4>Uzman Deste\u011fi ve Ki\u015fiye \u00d6zel Hizmet<\/h4>\n<p>SX \u00fcr\u00fcnlerden daha fazlas\u0131n\u0131 sunar; eksiksiz bir hizmet deneyimi sa\u011flar\u0131z. Bilgili ekibimiz her t\u00fcrl\u00fc sorunuza yard\u0131mc\u0131 olmak ve \u00f6zel ihtiya\u00e7lar\u0131n\u0131za g\u00f6re uyarlanm\u0131\u015f \u00f6zel \u00e7\u00f6z\u00fcmler sunmak i\u00e7in burada. \u0130ster tek bir \u00fcr\u00fcne ihtiyac\u0131n\u0131z olsun <strong>kilitli kelebek mandal<\/strong> veya b\u00fcy\u00fck bir sipari\u015f, yard\u0131m etmeye haz\u0131r\u0131z.<\/p>\n<h4>Ekipman\u0131n\u0131z\u0131 G\u00fcvenle Koruyun<\/h4>\n<p>Ekipman\u0131n\u0131z\u0131n g\u00fcvenli\u011finden \u00f6d\u00fcn vermeyin. SX'in <strong>kilitli kelebek mandallar<\/strong>ile kurulumu kolay ve uzun s\u00fcre dayanacak \u015fekilde \u00fcretilmi\u015f y\u00fcksek kaliteli, uygun fiyatl\u0131 g\u00fcvenlik elde edersiniz. Dayan\u0131kl\u0131 ve \u00f6zelle\u015ftirilebilir mandal \u00e7\u00f6z\u00fcmlerimizle ekipman\u0131n\u0131z\u0131 g\u00fcvence alt\u0131na alman\u0131za nas\u0131l yard\u0131mc\u0131 olabilece\u011fimizi \u00f6\u011frenmek i\u00e7in bug\u00fcn bize ula\u015f\u0131n. T\u00fcm kasa donan\u0131m\u0131 ihtiya\u00e7lar\u0131n\u0131z i\u00e7in SX'e g\u00fcvenin ve ekipman\u0131n\u0131z\u0131n korundu\u011funu bilmenin getirdi\u011fi huzurun tad\u0131n\u0131 \u00e7\u0131kar\u0131n.<\/p>","protected":false},"excerpt":{"rendered":"<div class=\"flex max-w-full flex-col flex-grow\">\n<div class=\"min-h-[20px] text-message flex w-full flex-col items-end gap-2 whitespace-pre-wrap break-words [.text-message+&amp;]:mt-5 overflow-x-auto\" dir=\"auto\" data-message-author-role=\"assistant\" data-message-id=\"ef8d884f-9672-488c-9e51-498098491c76\">\n<div class=\"flex w-full flex-col gap-1 empty:hidden first:pt-[3px]\">\n<div class=\"markdown prose w-full break-words dark:prose-invert light\">\n<h3>Affordable, Secure Locking Butterfly Latches<\/h3>\n<p>Get high-quality locking butterfly latches from SX at factory-direct prices. Our durable latches offer reliable security for your gear without breaking the bank.<\/p>\n<h3>Durable and Customisable<\/h3>\n<p>Built to last, SX locking butterfly latches are made from robust materials and can be customised to fit your specific needs. They provide a secure closure and additional protection with their lockable feature.<\/p>\n<h3>Easy Installation and Quality Assurance<\/h3>\n<p>SX latches are easy to install and rigorously tested for strength and reliability. Trust our products to safeguard your equipment with consistent, dependable performance.<\/p>\n<\/div>\n<\/div>\n<\/div>\n<\/div>\n","protected":false},"featured_media":3800,"comment_status":"open","ping_status":"closed","template":"","meta":[],"product_brand":[],"product_cat":[61],"product_tag":[],"class_list":{"0":"post-3980","1":"product","2":"type-product","3":"status-publish","4":"has-post-thumbnail","6":"product_cat-catchother-locks","8":"first","9":"instock","10":"shipping-taxable","11":"product-type-simple"},"yoast_head":"<!-- This site is optimized with the Yoast SEO Premium plugin v27.1 (Yoast SEO v27.2) - https:\/\/yoast.com\/product\/yoast-seo-premium-wordpress\/ -->\n<title>Locking Butterfly Latches LOD101 - https:\/\/sxflightcase.com \ud83d\udc97<\/title>\n<meta name=\"description\" content=\"Locking butterfly latches, factory direct! High-quality, secure latch with a locking mechanism. Perfect for safeguarding equipment in flight cases.\" \/>\n<meta name=\"robots\" content=\"index, follow, max-snippet:-1, max-image-preview:large, max-video-preview:-1\" \/>\n<link rel=\"canonical\" href=\"https:\/\/sxflightcase.com\/tr\/urun\/ki\u0307li\u0307tli\u0307-kelebek-mandallar-lod101-2\/\" \/>\n<meta property=\"og:locale\" content=\"tr_TR\" \/>\n<meta property=\"og:type\" content=\"article\" \/>\n<meta property=\"og:title\" content=\"Locking Butterfly Latches LOD101\" \/>\n<meta property=\"og:description\" content=\"Locking butterfly latches, factory direct! High-quality, secure latch with a locking mechanism. Perfect for safeguarding equipment in flight cases.\" \/>\n<meta property=\"og:url\" content=\"https:\/\/sxflightcase.com\/tr\/urun\/ki\u0307li\u0307tli\u0307-kelebek-mandallar-lod101-2\/\" \/>\n<meta property=\"og:site_name\" content=\"https:\/\/sxflightcase.com\" \/>\n<meta property=\"article:publisher\" content=\"https:\/\/www.facebook.com\/profile.php?id=61560407257971\" \/>\n<meta property=\"og:image\" content=\"https:\/\/sxflightcase.com\/wp-content\/uploads\/2024\/07\/LOD101.jpg\" \/>\n\t<meta property=\"og:image:width\" content=\"700\" \/>\n\t<meta property=\"og:image:height\" content=\"700\" \/>\n\t<meta property=\"og:image:type\" content=\"image\/jpeg\" \/>\n<meta name=\"twitter:card\" content=\"summary_large_image\" \/>\n<meta name=\"twitter:label1\" content=\"Tahmini okuma s\u00fcresi\" \/>\n\t<meta name=\"twitter:data1\" content=\"3 dakika\" \/>\n<script type=\"application\/ld+json\" class=\"yoast-schema-graph\">{\"@context\":\"https:\/\/schema.org\",\"@graph\":[{\"@type\":\"WebPage\",\"@id\":\"https:\/\/sxflightcase.com\/product\/locking-butterfly-latches-lod101\/\",\"url\":\"https:\/\/sxflightcase.com\/product\/locking-butterfly-latches-lod101\/\",\"name\":\"Locking Butterfly Latches LOD101 - https:\/\/sxflightcase.com \ud83d\udc97\",\"isPartOf\":{\"@id\":\"https:\/\/sxflightcase.com\/th\/#website\"},\"primaryImageOfPage\":{\"@id\":\"https:\/\/sxflightcase.com\/product\/locking-butterfly-latches-lod101\/#primaryimage\"},\"image\":{\"@id\":\"https:\/\/sxflightcase.com\/product\/locking-butterfly-latches-lod101\/#primaryimage\"},\"thumbnailUrl\":\"https:\/\/sxflightcase.com\/wp-content\/uploads\/2024\/07\/LOD101.jpg\",\"datePublished\":\"2024-08-07T06:33:45+00:00\",\"description\":\"Locking butterfly latches, factory direct! High-quality, secure latch with a locking mechanism. Perfect for safeguarding equipment in flight cases.\",\"breadcrumb\":{\"@id\":\"https:\/\/sxflightcase.com\/product\/locking-butterfly-latches-lod101\/#breadcrumb\"},\"inLanguage\":\"tr\",\"potentialAction\":[{\"@type\":\"ReadAction\",\"target\":[\"https:\/\/sxflightcase.com\/product\/locking-butterfly-latches-lod101\/\"]}]},{\"@type\":\"ImageObject\",\"inLanguage\":\"tr\",\"@id\":\"https:\/\/sxflightcase.com\/product\/locking-butterfly-latches-lod101\/#primaryimage\",\"url\":\"https:\/\/sxflightcase.com\/wp-content\/uploads\/2024\/07\/LOD101.jpg\",\"contentUrl\":\"https:\/\/sxflightcase.com\/wp-content\/uploads\/2024\/07\/LOD101.jpg\",\"width\":700,\"height\":700,\"caption\":\"Locking Butterfly Latches\"},{\"@type\":\"BreadcrumbList\",\"@id\":\"https:\/\/sxflightcase.com\/product\/locking-butterfly-latches-lod101\/#breadcrumb\",\"itemListElement\":[{\"@type\":\"ListItem\",\"position\":1,\"name\":\"Home\",\"item\":\"https:\/\/sxflightcase.com\/\"},{\"@type\":\"ListItem\",\"position\":2,\"name\":\"\u0e2a\u0e34\u0e19\u0e04\u0e49\u0e32\",\"item\":\"https:\/\/sxflightcase.com\/th\/shop\/\"},{\"@type\":\"ListItem\",\"position\":3,\"name\":\"Locking Butterfly Latches LOD101\"}]},{\"@type\":\"WebSite\",\"@id\":\"https:\/\/sxflightcase.com\/th\/#website\",\"url\":\"https:\/\/sxflightcase.com\/th\/\",\"name\":\"sxpowercase.com\",\"description\":\"Flight Case Factory\",\"publisher\":{\"@id\":\"https:\/\/sxflightcase.com\/th\/#organization\"},\"potentialAction\":[{\"@type\":\"SearchAction\",\"target\":{\"@type\":\"EntryPoint\",\"urlTemplate\":\"https:\/\/sxflightcase.com\/th\/?s={search_term_string}\"},\"query-input\":{\"@type\":\"PropertyValueSpecification\",\"valueRequired\":true,\"valueName\":\"search_term_string\"}}],\"inLanguage\":\"tr\"},{\"@type\":\"Organization\",\"@id\":\"https:\/\/sxflightcase.com\/th\/#organization\",\"name\":\"sxpowercase.com\",\"url\":\"https:\/\/sxflightcase.com\/th\/\",\"logo\":{\"@type\":\"ImageObject\",\"inLanguage\":\"tr\",\"@id\":\"https:\/\/sxflightcase.com\/th\/#\/schema\/logo\/image\/\",\"url\":\"https:\/\/sxflightcase.com\/wp-content\/uploads\/2024\/04\/1713919036007.jpg\",\"contentUrl\":\"https:\/\/sxflightcase.com\/wp-content\/uploads\/2024\/04\/1713919036007.jpg\",\"width\":382,\"height\":388,\"caption\":\"sxpowercase.com\"},\"image\":{\"@id\":\"https:\/\/sxflightcase.com\/th\/#\/schema\/logo\/image\/\"},\"sameAs\":[\"https:\/\/www.facebook.com\/profile.php?id=61560407257971\"],\"numberOfEmployees\":{\"@type\":\"QuantitativeValue\",\"minValue\":\"11\",\"maxValue\":\"50\"}}]}<\/script>\n<!-- \/ Yoast SEO Premium plugin. -->","yoast_head_json":{"title":"Locking Butterfly Latches LOD101 - https:\/\/sxflightcase.com \ud83d\udc97","description":"Kilitli kelebek mandallar, do\u011frudan fabrika \u00e7\u0131k\u0131\u015f\u0131! Kilitleme mekanizmas\u0131na sahip y\u00fcksek kaliteli, g\u00fcvenli mandal. U\u00e7u\u015f \u00e7antalar\u0131ndaki ekipman\u0131 korumak i\u00e7in m\u00fckemmeldir.","robots":{"index":"index","follow":"follow","max-snippet":"max-snippet:-1","max-image-preview":"max-image-preview:large","max-video-preview":"max-video-preview:-1"},"canonical":"https:\/\/sxflightcase.com\/tr\/urun\/ki\u0307li\u0307tli\u0307-kelebek-mandallar-lod101-2\/","og_locale":"tr_TR","og_type":"article","og_title":"Locking Butterfly Latches LOD101","og_description":"Locking butterfly latches, factory direct! High-quality, secure latch with a locking mechanism. Perfect for safeguarding equipment in flight cases.","og_url":"https:\/\/sxflightcase.com\/tr\/urun\/ki\u0307li\u0307tli\u0307-kelebek-mandallar-lod101-2\/","og_site_name":"https:\/\/sxflightcase.com","article_publisher":"https:\/\/www.facebook.com\/profile.php?id=61560407257971","og_image":[{"width":700,"height":700,"url":"https:\/\/sxflightcase.com\/wp-content\/uploads\/2024\/07\/LOD101.jpg","type":"image\/jpeg"}],"twitter_card":"summary_large_image","twitter_misc":{"Tahmini okuma s\u00fcresi":"3 dakika"},"schema":{"@context":"https:\/\/schema.org","@graph":[{"@type":"WebPage","@id":"https:\/\/sxflightcase.com\/product\/locking-butterfly-latches-lod101\/","url":"https:\/\/sxflightcase.com\/product\/locking-butterfly-latches-lod101\/","name":"Locking Butterfly Latches LOD101 - https:\/\/sxflightcase.com \ud83d\udc97","isPartOf":{"@id":"https:\/\/sxflightcase.com\/th\/#website"},"primaryImageOfPage":{"@id":"https:\/\/sxflightcase.com\/product\/locking-butterfly-latches-lod101\/#primaryimage"},"image":{"@id":"https:\/\/sxflightcase.com\/product\/locking-butterfly-latches-lod101\/#primaryimage"},"thumbnailUrl":"https:\/\/sxflightcase.com\/wp-content\/uploads\/2024\/07\/LOD101.jpg","datePublished":"2024-08-07T06:33:45+00:00","description":"Kilitli kelebek mandallar, do\u011frudan fabrika \u00e7\u0131k\u0131\u015f\u0131! Kilitleme mekanizmas\u0131na sahip y\u00fcksek kaliteli, g\u00fcvenli mandal. U\u00e7u\u015f \u00e7antalar\u0131ndaki ekipman\u0131 korumak i\u00e7in m\u00fckemmeldir.","breadcrumb":{"@id":"https:\/\/sxflightcase.com\/product\/locking-butterfly-latches-lod101\/#breadcrumb"},"inLanguage":"tr","potentialAction":[{"@type":"ReadAction","target":["https:\/\/sxflightcase.com\/product\/locking-butterfly-latches-lod101\/"]}]},{"@type":"ImageObject","inLanguage":"tr","@id":"https:\/\/sxflightcase.com\/product\/locking-butterfly-latches-lod101\/#primaryimage","url":"https:\/\/sxflightcase.com\/wp-content\/uploads\/2024\/07\/LOD101.jpg","contentUrl":"https:\/\/sxflightcase.com\/wp-content\/uploads\/2024\/07\/LOD101.jpg","width":700,"height":700,"caption":"Locking Butterfly Latches"},{"@type":"BreadcrumbList","@id":"https:\/\/sxflightcase.com\/product\/locking-butterfly-latches-lod101\/#breadcrumb","itemListElement":[{"@type":"ListItem","position":1,"name":"Home","item":"https:\/\/sxflightcase.com\/"},{"@type":"ListItem","position":2,"name":"\u0e2a\u0e34\u0e19\u0e04\u0e49\u0e32","item":"https:\/\/sxflightcase.com\/th\/shop\/"},{"@type":"ListItem","position":3,"name":"Locking Butterfly Latches LOD101"}]},{"@type":"WebSite","@id":"https:\/\/sxflightcase.com\/th\/#website","url":"https:\/\/sxflightcase.com\/th\/","name":"sxpowercase.com","description":"U\u00e7u\u015f \u00c7antas\u0131 Fabrikas\u0131","publisher":{"@id":"https:\/\/sxflightcase.com\/th\/#organization"},"potentialAction":[{"@type":"SearchAction","target":{"@type":"EntryPoint","urlTemplate":"https:\/\/sxflightcase.com\/th\/?s={search_term_string}"},"query-input":{"@type":"PropertyValueSpecification","valueRequired":true,"valueName":"search_term_string"}}],"inLanguage":"tr"},{"@type":"Organization","@id":"https:\/\/sxflightcase.com\/th\/#organization","name":"sxpowercase.com","url":"https:\/\/sxflightcase.com\/th\/","logo":{"@type":"ImageObject","inLanguage":"tr","@id":"https:\/\/sxflightcase.com\/th\/#\/schema\/logo\/image\/","url":"https:\/\/sxflightcase.com\/wp-content\/uploads\/2024\/04\/1713919036007.jpg","contentUrl":"https:\/\/sxflightcase.com\/wp-content\/uploads\/2024\/04\/1713919036007.jpg","width":382,"height":388,"caption":"sxpowercase.com"},"image":{"@id":"https:\/\/sxflightcase.com\/th\/#\/schema\/logo\/image\/"},"sameAs":["https:\/\/www.facebook.com\/profile.php?id=61560407257971"],"numberOfEmployees":{"@type":"QuantitativeValue","minValue":"11","maxValue":"50"}}]}},"_links":{"self":[{"href":"https:\/\/sxflightcase.com\/tr\/wp-json\/wp\/v2\/product\/3980","targetHints":{"allow":["GET"]}}],"collection":[{"href":"https:\/\/sxflightcase.com\/tr\/wp-json\/wp\/v2\/product"}],"about":[{"href":"https:\/\/sxflightcase.com\/tr\/wp-json\/wp\/v2\/types\/product"}],"replies":[{"embeddable":true,"href":"https:\/\/sxflightcase.com\/tr\/wp-json\/wp\/v2\/comments?post=3980"}],"version-history":[{"count":0,"href":"https:\/\/sxflightcase.com\/tr\/wp-json\/wp\/v2\/product\/3980\/revisions"}],"wp:featuredmedia":[{"embeddable":true,"href":"https:\/\/sxflightcase.com\/tr\/wp-json\/wp\/v2\/media\/3800"}],"wp:attachment":[{"href":"https:\/\/sxflightcase.com\/tr\/wp-json\/wp\/v2\/media?parent=3980"}],"wp:term":[{"taxonomy":"product_brand","embeddable":true,"href":"https:\/\/sxflightcase.com\/tr\/wp-json\/wp\/v2\/product_brand?post=3980"},{"taxonomy":"product_cat","embeddable":true,"href":"https:\/\/sxflightcase.com\/tr\/wp-json\/wp\/v2\/product_cat?post=3980"},{"taxonomy":"product_tag","embeddable":true,"href":"https:\/\/sxflightcase.com\/tr\/wp-json\/wp\/v2\/product_tag?post=3980"}],"curies":[{"name":"wp","href":"https:\/\/api.w.org\/{rel}","templated":true}]}}