{"id":4007,"date":"2024-08-08T07:22:13","date_gmt":"2024-08-08T06:22:13","guid":{"rendered":"https:\/\/sxpowercase.com\/?post_type=product&#038;p=4007"},"modified":"2024-08-08T07:22:14","modified_gmt":"2024-08-08T06:22:14","slug":"flight-case-handle-haa101","status":"publish","type":"product","link":"https:\/\/sxflightcase.com\/tr\/urun\/ucus-cantasi-kolu-haa101-2\/","title":{"rendered":"U\u00e7u\u015f \u00c7antas\u0131 Kolu HAA101"},"content":{"rendered":"<h3>SX'in U\u00e7u\u015f \u00c7antas\u0131 Sap\u0131 ile \u00dcst\u00fcn Kaliteyi Ke\u015ffedin<\/h3>\n<h4>Uygun Fiyatl\u0131 Fabrika Do\u011frudan Fiyatland\u0131rmas\u0131<\/h4>\n<p>SX olarak, birinci s\u0131n\u0131f kalitenin herkes i\u00e7in eri\u015filebilir olmas\u0131 gerekti\u011fine inan\u0131yoruz. Bizim <strong>U\u00e7u\u015f \u00c7antas\u0131 Kolu<\/strong>\u00a0y\u00fcksek kaliteli \u00fcr\u00fcnleri y\u00fcksek fiyat etiketi olmadan alman\u0131z\u0131 sa\u011flamak i\u00e7in fabrika do\u011frudan fiyatlar\u0131nda mevcuttur. Do\u011frudan \u00fcretim tesisimizden sat\u0131\u015f yaparak arac\u0131lar\u0131 devre d\u0131\u015f\u0131 b\u0131rak\u0131yor ve tasarruflar\u0131 do\u011frudan size aktar\u0131yoruz.<\/p>\n<h4>Ola\u011fan\u00fcst\u00fc Dayan\u0131kl\u0131l\u0131k ve Kalite G\u00fcvencesi<\/h4>\n<p>SX'in <strong>U\u00e7u\u015f \u00c7antas\u0131 Kollar\u0131<\/strong> uzun s\u00fcre dayanacak \u015fekilde \u00fcretilmi\u015ftir. Birinci s\u0131n\u0131f malzemelerden \u00fcretildikleri i\u00e7in e\u015fsiz bir g\u00fc\u00e7 ve dayan\u0131kl\u0131l\u0131k sunarlar. Her bir tutamak, y\u00fcksek standartlar\u0131m\u0131z\u0131 kar\u015f\u0131lad\u0131\u011f\u0131ndan emin olmak i\u00e7in s\u0131k\u0131 kalite g\u00fcvence kontrollerinden ge\u00e7irilir. G\u00fcvenebilirsiniz <a href=\"https:\/\/sxpowercase.com\/\" target=\"_blank\" rel=\"noopener\" title=\"SX\" data-wpil-monitor-id=\"636\">SX<\/a> En zorlu ko\u015fullarda bile zamana meydan okuyan kulplar i\u00e7in.<\/p>\n<h4>Benzersiz \u0130htiya\u00e7lar\u0131n\u0131za G\u00f6re \u00d6zelle\u015ftirme<\/h4>\n<p>Her projenin kendine \u00f6zg\u00fc gereksinimleri oldu\u011funu biliyoruz. Bu nedenle, \u00fcr\u00fcnlerimiz i\u00e7in \u00f6zelle\u015ftirme se\u00e7enekleri sunuyoruz. <strong>U\u00e7u\u015f \u00c7antas\u0131 Kollar\u0131<\/strong>. \u0130ster belirli bir boyuta, malzemeye veya tasar\u0131ma ihtiyac\u0131n\u0131z olsun, SX kulplar\u0131m\u0131z\u0131 tam spesifikasyonlar\u0131n\u0131z\u0131 kar\u015f\u0131layacak \u015fekilde uyarlayabilir. \u00d6zel kulplar m\u00fckemmel bir uyum sa\u011flar ve u\u00e7u\u015f \u00e7antalar\u0131n\u0131z\u0131n i\u015flevselli\u011fini art\u0131r\u0131r.<\/p>\n<h4>Her Durumda G\u00fcvenilir Performans<\/h4>\n<p>Bizim <strong>U\u00e7u\u015f \u00c7antas\u0131 Kollar\u0131<\/strong> \u00e7e\u015fitli ortamlarda g\u00fcvenilir performans g\u00f6sterecek \u015fekilde tasarlanm\u0131\u015ft\u0131r. \u0130ster hassas ekipman ister a\u011f\u0131r hizmet tipi ekipman ta\u015f\u0131yor olun, tutacaklar\u0131m\u0131z g\u00fcvenli ve rahat bir tutu\u015f sa\u011flar. Kulplar\u0131m\u0131z\u0131n sa\u011flam yap\u0131s\u0131, tekrarlanan kullan\u0131ma ve sert kullan\u0131ma dayanabilmelerini sa\u011flayarak onlar\u0131 profesyonel kullan\u0131m i\u00e7in ideal hale getirir.<\/p>\n<h4>Kalite ve G\u00fcvenilirlik i\u00e7in SX'i Se\u00e7in<\/h4>\n<p>SX'i se\u00e7ti\u011finizde, kalite ve g\u00fcvenilirlikle tan\u0131nan bir markay\u0131 se\u00e7mi\u015f olursunuz. Bizim <strong>U\u00e7u\u015f \u00c7antas\u0131 Kollar\u0131<\/strong> her bir par\u00e7an\u0131n kat\u0131 standartlar\u0131m\u0131z\u0131 kar\u015f\u0131lamas\u0131n\u0131 sa\u011flamak i\u00e7in detaylara titizlikle dikkat edilerek \u00fcretilmi\u015ftir. M\u00fc\u015fterilerimize i\u015flevsellik, dayan\u0131kl\u0131l\u0131k ve uygun fiyat\u0131 bir araya getiren \u00fcr\u00fcnler sunmaya kararl\u0131y\u0131z.<\/p>\n<h4>Uzman Deste\u011fi ve Hizmeti<\/h4>\n<p>SX'te bir tedarik\u00e7iden daha fazlas\u0131y\u0131z; ba\u015far\u0131 orta\u011f\u0131n\u0131z\u0131z. Uzman ekibimiz her t\u00fcrl\u00fc sorunuzda size yard\u0131mc\u0131 olmaya ve ihtiya\u00e7lar\u0131n\u0131za en uygun tutamak \u00e7\u00f6z\u00fcmleri konusunda rehberlik etmeye haz\u0131rd\u0131r. \u0130htiyac\u0131n\u0131z ister tek bir <strong>U\u00e7u\u015f \u00c7antas\u0131 Kolu<\/strong> veya toplu sipari\u015f, tam olarak ihtiyac\u0131n\u0131z olan\u0131 alman\u0131z\u0131 sa\u011flamak i\u00e7in buraday\u0131z.<\/p>\n<h4>\u015e\u0131k ve Fonksiyonel \u00c7\u00f6z\u00fcmler<\/h4>\n<p>SX'in <strong>U\u00e7u\u015f \u00c7antas\u0131 Kollar\u0131<\/strong> sadece pratik faydalar sunmakla kalmaz, ayn\u0131 zamanda \u00e7antalar\u0131n\u0131z\u0131n g\u00f6r\u00fcn\u00fcm\u00fcn\u00fc de g\u00fczelle\u015ftirir. Kulplar\u0131m\u0131z\u0131n \u015f\u0131k tasar\u0131m\u0131 ve y\u00fcksek kaliteli y\u00fczeyi, her u\u00e7u\u015f \u00e7antas\u0131na profesyonellik ve stil katar. \u0130\u015flevsel oldu\u011fu kadar \u00e7ekici kulplar sa\u011flama konusunda SX'e g\u00fcvenin.<\/p>\n<p>\u00dcr\u00fcnlerimiz hakk\u0131nda daha fazla bilgi edinmek i\u00e7in bug\u00fcn SX ile ileti\u015fime ge\u00e7in <strong>U\u00e7u\u015f \u00c7antas\u0131 Kollar\u0131<\/strong> ve t\u00fcm u\u00e7u\u015f \u00e7antas\u0131 ihtiya\u00e7lar\u0131n\u0131z i\u00e7in size nas\u0131l y\u00fcksek kaliteli, uygun fiyatl\u0131 ve \u00f6zelle\u015ftirilmi\u015f \u00e7\u00f6z\u00fcmler sunabilece\u011fimizi ke\u015ffedin.<\/p>\n<p>Hemen \u0130leti\u015fime Ge\u00e7in:<span style=\"color: #0000ff;\"><a style=\"color: #0000ff;\" href=\"https:\/\/sxpowercase.com\/contact-us\/\">https:\/\/sxpowercase.com\/<\/a><\/span><\/p>\n<p>Donan\u0131m \u00dcr\u00fcn Katalo\u011fu\uff1a<span style=\"color: #3366ff;\"><a style=\"color: #3366ff;\" href=\"https:\/\/sxpowercase.com\/wp-content\/uploads\/2024\/07\/\u4e94\u91d1.pdf\">Donan\u0131m aksesuarlar\u0131 katalo\u011fu<\/a><\/span><\/p>","protected":false},"excerpt":{"rendered":"<h3>Uygun Fiyatl\u0131, Y\u00fcksek Kaliteli U\u00e7u\u015f \u00c7antas\u0131 Kollar\u0131<\/h3>\n<p>SX, en kaliteli \u00fcr\u00fcnleri d\u00fc\u015f\u00fck maliyetlerle sunmak i\u00e7in arac\u0131lar\u0131 devre d\u0131\u015f\u0131 b\u0131rakarak fabrika do\u011frudan fiyatlar\u0131yla dayan\u0131kl\u0131 U\u00e7u\u015f \u00c7antas\u0131 Kollar\u0131 sunar.<\/p>\n<h3>\u00d6zelle\u015ftirilebilir ve G\u00fcvenilir Performans<\/h3>\n<p>Birinci s\u0131n\u0131f malzemelerden \u00fcretilen saplar\u0131m\u0131z, ihtiya\u00e7lar\u0131n\u0131z\u0131 tam olarak kar\u015f\u0131layacak \u015fekilde \u00f6zelle\u015ftirilebilir ve her ortamda g\u00fcvenli ve rahat bir tutu\u015f sa\u011flar.<\/p>\n<h3>\u015e\u0131k ve Dayan\u0131kl\u0131 \u00c7\u00f6z\u00fcmler<\/h3>\n<p>SX U\u00e7u\u015f \u00c7antas\u0131 Kollar\u0131, i\u015flevselli\u011fi \u015f\u0131k bir tasar\u0131mla birle\u015ftirerek \u00e7antalar\u0131n\u0131z\u0131n g\u00f6r\u00fcn\u00fcm\u00fcn\u00fc ve performans\u0131n\u0131 art\u0131r\u0131r. Y\u00fcksek kaliteli, uygun fiyatl\u0131 \u00e7\u00f6z\u00fcmler i\u00e7in bizimle ileti\u015fime ge\u00e7in.<\/p>","protected":false},"featured_media":4022,"comment_status":"open","ping_status":"closed","template":"","meta":[],"product_brand":[],"product_cat":[62],"product_tag":[],"class_list":{"0":"post-4007","1":"product","2":"type-product","3":"status-publish","4":"has-post-thumbnail","6":"product_cat-handles","8":"first","9":"instock","10":"shipping-taxable","11":"product-type-simple"},"yoast_head":"<!-- This site is optimized with the Yoast SEO Premium plugin v27.1 (Yoast SEO v27.2) - https:\/\/yoast.com\/product\/yoast-seo-premium-wordpress\/ -->\n<title>Flight Case Handle HAA101 - https:\/\/sxflightcase.com \ud83d\udc97<\/title>\n<meta name=\"description\" content=\"Flight case handle, factory direct! High-quality, durable handles designed for secure and comfortable transport of flight cases. Perfect for professionals and frequent travelers.\" \/>\n<meta name=\"robots\" content=\"index, follow, max-snippet:-1, max-image-preview:large, max-video-preview:-1\" \/>\n<link rel=\"canonical\" href=\"https:\/\/sxflightcase.com\/tr\/termek\/repulesi-tok-fogantyu-haa101\/\" \/>\n<meta property=\"og:locale\" content=\"tr_TR\" \/>\n<meta property=\"og:type\" content=\"article\" \/>\n<meta property=\"og:title\" content=\"Flight Case Handle HAA101\" \/>\n<meta property=\"og:description\" content=\"Flight case handle, factory direct! High-quality, durable handles designed for secure and comfortable transport of flight cases. Perfect for professionals and frequent travelers.\" \/>\n<meta property=\"og:url\" content=\"https:\/\/sxflightcase.com\/tr\/termek\/repulesi-tok-fogantyu-haa101\/\" \/>\n<meta property=\"og:site_name\" content=\"https:\/\/sxflightcase.com\" \/>\n<meta property=\"article:publisher\" content=\"https:\/\/www.facebook.com\/profile.php?id=61560407257971\" \/>\n<meta property=\"article:modified_time\" content=\"2024-08-08T06:22:14+00:00\" \/>\n<meta property=\"og:image\" content=\"https:\/\/sxflightcase.com\/wp-content\/uploads\/2024\/08\/HAA101.jpg\" \/>\n\t<meta property=\"og:image:width\" content=\"700\" \/>\n\t<meta property=\"og:image:height\" content=\"700\" \/>\n\t<meta property=\"og:image:type\" content=\"image\/jpeg\" \/>\n<meta name=\"twitter:card\" content=\"summary_large_image\" \/>\n<meta name=\"twitter:label1\" content=\"Tahmini okuma s\u00fcresi\" \/>\n\t<meta name=\"twitter:data1\" content=\"3 dakika\" \/>\n<script type=\"application\/ld+json\" class=\"yoast-schema-graph\">{\"@context\":\"https:\/\/schema.org\",\"@graph\":[{\"@type\":\"WebPage\",\"@id\":\"https:\/\/sxflightcase.com\/hu\/termek\/repulesi-tok-fogantyu-haa101\/\",\"url\":\"https:\/\/sxflightcase.com\/hu\/termek\/repulesi-tok-fogantyu-haa101\/\",\"name\":\"Flight Case Handle HAA101 - https:\/\/sxflightcase.com \ud83d\udc97\",\"isPartOf\":{\"@id\":\"https:\/\/sxflightcase.com\/th\/#website\"},\"primaryImageOfPage\":{\"@id\":\"https:\/\/sxflightcase.com\/hu\/termek\/repulesi-tok-fogantyu-haa101\/#primaryimage\"},\"image\":{\"@id\":\"https:\/\/sxflightcase.com\/hu\/termek\/repulesi-tok-fogantyu-haa101\/#primaryimage\"},\"thumbnailUrl\":\"https:\/\/sxflightcase.com\/wp-content\/uploads\/2024\/08\/HAA101.jpg\",\"datePublished\":\"2024-08-08T06:22:13+00:00\",\"dateModified\":\"2024-08-08T06:22:14+00:00\",\"description\":\"Flight case handle, factory direct! High-quality, durable handles designed for secure and comfortable transport of flight cases. Perfect for professionals and frequent travelers.\",\"breadcrumb\":{\"@id\":\"https:\/\/sxflightcase.com\/hu\/termek\/repulesi-tok-fogantyu-haa101\/#breadcrumb\"},\"inLanguage\":\"tr\",\"potentialAction\":[{\"@type\":\"ReadAction\",\"target\":[\"https:\/\/sxflightcase.com\/hu\/termek\/repulesi-tok-fogantyu-haa101\/\"]}]},{\"@type\":\"ImageObject\",\"inLanguage\":\"tr\",\"@id\":\"https:\/\/sxflightcase.com\/hu\/termek\/repulesi-tok-fogantyu-haa101\/#primaryimage\",\"url\":\"https:\/\/sxflightcase.com\/wp-content\/uploads\/2024\/08\/HAA101.jpg\",\"contentUrl\":\"https:\/\/sxflightcase.com\/wp-content\/uploads\/2024\/08\/HAA101.jpg\",\"width\":700,\"height\":700,\"caption\":\"flight case handle\"},{\"@type\":\"BreadcrumbList\",\"@id\":\"https:\/\/sxflightcase.com\/hu\/termek\/repulesi-tok-fogantyu-haa101\/#breadcrumb\",\"itemListElement\":[{\"@type\":\"ListItem\",\"position\":1,\"name\":\"Home\",\"item\":\"https:\/\/sxflightcase.com\/\"},{\"@type\":\"ListItem\",\"position\":2,\"name\":\"\u0e2a\u0e34\u0e19\u0e04\u0e49\u0e32\",\"item\":\"https:\/\/sxflightcase.com\/th\/shop\/\"},{\"@type\":\"ListItem\",\"position\":3,\"name\":\"Flight Case Handle HAA101\"}]},{\"@type\":\"WebSite\",\"@id\":\"https:\/\/sxflightcase.com\/th\/#website\",\"url\":\"https:\/\/sxflightcase.com\/th\/\",\"name\":\"sxpowercase.com\",\"description\":\"Flight Case Factory\",\"publisher\":{\"@id\":\"https:\/\/sxflightcase.com\/th\/#organization\"},\"potentialAction\":[{\"@type\":\"SearchAction\",\"target\":{\"@type\":\"EntryPoint\",\"urlTemplate\":\"https:\/\/sxflightcase.com\/th\/?s={search_term_string}\"},\"query-input\":{\"@type\":\"PropertyValueSpecification\",\"valueRequired\":true,\"valueName\":\"search_term_string\"}}],\"inLanguage\":\"tr\"},{\"@type\":\"Organization\",\"@id\":\"https:\/\/sxflightcase.com\/th\/#organization\",\"name\":\"sxpowercase.com\",\"url\":\"https:\/\/sxflightcase.com\/th\/\",\"logo\":{\"@type\":\"ImageObject\",\"inLanguage\":\"tr\",\"@id\":\"https:\/\/sxflightcase.com\/th\/#\/schema\/logo\/image\/\",\"url\":\"https:\/\/sxflightcase.com\/wp-content\/uploads\/2024\/04\/1713919036007.jpg\",\"contentUrl\":\"https:\/\/sxflightcase.com\/wp-content\/uploads\/2024\/04\/1713919036007.jpg\",\"width\":382,\"height\":388,\"caption\":\"sxpowercase.com\"},\"image\":{\"@id\":\"https:\/\/sxflightcase.com\/th\/#\/schema\/logo\/image\/\"},\"sameAs\":[\"https:\/\/www.facebook.com\/profile.php?id=61560407257971\"],\"numberOfEmployees\":{\"@type\":\"QuantitativeValue\",\"minValue\":\"11\",\"maxValue\":\"50\"}}]}<\/script>\n<!-- \/ Yoast SEO Premium plugin. -->","yoast_head_json":{"title":"Flight Case Handle HAA101 - https:\/\/sxflightcase.com \ud83d\udc97","description":"U\u00e7u\u015f \u00e7antas\u0131 sap\u0131, do\u011frudan fabrika \u00e7\u0131k\u0131\u015f\u0131! U\u00e7u\u015f \u00e7antalar\u0131n\u0131n g\u00fcvenli ve rahat ta\u015f\u0131nmas\u0131 i\u00e7in tasarlanm\u0131\u015f y\u00fcksek kaliteli, dayan\u0131kl\u0131 kulplar. Profesyoneller ve s\u0131k seyahat edenler i\u00e7in m\u00fckemmeldir.","robots":{"index":"index","follow":"follow","max-snippet":"max-snippet:-1","max-image-preview":"max-image-preview:large","max-video-preview":"max-video-preview:-1"},"canonical":"https:\/\/sxflightcase.com\/tr\/termek\/repulesi-tok-fogantyu-haa101\/","og_locale":"tr_TR","og_type":"article","og_title":"Flight Case Handle HAA101","og_description":"Flight case handle, factory direct! High-quality, durable handles designed for secure and comfortable transport of flight cases. Perfect for professionals and frequent travelers.","og_url":"https:\/\/sxflightcase.com\/tr\/termek\/repulesi-tok-fogantyu-haa101\/","og_site_name":"https:\/\/sxflightcase.com","article_publisher":"https:\/\/www.facebook.com\/profile.php?id=61560407257971","article_modified_time":"2024-08-08T06:22:14+00:00","og_image":[{"width":700,"height":700,"url":"https:\/\/sxflightcase.com\/wp-content\/uploads\/2024\/08\/HAA101.jpg","type":"image\/jpeg"}],"twitter_card":"summary_large_image","twitter_misc":{"Tahmini okuma s\u00fcresi":"3 dakika"},"schema":{"@context":"https:\/\/schema.org","@graph":[{"@type":"WebPage","@id":"https:\/\/sxflightcase.com\/hu\/termek\/repulesi-tok-fogantyu-haa101\/","url":"https:\/\/sxflightcase.com\/hu\/termek\/repulesi-tok-fogantyu-haa101\/","name":"Flight Case Handle HAA101 - https:\/\/sxflightcase.com \ud83d\udc97","isPartOf":{"@id":"https:\/\/sxflightcase.com\/th\/#website"},"primaryImageOfPage":{"@id":"https:\/\/sxflightcase.com\/hu\/termek\/repulesi-tok-fogantyu-haa101\/#primaryimage"},"image":{"@id":"https:\/\/sxflightcase.com\/hu\/termek\/repulesi-tok-fogantyu-haa101\/#primaryimage"},"thumbnailUrl":"https:\/\/sxflightcase.com\/wp-content\/uploads\/2024\/08\/HAA101.jpg","datePublished":"2024-08-08T06:22:13+00:00","dateModified":"2024-08-08T06:22:14+00:00","description":"U\u00e7u\u015f \u00e7antas\u0131 sap\u0131, do\u011frudan fabrika \u00e7\u0131k\u0131\u015f\u0131! U\u00e7u\u015f \u00e7antalar\u0131n\u0131n g\u00fcvenli ve rahat ta\u015f\u0131nmas\u0131 i\u00e7in tasarlanm\u0131\u015f y\u00fcksek kaliteli, dayan\u0131kl\u0131 kulplar. Profesyoneller ve s\u0131k seyahat edenler i\u00e7in m\u00fckemmeldir.","breadcrumb":{"@id":"https:\/\/sxflightcase.com\/hu\/termek\/repulesi-tok-fogantyu-haa101\/#breadcrumb"},"inLanguage":"tr","potentialAction":[{"@type":"ReadAction","target":["https:\/\/sxflightcase.com\/hu\/termek\/repulesi-tok-fogantyu-haa101\/"]}]},{"@type":"ImageObject","inLanguage":"tr","@id":"https:\/\/sxflightcase.com\/hu\/termek\/repulesi-tok-fogantyu-haa101\/#primaryimage","url":"https:\/\/sxflightcase.com\/wp-content\/uploads\/2024\/08\/HAA101.jpg","contentUrl":"https:\/\/sxflightcase.com\/wp-content\/uploads\/2024\/08\/HAA101.jpg","width":700,"height":700,"caption":"flight case handle"},{"@type":"BreadcrumbList","@id":"https:\/\/sxflightcase.com\/hu\/termek\/repulesi-tok-fogantyu-haa101\/#breadcrumb","itemListElement":[{"@type":"ListItem","position":1,"name":"Home","item":"https:\/\/sxflightcase.com\/"},{"@type":"ListItem","position":2,"name":"\u0e2a\u0e34\u0e19\u0e04\u0e49\u0e32","item":"https:\/\/sxflightcase.com\/th\/shop\/"},{"@type":"ListItem","position":3,"name":"Flight Case Handle HAA101"}]},{"@type":"WebSite","@id":"https:\/\/sxflightcase.com\/th\/#website","url":"https:\/\/sxflightcase.com\/th\/","name":"sxpowercase.com","description":"U\u00e7u\u015f \u00c7antas\u0131 Fabrikas\u0131","publisher":{"@id":"https:\/\/sxflightcase.com\/th\/#organization"},"potentialAction":[{"@type":"SearchAction","target":{"@type":"EntryPoint","urlTemplate":"https:\/\/sxflightcase.com\/th\/?s={search_term_string}"},"query-input":{"@type":"PropertyValueSpecification","valueRequired":true,"valueName":"search_term_string"}}],"inLanguage":"tr"},{"@type":"Organization","@id":"https:\/\/sxflightcase.com\/th\/#organization","name":"sxpowercase.com","url":"https:\/\/sxflightcase.com\/th\/","logo":{"@type":"ImageObject","inLanguage":"tr","@id":"https:\/\/sxflightcase.com\/th\/#\/schema\/logo\/image\/","url":"https:\/\/sxflightcase.com\/wp-content\/uploads\/2024\/04\/1713919036007.jpg","contentUrl":"https:\/\/sxflightcase.com\/wp-content\/uploads\/2024\/04\/1713919036007.jpg","width":382,"height":388,"caption":"sxpowercase.com"},"image":{"@id":"https:\/\/sxflightcase.com\/th\/#\/schema\/logo\/image\/"},"sameAs":["https:\/\/www.facebook.com\/profile.php?id=61560407257971"],"numberOfEmployees":{"@type":"QuantitativeValue","minValue":"11","maxValue":"50"}}]}},"_links":{"self":[{"href":"https:\/\/sxflightcase.com\/tr\/wp-json\/wp\/v2\/product\/4007","targetHints":{"allow":["GET"]}}],"collection":[{"href":"https:\/\/sxflightcase.com\/tr\/wp-json\/wp\/v2\/product"}],"about":[{"href":"https:\/\/sxflightcase.com\/tr\/wp-json\/wp\/v2\/types\/product"}],"replies":[{"embeddable":true,"href":"https:\/\/sxflightcase.com\/tr\/wp-json\/wp\/v2\/comments?post=4007"}],"version-history":[{"count":0,"href":"https:\/\/sxflightcase.com\/tr\/wp-json\/wp\/v2\/product\/4007\/revisions"}],"wp:featuredmedia":[{"embeddable":true,"href":"https:\/\/sxflightcase.com\/tr\/wp-json\/wp\/v2\/media\/4022"}],"wp:attachment":[{"href":"https:\/\/sxflightcase.com\/tr\/wp-json\/wp\/v2\/media?parent=4007"}],"wp:term":[{"taxonomy":"product_brand","embeddable":true,"href":"https:\/\/sxflightcase.com\/tr\/wp-json\/wp\/v2\/product_brand?post=4007"},{"taxonomy":"product_cat","embeddable":true,"href":"https:\/\/sxflightcase.com\/tr\/wp-json\/wp\/v2\/product_cat?post=4007"},{"taxonomy":"product_tag","embeddable":true,"href":"https:\/\/sxflightcase.com\/tr\/wp-json\/wp\/v2\/product_tag?post=4007"}],"curies":[{"name":"wp","href":"https:\/\/api.w.org\/{rel}","templated":true}]}}