{"id":4036,"date":"2024-08-08T07:27:48","date_gmt":"2024-08-08T06:27:48","guid":{"rendered":"https:\/\/sxpowercase.com\/?post_type=product&#038;p=4036"},"modified":"2024-08-08T07:27:49","modified_gmt":"2024-08-08T06:27:49","slug":"road-case-handles-haa201","status":"publish","type":"product","link":"https:\/\/sxflightcase.com\/tr\/urun\/yol-cantasi-kollari-haa201-2\/","title":{"rendered":"Yol \u00c7antas\u0131 Kollar\u0131 HAA201"},"content":{"rendered":"<h3>SX'in Yol \u00c7antas\u0131 Kollar\u0131 ile \u00dcst\u00fcn Kaliteyi Ke\u015ffedin<\/h3>\n<h4>Uygun Fiyatl\u0131 Fabrika Do\u011frudan Fiyatland\u0131rmas\u0131<\/h4>\n<p>SX size y\u00fcksek kaliteli <strong>Yol \u00c7antas\u0131 Kollar\u0131<\/strong> rakipsiz fabrika do\u011frudan fiyatlar\u0131yla. Arac\u0131lar\u0131 ortadan kald\u0131rarak, en \u00fcst d\u00fczey \u00fcr\u00fcnleri d\u00fc\u015f\u00fck fiyatlarla alman\u0131z\u0131 sa\u011fl\u0131yoruz. Do\u011frudan sat\u0131\u015f yakla\u015f\u0131m\u0131m\u0131z, kaliteden \u00f6d\u00fcn vermeden ola\u011fan\u00fcst\u00fc de\u011fer sunmam\u0131za yard\u0131mc\u0131 oluyor.<\/p>\n<h4>Dayan\u0131kl\u0131l\u0131k ve Kalite G\u00fcvencesi<\/h4>\n<p>S\u00f6z konusu oldu\u011funda <strong>Yol \u00c7antas\u0131 Kollar\u0131<\/strong>dayan\u0131kl\u0131l\u0131k \u00e7ok \u00f6nemlidir. At <a href=\"https:\/\/sxpowercase.com\/\" target=\"_blank\" rel=\"noopener\" title=\"SX\" data-wpil-monitor-id=\"637\">SX<\/a>Her sap\u0131n birinci s\u0131n\u0131f malzemelerden yap\u0131lmas\u0131n\u0131 ve titiz kalite kontrollerinden ge\u00e7mesini sa\u011fl\u0131yoruz. Kulplar\u0131m\u0131z a\u011f\u0131r kullan\u0131ma ve zorlu ko\u015fullara dayanacak \u015fekilde \u00fcretilmi\u015ftir ve uzun \u00f6m\u00fcrl\u00fc performans ve g\u00fcvenilirli\u011fi garanti eder.<\/p>\n<h4>\u0130htiya\u00e7lar\u0131n\u0131z\u0131 Kar\u015f\u0131lamak i\u00e7in \u00d6zelle\u015ftirme<\/h4>\n<p>Her proje benzersizdir ve ihtiya\u00e7lar\u0131n\u0131z da \u00f6yle. SX, a\u015fa\u011f\u0131dakiler i\u00e7in \u00f6zelle\u015ftirme se\u00e7enekleri sunar <strong>Yol \u00c7antas\u0131 Kollar\u0131<\/strong>. \u0130ster belirli boyutlara, ister tasar\u0131mlara veya malzemelere ihtiyac\u0131n\u0131z olsun, tutamaklar\u0131m\u0131z\u0131 tam ihtiya\u00e7lar\u0131n\u0131za uyacak \u015fekilde uyarlayabiliriz. \u00d6zelle\u015ftirilmi\u015f tutamaklar m\u00fckemmel uyumluluk sa\u011flar ve yol \u00e7antalar\u0131n\u0131z\u0131n kullan\u0131labilirli\u011fini art\u0131r\u0131r.<\/p>\n<h4>Her Ortamda G\u00fcvenilir Performans<\/h4>\n<p>SX'in <strong>Yol \u00c7antas\u0131 Kollar\u0131<\/strong> her ortamda g\u00fcvenilir performans sunmak \u00fczere tasarlanm\u0131\u015ft\u0131r. \u0130ster hassas ekipmanlarla ister a\u011f\u0131r i\u015f ekipmanlar\u0131yla u\u011fra\u015f\u0131yor olun, saplar\u0131m\u0131z g\u00fcvenli ve rahat bir tutu\u015f sa\u011flar. Sa\u011flam yap\u0131lar\u0131, s\u0131k kullan\u0131ma ve zorlu kullan\u0131mlara dayanabilmelerini sa\u011flayarak onlar\u0131 profesyonel uygulamalar i\u00e7in ideal hale getirir.<\/p>\n<h4>Neden SX&#039;i Se\u00e7melisiniz?<\/h4>\n<p>SX'i se\u00e7ti\u011finizde, kalite ve g\u00fcvenilirlik konusundaki kararl\u0131l\u0131\u011f\u0131yla tan\u0131nan bir markay\u0131 tercih etmi\u015f olursunuz. Bizim <strong>Yol \u00c7antas\u0131 Kollar\u0131<\/strong> Size en iyi \u00fcr\u00fcn\u00fc sunmak i\u00e7in s\u0131k\u0131 standartlar\u0131 kar\u015f\u0131layarak, detaylara titizlikle dikkat edilerek haz\u0131rlanm\u0131\u015ft\u0131r. Sundu\u011fumuz \u00fcr\u00fcnlerde i\u015flevsellik, dayan\u0131kl\u0131l\u0131k ve ekonomikli\u011fi bir araya getirmeye kendimizi adad\u0131k.<\/p>\n<h4>Uzman Deste\u011fi ve Hizmeti<\/h4>\n<p>SX sadece bir tedarik\u00e7i de\u011fil, ba\u015far\u0131n\u0131zda bir ortakt\u0131r. Uzman ekibimiz her t\u00fcrl\u00fc sorunuzda size yard\u0131mc\u0131 olmaya ve ihtiya\u00e7lar\u0131n\u0131z i\u00e7in en iyi tutamak \u00e7\u00f6z\u00fcmleri konusunda rehberlik etmeye her zaman haz\u0131rd\u0131r. \u0130ster tek bir sapa ihtiyac\u0131n\u0131z olsun <strong>Yol \u00c7antas\u0131 Kolu<\/strong> veya toplu sipari\u015f, h\u0131zl\u0131 ve g\u00fcvenilir hizmet ile tam olarak ihtiyac\u0131n\u0131z olan\u0131 alman\u0131z\u0131 sa\u011fl\u0131yoruz.<\/p>\n<h4>\u015e\u0131k ve Fonksiyonel<\/h4>\n<p>SX'in <strong>Yol \u00c7antas\u0131 Kollar\u0131<\/strong> hem \u015f\u0131k hem de i\u015flevsel olacak \u015fekilde tasarlanm\u0131\u015ft\u0131r. \u015e\u0131k tasar\u0131m ve y\u00fcksek kaliteli kaplama, her t\u00fcrl\u00fc yol \u00e7antas\u0131na profesyonel bir dokunu\u015f katar. Sadece pratik de\u011fil ayn\u0131 zamanda estetik a\u00e7\u0131dan da ho\u015f olan ve \u00e7antalar\u0131n\u0131z\u0131n genel g\u00f6r\u00fcn\u00fcm\u00fcn\u00fc zenginle\u015ftiren tutamaklar sa\u011flama konusunda SX'e g\u00fcvenin.<\/p>\n<h4>Bug\u00fcn SX ile \u0130leti\u015fime Ge\u00e7in<\/h4>\n<p>\u00dcr\u00fcn yelpazemizi ke\u015ffedin <strong>Yol \u00c7antas\u0131 Kollar\u0131<\/strong> ve SX'in t\u00fcm yol \u00e7antas\u0131 gereksinimleriniz i\u00e7in size nas\u0131l y\u00fcksek kaliteli, uygun fiyatl\u0131 ve \u00f6zelle\u015ftirilmi\u015f \u00e7\u00f6z\u00fcmler sunabilece\u011fini g\u00f6r\u00fcn. SX ile fabrikadan do\u011frudan fiyatland\u0131rma, garantili kalite ve \u00f6zel ihtiya\u00e7lar\u0131n\u0131z\u0131 kar\u015f\u0131layan \u00f6zel hizmet g\u00fcvencesine sahip olursunuz.<\/p>\n<p>Hemen \u0130leti\u015fime Ge\u00e7in:<span style=\"color: #0000ff;\"><a style=\"color: #0000ff;\" href=\"https:\/\/sxpowercase.com\/contact-us\/\">https:\/\/sxpowercase.com\/<\/a><\/span><\/p>\n<p>Donan\u0131m \u00dcr\u00fcn Katalo\u011fu\uff1a<span style=\"color: #3366ff;\"><a style=\"color: #3366ff;\" href=\"https:\/\/sxpowercase.com\/wp-content\/uploads\/2024\/07\/\u4e94\u91d1.pdf\">Donan\u0131m aksesuarlar\u0131 katalo\u011fu<\/a><\/span><\/p>","protected":false},"excerpt":{"rendered":"<h3>Uygun Fiyatl\u0131, Y\u00fcksek Kaliteli Yol \u00c7antas\u0131 Kollar\u0131<\/h3>\n<p>SX, birinci s\u0131n\u0131f Yol \u00c7antas\u0131 Kollar\u0131n\u0131 fabrika do\u011frudan fiyatlar\u0131yla sunarak rakipsiz de\u011ferde \u00fcst d\u00fczey \u00fcr\u00fcnler sa\u011flar.<\/p>\n<h3>Dayan\u0131kl\u0131 ve \u00d6zelle\u015ftirilebilir \u00c7\u00f6z\u00fcmler<\/h3>\n<p>Kulplar\u0131m\u0131z birinci s\u0131n\u0131f malzemelerden \u00fcretilmi\u015ftir, dayan\u0131kl\u0131l\u0131k a\u00e7\u0131s\u0131ndan titizlikle test edilmi\u015ftir ve \u00f6zel ihtiya\u00e7lar\u0131n\u0131z\u0131 kar\u015f\u0131lamak \u00fczere \u00f6zelle\u015ftirilebilir.<\/p>\n<h3>\u015e\u0131k ve G\u00fcvenilir Performans<\/h3>\n<p>SX Yol \u00c7antas\u0131 Kollar\u0131, sa\u011flam yap\u0131y\u0131 \u015f\u0131k tasar\u0131mla birle\u015ftirerek profesyonel kullan\u0131m i\u00e7in g\u00fcvenli ve rahat tutu\u015flar sa\u011flar.<\/p>","protected":false},"featured_media":4023,"comment_status":"open","ping_status":"closed","template":"","meta":[],"product_brand":[],"product_cat":[62],"product_tag":[],"class_list":{"0":"post-4036","1":"product","2":"type-product","3":"status-publish","4":"has-post-thumbnail","6":"product_cat-handles","8":"first","9":"instock","10":"shipping-taxable","11":"product-type-simple"},"yoast_head":"<!-- This site is optimized with the Yoast SEO Premium plugin v27.1 (Yoast SEO v27.2) - https:\/\/yoast.com\/product\/yoast-seo-premium-wordpress\/ -->\n<title>Road Case Handles HAA201 - https:\/\/sxflightcase.com \ud83d\udc97<\/title>\n<meta name=\"description\" content=\"Road case handles, factory direct! High-quality, durable handles for secure and comfortable transport of road cases. Ideal for professionals and frequent travelers.\" \/>\n<meta name=\"robots\" content=\"index, follow, max-snippet:-1, max-image-preview:large, max-video-preview:-1\" \/>\n<link rel=\"canonical\" href=\"https:\/\/sxflightcase.com\/tr\/\u0e1c\u0e25\u0e34\u0e15\u0e20\u0e31\u0e13\u0e11\u0e4c\/road-case-handles-haa201\/\" \/>\n<meta property=\"og:locale\" content=\"tr_TR\" \/>\n<meta property=\"og:type\" content=\"article\" \/>\n<meta property=\"og:title\" content=\"Road Case Handles HAA201\" \/>\n<meta property=\"og:description\" content=\"Road case handles, factory direct! High-quality, durable handles for secure and comfortable transport of road cases. Ideal for professionals and frequent travelers.\" \/>\n<meta property=\"og:url\" content=\"https:\/\/sxflightcase.com\/tr\/\u0e1c\u0e25\u0e34\u0e15\u0e20\u0e31\u0e13\u0e11\u0e4c\/road-case-handles-haa201\/\" \/>\n<meta property=\"og:site_name\" content=\"https:\/\/sxflightcase.com\" \/>\n<meta property=\"article:publisher\" content=\"https:\/\/www.facebook.com\/profile.php?id=61560407257971\" \/>\n<meta property=\"article:modified_time\" content=\"2024-08-08T06:27:49+00:00\" \/>\n<meta property=\"og:image\" content=\"https:\/\/sxflightcase.com\/wp-content\/uploads\/2024\/08\/HAA201.jpg\" \/>\n\t<meta property=\"og:image:width\" content=\"700\" \/>\n\t<meta property=\"og:image:height\" content=\"700\" \/>\n\t<meta property=\"og:image:type\" content=\"image\/jpeg\" \/>\n<meta name=\"twitter:card\" content=\"summary_large_image\" \/>\n<meta name=\"twitter:label1\" content=\"Tahmini okuma s\u00fcresi\" \/>\n\t<meta name=\"twitter:data1\" content=\"3 dakika\" \/>\n<script type=\"application\/ld+json\" class=\"yoast-schema-graph\">{\"@context\":\"https:\/\/schema.org\",\"@graph\":[{\"@type\":\"WebPage\",\"@id\":\"https:\/\/sxflightcase.com\/th\/\u0e1c\u0e25\u0e34\u0e15\u0e20\u0e31\u0e13\u0e11\u0e4c\/road-case-handles-haa201\/\",\"url\":\"https:\/\/sxflightcase.com\/th\/\u0e1c\u0e25\u0e34\u0e15\u0e20\u0e31\u0e13\u0e11\u0e4c\/road-case-handles-haa201\/\",\"name\":\"Road Case Handles HAA201 - https:\/\/sxflightcase.com \ud83d\udc97\",\"isPartOf\":{\"@id\":\"https:\/\/sxflightcase.com\/th\/#website\"},\"primaryImageOfPage\":{\"@id\":\"https:\/\/sxflightcase.com\/th\/\u0e1c\u0e25\u0e34\u0e15\u0e20\u0e31\u0e13\u0e11\u0e4c\/road-case-handles-haa201\/#primaryimage\"},\"image\":{\"@id\":\"https:\/\/sxflightcase.com\/th\/\u0e1c\u0e25\u0e34\u0e15\u0e20\u0e31\u0e13\u0e11\u0e4c\/road-case-handles-haa201\/#primaryimage\"},\"thumbnailUrl\":\"https:\/\/sxflightcase.com\/wp-content\/uploads\/2024\/08\/HAA201.jpg\",\"datePublished\":\"2024-08-08T06:27:48+00:00\",\"dateModified\":\"2024-08-08T06:27:49+00:00\",\"description\":\"Road case handles, factory direct! High-quality, durable handles for secure and comfortable transport of road cases. Ideal for professionals and frequent travelers.\",\"breadcrumb\":{\"@id\":\"https:\/\/sxflightcase.com\/th\/\u0e1c\u0e25\u0e34\u0e15\u0e20\u0e31\u0e13\u0e11\u0e4c\/road-case-handles-haa201\/#breadcrumb\"},\"inLanguage\":\"tr\",\"potentialAction\":[{\"@type\":\"ReadAction\",\"target\":[\"https:\/\/sxflightcase.com\/th\/\u0e1c\u0e25\u0e34\u0e15\u0e20\u0e31\u0e13\u0e11\u0e4c\/road-case-handles-haa201\/\"]}]},{\"@type\":\"ImageObject\",\"inLanguage\":\"tr\",\"@id\":\"https:\/\/sxflightcase.com\/th\/\u0e1c\u0e25\u0e34\u0e15\u0e20\u0e31\u0e13\u0e11\u0e4c\/road-case-handles-haa201\/#primaryimage\",\"url\":\"https:\/\/sxflightcase.com\/wp-content\/uploads\/2024\/08\/HAA201.jpg\",\"contentUrl\":\"https:\/\/sxflightcase.com\/wp-content\/uploads\/2024\/08\/HAA201.jpg\",\"width\":700,\"height\":700,\"caption\":\"road case handles\"},{\"@type\":\"BreadcrumbList\",\"@id\":\"https:\/\/sxflightcase.com\/th\/\u0e1c\u0e25\u0e34\u0e15\u0e20\u0e31\u0e13\u0e11\u0e4c\/road-case-handles-haa201\/#breadcrumb\",\"itemListElement\":[{\"@type\":\"ListItem\",\"position\":1,\"name\":\"Home\",\"item\":\"https:\/\/sxflightcase.com\/\"},{\"@type\":\"ListItem\",\"position\":2,\"name\":\"\u0e2a\u0e34\u0e19\u0e04\u0e49\u0e32\",\"item\":\"https:\/\/sxflightcase.com\/th\/shop\/\"},{\"@type\":\"ListItem\",\"position\":3,\"name\":\"Road Case Handles HAA201\"}]},{\"@type\":\"WebSite\",\"@id\":\"https:\/\/sxflightcase.com\/th\/#website\",\"url\":\"https:\/\/sxflightcase.com\/th\/\",\"name\":\"sxpowercase.com\",\"description\":\"Flight Case Factory\",\"publisher\":{\"@id\":\"https:\/\/sxflightcase.com\/th\/#organization\"},\"potentialAction\":[{\"@type\":\"SearchAction\",\"target\":{\"@type\":\"EntryPoint\",\"urlTemplate\":\"https:\/\/sxflightcase.com\/th\/?s={search_term_string}\"},\"query-input\":{\"@type\":\"PropertyValueSpecification\",\"valueRequired\":true,\"valueName\":\"search_term_string\"}}],\"inLanguage\":\"tr\"},{\"@type\":\"Organization\",\"@id\":\"https:\/\/sxflightcase.com\/th\/#organization\",\"name\":\"sxpowercase.com\",\"url\":\"https:\/\/sxflightcase.com\/th\/\",\"logo\":{\"@type\":\"ImageObject\",\"inLanguage\":\"tr\",\"@id\":\"https:\/\/sxflightcase.com\/th\/#\/schema\/logo\/image\/\",\"url\":\"https:\/\/sxflightcase.com\/wp-content\/uploads\/2024\/04\/1713919036007.jpg\",\"contentUrl\":\"https:\/\/sxflightcase.com\/wp-content\/uploads\/2024\/04\/1713919036007.jpg\",\"width\":382,\"height\":388,\"caption\":\"sxpowercase.com\"},\"image\":{\"@id\":\"https:\/\/sxflightcase.com\/th\/#\/schema\/logo\/image\/\"},\"sameAs\":[\"https:\/\/www.facebook.com\/profile.php?id=61560407257971\"],\"numberOfEmployees\":{\"@type\":\"QuantitativeValue\",\"minValue\":\"11\",\"maxValue\":\"50\"}}]}<\/script>\n<!-- \/ Yoast SEO Premium plugin. -->","yoast_head_json":{"title":"Road Case Handles HAA201 - https:\/\/sxflightcase.com \ud83d\udc97","description":"Yol \u00e7antas\u0131 tutamaklar\u0131, do\u011frudan fabrika \u00e7\u0131k\u0131\u015f\u0131! Yol \u00e7antalar\u0131n\u0131n g\u00fcvenli ve rahat ta\u015f\u0131nmas\u0131 i\u00e7in y\u00fcksek kaliteli, dayan\u0131kl\u0131 kulplar. Profesyoneller ve s\u0131k seyahat edenler i\u00e7in idealdir.","robots":{"index":"index","follow":"follow","max-snippet":"max-snippet:-1","max-image-preview":"max-image-preview:large","max-video-preview":"max-video-preview:-1"},"canonical":"https:\/\/sxflightcase.com\/tr\/\u0e1c\u0e25\u0e34\u0e15\u0e20\u0e31\u0e13\u0e11\u0e4c\/road-case-handles-haa201\/","og_locale":"tr_TR","og_type":"article","og_title":"Road Case Handles HAA201","og_description":"Road case handles, factory direct! High-quality, durable handles for secure and comfortable transport of road cases. Ideal for professionals and frequent travelers.","og_url":"https:\/\/sxflightcase.com\/tr\/\u0e1c\u0e25\u0e34\u0e15\u0e20\u0e31\u0e13\u0e11\u0e4c\/road-case-handles-haa201\/","og_site_name":"https:\/\/sxflightcase.com","article_publisher":"https:\/\/www.facebook.com\/profile.php?id=61560407257971","article_modified_time":"2024-08-08T06:27:49+00:00","og_image":[{"width":700,"height":700,"url":"https:\/\/sxflightcase.com\/wp-content\/uploads\/2024\/08\/HAA201.jpg","type":"image\/jpeg"}],"twitter_card":"summary_large_image","twitter_misc":{"Tahmini okuma s\u00fcresi":"3 dakika"},"schema":{"@context":"https:\/\/schema.org","@graph":[{"@type":"WebPage","@id":"https:\/\/sxflightcase.com\/th\/\u0e1c\u0e25\u0e34\u0e15\u0e20\u0e31\u0e13\u0e11\u0e4c\/road-case-handles-haa201\/","url":"https:\/\/sxflightcase.com\/th\/\u0e1c\u0e25\u0e34\u0e15\u0e20\u0e31\u0e13\u0e11\u0e4c\/road-case-handles-haa201\/","name":"Road Case Handles HAA201 - https:\/\/sxflightcase.com \ud83d\udc97","isPartOf":{"@id":"https:\/\/sxflightcase.com\/th\/#website"},"primaryImageOfPage":{"@id":"https:\/\/sxflightcase.com\/th\/\u0e1c\u0e25\u0e34\u0e15\u0e20\u0e31\u0e13\u0e11\u0e4c\/road-case-handles-haa201\/#primaryimage"},"image":{"@id":"https:\/\/sxflightcase.com\/th\/\u0e1c\u0e25\u0e34\u0e15\u0e20\u0e31\u0e13\u0e11\u0e4c\/road-case-handles-haa201\/#primaryimage"},"thumbnailUrl":"https:\/\/sxflightcase.com\/wp-content\/uploads\/2024\/08\/HAA201.jpg","datePublished":"2024-08-08T06:27:48+00:00","dateModified":"2024-08-08T06:27:49+00:00","description":"Yol \u00e7antas\u0131 tutamaklar\u0131, do\u011frudan fabrika \u00e7\u0131k\u0131\u015f\u0131! Yol \u00e7antalar\u0131n\u0131n g\u00fcvenli ve rahat ta\u015f\u0131nmas\u0131 i\u00e7in y\u00fcksek kaliteli, dayan\u0131kl\u0131 kulplar. Profesyoneller ve s\u0131k seyahat edenler i\u00e7in idealdir.","breadcrumb":{"@id":"https:\/\/sxflightcase.com\/th\/\u0e1c\u0e25\u0e34\u0e15\u0e20\u0e31\u0e13\u0e11\u0e4c\/road-case-handles-haa201\/#breadcrumb"},"inLanguage":"tr","potentialAction":[{"@type":"ReadAction","target":["https:\/\/sxflightcase.com\/th\/\u0e1c\u0e25\u0e34\u0e15\u0e20\u0e31\u0e13\u0e11\u0e4c\/road-case-handles-haa201\/"]}]},{"@type":"ImageObject","inLanguage":"tr","@id":"https:\/\/sxflightcase.com\/th\/\u0e1c\u0e25\u0e34\u0e15\u0e20\u0e31\u0e13\u0e11\u0e4c\/road-case-handles-haa201\/#primaryimage","url":"https:\/\/sxflightcase.com\/wp-content\/uploads\/2024\/08\/HAA201.jpg","contentUrl":"https:\/\/sxflightcase.com\/wp-content\/uploads\/2024\/08\/HAA201.jpg","width":700,"height":700,"caption":"road case handles"},{"@type":"BreadcrumbList","@id":"https:\/\/sxflightcase.com\/th\/\u0e1c\u0e25\u0e34\u0e15\u0e20\u0e31\u0e13\u0e11\u0e4c\/road-case-handles-haa201\/#breadcrumb","itemListElement":[{"@type":"ListItem","position":1,"name":"Home","item":"https:\/\/sxflightcase.com\/"},{"@type":"ListItem","position":2,"name":"\u0e2a\u0e34\u0e19\u0e04\u0e49\u0e32","item":"https:\/\/sxflightcase.com\/th\/shop\/"},{"@type":"ListItem","position":3,"name":"Road Case Handles HAA201"}]},{"@type":"WebSite","@id":"https:\/\/sxflightcase.com\/th\/#website","url":"https:\/\/sxflightcase.com\/th\/","name":"sxpowercase.com","description":"U\u00e7u\u015f \u00c7antas\u0131 Fabrikas\u0131","publisher":{"@id":"https:\/\/sxflightcase.com\/th\/#organization"},"potentialAction":[{"@type":"SearchAction","target":{"@type":"EntryPoint","urlTemplate":"https:\/\/sxflightcase.com\/th\/?s={search_term_string}"},"query-input":{"@type":"PropertyValueSpecification","valueRequired":true,"valueName":"search_term_string"}}],"inLanguage":"tr"},{"@type":"Organization","@id":"https:\/\/sxflightcase.com\/th\/#organization","name":"sxpowercase.com","url":"https:\/\/sxflightcase.com\/th\/","logo":{"@type":"ImageObject","inLanguage":"tr","@id":"https:\/\/sxflightcase.com\/th\/#\/schema\/logo\/image\/","url":"https:\/\/sxflightcase.com\/wp-content\/uploads\/2024\/04\/1713919036007.jpg","contentUrl":"https:\/\/sxflightcase.com\/wp-content\/uploads\/2024\/04\/1713919036007.jpg","width":382,"height":388,"caption":"sxpowercase.com"},"image":{"@id":"https:\/\/sxflightcase.com\/th\/#\/schema\/logo\/image\/"},"sameAs":["https:\/\/www.facebook.com\/profile.php?id=61560407257971"],"numberOfEmployees":{"@type":"QuantitativeValue","minValue":"11","maxValue":"50"}}]}},"_links":{"self":[{"href":"https:\/\/sxflightcase.com\/tr\/wp-json\/wp\/v2\/product\/4036","targetHints":{"allow":["GET"]}}],"collection":[{"href":"https:\/\/sxflightcase.com\/tr\/wp-json\/wp\/v2\/product"}],"about":[{"href":"https:\/\/sxflightcase.com\/tr\/wp-json\/wp\/v2\/types\/product"}],"replies":[{"embeddable":true,"href":"https:\/\/sxflightcase.com\/tr\/wp-json\/wp\/v2\/comments?post=4036"}],"version-history":[{"count":0,"href":"https:\/\/sxflightcase.com\/tr\/wp-json\/wp\/v2\/product\/4036\/revisions"}],"wp:featuredmedia":[{"embeddable":true,"href":"https:\/\/sxflightcase.com\/tr\/wp-json\/wp\/v2\/media\/4023"}],"wp:attachment":[{"href":"https:\/\/sxflightcase.com\/tr\/wp-json\/wp\/v2\/media?parent=4036"}],"wp:term":[{"taxonomy":"product_brand","embeddable":true,"href":"https:\/\/sxflightcase.com\/tr\/wp-json\/wp\/v2\/product_brand?post=4036"},{"taxonomy":"product_cat","embeddable":true,"href":"https:\/\/sxflightcase.com\/tr\/wp-json\/wp\/v2\/product_cat?post=4036"},{"taxonomy":"product_tag","embeddable":true,"href":"https:\/\/sxflightcase.com\/tr\/wp-json\/wp\/v2\/product_tag?post=4036"}],"curies":[{"name":"wp","href":"https:\/\/api.w.org\/{rel}","templated":true}]}}