{"id":4037,"date":"2024-08-08T08:56:30","date_gmt":"2024-08-08T07:56:30","guid":{"rendered":"https:\/\/sxpowercase.com\/?post_type=product&#038;p=4037"},"modified":"2024-08-08T08:56:31","modified_gmt":"2024-08-08T07:56:31","slug":"hardware-handle-haa202","status":"publish","type":"product","link":"https:\/\/sxflightcase.com\/tr\/urun\/donanim-kolu-haa202-2\/","title":{"rendered":"Donan\u0131m Kolu HAA202"},"content":{"rendered":"<h3>SX'in \u00dcst\u00fcn Donan\u0131m Kolu ile Projelerinizi Y\u00fckseltin<\/h3>\n<h4>Fabrika Do\u011frudan Fiyatlar\u0131yla E\u015fsiz Kalite<\/h4>\n<p>SX olarak, en y\u00fcksek kalitenin <strong>Donan\u0131m Kolu<\/strong>\u00a0y\u00fcksek bir fiyat etiketi ile gelmemelidir. Do\u011frudan fabrika fiyat\u0131 sunarak arac\u0131lar\u0131 devre d\u0131\u015f\u0131 b\u0131rak\u0131yor ve m\u00fc\u015fterilerimize \u00f6nemli \u00f6l\u00e7\u00fcde daha d\u00fc\u015f\u00fck maliyetlerle birinci s\u0131n\u0131f kulplar sa\u011fl\u0131yoruz. Bu yakla\u015f\u0131m, kaliteden \u00f6d\u00fcn vermeden ola\u011fan\u00fcst\u00fc bir de\u011fer elde etmenizi sa\u011flar.<\/p>\n<h4>Sa\u011flam ve G\u00fcvenilir Yap\u0131<\/h4>\n<p>S\u00f6z konusu dayan\u0131kl\u0131l\u0131k oldu\u011funda <strong>Donan\u0131m Kollar\u0131<\/strong>. <a href=\"https:\/\/sxpowercase.com\/\" target=\"_blank\" rel=\"noopener\" title=\"SX\" data-wpil-monitor-id=\"638\">SX<\/a> kendini zaman\u0131n testine dayanan saplar \u00fcretmeye adam\u0131\u015ft\u0131r. Her bir sap, sa\u011flam yap\u0131 ve g\u00fcvenilir performans sa\u011flayan y\u00fcksek kaliteli malzemelerden \u00fcretilmi\u015ftir. Saplar\u0131m\u0131z a\u011f\u0131r kullan\u0131ma dayanacak \u015fekilde tasarlanm\u0131\u015ft\u0131r ve g\u00fcvenebilece\u011finiz uzun s\u00fcreli dayan\u0131kl\u0131l\u0131k sa\u011flar.<\/p>\n<h4>Benzersiz \u0130htiya\u00e7lar\u0131n\u0131z i\u00e7in \u00d6zel \u00c7\u00f6z\u00fcmler<\/h4>\n<p>Her proje farkl\u0131d\u0131r ve SX \u00f6zelle\u015ftirilmi\u015f \u00e7\u00f6z\u00fcmlere duyulan ihtiyac\u0131n fark\u0131ndad\u0131r. Bizim <strong>Donan\u0131m Kollar\u0131<\/strong> \u00f6zel gereksinimlerinizi kar\u015f\u0131layacak \u015fekilde uyarlanabilir. \u0130ster belirli bir boyut, \u015fekil veya malzemeye ihtiyac\u0131n\u0131z olsun, m\u00fckemmel bir uyum sa\u011flamak i\u00e7in \u00f6zelle\u015ftirme se\u00e7enekleri sunuyoruz. Bu esneklik, kulplar\u0131m\u0131z\u0131n projelerinize sorunsuz bir \u015fekilde entegre olmas\u0131n\u0131 sa\u011flar.<\/p>\n<h4>\u00dcst\u00fcn Kalite G\u00fcvencesi<\/h4>\n<p>SX, y\u00fcksek kaliteli \u00fcr\u00fcnler sunmay\u0131 taahh\u00fct eder. Bizim <strong>Donan\u0131m Kollar\u0131<\/strong> en y\u00fcksek standartlar\u0131 kar\u015f\u0131lad\u0131klar\u0131n\u0131 garanti etmek i\u00e7in s\u0131k\u0131 kalite kontrol s\u00fcre\u00e7lerinden ge\u00e7er. Kalite g\u00fcvencesine olan bu ba\u011fl\u0131l\u0131k, her t\u00fcrl\u00fc uygulamada \u00fcst\u00fcn performans sunma konusunda kollar\u0131m\u0131za g\u00fcvenebilece\u011finiz anlam\u0131na gelir.<\/p>\n<h4>\u015e\u0131k ve Fonksiyonel Tasar\u0131mlar<\/h4>\n<p>SX, stil ve i\u015flevselli\u011fi bir araya getiriyor <strong>Donan\u0131m Kollar\u0131<\/strong>. Her bir tutamak sadece pratik ve kullan\u0131m\u0131 kolay olmakla kalmaz, ayn\u0131 zamanda projelerinizin genel g\u00f6r\u00fcn\u00fcm\u00fcn\u00fc zenginle\u015ftiren \u00e7ekici bir tasar\u0131ma sahiptir. SX ile i\u015flevsel oldu\u011fu kadar estetik a\u00e7\u0131dan da ho\u015f kulplara sahip olursunuz.<\/p>\n<h4>Kapsaml\u0131 M\u00fc\u015fteri Deste\u011fi<\/h4>\n<p>SX'i se\u00e7mek, ba\u015far\u0131n\u0131za \u00f6ncelik veren bir markayla ortakl\u0131k kurmak demektir. Uzman ekibimiz her t\u00fcrl\u00fc soru veya endi\u015fenizde size yard\u0131mc\u0131 olmaya her zaman haz\u0131rd\u0131r. \u0130ster do\u011fru \u00fcr\u00fcn\u00fc se\u00e7me konusunda tavsiyeye ihtiyac\u0131n\u0131z olsun <strong>Donan\u0131m Kolu<\/strong> veya sipari\u015finizle ilgili deste\u011fe ihtiyac\u0131n\u0131z varsa, her ad\u0131mda size yard\u0131mc\u0131 olmak i\u00e7in buraday\u0131z.<\/p>\n<h4>Geni\u015f Uygulama Yelpazesi<\/h4>\n<p>SX&#039;ler <strong>Donan\u0131m Kollar\u0131<\/strong> \u00e7ok y\u00f6nl\u00fcd\u00fcr ve geni\u015f bir uygulama yelpazesi i\u00e7in uygundur. Kulplar\u0131m\u0131z mobilyadan end\u00fcstriyel ekipmana kadar her t\u00fcrl\u00fc proje i\u00e7in m\u00fckemmel bir \u00e7\u00f6z\u00fcm sunar. Sa\u011flam yap\u0131lar\u0131 ve g\u00fcvenilir performanslar\u0131, onlar\u0131 hem profesyoneller hem de DIY merakl\u0131lar\u0131 i\u00e7in ideal bir se\u00e7im haline getirir.<\/p>\n<h4>Neden SX&#039;i Se\u00e7melisiniz?<\/h4>\n<p>SX, kalite, uygun fiyat ve m\u00fc\u015fteri memnuniyetine olan ba\u011fl\u0131l\u0131\u011f\u0131yla \u00f6ne \u00e7\u0131kmaktad\u0131r. Bizim <strong>Donan\u0131m Kollar\u0131<\/strong> size tasar\u0131m, dayan\u0131kl\u0131l\u0131k ve i\u015flevsellikte en iyisini sunarak m\u00fckemmelli\u011fe olan ba\u011fl\u0131l\u0131\u011f\u0131m\u0131z\u0131 yans\u0131t\u0131r. SX'i se\u00e7ti\u011finizde, projelerinizin de\u011ferini ve performans\u0131n\u0131 art\u0131ran \u00fcr\u00fcnlere yat\u0131r\u0131m yapm\u0131\u015f olursunuz.<\/p>\n<h4>Bug\u00fcn SX ile \u0130leti\u015fime Ge\u00e7in<\/h4>\n<p>Geni\u015f \u00fcr\u00fcn yelpazemizi ke\u015ffedin <strong>Donan\u0131m Kollar\u0131<\/strong> ve SX'in t\u00fcm kol ihtiya\u00e7lar\u0131n\u0131z\u0131 y\u00fcksek kaliteli, uygun fiyatl\u0131 ve \u00f6zelle\u015ftirilebilir \u00e7\u00f6z\u00fcmlerle nas\u0131l kar\u015f\u0131layabilece\u011fini ke\u015ffedin. Fabrika \u00e7\u0131k\u0131\u015fl\u0131 fiyatlar, garantili kalite ve ihtiya\u00e7lar\u0131n\u0131za g\u00f6re uyarlanm\u0131\u015f ola\u011fan\u00fcst\u00fc hizmet i\u00e7in SX'e g\u00fcvenin. Bir sonraki projeniz i\u00e7in m\u00fckemmel tutamaklar\u0131 bulmak i\u00e7in bug\u00fcn bizimle ileti\u015fime ge\u00e7in.<\/p>\n<p>Hemen \u0130leti\u015fime Ge\u00e7in:<span style=\"color: #0000ff;\"><a style=\"color: #0000ff;\" href=\"https:\/\/sxpowercase.com\/contact-us\/\">https:\/\/sxpowercase.com\/<\/a><\/span><\/p>\n<p>Donan\u0131m \u00dcr\u00fcn Katalo\u011fu\uff1a<span style=\"color: #3366ff;\"><a style=\"color: #3366ff;\" href=\"https:\/\/sxpowercase.com\/wp-content\/uploads\/2024\/07\/\u4e94\u91d1.pdf\">Donan\u0131m aksesuarlar\u0131 katalo\u011fu<\/a><\/span><\/p>","protected":false},"excerpt":{"rendered":"<h3>SX Donan\u0131m Kollar\u0131: Fabrika Do\u011frudan Fiyatlar\u0131yla Kalite<\/h3>\n<p>Y\u00fcksek fiyat etiketi olmadan birinci s\u0131n\u0131f Donan\u0131m Kollar\u0131na sahip olun. Fabrikadan do\u011frudan fiyatland\u0131rmam\u0131z, kaliteden \u00f6d\u00fcn vermeden ola\u011fan\u00fcst\u00fc de\u011fer sa\u011flar.<\/p>\n<h3>Dayan\u0131kl\u0131 ve \u00d6zelle\u015ftirilebilir \u00c7\u00f6z\u00fcmler<\/h3>\n<p>SX Donan\u0131m Kollar\u0131, sa\u011flam yap\u0131 ve g\u00fcvenilir performans i\u00e7in y\u00fcksek kaliteli malzemelerden \u00fcretilmi\u015ftir. Bunlar\u0131 \u00f6zel proje ihtiya\u00e7lar\u0131n\u0131za uyacak \u015fekilde \u00f6zelle\u015ftirin.<\/p>\n<h3>\u015e\u0131k, \u0130\u015flevsel ve Destekli<\/h3>\n<p>Kulplar\u0131m\u0131z, kapsaml\u0131 m\u00fc\u015fteri deste\u011fi ile desteklenen stil ve i\u015flevselli\u011fi bir araya getirir. \u00c7e\u015fitli uygulamalar i\u00e7in ideal olan bu \u00fcr\u00fcnler, projelerinizin hem g\u00f6r\u00fcn\u00fcm\u00fcn\u00fc hem de performans\u0131n\u0131 art\u0131r\u0131r.<\/p>","protected":false},"featured_media":4024,"comment_status":"open","ping_status":"closed","template":"","meta":[],"product_brand":[],"product_cat":[62],"product_tag":[],"class_list":{"0":"post-4037","1":"product","2":"type-product","3":"status-publish","4":"has-post-thumbnail","6":"product_cat-handles","8":"first","9":"instock","10":"shipping-taxable","11":"product-type-simple"},"yoast_head":"<!-- This site is optimized with the Yoast SEO Premium plugin v27.1 (Yoast SEO v27.2) - https:\/\/yoast.com\/product\/yoast-seo-premium-wordpress\/ -->\n<title>Hardware Handle HAA202 - https:\/\/sxflightcase.com \ud83d\udc97<\/title>\n<meta name=\"description\" content=\"Hardware handle, factory direct! High-quality, durable handles for various applications. Ideal for cabinets, cases, and equipment, ensuring reliable and comfortable use.\" \/>\n<meta name=\"robots\" content=\"index, follow, max-snippet:-1, max-image-preview:large, max-video-preview:-1\" \/>\n<link rel=\"canonical\" href=\"https:\/\/sxflightcase.com\/tr\/\u0645\u0646\u062a\u062c\/\u0645\u0642\u0628\u0636-\u0627\u0644\u0623\u062c\u0647\u0632\u0629-haa202-2\/\" \/>\n<meta property=\"og:locale\" content=\"tr_TR\" \/>\n<meta property=\"og:type\" content=\"article\" \/>\n<meta property=\"og:title\" content=\"Hardware Handle HAA202\" \/>\n<meta property=\"og:description\" content=\"Hardware handle, factory direct! High-quality, durable handles for various applications. Ideal for cabinets, cases, and equipment, ensuring reliable and comfortable use.\" \/>\n<meta property=\"og:url\" content=\"https:\/\/sxflightcase.com\/tr\/\u0645\u0646\u062a\u062c\/\u0645\u0642\u0628\u0636-\u0627\u0644\u0623\u062c\u0647\u0632\u0629-haa202-2\/\" \/>\n<meta property=\"og:site_name\" content=\"https:\/\/sxflightcase.com\" \/>\n<meta property=\"article:publisher\" content=\"https:\/\/www.facebook.com\/profile.php?id=61560407257971\" \/>\n<meta property=\"article:modified_time\" content=\"2024-08-08T07:56:31+00:00\" \/>\n<meta property=\"og:image\" content=\"https:\/\/sxflightcase.com\/wp-content\/uploads\/2024\/08\/HAA202.jpg\" \/>\n\t<meta property=\"og:image:width\" content=\"700\" \/>\n\t<meta property=\"og:image:height\" content=\"700\" \/>\n\t<meta property=\"og:image:type\" content=\"image\/jpeg\" \/>\n<meta name=\"twitter:card\" content=\"summary_large_image\" \/>\n<meta name=\"twitter:label1\" content=\"Tahmini okuma s\u00fcresi\" \/>\n\t<meta name=\"twitter:data1\" content=\"3 dakika\" \/>\n<script type=\"application\/ld+json\" class=\"yoast-schema-graph\">{\"@context\":\"https:\/\/schema.org\",\"@graph\":[{\"@type\":\"WebPage\",\"@id\":\"https:\/\/sxflightcase.com\/ary\/\u0645\u0646\u062a\u062c\/\u0645\u0642\u0628\u0636-\u0627\u0644\u0623\u062c\u0647\u0632\u0629-haa202-2\/\",\"url\":\"https:\/\/sxflightcase.com\/ary\/\u0645\u0646\u062a\u062c\/\u0645\u0642\u0628\u0636-\u0627\u0644\u0623\u062c\u0647\u0632\u0629-haa202-2\/\",\"name\":\"Hardware Handle HAA202 - https:\/\/sxflightcase.com \ud83d\udc97\",\"isPartOf\":{\"@id\":\"https:\/\/sxflightcase.com\/th\/#website\"},\"primaryImageOfPage\":{\"@id\":\"https:\/\/sxflightcase.com\/ary\/\u0645\u0646\u062a\u062c\/\u0645\u0642\u0628\u0636-\u0627\u0644\u0623\u062c\u0647\u0632\u0629-haa202-2\/#primaryimage\"},\"image\":{\"@id\":\"https:\/\/sxflightcase.com\/ary\/\u0645\u0646\u062a\u062c\/\u0645\u0642\u0628\u0636-\u0627\u0644\u0623\u062c\u0647\u0632\u0629-haa202-2\/#primaryimage\"},\"thumbnailUrl\":\"https:\/\/sxflightcase.com\/wp-content\/uploads\/2024\/08\/HAA202.jpg\",\"datePublished\":\"2024-08-08T07:56:30+00:00\",\"dateModified\":\"2024-08-08T07:56:31+00:00\",\"description\":\"Hardware handle, factory direct! High-quality, durable handles for various applications. Ideal for cabinets, cases, and equipment, ensuring reliable and comfortable use.\",\"breadcrumb\":{\"@id\":\"https:\/\/sxflightcase.com\/ary\/\u0645\u0646\u062a\u062c\/\u0645\u0642\u0628\u0636-\u0627\u0644\u0623\u062c\u0647\u0632\u0629-haa202-2\/#breadcrumb\"},\"inLanguage\":\"tr\",\"potentialAction\":[{\"@type\":\"ReadAction\",\"target\":[\"https:\/\/sxflightcase.com\/ary\/\u0645\u0646\u062a\u062c\/\u0645\u0642\u0628\u0636-\u0627\u0644\u0623\u062c\u0647\u0632\u0629-haa202-2\/\"]}]},{\"@type\":\"ImageObject\",\"inLanguage\":\"tr\",\"@id\":\"https:\/\/sxflightcase.com\/ary\/\u0645\u0646\u062a\u062c\/\u0645\u0642\u0628\u0636-\u0627\u0644\u0623\u062c\u0647\u0632\u0629-haa202-2\/#primaryimage\",\"url\":\"https:\/\/sxflightcase.com\/wp-content\/uploads\/2024\/08\/HAA202.jpg\",\"contentUrl\":\"https:\/\/sxflightcase.com\/wp-content\/uploads\/2024\/08\/HAA202.jpg\",\"width\":700,\"height\":700,\"caption\":\"hardware handle\"},{\"@type\":\"BreadcrumbList\",\"@id\":\"https:\/\/sxflightcase.com\/ary\/\u0645\u0646\u062a\u062c\/\u0645\u0642\u0628\u0636-\u0627\u0644\u0623\u062c\u0647\u0632\u0629-haa202-2\/#breadcrumb\",\"itemListElement\":[{\"@type\":\"ListItem\",\"position\":1,\"name\":\"Home\",\"item\":\"https:\/\/sxflightcase.com\/\"},{\"@type\":\"ListItem\",\"position\":2,\"name\":\"\u0e2a\u0e34\u0e19\u0e04\u0e49\u0e32\",\"item\":\"https:\/\/sxflightcase.com\/th\/shop\/\"},{\"@type\":\"ListItem\",\"position\":3,\"name\":\"Hardware Handle HAA202\"}]},{\"@type\":\"WebSite\",\"@id\":\"https:\/\/sxflightcase.com\/th\/#website\",\"url\":\"https:\/\/sxflightcase.com\/th\/\",\"name\":\"sxpowercase.com\",\"description\":\"Flight Case Factory\",\"publisher\":{\"@id\":\"https:\/\/sxflightcase.com\/th\/#organization\"},\"potentialAction\":[{\"@type\":\"SearchAction\",\"target\":{\"@type\":\"EntryPoint\",\"urlTemplate\":\"https:\/\/sxflightcase.com\/th\/?s={search_term_string}\"},\"query-input\":{\"@type\":\"PropertyValueSpecification\",\"valueRequired\":true,\"valueName\":\"search_term_string\"}}],\"inLanguage\":\"tr\"},{\"@type\":\"Organization\",\"@id\":\"https:\/\/sxflightcase.com\/th\/#organization\",\"name\":\"sxpowercase.com\",\"url\":\"https:\/\/sxflightcase.com\/th\/\",\"logo\":{\"@type\":\"ImageObject\",\"inLanguage\":\"tr\",\"@id\":\"https:\/\/sxflightcase.com\/th\/#\/schema\/logo\/image\/\",\"url\":\"https:\/\/sxflightcase.com\/wp-content\/uploads\/2024\/04\/1713919036007.jpg\",\"contentUrl\":\"https:\/\/sxflightcase.com\/wp-content\/uploads\/2024\/04\/1713919036007.jpg\",\"width\":382,\"height\":388,\"caption\":\"sxpowercase.com\"},\"image\":{\"@id\":\"https:\/\/sxflightcase.com\/th\/#\/schema\/logo\/image\/\"},\"sameAs\":[\"https:\/\/www.facebook.com\/profile.php?id=61560407257971\"],\"numberOfEmployees\":{\"@type\":\"QuantitativeValue\",\"minValue\":\"11\",\"maxValue\":\"50\"}}]}<\/script>\n<!-- \/ Yoast SEO Premium plugin. -->","yoast_head_json":{"title":"Hardware Handle HAA202 - https:\/\/sxflightcase.com \ud83d\udc97","description":"Donan\u0131m kolu, do\u011frudan fabrika! \u00c7e\u015fitli uygulamalar i\u00e7in y\u00fcksek kaliteli, dayan\u0131kl\u0131 tutamaklar. G\u00fcvenilir ve rahat kullan\u0131m sa\u011flayan dolaplar, kasalar ve ekipmanlar i\u00e7in idealdir.","robots":{"index":"index","follow":"follow","max-snippet":"max-snippet:-1","max-image-preview":"max-image-preview:large","max-video-preview":"max-video-preview:-1"},"canonical":"https:\/\/sxflightcase.com\/tr\/\u0645\u0646\u062a\u062c\/\u0645\u0642\u0628\u0636-\u0627\u0644\u0623\u062c\u0647\u0632\u0629-haa202-2\/","og_locale":"tr_TR","og_type":"article","og_title":"Hardware Handle HAA202","og_description":"Hardware handle, factory direct! High-quality, durable handles for various applications. Ideal for cabinets, cases, and equipment, ensuring reliable and comfortable use.","og_url":"https:\/\/sxflightcase.com\/tr\/\u0645\u0646\u062a\u062c\/\u0645\u0642\u0628\u0636-\u0627\u0644\u0623\u062c\u0647\u0632\u0629-haa202-2\/","og_site_name":"https:\/\/sxflightcase.com","article_publisher":"https:\/\/www.facebook.com\/profile.php?id=61560407257971","article_modified_time":"2024-08-08T07:56:31+00:00","og_image":[{"width":700,"height":700,"url":"https:\/\/sxflightcase.com\/wp-content\/uploads\/2024\/08\/HAA202.jpg","type":"image\/jpeg"}],"twitter_card":"summary_large_image","twitter_misc":{"Tahmini okuma s\u00fcresi":"3 dakika"},"schema":{"@context":"https:\/\/schema.org","@graph":[{"@type":"WebPage","@id":"https:\/\/sxflightcase.com\/ary\/\u0645\u0646\u062a\u062c\/\u0645\u0642\u0628\u0636-\u0627\u0644\u0623\u062c\u0647\u0632\u0629-haa202-2\/","url":"https:\/\/sxflightcase.com\/ary\/\u0645\u0646\u062a\u062c\/\u0645\u0642\u0628\u0636-\u0627\u0644\u0623\u062c\u0647\u0632\u0629-haa202-2\/","name":"Hardware Handle HAA202 - https:\/\/sxflightcase.com \ud83d\udc97","isPartOf":{"@id":"https:\/\/sxflightcase.com\/th\/#website"},"primaryImageOfPage":{"@id":"https:\/\/sxflightcase.com\/ary\/\u0645\u0646\u062a\u062c\/\u0645\u0642\u0628\u0636-\u0627\u0644\u0623\u062c\u0647\u0632\u0629-haa202-2\/#primaryimage"},"image":{"@id":"https:\/\/sxflightcase.com\/ary\/\u0645\u0646\u062a\u062c\/\u0645\u0642\u0628\u0636-\u0627\u0644\u0623\u062c\u0647\u0632\u0629-haa202-2\/#primaryimage"},"thumbnailUrl":"https:\/\/sxflightcase.com\/wp-content\/uploads\/2024\/08\/HAA202.jpg","datePublished":"2024-08-08T07:56:30+00:00","dateModified":"2024-08-08T07:56:31+00:00","description":"Donan\u0131m kolu, do\u011frudan fabrika! \u00c7e\u015fitli uygulamalar i\u00e7in y\u00fcksek kaliteli, dayan\u0131kl\u0131 tutamaklar. G\u00fcvenilir ve rahat kullan\u0131m sa\u011flayan dolaplar, kasalar ve ekipmanlar i\u00e7in idealdir.","breadcrumb":{"@id":"https:\/\/sxflightcase.com\/ary\/\u0645\u0646\u062a\u062c\/\u0645\u0642\u0628\u0636-\u0627\u0644\u0623\u062c\u0647\u0632\u0629-haa202-2\/#breadcrumb"},"inLanguage":"tr","potentialAction":[{"@type":"ReadAction","target":["https:\/\/sxflightcase.com\/ary\/\u0645\u0646\u062a\u062c\/\u0645\u0642\u0628\u0636-\u0627\u0644\u0623\u062c\u0647\u0632\u0629-haa202-2\/"]}]},{"@type":"ImageObject","inLanguage":"tr","@id":"https:\/\/sxflightcase.com\/ary\/\u0645\u0646\u062a\u062c\/\u0645\u0642\u0628\u0636-\u0627\u0644\u0623\u062c\u0647\u0632\u0629-haa202-2\/#primaryimage","url":"https:\/\/sxflightcase.com\/wp-content\/uploads\/2024\/08\/HAA202.jpg","contentUrl":"https:\/\/sxflightcase.com\/wp-content\/uploads\/2024\/08\/HAA202.jpg","width":700,"height":700,"caption":"hardware handle"},{"@type":"BreadcrumbList","@id":"https:\/\/sxflightcase.com\/ary\/\u0645\u0646\u062a\u062c\/\u0645\u0642\u0628\u0636-\u0627\u0644\u0623\u062c\u0647\u0632\u0629-haa202-2\/#breadcrumb","itemListElement":[{"@type":"ListItem","position":1,"name":"Home","item":"https:\/\/sxflightcase.com\/"},{"@type":"ListItem","position":2,"name":"\u0e2a\u0e34\u0e19\u0e04\u0e49\u0e32","item":"https:\/\/sxflightcase.com\/th\/shop\/"},{"@type":"ListItem","position":3,"name":"Hardware Handle HAA202"}]},{"@type":"WebSite","@id":"https:\/\/sxflightcase.com\/th\/#website","url":"https:\/\/sxflightcase.com\/th\/","name":"sxpowercase.com","description":"U\u00e7u\u015f \u00c7antas\u0131 Fabrikas\u0131","publisher":{"@id":"https:\/\/sxflightcase.com\/th\/#organization"},"potentialAction":[{"@type":"SearchAction","target":{"@type":"EntryPoint","urlTemplate":"https:\/\/sxflightcase.com\/th\/?s={search_term_string}"},"query-input":{"@type":"PropertyValueSpecification","valueRequired":true,"valueName":"search_term_string"}}],"inLanguage":"tr"},{"@type":"Organization","@id":"https:\/\/sxflightcase.com\/th\/#organization","name":"sxpowercase.com","url":"https:\/\/sxflightcase.com\/th\/","logo":{"@type":"ImageObject","inLanguage":"tr","@id":"https:\/\/sxflightcase.com\/th\/#\/schema\/logo\/image\/","url":"https:\/\/sxflightcase.com\/wp-content\/uploads\/2024\/04\/1713919036007.jpg","contentUrl":"https:\/\/sxflightcase.com\/wp-content\/uploads\/2024\/04\/1713919036007.jpg","width":382,"height":388,"caption":"sxpowercase.com"},"image":{"@id":"https:\/\/sxflightcase.com\/th\/#\/schema\/logo\/image\/"},"sameAs":["https:\/\/www.facebook.com\/profile.php?id=61560407257971"],"numberOfEmployees":{"@type":"QuantitativeValue","minValue":"11","maxValue":"50"}}]}},"_links":{"self":[{"href":"https:\/\/sxflightcase.com\/tr\/wp-json\/wp\/v2\/product\/4037","targetHints":{"allow":["GET"]}}],"collection":[{"href":"https:\/\/sxflightcase.com\/tr\/wp-json\/wp\/v2\/product"}],"about":[{"href":"https:\/\/sxflightcase.com\/tr\/wp-json\/wp\/v2\/types\/product"}],"replies":[{"embeddable":true,"href":"https:\/\/sxflightcase.com\/tr\/wp-json\/wp\/v2\/comments?post=4037"}],"version-history":[{"count":0,"href":"https:\/\/sxflightcase.com\/tr\/wp-json\/wp\/v2\/product\/4037\/revisions"}],"wp:featuredmedia":[{"embeddable":true,"href":"https:\/\/sxflightcase.com\/tr\/wp-json\/wp\/v2\/media\/4024"}],"wp:attachment":[{"href":"https:\/\/sxflightcase.com\/tr\/wp-json\/wp\/v2\/media?parent=4037"}],"wp:term":[{"taxonomy":"product_brand","embeddable":true,"href":"https:\/\/sxflightcase.com\/tr\/wp-json\/wp\/v2\/product_brand?post=4037"},{"taxonomy":"product_cat","embeddable":true,"href":"https:\/\/sxflightcase.com\/tr\/wp-json\/wp\/v2\/product_cat?post=4037"},{"taxonomy":"product_tag","embeddable":true,"href":"https:\/\/sxflightcase.com\/tr\/wp-json\/wp\/v2\/product_tag?post=4037"}],"curies":[{"name":"wp","href":"https:\/\/api.w.org\/{rel}","templated":true}]}}