{"id":4038,"date":"2024-08-08T09:06:31","date_gmt":"2024-08-08T08:06:31","guid":{"rendered":"https:\/\/sxpowercase.com\/?post_type=product&#038;p=4038"},"modified":"2024-08-08T09:06:32","modified_gmt":"2024-08-08T08:06:32","slug":"accessories-recessed-handle-haa203","status":"publish","type":"product","link":"https:\/\/sxflightcase.com\/tr\/urun\/aksesuarlar-gomme-tutamak-haa203-2\/","title":{"rendered":"Aksesuarlar G\u00f6mme Tutamak HAA203"},"content":{"rendered":"<h3>SX'in Premium Aksesuarlar\u0131n\u0131 Ke\u015ffedin G\u00f6mme Tutamak<\/h3>\n<h4>Rakipsiz De\u011fer i\u00e7in Fabrika Do\u011frudan Fiyatland\u0131rmas\u0131<\/h4>\n<p>SX olarak, y\u00fcksek kaliteli donan\u0131m\u0131n herkes i\u00e7in eri\u015filebilir olmas\u0131 gerekti\u011fine inan\u0131yoruz. Bizim <strong>Aksesuarlar G\u00f6mme Kulp<\/strong> birinci s\u0131n\u0131f \u00fcr\u00fcnleri uygun fiyatlarla alman\u0131z\u0131 sa\u011flayan fabrika do\u011frudan fiyatlar\u0131yla sunulmaktad\u0131r. Arac\u0131lar\u0131 ortadan kald\u0131rarak, tasarruflar\u0131 do\u011frudan size aktar\u0131yoruz.<\/p>\n<h4>\u00dcst\u00fcn Malzemelerle Uzun \u00d6m\u00fcrl\u00fc \u00dcretilmi\u015ftir<\/h4>\n<p>Dayan\u0131kl\u0131l\u0131k, SX'in tasar\u0131m felsefesinin merkezinde yer al\u0131r. Bizim <strong>Aksesuarlar G\u00f6mme Kulp<\/strong> uzun \u00f6m\u00fcrl\u00fc performans\u0131 garanti eden y\u00fcksek kaliteli malzemelerden \u00fcretilmi\u015ftir. Bu da kulplar\u0131m\u0131z\u0131n g\u00fcnl\u00fck kullan\u0131m\u0131n zorluklar\u0131na dayanabilmesini sa\u011flayarak onlar\u0131 her proje i\u00e7in g\u00fcvenilir bir se\u00e7im haline getirir.<\/p>\n<h4>\u0130htiya\u00e7lar\u0131n\u0131z\u0131 Kar\u015f\u0131lamak i\u00e7in \u00d6zelle\u015ftirilebilir<\/h4>\n<p>Her projenin kendine \u00f6zg\u00fc gereksinimleri vard\u0131r ve <a href=\"https:\/\/sxpowercase.com\/\" target=\"_blank\" rel=\"noopener\" title=\"SX\" data-wpil-monitor-id=\"639\">SX<\/a> bu \u00f6zelle\u015ftirme ihtiyac\u0131n\u0131 anl\u0131yor. Bizim <strong>Aksesuarlar G\u00f6mme Kulp<\/strong> ister boyut, ister \u015fekil veya kaplama olsun, \u00f6zel ihtiya\u00e7lar\u0131n\u0131za uyacak \u015fekilde uyarlanabilir. Bu esneklik, kulplar\u0131m\u0131z\u0131 tasar\u0131mlar\u0131n\u0131za sorunsuz bir \u015fekilde entegre etmenizi sa\u011flar.<\/p>\n<h4>Kalite G\u00fcvence Taahh\u00fcd\u00fc<\/h4>\n<p>SX kendini en y\u00fcksek kalitede \u00fcr\u00fcnler sunmaya adam\u0131\u015ft\u0131r. Her biri <strong>Aksesuarlar G\u00f6mme Kulp<\/strong> s\u0131k\u0131 standartlar\u0131m\u0131z\u0131 kar\u015f\u0131lad\u0131\u011f\u0131ndan emin olmak i\u00e7in titiz kalite kontrol s\u00fcre\u00e7lerinden ge\u00e7er. Bu m\u00fckemmellik taahh\u00fcd\u00fc, g\u00fcvenebilece\u011finiz bir \u00fcr\u00fcn alman\u0131z\u0131 garanti eder.<\/p>\n<h4>\u015e\u0131k ve Fonksiyonel Tasar\u0131m<\/h4>\n<p>SX&#039;ler <strong>Aksesuarlar G\u00f6mme Kulp<\/strong> \u015f\u0131k tasar\u0131m\u0131 pratik i\u015flevsellikle birle\u015ftirir. Kulplar\u0131m\u0131z sadece kullan\u0131m\u0131 kolay olmakla kalmaz, ayn\u0131 zamanda projelerinizin estetik \u00e7ekicili\u011fini de art\u0131r\u0131r. SX ile hem \u015f\u0131k hem de verimli bir donan\u0131m elde edersiniz.<\/p>\n<h4>Ola\u011fan\u00fcst\u00fc M\u00fc\u015fteri Deste\u011fi<\/h4>\n<p>SX'i se\u00e7mek, ba\u015far\u0131n\u0131za kendini adam\u0131\u015f bir ekip taraf\u0131ndan desteklendi\u011finiz anlam\u0131na gelir. M\u00fc\u015fteri destek ekibimiz her t\u00fcrl\u00fc soru veya endi\u015fenizde size yard\u0131mc\u0131 olmak i\u00e7in her zaman haz\u0131rd\u0131r. \u0130ster \u00fcr\u00fcn se\u00e7imi konusunda rehberli\u011fe ister sipari\u015finizle ilgili yard\u0131ma ihtiyac\u0131n\u0131z olsun, her ad\u0131mda size destek olmak i\u00e7in buraday\u0131z.<\/p>\n<h4>\u00c7ok Y\u00f6nl\u00fc Uygulamalar<\/h4>\n<p>The <strong>Aksesuarlar G\u00f6mme Kulp<\/strong> SX \u00e7ok y\u00f6nl\u00fcd\u00fcr ve \u00e7e\u015fitli uygulamalar i\u00e7in uygundur. U\u00e7u\u015f \u00e7antalar\u0131ndan end\u00fcstriyel ekipmanlara kadar, tutamaklar\u0131m\u0131z farkl\u0131 projelerin taleplerini kar\u015f\u0131lamak \u00fczere tasarlanm\u0131\u015ft\u0131r. Sa\u011flam yap\u0131lar\u0131 ve g\u00fcvenilir performanslar\u0131, onlar\u0131 hem profesyoneller hem de DIY merakl\u0131lar\u0131 i\u00e7in ideal k\u0131lar.<\/p>\n<h4>SX Neden \u00d6ne \u00c7\u0131k\u0131yor?<\/h4>\n<p>SX kendisini kaliteye, uygun fiyata ve m\u00fc\u015fteri memnuniyetine adam\u0131\u015f olmas\u0131yla \u00f6ne \u00e7\u0131kmaktad\u0131r. Bizim <strong>Aksesuarlar G\u00f6mme Kulp<\/strong> tasar\u0131m, dayan\u0131kl\u0131l\u0131k ve i\u015flevsellikte en iyisini sunma taahh\u00fcd\u00fcm\u00fcz\u00fc \u00f6rneklemektedir. SX'i se\u00e7ti\u011finizde, projelerinizin de\u011ferini ve performans\u0131n\u0131 art\u0131ran \u00fcr\u00fcnlere yat\u0131r\u0131m yapm\u0131\u015f olursunuz.<\/p>\n<h4>Bug\u00fcn SX ile \u0130leti\u015fime Ge\u00e7in<\/h4>\n<p>\u00dcr\u00fcn yelpazemizi ke\u015ffedin <strong>Aksesuarlar G\u00f6mme Kulp<\/strong> ve SX'in tutamak ihtiya\u00e7lar\u0131n\u0131z i\u00e7in nas\u0131l m\u00fckemmel bir \u00e7\u00f6z\u00fcm sa\u011flayabilece\u011fini g\u00f6r\u00fcn. Fabrika \u00e7\u0131k\u0131\u015fl\u0131 fiyatlar, garantili kalite ve \u00f6zelle\u015ftirilebilir se\u00e7eneklerle SX, birinci s\u0131n\u0131f donan\u0131m i\u00e7in ba\u015fvuraca\u011f\u0131n\u0131z kaynakt\u0131r. Bug\u00fcn bize ula\u015f\u0131n ve SX'in bir sonraki projeniz i\u00e7in yaratabilece\u011fi fark\u0131 ke\u015ffedin.<\/p>\n<p>Hemen \u0130leti\u015fime Ge\u00e7in:<span style=\"color: #0000ff;\"><a style=\"color: #0000ff;\" href=\"https:\/\/sxpowercase.com\/contact-us\/\">https:\/\/sxpowercase.com\/<\/a><\/span><\/p>\n<p>Donan\u0131m \u00dcr\u00fcn Katalo\u011fu\uff1a<span style=\"color: #3366ff;\"><a style=\"color: #3366ff;\" href=\"https:\/\/sxpowercase.com\/wp-content\/uploads\/2024\/07\/\u4e94\u91d1.pdf\">Donan\u0131m aksesuarlar\u0131 katalo\u011fu<\/a><\/span><\/p>","protected":false},"excerpt":{"rendered":"<h3>SX Aksesuarlar\u0131 G\u00f6mme Tutamak: Fabrika Do\u011frudan Fiyatlar\u0131yla \u00dcst\u00fcn Kalite<\/h3>\n<p>SX'in fabrikadan do\u011frudan fiyatland\u0131rmas\u0131 ile birinci s\u0131n\u0131f donan\u0131m\u0131 uygun fiyatlara al\u0131n. Aksesuar G\u00f6mme Kolumuz, kaliteden \u00f6d\u00fcn vermeden ola\u011fan\u00fcst\u00fc de\u011fer sunar.<\/p>\n<h3>Dayan\u0131kl\u0131, \u00d6zelle\u015ftirilebilir ve \u015e\u0131k<\/h3>\n<p>Y\u00fcksek kaliteli malzemelerden \u00fcretilen SX'in Aksesuar G\u00f6mme Kolu uzun \u00f6m\u00fcrl\u00fc olacak \u015fekilde \u00fcretilmi\u015ftir ve \u00f6zel ihtiya\u00e7lar\u0131n\u0131za uyacak \u015fekilde \u00f6zelle\u015ftirilebilir. \u015e\u0131k tasar\u0131m\u0131 hem i\u015flevselli\u011fi hem de esteti\u011fi art\u0131r\u0131r.<\/p>\n<h3>\u00c7ok Y\u00f6nl\u00fc \u00c7\u00f6z\u00fcmler i\u00e7in SX'e G\u00fcvenin<\/h3>\n<p>SX'in Aksesuar G\u00f6mme Kolu, titiz kalite g\u00fcvencesi ve ola\u011fan\u00fcst\u00fc m\u00fc\u015fteri deste\u011fi ile desteklenen \u00e7e\u015fitli uygulamalar i\u00e7in idealdir. G\u00fcvenilir ve \u015f\u0131k kulplar\u0131m\u0131zla projelerinizi geli\u015ftirin.<\/p>","protected":false},"featured_media":4025,"comment_status":"open","ping_status":"closed","template":"","meta":[],"product_brand":[],"product_cat":[62],"product_tag":[],"class_list":{"0":"post-4038","1":"product","2":"type-product","3":"status-publish","4":"has-post-thumbnail","6":"product_cat-handles","8":"first","9":"instock","10":"shipping-taxable","11":"product-type-simple"},"yoast_head":"<!-- This site is optimized with the Yoast SEO Premium plugin v27.1 (Yoast SEO v27.2) - https:\/\/yoast.com\/product\/yoast-seo-premium-wordpress\/ -->\n<title>Accessories Recessed Handle HAA203 - https:\/\/sxflightcase.com \ud83d\udc97<\/title>\n<meta name=\"description\" content=\"Accessories recessed handle, factory direct! High-quality, durable handles designed for flush mounting. Ideal for flight cases, cabinets, and equipment, ensuring secure and comfortable use.\" \/>\n<meta name=\"robots\" content=\"index, follow, max-snippet:-1, max-image-preview:large, max-video-preview:-1\" \/>\n<link rel=\"canonical\" href=\"https:\/\/sxflightcase.com\/tr\/termek\/tartozekok-sullyesztett-fogantyu-haa203\/\" \/>\n<meta property=\"og:locale\" content=\"tr_TR\" \/>\n<meta property=\"og:type\" content=\"article\" \/>\n<meta property=\"og:title\" content=\"Accessories Recessed Handle HAA203\" \/>\n<meta property=\"og:description\" content=\"Accessories recessed handle, factory direct! High-quality, durable handles designed for flush mounting. Ideal for flight cases, cabinets, and equipment, ensuring secure and comfortable use.\" \/>\n<meta property=\"og:url\" content=\"https:\/\/sxflightcase.com\/tr\/termek\/tartozekok-sullyesztett-fogantyu-haa203\/\" \/>\n<meta property=\"og:site_name\" content=\"https:\/\/sxflightcase.com\" \/>\n<meta property=\"article:publisher\" content=\"https:\/\/www.facebook.com\/profile.php?id=61560407257971\" \/>\n<meta property=\"article:modified_time\" content=\"2024-08-08T08:06:32+00:00\" \/>\n<meta property=\"og:image\" content=\"https:\/\/sxflightcase.com\/wp-content\/uploads\/2024\/08\/HAA203.jpg\" \/>\n\t<meta property=\"og:image:width\" content=\"700\" \/>\n\t<meta property=\"og:image:height\" content=\"700\" \/>\n\t<meta property=\"og:image:type\" content=\"image\/jpeg\" \/>\n<meta name=\"twitter:card\" content=\"summary_large_image\" \/>\n<meta name=\"twitter:label1\" content=\"Tahmini okuma s\u00fcresi\" \/>\n\t<meta name=\"twitter:data1\" content=\"3 dakika\" \/>\n<script type=\"application\/ld+json\" class=\"yoast-schema-graph\">{\"@context\":\"https:\/\/schema.org\",\"@graph\":[{\"@type\":\"WebPage\",\"@id\":\"https:\/\/sxflightcase.com\/hu\/termek\/tartozekok-sullyesztett-fogantyu-haa203\/\",\"url\":\"https:\/\/sxflightcase.com\/hu\/termek\/tartozekok-sullyesztett-fogantyu-haa203\/\",\"name\":\"Accessories Recessed Handle HAA203 - https:\/\/sxflightcase.com \ud83d\udc97\",\"isPartOf\":{\"@id\":\"https:\/\/sxflightcase.com\/th\/#website\"},\"primaryImageOfPage\":{\"@id\":\"https:\/\/sxflightcase.com\/hu\/termek\/tartozekok-sullyesztett-fogantyu-haa203\/#primaryimage\"},\"image\":{\"@id\":\"https:\/\/sxflightcase.com\/hu\/termek\/tartozekok-sullyesztett-fogantyu-haa203\/#primaryimage\"},\"thumbnailUrl\":\"https:\/\/sxflightcase.com\/wp-content\/uploads\/2024\/08\/HAA203.jpg\",\"datePublished\":\"2024-08-08T08:06:31+00:00\",\"dateModified\":\"2024-08-08T08:06:32+00:00\",\"description\":\"Accessories recessed handle, factory direct! High-quality, durable handles designed for flush mounting. Ideal for flight cases, cabinets, and equipment, ensuring secure and comfortable use.\",\"breadcrumb\":{\"@id\":\"https:\/\/sxflightcase.com\/hu\/termek\/tartozekok-sullyesztett-fogantyu-haa203\/#breadcrumb\"},\"inLanguage\":\"tr\",\"potentialAction\":[{\"@type\":\"ReadAction\",\"target\":[\"https:\/\/sxflightcase.com\/hu\/termek\/tartozekok-sullyesztett-fogantyu-haa203\/\"]}]},{\"@type\":\"ImageObject\",\"inLanguage\":\"tr\",\"@id\":\"https:\/\/sxflightcase.com\/hu\/termek\/tartozekok-sullyesztett-fogantyu-haa203\/#primaryimage\",\"url\":\"https:\/\/sxflightcase.com\/wp-content\/uploads\/2024\/08\/HAA203.jpg\",\"contentUrl\":\"https:\/\/sxflightcase.com\/wp-content\/uploads\/2024\/08\/HAA203.jpg\",\"width\":700,\"height\":700,\"caption\":\"Accessories Recessed Handle\"},{\"@type\":\"BreadcrumbList\",\"@id\":\"https:\/\/sxflightcase.com\/hu\/termek\/tartozekok-sullyesztett-fogantyu-haa203\/#breadcrumb\",\"itemListElement\":[{\"@type\":\"ListItem\",\"position\":1,\"name\":\"Home\",\"item\":\"https:\/\/sxflightcase.com\/\"},{\"@type\":\"ListItem\",\"position\":2,\"name\":\"\u0e2a\u0e34\u0e19\u0e04\u0e49\u0e32\",\"item\":\"https:\/\/sxflightcase.com\/th\/shop\/\"},{\"@type\":\"ListItem\",\"position\":3,\"name\":\"Accessories Recessed Handle HAA203\"}]},{\"@type\":\"WebSite\",\"@id\":\"https:\/\/sxflightcase.com\/th\/#website\",\"url\":\"https:\/\/sxflightcase.com\/th\/\",\"name\":\"sxpowercase.com\",\"description\":\"Flight Case Factory\",\"publisher\":{\"@id\":\"https:\/\/sxflightcase.com\/th\/#organization\"},\"potentialAction\":[{\"@type\":\"SearchAction\",\"target\":{\"@type\":\"EntryPoint\",\"urlTemplate\":\"https:\/\/sxflightcase.com\/th\/?s={search_term_string}\"},\"query-input\":{\"@type\":\"PropertyValueSpecification\",\"valueRequired\":true,\"valueName\":\"search_term_string\"}}],\"inLanguage\":\"tr\"},{\"@type\":\"Organization\",\"@id\":\"https:\/\/sxflightcase.com\/th\/#organization\",\"name\":\"sxpowercase.com\",\"url\":\"https:\/\/sxflightcase.com\/th\/\",\"logo\":{\"@type\":\"ImageObject\",\"inLanguage\":\"tr\",\"@id\":\"https:\/\/sxflightcase.com\/th\/#\/schema\/logo\/image\/\",\"url\":\"https:\/\/sxflightcase.com\/wp-content\/uploads\/2024\/04\/1713919036007.jpg\",\"contentUrl\":\"https:\/\/sxflightcase.com\/wp-content\/uploads\/2024\/04\/1713919036007.jpg\",\"width\":382,\"height\":388,\"caption\":\"sxpowercase.com\"},\"image\":{\"@id\":\"https:\/\/sxflightcase.com\/th\/#\/schema\/logo\/image\/\"},\"sameAs\":[\"https:\/\/www.facebook.com\/profile.php?id=61560407257971\"],\"numberOfEmployees\":{\"@type\":\"QuantitativeValue\",\"minValue\":\"11\",\"maxValue\":\"50\"}}]}<\/script>\n<!-- \/ Yoast SEO Premium plugin. -->","yoast_head_json":{"title":"Accessories Recessed Handle HAA203 - https:\/\/sxflightcase.com \ud83d\udc97","description":"Aksesuar g\u00f6mme tutamak, do\u011frudan fabrika \u00e7\u0131k\u0131\u015f\u0131! G\u00f6mme montaj i\u00e7in tasarlanm\u0131\u015f y\u00fcksek kaliteli, dayan\u0131kl\u0131 tutamaklar. U\u00e7u\u015f \u00e7antalar\u0131, dolaplar ve ekipmanlar i\u00e7in idealdir, g\u00fcvenli ve rahat kullan\u0131m sa\u011flar.","robots":{"index":"index","follow":"follow","max-snippet":"max-snippet:-1","max-image-preview":"max-image-preview:large","max-video-preview":"max-video-preview:-1"},"canonical":"https:\/\/sxflightcase.com\/tr\/termek\/tartozekok-sullyesztett-fogantyu-haa203\/","og_locale":"tr_TR","og_type":"article","og_title":"Accessories Recessed Handle HAA203","og_description":"Accessories recessed handle, factory direct! High-quality, durable handles designed for flush mounting. Ideal for flight cases, cabinets, and equipment, ensuring secure and comfortable use.","og_url":"https:\/\/sxflightcase.com\/tr\/termek\/tartozekok-sullyesztett-fogantyu-haa203\/","og_site_name":"https:\/\/sxflightcase.com","article_publisher":"https:\/\/www.facebook.com\/profile.php?id=61560407257971","article_modified_time":"2024-08-08T08:06:32+00:00","og_image":[{"width":700,"height":700,"url":"https:\/\/sxflightcase.com\/wp-content\/uploads\/2024\/08\/HAA203.jpg","type":"image\/jpeg"}],"twitter_card":"summary_large_image","twitter_misc":{"Tahmini okuma s\u00fcresi":"3 dakika"},"schema":{"@context":"https:\/\/schema.org","@graph":[{"@type":"WebPage","@id":"https:\/\/sxflightcase.com\/hu\/termek\/tartozekok-sullyesztett-fogantyu-haa203\/","url":"https:\/\/sxflightcase.com\/hu\/termek\/tartozekok-sullyesztett-fogantyu-haa203\/","name":"Accessories Recessed Handle HAA203 - https:\/\/sxflightcase.com \ud83d\udc97","isPartOf":{"@id":"https:\/\/sxflightcase.com\/th\/#website"},"primaryImageOfPage":{"@id":"https:\/\/sxflightcase.com\/hu\/termek\/tartozekok-sullyesztett-fogantyu-haa203\/#primaryimage"},"image":{"@id":"https:\/\/sxflightcase.com\/hu\/termek\/tartozekok-sullyesztett-fogantyu-haa203\/#primaryimage"},"thumbnailUrl":"https:\/\/sxflightcase.com\/wp-content\/uploads\/2024\/08\/HAA203.jpg","datePublished":"2024-08-08T08:06:31+00:00","dateModified":"2024-08-08T08:06:32+00:00","description":"Aksesuar g\u00f6mme tutamak, do\u011frudan fabrika \u00e7\u0131k\u0131\u015f\u0131! G\u00f6mme montaj i\u00e7in tasarlanm\u0131\u015f y\u00fcksek kaliteli, dayan\u0131kl\u0131 tutamaklar. U\u00e7u\u015f \u00e7antalar\u0131, dolaplar ve ekipmanlar i\u00e7in idealdir, g\u00fcvenli ve rahat kullan\u0131m sa\u011flar.","breadcrumb":{"@id":"https:\/\/sxflightcase.com\/hu\/termek\/tartozekok-sullyesztett-fogantyu-haa203\/#breadcrumb"},"inLanguage":"tr","potentialAction":[{"@type":"ReadAction","target":["https:\/\/sxflightcase.com\/hu\/termek\/tartozekok-sullyesztett-fogantyu-haa203\/"]}]},{"@type":"ImageObject","inLanguage":"tr","@id":"https:\/\/sxflightcase.com\/hu\/termek\/tartozekok-sullyesztett-fogantyu-haa203\/#primaryimage","url":"https:\/\/sxflightcase.com\/wp-content\/uploads\/2024\/08\/HAA203.jpg","contentUrl":"https:\/\/sxflightcase.com\/wp-content\/uploads\/2024\/08\/HAA203.jpg","width":700,"height":700,"caption":"Accessories Recessed Handle"},{"@type":"BreadcrumbList","@id":"https:\/\/sxflightcase.com\/hu\/termek\/tartozekok-sullyesztett-fogantyu-haa203\/#breadcrumb","itemListElement":[{"@type":"ListItem","position":1,"name":"Home","item":"https:\/\/sxflightcase.com\/"},{"@type":"ListItem","position":2,"name":"\u0e2a\u0e34\u0e19\u0e04\u0e49\u0e32","item":"https:\/\/sxflightcase.com\/th\/shop\/"},{"@type":"ListItem","position":3,"name":"Accessories Recessed Handle HAA203"}]},{"@type":"WebSite","@id":"https:\/\/sxflightcase.com\/th\/#website","url":"https:\/\/sxflightcase.com\/th\/","name":"sxpowercase.com","description":"U\u00e7u\u015f \u00c7antas\u0131 Fabrikas\u0131","publisher":{"@id":"https:\/\/sxflightcase.com\/th\/#organization"},"potentialAction":[{"@type":"SearchAction","target":{"@type":"EntryPoint","urlTemplate":"https:\/\/sxflightcase.com\/th\/?s={search_term_string}"},"query-input":{"@type":"PropertyValueSpecification","valueRequired":true,"valueName":"search_term_string"}}],"inLanguage":"tr"},{"@type":"Organization","@id":"https:\/\/sxflightcase.com\/th\/#organization","name":"sxpowercase.com","url":"https:\/\/sxflightcase.com\/th\/","logo":{"@type":"ImageObject","inLanguage":"tr","@id":"https:\/\/sxflightcase.com\/th\/#\/schema\/logo\/image\/","url":"https:\/\/sxflightcase.com\/wp-content\/uploads\/2024\/04\/1713919036007.jpg","contentUrl":"https:\/\/sxflightcase.com\/wp-content\/uploads\/2024\/04\/1713919036007.jpg","width":382,"height":388,"caption":"sxpowercase.com"},"image":{"@id":"https:\/\/sxflightcase.com\/th\/#\/schema\/logo\/image\/"},"sameAs":["https:\/\/www.facebook.com\/profile.php?id=61560407257971"],"numberOfEmployees":{"@type":"QuantitativeValue","minValue":"11","maxValue":"50"}}]}},"_links":{"self":[{"href":"https:\/\/sxflightcase.com\/tr\/wp-json\/wp\/v2\/product\/4038","targetHints":{"allow":["GET"]}}],"collection":[{"href":"https:\/\/sxflightcase.com\/tr\/wp-json\/wp\/v2\/product"}],"about":[{"href":"https:\/\/sxflightcase.com\/tr\/wp-json\/wp\/v2\/types\/product"}],"replies":[{"embeddable":true,"href":"https:\/\/sxflightcase.com\/tr\/wp-json\/wp\/v2\/comments?post=4038"}],"version-history":[{"count":0,"href":"https:\/\/sxflightcase.com\/tr\/wp-json\/wp\/v2\/product\/4038\/revisions"}],"wp:featuredmedia":[{"embeddable":true,"href":"https:\/\/sxflightcase.com\/tr\/wp-json\/wp\/v2\/media\/4025"}],"wp:attachment":[{"href":"https:\/\/sxflightcase.com\/tr\/wp-json\/wp\/v2\/media?parent=4038"}],"wp:term":[{"taxonomy":"product_brand","embeddable":true,"href":"https:\/\/sxflightcase.com\/tr\/wp-json\/wp\/v2\/product_brand?post=4038"},{"taxonomy":"product_cat","embeddable":true,"href":"https:\/\/sxflightcase.com\/tr\/wp-json\/wp\/v2\/product_cat?post=4038"},{"taxonomy":"product_tag","embeddable":true,"href":"https:\/\/sxflightcase.com\/tr\/wp-json\/wp\/v2\/product_tag?post=4038"}],"curies":[{"name":"wp","href":"https:\/\/api.w.org\/{rel}","templated":true}]}}