{"id":4048,"date":"2024-08-09T07:33:19","date_gmt":"2024-08-09T06:33:19","guid":{"rendered":"https:\/\/sxpowercase.com\/?post_type=product&#038;p=4048"},"modified":"2024-08-09T07:33:20","modified_gmt":"2024-08-09T06:33:20","slug":"case-handle-hac201","status":"publish","type":"product","link":"https:\/\/sxflightcase.com\/tr\/urun\/vaka-kolu-hac201-2\/","title":{"rendered":"Kasa Kolu HAC201"},"content":{"rendered":"<h3>SX Kasa Kolu: Dayan\u0131kl\u0131, Uygun Fiyatl\u0131 ve \u00d6zelle\u015ftirilebilir<\/h3>\n<h4>G\u00fcvenebilece\u011finiz G\u00fc\u00e7 ve Dayan\u0131kl\u0131l\u0131k<\/h4>\n<p>S\u00f6z konusu vakalar\u0131n\u0131zla ilgilenmek oldu\u011funda, g\u00fcvenilirlik \u00e7ok \u00f6nemlidir. SX'in <strong>Kasa Kollar\u0131<\/strong> g\u00fc\u00e7 ve dayan\u0131kl\u0131l\u0131k i\u00e7in tasarlanm\u0131\u015f olup, \u00e7antalar\u0131n\u0131z\u0131n kolay ta\u015f\u0131nmas\u0131n\u0131 ve uzun \u00f6m\u00fcrl\u00fc olmas\u0131n\u0131 sa\u011flar. Kulplar\u0131m\u0131z sayesinde de\u011ferli ekipmanlar\u0131n\u0131z\u0131 g\u00fcvenle ta\u015f\u0131yabilir, tutu\u015funuzun emniyetli oldu\u011funu bilirsiniz.<\/p>\n<h4>Maksimum De\u011fer i\u00e7in Fabrika Do\u011frudan Fiyatland\u0131rmas\u0131<\/h4>\n<p>\u015eu anda <a href=\"https:\/\/sxpowercase.com\/\" target=\"_blank\" rel=\"noopener\" title=\"SX\" data-wpil-monitor-id=\"645\">SX<\/a>y\u00fcksek kalitenin y\u00fcksek bir bedeli olmamas\u0131 gerekti\u011fine inan\u0131yoruz. \u0130\u015fte bu y\u00fczden <strong>Kasa Kollar\u0131<\/strong> do\u011frudan fabrika fiyatlar\u0131yla. Arac\u0131lar\u0131 devre d\u0131\u015f\u0131 b\u0131rakarak size rekabet\u00e7i fiyatlarla birinci s\u0131n\u0131f \u00fcr\u00fcnler sunabilir, kaliteden \u00f6d\u00fcn vermeden b\u00fct\u00e7enizi a\u015fmaman\u0131za yard\u0131mc\u0131 olabiliriz.<\/p>\n<h4>\u0130htiya\u00e7lar\u0131n\u0131z\u0131 Kar\u015f\u0131lamak i\u00e7in \u00d6zelle\u015ftirme<\/h4>\n<p>Her vaka benzersizdir ve m\u00fc\u015fterilerimizin ihtiya\u00e7lar\u0131 da \u00f6yledir. SX, a\u015fa\u011f\u0131dakiler i\u00e7in \u00f6zelle\u015ftirme se\u00e7enekleri sunar <strong>Kasa Kollar\u0131<\/strong> \u00f6zel gereksinimlerinize uygun olduklar\u0131ndan emin olmak i\u00e7in. \u0130ster belirli bir boyuta, \u015fekle veya kaplamaya ihtiyac\u0131n\u0131z olsun, sizi teminat alt\u0131na ald\u0131k. \u00d6zel kulplar\u0131m\u0131z, hem i\u015flevsellik hem de profesyonel bir g\u00f6r\u00fcn\u00fcm sa\u011flayarak kasalar\u0131n\u0131zla sorunsuz bir \u015fekilde b\u00fct\u00fcnle\u015fecek \u015fekilde tasarlanm\u0131\u015ft\u0131r.<\/p>\n<h4>\u0130\u00e7iniz Rahat Olsun Diye Kalite G\u00fcvencesi<\/h4>\n<p>SX'te kalite bizim \u00f6nceli\u011fimizdir. T\u00fcm \u00fcr\u00fcnlerimiz <strong>Kasa Kollar\u0131<\/strong> en y\u00fcksek standartlar\u0131 kar\u015f\u0131lad\u0131klar\u0131ndan emin olmak i\u00e7in s\u0131k\u0131 kalite kontrol s\u00fcre\u00e7leri alt\u0131nda \u00fcretilmektedir. Her sap\u0131n sa\u011flam, tutmas\u0131 rahat ve a\u011f\u0131r kullan\u0131ma dayan\u0131kl\u0131 oldu\u011funa g\u00fcvenebilirsiniz.<\/p>\n<h4>\u00c7ok Y\u00f6nl\u00fc Uygulamalar<\/h4>\n<p>SX <strong>Kasa Kollar\u0131<\/strong> \u00e7ok y\u00f6nl\u00fcd\u00fcr ve u\u00e7u\u015f \u00e7antalar\u0131, yol \u00e7antalar\u0131 ve \u00f6zel yap\u0131m \u00e7antalar dahil olmak \u00fczere \u00e7e\u015fitli \u00e7antalar i\u00e7in idealdir. Uygulama ne olursa olsun, kulplar\u0131m\u0131z ekipman\u0131n\u0131z\u0131 g\u00fcvenle ta\u015f\u0131mak i\u00e7in gereken g\u00fcc\u00fc ve g\u00fcvenilirli\u011fi sa\u011flar.<\/p>\n<h4>Neden SX&#039;i Se\u00e7melisiniz?<\/h4>\n<p>SX'i se\u00e7mek, kalitenin, uygun fiyat\u0131n ve m\u00fc\u015fteri memnuniyetinin \u00f6nemini anlayan bir markay\u0131 se\u00e7mek anlam\u0131na gelir. Bizim <strong>Kasa Kollar\u0131<\/strong> m\u00fckemmelli\u011fe olan ba\u011fl\u0131l\u0131\u011f\u0131m\u0131z\u0131n bir kan\u0131t\u0131d\u0131r ve a\u015f\u0131lmas\u0131 zor bir dayan\u0131kl\u0131l\u0131k ve maliyet etkinli\u011fi dengesi sunar.<\/p>\n<h4>Bug\u00fcn \u0130leti\u015fime Ge\u00e7in<\/h4>\n<p>K\u0131l\u0131flar\u0131n\u0131z\u0131 SX ile y\u00fckseltin <strong>Kasa Kollar\u0131<\/strong> bug\u00fcn sat\u0131n al\u0131n ve g\u00fc\u00e7, kalite ve uygun fiyat\u0131n m\u00fckemmel kar\u0131\u015f\u0131m\u0131n\u0131 deneyimleyin. Fabrikadan do\u011frudan fiyatland\u0131rma, \u00f6zelle\u015ftirme se\u00e7enekleri ve garantili memnuniyet ile SX, t\u00fcm kasa donan\u0131m\u0131 ihtiya\u00e7lar\u0131n\u0131z i\u00e7in ba\u015fvuraca\u011f\u0131n\u0131z kaynakt\u0131r. Daha fazla bilgi edinmek veya sipari\u015finizi vermek i\u00e7in hemen bizimle ileti\u015fime ge\u00e7in.<\/p>\n<p>Hemen \u0130leti\u015fime Ge\u00e7in:<span style=\"color: #0000ff;\"><a style=\"color: #0000ff;\" href=\"https:\/\/sxpowercase.com\/contact-us\/\">https:\/\/sxpowercase.com\/<\/a><\/span><\/p>\n<p>Donan\u0131m \u00dcr\u00fcn Katalo\u011fu\uff1a<span style=\"color: #3366ff;\"><a style=\"color: #3366ff;\" href=\"https:\/\/sxpowercase.com\/wp-content\/uploads\/2024\/07\/\u4e94\u91d1.pdf\">Donan\u0131m aksesuarlar\u0131 katalo\u011fu<\/a><\/span><\/p>","protected":false},"excerpt":{"rendered":"<div class=\"flex max-w-full flex-col flex-grow\">\n<div class=\"min-h-[20px] text-message flex w-full flex-col items-end gap-2 whitespace-pre-wrap break-words [.text-message+&amp;]:mt-5 overflow-x-auto\" dir=\"auto\" data-message-author-role=\"assistant\" data-message-id=\"3d1beaa6-59bb-49bb-83ca-7845599ea91c\">\n<div class=\"flex w-full flex-col gap-1 empty:hidden first:pt-[3px]\">\n<div class=\"markdown prose w-full break-words dark:prose-invert light\">\n<h3>SX Case Handles: Durable and Cost-Effective<\/h3>\n<p>Engineered for strength and reliability, SX Case Handles ensure secure transportation of your valuable equipment at factory-direct prices.<\/p>\n<h3>Customised Handles for a Perfect Fit<\/h3>\n<p>SX offers customisation options to meet your specific needs, providing handles that seamlessly integrate with your cases for both functionality and a professional appearance.<\/p>\n<h3>Quality You Can Trust<\/h3>\n<p>With rigorous quality control, SX Case Handles guarantee durability and comfort, making them ideal for various applications, from flight cases to road cases.<\/p>\n<\/div>\n<\/div>\n<\/div>\n<\/div>\n","protected":false},"featured_media":4030,"comment_status":"open","ping_status":"closed","template":"","meta":[],"product_brand":[],"product_cat":[62],"product_tag":[],"class_list":{"0":"post-4048","1":"product","2":"type-product","3":"status-publish","4":"has-post-thumbnail","6":"product_cat-handles","8":"first","9":"instock","10":"shipping-taxable","11":"product-type-simple"},"yoast_head":"<!-- This site is optimized with the Yoast SEO Premium plugin v27.1 (Yoast SEO v27.2) - https:\/\/yoast.com\/product\/yoast-seo-premium-wordpress\/ -->\n<title>Case Handle HAC201 - https:\/\/sxflightcase.com \ud83d\udc97<\/title>\n<meta name=\"description\" content=\"Case handle, factory direct! High-quality, durable handles designed for secure and comfortable transport of cases. Perfect for professional and industrial applications.\" \/>\n<meta name=\"robots\" content=\"index, follow, max-snippet:-1, max-image-preview:large, max-video-preview:-1\" \/>\n<link rel=\"canonical\" href=\"https:\/\/sxflightcase.com\/tr\/urun\/vaka-kolu-hac201-2\/\" \/>\n<meta property=\"og:locale\" content=\"tr_TR\" \/>\n<meta property=\"og:type\" content=\"article\" \/>\n<meta property=\"og:title\" content=\"Case Handle HAC201\" \/>\n<meta property=\"og:description\" content=\"Case handle, factory direct! High-quality, durable handles designed for secure and comfortable transport of cases. Perfect for professional and industrial applications.\" \/>\n<meta property=\"og:url\" content=\"https:\/\/sxflightcase.com\/tr\/urun\/vaka-kolu-hac201-2\/\" \/>\n<meta property=\"og:site_name\" content=\"https:\/\/sxflightcase.com\" \/>\n<meta property=\"article:publisher\" content=\"https:\/\/www.facebook.com\/profile.php?id=61560407257971\" \/>\n<meta property=\"article:modified_time\" content=\"2024-08-09T06:33:20+00:00\" \/>\n<meta property=\"og:image\" content=\"https:\/\/sxflightcase.com\/wp-content\/uploads\/2024\/08\/HAC201.jpg\" \/>\n\t<meta property=\"og:image:width\" content=\"700\" \/>\n\t<meta property=\"og:image:height\" content=\"700\" \/>\n\t<meta property=\"og:image:type\" content=\"image\/jpeg\" \/>\n<meta name=\"twitter:card\" content=\"summary_large_image\" \/>\n<meta name=\"twitter:label1\" content=\"Tahmini okuma s\u00fcresi\" \/>\n\t<meta name=\"twitter:data1\" content=\"3 dakika\" \/>\n<script type=\"application\/ld+json\" class=\"yoast-schema-graph\">{\"@context\":\"https:\/\/schema.org\",\"@graph\":[{\"@type\":\"WebPage\",\"@id\":\"https:\/\/sxflightcase.com\/product\/case-handle-hac201\/\",\"url\":\"https:\/\/sxflightcase.com\/product\/case-handle-hac201\/\",\"name\":\"Case Handle HAC201 - https:\/\/sxflightcase.com \ud83d\udc97\",\"isPartOf\":{\"@id\":\"https:\/\/sxflightcase.com\/th\/#website\"},\"primaryImageOfPage\":{\"@id\":\"https:\/\/sxflightcase.com\/product\/case-handle-hac201\/#primaryimage\"},\"image\":{\"@id\":\"https:\/\/sxflightcase.com\/product\/case-handle-hac201\/#primaryimage\"},\"thumbnailUrl\":\"https:\/\/sxflightcase.com\/wp-content\/uploads\/2024\/08\/HAC201.jpg\",\"datePublished\":\"2024-08-09T06:33:19+00:00\",\"dateModified\":\"2024-08-09T06:33:20+00:00\",\"description\":\"Case handle, factory direct! High-quality, durable handles designed for secure and comfortable transport of cases. Perfect for professional and industrial applications.\",\"breadcrumb\":{\"@id\":\"https:\/\/sxflightcase.com\/product\/case-handle-hac201\/#breadcrumb\"},\"inLanguage\":\"tr\",\"potentialAction\":[{\"@type\":\"ReadAction\",\"target\":[\"https:\/\/sxflightcase.com\/product\/case-handle-hac201\/\"]}]},{\"@type\":\"ImageObject\",\"inLanguage\":\"tr\",\"@id\":\"https:\/\/sxflightcase.com\/product\/case-handle-hac201\/#primaryimage\",\"url\":\"https:\/\/sxflightcase.com\/wp-content\/uploads\/2024\/08\/HAC201.jpg\",\"contentUrl\":\"https:\/\/sxflightcase.com\/wp-content\/uploads\/2024\/08\/HAC201.jpg\",\"width\":700,\"height\":700,\"caption\":\"Case Handle\"},{\"@type\":\"BreadcrumbList\",\"@id\":\"https:\/\/sxflightcase.com\/product\/case-handle-hac201\/#breadcrumb\",\"itemListElement\":[{\"@type\":\"ListItem\",\"position\":1,\"name\":\"Home\",\"item\":\"https:\/\/sxflightcase.com\/\"},{\"@type\":\"ListItem\",\"position\":2,\"name\":\"\u0e2a\u0e34\u0e19\u0e04\u0e49\u0e32\",\"item\":\"https:\/\/sxflightcase.com\/th\/shop\/\"},{\"@type\":\"ListItem\",\"position\":3,\"name\":\"Case Handle HAC201\"}]},{\"@type\":\"WebSite\",\"@id\":\"https:\/\/sxflightcase.com\/th\/#website\",\"url\":\"https:\/\/sxflightcase.com\/th\/\",\"name\":\"sxpowercase.com\",\"description\":\"Flight Case Factory\",\"publisher\":{\"@id\":\"https:\/\/sxflightcase.com\/th\/#organization\"},\"potentialAction\":[{\"@type\":\"SearchAction\",\"target\":{\"@type\":\"EntryPoint\",\"urlTemplate\":\"https:\/\/sxflightcase.com\/th\/?s={search_term_string}\"},\"query-input\":{\"@type\":\"PropertyValueSpecification\",\"valueRequired\":true,\"valueName\":\"search_term_string\"}}],\"inLanguage\":\"tr\"},{\"@type\":\"Organization\",\"@id\":\"https:\/\/sxflightcase.com\/th\/#organization\",\"name\":\"sxpowercase.com\",\"url\":\"https:\/\/sxflightcase.com\/th\/\",\"logo\":{\"@type\":\"ImageObject\",\"inLanguage\":\"tr\",\"@id\":\"https:\/\/sxflightcase.com\/th\/#\/schema\/logo\/image\/\",\"url\":\"https:\/\/sxflightcase.com\/wp-content\/uploads\/2024\/04\/1713919036007.jpg\",\"contentUrl\":\"https:\/\/sxflightcase.com\/wp-content\/uploads\/2024\/04\/1713919036007.jpg\",\"width\":382,\"height\":388,\"caption\":\"sxpowercase.com\"},\"image\":{\"@id\":\"https:\/\/sxflightcase.com\/th\/#\/schema\/logo\/image\/\"},\"sameAs\":[\"https:\/\/www.facebook.com\/profile.php?id=61560407257971\"],\"numberOfEmployees\":{\"@type\":\"QuantitativeValue\",\"minValue\":\"11\",\"maxValue\":\"50\"}}]}<\/script>\n<!-- \/ Yoast SEO Premium plugin. -->","yoast_head_json":{"title":"Case Handle HAC201 - https:\/\/sxflightcase.com \ud83d\udc97","description":"Kasa tutaca\u011f\u0131, do\u011frudan fabrikada! Kasalar\u0131n g\u00fcvenli ve rahat ta\u015f\u0131nmas\u0131 i\u00e7in tasarlanm\u0131\u015f y\u00fcksek kaliteli, dayan\u0131kl\u0131 tutamaklar. Profesyonel ve end\u00fcstriyel uygulamalar i\u00e7in m\u00fckemmeldir.","robots":{"index":"index","follow":"follow","max-snippet":"max-snippet:-1","max-image-preview":"max-image-preview:large","max-video-preview":"max-video-preview:-1"},"canonical":"https:\/\/sxflightcase.com\/tr\/urun\/vaka-kolu-hac201-2\/","og_locale":"tr_TR","og_type":"article","og_title":"Case Handle HAC201","og_description":"Case handle, factory direct! High-quality, durable handles designed for secure and comfortable transport of cases. Perfect for professional and industrial applications.","og_url":"https:\/\/sxflightcase.com\/tr\/urun\/vaka-kolu-hac201-2\/","og_site_name":"https:\/\/sxflightcase.com","article_publisher":"https:\/\/www.facebook.com\/profile.php?id=61560407257971","article_modified_time":"2024-08-09T06:33:20+00:00","og_image":[{"width":700,"height":700,"url":"https:\/\/sxflightcase.com\/wp-content\/uploads\/2024\/08\/HAC201.jpg","type":"image\/jpeg"}],"twitter_card":"summary_large_image","twitter_misc":{"Tahmini okuma s\u00fcresi":"3 dakika"},"schema":{"@context":"https:\/\/schema.org","@graph":[{"@type":"WebPage","@id":"https:\/\/sxflightcase.com\/product\/case-handle-hac201\/","url":"https:\/\/sxflightcase.com\/product\/case-handle-hac201\/","name":"Case Handle HAC201 - https:\/\/sxflightcase.com \ud83d\udc97","isPartOf":{"@id":"https:\/\/sxflightcase.com\/th\/#website"},"primaryImageOfPage":{"@id":"https:\/\/sxflightcase.com\/product\/case-handle-hac201\/#primaryimage"},"image":{"@id":"https:\/\/sxflightcase.com\/product\/case-handle-hac201\/#primaryimage"},"thumbnailUrl":"https:\/\/sxflightcase.com\/wp-content\/uploads\/2024\/08\/HAC201.jpg","datePublished":"2024-08-09T06:33:19+00:00","dateModified":"2024-08-09T06:33:20+00:00","description":"Kasa tutaca\u011f\u0131, do\u011frudan fabrikada! Kasalar\u0131n g\u00fcvenli ve rahat ta\u015f\u0131nmas\u0131 i\u00e7in tasarlanm\u0131\u015f y\u00fcksek kaliteli, dayan\u0131kl\u0131 tutamaklar. Profesyonel ve end\u00fcstriyel uygulamalar i\u00e7in m\u00fckemmeldir.","breadcrumb":{"@id":"https:\/\/sxflightcase.com\/product\/case-handle-hac201\/#breadcrumb"},"inLanguage":"tr","potentialAction":[{"@type":"ReadAction","target":["https:\/\/sxflightcase.com\/product\/case-handle-hac201\/"]}]},{"@type":"ImageObject","inLanguage":"tr","@id":"https:\/\/sxflightcase.com\/product\/case-handle-hac201\/#primaryimage","url":"https:\/\/sxflightcase.com\/wp-content\/uploads\/2024\/08\/HAC201.jpg","contentUrl":"https:\/\/sxflightcase.com\/wp-content\/uploads\/2024\/08\/HAC201.jpg","width":700,"height":700,"caption":"Case Handle"},{"@type":"BreadcrumbList","@id":"https:\/\/sxflightcase.com\/product\/case-handle-hac201\/#breadcrumb","itemListElement":[{"@type":"ListItem","position":1,"name":"Home","item":"https:\/\/sxflightcase.com\/"},{"@type":"ListItem","position":2,"name":"\u0e2a\u0e34\u0e19\u0e04\u0e49\u0e32","item":"https:\/\/sxflightcase.com\/th\/shop\/"},{"@type":"ListItem","position":3,"name":"Case Handle HAC201"}]},{"@type":"WebSite","@id":"https:\/\/sxflightcase.com\/th\/#website","url":"https:\/\/sxflightcase.com\/th\/","name":"sxpowercase.com","description":"U\u00e7u\u015f \u00c7antas\u0131 Fabrikas\u0131","publisher":{"@id":"https:\/\/sxflightcase.com\/th\/#organization"},"potentialAction":[{"@type":"SearchAction","target":{"@type":"EntryPoint","urlTemplate":"https:\/\/sxflightcase.com\/th\/?s={search_term_string}"},"query-input":{"@type":"PropertyValueSpecification","valueRequired":true,"valueName":"search_term_string"}}],"inLanguage":"tr"},{"@type":"Organization","@id":"https:\/\/sxflightcase.com\/th\/#organization","name":"sxpowercase.com","url":"https:\/\/sxflightcase.com\/th\/","logo":{"@type":"ImageObject","inLanguage":"tr","@id":"https:\/\/sxflightcase.com\/th\/#\/schema\/logo\/image\/","url":"https:\/\/sxflightcase.com\/wp-content\/uploads\/2024\/04\/1713919036007.jpg","contentUrl":"https:\/\/sxflightcase.com\/wp-content\/uploads\/2024\/04\/1713919036007.jpg","width":382,"height":388,"caption":"sxpowercase.com"},"image":{"@id":"https:\/\/sxflightcase.com\/th\/#\/schema\/logo\/image\/"},"sameAs":["https:\/\/www.facebook.com\/profile.php?id=61560407257971"],"numberOfEmployees":{"@type":"QuantitativeValue","minValue":"11","maxValue":"50"}}]}},"_links":{"self":[{"href":"https:\/\/sxflightcase.com\/tr\/wp-json\/wp\/v2\/product\/4048","targetHints":{"allow":["GET"]}}],"collection":[{"href":"https:\/\/sxflightcase.com\/tr\/wp-json\/wp\/v2\/product"}],"about":[{"href":"https:\/\/sxflightcase.com\/tr\/wp-json\/wp\/v2\/types\/product"}],"replies":[{"embeddable":true,"href":"https:\/\/sxflightcase.com\/tr\/wp-json\/wp\/v2\/comments?post=4048"}],"version-history":[{"count":0,"href":"https:\/\/sxflightcase.com\/tr\/wp-json\/wp\/v2\/product\/4048\/revisions"}],"wp:featuredmedia":[{"embeddable":true,"href":"https:\/\/sxflightcase.com\/tr\/wp-json\/wp\/v2\/media\/4030"}],"wp:attachment":[{"href":"https:\/\/sxflightcase.com\/tr\/wp-json\/wp\/v2\/media?parent=4048"}],"wp:term":[{"taxonomy":"product_brand","embeddable":true,"href":"https:\/\/sxflightcase.com\/tr\/wp-json\/wp\/v2\/product_brand?post=4048"},{"taxonomy":"product_cat","embeddable":true,"href":"https:\/\/sxflightcase.com\/tr\/wp-json\/wp\/v2\/product_cat?post=4048"},{"taxonomy":"product_tag","embeddable":true,"href":"https:\/\/sxflightcase.com\/tr\/wp-json\/wp\/v2\/product_tag?post=4048"}],"curies":[{"name":"wp","href":"https:\/\/api.w.org\/{rel}","templated":true}]}}