{"id":4049,"date":"2024-08-09T07:40:07","date_gmt":"2024-08-09T06:40:07","guid":{"rendered":"https:\/\/sxpowercase.com\/?post_type=product&#038;p=4049"},"modified":"2024-08-09T07:40:08","modified_gmt":"2024-08-09T06:40:08","slug":"recessed-handle-had101","status":"publish","type":"product","link":"https:\/\/sxflightcase.com\/tr\/urun\/gomme-tutamak-had101-2\/","title":{"rendered":"G\u00f6mme Tutamak HAD101"},"content":{"rendered":"<h3>SX G\u00f6mme Kulp: Kalite, Uygun Fiyat ve Dayan\u0131kl\u0131l\u0131k<\/h3>\n<h4>G\u00fc\u00e7 ve Rahatl\u0131k i\u00e7in Tasarland\u0131<\/h4>\n<p>The <strong>G\u00f6mme Kulp<\/strong> hem dayan\u0131kl\u0131l\u0131k hem de kullan\u0131m kolayl\u0131\u011f\u0131 gerektiren durumlar i\u00e7in \u00e7ok \u00f6nemli bir bile\u015fendir. SX'in <strong>G\u00f6mme Kulplar<\/strong> \u00e7antan\u0131za sorunsuz bir \u015fekilde entegre olurken g\u00fcvenli bir tutu\u015f sa\u011flamak i\u00e7in titizlikle tasarlanm\u0131\u015ft\u0131r. Bu tasar\u0131m, \u00e7\u0131k\u0131nt\u0131lar\u0131 azaltarak sap\u0131 hem pratik hem de estetik a\u00e7\u0131dan ho\u015f hale getirir.<\/p>\n<h4>Fabrika Do\u011frudan Tasarruflar\u0131<\/h4>\n<p><a href=\"https:\/\/sxpowercase.com\/\" target=\"_blank\" rel=\"noopener\" title=\"SX\" data-wpil-monitor-id=\"646\">SX<\/a> m\u00fcmk\u00fcn olan en iyi fiyatlarla birinci s\u0131n\u0131f \u00fcr\u00fcnler sunmay\u0131 taahh\u00fct eder. Bizim sunarak <strong>G\u00f6mme Kulplar<\/strong> Do\u011frudan fabrikada, arac\u0131y\u0131 ortadan kald\u0131rarak \u00fcst\u00fcn kaliteyi daha d\u00fc\u015f\u00fck maliyetle alman\u0131z\u0131 sa\u011fl\u0131yoruz. Fiyatland\u0131rma stratejimiz, bekledi\u011finiz kaliteden \u00f6d\u00fcn vermeden size maksimum de\u011fer sa\u011flamak \u00fczere tasarlanm\u0131\u015ft\u0131r.<\/p>\n<h4>Kendi Ad\u0131na Konu\u015fan Kalite<\/h4>\n<p>Kalite g\u00fcvencesi, SX'in \u00fcretim s\u00fcrecinin merkezinde yer al\u0131r. Bizim <strong>G\u00f6mme Kulplar<\/strong> a\u011f\u0131r kullan\u0131ma ve nakliye zorluklar\u0131na dayanabilmelerini sa\u011flamak i\u00e7in sa\u011flam malzemelerden \u00fcretilmi\u015ftir. SX ile her bir tutama\u011f\u0131n uzun \u00f6m\u00fcrl\u00fc olaca\u011f\u0131na g\u00fcvenebilir ve ekipman\u0131n\u0131z\u0131n g\u00fcvende oldu\u011fu konusunda i\u00e7inizin rahat olmas\u0131n\u0131 sa\u011flayabilirsiniz.<\/p>\n<h4>\u0130htiya\u00e7lar\u0131n\u0131za Uygun \u00d6zelle\u015ftirme<\/h4>\n<p>Her vakan\u0131n kendine \u00f6zg\u00fc gereksinimleri vard\u0131r ve SX \u00f6zelle\u015ftirmenin \u00f6nemini bilir. Bizim <strong>G\u00f6mme Kulplar<\/strong> ister belirli bir boyuta, ister kaplamaya veya stile ihtiyac\u0131n\u0131z olsun, \u00f6zel kasa tasar\u0131m\u0131n\u0131za uyacak \u015fekilde uyarlanabilir. Bu \u00f6zelle\u015ftirme, tutma kolunuzun sadece iyi performans g\u00f6stermesini de\u011fil, ayn\u0131 zamanda \u00e7antan\u0131z\u0131n genel g\u00f6r\u00fcn\u00fcm\u00fcn\u00fc de tamamlamas\u0131n\u0131 sa\u011flar.<\/p>\n<h4>\u00c7e\u015fitli Uygulamalar i\u00e7in \u0130deal<\/h4>\n<p>SX <strong>G\u00f6mme Kulplar<\/strong> \u00e7ok y\u00f6nl\u00fcd\u00fcr ve u\u00e7u\u015f \u00e7antalar\u0131, yol \u00e7antalar\u0131 ve ekipman \u00e7antalar\u0131 dahil olmak \u00fczere \u00e7ok \u00e7e\u015fitli \u00e7antalar i\u00e7in idealdir. G\u00f6mme tasar\u0131mlar\u0131, ta\u015f\u0131ma s\u0131ras\u0131nda sap\u0131n hasar g\u00f6rmesini \u00f6nlemeye yard\u0131mc\u0131 olarak dayan\u0131kl\u0131l\u0131k ve g\u00fcvenilirli\u011fin gerekli oldu\u011fu her t\u00fcrl\u00fc uygulama i\u00e7in m\u00fckemmeldir.<\/p>\n<h4>Neden SX&#039;i Se\u00e7melisiniz?<\/h4>\n<p>SX, kaliteli \u00fcr\u00fcnleri uygun fiyatlarla sunmaya kendini adam\u0131\u015ft\u0131r. Bizim <strong>G\u00f6mme Kulplar<\/strong> g\u00fc\u00e7, dayan\u0131kl\u0131l\u0131k ve de\u011ferin bir kar\u0131\u015f\u0131m\u0131n\u0131 sunarak m\u00fckemmelli\u011fe olan ba\u011fl\u0131l\u0131\u011f\u0131m\u0131z\u0131 yans\u0131t\u0131r. SX'i se\u00e7ti\u011finizde, ihtiya\u00e7lar\u0131n\u0131za \u00f6ncelik veren ve yat\u0131r\u0131m\u0131n\u0131z i\u00e7in m\u00fcmk\u00fcn olan en iyi \u00fcr\u00fcn\u00fc alman\u0131z\u0131 sa\u011flayan bir marka se\u00e7mi\u015f olursunuz.<\/p>\n<h4>Bug\u00fcn \u0130leti\u015fime Ge\u00e7in<\/h4>\n<p>Vakalar\u0131n\u0131z\u0131 SX ile y\u00fckseltin <strong>G\u00f6mme Kulplar<\/strong> ve kalite, \u00f6zelle\u015ftirme ve uygun fiyat\u0131n m\u00fckemmel kombinasyonunu deneyimleyin. \u0130ster tek bir kasay\u0131 donat\u0131yor ister toplu malzemeye ihtiya\u00e7 duyuyor olun, SX size yard\u0131mc\u0131 olacakt\u0131r. \u00dcr\u00fcnlerimiz hakk\u0131nda daha fazla bilgi edinmek veya sipari\u015finizi vermek i\u00e7in hemen bizimle ileti\u015fime ge\u00e7in.<\/p>\n<p>Hemen \u0130leti\u015fime Ge\u00e7in:<span style=\"color: #0000ff;\"><a style=\"color: #0000ff;\" href=\"https:\/\/sxpowercase.com\/contact-us\/\">https:\/\/sxpowercase.com\/<\/a><\/span><\/p>\n<p>Donan\u0131m \u00dcr\u00fcn Katalo\u011fu\uff1a<span style=\"color: #3366ff;\"><a style=\"color: #3366ff;\" href=\"https:\/\/sxpowercase.com\/wp-content\/uploads\/2024\/07\/\u4e94\u91d1.pdf\">Donan\u0131m aksesuarlar\u0131 katalo\u011fu<\/a><\/span><\/p>","protected":false},"excerpt":{"rendered":"<h3>SX G\u00f6mme Sap: G\u00fc\u00e7 ve Stil i\u00e7in \u00dcretildi<\/h3>\n<p>Dayan\u0131kl\u0131l\u0131k ve kullan\u0131m kolayl\u0131\u011f\u0131 i\u00e7in tasarlanan SX G\u00f6mme Kulplar, \u015f\u0131k ve pratik bir g\u00f6r\u00fcn\u00fcm i\u00e7in \u00e7antan\u0131za sorunsuz bir \u015fekilde entegre olurken g\u00fcvenli bir tutu\u015f sunar.<\/p>\n<h3>\u00dcst\u00fcn Kalite i\u00e7in Fabrika Do\u011frudan Fiyatlar\u0131<\/h3>\n<p>SX ile, dayan\u0131kl\u0131l\u0131k veya performanstan \u00f6d\u00fcn vermeden maksimum de\u011fer sa\u011flayan fabrika do\u011frudan fiyatlar\u0131yla en kaliteli G\u00f6mme Kollar\u0131n keyfini \u00e7\u0131kar\u0131n.<\/p>\n<h3>Her Durum i\u00e7in \u00d6zelle\u015ftirme<\/h3>\n<p>Boyut, kaplama ve stil se\u00e7enekleriyle SX G\u00f6mme Kulplar\u0131n\u0131z\u0131 \u00f6zel ihtiya\u00e7lar\u0131n\u0131za uyacak \u015fekilde uyarlay\u0131n ve u\u00e7u\u015f \u00e7antalar\u0131ndan yol \u00e7antalar\u0131na kadar \u00e7e\u015fitli uygulamalar i\u00e7in ideal hale getirin.<\/p>","protected":false},"featured_media":4031,"comment_status":"open","ping_status":"closed","template":"","meta":[],"product_brand":[],"product_cat":[62],"product_tag":[],"class_list":{"0":"post-4049","1":"product","2":"type-product","3":"status-publish","4":"has-post-thumbnail","6":"product_cat-handles","8":"first","9":"instock","10":"shipping-taxable","11":"product-type-simple"},"yoast_head":"<!-- This site is optimized with the Yoast SEO Premium plugin v27.1 (Yoast SEO v27.2) - https:\/\/yoast.com\/product\/yoast-seo-premium-wordpress\/ -->\n<title>Recessed Handle HAD101 - https:\/\/sxflightcase.com \ud83d\udc97<\/title>\n<meta name=\"description\" content=\"Recessed handle, factory direct! High-quality, durable handles designed for a flush fit, providing secure and comfortable transport for cases and equipment. Ideal for professional use.\" \/>\n<meta name=\"robots\" content=\"index, follow, max-snippet:-1, max-image-preview:large, max-video-preview:-1\" \/>\n<link rel=\"canonical\" href=\"https:\/\/sxflightcase.com\/tr\/\u7522\u54c1\/\u5d4c\u5165\u5f0f\u624b\u628a-had101\/\" \/>\n<meta property=\"og:locale\" content=\"tr_TR\" \/>\n<meta property=\"og:type\" content=\"article\" \/>\n<meta property=\"og:title\" content=\"Recessed Handle HAD101\" \/>\n<meta property=\"og:description\" content=\"Recessed handle, factory direct! High-quality, durable handles designed for a flush fit, providing secure and comfortable transport for cases and equipment. Ideal for professional use.\" \/>\n<meta property=\"og:url\" content=\"https:\/\/sxflightcase.com\/tr\/\u7522\u54c1\/\u5d4c\u5165\u5f0f\u624b\u628a-had101\/\" \/>\n<meta property=\"og:site_name\" content=\"https:\/\/sxflightcase.com\" \/>\n<meta property=\"article:publisher\" content=\"https:\/\/www.facebook.com\/profile.php?id=61560407257971\" \/>\n<meta property=\"article:modified_time\" content=\"2024-08-09T06:40:08+00:00\" \/>\n<meta property=\"og:image\" content=\"https:\/\/sxflightcase.com\/wp-content\/uploads\/2024\/08\/HAD101.jpg\" \/>\n\t<meta property=\"og:image:width\" content=\"700\" \/>\n\t<meta property=\"og:image:height\" content=\"700\" \/>\n\t<meta property=\"og:image:type\" content=\"image\/jpeg\" \/>\n<meta name=\"twitter:card\" content=\"summary_large_image\" \/>\n<meta name=\"twitter:label1\" content=\"Tahmini okuma s\u00fcresi\" \/>\n\t<meta name=\"twitter:data1\" content=\"3 dakika\" \/>\n<script type=\"application\/ld+json\" class=\"yoast-schema-graph\">{\"@context\":\"https:\/\/schema.org\",\"@graph\":[{\"@type\":\"WebPage\",\"@id\":\"https:\/\/sxflightcase.com\/zh_hk\/\u7522\u54c1\/\u5d4c\u5165\u5f0f\u624b\u628a-had101\/\",\"url\":\"https:\/\/sxflightcase.com\/zh_hk\/\u7522\u54c1\/\u5d4c\u5165\u5f0f\u624b\u628a-had101\/\",\"name\":\"Recessed Handle HAD101 - https:\/\/sxflightcase.com \ud83d\udc97\",\"isPartOf\":{\"@id\":\"https:\/\/sxflightcase.com\/th\/#website\"},\"primaryImageOfPage\":{\"@id\":\"https:\/\/sxflightcase.com\/zh_hk\/\u7522\u54c1\/\u5d4c\u5165\u5f0f\u624b\u628a-had101\/#primaryimage\"},\"image\":{\"@id\":\"https:\/\/sxflightcase.com\/zh_hk\/\u7522\u54c1\/\u5d4c\u5165\u5f0f\u624b\u628a-had101\/#primaryimage\"},\"thumbnailUrl\":\"https:\/\/sxflightcase.com\/wp-content\/uploads\/2024\/08\/HAD101.jpg\",\"datePublished\":\"2024-08-09T06:40:07+00:00\",\"dateModified\":\"2024-08-09T06:40:08+00:00\",\"description\":\"Recessed handle, factory direct! High-quality, durable handles designed for a flush fit, providing secure and comfortable transport for cases and equipment. Ideal for professional use.\",\"breadcrumb\":{\"@id\":\"https:\/\/sxflightcase.com\/zh_hk\/\u7522\u54c1\/\u5d4c\u5165\u5f0f\u624b\u628a-had101\/#breadcrumb\"},\"inLanguage\":\"tr\",\"potentialAction\":[{\"@type\":\"ReadAction\",\"target\":[\"https:\/\/sxflightcase.com\/zh_hk\/\u7522\u54c1\/\u5d4c\u5165\u5f0f\u624b\u628a-had101\/\"]}]},{\"@type\":\"ImageObject\",\"inLanguage\":\"tr\",\"@id\":\"https:\/\/sxflightcase.com\/zh_hk\/\u7522\u54c1\/\u5d4c\u5165\u5f0f\u624b\u628a-had101\/#primaryimage\",\"url\":\"https:\/\/sxflightcase.com\/wp-content\/uploads\/2024\/08\/HAD101.jpg\",\"contentUrl\":\"https:\/\/sxflightcase.com\/wp-content\/uploads\/2024\/08\/HAD101.jpg\",\"width\":700,\"height\":700,\"caption\":\"Recessed Handle\"},{\"@type\":\"BreadcrumbList\",\"@id\":\"https:\/\/sxflightcase.com\/zh_hk\/\u7522\u54c1\/\u5d4c\u5165\u5f0f\u624b\u628a-had101\/#breadcrumb\",\"itemListElement\":[{\"@type\":\"ListItem\",\"position\":1,\"name\":\"Home\",\"item\":\"https:\/\/sxflightcase.com\/\"},{\"@type\":\"ListItem\",\"position\":2,\"name\":\"\u0e2a\u0e34\u0e19\u0e04\u0e49\u0e32\",\"item\":\"https:\/\/sxflightcase.com\/th\/shop\/\"},{\"@type\":\"ListItem\",\"position\":3,\"name\":\"Recessed Handle HAD101\"}]},{\"@type\":\"WebSite\",\"@id\":\"https:\/\/sxflightcase.com\/th\/#website\",\"url\":\"https:\/\/sxflightcase.com\/th\/\",\"name\":\"sxpowercase.com\",\"description\":\"Flight Case Factory\",\"publisher\":{\"@id\":\"https:\/\/sxflightcase.com\/th\/#organization\"},\"potentialAction\":[{\"@type\":\"SearchAction\",\"target\":{\"@type\":\"EntryPoint\",\"urlTemplate\":\"https:\/\/sxflightcase.com\/th\/?s={search_term_string}\"},\"query-input\":{\"@type\":\"PropertyValueSpecification\",\"valueRequired\":true,\"valueName\":\"search_term_string\"}}],\"inLanguage\":\"tr\"},{\"@type\":\"Organization\",\"@id\":\"https:\/\/sxflightcase.com\/th\/#organization\",\"name\":\"sxpowercase.com\",\"url\":\"https:\/\/sxflightcase.com\/th\/\",\"logo\":{\"@type\":\"ImageObject\",\"inLanguage\":\"tr\",\"@id\":\"https:\/\/sxflightcase.com\/th\/#\/schema\/logo\/image\/\",\"url\":\"https:\/\/sxflightcase.com\/wp-content\/uploads\/2024\/04\/1713919036007.jpg\",\"contentUrl\":\"https:\/\/sxflightcase.com\/wp-content\/uploads\/2024\/04\/1713919036007.jpg\",\"width\":382,\"height\":388,\"caption\":\"sxpowercase.com\"},\"image\":{\"@id\":\"https:\/\/sxflightcase.com\/th\/#\/schema\/logo\/image\/\"},\"sameAs\":[\"https:\/\/www.facebook.com\/profile.php?id=61560407257971\"],\"numberOfEmployees\":{\"@type\":\"QuantitativeValue\",\"minValue\":\"11\",\"maxValue\":\"50\"}}]}<\/script>\n<!-- \/ Yoast SEO Premium plugin. -->","yoast_head_json":{"title":"Recessed Handle HAD101 - https:\/\/sxflightcase.com \ud83d\udc97","description":"G\u00f6mme tutamak, do\u011frudan fabrikada! Y\u00fcksek kaliteli, dayan\u0131kl\u0131 kulplar, \u00e7antalar ve ekipmanlar i\u00e7in g\u00fcvenli ve rahat ta\u015f\u0131ma sa\u011flayan g\u00f6mme bir uyum i\u00e7in tasarlanm\u0131\u015ft\u0131r. Profesyonel kullan\u0131m i\u00e7in idealdir.","robots":{"index":"index","follow":"follow","max-snippet":"max-snippet:-1","max-image-preview":"max-image-preview:large","max-video-preview":"max-video-preview:-1"},"canonical":"https:\/\/sxflightcase.com\/tr\/\u7522\u54c1\/\u5d4c\u5165\u5f0f\u624b\u628a-had101\/","og_locale":"tr_TR","og_type":"article","og_title":"Recessed Handle HAD101","og_description":"Recessed handle, factory direct! High-quality, durable handles designed for a flush fit, providing secure and comfortable transport for cases and equipment. Ideal for professional use.","og_url":"https:\/\/sxflightcase.com\/tr\/\u7522\u54c1\/\u5d4c\u5165\u5f0f\u624b\u628a-had101\/","og_site_name":"https:\/\/sxflightcase.com","article_publisher":"https:\/\/www.facebook.com\/profile.php?id=61560407257971","article_modified_time":"2024-08-09T06:40:08+00:00","og_image":[{"width":700,"height":700,"url":"https:\/\/sxflightcase.com\/wp-content\/uploads\/2024\/08\/HAD101.jpg","type":"image\/jpeg"}],"twitter_card":"summary_large_image","twitter_misc":{"Tahmini okuma s\u00fcresi":"3 dakika"},"schema":{"@context":"https:\/\/schema.org","@graph":[{"@type":"WebPage","@id":"https:\/\/sxflightcase.com\/zh_hk\/\u7522\u54c1\/\u5d4c\u5165\u5f0f\u624b\u628a-had101\/","url":"https:\/\/sxflightcase.com\/zh_hk\/\u7522\u54c1\/\u5d4c\u5165\u5f0f\u624b\u628a-had101\/","name":"Recessed Handle HAD101 - https:\/\/sxflightcase.com \ud83d\udc97","isPartOf":{"@id":"https:\/\/sxflightcase.com\/th\/#website"},"primaryImageOfPage":{"@id":"https:\/\/sxflightcase.com\/zh_hk\/\u7522\u54c1\/\u5d4c\u5165\u5f0f\u624b\u628a-had101\/#primaryimage"},"image":{"@id":"https:\/\/sxflightcase.com\/zh_hk\/\u7522\u54c1\/\u5d4c\u5165\u5f0f\u624b\u628a-had101\/#primaryimage"},"thumbnailUrl":"https:\/\/sxflightcase.com\/wp-content\/uploads\/2024\/08\/HAD101.jpg","datePublished":"2024-08-09T06:40:07+00:00","dateModified":"2024-08-09T06:40:08+00:00","description":"G\u00f6mme tutamak, do\u011frudan fabrikada! Y\u00fcksek kaliteli, dayan\u0131kl\u0131 kulplar, \u00e7antalar ve ekipmanlar i\u00e7in g\u00fcvenli ve rahat ta\u015f\u0131ma sa\u011flayan g\u00f6mme bir uyum i\u00e7in tasarlanm\u0131\u015ft\u0131r. Profesyonel kullan\u0131m i\u00e7in idealdir.","breadcrumb":{"@id":"https:\/\/sxflightcase.com\/zh_hk\/\u7522\u54c1\/\u5d4c\u5165\u5f0f\u624b\u628a-had101\/#breadcrumb"},"inLanguage":"tr","potentialAction":[{"@type":"ReadAction","target":["https:\/\/sxflightcase.com\/zh_hk\/\u7522\u54c1\/\u5d4c\u5165\u5f0f\u624b\u628a-had101\/"]}]},{"@type":"ImageObject","inLanguage":"tr","@id":"https:\/\/sxflightcase.com\/zh_hk\/\u7522\u54c1\/\u5d4c\u5165\u5f0f\u624b\u628a-had101\/#primaryimage","url":"https:\/\/sxflightcase.com\/wp-content\/uploads\/2024\/08\/HAD101.jpg","contentUrl":"https:\/\/sxflightcase.com\/wp-content\/uploads\/2024\/08\/HAD101.jpg","width":700,"height":700,"caption":"Recessed Handle"},{"@type":"BreadcrumbList","@id":"https:\/\/sxflightcase.com\/zh_hk\/\u7522\u54c1\/\u5d4c\u5165\u5f0f\u624b\u628a-had101\/#breadcrumb","itemListElement":[{"@type":"ListItem","position":1,"name":"Home","item":"https:\/\/sxflightcase.com\/"},{"@type":"ListItem","position":2,"name":"\u0e2a\u0e34\u0e19\u0e04\u0e49\u0e32","item":"https:\/\/sxflightcase.com\/th\/shop\/"},{"@type":"ListItem","position":3,"name":"Recessed Handle HAD101"}]},{"@type":"WebSite","@id":"https:\/\/sxflightcase.com\/th\/#website","url":"https:\/\/sxflightcase.com\/th\/","name":"sxpowercase.com","description":"U\u00e7u\u015f \u00c7antas\u0131 Fabrikas\u0131","publisher":{"@id":"https:\/\/sxflightcase.com\/th\/#organization"},"potentialAction":[{"@type":"SearchAction","target":{"@type":"EntryPoint","urlTemplate":"https:\/\/sxflightcase.com\/th\/?s={search_term_string}"},"query-input":{"@type":"PropertyValueSpecification","valueRequired":true,"valueName":"search_term_string"}}],"inLanguage":"tr"},{"@type":"Organization","@id":"https:\/\/sxflightcase.com\/th\/#organization","name":"sxpowercase.com","url":"https:\/\/sxflightcase.com\/th\/","logo":{"@type":"ImageObject","inLanguage":"tr","@id":"https:\/\/sxflightcase.com\/th\/#\/schema\/logo\/image\/","url":"https:\/\/sxflightcase.com\/wp-content\/uploads\/2024\/04\/1713919036007.jpg","contentUrl":"https:\/\/sxflightcase.com\/wp-content\/uploads\/2024\/04\/1713919036007.jpg","width":382,"height":388,"caption":"sxpowercase.com"},"image":{"@id":"https:\/\/sxflightcase.com\/th\/#\/schema\/logo\/image\/"},"sameAs":["https:\/\/www.facebook.com\/profile.php?id=61560407257971"],"numberOfEmployees":{"@type":"QuantitativeValue","minValue":"11","maxValue":"50"}}]}},"_links":{"self":[{"href":"https:\/\/sxflightcase.com\/tr\/wp-json\/wp\/v2\/product\/4049","targetHints":{"allow":["GET"]}}],"collection":[{"href":"https:\/\/sxflightcase.com\/tr\/wp-json\/wp\/v2\/product"}],"about":[{"href":"https:\/\/sxflightcase.com\/tr\/wp-json\/wp\/v2\/types\/product"}],"replies":[{"embeddable":true,"href":"https:\/\/sxflightcase.com\/tr\/wp-json\/wp\/v2\/comments?post=4049"}],"version-history":[{"count":0,"href":"https:\/\/sxflightcase.com\/tr\/wp-json\/wp\/v2\/product\/4049\/revisions"}],"wp:featuredmedia":[{"embeddable":true,"href":"https:\/\/sxflightcase.com\/tr\/wp-json\/wp\/v2\/media\/4031"}],"wp:attachment":[{"href":"https:\/\/sxflightcase.com\/tr\/wp-json\/wp\/v2\/media?parent=4049"}],"wp:term":[{"taxonomy":"product_brand","embeddable":true,"href":"https:\/\/sxflightcase.com\/tr\/wp-json\/wp\/v2\/product_brand?post=4049"},{"taxonomy":"product_cat","embeddable":true,"href":"https:\/\/sxflightcase.com\/tr\/wp-json\/wp\/v2\/product_cat?post=4049"},{"taxonomy":"product_tag","embeddable":true,"href":"https:\/\/sxflightcase.com\/tr\/wp-json\/wp\/v2\/product_tag?post=4049"}],"curies":[{"name":"wp","href":"https:\/\/api.w.org\/{rel}","templated":true}]}}