{"id":4056,"date":"2024-08-10T07:20:26","date_gmt":"2024-08-10T06:20:26","guid":{"rendered":"https:\/\/sxpowercase.com\/?post_type=product&#038;p=4056"},"modified":"2024-08-10T07:20:27","modified_gmt":"2024-08-10T06:20:27","slug":"flight-case-metal-handle-hae01","status":"publish","type":"product","link":"https:\/\/sxflightcase.com\/tr\/urun\/ucus-cantasi-metal-sap-hae01-2\/","title":{"rendered":"U\u00e7u\u015f \u00c7antas\u0131 Metal Sap HAE01"},"content":{"rendered":"<h3>SX U\u00e7u\u015f \u00c7antas\u0131 Metal Sap: G\u00fc\u00e7 ve De\u011fer Bir Arada<\/h3>\n<h4>Uzun \u00d6m\u00fcrl\u00fc Olmak \u0130\u00e7in \u00dcretildi<\/h4>\n<p>U\u00e7u\u015f \u00e7antalar\u0131n\u0131z\u0131n dayan\u0131kl\u0131l\u0131\u011f\u0131 ve g\u00fcvenilirli\u011fi s\u00f6z konusu oldu\u011funda, se\u00e7ti\u011finiz tutamak b\u00fcy\u00fck fark yarat\u0131r. Bu <strong>U\u00e7u\u015f \u00c7antas\u0131 Metal Sap<\/strong> SX'ten maksimum g\u00fc\u00e7 ve destek sa\u011flamak \u00fczere tasarlanm\u0131\u015ft\u0131r ve \u00e7antan\u0131z\u0131n seyahat ve ta\u015f\u0131man\u0131n zorluklar\u0131na dayanabilmesini sa\u011flar. Y\u00fcksek kaliteli metalden \u00fcretilen bu tutamaklar uzun \u00f6m\u00fcrl\u00fcd\u00fcr ve ekipman\u0131n\u0131z\u0131n g\u00fcvende ve emniyette oldu\u011fu konusunda i\u00e7inizin rahat olmas\u0131n\u0131 sa\u011flar.<\/p>\n<h4>Do\u011frudan Fabrikadan<\/h4>\n<p>\u015eu anda <a href=\"https:\/\/sxpowercase.com\/\" target=\"_blank\" rel=\"noopener\" title=\"SX\" data-wpil-monitor-id=\"647\">SX<\/a>Premium fiyat etiketi olmadan premium \u00fcr\u00fcnler sunmaya inan\u0131yoruz. \u0130\u015fte bu y\u00fczden <strong>U\u00e7u\u015f \u00c7antas\u0131 Metal Kulplar<\/strong> fabrikada do\u011frudan temin edilebildi\u011finden, tasarruflar\u0131 size aktarmam\u0131za olanak tan\u0131r. Arac\u0131lar\u0131 devre d\u0131\u015f\u0131 b\u0131rakarak, bu y\u00fcksek kaliteli kulplar\u0131 a\u015f\u0131lmas\u0131 zor fiyatlarla sunabiliyoruz. Bankay\u0131 zorlamadan \u00fcst\u00fcn kalite elde edersiniz.<\/p>\n<h4>G\u00fcvenebilece\u011finiz Kalite<\/h4>\n<p>Kalite g\u00fcvencesi SX markas\u0131n\u0131n temel ta\u015f\u0131d\u0131r. Her <strong>U\u00e7u\u015f \u00c7antas\u0131 Metal Sap<\/strong> en y\u00fcksek dayan\u0131kl\u0131l\u0131k ve performans standartlar\u0131n\u0131 kar\u015f\u0131lamak i\u00e7in titizlikle test edilmi\u015ftir. \u0130ster hassas ekipman ister sa\u011flam aletler ta\u015f\u0131yor olun, SX kulplar\u0131n kusursuz performans g\u00f6sterece\u011fine ve \u00e7antan\u0131z\u0131n yolculu\u011fu boyunca g\u00fcvende kalmas\u0131n\u0131 sa\u011flayaca\u011f\u0131na g\u00fcvenebilirsiniz.<\/p>\n<h4>\u0130htiya\u00e7lar\u0131n\u0131za G\u00f6re \u00d6zelle\u015ftirilebilir<\/h4>\n<p>Her u\u00e7u\u015f \u00e7antas\u0131n\u0131n kendine \u00f6zg\u00fc talepleri vard\u0131r ve SX olarak tek bedenin herkese uymayaca\u011f\u0131n\u0131 biliyoruz. \u0130\u015fte bu y\u00fczden \u00fcr\u00fcnlerimiz i\u00e7in \u00f6zelle\u015ftirme se\u00e7enekleri sunuyoruz. <strong>U\u00e7u\u015f \u00c7antas\u0131 Metal Kulplar<\/strong>. \u0130ster belirli bir boyut, kaplama veya montaj stiline ihtiyac\u0131n\u0131z olsun, kulplar\u0131m\u0131z\u0131 tam spesifikasyonlar\u0131n\u0131z\u0131 kar\u015f\u0131layacak \u015fekilde uyarlayabiliriz. Bu, \u00e7antan\u0131z\u0131n sadece iyi \u00e7al\u0131\u015fmas\u0131n\u0131 de\u011fil, ayn\u0131 zamanda uyumlu ve profesyonel bir g\u00f6r\u00fcn\u00fcme sahip olmas\u0131n\u0131 da sa\u011flar.<\/p>\n<h4>\u00c7e\u015fitli Uygulamalar i\u00e7in M\u00fckemmel<\/h4>\n<p>The <strong>U\u00e7u\u015f \u00c7antas\u0131 Metal Sap<\/strong> by SX \u00e7ok \u00e7e\u015fitli uygulamalarda kullan\u0131labilecek kadar \u00e7ok y\u00f6nl\u00fcd\u00fcr. Profesyonel ses ekipmanlar\u0131ndan hassas elektronik cihazlara kadar, bu tutamaklar hem konfor hem de dayan\u0131kl\u0131l\u0131k sunmak \u00fczere tasarlanm\u0131\u015ft\u0131r. Sa\u011flam yap\u0131lar\u0131, g\u00fcvenilir ta\u015f\u0131ma gerektiren a\u011f\u0131r hizmet vakalar\u0131 i\u00e7in idealdir.<\/p>\n<h4>Neden SX&#039;i Se\u00e7melisiniz?<\/h4>\n<p>SX'i se\u00e7mek, kaliteye, uygun fiyata ve m\u00fc\u015fteri memnuniyetine de\u011fer veren bir markay\u0131 se\u00e7mek anlam\u0131na gelir. Bizim <strong>U\u00e7u\u015f \u00c7antas\u0131 Metal Kulplar<\/strong> beklentileri kar\u015f\u0131lamakla kalmay\u0131p a\u015fan \u00fcr\u00fcnler sunma taahh\u00fcd\u00fcm\u00fcz\u00fcn bir kan\u0131t\u0131d\u0131r. SX ile sadece bir tutamak sat\u0131n alm\u0131yorsunuz; ekipman\u0131n\u0131z\u0131n g\u00fcvenli\u011fine ve uzun \u00f6m\u00fcrl\u00fcl\u00fc\u011f\u00fcne yat\u0131r\u0131m yap\u0131yorsunuz.<\/p>\n<h4>Bug\u00fcn Bize Ula\u015f\u0131n<\/h4>\n<p>U\u00e7u\u015f \u00e7antalar\u0131n\u0131z\u0131 SX ile y\u00fckseltin <strong>U\u00e7u\u015f \u00c7antas\u0131 Metal Kulplar<\/strong> ve g\u00fc\u00e7, dayan\u0131kl\u0131l\u0131k ve maliyet etkinli\u011finin m\u00fckemmel kar\u0131\u015f\u0131m\u0131n\u0131n keyfini \u00e7\u0131kar\u0131n. \u0130ster tek bir kasa i\u00e7in kulplara ister toplu sipari\u015fe ihtiyac\u0131n\u0131z olsun, SX ihtiya\u00e7lar\u0131n\u0131z\u0131 kar\u015f\u0131lamak i\u00e7in burada. \u00dcr\u00fcnlerimiz hakk\u0131nda daha fazla bilgi edinmek veya sipari\u015finizi vermek i\u00e7in bug\u00fcn bizimle ileti\u015fime ge\u00e7in.<\/p>\n<p>Hemen \u0130leti\u015fime Ge\u00e7in:<span style=\"color: #0000ff;\"><a style=\"color: #0000ff;\" href=\"https:\/\/sxpowercase.com\/contact-us\/\">https:\/\/sxpowercase.com\/<\/a><\/span><\/p>\n<p>Donan\u0131m \u00dcr\u00fcn Katalo\u011fu\uff1a<span style=\"color: #3366ff;\"><a style=\"color: #3366ff;\" href=\"https:\/\/sxpowercase.com\/wp-content\/uploads\/2024\/07\/\u4e94\u91d1.pdf\">Donan\u0131m aksesuarlar\u0131 katalo\u011fu<\/a><\/span><\/p>","protected":false},"excerpt":{"rendered":"<h3>SX U\u00e7u\u015f \u00c7antas\u0131 Metal Sap: Dayan\u0131kl\u0131l\u0131k i\u00e7in \u00dcretildi<\/h3>\n<p>Seyahatin zorluklar\u0131na dayanacak \u015fekilde tasarlanan SX U\u00e7u\u015f \u00c7antas\u0131 Metal Kulplar\u0131, maksimum g\u00fc\u00e7 ve g\u00fcvenilirlik sunarak ekipman\u0131n\u0131z\u0131n g\u00fcvende kalmas\u0131n\u0131 sa\u011flar.<\/p>\n<h3>\u00dcst\u00fcn Kalite i\u00e7in Fabrika Do\u011frudan Fiyatland\u0131rmas\u0131<\/h3>\n<p>Rakipsiz fabrika do\u011frudan fiyatlar\u0131yla SX'in \u00fcst\u00fcn U\u00e7u\u015f \u00c7antas\u0131 Metal Kollar\u0131n\u0131n keyfini \u00e7\u0131kar\u0131n, premium maliyet olmadan en \u00fcst d\u00fczey dayan\u0131kl\u0131l\u0131k sunar.<\/p>\n<h3>Her Durum \u0130\u00e7in \u00d6zelle\u015ftirilebilir \u00c7\u00f6z\u00fcmler<\/h3>\n<p>\u00d6zelle\u015ftirme se\u00e7enekleriyle SX U\u00e7u\u015f \u00c7antas\u0131 Metal Kollar\u0131n\u0131z\u0131 \u00f6zel ihtiya\u00e7lar\u0131n\u0131za g\u00f6re uyarlay\u0131n, her uygulama i\u00e7in m\u00fckemmel bir uyum ve profesyonel bir g\u00f6r\u00fcn\u00fcm sa\u011flay\u0131n.<\/p>","protected":false},"featured_media":4032,"comment_status":"open","ping_status":"closed","template":"","meta":[],"product_brand":[],"product_cat":[62],"product_tag":[],"class_list":{"0":"post-4056","1":"product","2":"type-product","3":"status-publish","4":"has-post-thumbnail","6":"product_cat-handles","8":"first","9":"instock","10":"shipping-taxable","11":"product-type-simple"},"yoast_head":"<!-- This site is optimized with the Yoast SEO Premium plugin v27.1 (Yoast SEO v27.2) - https:\/\/yoast.com\/product\/yoast-seo-premium-wordpress\/ -->\n<title>Flight Case Metal Handle HAE01 - https:\/\/sxflightcase.com \ud83d\udc97<\/title>\n<meta name=\"description\" content=\"Flight case metal handle, factory direct! Durable and secure, this high-quality handle is designed for easy transport of flight cases. Perfect for professionals needing reliable equipment.\" \/>\n<meta name=\"robots\" content=\"index, follow, max-snippet:-1, max-image-preview:large, max-video-preview:-1\" \/>\n<link rel=\"canonical\" href=\"https:\/\/sxflightcase.com\/tr\/urun\/ucus-cantasi-metal-sap-hae01-2\/\" \/>\n<meta property=\"og:locale\" content=\"tr_TR\" \/>\n<meta property=\"og:type\" content=\"article\" \/>\n<meta property=\"og:title\" content=\"Flight Case Metal Handle HAE01\" \/>\n<meta property=\"og:description\" content=\"Flight case metal handle, factory direct! Durable and secure, this high-quality handle is designed for easy transport of flight cases. Perfect for professionals needing reliable equipment.\" \/>\n<meta property=\"og:url\" content=\"https:\/\/sxflightcase.com\/tr\/urun\/ucus-cantasi-metal-sap-hae01-2\/\" \/>\n<meta property=\"og:site_name\" content=\"https:\/\/sxflightcase.com\" \/>\n<meta property=\"article:publisher\" content=\"https:\/\/www.facebook.com\/profile.php?id=61560407257971\" \/>\n<meta property=\"article:modified_time\" content=\"2024-08-10T06:20:27+00:00\" \/>\n<meta property=\"og:image\" content=\"https:\/\/sxflightcase.com\/wp-content\/uploads\/2024\/08\/HAE01.jpg\" \/>\n\t<meta property=\"og:image:width\" content=\"700\" \/>\n\t<meta property=\"og:image:height\" content=\"700\" \/>\n\t<meta property=\"og:image:type\" content=\"image\/jpeg\" \/>\n<meta name=\"twitter:card\" content=\"summary_large_image\" \/>\n<meta name=\"twitter:label1\" content=\"Tahmini okuma s\u00fcresi\" \/>\n\t<meta name=\"twitter:data1\" content=\"3 dakika\" \/>\n<script type=\"application\/ld+json\" class=\"yoast-schema-graph\">{\"@context\":\"https:\/\/schema.org\",\"@graph\":[{\"@type\":\"WebPage\",\"@id\":\"https:\/\/sxflightcase.com\/product\/flight-case-metal-handle-hae01\/\",\"url\":\"https:\/\/sxflightcase.com\/product\/flight-case-metal-handle-hae01\/\",\"name\":\"Flight Case Metal Handle HAE01 - https:\/\/sxflightcase.com \ud83d\udc97\",\"isPartOf\":{\"@id\":\"https:\/\/sxflightcase.com\/th\/#website\"},\"primaryImageOfPage\":{\"@id\":\"https:\/\/sxflightcase.com\/product\/flight-case-metal-handle-hae01\/#primaryimage\"},\"image\":{\"@id\":\"https:\/\/sxflightcase.com\/product\/flight-case-metal-handle-hae01\/#primaryimage\"},\"thumbnailUrl\":\"https:\/\/sxflightcase.com\/wp-content\/uploads\/2024\/08\/HAE01.jpg\",\"datePublished\":\"2024-08-10T06:20:26+00:00\",\"dateModified\":\"2024-08-10T06:20:27+00:00\",\"description\":\"Flight case metal handle, factory direct! Durable and secure, this high-quality handle is designed for easy transport of flight cases. Perfect for professionals needing reliable equipment.\",\"breadcrumb\":{\"@id\":\"https:\/\/sxflightcase.com\/product\/flight-case-metal-handle-hae01\/#breadcrumb\"},\"inLanguage\":\"tr\",\"potentialAction\":[{\"@type\":\"ReadAction\",\"target\":[\"https:\/\/sxflightcase.com\/product\/flight-case-metal-handle-hae01\/\"]}]},{\"@type\":\"ImageObject\",\"inLanguage\":\"tr\",\"@id\":\"https:\/\/sxflightcase.com\/product\/flight-case-metal-handle-hae01\/#primaryimage\",\"url\":\"https:\/\/sxflightcase.com\/wp-content\/uploads\/2024\/08\/HAE01.jpg\",\"contentUrl\":\"https:\/\/sxflightcase.com\/wp-content\/uploads\/2024\/08\/HAE01.jpg\",\"width\":700,\"height\":700,\"caption\":\"Flight Case Metal Handle\"},{\"@type\":\"BreadcrumbList\",\"@id\":\"https:\/\/sxflightcase.com\/product\/flight-case-metal-handle-hae01\/#breadcrumb\",\"itemListElement\":[{\"@type\":\"ListItem\",\"position\":1,\"name\":\"Home\",\"item\":\"https:\/\/sxflightcase.com\/\"},{\"@type\":\"ListItem\",\"position\":2,\"name\":\"\u0e2a\u0e34\u0e19\u0e04\u0e49\u0e32\",\"item\":\"https:\/\/sxflightcase.com\/th\/shop\/\"},{\"@type\":\"ListItem\",\"position\":3,\"name\":\"Flight Case Metal Handle HAE01\"}]},{\"@type\":\"WebSite\",\"@id\":\"https:\/\/sxflightcase.com\/th\/#website\",\"url\":\"https:\/\/sxflightcase.com\/th\/\",\"name\":\"sxpowercase.com\",\"description\":\"Flight Case Factory\",\"publisher\":{\"@id\":\"https:\/\/sxflightcase.com\/th\/#organization\"},\"potentialAction\":[{\"@type\":\"SearchAction\",\"target\":{\"@type\":\"EntryPoint\",\"urlTemplate\":\"https:\/\/sxflightcase.com\/th\/?s={search_term_string}\"},\"query-input\":{\"@type\":\"PropertyValueSpecification\",\"valueRequired\":true,\"valueName\":\"search_term_string\"}}],\"inLanguage\":\"tr\"},{\"@type\":\"Organization\",\"@id\":\"https:\/\/sxflightcase.com\/th\/#organization\",\"name\":\"sxpowercase.com\",\"url\":\"https:\/\/sxflightcase.com\/th\/\",\"logo\":{\"@type\":\"ImageObject\",\"inLanguage\":\"tr\",\"@id\":\"https:\/\/sxflightcase.com\/th\/#\/schema\/logo\/image\/\",\"url\":\"https:\/\/sxflightcase.com\/wp-content\/uploads\/2024\/04\/1713919036007.jpg\",\"contentUrl\":\"https:\/\/sxflightcase.com\/wp-content\/uploads\/2024\/04\/1713919036007.jpg\",\"width\":382,\"height\":388,\"caption\":\"sxpowercase.com\"},\"image\":{\"@id\":\"https:\/\/sxflightcase.com\/th\/#\/schema\/logo\/image\/\"},\"sameAs\":[\"https:\/\/www.facebook.com\/profile.php?id=61560407257971\"],\"numberOfEmployees\":{\"@type\":\"QuantitativeValue\",\"minValue\":\"11\",\"maxValue\":\"50\"}}]}<\/script>\n<!-- \/ Yoast SEO Premium plugin. -->","yoast_head_json":{"title":"Flight Case Metal Handle HAE01 - https:\/\/sxflightcase.com \ud83d\udc97","description":"U\u00e7u\u015f \u00e7antas\u0131 metal sap\u0131, do\u011frudan fabrikada! Dayan\u0131kl\u0131 ve g\u00fcvenli olan bu y\u00fcksek kaliteli tutamak, u\u00e7u\u015f \u00e7antalar\u0131n\u0131n kolay ta\u015f\u0131nmas\u0131 i\u00e7in tasarlanm\u0131\u015ft\u0131r. G\u00fcvenilir ekipmana ihtiya\u00e7 duyan profesyoneller i\u00e7in m\u00fckemmeldir.","robots":{"index":"index","follow":"follow","max-snippet":"max-snippet:-1","max-image-preview":"max-image-preview:large","max-video-preview":"max-video-preview:-1"},"canonical":"https:\/\/sxflightcase.com\/tr\/urun\/ucus-cantasi-metal-sap-hae01-2\/","og_locale":"tr_TR","og_type":"article","og_title":"Flight Case Metal Handle HAE01","og_description":"Flight case metal handle, factory direct! Durable and secure, this high-quality handle is designed for easy transport of flight cases. Perfect for professionals needing reliable equipment.","og_url":"https:\/\/sxflightcase.com\/tr\/urun\/ucus-cantasi-metal-sap-hae01-2\/","og_site_name":"https:\/\/sxflightcase.com","article_publisher":"https:\/\/www.facebook.com\/profile.php?id=61560407257971","article_modified_time":"2024-08-10T06:20:27+00:00","og_image":[{"width":700,"height":700,"url":"https:\/\/sxflightcase.com\/wp-content\/uploads\/2024\/08\/HAE01.jpg","type":"image\/jpeg"}],"twitter_card":"summary_large_image","twitter_misc":{"Tahmini okuma s\u00fcresi":"3 dakika"},"schema":{"@context":"https:\/\/schema.org","@graph":[{"@type":"WebPage","@id":"https:\/\/sxflightcase.com\/product\/flight-case-metal-handle-hae01\/","url":"https:\/\/sxflightcase.com\/product\/flight-case-metal-handle-hae01\/","name":"Flight Case Metal Handle HAE01 - https:\/\/sxflightcase.com \ud83d\udc97","isPartOf":{"@id":"https:\/\/sxflightcase.com\/th\/#website"},"primaryImageOfPage":{"@id":"https:\/\/sxflightcase.com\/product\/flight-case-metal-handle-hae01\/#primaryimage"},"image":{"@id":"https:\/\/sxflightcase.com\/product\/flight-case-metal-handle-hae01\/#primaryimage"},"thumbnailUrl":"https:\/\/sxflightcase.com\/wp-content\/uploads\/2024\/08\/HAE01.jpg","datePublished":"2024-08-10T06:20:26+00:00","dateModified":"2024-08-10T06:20:27+00:00","description":"U\u00e7u\u015f \u00e7antas\u0131 metal sap\u0131, do\u011frudan fabrikada! Dayan\u0131kl\u0131 ve g\u00fcvenli olan bu y\u00fcksek kaliteli tutamak, u\u00e7u\u015f \u00e7antalar\u0131n\u0131n kolay ta\u015f\u0131nmas\u0131 i\u00e7in tasarlanm\u0131\u015ft\u0131r. G\u00fcvenilir ekipmana ihtiya\u00e7 duyan profesyoneller i\u00e7in m\u00fckemmeldir.","breadcrumb":{"@id":"https:\/\/sxflightcase.com\/product\/flight-case-metal-handle-hae01\/#breadcrumb"},"inLanguage":"tr","potentialAction":[{"@type":"ReadAction","target":["https:\/\/sxflightcase.com\/product\/flight-case-metal-handle-hae01\/"]}]},{"@type":"ImageObject","inLanguage":"tr","@id":"https:\/\/sxflightcase.com\/product\/flight-case-metal-handle-hae01\/#primaryimage","url":"https:\/\/sxflightcase.com\/wp-content\/uploads\/2024\/08\/HAE01.jpg","contentUrl":"https:\/\/sxflightcase.com\/wp-content\/uploads\/2024\/08\/HAE01.jpg","width":700,"height":700,"caption":"Flight Case Metal Handle"},{"@type":"BreadcrumbList","@id":"https:\/\/sxflightcase.com\/product\/flight-case-metal-handle-hae01\/#breadcrumb","itemListElement":[{"@type":"ListItem","position":1,"name":"Home","item":"https:\/\/sxflightcase.com\/"},{"@type":"ListItem","position":2,"name":"\u0e2a\u0e34\u0e19\u0e04\u0e49\u0e32","item":"https:\/\/sxflightcase.com\/th\/shop\/"},{"@type":"ListItem","position":3,"name":"Flight Case Metal Handle HAE01"}]},{"@type":"WebSite","@id":"https:\/\/sxflightcase.com\/th\/#website","url":"https:\/\/sxflightcase.com\/th\/","name":"sxpowercase.com","description":"U\u00e7u\u015f \u00c7antas\u0131 Fabrikas\u0131","publisher":{"@id":"https:\/\/sxflightcase.com\/th\/#organization"},"potentialAction":[{"@type":"SearchAction","target":{"@type":"EntryPoint","urlTemplate":"https:\/\/sxflightcase.com\/th\/?s={search_term_string}"},"query-input":{"@type":"PropertyValueSpecification","valueRequired":true,"valueName":"search_term_string"}}],"inLanguage":"tr"},{"@type":"Organization","@id":"https:\/\/sxflightcase.com\/th\/#organization","name":"sxpowercase.com","url":"https:\/\/sxflightcase.com\/th\/","logo":{"@type":"ImageObject","inLanguage":"tr","@id":"https:\/\/sxflightcase.com\/th\/#\/schema\/logo\/image\/","url":"https:\/\/sxflightcase.com\/wp-content\/uploads\/2024\/04\/1713919036007.jpg","contentUrl":"https:\/\/sxflightcase.com\/wp-content\/uploads\/2024\/04\/1713919036007.jpg","width":382,"height":388,"caption":"sxpowercase.com"},"image":{"@id":"https:\/\/sxflightcase.com\/th\/#\/schema\/logo\/image\/"},"sameAs":["https:\/\/www.facebook.com\/profile.php?id=61560407257971"],"numberOfEmployees":{"@type":"QuantitativeValue","minValue":"11","maxValue":"50"}}]}},"_links":{"self":[{"href":"https:\/\/sxflightcase.com\/tr\/wp-json\/wp\/v2\/product\/4056","targetHints":{"allow":["GET"]}}],"collection":[{"href":"https:\/\/sxflightcase.com\/tr\/wp-json\/wp\/v2\/product"}],"about":[{"href":"https:\/\/sxflightcase.com\/tr\/wp-json\/wp\/v2\/types\/product"}],"replies":[{"embeddable":true,"href":"https:\/\/sxflightcase.com\/tr\/wp-json\/wp\/v2\/comments?post=4056"}],"version-history":[{"count":0,"href":"https:\/\/sxflightcase.com\/tr\/wp-json\/wp\/v2\/product\/4056\/revisions"}],"wp:featuredmedia":[{"embeddable":true,"href":"https:\/\/sxflightcase.com\/tr\/wp-json\/wp\/v2\/media\/4032"}],"wp:attachment":[{"href":"https:\/\/sxflightcase.com\/tr\/wp-json\/wp\/v2\/media?parent=4056"}],"wp:term":[{"taxonomy":"product_brand","embeddable":true,"href":"https:\/\/sxflightcase.com\/tr\/wp-json\/wp\/v2\/product_brand?post=4056"},{"taxonomy":"product_cat","embeddable":true,"href":"https:\/\/sxflightcase.com\/tr\/wp-json\/wp\/v2\/product_cat?post=4056"},{"taxonomy":"product_tag","embeddable":true,"href":"https:\/\/sxflightcase.com\/tr\/wp-json\/wp\/v2\/product_tag?post=4056"}],"curies":[{"name":"wp","href":"https:\/\/api.w.org\/{rel}","templated":true}]}}