{"id":4057,"date":"2024-08-10T07:25:24","date_gmt":"2024-08-10T06:25:24","guid":{"rendered":"https:\/\/sxpowercase.com\/?post_type=product&#038;p=4057"},"modified":"2024-08-10T07:25:25","modified_gmt":"2024-08-10T06:25:25","slug":"cabinet-handles-haf01","status":"publish","type":"product","link":"https:\/\/sxflightcase.com\/tr\/urun\/dolap-kulplari-haf01\/","title":{"rendered":"Dolap Kulplar\u0131 HAF01"},"content":{"rendered":"<h3>SX Dolap Kulplar\u0131 ile Alan\u0131n\u0131z\u0131 Y\u00fckseltin<\/h3>\n<h4>Fabrika Do\u011frudan Fiyatlar\u0131yla Kaliteli \u0130\u015f\u00e7ilik<\/h4>\n<p>Konu m\u00fckemmel bir ev bulmak oldu\u011funda <strong>Dolap Kulplar\u0131<\/strong> Eviniz veya \u00e7al\u0131\u015fma alan\u0131n\u0131z i\u00e7in kalite ve uygun fiyat \u00e7ok \u00f6nemlidir. SX olarak, ola\u011fan\u00fcst\u00fc dayan\u0131kl\u0131l\u0131k sa\u011flarken her t\u00fcrl\u00fc dekoru tamamlayacak \u015fekilde tasarlanm\u0131\u015f \u00e7ok \u00e7e\u015fitli kulplar sunuyoruz. Do\u011frudan fabrika yakla\u015f\u0131m\u0131m\u0131z, birinci s\u0131n\u0131f \u00fcr\u00fcnleri rakipsiz fiyatlarla alman\u0131z\u0131 sa\u011flar. \u0130ster mutfa\u011f\u0131n\u0131z\u0131 yeniliyor ister ofis dolaplar\u0131n\u0131z\u0131 g\u00fcncelliyor olun, <a href=\"https:\/\/sxpowercase.com\/\" target=\"_blank\" rel=\"noopener\" title=\"SX\" data-wpil-monitor-id=\"648\">SX<\/a> <strong>Dolap Kulplar\u0131<\/strong> Kaliteden \u00f6d\u00fcn vermeden en iyi de\u011feri sunmak.<\/p>\n<h4>Uzun S\u00fcre Dayanacak \u015eekilde Tasarland\u0131<\/h4>\n<p>Her SX <strong>Dolap Kolu<\/strong> hassasiyet ve detaylara g\u00f6sterilen \u00f6zenle \u00fcretilmi\u015ftir. Y\u00fcksek kaliteli malzemelerden \u00fcretilen bu tutamaklar, \u015f\u0131k g\u00f6r\u00fcn\u00fcmlerini korurken g\u00fcnl\u00fck kullan\u0131ma dayanacak \u015fekilde tasarlanm\u0131\u015ft\u0131r. \u0130ster modern, minimalist bir tasar\u0131m ister daha geleneksel bir g\u00f6r\u00fcn\u00fcm tercih edin, kulplar\u0131m\u0131z hem stil hem de g\u00fc\u00e7 sunarak uzun \u00f6m\u00fcrl\u00fc olacak \u015fekilde \u00fcretilmi\u015ftir. SX ile kaliteli donan\u0131ma yapt\u0131\u011f\u0131n\u0131z yat\u0131r\u0131m\u0131n zaman\u0131n testine dayanaca\u011f\u0131na g\u00fcvenebilirsiniz.<\/p>\n<h4>Her Ortam i\u00e7in \u00c7ok Y\u00f6nl\u00fcl\u00fck<\/h4>\n<p>SX <strong>Dolap Kulplar\u0131<\/strong> sadece mutfak ve banyolarla s\u0131n\u0131rl\u0131 de\u011fildir. \u00c7ok y\u00f6nl\u00fc tasar\u0131mlar\u0131, yatak odas\u0131 dolaplar\u0131ndan ofis depolama \u00fcnitelerine kadar \u00e7e\u015fitli uygulamalar i\u00e7in uygun olmalar\u0131n\u0131 sa\u011flar. Nereye monte edilirlerse edilsinler, kulplar\u0131m\u0131z hem i\u015flevselli\u011fi hem de estetik \u00e7ekicili\u011fi art\u0131r\u0131r. Ergonomik tasar\u0131mlar\u0131 rahat bir tutu\u015f sa\u011flayarak g\u00fcnl\u00fck i\u015fleri daha kolay hale getirirken mekan\u0131n\u0131za \u015f\u0131k bir dokunu\u015f katar.<\/p>\n<h4>\u00d6zelle\u015ftirilebilir \u00c7\u00f6z\u00fcmler<\/h4>\n<p>SX olarak, her projenin kendine \u00f6zg\u00fc gereksinimleri oldu\u011funu biliyoruz. Bu nedenle \u00fcr\u00fcnlerimiz i\u00e7in \u00f6zelle\u015ftirme se\u00e7enekleri sunuyoruz. <strong>Dolap Kulplar\u0131<\/strong>. \u0130ster belirli bir boyuta, kaplamaya veya stile ihtiyac\u0131n\u0131z olsun, \u00fcr\u00fcnlerimizi tam ihtiya\u00e7lar\u0131n\u0131z\u0131 kar\u015f\u0131layacak \u015fekilde uyarlayabiliriz. \u00d6zelle\u015ftirme, kulplar\u0131n\u0131z\u0131n yaln\u0131zca m\u00fckemmel bir \u015fekilde oturmas\u0131n\u0131 de\u011fil, ayn\u0131 zamanda dolaplar\u0131n\u0131z\u0131n genel tasar\u0131m\u0131n\u0131 da tamamlamas\u0131n\u0131 sa\u011flar. SX'in evinizde veya ofisinizde uyumlu ve g\u00f6steri\u015fli bir g\u00f6r\u00fcn\u00fcm yaratman\u0131za yard\u0131mc\u0131 olmas\u0131na izin verin.<\/p>\n<h4>\u00dcreticiden Do\u011frudan<\/h4>\n<p>Do\u011frudan \u00fcreticiden sat\u0131n alarak arac\u0131y\u0131 devre d\u0131\u015f\u0131 b\u0131rak\u0131r ve en y\u00fcksek kaliteyi alman\u0131z\u0131 sa\u011flars\u0131n\u0131z <strong>Dolap Kulplar\u0131<\/strong> m\u00fcmk\u00fcn olan en d\u00fc\u015f\u00fck fiyata. SX dayan\u0131kl\u0131l\u0131k, stil ve uygun fiyat\u0131 bir araya getiren \u00fcr\u00fcnler sunmay\u0131 taahh\u00fct eder. Do\u011frudan fabrika yakla\u015f\u0131m\u0131m\u0131z, perakende ma\u011fazalar\u0131nda tipik olarak bulunan i\u015faretleme olmadan \u00fcst\u00fcn donan\u0131m elde edece\u011finiz anlam\u0131na gelir.<\/p>\n<h4>Neden SX&#039;i Se\u00e7melisiniz?<\/h4>\n<p>SX'i se\u00e7mek, kaliteye, m\u00fc\u015fteri memnuniyetine ve de\u011fere \u00f6ncelik veren bir markay\u0131 se\u00e7mek anlam\u0131na gelir. Bizim <strong>Dolap Kulplar\u0131<\/strong> dolaplar\u0131n\u0131z\u0131n g\u00f6r\u00fcn\u00fcm\u00fcn\u00fc ve kullan\u0131labilirli\u011fini geli\u015ftirmek i\u00e7in tasarlanm\u0131\u015f, bi\u00e7im ve i\u015flevin m\u00fckemmel bir kar\u0131\u015f\u0131m\u0131d\u0131r. SX ile sadece donan\u0131m sat\u0131n almazs\u0131n\u0131z; mekan\u0131n\u0131z\u0131 y\u0131llarca g\u00fczelle\u015ftirecek bir \u00fcr\u00fcne yat\u0131r\u0131m yapm\u0131\u015f olursunuz.<\/p>\n<h4>Bug\u00fcn \u0130leti\u015fime Ge\u00e7in<\/h4>\n<p>Dolaplar\u0131n\u0131z\u0131 SX ile y\u00fckseltin <strong>Dolap Kulplar\u0131<\/strong> ve kaliteli i\u015f\u00e7ilik ve fabrika do\u011frudan fiyatland\u0131rmas\u0131n\u0131n yaratabilece\u011fi fark\u0131 deneyimleyin. \u00dcr\u00fcn yelpazemiz hakk\u0131nda daha fazla bilgi edinmek veya sipari\u015finizi vermek i\u00e7in bug\u00fcn bize ula\u015f\u0131n. T\u00fcm dolap ihtiya\u00e7lar\u0131n\u0131zda SX'in g\u00fcvenilir orta\u011f\u0131n\u0131z olmas\u0131na izin verin.<\/p>\n<p>Hemen \u0130leti\u015fime Ge\u00e7in:<span style=\"color: #0000ff;\"><a style=\"color: #0000ff;\" href=\"https:\/\/sxpowercase.com\/contact-us\/\">https:\/\/sxpowercase.com\/<\/a><\/span><\/p>\n<p>Donan\u0131m \u00dcr\u00fcn Katalo\u011fu\uff1a<span style=\"color: #3366ff;\"><a style=\"color: #3366ff;\" href=\"https:\/\/sxpowercase.com\/wp-content\/uploads\/2024\/07\/\u4e94\u91d1.pdf\">Donan\u0131m aksesuarlar\u0131 katalo\u011fu<\/a><\/span><\/p>","protected":false},"excerpt":{"rendered":"<div class=\"flex max-w-full flex-col flex-grow\">\n<div class=\"min-h-[20px] text-message flex w-full flex-col items-end gap-2 whitespace-pre-wrap break-words [.text-message+&amp;]:mt-5 overflow-x-auto\" dir=\"auto\" data-message-author-role=\"assistant\" data-message-id=\"f9b15d2b-76c9-4191-8e5c-4ce629a7c529\">\n<div class=\"flex w-full flex-col gap-1 empty:hidden first:pt-[3px]\">\n<div class=\"markdown prose w-full break-words dark:prose-invert light\">\n<h3>SX Cabinet Handles: Style Meets Durability<\/h3>\n<p>Enhance your space with SX Cabinet Handles, crafted with precision and designed to last. Perfect for any decor, they offer both strength and elegance.<\/p>\n<h3>Factory-Direct Pricing for Unmatched Value<\/h3>\n<p>Get top-quality Cabinet Handles at unbeatable prices with SX\u2019s factory-direct approach, ensuring you receive exceptional value without the retail markup.<\/p>\n<h3>Customisable Solutions for Every Space<\/h3>\n<p>SX offers tailored Cabinet Handles to fit your exact needs, providing the perfect blend of form and function for your home or office cabinetry.<\/p>\n<\/div>\n<\/div>\n<\/div>\n<\/div>\n","protected":false},"featured_media":4033,"comment_status":"open","ping_status":"closed","template":"","meta":[],"product_brand":[],"product_cat":[62],"product_tag":[],"class_list":{"0":"post-4057","1":"product","2":"type-product","3":"status-publish","4":"has-post-thumbnail","6":"product_cat-handles","8":"first","9":"instock","10":"shipping-taxable","11":"product-type-simple"},"yoast_head":"<!-- This site is optimized with the Yoast SEO Premium plugin v27.1 (Yoast SEO v27.2) - https:\/\/yoast.com\/product\/yoast-seo-premium-wordpress\/ -->\n<title>Cabinet Handles HAF01 - https:\/\/sxflightcase.com \ud83d\udc97<\/title>\n<meta name=\"description\" content=\"Cabinet handles, factory direct! High-quality, durable handles designed for secure and stylish cabinet access. Ideal for kitchens, offices, and other furniture applications.\" \/>\n<meta name=\"robots\" content=\"index, follow, max-snippet:-1, max-image-preview:large, max-video-preview:-1\" \/>\n<link rel=\"canonical\" href=\"https:\/\/sxflightcase.com\/tr\/producto\/tiradores-de-armario-haf01-2\/\" \/>\n<meta property=\"og:locale\" content=\"tr_TR\" \/>\n<meta property=\"og:type\" content=\"article\" \/>\n<meta property=\"og:title\" content=\"Cabinet Handles HAF01\" \/>\n<meta property=\"og:description\" content=\"Cabinet handles, factory direct! High-quality, durable handles designed for secure and stylish cabinet access. Ideal for kitchens, offices, and other furniture applications.\" \/>\n<meta property=\"og:url\" content=\"https:\/\/sxflightcase.com\/tr\/producto\/tiradores-de-armario-haf01-2\/\" \/>\n<meta property=\"og:site_name\" content=\"https:\/\/sxflightcase.com\" \/>\n<meta property=\"article:publisher\" content=\"https:\/\/www.facebook.com\/profile.php?id=61560407257971\" \/>\n<meta property=\"article:modified_time\" content=\"2024-08-10T06:25:25+00:00\" \/>\n<meta property=\"og:image\" content=\"https:\/\/sxflightcase.com\/wp-content\/uploads\/2024\/08\/HAF01.jpg\" \/>\n\t<meta property=\"og:image:width\" content=\"700\" \/>\n\t<meta property=\"og:image:height\" content=\"700\" \/>\n\t<meta property=\"og:image:type\" content=\"image\/jpeg\" \/>\n<meta name=\"twitter:card\" content=\"summary_large_image\" \/>\n<meta name=\"twitter:label1\" content=\"Tahmini okuma s\u00fcresi\" \/>\n\t<meta name=\"twitter:data1\" content=\"3 dakika\" \/>\n<script type=\"application\/ld+json\" class=\"yoast-schema-graph\">{\"@context\":\"https:\/\/schema.org\",\"@graph\":[{\"@type\":\"WebPage\",\"@id\":\"https:\/\/sxflightcase.com\/es_es\/producto\/tiradores-de-armario-haf01-2\/\",\"url\":\"https:\/\/sxflightcase.com\/es_es\/producto\/tiradores-de-armario-haf01-2\/\",\"name\":\"Cabinet Handles HAF01 - https:\/\/sxflightcase.com \ud83d\udc97\",\"isPartOf\":{\"@id\":\"https:\/\/sxflightcase.com\/th\/#website\"},\"primaryImageOfPage\":{\"@id\":\"https:\/\/sxflightcase.com\/es_es\/producto\/tiradores-de-armario-haf01-2\/#primaryimage\"},\"image\":{\"@id\":\"https:\/\/sxflightcase.com\/es_es\/producto\/tiradores-de-armario-haf01-2\/#primaryimage\"},\"thumbnailUrl\":\"https:\/\/sxflightcase.com\/wp-content\/uploads\/2024\/08\/HAF01.jpg\",\"datePublished\":\"2024-08-10T06:25:24+00:00\",\"dateModified\":\"2024-08-10T06:25:25+00:00\",\"description\":\"Cabinet handles, factory direct! High-quality, durable handles designed for secure and stylish cabinet access. Ideal for kitchens, offices, and other furniture applications.\",\"breadcrumb\":{\"@id\":\"https:\/\/sxflightcase.com\/es_es\/producto\/tiradores-de-armario-haf01-2\/#breadcrumb\"},\"inLanguage\":\"tr\",\"potentialAction\":[{\"@type\":\"ReadAction\",\"target\":[\"https:\/\/sxflightcase.com\/es_es\/producto\/tiradores-de-armario-haf01-2\/\"]}]},{\"@type\":\"ImageObject\",\"inLanguage\":\"tr\",\"@id\":\"https:\/\/sxflightcase.com\/es_es\/producto\/tiradores-de-armario-haf01-2\/#primaryimage\",\"url\":\"https:\/\/sxflightcase.com\/wp-content\/uploads\/2024\/08\/HAF01.jpg\",\"contentUrl\":\"https:\/\/sxflightcase.com\/wp-content\/uploads\/2024\/08\/HAF01.jpg\",\"width\":700,\"height\":700,\"caption\":\"Cabinet Handles\"},{\"@type\":\"BreadcrumbList\",\"@id\":\"https:\/\/sxflightcase.com\/es_es\/producto\/tiradores-de-armario-haf01-2\/#breadcrumb\",\"itemListElement\":[{\"@type\":\"ListItem\",\"position\":1,\"name\":\"Home\",\"item\":\"https:\/\/sxflightcase.com\/\"},{\"@type\":\"ListItem\",\"position\":2,\"name\":\"\u0e2a\u0e34\u0e19\u0e04\u0e49\u0e32\",\"item\":\"https:\/\/sxflightcase.com\/th\/shop\/\"},{\"@type\":\"ListItem\",\"position\":3,\"name\":\"Cabinet Handles HAF01\"}]},{\"@type\":\"WebSite\",\"@id\":\"https:\/\/sxflightcase.com\/th\/#website\",\"url\":\"https:\/\/sxflightcase.com\/th\/\",\"name\":\"sxpowercase.com\",\"description\":\"Flight Case Factory\",\"publisher\":{\"@id\":\"https:\/\/sxflightcase.com\/th\/#organization\"},\"potentialAction\":[{\"@type\":\"SearchAction\",\"target\":{\"@type\":\"EntryPoint\",\"urlTemplate\":\"https:\/\/sxflightcase.com\/th\/?s={search_term_string}\"},\"query-input\":{\"@type\":\"PropertyValueSpecification\",\"valueRequired\":true,\"valueName\":\"search_term_string\"}}],\"inLanguage\":\"tr\"},{\"@type\":\"Organization\",\"@id\":\"https:\/\/sxflightcase.com\/th\/#organization\",\"name\":\"sxpowercase.com\",\"url\":\"https:\/\/sxflightcase.com\/th\/\",\"logo\":{\"@type\":\"ImageObject\",\"inLanguage\":\"tr\",\"@id\":\"https:\/\/sxflightcase.com\/th\/#\/schema\/logo\/image\/\",\"url\":\"https:\/\/sxflightcase.com\/wp-content\/uploads\/2024\/04\/1713919036007.jpg\",\"contentUrl\":\"https:\/\/sxflightcase.com\/wp-content\/uploads\/2024\/04\/1713919036007.jpg\",\"width\":382,\"height\":388,\"caption\":\"sxpowercase.com\"},\"image\":{\"@id\":\"https:\/\/sxflightcase.com\/th\/#\/schema\/logo\/image\/\"},\"sameAs\":[\"https:\/\/www.facebook.com\/profile.php?id=61560407257971\"],\"numberOfEmployees\":{\"@type\":\"QuantitativeValue\",\"minValue\":\"11\",\"maxValue\":\"50\"}}]}<\/script>\n<!-- \/ Yoast SEO Premium plugin. -->","yoast_head_json":{"title":"Cabinet Handles HAF01 - https:\/\/sxflightcase.com \ud83d\udc97","description":"Dolap kulplar\u0131, do\u011frudan fabrikada! G\u00fcvenli ve \u015f\u0131k dolap eri\u015fimi i\u00e7in tasarlanm\u0131\u015f y\u00fcksek kaliteli, dayan\u0131kl\u0131 kulplar. Mutfaklar, ofisler ve di\u011fer mobilya uygulamalar\u0131 i\u00e7in idealdir.","robots":{"index":"index","follow":"follow","max-snippet":"max-snippet:-1","max-image-preview":"max-image-preview:large","max-video-preview":"max-video-preview:-1"},"canonical":"https:\/\/sxflightcase.com\/tr\/producto\/tiradores-de-armario-haf01-2\/","og_locale":"tr_TR","og_type":"article","og_title":"Cabinet Handles HAF01","og_description":"Cabinet handles, factory direct! High-quality, durable handles designed for secure and stylish cabinet access. Ideal for kitchens, offices, and other furniture applications.","og_url":"https:\/\/sxflightcase.com\/tr\/producto\/tiradores-de-armario-haf01-2\/","og_site_name":"https:\/\/sxflightcase.com","article_publisher":"https:\/\/www.facebook.com\/profile.php?id=61560407257971","article_modified_time":"2024-08-10T06:25:25+00:00","og_image":[{"width":700,"height":700,"url":"https:\/\/sxflightcase.com\/wp-content\/uploads\/2024\/08\/HAF01.jpg","type":"image\/jpeg"}],"twitter_card":"summary_large_image","twitter_misc":{"Tahmini okuma s\u00fcresi":"3 dakika"},"schema":{"@context":"https:\/\/schema.org","@graph":[{"@type":"WebPage","@id":"https:\/\/sxflightcase.com\/es_es\/producto\/tiradores-de-armario-haf01-2\/","url":"https:\/\/sxflightcase.com\/es_es\/producto\/tiradores-de-armario-haf01-2\/","name":"Cabinet Handles HAF01 - https:\/\/sxflightcase.com \ud83d\udc97","isPartOf":{"@id":"https:\/\/sxflightcase.com\/th\/#website"},"primaryImageOfPage":{"@id":"https:\/\/sxflightcase.com\/es_es\/producto\/tiradores-de-armario-haf01-2\/#primaryimage"},"image":{"@id":"https:\/\/sxflightcase.com\/es_es\/producto\/tiradores-de-armario-haf01-2\/#primaryimage"},"thumbnailUrl":"https:\/\/sxflightcase.com\/wp-content\/uploads\/2024\/08\/HAF01.jpg","datePublished":"2024-08-10T06:25:24+00:00","dateModified":"2024-08-10T06:25:25+00:00","description":"Dolap kulplar\u0131, do\u011frudan fabrikada! G\u00fcvenli ve \u015f\u0131k dolap eri\u015fimi i\u00e7in tasarlanm\u0131\u015f y\u00fcksek kaliteli, dayan\u0131kl\u0131 kulplar. Mutfaklar, ofisler ve di\u011fer mobilya uygulamalar\u0131 i\u00e7in idealdir.","breadcrumb":{"@id":"https:\/\/sxflightcase.com\/es_es\/producto\/tiradores-de-armario-haf01-2\/#breadcrumb"},"inLanguage":"tr","potentialAction":[{"@type":"ReadAction","target":["https:\/\/sxflightcase.com\/es_es\/producto\/tiradores-de-armario-haf01-2\/"]}]},{"@type":"ImageObject","inLanguage":"tr","@id":"https:\/\/sxflightcase.com\/es_es\/producto\/tiradores-de-armario-haf01-2\/#primaryimage","url":"https:\/\/sxflightcase.com\/wp-content\/uploads\/2024\/08\/HAF01.jpg","contentUrl":"https:\/\/sxflightcase.com\/wp-content\/uploads\/2024\/08\/HAF01.jpg","width":700,"height":700,"caption":"Cabinet Handles"},{"@type":"BreadcrumbList","@id":"https:\/\/sxflightcase.com\/es_es\/producto\/tiradores-de-armario-haf01-2\/#breadcrumb","itemListElement":[{"@type":"ListItem","position":1,"name":"Home","item":"https:\/\/sxflightcase.com\/"},{"@type":"ListItem","position":2,"name":"\u0e2a\u0e34\u0e19\u0e04\u0e49\u0e32","item":"https:\/\/sxflightcase.com\/th\/shop\/"},{"@type":"ListItem","position":3,"name":"Cabinet Handles HAF01"}]},{"@type":"WebSite","@id":"https:\/\/sxflightcase.com\/th\/#website","url":"https:\/\/sxflightcase.com\/th\/","name":"sxpowercase.com","description":"U\u00e7u\u015f \u00c7antas\u0131 Fabrikas\u0131","publisher":{"@id":"https:\/\/sxflightcase.com\/th\/#organization"},"potentialAction":[{"@type":"SearchAction","target":{"@type":"EntryPoint","urlTemplate":"https:\/\/sxflightcase.com\/th\/?s={search_term_string}"},"query-input":{"@type":"PropertyValueSpecification","valueRequired":true,"valueName":"search_term_string"}}],"inLanguage":"tr"},{"@type":"Organization","@id":"https:\/\/sxflightcase.com\/th\/#organization","name":"sxpowercase.com","url":"https:\/\/sxflightcase.com\/th\/","logo":{"@type":"ImageObject","inLanguage":"tr","@id":"https:\/\/sxflightcase.com\/th\/#\/schema\/logo\/image\/","url":"https:\/\/sxflightcase.com\/wp-content\/uploads\/2024\/04\/1713919036007.jpg","contentUrl":"https:\/\/sxflightcase.com\/wp-content\/uploads\/2024\/04\/1713919036007.jpg","width":382,"height":388,"caption":"sxpowercase.com"},"image":{"@id":"https:\/\/sxflightcase.com\/th\/#\/schema\/logo\/image\/"},"sameAs":["https:\/\/www.facebook.com\/profile.php?id=61560407257971"],"numberOfEmployees":{"@type":"QuantitativeValue","minValue":"11","maxValue":"50"}}]}},"_links":{"self":[{"href":"https:\/\/sxflightcase.com\/tr\/wp-json\/wp\/v2\/product\/4057","targetHints":{"allow":["GET"]}}],"collection":[{"href":"https:\/\/sxflightcase.com\/tr\/wp-json\/wp\/v2\/product"}],"about":[{"href":"https:\/\/sxflightcase.com\/tr\/wp-json\/wp\/v2\/types\/product"}],"replies":[{"embeddable":true,"href":"https:\/\/sxflightcase.com\/tr\/wp-json\/wp\/v2\/comments?post=4057"}],"version-history":[{"count":0,"href":"https:\/\/sxflightcase.com\/tr\/wp-json\/wp\/v2\/product\/4057\/revisions"}],"wp:featuredmedia":[{"embeddable":true,"href":"https:\/\/sxflightcase.com\/tr\/wp-json\/wp\/v2\/media\/4033"}],"wp:attachment":[{"href":"https:\/\/sxflightcase.com\/tr\/wp-json\/wp\/v2\/media?parent=4057"}],"wp:term":[{"taxonomy":"product_brand","embeddable":true,"href":"https:\/\/sxflightcase.com\/tr\/wp-json\/wp\/v2\/product_brand?post=4057"},{"taxonomy":"product_cat","embeddable":true,"href":"https:\/\/sxflightcase.com\/tr\/wp-json\/wp\/v2\/product_cat?post=4057"},{"taxonomy":"product_tag","embeddable":true,"href":"https:\/\/sxflightcase.com\/tr\/wp-json\/wp\/v2\/product_tag?post=4057"}],"curies":[{"name":"wp","href":"https:\/\/api.w.org\/{rel}","templated":true}]}}