{"id":4058,"date":"2024-08-10T07:33:07","date_gmt":"2024-08-10T06:33:07","guid":{"rendered":"https:\/\/sxpowercase.com\/?post_type=product&#038;p=4058"},"modified":"2024-08-10T07:33:08","modified_gmt":"2024-08-10T06:33:08","slug":"spring-loaded-case-handle-hag01","status":"publish","type":"product","link":"https:\/\/sxflightcase.com\/tr\/urun\/yayli-kasa-kolu-hag01-2\/","title":{"rendered":"Yayl\u0131 Kasa Kolu HAG01"},"content":{"rendered":"<h3>SX Yayl\u0131 Kasa Kolu ile Dayan\u0131kl\u0131l\u0131\u011f\u0131 Art\u0131r\u0131n<\/h3>\n<h4>Fabrika Do\u011frudan Fiyatlar\u0131yla Rakipsiz Kalite<\/h4>\n<p>SX olarak, k\u0131l\u0131flar\u0131n\u0131z\u0131n s\u00fcrekli seyahat ve yo\u011fun kullan\u0131m taleplerine dayanmas\u0131 gerekti\u011fini biliyoruz. \u0130\u015fte bu y\u00fczden <strong>Yayl\u0131 Kasa Kolu<\/strong>\u00a0benzersiz dayan\u0131kl\u0131l\u0131k ve g\u00fcvenilirlik sunmak \u00fczere tasarlanm\u0131\u015ft\u0131r. Do\u011frudan fabrika yakla\u015f\u0131m\u0131m\u0131zla, perakende fiyat art\u0131\u015f\u0131 olmadan \u00fcst d\u00fczey tutamaklar elde edersiniz. \u0130ster yol \u00e7antalar\u0131n\u0131, ister alet kutular\u0131n\u0131 veya \u00f6zel yap\u0131m muhafazalar\u0131 donat\u0131yor olun, <a href=\"https:\/\/sxpowercase.com\/\" target=\"_blank\" rel=\"noopener\" title=\"SX\" data-wpil-monitor-id=\"649\">SX<\/a> b\u00fct\u00e7enize uygun bir fiyatla m\u00fckemmel bir \u00e7\u00f6z\u00fcm sunar.<\/p>\n<h4>G\u00fc\u00e7 ve Konfor i\u00e7in Tasarland\u0131<\/h4>\n<p>SX <strong>Yayl\u0131 Kasa Kollar\u0131<\/strong> y\u00fcksek kaliteli malzemelerden \u00fcretilmi\u015ftir ve s\u0131k kullan\u0131m\u0131n zorluklar\u0131na dayanabilmelerini sa\u011flar. Yayl\u0131 tasar\u0131m, kullan\u0131lmad\u0131\u011f\u0131 zamanlarda tutama\u011f\u0131 \u00e7antayla ayn\u0131 hizada tutarak kazara tak\u0131lmalar\u0131 \u00f6nler ve \u015f\u0131k, kompakt bir g\u00f6r\u00fcn\u00fcm sa\u011flar. Bu \u00f6zellik, hem sap\u0131n hem de \u00e7antan\u0131n kendisinin hasar g\u00f6rme riskini azaltt\u0131\u011f\u0131 i\u00e7in \u00f6zellikle s\u0131k s\u0131k istiflenen veya ta\u015f\u0131nan \u00e7antalar i\u00e7in kullan\u0131\u015fl\u0131d\u0131r.<\/p>\n<h4>Her Uygulama i\u00e7in \u00c7ok Y\u00f6nl\u00fc Tasar\u0131m<\/h4>\n<p>Bizim <strong>Yayl\u0131 Kasa Kollar\u0131<\/strong> \u00e7ok y\u00f6nl\u00fcd\u00fcr, bu da onlar\u0131 \u00e7ok \u00e7e\u015fitli uygulamalar i\u00e7in ideal hale getirir. \u0130ster e\u011flence sekt\u00f6r\u00fcnde olun, ister a\u011f\u0131r i\u015f ekipmanlar\u0131yla u\u011fra\u015f\u0131n ya da sadece depolama \u00e7\u00f6z\u00fcmleriniz i\u00e7in g\u00fcvenilir tutacaklara ihtiya\u00e7 duyun, SX size yard\u0131mc\u0131 olacakt\u0131r. Bu tutamaklar\u0131n montaj\u0131 kolayd\u0131r ve rahat bir tutu\u015f sunarak en a\u011f\u0131r y\u00fcklerin bile m\u00fcmk\u00fcn oldu\u011funca rahat ta\u015f\u0131nmas\u0131n\u0131 sa\u011flar.<\/p>\n<h4>\u00d6zel \u0130htiya\u00e7lar\u0131n\u0131z i\u00e7in \u00d6zelle\u015ftirme<\/h4>\n<p>SX, her vakan\u0131n benzersiz oldu\u011funun fark\u0131ndad\u0131r. Bu nedenle, \u00fcr\u00fcnlerimiz i\u00e7in \u00f6zelle\u015ftirme se\u00e7enekleri sunuyoruz. <strong>Yayl\u0131 Kasa Kollar\u0131<\/strong>. \u0130ster belirli bir boyuta, ister kaplamaya veya ek \u00f6zelliklere ihtiyac\u0131n\u0131z olsun, kulplar\u0131m\u0131z\u0131 tam gereksinimlerinizi kar\u015f\u0131layacak \u015fekilde uyarlayabiliriz. Bu sayede kasalar\u0131n\u0131z sadece iyi performans g\u00f6stermekle kalmaz, ayn\u0131 zamanda harika g\u00f6r\u00fcn\u00fcr ve i\u015finizin kalitesini yans\u0131tan profesyonel bir g\u00f6r\u00fcn\u00fcm sa\u011flar.<\/p>\n<h4>Maksimum De\u011fer i\u00e7in Do\u011frudan \u00dcreticiden<\/h4>\n<p>Do\u011frudan SX'ten sat\u0131n almak, paran\u0131z i\u00e7in m\u00fcmk\u00fcn olan en iyi de\u011feri elde etti\u011finiz anlam\u0131na gelir. Arac\u0131y\u0131 ortadan kald\u0131r\u0131yoruz, b\u00f6ylece \u015fi\u015firilmi\u015f perakende fiyatlar\u0131 \u00f6demek zorunda kalm\u0131yorsunuz. Bizim <strong>Yayl\u0131 Kasa Kollar\u0131<\/strong> kaliteden \u00f6d\u00fcn vermeden rekabet\u00e7i bir \u015fekilde fiyatland\u0131r\u0131l\u0131r, bu da onlar\u0131 uygun bir maliyetle g\u00fcvenilir donan\u0131ma ihtiya\u00e7 duyan profesyoneller i\u00e7in tercih edilen se\u00e7enek haline getirir.<\/p>\n<h4>Neden SX&#039;i Se\u00e7melisiniz?<\/h4>\n<p>SX'i se\u00e7ti\u011finizde dayan\u0131kl\u0131l\u0131k, i\u015flevsellik ve m\u00fc\u015fteri memnuniyetine \u00f6ncelik veren bir marka se\u00e7mi\u015f olursunuz. Bizim <strong>Yayl\u0131 Kasa Kollar\u0131<\/strong> en y\u00fcksek standartlar\u0131 kar\u015f\u0131layacak \u015fekilde \u00fcretilmi\u015ftir ve her g\u00fcn ihtiyac\u0131n\u0131z olan performans\u0131 sunmalar\u0131n\u0131 sa\u011flar. \u0130ster \u00fcretici, ister bayi, ister son kullan\u0131c\u0131 olun, en zorlu ko\u015fullara dayan\u0131kl\u0131 donan\u0131m sa\u011flama konusunda SX'e g\u00fcvenebilirsiniz.<\/p>\n<h4>Bug\u00fcn Bize Ula\u015f\u0131n<\/h4>\n<p>K\u0131l\u0131flar\u0131n\u0131z\u0131 SX ile y\u00fckseltmeye haz\u0131r olun <strong>Yayl\u0131 Kasa Kollar\u0131<\/strong>? \u00dcr\u00fcnlerimiz hakk\u0131nda daha fazla bilgi edinmek veya sipari\u015f vermek i\u00e7in bug\u00fcn bizimle ileti\u015fime ge\u00e7in. SX ile sadece kulp sat\u0131n alm\u0131yorsunuz; kaliteye, g\u00fcvenilirli\u011fe ve g\u00f6n\u00fcl rahatl\u0131\u011f\u0131na yat\u0131r\u0131m yap\u0131yorsunuz. \u0130htiya\u00e7lar\u0131n\u0131z i\u00e7in m\u00fckemmel \u00e7\u00f6z\u00fcm\u00fc bulman\u0131za yard\u0131mc\u0131 olal\u0131m.<\/p>\n<p>Hemen \u0130leti\u015fime Ge\u00e7in:<span style=\"color: #0000ff;\"><a style=\"color: #0000ff;\" href=\"https:\/\/sxpowercase.com\/contact-us\/\">https:\/\/sxpowercase.com\/<\/a><\/span><\/p>\n<p>Donan\u0131m \u00dcr\u00fcn Katalo\u011fu\uff1a<span style=\"color: #3366ff;\"><a style=\"color: #3366ff;\" href=\"https:\/\/sxpowercase.com\/wp-content\/uploads\/2024\/07\/\u4e94\u91d1.pdf\">Donan\u0131m aksesuarlar\u0131 katalo\u011fu<\/a><\/span><\/p>","protected":false},"excerpt":{"rendered":"<div class=\"flex max-w-full flex-col flex-grow\">\n<div class=\"min-h-[20px] text-message flex w-full flex-col items-end gap-2 whitespace-pre-wrap break-words [.text-message+&amp;]:mt-5 overflow-x-auto\" dir=\"auto\" data-message-author-role=\"assistant\" data-message-id=\"98c59072-ec4c-4d12-b471-b61ebf5e6bc9\">\n<div class=\"flex w-full flex-col gap-1 empty:hidden first:pt-[3px]\">\n<div class=\"markdown prose w-full break-words dark:prose-invert light\">\n<h3>SX Spring Loaded Case Handles: Durable and Reliable<\/h3>\n<p>Ensure your cases stand up to heavy use with SX Spring Loaded Case Handles, designed for strength and comfort. Perfect for any application.<\/p>\n<h3>Factory-Direct Pricing for Maximum Value<\/h3>\n<p>Get top-quality Spring Loaded Case Handles without the retail markup. SX offers unbeatable value with durable, high-performance hardware at factory-direct prices.<\/p>\n<h3>Customisable Solutions for Every Need<\/h3>\n<p>SX provides tailored Spring Loaded Case Handles to meet your specific requirements, ensuring your cases look professional and perform flawlessly.<\/p>\n<\/div>\n<\/div>\n<\/div>\n<\/div>\n","protected":false},"featured_media":4034,"comment_status":"open","ping_status":"closed","template":"","meta":[],"product_brand":[],"product_cat":[62],"product_tag":[],"class_list":{"0":"post-4058","1":"product","2":"type-product","3":"status-publish","4":"has-post-thumbnail","6":"product_cat-handles","8":"first","9":"instock","10":"shipping-taxable","11":"product-type-simple"},"yoast_head":"<!-- This site is optimized with the Yoast SEO Premium plugin v27.1 (Yoast SEO v27.2) - https:\/\/yoast.com\/product\/yoast-seo-premium-wordpress\/ -->\n<title>Spring Loaded Case Handle HAG01 - https:\/\/sxflightcase.com \ud83d\udc97<\/title>\n<meta name=\"description\" content=\"Spring-loaded case handle, factory direct! High-quality, durable handles designed for secure and comfortable transport with a retractable feature. Perfect for professional and industrial cases.\" \/>\n<meta name=\"robots\" content=\"index, follow, max-snippet:-1, max-image-preview:large, max-video-preview:-1\" \/>\n<link rel=\"canonical\" href=\"https:\/\/sxflightcase.com\/tr\/produk\/pegangan-kasing-bermuatan-pegas-hag01-2\/\" \/>\n<meta property=\"og:locale\" content=\"tr_TR\" \/>\n<meta property=\"og:type\" content=\"article\" \/>\n<meta property=\"og:title\" content=\"Spring Loaded Case Handle HAG01\" \/>\n<meta property=\"og:description\" content=\"Spring-loaded case handle, factory direct! High-quality, durable handles designed for secure and comfortable transport with a retractable feature. Perfect for professional and industrial cases.\" \/>\n<meta property=\"og:url\" content=\"https:\/\/sxflightcase.com\/tr\/produk\/pegangan-kasing-bermuatan-pegas-hag01-2\/\" \/>\n<meta property=\"og:site_name\" content=\"https:\/\/sxflightcase.com\" \/>\n<meta property=\"article:publisher\" content=\"https:\/\/www.facebook.com\/profile.php?id=61560407257971\" \/>\n<meta property=\"article:modified_time\" content=\"2024-08-10T06:33:08+00:00\" \/>\n<meta property=\"og:image\" content=\"https:\/\/sxflightcase.com\/wp-content\/uploads\/2024\/08\/HAG01.jpg\" \/>\n\t<meta property=\"og:image:width\" content=\"700\" \/>\n\t<meta property=\"og:image:height\" content=\"700\" \/>\n\t<meta property=\"og:image:type\" content=\"image\/jpeg\" \/>\n<meta name=\"twitter:card\" content=\"summary_large_image\" \/>\n<meta name=\"twitter:label1\" content=\"Tahmini okuma s\u00fcresi\" \/>\n\t<meta name=\"twitter:data1\" content=\"3 dakika\" \/>\n<script type=\"application\/ld+json\" class=\"yoast-schema-graph\">{\"@context\":\"https:\/\/schema.org\",\"@graph\":[{\"@type\":\"WebPage\",\"@id\":\"https:\/\/sxflightcase.com\/id\/produk\/pegangan-kasing-bermuatan-pegas-hag01-2\/\",\"url\":\"https:\/\/sxflightcase.com\/id\/produk\/pegangan-kasing-bermuatan-pegas-hag01-2\/\",\"name\":\"Spring Loaded Case Handle HAG01 - https:\/\/sxflightcase.com \ud83d\udc97\",\"isPartOf\":{\"@id\":\"https:\/\/sxflightcase.com\/th\/#website\"},\"primaryImageOfPage\":{\"@id\":\"https:\/\/sxflightcase.com\/id\/produk\/pegangan-kasing-bermuatan-pegas-hag01-2\/#primaryimage\"},\"image\":{\"@id\":\"https:\/\/sxflightcase.com\/id\/produk\/pegangan-kasing-bermuatan-pegas-hag01-2\/#primaryimage\"},\"thumbnailUrl\":\"https:\/\/sxflightcase.com\/wp-content\/uploads\/2024\/08\/HAG01.jpg\",\"datePublished\":\"2024-08-10T06:33:07+00:00\",\"dateModified\":\"2024-08-10T06:33:08+00:00\",\"description\":\"Spring-loaded case handle, factory direct! High-quality, durable handles designed for secure and comfortable transport with a retractable feature. Perfect for professional and industrial cases.\",\"breadcrumb\":{\"@id\":\"https:\/\/sxflightcase.com\/id\/produk\/pegangan-kasing-bermuatan-pegas-hag01-2\/#breadcrumb\"},\"inLanguage\":\"tr\",\"potentialAction\":[{\"@type\":\"ReadAction\",\"target\":[\"https:\/\/sxflightcase.com\/id\/produk\/pegangan-kasing-bermuatan-pegas-hag01-2\/\"]}]},{\"@type\":\"ImageObject\",\"inLanguage\":\"tr\",\"@id\":\"https:\/\/sxflightcase.com\/id\/produk\/pegangan-kasing-bermuatan-pegas-hag01-2\/#primaryimage\",\"url\":\"https:\/\/sxflightcase.com\/wp-content\/uploads\/2024\/08\/HAG01.jpg\",\"contentUrl\":\"https:\/\/sxflightcase.com\/wp-content\/uploads\/2024\/08\/HAG01.jpg\",\"width\":700,\"height\":700,\"caption\":\"Spring Loaded Case Handle\"},{\"@type\":\"BreadcrumbList\",\"@id\":\"https:\/\/sxflightcase.com\/id\/produk\/pegangan-kasing-bermuatan-pegas-hag01-2\/#breadcrumb\",\"itemListElement\":[{\"@type\":\"ListItem\",\"position\":1,\"name\":\"Home\",\"item\":\"https:\/\/sxflightcase.com\/\"},{\"@type\":\"ListItem\",\"position\":2,\"name\":\"\u0e2a\u0e34\u0e19\u0e04\u0e49\u0e32\",\"item\":\"https:\/\/sxflightcase.com\/th\/shop\/\"},{\"@type\":\"ListItem\",\"position\":3,\"name\":\"Spring Loaded Case Handle HAG01\"}]},{\"@type\":\"WebSite\",\"@id\":\"https:\/\/sxflightcase.com\/th\/#website\",\"url\":\"https:\/\/sxflightcase.com\/th\/\",\"name\":\"sxpowercase.com\",\"description\":\"Flight Case Factory\",\"publisher\":{\"@id\":\"https:\/\/sxflightcase.com\/th\/#organization\"},\"potentialAction\":[{\"@type\":\"SearchAction\",\"target\":{\"@type\":\"EntryPoint\",\"urlTemplate\":\"https:\/\/sxflightcase.com\/th\/?s={search_term_string}\"},\"query-input\":{\"@type\":\"PropertyValueSpecification\",\"valueRequired\":true,\"valueName\":\"search_term_string\"}}],\"inLanguage\":\"tr\"},{\"@type\":\"Organization\",\"@id\":\"https:\/\/sxflightcase.com\/th\/#organization\",\"name\":\"sxpowercase.com\",\"url\":\"https:\/\/sxflightcase.com\/th\/\",\"logo\":{\"@type\":\"ImageObject\",\"inLanguage\":\"tr\",\"@id\":\"https:\/\/sxflightcase.com\/th\/#\/schema\/logo\/image\/\",\"url\":\"https:\/\/sxflightcase.com\/wp-content\/uploads\/2024\/04\/1713919036007.jpg\",\"contentUrl\":\"https:\/\/sxflightcase.com\/wp-content\/uploads\/2024\/04\/1713919036007.jpg\",\"width\":382,\"height\":388,\"caption\":\"sxpowercase.com\"},\"image\":{\"@id\":\"https:\/\/sxflightcase.com\/th\/#\/schema\/logo\/image\/\"},\"sameAs\":[\"https:\/\/www.facebook.com\/profile.php?id=61560407257971\"],\"numberOfEmployees\":{\"@type\":\"QuantitativeValue\",\"minValue\":\"11\",\"maxValue\":\"50\"}}]}<\/script>\n<!-- \/ Yoast SEO Premium plugin. -->","yoast_head_json":{"title":"Spring Loaded Case Handle HAG01 - https:\/\/sxflightcase.com \ud83d\udc97","description":"Yayl\u0131 \u00e7anta sap\u0131, do\u011frudan fabrikada! Geri \u00e7ekilebilir \u00f6zelli\u011fe sahip, g\u00fcvenli ve rahat ta\u015f\u0131ma i\u00e7in tasarlanm\u0131\u015f y\u00fcksek kaliteli, dayan\u0131kl\u0131 kulplar. Profesyonel ve end\u00fcstriyel \u00e7antalar i\u00e7in m\u00fckemmeldir.","robots":{"index":"index","follow":"follow","max-snippet":"max-snippet:-1","max-image-preview":"max-image-preview:large","max-video-preview":"max-video-preview:-1"},"canonical":"https:\/\/sxflightcase.com\/tr\/produk\/pegangan-kasing-bermuatan-pegas-hag01-2\/","og_locale":"tr_TR","og_type":"article","og_title":"Spring Loaded Case Handle HAG01","og_description":"Spring-loaded case handle, factory direct! High-quality, durable handles designed for secure and comfortable transport with a retractable feature. Perfect for professional and industrial cases.","og_url":"https:\/\/sxflightcase.com\/tr\/produk\/pegangan-kasing-bermuatan-pegas-hag01-2\/","og_site_name":"https:\/\/sxflightcase.com","article_publisher":"https:\/\/www.facebook.com\/profile.php?id=61560407257971","article_modified_time":"2024-08-10T06:33:08+00:00","og_image":[{"width":700,"height":700,"url":"https:\/\/sxflightcase.com\/wp-content\/uploads\/2024\/08\/HAG01.jpg","type":"image\/jpeg"}],"twitter_card":"summary_large_image","twitter_misc":{"Tahmini okuma s\u00fcresi":"3 dakika"},"schema":{"@context":"https:\/\/schema.org","@graph":[{"@type":"WebPage","@id":"https:\/\/sxflightcase.com\/id\/produk\/pegangan-kasing-bermuatan-pegas-hag01-2\/","url":"https:\/\/sxflightcase.com\/id\/produk\/pegangan-kasing-bermuatan-pegas-hag01-2\/","name":"Spring Loaded Case Handle HAG01 - https:\/\/sxflightcase.com \ud83d\udc97","isPartOf":{"@id":"https:\/\/sxflightcase.com\/th\/#website"},"primaryImageOfPage":{"@id":"https:\/\/sxflightcase.com\/id\/produk\/pegangan-kasing-bermuatan-pegas-hag01-2\/#primaryimage"},"image":{"@id":"https:\/\/sxflightcase.com\/id\/produk\/pegangan-kasing-bermuatan-pegas-hag01-2\/#primaryimage"},"thumbnailUrl":"https:\/\/sxflightcase.com\/wp-content\/uploads\/2024\/08\/HAG01.jpg","datePublished":"2024-08-10T06:33:07+00:00","dateModified":"2024-08-10T06:33:08+00:00","description":"Yayl\u0131 \u00e7anta sap\u0131, do\u011frudan fabrikada! Geri \u00e7ekilebilir \u00f6zelli\u011fe sahip, g\u00fcvenli ve rahat ta\u015f\u0131ma i\u00e7in tasarlanm\u0131\u015f y\u00fcksek kaliteli, dayan\u0131kl\u0131 kulplar. Profesyonel ve end\u00fcstriyel \u00e7antalar i\u00e7in m\u00fckemmeldir.","breadcrumb":{"@id":"https:\/\/sxflightcase.com\/id\/produk\/pegangan-kasing-bermuatan-pegas-hag01-2\/#breadcrumb"},"inLanguage":"tr","potentialAction":[{"@type":"ReadAction","target":["https:\/\/sxflightcase.com\/id\/produk\/pegangan-kasing-bermuatan-pegas-hag01-2\/"]}]},{"@type":"ImageObject","inLanguage":"tr","@id":"https:\/\/sxflightcase.com\/id\/produk\/pegangan-kasing-bermuatan-pegas-hag01-2\/#primaryimage","url":"https:\/\/sxflightcase.com\/wp-content\/uploads\/2024\/08\/HAG01.jpg","contentUrl":"https:\/\/sxflightcase.com\/wp-content\/uploads\/2024\/08\/HAG01.jpg","width":700,"height":700,"caption":"Spring Loaded Case Handle"},{"@type":"BreadcrumbList","@id":"https:\/\/sxflightcase.com\/id\/produk\/pegangan-kasing-bermuatan-pegas-hag01-2\/#breadcrumb","itemListElement":[{"@type":"ListItem","position":1,"name":"Home","item":"https:\/\/sxflightcase.com\/"},{"@type":"ListItem","position":2,"name":"\u0e2a\u0e34\u0e19\u0e04\u0e49\u0e32","item":"https:\/\/sxflightcase.com\/th\/shop\/"},{"@type":"ListItem","position":3,"name":"Spring Loaded Case Handle HAG01"}]},{"@type":"WebSite","@id":"https:\/\/sxflightcase.com\/th\/#website","url":"https:\/\/sxflightcase.com\/th\/","name":"sxpowercase.com","description":"U\u00e7u\u015f \u00c7antas\u0131 Fabrikas\u0131","publisher":{"@id":"https:\/\/sxflightcase.com\/th\/#organization"},"potentialAction":[{"@type":"SearchAction","target":{"@type":"EntryPoint","urlTemplate":"https:\/\/sxflightcase.com\/th\/?s={search_term_string}"},"query-input":{"@type":"PropertyValueSpecification","valueRequired":true,"valueName":"search_term_string"}}],"inLanguage":"tr"},{"@type":"Organization","@id":"https:\/\/sxflightcase.com\/th\/#organization","name":"sxpowercase.com","url":"https:\/\/sxflightcase.com\/th\/","logo":{"@type":"ImageObject","inLanguage":"tr","@id":"https:\/\/sxflightcase.com\/th\/#\/schema\/logo\/image\/","url":"https:\/\/sxflightcase.com\/wp-content\/uploads\/2024\/04\/1713919036007.jpg","contentUrl":"https:\/\/sxflightcase.com\/wp-content\/uploads\/2024\/04\/1713919036007.jpg","width":382,"height":388,"caption":"sxpowercase.com"},"image":{"@id":"https:\/\/sxflightcase.com\/th\/#\/schema\/logo\/image\/"},"sameAs":["https:\/\/www.facebook.com\/profile.php?id=61560407257971"],"numberOfEmployees":{"@type":"QuantitativeValue","minValue":"11","maxValue":"50"}}]}},"_links":{"self":[{"href":"https:\/\/sxflightcase.com\/tr\/wp-json\/wp\/v2\/product\/4058","targetHints":{"allow":["GET"]}}],"collection":[{"href":"https:\/\/sxflightcase.com\/tr\/wp-json\/wp\/v2\/product"}],"about":[{"href":"https:\/\/sxflightcase.com\/tr\/wp-json\/wp\/v2\/types\/product"}],"replies":[{"embeddable":true,"href":"https:\/\/sxflightcase.com\/tr\/wp-json\/wp\/v2\/comments?post=4058"}],"version-history":[{"count":0,"href":"https:\/\/sxflightcase.com\/tr\/wp-json\/wp\/v2\/product\/4058\/revisions"}],"wp:featuredmedia":[{"embeddable":true,"href":"https:\/\/sxflightcase.com\/tr\/wp-json\/wp\/v2\/media\/4034"}],"wp:attachment":[{"href":"https:\/\/sxflightcase.com\/tr\/wp-json\/wp\/v2\/media?parent=4058"}],"wp:term":[{"taxonomy":"product_brand","embeddable":true,"href":"https:\/\/sxflightcase.com\/tr\/wp-json\/wp\/v2\/product_brand?post=4058"},{"taxonomy":"product_cat","embeddable":true,"href":"https:\/\/sxflightcase.com\/tr\/wp-json\/wp\/v2\/product_cat?post=4058"},{"taxonomy":"product_tag","embeddable":true,"href":"https:\/\/sxflightcase.com\/tr\/wp-json\/wp\/v2\/product_tag?post=4058"}],"curies":[{"name":"wp","href":"https:\/\/api.w.org\/{rel}","templated":true}]}}