{"id":4072,"date":"2024-08-13T08:04:07","date_gmt":"2024-08-13T07:04:07","guid":{"rendered":"https:\/\/sxpowercase.com\/?post_type=product&#038;p=4072"},"modified":"2024-08-13T08:04:08","modified_gmt":"2024-08-13T07:04:08","slug":"ball-corner-coa101","status":"publish","type":"product","link":"https:\/\/sxflightcase.com\/tr\/urun\/top-kosesi-coa101\/","title":{"rendered":"Top K\u00f6\u015fesi COA101"},"content":{"rendered":"<h3>SX Ball Corner ile Ekipman\u0131n\u0131z\u0131n Korumas\u0131n\u0131 Art\u0131r\u0131n<\/h3>\n<h4>Fabrika Do\u011frudan Fiyatlar\u0131yla Premium Top K\u00f6\u015fesi<\/h4>\n<p>SX olarak de\u011ferli ekipmanlar\u0131n\u0131z\u0131 koruman\u0131n \u00f6nemini biliyoruz. Bu y\u00fczden y\u00fcksek kaliteli <strong>Top K\u00f6\u015fesi<\/strong>\u00a0hem dayan\u0131kl\u0131 hem de uygun fiyatl\u0131. Do\u011frudan \u00fcreticiden sat\u0131n alarak, kaliteden \u00f6d\u00fcn vermeden en iyi de\u011feri elde etmenizi sa\u011flayan fabrika do\u011frudan fiyatlar\u0131yla birinci s\u0131n\u0131f \u00fcr\u00fcnlerin keyfini \u00e7\u0131karabilirsiniz.<\/p>\n<h4>Maksimum Koruma i\u00e7in \u00dcretildi<\/h4>\n<p><a href=\"https:\/\/sxpowercase.com\/\" target=\"_blank\" rel=\"noopener\" title=\"SX\" data-wpil-monitor-id=\"654\">SX<\/a> <strong>Top K\u00f6\u015feleri<\/strong> ekipman\u0131n\u0131z\u0131 g\u00fcnl\u00fck ta\u015f\u0131man\u0131n getirdi\u011fi a\u015f\u0131nma ve y\u0131pranmaya kar\u015f\u0131 korumak i\u00e7in tasarlanm\u0131\u015ft\u0131r. Sa\u011flam ve g\u00fcvenilir malzemelerden \u00fcretilen bu k\u00f6\u015feler, darbeleri emen ve hasar\u0131 \u00f6nleyen koruyucu bir bariyer sa\u011flar. \u0130ster yolda olun ister ekipman\u0131n\u0131z\u0131 depolay\u0131n, SX Bilyal\u0131 K\u00f6\u015feler k\u0131l\u0131flar\u0131n\u0131z\u0131n en iyi durumda kalmas\u0131n\u0131 sa\u011flayarak maliyetli onar\u0131m veya de\u011fi\u015ftirme riskini azalt\u0131r.<\/p>\n<h4>T\u00fcm Uygulamalar i\u00e7in \u00c7ok Y\u00f6nl\u00fcl\u00fck<\/h4>\n<p>Bizim <strong>Top K\u00f6\u015feleri<\/strong> \u00e7ok y\u00f6nl\u00fcd\u00fcr ve u\u00e7u\u015f kasalar\u0131, yol kasalar\u0131 ve \u00f6zel yap\u0131m muhafazalar dahil olmak \u00fczere \u00e7e\u015fitli kasa t\u00fcrlerinde kullan\u0131labilir. Evrensel tasar\u0131m\u0131 sayesinde montaj\u0131 kolayd\u0131r ve kasalar\u0131n\u0131za hem g\u00fc\u00e7 hem de stil katan s\u0131k\u0131 bir uyum sunar. SX Bilyal\u0131 K\u00f6\u015feler sadece i\u015flevsel olmakla kalmaz, ayn\u0131 zamanda ekipman\u0131n\u0131z\u0131n profesyonel g\u00f6r\u00fcn\u00fcm\u00fcn\u00fc de geli\u015ftirerek size g\u00f6n\u00fcl rahatl\u0131\u011f\u0131 ve g\u00f6steri\u015fli bir g\u00f6r\u00fcn\u00fcm sa\u011flar.<\/p>\n<h4>\u0130htiya\u00e7lar\u0131n\u0131z\u0131 Kar\u015f\u0131lamak i\u00e7in \u00d6zelle\u015ftirme<\/h4>\n<p>SX olarak her ekipman\u0131n benzersiz oldu\u011funu biliyoruz, bu nedenle \u00f6zelle\u015ftirilebilir ekipmanlar sunuyoruz <strong>Top K\u00f6\u015feleri<\/strong>. \u0130ster belirli bir boyuta, kaplamaya veya ek \u00f6zelliklere ihtiyac\u0131n\u0131z olsun, ekibimiz \u00fcr\u00fcnlerimizi tam gereksinimlerinizi kar\u015f\u0131layacak \u015fekilde uyarlamaya haz\u0131rd\u0131r. Bu esneklik, k\u0131l\u0131flar\u0131n\u0131z\u0131n yaln\u0131zca korunmas\u0131n\u0131 de\u011fil, ayn\u0131 zamanda markan\u0131z\u0131n estetik ve i\u015flevsel ihtiya\u00e7lar\u0131yla da uyumlu olmas\u0131n\u0131 sa\u011flar.<\/p>\n<h4>\u00d6d\u00fcns\u00fcz Kalite ve Dayan\u0131kl\u0131l\u0131k<\/h4>\n<p>SX'i se\u00e7ti\u011finizde, kalite ve dayan\u0131kl\u0131l\u0131\u011f\u0131 temsil eden bir marka se\u00e7mi\u015f olursunuz. Bizim <strong>Top K\u00f6\u015feleri<\/strong> en zorlu ko\u015fullara dayanabilmelerini sa\u011flamak i\u00e7in en y\u00fcksek standartlarda \u00fcretilmi\u015ftir. Her bir k\u00f6\u015fe, s\u0131k seyahat ve a\u011f\u0131r kullan\u0131m taleplerini kar\u015f\u0131lad\u0131\u011f\u0131ndan emin olmak i\u00e7in titizlikle test edilir, b\u00f6ylece ekipman\u0131n\u0131z\u0131n her zaman iyi korundu\u011funa g\u00fcvenebilirsiniz.<\/p>\n<h4>Rakipsiz De\u011fer i\u00e7in Do\u011frudan \u00dcreticiden<\/h4>\n<p>Arac\u0131lar\u0131 ortadan kald\u0131rarak, SX \u015funlar\u0131 sunar <strong>Top K\u00f6\u015feleri<\/strong> rakipsiz fabrika do\u011frudan fiyatlar\u0131yla. Bu, b\u00fct\u00e7enizi zorlamadan y\u00fcksek kaliteli korumaya yat\u0131r\u0131m yapman\u0131z\u0131 sa\u011flar. Ola\u011fan\u00fcst\u00fc de\u011fer sa\u011flama taahh\u00fcd\u00fcm\u00fcz, SX'i ekipmanlar\u0131n\u0131 birinci s\u0131n\u0131f donan\u0131mla korumak isteyen herkes i\u00e7in m\u00fckemmel bir se\u00e7im haline getirmektedir.<\/p>\n<h4>\u00d6zel Top K\u00f6\u015fesi \u0130htiya\u00e7lar\u0131n\u0131z \u0130\u00e7in SX ile \u0130leti\u015fime Ge\u00e7in<\/h4>\n<p>K\u0131l\u0131flar\u0131n\u0131z\u0131 SX ile y\u00fckseltmeye haz\u0131r olun <strong>Top K\u00f6\u015feleri<\/strong>? \u00dcr\u00fcnlerimiz, \u00f6zelle\u015ftirme se\u00e7eneklerimiz hakk\u0131nda daha fazla bilgi edinmek veya sipari\u015f vermek i\u00e7in bug\u00fcn ekibimizle ileti\u015fime ge\u00e7in. SX ile sadece bir \u00fcr\u00fcn sat\u0131n almazs\u0131n\u0131z; uzun \u00f6m\u00fcrl\u00fc koruma ve rakipsiz bir de\u011fere yat\u0131r\u0131m yapars\u0131n\u0131z. \u0130htiyac\u0131n\u0131z olan kaliteyi kar\u015f\u0131layabilece\u011finiz bir fiyata sunmak i\u00e7in SX'e g\u00fcvenin.<\/p>\n<p>Hemen \u0130leti\u015fime Ge\u00e7in:<span style=\"color: #0000ff;\"><a style=\"color: #0000ff;\" href=\"https:\/\/sxpowercase.com\/contact-us\/\">https:\/\/sxpowercase.com\/<\/a><\/span><\/p>\n<p>Donan\u0131m \u00dcr\u00fcn Katalo\u011fu\uff1a<span style=\"color: #3366ff;\"><a style=\"color: #3366ff;\" href=\"https:\/\/sxpowercase.com\/wp-content\/uploads\/2024\/07\/\u4e94\u91d1.pdf\">Donan\u0131m aksesuarlar\u0131 katalo\u011fu<\/a><\/span><\/p>","protected":false},"excerpt":{"rendered":"<div class=\"flex-shrink-0 flex flex-col relative items-end\">\n<div>\n<div class=\"pt-0\">\n<div class=\"gizmo-bot-avatar flex h-8 w-8 items-center justify-center overflow-hidden rounded-full\">\n<div class=\"relative p-1 rounded-sm flex items-center justify-center bg-token-main-surface-primary text-token-text-primary h-8 w-8\"><\/div>\n<\/div>\n<\/div>\n<\/div>\n<\/div>\n<div class=\"group\/conversation-turn relative flex w-full min-w-0 flex-col agent-turn\">\n<div class=\"flex-col gap-1 md:gap-3\">\n<div class=\"flex max-w-full flex-col flex-grow\">\n<div class=\"min-h-[20px] text-message flex w-full flex-col items-end gap-2 whitespace-pre-wrap break-words [.text-message+&amp;]:mt-5 overflow-x-auto\" dir=\"auto\" data-message-author-role=\"assistant\" data-message-id=\"b29a6103-f839-4253-a036-2dd738e6bae2\">\n<div class=\"flex w-full flex-col gap-1 empty:hidden first:pt-[3px]\">\n<div class=\"markdown prose w-full break-words dark:prose-invert light\">\n<h3>SX Ball Corners: Ultimate Protection for Your Equipment<\/h3>\n<p>Safeguard your gear with SX Ball Corners, designed for maximum durability. Enjoy premium quality at factory-direct prices, ensuring top value for your investment.<\/p>\n<h3>Customizable Ball Corners for All Case Types<\/h3>\n<p>SX Ball Corners offer versatility and a snug fit for various cases, with customization options to meet your unique needs\u2014combining strength with a polished, professional look.<\/p>\n<h3>Trust SX for Quality and Affordability<\/h3>\n<p>Choose SX Ball Corners for reliable protection that withstands heavy use, all at unbeatable factory-direct prices. Protect your equipment without stretching your budget.<\/p>\n<\/div>\n<\/div>\n<\/div>\n<\/div>\n<\/div>\n<\/div>\n","protected":false},"featured_media":4073,"comment_status":"open","ping_status":"closed","template":"","meta":[],"product_brand":[],"product_cat":[63],"product_tag":[],"class_list":{"0":"post-4072","1":"product","2":"type-product","3":"status-publish","4":"has-post-thumbnail","6":"product_cat-corners","8":"first","9":"instock","10":"shipping-taxable","11":"product-type-simple"},"yoast_head":"<!-- This site is optimized with the Yoast SEO Premium plugin v27.1 (Yoast SEO v27.2) - https:\/\/yoast.com\/product\/yoast-seo-premium-wordpress\/ -->\n<title>Ball Corner COA101 - https:\/\/sxflightcase.com \ud83d\udc97<\/title>\n<meta name=\"description\" content=\"Ball corner, factory direct! High-quality protection for flight case edges, preventing damage during transport. Durable and reliable for long-lasting equipment safety.\" \/>\n<meta name=\"robots\" content=\"index, follow, max-snippet:-1, max-image-preview:large, max-video-preview:-1\" \/>\n<link rel=\"canonical\" href=\"https:\/\/sxflightcase.com\/tr\/produto\/canto-de-bola-coa101\/\" \/>\n<meta property=\"og:locale\" content=\"tr_TR\" \/>\n<meta property=\"og:type\" content=\"article\" \/>\n<meta property=\"og:title\" content=\"Ball Corner COA101\" \/>\n<meta property=\"og:description\" content=\"Ball corner, factory direct! High-quality protection for flight case edges, preventing damage during transport. Durable and reliable for long-lasting equipment safety.\" \/>\n<meta property=\"og:url\" content=\"https:\/\/sxflightcase.com\/tr\/produto\/canto-de-bola-coa101\/\" \/>\n<meta property=\"og:site_name\" content=\"https:\/\/sxflightcase.com\" \/>\n<meta property=\"article:publisher\" content=\"https:\/\/www.facebook.com\/profile.php?id=61560407257971\" \/>\n<meta property=\"article:modified_time\" content=\"2024-08-13T07:04:08+00:00\" \/>\n<meta property=\"og:image\" content=\"https:\/\/sxflightcase.com\/wp-content\/uploads\/2024\/08\/COA101.jpg\" \/>\n\t<meta property=\"og:image:width\" content=\"520\" \/>\n\t<meta property=\"og:image:height\" content=\"541\" \/>\n\t<meta property=\"og:image:type\" content=\"image\/jpeg\" \/>\n<meta name=\"twitter:card\" content=\"summary_large_image\" \/>\n<meta name=\"twitter:label1\" content=\"Tahmini okuma s\u00fcresi\" \/>\n\t<meta name=\"twitter:data1\" content=\"3 dakika\" \/>\n<script type=\"application\/ld+json\" class=\"yoast-schema-graph\">{\"@context\":\"https:\/\/schema.org\",\"@graph\":[{\"@type\":\"WebPage\",\"@id\":\"https:\/\/sxflightcase.com\/pt\/produto\/canto-de-bola-coa101\/\",\"url\":\"https:\/\/sxflightcase.com\/pt\/produto\/canto-de-bola-coa101\/\",\"name\":\"Ball Corner COA101 - https:\/\/sxflightcase.com \ud83d\udc97\",\"isPartOf\":{\"@id\":\"https:\/\/sxflightcase.com\/th\/#website\"},\"primaryImageOfPage\":{\"@id\":\"https:\/\/sxflightcase.com\/pt\/produto\/canto-de-bola-coa101\/#primaryimage\"},\"image\":{\"@id\":\"https:\/\/sxflightcase.com\/pt\/produto\/canto-de-bola-coa101\/#primaryimage\"},\"thumbnailUrl\":\"https:\/\/sxflightcase.com\/wp-content\/uploads\/2024\/08\/COA101.jpg\",\"datePublished\":\"2024-08-13T07:04:07+00:00\",\"dateModified\":\"2024-08-13T07:04:08+00:00\",\"description\":\"Ball corner, factory direct! High-quality protection for flight case edges, preventing damage during transport. Durable and reliable for long-lasting equipment safety.\",\"breadcrumb\":{\"@id\":\"https:\/\/sxflightcase.com\/pt\/produto\/canto-de-bola-coa101\/#breadcrumb\"},\"inLanguage\":\"tr\",\"potentialAction\":[{\"@type\":\"ReadAction\",\"target\":[\"https:\/\/sxflightcase.com\/pt\/produto\/canto-de-bola-coa101\/\"]}]},{\"@type\":\"ImageObject\",\"inLanguage\":\"tr\",\"@id\":\"https:\/\/sxflightcase.com\/pt\/produto\/canto-de-bola-coa101\/#primaryimage\",\"url\":\"https:\/\/sxflightcase.com\/wp-content\/uploads\/2024\/08\/COA101.jpg\",\"contentUrl\":\"https:\/\/sxflightcase.com\/wp-content\/uploads\/2024\/08\/COA101.jpg\",\"width\":520,\"height\":541,\"caption\":\"COA101\"},{\"@type\":\"BreadcrumbList\",\"@id\":\"https:\/\/sxflightcase.com\/pt\/produto\/canto-de-bola-coa101\/#breadcrumb\",\"itemListElement\":[{\"@type\":\"ListItem\",\"position\":1,\"name\":\"Home\",\"item\":\"https:\/\/sxflightcase.com\/\"},{\"@type\":\"ListItem\",\"position\":2,\"name\":\"\u0e2a\u0e34\u0e19\u0e04\u0e49\u0e32\",\"item\":\"https:\/\/sxflightcase.com\/th\/shop\/\"},{\"@type\":\"ListItem\",\"position\":3,\"name\":\"Ball Corner COA101\"}]},{\"@type\":\"WebSite\",\"@id\":\"https:\/\/sxflightcase.com\/th\/#website\",\"url\":\"https:\/\/sxflightcase.com\/th\/\",\"name\":\"sxpowercase.com\",\"description\":\"Flight Case Factory\",\"publisher\":{\"@id\":\"https:\/\/sxflightcase.com\/th\/#organization\"},\"potentialAction\":[{\"@type\":\"SearchAction\",\"target\":{\"@type\":\"EntryPoint\",\"urlTemplate\":\"https:\/\/sxflightcase.com\/th\/?s={search_term_string}\"},\"query-input\":{\"@type\":\"PropertyValueSpecification\",\"valueRequired\":true,\"valueName\":\"search_term_string\"}}],\"inLanguage\":\"tr\"},{\"@type\":\"Organization\",\"@id\":\"https:\/\/sxflightcase.com\/th\/#organization\",\"name\":\"sxpowercase.com\",\"url\":\"https:\/\/sxflightcase.com\/th\/\",\"logo\":{\"@type\":\"ImageObject\",\"inLanguage\":\"tr\",\"@id\":\"https:\/\/sxflightcase.com\/th\/#\/schema\/logo\/image\/\",\"url\":\"https:\/\/sxflightcase.com\/wp-content\/uploads\/2024\/04\/1713919036007.jpg\",\"contentUrl\":\"https:\/\/sxflightcase.com\/wp-content\/uploads\/2024\/04\/1713919036007.jpg\",\"width\":382,\"height\":388,\"caption\":\"sxpowercase.com\"},\"image\":{\"@id\":\"https:\/\/sxflightcase.com\/th\/#\/schema\/logo\/image\/\"},\"sameAs\":[\"https:\/\/www.facebook.com\/profile.php?id=61560407257971\"],\"numberOfEmployees\":{\"@type\":\"QuantitativeValue\",\"minValue\":\"11\",\"maxValue\":\"50\"}}]}<\/script>\n<!-- \/ Yoast SEO Premium plugin. -->","yoast_head_json":{"title":"Ball Corner COA101 - https:\/\/sxflightcase.com \ud83d\udc97","description":"Bilyal\u0131 k\u00f6\u015fe, do\u011frudan fabrika \u00e7\u0131k\u0131\u015f\u0131! U\u00e7u\u015f kasas\u0131 kenarlar\u0131 i\u00e7in y\u00fcksek kaliteli koruma, ta\u015f\u0131ma s\u0131ras\u0131nda hasar\u0131 \u00f6nler. Uzun \u00f6m\u00fcrl\u00fc ekipman g\u00fcvenli\u011fi i\u00e7in dayan\u0131kl\u0131 ve g\u00fcvenilir.","robots":{"index":"index","follow":"follow","max-snippet":"max-snippet:-1","max-image-preview":"max-image-preview:large","max-video-preview":"max-video-preview:-1"},"canonical":"https:\/\/sxflightcase.com\/tr\/produto\/canto-de-bola-coa101\/","og_locale":"tr_TR","og_type":"article","og_title":"Ball Corner COA101","og_description":"Ball corner, factory direct! High-quality protection for flight case edges, preventing damage during transport. Durable and reliable for long-lasting equipment safety.","og_url":"https:\/\/sxflightcase.com\/tr\/produto\/canto-de-bola-coa101\/","og_site_name":"https:\/\/sxflightcase.com","article_publisher":"https:\/\/www.facebook.com\/profile.php?id=61560407257971","article_modified_time":"2024-08-13T07:04:08+00:00","og_image":[{"width":520,"height":541,"url":"https:\/\/sxflightcase.com\/wp-content\/uploads\/2024\/08\/COA101.jpg","type":"image\/jpeg"}],"twitter_card":"summary_large_image","twitter_misc":{"Tahmini okuma s\u00fcresi":"3 dakika"},"schema":{"@context":"https:\/\/schema.org","@graph":[{"@type":"WebPage","@id":"https:\/\/sxflightcase.com\/pt\/produto\/canto-de-bola-coa101\/","url":"https:\/\/sxflightcase.com\/pt\/produto\/canto-de-bola-coa101\/","name":"Ball Corner COA101 - https:\/\/sxflightcase.com \ud83d\udc97","isPartOf":{"@id":"https:\/\/sxflightcase.com\/th\/#website"},"primaryImageOfPage":{"@id":"https:\/\/sxflightcase.com\/pt\/produto\/canto-de-bola-coa101\/#primaryimage"},"image":{"@id":"https:\/\/sxflightcase.com\/pt\/produto\/canto-de-bola-coa101\/#primaryimage"},"thumbnailUrl":"https:\/\/sxflightcase.com\/wp-content\/uploads\/2024\/08\/COA101.jpg","datePublished":"2024-08-13T07:04:07+00:00","dateModified":"2024-08-13T07:04:08+00:00","description":"Bilyal\u0131 k\u00f6\u015fe, do\u011frudan fabrika \u00e7\u0131k\u0131\u015f\u0131! U\u00e7u\u015f kasas\u0131 kenarlar\u0131 i\u00e7in y\u00fcksek kaliteli koruma, ta\u015f\u0131ma s\u0131ras\u0131nda hasar\u0131 \u00f6nler. Uzun \u00f6m\u00fcrl\u00fc ekipman g\u00fcvenli\u011fi i\u00e7in dayan\u0131kl\u0131 ve g\u00fcvenilir.","breadcrumb":{"@id":"https:\/\/sxflightcase.com\/pt\/produto\/canto-de-bola-coa101\/#breadcrumb"},"inLanguage":"tr","potentialAction":[{"@type":"ReadAction","target":["https:\/\/sxflightcase.com\/pt\/produto\/canto-de-bola-coa101\/"]}]},{"@type":"ImageObject","inLanguage":"tr","@id":"https:\/\/sxflightcase.com\/pt\/produto\/canto-de-bola-coa101\/#primaryimage","url":"https:\/\/sxflightcase.com\/wp-content\/uploads\/2024\/08\/COA101.jpg","contentUrl":"https:\/\/sxflightcase.com\/wp-content\/uploads\/2024\/08\/COA101.jpg","width":520,"height":541,"caption":"COA101"},{"@type":"BreadcrumbList","@id":"https:\/\/sxflightcase.com\/pt\/produto\/canto-de-bola-coa101\/#breadcrumb","itemListElement":[{"@type":"ListItem","position":1,"name":"Home","item":"https:\/\/sxflightcase.com\/"},{"@type":"ListItem","position":2,"name":"\u0e2a\u0e34\u0e19\u0e04\u0e49\u0e32","item":"https:\/\/sxflightcase.com\/th\/shop\/"},{"@type":"ListItem","position":3,"name":"Ball Corner COA101"}]},{"@type":"WebSite","@id":"https:\/\/sxflightcase.com\/th\/#website","url":"https:\/\/sxflightcase.com\/th\/","name":"sxpowercase.com","description":"U\u00e7u\u015f \u00c7antas\u0131 Fabrikas\u0131","publisher":{"@id":"https:\/\/sxflightcase.com\/th\/#organization"},"potentialAction":[{"@type":"SearchAction","target":{"@type":"EntryPoint","urlTemplate":"https:\/\/sxflightcase.com\/th\/?s={search_term_string}"},"query-input":{"@type":"PropertyValueSpecification","valueRequired":true,"valueName":"search_term_string"}}],"inLanguage":"tr"},{"@type":"Organization","@id":"https:\/\/sxflightcase.com\/th\/#organization","name":"sxpowercase.com","url":"https:\/\/sxflightcase.com\/th\/","logo":{"@type":"ImageObject","inLanguage":"tr","@id":"https:\/\/sxflightcase.com\/th\/#\/schema\/logo\/image\/","url":"https:\/\/sxflightcase.com\/wp-content\/uploads\/2024\/04\/1713919036007.jpg","contentUrl":"https:\/\/sxflightcase.com\/wp-content\/uploads\/2024\/04\/1713919036007.jpg","width":382,"height":388,"caption":"sxpowercase.com"},"image":{"@id":"https:\/\/sxflightcase.com\/th\/#\/schema\/logo\/image\/"},"sameAs":["https:\/\/www.facebook.com\/profile.php?id=61560407257971"],"numberOfEmployees":{"@type":"QuantitativeValue","minValue":"11","maxValue":"50"}}]}},"_links":{"self":[{"href":"https:\/\/sxflightcase.com\/tr\/wp-json\/wp\/v2\/product\/4072","targetHints":{"allow":["GET"]}}],"collection":[{"href":"https:\/\/sxflightcase.com\/tr\/wp-json\/wp\/v2\/product"}],"about":[{"href":"https:\/\/sxflightcase.com\/tr\/wp-json\/wp\/v2\/types\/product"}],"replies":[{"embeddable":true,"href":"https:\/\/sxflightcase.com\/tr\/wp-json\/wp\/v2\/comments?post=4072"}],"version-history":[{"count":0,"href":"https:\/\/sxflightcase.com\/tr\/wp-json\/wp\/v2\/product\/4072\/revisions"}],"wp:featuredmedia":[{"embeddable":true,"href":"https:\/\/sxflightcase.com\/tr\/wp-json\/wp\/v2\/media\/4073"}],"wp:attachment":[{"href":"https:\/\/sxflightcase.com\/tr\/wp-json\/wp\/v2\/media?parent=4072"}],"wp:term":[{"taxonomy":"product_brand","embeddable":true,"href":"https:\/\/sxflightcase.com\/tr\/wp-json\/wp\/v2\/product_brand?post=4072"},{"taxonomy":"product_cat","embeddable":true,"href":"https:\/\/sxflightcase.com\/tr\/wp-json\/wp\/v2\/product_cat?post=4072"},{"taxonomy":"product_tag","embeddable":true,"href":"https:\/\/sxflightcase.com\/tr\/wp-json\/wp\/v2\/product_tag?post=4072"}],"curies":[{"name":"wp","href":"https:\/\/api.w.org\/{rel}","templated":true}]}}