{"id":4098,"date":"2024-08-13T08:06:50","date_gmt":"2024-08-13T07:06:50","guid":{"rendered":"https:\/\/sxpowercase.com\/?post_type=product&#038;p=4098"},"modified":"2024-08-13T08:06:51","modified_gmt":"2024-08-13T07:06:51","slug":"ball-corner-coa102","status":"publish","type":"product","link":"https:\/\/sxflightcase.com\/tr\/urun\/top-kosesi-coa102\/","title":{"rendered":"Top K\u00f6\u015fesi COA102"},"content":{"rendered":"<h3>SX Ball Corner ile Ekipman\u0131n\u0131z\u0131 Koruyun<\/h3>\n<h4>Do\u011frudan Fabrikadan Fiyat\u0131na Kaliteli Bilyal\u0131 K\u00f6\u015feler<\/h4>\n<p>S\u00f6z konusu de\u011ferli ekipmanlar\u0131n\u0131z\u0131 korumak oldu\u011funda, SX y\u00fcksek kaliteli \u00fcr\u00fcnlerimizle en iyi \u00e7\u00f6z\u00fcm\u00fc sunar <strong>Top K\u00f6\u015fesi<\/strong>. Hassasiyet ve dayan\u0131kl\u0131l\u0131k g\u00f6z \u00f6n\u00fcnde bulundurularak \u00fcretilen bilyeli k\u00f6\u015felerimiz, do\u011frudan fabrikadan rakipsiz fiyatlarla temin edilebilir. Bu sayede b\u00fct\u00e7enizi sarsmadan birinci s\u0131n\u0131f koruma elde edersiniz.<\/p>\n<h4>Ekipman\u0131n\u0131z i\u00e7in Sa\u011flam Koruma<\/h4>\n<p><a href=\"https:\/\/sxpowercase.com\/\" target=\"_blank\" rel=\"noopener\" title=\"SX\" data-wpil-monitor-id=\"655\">SX<\/a> <strong>Top K\u00f6\u015feleri<\/strong> ekipmanlar\u0131n\u0131z i\u00e7in sa\u011flam koruma sa\u011flamak \u00fczere tasarlanm\u0131\u015ft\u0131r. Dayan\u0131kl\u0131 malzemelerden \u00fcretilen bu k\u00f6\u015feler, darbeyi emerek ta\u015f\u0131ma veya depolama s\u0131ras\u0131nda k\u0131l\u0131flar\u0131n\u0131z\u0131n hasar g\u00f6rmesini \u00f6nleyecek \u015fekilde tasarlanm\u0131\u015ft\u0131r. Ekipman\u0131n\u0131z\u0131 ister geziyor ister depoluyor olun, top k\u00f6\u015felerimiz ekipman\u0131n\u0131z\u0131n m\u00fckemmel durumda kalmas\u0131na yard\u0131mc\u0131 olarak a\u015f\u0131nma ve y\u0131pranmay\u0131 en aza indirir.<\/p>\n<h4>\u00c7e\u015fitli Kasa Tiplerine Uygun<\/h4>\n<p>Bizim <strong>Top K\u00f6\u015feleri<\/strong> u\u00e7u\u015f \u00e7antalar\u0131, yol \u00e7antalar\u0131 ve \u00f6zel \u00e7antalar dahil olmak \u00fczere \u00e7ok \u00e7e\u015fitli \u00e7antalarda kullan\u0131labilecek kadar \u00e7ok y\u00f6nl\u00fcd\u00fcr. Evrensel bir uyumla, montaj\u0131 kolayd\u0131r ve kasalar\u0131n\u0131za bir dayan\u0131kl\u0131l\u0131k ve stil katman\u0131 ekler. SX Bilye K\u00f6\u015feler sadece korumakla kalmaz, ayn\u0131 zamanda kasalar\u0131n\u0131z\u0131n genel g\u00f6r\u00fcn\u00fcm\u00fcn\u00fc de iyile\u015ftirerek profesyonel ve g\u00fcvenilir g\u00f6r\u00fcnmelerini sa\u011flar.<\/p>\n<h4>\u0130htiya\u00e7lar\u0131n\u0131za G\u00f6re \u00d6zelle\u015ftirilebilir<\/h4>\n<p>SX olarak her ekipman\u0131n benzersiz oldu\u011funun fark\u0131nday\u0131z, bu nedenle \u00f6zelle\u015ftirilebilir ekipmanlar sunuyoruz <strong>Top K\u00f6\u015feleri<\/strong>. \u0130ster belirli boyutlar, kaplamalar veya ek \u00f6zellikler isteyin, \u00fcr\u00fcnlerimizi ihtiya\u00e7lar\u0131n\u0131za g\u00f6re uyarlayabiliriz. Bu \u00f6zelle\u015ftirme, k\u0131l\u0131flar\u0131n\u0131z\u0131n yaln\u0131zca korunmas\u0131n\u0131 de\u011fil, ayn\u0131 zamanda markan\u0131z\u0131n kimli\u011fi ve \u00f6zel gereksinimleriyle uyumlu olmas\u0131n\u0131 da sa\u011flar.<\/p>\n<h4>G\u00fcvenebilece\u011finiz Dayan\u0131kl\u0131l\u0131k<\/h4>\n<p>SX'i se\u00e7mek g\u00fcvenilirli\u011fi se\u00e7mek demektir. Bizim <strong>Top K\u00f6\u015feleri<\/strong> s\u0131k kullan\u0131m ve seyahatin zorluklar\u0131na dayanacak \u015fekilde \u00fcretilmi\u015ftir. Her k\u00f6\u015fe, SX'in bilinen y\u00fcksek standartlar\u0131n\u0131 kar\u015f\u0131lad\u0131\u011f\u0131ndan emin olmak i\u00e7in s\u0131k\u0131 kalite kontrollerinden ge\u00e7irilir. Bilyal\u0131 k\u00f6\u015felerimizle, ekipman\u0131n\u0131z\u0131n g\u00fcnl\u00fck kullan\u0131m\u0131n \u00e7arpma ve darbelerine kar\u015f\u0131 korundu\u011fundan emin olabilirsiniz.<\/p>\n<h4>Fabrika Fiyatland\u0131rmas\u0131 ile Ola\u011fan\u00fcst\u00fc De\u011fer<\/h4>\n<p>Do\u011frudan SX'ten sat\u0131n alarak, paran\u0131z\u0131n kar\u015f\u0131l\u0131\u011f\u0131n\u0131 en iyi \u015fekilde alman\u0131z\u0131 sa\u011flayan fabrika do\u011frudan fiyatland\u0131rmam\u0131zdan faydalan\u0131rs\u0131n\u0131z. Uygun fiyat taahh\u00fcd\u00fcm\u00fcz \u00fcr\u00fcnlerimizin kalitesinden \u00f6d\u00fcn vermez. SX ile b\u00fct\u00e7enizi a\u015fmadan ekipman\u0131n\u0131z\u0131 y\u00fcksek kaliteli bilyeli k\u00f6\u015felerle koruyabilirsiniz.<\/p>\n<h4>SX ile Bug\u00fcn \u0130leti\u015fime Ge\u00e7in<\/h4>\n<p>Ekipman koruman\u0131z\u0131 SX ile y\u00fckseltin <strong>Top K\u00f6\u015feleri<\/strong>. \u00dcr\u00fcnlerimiz, \u00f6zelle\u015ftirme se\u00e7eneklerimiz hakk\u0131nda daha fazla bilgi edinmek veya sipari\u015finizi vermek i\u00e7in bug\u00fcn bize ula\u015f\u0131n. SX olarak, b\u00fct\u00e7enize uygun bir fiyata kaliteli koruma sa\u011flayarak ekipman\u0131n\u0131z\u0131n g\u00fcvende ve emniyette kalmas\u0131n\u0131 sa\u011fl\u0131yoruz. Yolculu\u011funuz sizi nereye g\u00f6t\u00fcr\u00fcrse g\u00f6t\u00fcrs\u00fcn, ekipman\u0131n\u0131z\u0131 korumak i\u00e7in SX'e g\u00fcvenin.<\/p>\n<p>Hemen \u0130leti\u015fime Ge\u00e7in:<span style=\"color: #0000ff;\"><a style=\"color: #0000ff;\" href=\"https:\/\/sxpowercase.com\/contact-us\/\">https:\/\/sxpowercase.com\/<\/a><\/span><\/p>\n<p>Donan\u0131m \u00dcr\u00fcn Katalo\u011fu\uff1a<span style=\"color: #3366ff;\"><a style=\"color: #3366ff;\" href=\"https:\/\/sxpowercase.com\/wp-content\/uploads\/2024\/07\/\u4e94\u91d1.pdf\">Donan\u0131m aksesuarlar\u0131 katalo\u011fu<\/a><\/span><\/p>","protected":false},"excerpt":{"rendered":"<div class=\"flex-shrink-0 flex flex-col relative items-end\">\n<div>\n<div class=\"pt-0\">\n<div class=\"gizmo-bot-avatar flex h-8 w-8 items-center justify-center overflow-hidden rounded-full\">\n<div class=\"relative p-1 rounded-sm flex items-center justify-center bg-token-main-surface-primary text-token-text-primary h-8 w-8\"><\/div>\n<\/div>\n<\/div>\n<\/div>\n<\/div>\n<div class=\"group\/conversation-turn relative flex w-full min-w-0 flex-col agent-turn\">\n<div class=\"flex-col gap-1 md:gap-3\">\n<div class=\"flex max-w-full flex-col flex-grow\">\n<div class=\"min-h-[20px] text-message flex w-full flex-col items-end gap-2 whitespace-pre-wrap break-words [.text-message+&amp;]:mt-5 overflow-x-auto\" dir=\"auto\" data-message-author-role=\"assistant\" data-message-id=\"b29a6103-f839-4253-a036-2dd738e6bae2\">\n<div class=\"flex w-full flex-col gap-1 empty:hidden first:pt-[3px]\">\n<div class=\"markdown prose w-full break-words dark:prose-invert light\">\n<h3>SX Ball Corners: Ultimate Protection for Your Equipment<\/h3>\n<p>Safeguard your gear with SX Ball Corners, designed for maximum durability. Enjoy premium quality at factory-direct prices, ensuring top value for your investment.<\/p>\n<h3>Customizable Ball Corners for All Case Types<\/h3>\n<p>SX Ball Corners offer versatility and a snug fit for various cases, with customization options to meet your unique needs\u2014combining strength with a polished, professional look.<\/p>\n<h3>Trust SX for Quality and Affordability<\/h3>\n<p>Choose SX Ball Corners for reliable protection that withstands heavy use, all at unbeatable factory-direct prices. Protect your equipment without stretching your budget.<\/p>\n<\/div>\n<\/div>\n<\/div>\n<\/div>\n<\/div>\n<\/div>\n","protected":false},"featured_media":4074,"comment_status":"open","ping_status":"closed","template":"","meta":[],"product_brand":[],"product_cat":[63],"product_tag":[],"class_list":{"0":"post-4098","1":"product","2":"type-product","3":"status-publish","4":"has-post-thumbnail","6":"product_cat-corners","8":"first","9":"instock","10":"shipping-taxable","11":"product-type-simple"},"yoast_head":"<!-- This site is optimized with the Yoast SEO Premium plugin v27.1 (Yoast SEO v27.2) - https:\/\/yoast.com\/product\/yoast-seo-premium-wordpress\/ -->\n<title>Ball Corner COA102 - https:\/\/sxflightcase.com \ud83d\udc97<\/title>\n<meta name=\"description\" content=\"Ball corner, factory direct! High-quality protection for flight case edges, preventing damage during transport. Durable and reliable for long-lasting equipment safety.\" \/>\n<meta name=\"robots\" content=\"index, follow, max-snippet:-1, max-image-preview:large, max-video-preview:-1\" \/>\n<link rel=\"canonical\" href=\"https:\/\/sxflightcase.com\/tr\/produit\/coin-boule-coa102-2\/\" \/>\n<meta property=\"og:locale\" content=\"tr_TR\" \/>\n<meta property=\"og:type\" content=\"article\" \/>\n<meta property=\"og:title\" content=\"Ball Corner COA102\" \/>\n<meta property=\"og:description\" content=\"Ball corner, factory direct! High-quality protection for flight case edges, preventing damage during transport. Durable and reliable for long-lasting equipment safety.\" \/>\n<meta property=\"og:url\" content=\"https:\/\/sxflightcase.com\/tr\/produit\/coin-boule-coa102-2\/\" \/>\n<meta property=\"og:site_name\" content=\"https:\/\/sxflightcase.com\" \/>\n<meta property=\"article:publisher\" content=\"https:\/\/www.facebook.com\/profile.php?id=61560407257971\" \/>\n<meta property=\"article:modified_time\" content=\"2024-08-13T07:06:51+00:00\" \/>\n<meta property=\"og:image\" content=\"https:\/\/sxflightcase.com\/wp-content\/uploads\/2024\/08\/COA102.jpg\" \/>\n\t<meta property=\"og:image:width\" content=\"650\" \/>\n\t<meta property=\"og:image:height\" content=\"564\" \/>\n\t<meta property=\"og:image:type\" content=\"image\/jpeg\" \/>\n<meta name=\"twitter:card\" content=\"summary_large_image\" \/>\n<meta name=\"twitter:label1\" content=\"Tahmini okuma s\u00fcresi\" \/>\n\t<meta name=\"twitter:data1\" content=\"3 dakika\" \/>\n<script type=\"application\/ld+json\" class=\"yoast-schema-graph\">{\"@context\":\"https:\/\/schema.org\",\"@graph\":[{\"@type\":\"WebPage\",\"@id\":\"https:\/\/sxflightcase.com\/fr\/produit\/coin-boule-coa102-2\/\",\"url\":\"https:\/\/sxflightcase.com\/fr\/produit\/coin-boule-coa102-2\/\",\"name\":\"Ball Corner COA102 - https:\/\/sxflightcase.com \ud83d\udc97\",\"isPartOf\":{\"@id\":\"https:\/\/sxflightcase.com\/th\/#website\"},\"primaryImageOfPage\":{\"@id\":\"https:\/\/sxflightcase.com\/fr\/produit\/coin-boule-coa102-2\/#primaryimage\"},\"image\":{\"@id\":\"https:\/\/sxflightcase.com\/fr\/produit\/coin-boule-coa102-2\/#primaryimage\"},\"thumbnailUrl\":\"https:\/\/sxflightcase.com\/wp-content\/uploads\/2024\/08\/COA102.jpg\",\"datePublished\":\"2024-08-13T07:06:50+00:00\",\"dateModified\":\"2024-08-13T07:06:51+00:00\",\"description\":\"Ball corner, factory direct! High-quality protection for flight case edges, preventing damage during transport. Durable and reliable for long-lasting equipment safety.\",\"breadcrumb\":{\"@id\":\"https:\/\/sxflightcase.com\/fr\/produit\/coin-boule-coa102-2\/#breadcrumb\"},\"inLanguage\":\"tr\",\"potentialAction\":[{\"@type\":\"ReadAction\",\"target\":[\"https:\/\/sxflightcase.com\/fr\/produit\/coin-boule-coa102-2\/\"]}]},{\"@type\":\"ImageObject\",\"inLanguage\":\"tr\",\"@id\":\"https:\/\/sxflightcase.com\/fr\/produit\/coin-boule-coa102-2\/#primaryimage\",\"url\":\"https:\/\/sxflightcase.com\/wp-content\/uploads\/2024\/08\/COA102.jpg\",\"contentUrl\":\"https:\/\/sxflightcase.com\/wp-content\/uploads\/2024\/08\/COA102.jpg\",\"width\":650,\"height\":564,\"caption\":\"Ball Corner\"},{\"@type\":\"BreadcrumbList\",\"@id\":\"https:\/\/sxflightcase.com\/fr\/produit\/coin-boule-coa102-2\/#breadcrumb\",\"itemListElement\":[{\"@type\":\"ListItem\",\"position\":1,\"name\":\"Home\",\"item\":\"https:\/\/sxflightcase.com\/\"},{\"@type\":\"ListItem\",\"position\":2,\"name\":\"\u0e2a\u0e34\u0e19\u0e04\u0e49\u0e32\",\"item\":\"https:\/\/sxflightcase.com\/th\/shop\/\"},{\"@type\":\"ListItem\",\"position\":3,\"name\":\"Ball Corner COA102\"}]},{\"@type\":\"WebSite\",\"@id\":\"https:\/\/sxflightcase.com\/th\/#website\",\"url\":\"https:\/\/sxflightcase.com\/th\/\",\"name\":\"sxpowercase.com\",\"description\":\"Flight Case Factory\",\"publisher\":{\"@id\":\"https:\/\/sxflightcase.com\/th\/#organization\"},\"potentialAction\":[{\"@type\":\"SearchAction\",\"target\":{\"@type\":\"EntryPoint\",\"urlTemplate\":\"https:\/\/sxflightcase.com\/th\/?s={search_term_string}\"},\"query-input\":{\"@type\":\"PropertyValueSpecification\",\"valueRequired\":true,\"valueName\":\"search_term_string\"}}],\"inLanguage\":\"tr\"},{\"@type\":\"Organization\",\"@id\":\"https:\/\/sxflightcase.com\/th\/#organization\",\"name\":\"sxpowercase.com\",\"url\":\"https:\/\/sxflightcase.com\/th\/\",\"logo\":{\"@type\":\"ImageObject\",\"inLanguage\":\"tr\",\"@id\":\"https:\/\/sxflightcase.com\/th\/#\/schema\/logo\/image\/\",\"url\":\"https:\/\/sxflightcase.com\/wp-content\/uploads\/2024\/04\/1713919036007.jpg\",\"contentUrl\":\"https:\/\/sxflightcase.com\/wp-content\/uploads\/2024\/04\/1713919036007.jpg\",\"width\":382,\"height\":388,\"caption\":\"sxpowercase.com\"},\"image\":{\"@id\":\"https:\/\/sxflightcase.com\/th\/#\/schema\/logo\/image\/\"},\"sameAs\":[\"https:\/\/www.facebook.com\/profile.php?id=61560407257971\"],\"numberOfEmployees\":{\"@type\":\"QuantitativeValue\",\"minValue\":\"11\",\"maxValue\":\"50\"}}]}<\/script>\n<!-- \/ Yoast SEO Premium plugin. -->","yoast_head_json":{"title":"Ball Corner COA102 - https:\/\/sxflightcase.com \ud83d\udc97","description":"Bilyal\u0131 k\u00f6\u015fe, do\u011frudan fabrika \u00e7\u0131k\u0131\u015f\u0131! U\u00e7u\u015f kasas\u0131 kenarlar\u0131 i\u00e7in y\u00fcksek kaliteli koruma, ta\u015f\u0131ma s\u0131ras\u0131nda hasar\u0131 \u00f6nler. Uzun \u00f6m\u00fcrl\u00fc ekipman g\u00fcvenli\u011fi i\u00e7in dayan\u0131kl\u0131 ve g\u00fcvenilir.","robots":{"index":"index","follow":"follow","max-snippet":"max-snippet:-1","max-image-preview":"max-image-preview:large","max-video-preview":"max-video-preview:-1"},"canonical":"https:\/\/sxflightcase.com\/tr\/produit\/coin-boule-coa102-2\/","og_locale":"tr_TR","og_type":"article","og_title":"Ball Corner COA102","og_description":"Ball corner, factory direct! High-quality protection for flight case edges, preventing damage during transport. Durable and reliable for long-lasting equipment safety.","og_url":"https:\/\/sxflightcase.com\/tr\/produit\/coin-boule-coa102-2\/","og_site_name":"https:\/\/sxflightcase.com","article_publisher":"https:\/\/www.facebook.com\/profile.php?id=61560407257971","article_modified_time":"2024-08-13T07:06:51+00:00","og_image":[{"width":650,"height":564,"url":"https:\/\/sxflightcase.com\/wp-content\/uploads\/2024\/08\/COA102.jpg","type":"image\/jpeg"}],"twitter_card":"summary_large_image","twitter_misc":{"Tahmini okuma s\u00fcresi":"3 dakika"},"schema":{"@context":"https:\/\/schema.org","@graph":[{"@type":"WebPage","@id":"https:\/\/sxflightcase.com\/fr\/produit\/coin-boule-coa102-2\/","url":"https:\/\/sxflightcase.com\/fr\/produit\/coin-boule-coa102-2\/","name":"Ball Corner COA102 - https:\/\/sxflightcase.com \ud83d\udc97","isPartOf":{"@id":"https:\/\/sxflightcase.com\/th\/#website"},"primaryImageOfPage":{"@id":"https:\/\/sxflightcase.com\/fr\/produit\/coin-boule-coa102-2\/#primaryimage"},"image":{"@id":"https:\/\/sxflightcase.com\/fr\/produit\/coin-boule-coa102-2\/#primaryimage"},"thumbnailUrl":"https:\/\/sxflightcase.com\/wp-content\/uploads\/2024\/08\/COA102.jpg","datePublished":"2024-08-13T07:06:50+00:00","dateModified":"2024-08-13T07:06:51+00:00","description":"Bilyal\u0131 k\u00f6\u015fe, do\u011frudan fabrika \u00e7\u0131k\u0131\u015f\u0131! U\u00e7u\u015f kasas\u0131 kenarlar\u0131 i\u00e7in y\u00fcksek kaliteli koruma, ta\u015f\u0131ma s\u0131ras\u0131nda hasar\u0131 \u00f6nler. Uzun \u00f6m\u00fcrl\u00fc ekipman g\u00fcvenli\u011fi i\u00e7in dayan\u0131kl\u0131 ve g\u00fcvenilir.","breadcrumb":{"@id":"https:\/\/sxflightcase.com\/fr\/produit\/coin-boule-coa102-2\/#breadcrumb"},"inLanguage":"tr","potentialAction":[{"@type":"ReadAction","target":["https:\/\/sxflightcase.com\/fr\/produit\/coin-boule-coa102-2\/"]}]},{"@type":"ImageObject","inLanguage":"tr","@id":"https:\/\/sxflightcase.com\/fr\/produit\/coin-boule-coa102-2\/#primaryimage","url":"https:\/\/sxflightcase.com\/wp-content\/uploads\/2024\/08\/COA102.jpg","contentUrl":"https:\/\/sxflightcase.com\/wp-content\/uploads\/2024\/08\/COA102.jpg","width":650,"height":564,"caption":"Ball Corner"},{"@type":"BreadcrumbList","@id":"https:\/\/sxflightcase.com\/fr\/produit\/coin-boule-coa102-2\/#breadcrumb","itemListElement":[{"@type":"ListItem","position":1,"name":"Home","item":"https:\/\/sxflightcase.com\/"},{"@type":"ListItem","position":2,"name":"\u0e2a\u0e34\u0e19\u0e04\u0e49\u0e32","item":"https:\/\/sxflightcase.com\/th\/shop\/"},{"@type":"ListItem","position":3,"name":"Ball Corner COA102"}]},{"@type":"WebSite","@id":"https:\/\/sxflightcase.com\/th\/#website","url":"https:\/\/sxflightcase.com\/th\/","name":"sxpowercase.com","description":"U\u00e7u\u015f \u00c7antas\u0131 Fabrikas\u0131","publisher":{"@id":"https:\/\/sxflightcase.com\/th\/#organization"},"potentialAction":[{"@type":"SearchAction","target":{"@type":"EntryPoint","urlTemplate":"https:\/\/sxflightcase.com\/th\/?s={search_term_string}"},"query-input":{"@type":"PropertyValueSpecification","valueRequired":true,"valueName":"search_term_string"}}],"inLanguage":"tr"},{"@type":"Organization","@id":"https:\/\/sxflightcase.com\/th\/#organization","name":"sxpowercase.com","url":"https:\/\/sxflightcase.com\/th\/","logo":{"@type":"ImageObject","inLanguage":"tr","@id":"https:\/\/sxflightcase.com\/th\/#\/schema\/logo\/image\/","url":"https:\/\/sxflightcase.com\/wp-content\/uploads\/2024\/04\/1713919036007.jpg","contentUrl":"https:\/\/sxflightcase.com\/wp-content\/uploads\/2024\/04\/1713919036007.jpg","width":382,"height":388,"caption":"sxpowercase.com"},"image":{"@id":"https:\/\/sxflightcase.com\/th\/#\/schema\/logo\/image\/"},"sameAs":["https:\/\/www.facebook.com\/profile.php?id=61560407257971"],"numberOfEmployees":{"@type":"QuantitativeValue","minValue":"11","maxValue":"50"}}]}},"_links":{"self":[{"href":"https:\/\/sxflightcase.com\/tr\/wp-json\/wp\/v2\/product\/4098","targetHints":{"allow":["GET"]}}],"collection":[{"href":"https:\/\/sxflightcase.com\/tr\/wp-json\/wp\/v2\/product"}],"about":[{"href":"https:\/\/sxflightcase.com\/tr\/wp-json\/wp\/v2\/types\/product"}],"replies":[{"embeddable":true,"href":"https:\/\/sxflightcase.com\/tr\/wp-json\/wp\/v2\/comments?post=4098"}],"version-history":[{"count":0,"href":"https:\/\/sxflightcase.com\/tr\/wp-json\/wp\/v2\/product\/4098\/revisions"}],"wp:featuredmedia":[{"embeddable":true,"href":"https:\/\/sxflightcase.com\/tr\/wp-json\/wp\/v2\/media\/4074"}],"wp:attachment":[{"href":"https:\/\/sxflightcase.com\/tr\/wp-json\/wp\/v2\/media?parent=4098"}],"wp:term":[{"taxonomy":"product_brand","embeddable":true,"href":"https:\/\/sxflightcase.com\/tr\/wp-json\/wp\/v2\/product_brand?post=4098"},{"taxonomy":"product_cat","embeddable":true,"href":"https:\/\/sxflightcase.com\/tr\/wp-json\/wp\/v2\/product_cat?post=4098"},{"taxonomy":"product_tag","embeddable":true,"href":"https:\/\/sxflightcase.com\/tr\/wp-json\/wp\/v2\/product_tag?post=4098"}],"curies":[{"name":"wp","href":"https:\/\/api.w.org\/{rel}","templated":true}]}}