{"id":4099,"date":"2024-08-13T08:16:18","date_gmt":"2024-08-13T07:16:18","guid":{"rendered":"https:\/\/sxpowercase.com\/?post_type=product&#038;p=4099"},"modified":"2024-08-13T08:16:19","modified_gmt":"2024-08-13T07:16:19","slug":"ball-corners-coa103","status":"publish","type":"product","link":"https:\/\/sxflightcase.com\/tr\/urun\/top-koseleri-coa103-2\/","title":{"rendered":"Top K\u00f6\u015feleri COA103"},"content":{"rendered":"<h3>SX Ball K\u00f6\u015feleri ile K\u0131l\u0131flar\u0131n\u0131z\u0131 G\u00fc\u00e7lendirin<\/h3>\n<h4>Do\u011frudan Fabrikadan Uygun Fiyatl\u0131 Kalite<\/h4>\n<p>Konu de\u011ferli ekipmanlar\u0131n\u0131z\u0131n g\u00fcvenli\u011fini sa\u011flamak oldu\u011funda, SX g\u00fcvenilir <strong>Top K\u00f6\u015feleri<\/strong> rakipsiz fiyatlarla sa\u011flam koruma sa\u011flar. Fabrika dolays\u0131z yakla\u015f\u0131m\u0131m\u0131z, arac\u0131lar\u0131n zamm\u0131n\u0131 \u00f6demeden en kaliteli \u00fcr\u00fcnleri alman\u0131z\u0131 sa\u011flar. SX ile, kar\u015f\u0131layabilece\u011finiz bir fiyata dayan\u0131kl\u0131 korumaya yat\u0131r\u0131m yapars\u0131n\u0131z.<\/p>\n<h4>Her Yolculuk i\u00e7in Geli\u015fmi\u015f Koruma<\/h4>\n<p><a href=\"https:\/\/sxpowercase.com\/\" target=\"_blank\" rel=\"noopener\" title=\"SX\" data-wpil-monitor-id=\"656\">SX<\/a> <strong>Top K\u00f6\u015feleri<\/strong> k\u0131l\u0131flar\u0131n\u0131z\u0131 darbelerden korumak i\u00e7in \u00fcretilmi\u015ftir ve ekipman\u0131n\u0131z\u0131n ta\u015f\u0131ma s\u0131ras\u0131nda g\u00fcvende kalmas\u0131n\u0131 sa\u011flar. \u0130ster turnede olun, ister ekipman\u0131n\u0131z\u0131 nakledin ya da sadece depolay\u0131n, bilyeli k\u00f6\u015felerimiz darbeleri emer ve hasar riskini azalt\u0131r. Bu koruma seviyesi, k\u0131l\u0131flar\u0131n\u0131z\u0131n b\u00fct\u00fcnl\u00fc\u011f\u00fcn\u00fc korumak, kullan\u0131m \u00f6m\u00fcrlerini uzatmak ve uzun vadede size para kazand\u0131rmak i\u00e7in gereklidir.<\/p>\n<h4>T\u00fcm Kasa Tipleri i\u00e7in \u00c7ok Y\u00f6nl\u00fcl\u00fck<\/h4>\n<p>Bizim <strong>Top K\u00f6\u015feleri<\/strong> u\u00e7u\u015f \u00e7antalar\u0131ndan yol \u00e7antalar\u0131na kadar \u00e7ok \u00e7e\u015fitli kasa tiplerine uyacak \u015fekilde tasarlanm\u0131\u015ft\u0131r. Montaj\u0131 kolayd\u0131r ve kasalar\u0131n\u0131z\u0131n hem i\u015flevselli\u011fini hem de g\u00f6r\u00fcn\u00fcm\u00fcn\u00fc geli\u015ftiren evrensel bir uyum sunar. SX'i se\u00e7erek yaln\u0131zca ekipman\u0131n\u0131z\u0131 korumakla kalmaz, ayn\u0131 zamanda kasalar\u0131n\u0131z\u0131n genel g\u00f6r\u00fcn\u00fcm\u00fcn\u00fc de y\u00fckselterek onlara profesyonel ve cilal\u0131 bir g\u00f6r\u00fcn\u00fcm kazand\u0131r\u0131rs\u0131n\u0131z.<\/p>\n<h4>Benzersiz \u0130htiya\u00e7lar i\u00e7in \u00d6zelle\u015ftirme Se\u00e7enekleri<\/h4>\n<p>SX olarak, hi\u00e7bir vakan\u0131n ayn\u0131 olmad\u0131\u011f\u0131n\u0131 biliyoruz. Bu y\u00fczden \u00f6zelle\u015ftirilebilir <strong>Top K\u00f6\u015feleri<\/strong> \u00f6zel ihtiya\u00e7lar\u0131n\u0131z\u0131 kar\u015f\u0131lamak i\u00e7in. \u0130ster benzersiz bir boyuta, kaplamaya veya malzemeye ihtiyac\u0131n\u0131z olsun, SX bunu sa\u011flayabilir. Bu esneklik, k\u0131l\u0131flar\u0131n\u0131z\u0131n gereksinimlerinize m\u00fckemmel \u015fekilde uyarlanmas\u0131n\u0131 sa\u011flayarak ekipman\u0131n\u0131z\u0131n iyi korundu\u011fu ve markan\u0131z\u0131n imaj\u0131yla uyumlu oldu\u011fu konusunda i\u00e7inizin rahat olmas\u0131n\u0131 sa\u011flar.<\/p>\n<h4>Uzun \u00d6m\u00fcrl\u00fc Olmak \u0130\u00e7in \u00dcretildi<\/h4>\n<p>SX <strong>Top K\u00f6\u015feleri<\/strong> y\u00fcksek kaliteli malzemelerden \u00fcretilmi\u015ftir ve s\u0131k kullan\u0131m taleplerine dayanmalar\u0131n\u0131 sa\u011flar. Her bir bilye k\u00f6\u015fesi kat\u0131 kalite standartlar\u0131m\u0131z\u0131 kar\u015f\u0131lamak i\u00e7in titizlikle test edilir, b\u00f6ylece k\u0131l\u0131flar\u0131n\u0131z\u0131n y\u0131llarca iyi korunaca\u011f\u0131na g\u00fcvenebilirsiniz. Kaliteye olan ba\u011fl\u0131l\u0131\u011f\u0131m\u0131z, SX ile sadece bir \u00fcr\u00fcn sat\u0131n almad\u0131\u011f\u0131n\u0131z, dayan\u0131kl\u0131l\u0131\u011fa bir yat\u0131r\u0131m yapt\u0131\u011f\u0131n\u0131z anlam\u0131na gelir.<\/p>\n<h4>Fabrika Do\u011frudan Fiyatland\u0131rmas\u0131 ile Ola\u011fan\u00fcst\u00fc De\u011fer<\/h4>\n<p>SX'i se\u00e7erek, y\u00fcksek kaliteli \u00fcr\u00fcnler sunmam\u0131z\u0131 sa\u011flayan fabrika do\u011frudan fiyatland\u0131rmam\u0131zdan faydalan\u0131rs\u0131n\u0131z <strong>Top K\u00f6\u015feleri<\/strong> rekabet\u00e7i fiyatlarla. Kaliteden \u00f6d\u00fcn vermeden size m\u00fcmk\u00fcn olan en iyi de\u011feri sunmak i\u00e7in arac\u0131lar\u0131 devre d\u0131\u015f\u0131 b\u0131rak\u0131yoruz. Ekipman\u0131n\u0131z\u0131 korumak pahal\u0131 olmak zorunda de\u011fil - SX ile hem uygun fiyatl\u0131 hem de etkili.<\/p>\n<h4>Top K\u00f6\u015fesi \u0130htiya\u00e7lar\u0131n\u0131z \u0130\u00e7in SX ile \u0130leti\u015fime Ge\u00e7in<\/h4>\n<p>SX ile ekipman koruman\u0131z\u0131 bug\u00fcn y\u00fckseltin <strong>Top K\u00f6\u015feleri<\/strong>. \u00dcr\u00fcn yelpazemizi ke\u015ffetmek, \u00f6zelle\u015ftirme se\u00e7eneklerini g\u00f6r\u00fc\u015fmek veya sipari\u015f vermek i\u00e7in bize ula\u015f\u0131n. SX olarak, ekipman\u0131n\u0131z\u0131n g\u00fcvende ve emniyette kalmas\u0131n\u0131 sa\u011flamak i\u00e7in en y\u00fcksek kaliteyi en d\u00fc\u015f\u00fck fiyatlarla sunmaya kararl\u0131y\u0131z. Ekipman\u0131n\u0131z\u0131n hak etti\u011fi korumay\u0131 her ad\u0131mda sa\u011flamak i\u00e7in SX'e g\u00fcvenin.<\/p>\n<p>Hemen \u0130leti\u015fime Ge\u00e7in:<span style=\"color: #0000ff;\"><a style=\"color: #0000ff;\" href=\"https:\/\/sxpowercase.com\/contact-us\/\">https:\/\/sxpowercase.com\/<\/a><\/span><\/p>\n<p>Donan\u0131m \u00dcr\u00fcn Katalo\u011fu\uff1a<span style=\"color: #3366ff;\"><a style=\"color: #3366ff;\" href=\"https:\/\/sxpowercase.com\/wp-content\/uploads\/2024\/07\/\u4e94\u91d1.pdf\">Donan\u0131m aksesuarlar\u0131 katalo\u011fu<\/a><\/span><\/p>","protected":false},"excerpt":{"rendered":"<div class=\"flex max-w-full flex-col flex-grow\">\n<div class=\"min-h-[20px] text-message flex w-full flex-col items-end gap-2 whitespace-pre-wrap break-words [.text-message+&amp;]:mt-5 overflow-x-auto\" dir=\"auto\" data-message-author-role=\"assistant\" data-message-id=\"1774b494-5ec3-4508-82fb-a8a2af9f1cd3\">\n<div class=\"flex w-full flex-col gap-1 empty:hidden first:pt-[3px]\">\n<div class=\"markdown prose w-full break-words dark:prose-invert light\">\n<h3>SX Ball Corners: Affordable, Factory-Direct Protection<\/h3>\n<p>Get robust protection for your cases with SX Ball Corners. Enjoy high-quality products at factory-direct prices, ensuring top value without extra costs.<\/p>\n<h3>Customizable Ball Corners for All Cases<\/h3>\n<p>SX offers versatile Ball Corners designed to fit any case type. Customize size, finish, or material to perfectly match your equipment and brand\u2019s needs.<\/p>\n<h3>Durable Protection for Every Journey<\/h3>\n<p>Made from high-quality materials, SX Ball Corners are built to withstand frequent use and impact, ensuring your equipment stays safe during transport.<\/p>\n<\/div>\n<\/div>\n<\/div>\n<\/div>\n<div class=\"mt-1 flex gap-3 empty:hidden -ml-2\">\n<div class=\"items-center justify-start rounded-xl p-1 flex\">\n<div class=\"flex items-center\"><\/div>\n<\/div>\n<\/div>\n","protected":false},"featured_media":4075,"comment_status":"open","ping_status":"closed","template":"","meta":[],"product_brand":[],"product_cat":[63],"product_tag":[],"class_list":{"0":"post-4099","1":"product","2":"type-product","3":"status-publish","4":"has-post-thumbnail","6":"product_cat-corners","8":"first","9":"instock","10":"shipping-taxable","11":"product-type-simple"},"yoast_head":"<!-- This site is optimized with the Yoast SEO Premium plugin v27.1 (Yoast SEO v27.2) - https:\/\/yoast.com\/product\/yoast-seo-premium-wordpress\/ -->\n<title>Ball Corners COA103 - https:\/\/sxflightcase.com \ud83d\udc97<\/title>\n<meta name=\"description\" content=\"Ball corners, factory direct! High-quality protection for flight case edges, preventing damage during transport. Durable and reliable for long-lasting equipment safety.\" \/>\n<meta name=\"robots\" content=\"index, follow, max-snippet:-1, max-image-preview:large, max-video-preview:-1\" \/>\n<link rel=\"canonical\" href=\"https:\/\/sxflightcase.com\/tr\/produkt\/ballecken-coa103-2\/\" \/>\n<meta property=\"og:locale\" content=\"tr_TR\" \/>\n<meta property=\"og:type\" content=\"article\" \/>\n<meta property=\"og:title\" content=\"Ball Corners COA103\" \/>\n<meta property=\"og:description\" content=\"Ball corners, factory direct! High-quality protection for flight case edges, preventing damage during transport. Durable and reliable for long-lasting equipment safety.\" \/>\n<meta property=\"og:url\" content=\"https:\/\/sxflightcase.com\/tr\/produkt\/ballecken-coa103-2\/\" \/>\n<meta property=\"og:site_name\" content=\"https:\/\/sxflightcase.com\" \/>\n<meta property=\"article:publisher\" content=\"https:\/\/www.facebook.com\/profile.php?id=61560407257971\" \/>\n<meta property=\"article:modified_time\" content=\"2024-08-13T07:16:19+00:00\" \/>\n<meta property=\"og:image\" content=\"https:\/\/sxflightcase.com\/wp-content\/uploads\/2024\/08\/COA103.jpg\" \/>\n\t<meta property=\"og:image:width\" content=\"650\" \/>\n\t<meta property=\"og:image:height\" content=\"625\" \/>\n\t<meta property=\"og:image:type\" content=\"image\/jpeg\" \/>\n<meta name=\"twitter:card\" content=\"summary_large_image\" \/>\n<meta name=\"twitter:label1\" content=\"Tahmini okuma s\u00fcresi\" \/>\n\t<meta name=\"twitter:data1\" content=\"3 dakika\" \/>\n<script type=\"application\/ld+json\" class=\"yoast-schema-graph\">{\"@context\":\"https:\/\/schema.org\",\"@graph\":[{\"@type\":\"WebPage\",\"@id\":\"https:\/\/sxflightcase.com\/de\/produkt\/ballecken-coa103-2\/\",\"url\":\"https:\/\/sxflightcase.com\/de\/produkt\/ballecken-coa103-2\/\",\"name\":\"Ball Corners COA103 - https:\/\/sxflightcase.com \ud83d\udc97\",\"isPartOf\":{\"@id\":\"https:\/\/sxflightcase.com\/th\/#website\"},\"primaryImageOfPage\":{\"@id\":\"https:\/\/sxflightcase.com\/de\/produkt\/ballecken-coa103-2\/#primaryimage\"},\"image\":{\"@id\":\"https:\/\/sxflightcase.com\/de\/produkt\/ballecken-coa103-2\/#primaryimage\"},\"thumbnailUrl\":\"https:\/\/sxflightcase.com\/wp-content\/uploads\/2024\/08\/COA103.jpg\",\"datePublished\":\"2024-08-13T07:16:18+00:00\",\"dateModified\":\"2024-08-13T07:16:19+00:00\",\"description\":\"Ball corners, factory direct! High-quality protection for flight case edges, preventing damage during transport. Durable and reliable for long-lasting equipment safety.\",\"breadcrumb\":{\"@id\":\"https:\/\/sxflightcase.com\/de\/produkt\/ballecken-coa103-2\/#breadcrumb\"},\"inLanguage\":\"tr\",\"potentialAction\":[{\"@type\":\"ReadAction\",\"target\":[\"https:\/\/sxflightcase.com\/de\/produkt\/ballecken-coa103-2\/\"]}]},{\"@type\":\"ImageObject\",\"inLanguage\":\"tr\",\"@id\":\"https:\/\/sxflightcase.com\/de\/produkt\/ballecken-coa103-2\/#primaryimage\",\"url\":\"https:\/\/sxflightcase.com\/wp-content\/uploads\/2024\/08\/COA103.jpg\",\"contentUrl\":\"https:\/\/sxflightcase.com\/wp-content\/uploads\/2024\/08\/COA103.jpg\",\"width\":650,\"height\":625,\"caption\":\"Ball Corners\"},{\"@type\":\"BreadcrumbList\",\"@id\":\"https:\/\/sxflightcase.com\/de\/produkt\/ballecken-coa103-2\/#breadcrumb\",\"itemListElement\":[{\"@type\":\"ListItem\",\"position\":1,\"name\":\"Home\",\"item\":\"https:\/\/sxflightcase.com\/\"},{\"@type\":\"ListItem\",\"position\":2,\"name\":\"\u0e2a\u0e34\u0e19\u0e04\u0e49\u0e32\",\"item\":\"https:\/\/sxflightcase.com\/th\/shop\/\"},{\"@type\":\"ListItem\",\"position\":3,\"name\":\"Ball Corners COA103\"}]},{\"@type\":\"WebSite\",\"@id\":\"https:\/\/sxflightcase.com\/th\/#website\",\"url\":\"https:\/\/sxflightcase.com\/th\/\",\"name\":\"sxpowercase.com\",\"description\":\"Flight Case Factory\",\"publisher\":{\"@id\":\"https:\/\/sxflightcase.com\/th\/#organization\"},\"potentialAction\":[{\"@type\":\"SearchAction\",\"target\":{\"@type\":\"EntryPoint\",\"urlTemplate\":\"https:\/\/sxflightcase.com\/th\/?s={search_term_string}\"},\"query-input\":{\"@type\":\"PropertyValueSpecification\",\"valueRequired\":true,\"valueName\":\"search_term_string\"}}],\"inLanguage\":\"tr\"},{\"@type\":\"Organization\",\"@id\":\"https:\/\/sxflightcase.com\/th\/#organization\",\"name\":\"sxpowercase.com\",\"url\":\"https:\/\/sxflightcase.com\/th\/\",\"logo\":{\"@type\":\"ImageObject\",\"inLanguage\":\"tr\",\"@id\":\"https:\/\/sxflightcase.com\/th\/#\/schema\/logo\/image\/\",\"url\":\"https:\/\/sxflightcase.com\/wp-content\/uploads\/2024\/04\/1713919036007.jpg\",\"contentUrl\":\"https:\/\/sxflightcase.com\/wp-content\/uploads\/2024\/04\/1713919036007.jpg\",\"width\":382,\"height\":388,\"caption\":\"sxpowercase.com\"},\"image\":{\"@id\":\"https:\/\/sxflightcase.com\/th\/#\/schema\/logo\/image\/\"},\"sameAs\":[\"https:\/\/www.facebook.com\/profile.php?id=61560407257971\"],\"numberOfEmployees\":{\"@type\":\"QuantitativeValue\",\"minValue\":\"11\",\"maxValue\":\"50\"}}]}<\/script>\n<!-- \/ Yoast SEO Premium plugin. -->","yoast_head_json":{"title":"Ball Corners COA103 - https:\/\/sxflightcase.com \ud83d\udc97","description":"Bilyal\u0131 k\u00f6\u015feler, do\u011frudan fabrikada! U\u00e7u\u015f kasas\u0131 kenarlar\u0131 i\u00e7in y\u00fcksek kaliteli koruma, ta\u015f\u0131ma s\u0131ras\u0131nda hasar\u0131 \u00f6nler. Uzun \u00f6m\u00fcrl\u00fc ekipman g\u00fcvenli\u011fi i\u00e7in dayan\u0131kl\u0131 ve g\u00fcvenilir.","robots":{"index":"index","follow":"follow","max-snippet":"max-snippet:-1","max-image-preview":"max-image-preview:large","max-video-preview":"max-video-preview:-1"},"canonical":"https:\/\/sxflightcase.com\/tr\/produkt\/ballecken-coa103-2\/","og_locale":"tr_TR","og_type":"article","og_title":"Ball Corners COA103","og_description":"Ball corners, factory direct! High-quality protection for flight case edges, preventing damage during transport. Durable and reliable for long-lasting equipment safety.","og_url":"https:\/\/sxflightcase.com\/tr\/produkt\/ballecken-coa103-2\/","og_site_name":"https:\/\/sxflightcase.com","article_publisher":"https:\/\/www.facebook.com\/profile.php?id=61560407257971","article_modified_time":"2024-08-13T07:16:19+00:00","og_image":[{"width":650,"height":625,"url":"https:\/\/sxflightcase.com\/wp-content\/uploads\/2024\/08\/COA103.jpg","type":"image\/jpeg"}],"twitter_card":"summary_large_image","twitter_misc":{"Tahmini okuma s\u00fcresi":"3 dakika"},"schema":{"@context":"https:\/\/schema.org","@graph":[{"@type":"WebPage","@id":"https:\/\/sxflightcase.com\/de\/produkt\/ballecken-coa103-2\/","url":"https:\/\/sxflightcase.com\/de\/produkt\/ballecken-coa103-2\/","name":"Ball Corners COA103 - https:\/\/sxflightcase.com \ud83d\udc97","isPartOf":{"@id":"https:\/\/sxflightcase.com\/th\/#website"},"primaryImageOfPage":{"@id":"https:\/\/sxflightcase.com\/de\/produkt\/ballecken-coa103-2\/#primaryimage"},"image":{"@id":"https:\/\/sxflightcase.com\/de\/produkt\/ballecken-coa103-2\/#primaryimage"},"thumbnailUrl":"https:\/\/sxflightcase.com\/wp-content\/uploads\/2024\/08\/COA103.jpg","datePublished":"2024-08-13T07:16:18+00:00","dateModified":"2024-08-13T07:16:19+00:00","description":"Bilyal\u0131 k\u00f6\u015feler, do\u011frudan fabrikada! U\u00e7u\u015f kasas\u0131 kenarlar\u0131 i\u00e7in y\u00fcksek kaliteli koruma, ta\u015f\u0131ma s\u0131ras\u0131nda hasar\u0131 \u00f6nler. Uzun \u00f6m\u00fcrl\u00fc ekipman g\u00fcvenli\u011fi i\u00e7in dayan\u0131kl\u0131 ve g\u00fcvenilir.","breadcrumb":{"@id":"https:\/\/sxflightcase.com\/de\/produkt\/ballecken-coa103-2\/#breadcrumb"},"inLanguage":"tr","potentialAction":[{"@type":"ReadAction","target":["https:\/\/sxflightcase.com\/de\/produkt\/ballecken-coa103-2\/"]}]},{"@type":"ImageObject","inLanguage":"tr","@id":"https:\/\/sxflightcase.com\/de\/produkt\/ballecken-coa103-2\/#primaryimage","url":"https:\/\/sxflightcase.com\/wp-content\/uploads\/2024\/08\/COA103.jpg","contentUrl":"https:\/\/sxflightcase.com\/wp-content\/uploads\/2024\/08\/COA103.jpg","width":650,"height":625,"caption":"Ball Corners"},{"@type":"BreadcrumbList","@id":"https:\/\/sxflightcase.com\/de\/produkt\/ballecken-coa103-2\/#breadcrumb","itemListElement":[{"@type":"ListItem","position":1,"name":"Home","item":"https:\/\/sxflightcase.com\/"},{"@type":"ListItem","position":2,"name":"\u0e2a\u0e34\u0e19\u0e04\u0e49\u0e32","item":"https:\/\/sxflightcase.com\/th\/shop\/"},{"@type":"ListItem","position":3,"name":"Ball Corners COA103"}]},{"@type":"WebSite","@id":"https:\/\/sxflightcase.com\/th\/#website","url":"https:\/\/sxflightcase.com\/th\/","name":"sxpowercase.com","description":"U\u00e7u\u015f \u00c7antas\u0131 Fabrikas\u0131","publisher":{"@id":"https:\/\/sxflightcase.com\/th\/#organization"},"potentialAction":[{"@type":"SearchAction","target":{"@type":"EntryPoint","urlTemplate":"https:\/\/sxflightcase.com\/th\/?s={search_term_string}"},"query-input":{"@type":"PropertyValueSpecification","valueRequired":true,"valueName":"search_term_string"}}],"inLanguage":"tr"},{"@type":"Organization","@id":"https:\/\/sxflightcase.com\/th\/#organization","name":"sxpowercase.com","url":"https:\/\/sxflightcase.com\/th\/","logo":{"@type":"ImageObject","inLanguage":"tr","@id":"https:\/\/sxflightcase.com\/th\/#\/schema\/logo\/image\/","url":"https:\/\/sxflightcase.com\/wp-content\/uploads\/2024\/04\/1713919036007.jpg","contentUrl":"https:\/\/sxflightcase.com\/wp-content\/uploads\/2024\/04\/1713919036007.jpg","width":382,"height":388,"caption":"sxpowercase.com"},"image":{"@id":"https:\/\/sxflightcase.com\/th\/#\/schema\/logo\/image\/"},"sameAs":["https:\/\/www.facebook.com\/profile.php?id=61560407257971"],"numberOfEmployees":{"@type":"QuantitativeValue","minValue":"11","maxValue":"50"}}]}},"_links":{"self":[{"href":"https:\/\/sxflightcase.com\/tr\/wp-json\/wp\/v2\/product\/4099","targetHints":{"allow":["GET"]}}],"collection":[{"href":"https:\/\/sxflightcase.com\/tr\/wp-json\/wp\/v2\/product"}],"about":[{"href":"https:\/\/sxflightcase.com\/tr\/wp-json\/wp\/v2\/types\/product"}],"replies":[{"embeddable":true,"href":"https:\/\/sxflightcase.com\/tr\/wp-json\/wp\/v2\/comments?post=4099"}],"version-history":[{"count":0,"href":"https:\/\/sxflightcase.com\/tr\/wp-json\/wp\/v2\/product\/4099\/revisions"}],"wp:featuredmedia":[{"embeddable":true,"href":"https:\/\/sxflightcase.com\/tr\/wp-json\/wp\/v2\/media\/4075"}],"wp:attachment":[{"href":"https:\/\/sxflightcase.com\/tr\/wp-json\/wp\/v2\/media?parent=4099"}],"wp:term":[{"taxonomy":"product_brand","embeddable":true,"href":"https:\/\/sxflightcase.com\/tr\/wp-json\/wp\/v2\/product_brand?post=4099"},{"taxonomy":"product_cat","embeddable":true,"href":"https:\/\/sxflightcase.com\/tr\/wp-json\/wp\/v2\/product_cat?post=4099"},{"taxonomy":"product_tag","embeddable":true,"href":"https:\/\/sxflightcase.com\/tr\/wp-json\/wp\/v2\/product_tag?post=4099"}],"curies":[{"name":"wp","href":"https:\/\/api.w.org\/{rel}","templated":true}]}}