{"id":4100,"date":"2024-08-13T08:18:35","date_gmt":"2024-08-13T07:18:35","guid":{"rendered":"https:\/\/sxpowercase.com\/?post_type=product&#038;p=4100"},"modified":"2024-08-13T08:18:36","modified_gmt":"2024-08-13T07:18:36","slug":"ball-corners-coa104","status":"publish","type":"product","link":"https:\/\/sxflightcase.com\/tr\/urun\/top-koseleri\u0307-coa104-2\/","title":{"rendered":"Top K\u00f6\u015feleri COA104"},"content":{"rendered":"<h3>SX Bilyal\u0131 K\u00f6\u015feler: K\u0131l\u0131flar\u0131n\u0131z i\u00e7in G\u00fcvenilir Koruma<\/h3>\n<h4>Fabrika Do\u011frudan Fiyatlar\u0131yla Y\u00fcksek Kaliteli Koruma<\/h4>\n<p>Ekipman\u0131n\u0131z\u0131 korumak s\u00f6z konusu oldu\u011funda, SX <strong>Top K\u00f6\u015feleri<\/strong> dayan\u0131kl\u0131l\u0131k ve g\u00fcvenilirlik sa\u011flamak i\u00e7in m\u00fckemmel bir se\u00e7imdir. Bu temel bile\u015fenleri fabrikadan do\u011frudan fiyatlarla sunarak ekipman\u0131n\u0131z\u0131 fazla harcama yapmadan koruman\u0131za olanak tan\u0131yoruz. SX, t\u00fcm k\u0131l\u0131f koruma ihtiya\u00e7lar\u0131n\u0131z i\u00e7in y\u00fcksek kaliteli, uygun maliyetli \u00e7\u00f6z\u00fcmler sunmay\u0131 taahh\u00fct eder.<\/p>\n<h4>G\u00fcvenebilece\u011finiz Dayan\u0131kl\u0131l\u0131k<\/h4>\n<p><a href=\"https:\/\/sxpowercase.com\/\" target=\"_blank\" rel=\"noopener\" title=\"SX\" data-wpil-monitor-id=\"657\">SX<\/a> <strong>Top K\u00f6\u015feleri<\/strong> ta\u015f\u0131ma ve elle\u00e7lemenin zorluklar\u0131na dayanacak \u015fekilde tasarlanm\u0131\u015ft\u0131r. \u00c7antalar\u0131n\u0131z ister yolda ister depoda olsun, bilyeli k\u00f6\u015felerimiz darbeleri emecek ve hasar\u0131 \u00f6nleyecek \u015fekilde tasarlanm\u0131\u015ft\u0131r. SX, kasalar\u0131n\u0131z\u0131n k\u00f6\u015felerini g\u00fc\u00e7lendirerek kullan\u0131m \u00f6m\u00fcrlerinin uzamas\u0131na yard\u0131mc\u0131 olur ve yat\u0131r\u0131m\u0131n\u0131z\u0131n iyi korunmas\u0131n\u0131 sa\u011flar.<\/p>\n<h4>\u00c7ok \u00c7e\u015fitli Vakalar i\u00e7in \u0130deal<\/h4>\n<p>Bizim <strong>Top K\u00f6\u015feleri<\/strong> \u00e7ok y\u00f6nl\u00fcd\u00fcr ve u\u00e7u\u015f kasalar\u0131, yol kasalar\u0131 ve ekipman kasalar\u0131 dahil olmak \u00fczere \u00e7e\u015fitli kasa t\u00fcrlerinde kullan\u0131labilir. Kolay kurulum i\u00e7in tasarlanm\u0131\u015flard\u0131r ve \u00e7antalar\u0131n\u0131z\u0131n dayan\u0131kl\u0131l\u0131\u011f\u0131n\u0131 ve g\u00f6r\u00fcn\u00fcm\u00fcn\u00fc h\u0131zla geli\u015ftirmenize olanak tan\u0131rlar. SX ile, nereye giderse gitsin ekipman\u0131n\u0131z\u0131n korundu\u011fundan emin olabilirsiniz.<\/p>\n<h4>Benzersiz \u0130htiya\u00e7lar i\u00e7in \u00d6zel \u00c7\u00f6z\u00fcmler<\/h4>\n<p>SX olarak, farkl\u0131 vakalar\u0131n farkl\u0131 gereksinimleri oldu\u011funun fark\u0131nday\u0131z. Bu nedenle, \u00fcr\u00fcnlerimiz i\u00e7in \u00f6zelle\u015ftirme se\u00e7enekleri sunuyoruz. <strong>Top K\u00f6\u015feleri<\/strong>. \u0130ster belirli bir boyuta, malzemeye veya kaplamaya ihtiyac\u0131n\u0131z olsun, SX ihtiya\u00e7lar\u0131n\u0131z\u0131 kar\u015f\u0131lamak i\u00e7in m\u00fckemmel \u00e7\u00f6z\u00fcm\u00fc sa\u011flayabilir. \u00d6zel se\u00e7eneklerimiz, k\u0131l\u0131flar\u0131n\u0131z\u0131n yaln\u0131zca korunmas\u0131n\u0131 de\u011fil, ayn\u0131 zamanda \u00f6zel estetik tercihlerinize de uymas\u0131n\u0131 sa\u011flar.<\/p>\n<h4>Uzun \u00d6m\u00fcrl\u00fc Olmak \u0130\u00e7in \u00dcretildi<\/h4>\n<p>En kaliteli malzemelerden \u00fcretilen SX <strong>Top K\u00f6\u015feleri<\/strong> uzun \u00f6m\u00fcrl\u00fc olacak \u015fekilde \u00fcretilmi\u015ftir. G\u00fc\u00e7 ve dayan\u0131kl\u0131l\u0131k konusundaki y\u00fcksek standartlar\u0131m\u0131z\u0131 kar\u015f\u0131lad\u0131\u011f\u0131ndan emin olmak i\u00e7in her \u00fcr\u00fcn\u00fc titizlikle test ediyoruz. SX'i se\u00e7ti\u011finizde, s\u0131k kullan\u0131m taleplerine dayanacak ve k\u0131l\u0131flar\u0131n\u0131z i\u00e7in kal\u0131c\u0131 koruma sa\u011flayacak bir \u00fcr\u00fcn se\u00e7mi\u015f olursunuz.<\/p>\n<h4>Uygun fiyatl\u0131 ve g\u00fcvenilir<\/h4>\n<p>SX teklifleri <strong>Top K\u00f6\u015feleri<\/strong> rekabet\u00e7i fiyatlarla, do\u011frudan fabrikam\u0131zdan size. Arac\u0131lar\u0131 ortadan kald\u0131rarak, en y\u00fcksek kalite standartlar\u0131n\u0131 korurken maliyetleri d\u00fc\u015f\u00fck tutabiliyoruz. Bu da paran\u0131z\u0131n kar\u015f\u0131l\u0131\u011f\u0131n\u0131 en iyi \u015fekilde alaca\u011f\u0131n\u0131z ve kasalar\u0131n\u0131z\u0131 masraf yapmadan koruyaca\u011f\u0131n\u0131z anlam\u0131na geliyor.<\/p>\n<h4>Bug\u00fcn SX ile \u0130leti\u015fime Ge\u00e7in<\/h4>\n<p>K\u0131l\u0131flar\u0131n\u0131z\u0131n korumas\u0131n\u0131 dayan\u0131kl\u0131 ve uygun fiyatl\u0131 \u00fcr\u00fcnlerle art\u0131rmak istiyorsan\u0131z <strong>Top K\u00f6\u015feleri<\/strong>SX sizi koruyor. \u00dcr\u00fcn tekliflerimiz, \u00f6zelle\u015ftirme se\u00e7eneklerimiz hakk\u0131nda daha fazla bilgi edinmek ve sipari\u015finizi vermek i\u00e7in bizimle ileti\u015fime ge\u00e7in. SX ile ekipman\u0131n\u0131z\u0131n emin ellerde oldu\u011funa ve uzun s\u00fcre dayanacak \u015fekilde tasarlanm\u0131\u015f y\u00fcksek kaliteli bile\u015fenlerle korundu\u011funa g\u00fcvenebilirsiniz.<\/p>\n<p>Hemen \u0130leti\u015fime Ge\u00e7in:<span style=\"color: #0000ff;\"><a style=\"color: #0000ff;\" href=\"https:\/\/sxpowercase.com\/contact-us\/\">https:\/\/sxpowercase.com\/<\/a><\/span><\/p>\n<p>Donan\u0131m \u00dcr\u00fcn Katalo\u011fu\uff1a<span style=\"color: #3366ff;\"><a style=\"color: #3366ff;\" href=\"https:\/\/sxpowercase.com\/wp-content\/uploads\/2024\/07\/\u4e94\u91d1.pdf\">Donan\u0131m aksesuarlar\u0131 katalo\u011fu<\/a><\/span><\/p>","protected":false},"excerpt":{"rendered":"<div class=\"flex max-w-full flex-col flex-grow\">\n<div class=\"min-h-[20px] text-message flex w-full flex-col items-end gap-2 whitespace-pre-wrap break-words [.text-message+&amp;]:mt-5 overflow-x-auto\" dir=\"auto\" data-message-author-role=\"assistant\" data-message-id=\"1774b494-5ec3-4508-82fb-a8a2af9f1cd3\">\n<div class=\"flex w-full flex-col gap-1 empty:hidden first:pt-[3px]\">\n<div class=\"markdown prose w-full break-words dark:prose-invert light\">\n<h3>SX Ball Corners: Affordable, Factory-Direct Protection<\/h3>\n<p>Get robust protection for your cases with SX Ball Corners. Enjoy high-quality products at factory-direct prices, ensuring top value without extra costs.<\/p>\n<h3>Customizable Ball Corners for All Cases<\/h3>\n<p>SX offers versatile Ball Corners designed to fit any case type. Customize size, finish, or material to perfectly match your equipment and brand\u2019s needs.<\/p>\n<h3>Durable Protection for Every Journey<\/h3>\n<p>Made from high-quality materials, SX Ball Corners are built to withstand frequent use and impact, ensuring your equipment stays safe during transport.<\/p>\n<\/div>\n<\/div>\n<\/div>\n<\/div>\n<div class=\"mt-1 flex gap-3 empty:hidden -ml-2\">\n<div class=\"items-center justify-start rounded-xl p-1 flex\">\n<div class=\"flex items-center\"><\/div>\n<\/div>\n<\/div>\n","protected":false},"featured_media":4076,"comment_status":"open","ping_status":"closed","template":"","meta":[],"product_brand":[],"product_cat":[63],"product_tag":[],"class_list":{"0":"post-4100","1":"product","2":"type-product","3":"status-publish","4":"has-post-thumbnail","6":"product_cat-corners","8":"first","9":"instock","10":"shipping-taxable","11":"product-type-simple"},"yoast_head":"<!-- This site is optimized with the Yoast SEO Premium plugin v27.1 (Yoast SEO v27.2) - https:\/\/yoast.com\/product\/yoast-seo-premium-wordpress\/ -->\n<title>Ball Corners COA104 - https:\/\/sxflightcase.com \ud83d\udc97<\/title>\n<meta name=\"description\" content=\"Ball corners, factory direct! High-quality protection for flight case edges, preventing damage during transport. Durable and reliable for long-lasting equipment safety.\" \/>\n<meta name=\"robots\" content=\"index, follow, max-snippet:-1, max-image-preview:large, max-video-preview:-1\" \/>\n<link rel=\"canonical\" href=\"https:\/\/sxflightcase.com\/tr\/\u0e1c\u0e25\u0e34\u0e15\u0e20\u0e31\u0e13\u0e11\u0e4c\/ball-corners-coa104\/\" \/>\n<meta property=\"og:locale\" content=\"tr_TR\" \/>\n<meta property=\"og:type\" content=\"article\" \/>\n<meta property=\"og:title\" content=\"Ball Corners COA104\" \/>\n<meta property=\"og:description\" content=\"Ball corners, factory direct! High-quality protection for flight case edges, preventing damage during transport. Durable and reliable for long-lasting equipment safety.\" \/>\n<meta property=\"og:url\" content=\"https:\/\/sxflightcase.com\/tr\/\u0e1c\u0e25\u0e34\u0e15\u0e20\u0e31\u0e13\u0e11\u0e4c\/ball-corners-coa104\/\" \/>\n<meta property=\"og:site_name\" content=\"https:\/\/sxflightcase.com\" \/>\n<meta property=\"article:publisher\" content=\"https:\/\/www.facebook.com\/profile.php?id=61560407257971\" \/>\n<meta property=\"article:modified_time\" content=\"2024-08-13T07:18:36+00:00\" \/>\n<meta property=\"og:image\" content=\"https:\/\/sxflightcase.com\/wp-content\/uploads\/2024\/08\/COA104.jpg\" \/>\n\t<meta property=\"og:image:width\" content=\"520\" \/>\n\t<meta property=\"og:image:height\" content=\"520\" \/>\n\t<meta property=\"og:image:type\" content=\"image\/jpeg\" \/>\n<meta name=\"twitter:card\" content=\"summary_large_image\" \/>\n<meta name=\"twitter:label1\" content=\"Tahmini okuma s\u00fcresi\" \/>\n\t<meta name=\"twitter:data1\" content=\"3 dakika\" \/>\n<script type=\"application\/ld+json\" class=\"yoast-schema-graph\">{\"@context\":\"https:\/\/schema.org\",\"@graph\":[{\"@type\":\"WebPage\",\"@id\":\"https:\/\/sxflightcase.com\/th\/\u0e1c\u0e25\u0e34\u0e15\u0e20\u0e31\u0e13\u0e11\u0e4c\/ball-corners-coa104\/\",\"url\":\"https:\/\/sxflightcase.com\/th\/\u0e1c\u0e25\u0e34\u0e15\u0e20\u0e31\u0e13\u0e11\u0e4c\/ball-corners-coa104\/\",\"name\":\"Ball Corners COA104 - https:\/\/sxflightcase.com \ud83d\udc97\",\"isPartOf\":{\"@id\":\"https:\/\/sxflightcase.com\/th\/#website\"},\"primaryImageOfPage\":{\"@id\":\"https:\/\/sxflightcase.com\/th\/\u0e1c\u0e25\u0e34\u0e15\u0e20\u0e31\u0e13\u0e11\u0e4c\/ball-corners-coa104\/#primaryimage\"},\"image\":{\"@id\":\"https:\/\/sxflightcase.com\/th\/\u0e1c\u0e25\u0e34\u0e15\u0e20\u0e31\u0e13\u0e11\u0e4c\/ball-corners-coa104\/#primaryimage\"},\"thumbnailUrl\":\"https:\/\/sxflightcase.com\/wp-content\/uploads\/2024\/08\/COA104.jpg\",\"datePublished\":\"2024-08-13T07:18:35+00:00\",\"dateModified\":\"2024-08-13T07:18:36+00:00\",\"description\":\"Ball corners, factory direct! High-quality protection for flight case edges, preventing damage during transport. Durable and reliable for long-lasting equipment safety.\",\"breadcrumb\":{\"@id\":\"https:\/\/sxflightcase.com\/th\/\u0e1c\u0e25\u0e34\u0e15\u0e20\u0e31\u0e13\u0e11\u0e4c\/ball-corners-coa104\/#breadcrumb\"},\"inLanguage\":\"tr\",\"potentialAction\":[{\"@type\":\"ReadAction\",\"target\":[\"https:\/\/sxflightcase.com\/th\/\u0e1c\u0e25\u0e34\u0e15\u0e20\u0e31\u0e13\u0e11\u0e4c\/ball-corners-coa104\/\"]}]},{\"@type\":\"ImageObject\",\"inLanguage\":\"tr\",\"@id\":\"https:\/\/sxflightcase.com\/th\/\u0e1c\u0e25\u0e34\u0e15\u0e20\u0e31\u0e13\u0e11\u0e4c\/ball-corners-coa104\/#primaryimage\",\"url\":\"https:\/\/sxflightcase.com\/wp-content\/uploads\/2024\/08\/COA104.jpg\",\"contentUrl\":\"https:\/\/sxflightcase.com\/wp-content\/uploads\/2024\/08\/COA104.jpg\",\"width\":520,\"height\":520,\"caption\":\"Ball Corners\"},{\"@type\":\"BreadcrumbList\",\"@id\":\"https:\/\/sxflightcase.com\/th\/\u0e1c\u0e25\u0e34\u0e15\u0e20\u0e31\u0e13\u0e11\u0e4c\/ball-corners-coa104\/#breadcrumb\",\"itemListElement\":[{\"@type\":\"ListItem\",\"position\":1,\"name\":\"Home\",\"item\":\"https:\/\/sxflightcase.com\/\"},{\"@type\":\"ListItem\",\"position\":2,\"name\":\"\u0e2a\u0e34\u0e19\u0e04\u0e49\u0e32\",\"item\":\"https:\/\/sxflightcase.com\/th\/shop\/\"},{\"@type\":\"ListItem\",\"position\":3,\"name\":\"Ball Corners COA104\"}]},{\"@type\":\"WebSite\",\"@id\":\"https:\/\/sxflightcase.com\/th\/#website\",\"url\":\"https:\/\/sxflightcase.com\/th\/\",\"name\":\"sxpowercase.com\",\"description\":\"Flight Case Factory\",\"publisher\":{\"@id\":\"https:\/\/sxflightcase.com\/th\/#organization\"},\"potentialAction\":[{\"@type\":\"SearchAction\",\"target\":{\"@type\":\"EntryPoint\",\"urlTemplate\":\"https:\/\/sxflightcase.com\/th\/?s={search_term_string}\"},\"query-input\":{\"@type\":\"PropertyValueSpecification\",\"valueRequired\":true,\"valueName\":\"search_term_string\"}}],\"inLanguage\":\"tr\"},{\"@type\":\"Organization\",\"@id\":\"https:\/\/sxflightcase.com\/th\/#organization\",\"name\":\"sxpowercase.com\",\"url\":\"https:\/\/sxflightcase.com\/th\/\",\"logo\":{\"@type\":\"ImageObject\",\"inLanguage\":\"tr\",\"@id\":\"https:\/\/sxflightcase.com\/th\/#\/schema\/logo\/image\/\",\"url\":\"https:\/\/sxflightcase.com\/wp-content\/uploads\/2024\/04\/1713919036007.jpg\",\"contentUrl\":\"https:\/\/sxflightcase.com\/wp-content\/uploads\/2024\/04\/1713919036007.jpg\",\"width\":382,\"height\":388,\"caption\":\"sxpowercase.com\"},\"image\":{\"@id\":\"https:\/\/sxflightcase.com\/th\/#\/schema\/logo\/image\/\"},\"sameAs\":[\"https:\/\/www.facebook.com\/profile.php?id=61560407257971\"],\"numberOfEmployees\":{\"@type\":\"QuantitativeValue\",\"minValue\":\"11\",\"maxValue\":\"50\"}}]}<\/script>\n<!-- \/ Yoast SEO Premium plugin. -->","yoast_head_json":{"title":"Ball Corners COA104 - https:\/\/sxflightcase.com \ud83d\udc97","description":"Bilyal\u0131 k\u00f6\u015feler, do\u011frudan fabrikada! U\u00e7u\u015f kasas\u0131 kenarlar\u0131 i\u00e7in y\u00fcksek kaliteli koruma, ta\u015f\u0131ma s\u0131ras\u0131nda hasar\u0131 \u00f6nler. Uzun \u00f6m\u00fcrl\u00fc ekipman g\u00fcvenli\u011fi i\u00e7in dayan\u0131kl\u0131 ve g\u00fcvenilir.","robots":{"index":"index","follow":"follow","max-snippet":"max-snippet:-1","max-image-preview":"max-image-preview:large","max-video-preview":"max-video-preview:-1"},"canonical":"https:\/\/sxflightcase.com\/tr\/\u0e1c\u0e25\u0e34\u0e15\u0e20\u0e31\u0e13\u0e11\u0e4c\/ball-corners-coa104\/","og_locale":"tr_TR","og_type":"article","og_title":"Ball Corners COA104","og_description":"Ball corners, factory direct! High-quality protection for flight case edges, preventing damage during transport. Durable and reliable for long-lasting equipment safety.","og_url":"https:\/\/sxflightcase.com\/tr\/\u0e1c\u0e25\u0e34\u0e15\u0e20\u0e31\u0e13\u0e11\u0e4c\/ball-corners-coa104\/","og_site_name":"https:\/\/sxflightcase.com","article_publisher":"https:\/\/www.facebook.com\/profile.php?id=61560407257971","article_modified_time":"2024-08-13T07:18:36+00:00","og_image":[{"width":520,"height":520,"url":"https:\/\/sxflightcase.com\/wp-content\/uploads\/2024\/08\/COA104.jpg","type":"image\/jpeg"}],"twitter_card":"summary_large_image","twitter_misc":{"Tahmini okuma s\u00fcresi":"3 dakika"},"schema":{"@context":"https:\/\/schema.org","@graph":[{"@type":"WebPage","@id":"https:\/\/sxflightcase.com\/th\/\u0e1c\u0e25\u0e34\u0e15\u0e20\u0e31\u0e13\u0e11\u0e4c\/ball-corners-coa104\/","url":"https:\/\/sxflightcase.com\/th\/\u0e1c\u0e25\u0e34\u0e15\u0e20\u0e31\u0e13\u0e11\u0e4c\/ball-corners-coa104\/","name":"Ball Corners COA104 - https:\/\/sxflightcase.com \ud83d\udc97","isPartOf":{"@id":"https:\/\/sxflightcase.com\/th\/#website"},"primaryImageOfPage":{"@id":"https:\/\/sxflightcase.com\/th\/\u0e1c\u0e25\u0e34\u0e15\u0e20\u0e31\u0e13\u0e11\u0e4c\/ball-corners-coa104\/#primaryimage"},"image":{"@id":"https:\/\/sxflightcase.com\/th\/\u0e1c\u0e25\u0e34\u0e15\u0e20\u0e31\u0e13\u0e11\u0e4c\/ball-corners-coa104\/#primaryimage"},"thumbnailUrl":"https:\/\/sxflightcase.com\/wp-content\/uploads\/2024\/08\/COA104.jpg","datePublished":"2024-08-13T07:18:35+00:00","dateModified":"2024-08-13T07:18:36+00:00","description":"Bilyal\u0131 k\u00f6\u015feler, do\u011frudan fabrikada! U\u00e7u\u015f kasas\u0131 kenarlar\u0131 i\u00e7in y\u00fcksek kaliteli koruma, ta\u015f\u0131ma s\u0131ras\u0131nda hasar\u0131 \u00f6nler. Uzun \u00f6m\u00fcrl\u00fc ekipman g\u00fcvenli\u011fi i\u00e7in dayan\u0131kl\u0131 ve g\u00fcvenilir.","breadcrumb":{"@id":"https:\/\/sxflightcase.com\/th\/\u0e1c\u0e25\u0e34\u0e15\u0e20\u0e31\u0e13\u0e11\u0e4c\/ball-corners-coa104\/#breadcrumb"},"inLanguage":"tr","potentialAction":[{"@type":"ReadAction","target":["https:\/\/sxflightcase.com\/th\/\u0e1c\u0e25\u0e34\u0e15\u0e20\u0e31\u0e13\u0e11\u0e4c\/ball-corners-coa104\/"]}]},{"@type":"ImageObject","inLanguage":"tr","@id":"https:\/\/sxflightcase.com\/th\/\u0e1c\u0e25\u0e34\u0e15\u0e20\u0e31\u0e13\u0e11\u0e4c\/ball-corners-coa104\/#primaryimage","url":"https:\/\/sxflightcase.com\/wp-content\/uploads\/2024\/08\/COA104.jpg","contentUrl":"https:\/\/sxflightcase.com\/wp-content\/uploads\/2024\/08\/COA104.jpg","width":520,"height":520,"caption":"Ball Corners"},{"@type":"BreadcrumbList","@id":"https:\/\/sxflightcase.com\/th\/\u0e1c\u0e25\u0e34\u0e15\u0e20\u0e31\u0e13\u0e11\u0e4c\/ball-corners-coa104\/#breadcrumb","itemListElement":[{"@type":"ListItem","position":1,"name":"Home","item":"https:\/\/sxflightcase.com\/"},{"@type":"ListItem","position":2,"name":"\u0e2a\u0e34\u0e19\u0e04\u0e49\u0e32","item":"https:\/\/sxflightcase.com\/th\/shop\/"},{"@type":"ListItem","position":3,"name":"Ball Corners COA104"}]},{"@type":"WebSite","@id":"https:\/\/sxflightcase.com\/th\/#website","url":"https:\/\/sxflightcase.com\/th\/","name":"sxpowercase.com","description":"U\u00e7u\u015f \u00c7antas\u0131 Fabrikas\u0131","publisher":{"@id":"https:\/\/sxflightcase.com\/th\/#organization"},"potentialAction":[{"@type":"SearchAction","target":{"@type":"EntryPoint","urlTemplate":"https:\/\/sxflightcase.com\/th\/?s={search_term_string}"},"query-input":{"@type":"PropertyValueSpecification","valueRequired":true,"valueName":"search_term_string"}}],"inLanguage":"tr"},{"@type":"Organization","@id":"https:\/\/sxflightcase.com\/th\/#organization","name":"sxpowercase.com","url":"https:\/\/sxflightcase.com\/th\/","logo":{"@type":"ImageObject","inLanguage":"tr","@id":"https:\/\/sxflightcase.com\/th\/#\/schema\/logo\/image\/","url":"https:\/\/sxflightcase.com\/wp-content\/uploads\/2024\/04\/1713919036007.jpg","contentUrl":"https:\/\/sxflightcase.com\/wp-content\/uploads\/2024\/04\/1713919036007.jpg","width":382,"height":388,"caption":"sxpowercase.com"},"image":{"@id":"https:\/\/sxflightcase.com\/th\/#\/schema\/logo\/image\/"},"sameAs":["https:\/\/www.facebook.com\/profile.php?id=61560407257971"],"numberOfEmployees":{"@type":"QuantitativeValue","minValue":"11","maxValue":"50"}}]}},"_links":{"self":[{"href":"https:\/\/sxflightcase.com\/tr\/wp-json\/wp\/v2\/product\/4100","targetHints":{"allow":["GET"]}}],"collection":[{"href":"https:\/\/sxflightcase.com\/tr\/wp-json\/wp\/v2\/product"}],"about":[{"href":"https:\/\/sxflightcase.com\/tr\/wp-json\/wp\/v2\/types\/product"}],"replies":[{"embeddable":true,"href":"https:\/\/sxflightcase.com\/tr\/wp-json\/wp\/v2\/comments?post=4100"}],"version-history":[{"count":0,"href":"https:\/\/sxflightcase.com\/tr\/wp-json\/wp\/v2\/product\/4100\/revisions"}],"wp:featuredmedia":[{"embeddable":true,"href":"https:\/\/sxflightcase.com\/tr\/wp-json\/wp\/v2\/media\/4076"}],"wp:attachment":[{"href":"https:\/\/sxflightcase.com\/tr\/wp-json\/wp\/v2\/media?parent=4100"}],"wp:term":[{"taxonomy":"product_brand","embeddable":true,"href":"https:\/\/sxflightcase.com\/tr\/wp-json\/wp\/v2\/product_brand?post=4100"},{"taxonomy":"product_cat","embeddable":true,"href":"https:\/\/sxflightcase.com\/tr\/wp-json\/wp\/v2\/product_cat?post=4100"},{"taxonomy":"product_tag","embeddable":true,"href":"https:\/\/sxflightcase.com\/tr\/wp-json\/wp\/v2\/product_tag?post=4100"}],"curies":[{"name":"wp","href":"https:\/\/api.w.org\/{rel}","templated":true}]}}