{"id":4109,"date":"2024-08-14T09:10:09","date_gmt":"2024-08-14T08:10:09","guid":{"rendered":"https:\/\/sxpowercase.com\/?post_type=product&#038;p=4109"},"modified":"2024-08-14T09:10:09","modified_gmt":"2024-08-14T08:10:09","slug":"flight-case-ball-corner-coa105","status":"publish","type":"product","link":"https:\/\/sxflightcase.com\/tr\/urun\/ucus-cantasi-top-kosesi\u0307-coa105-2\/","title":{"rendered":"U\u00e7u\u015f \u00c7antas\u0131 Top K\u00f6\u015fesi COA105"},"content":{"rendered":"<h3>SX U\u00e7u\u015f \u00c7antas\u0131 Top K\u00f6\u015fesi: Ekipman\u0131n\u0131z\u0131 G\u00fcvenle Koruyun<\/h3>\n<h4>SX ile \u00dcst\u00fcn Koruma<\/h4>\n<p>De\u011ferli ekipmanlar\u0131n\u0131z\u0131 ta\u015f\u0131rken, u\u00e7u\u015f \u00e7antan\u0131z\u0131n dayan\u0131kl\u0131l\u0131\u011f\u0131 \u00e7ok \u00f6nemlidir. Bu y\u00fczden SX \u015funlar\u0131 sunar <strong>U\u00e7u\u015f \u00c7antas\u0131 Top K\u00f6\u015fesi<\/strong>\u00a0\u00fcst\u00fcn koruma sa\u011flamak \u00fczere tasarlanm\u0131\u015ft\u0131r. Bu temel bile\u015fenler, darbeleri emerek k\u0131l\u0131flar\u0131n\u0131z\u0131n kenarlar\u0131n\u0131 hasardan koruyacak \u015fekilde \u00fcretilmi\u015ftir. \u0130le <a href=\"https:\/\/sxpowercase.com\/\" target=\"_blank\" rel=\"noopener\" title=\"SX\" data-wpil-monitor-id=\"659\">SX<\/a>kalite ve g\u00fcvenilirli\u011fi fabrika \u00e7\u0131k\u0131\u015f fiyatlar\u0131yla elde edersiniz.<\/p>\n<h4>Uzun \u00d6m\u00fcrl\u00fc Olmak \u0130\u00e7in \u00dcretildi<\/h4>\n<p>Bizim <strong>U\u00e7u\u015f \u00c7antas\u0131 Top K\u00f6\u015feleri<\/strong> y\u00fcksek kaliteli malzemelerden \u00fcretilmi\u015ftir ve en zorlu ko\u015fullara dayanabilmelerini sa\u011flar. \u00c7antan\u0131z ister turda ister depoda olsun, SX bilyeli k\u00f6\u015feler ekipman\u0131n\u0131z\u0131 g\u00fcvende tutmak i\u00e7in gereken dayan\u0131kl\u0131l\u0131\u011f\u0131 sunar. Kalite g\u00fcvencesi \u00f6nceli\u011fimizdir ve her \u00fcr\u00fcn y\u00fcksek standartlar\u0131m\u0131z\u0131 kar\u015f\u0131lamak i\u00e7in titiz testlerden ge\u00e7irilir.<\/p>\n<h4>Kolay Kurulum, Maksimum Koruma<\/h4>\n<p>SX <strong>U\u00e7u\u015f \u00c7antas\u0131 Top K\u00f6\u015feleri<\/strong> h\u0131zl\u0131 ve kolay kurulum i\u00e7in tasarlanm\u0131\u015ft\u0131r. \u00c7ok \u00e7e\u015fitli u\u00e7u\u015f kasalar\u0131yla uyumludurlar, bu da onlar\u0131 \u00e7e\u015fitli uygulamalar i\u00e7in \u00e7ok y\u00f6nl\u00fc bir se\u00e7im haline getirir. Kasalar\u0131n\u0131z\u0131n k\u00f6\u015felerini g\u00fc\u00e7lendirerek, ekstra bir koruma katman\u0131 ekler ve ekipman\u0131n\u0131z\u0131n bozulmam\u0131\u015f durumda kalmas\u0131n\u0131 sa\u011flars\u0131n\u0131z.<\/p>\n<h4>Benzersiz \u0130htiya\u00e7lar\u0131n\u0131z i\u00e7in \u00d6zel \u00c7\u00f6z\u00fcmler<\/h4>\n<p>SX olarak her vakan\u0131n benzersiz oldu\u011funun fark\u0131nday\u0131z, bu nedenle vakalar\u0131m\u0131z i\u00e7in \u00f6zelle\u015ftirme se\u00e7enekleri sunuyoruz. <strong>U\u00e7u\u015f \u00c7antas\u0131 Top K\u00f6\u015feleri<\/strong>. \u0130ster belirli bir boyuta, kaplamaya veya malzemeye ihtiyac\u0131n\u0131z olsun, \u00fcr\u00fcnlerimizi tam gereksinimlerinizi kar\u015f\u0131layacak \u015fekilde uyarlayabiliriz. SX, kasalar\u0131n\u0131z\u0131 sadece korumakla kalmay\u0131p ayn\u0131 zamanda g\u00f6r\u00fcn\u00fcm\u00fcn\u00fc de iyile\u015ftiren \u00e7\u00f6z\u00fcmler sunmay\u0131 taahh\u00fct eder.<\/p>\n<h4>Fabrika Do\u011frudan Tasarruflar\u0131<\/h4>\n<p>SX'i se\u00e7erek fabrikadan direkt fiyatlardan yararlan\u0131rs\u0131n\u0131z, yani en y\u00fcksek kaliteyi elde edersiniz <strong>U\u00e7u\u015f \u00c7antas\u0131 Top K\u00f6\u015feleri<\/strong> zam yapmadan. Kaliteden \u00f6d\u00fcn vermeden uygun fiyatl\u0131 \u00e7\u00f6z\u00fcmler sunmaya inan\u0131yoruz. Bu yakla\u015f\u0131m, b\u00fct\u00e7enizi a\u015fmadan ekipman\u0131n\u0131z\u0131 koruyabilmenizi sa\u011flar.<\/p>\n<h4>Profesyoneller Taraf\u0131ndan G\u00fcvenilen<\/h4>\n<p>SX, g\u00fcvenilir ve dayan\u0131kl\u0131 kasa donan\u0131m\u0131 sunmas\u0131yla bilinen, sekt\u00f6rde g\u00fcvenilir bir isimdir. Bizim <strong>U\u00e7u\u015f \u00c7antas\u0131 Top K\u00f6\u015feleri<\/strong> en iyi koruma ve performans\u0131 talep eden profesyoneller taraf\u0131ndan tercih edilmektedir. SX'i se\u00e7ti\u011finizde, uzun s\u00fcre dayanacak \u015fekilde \u00fcretilmi\u015f bile\u015fenlere yat\u0131r\u0131m yapm\u0131\u015f olursunuz.<\/p>\n<h4>Bug\u00fcn Bize Ula\u015f\u0131n<\/h4>\n<p>U\u00e7u\u015f \u00e7antan\u0131z\u0131 dayan\u0131kl\u0131 ve uygun fiyatl\u0131 bir \u00fcr\u00fcnle y\u00fckseltmeye haz\u0131r olun <strong>U\u00e7u\u015f \u00c7antas\u0131 Top K\u00f6\u015feleri<\/strong>? \u00dcr\u00fcnlerimiz, \u00f6zelle\u015ftirme se\u00e7eneklerimiz hakk\u0131nda daha fazla bilgi edinmek ve sipari\u015finizi vermek i\u00e7in bug\u00fcn SX ile ileti\u015fime ge\u00e7in. SX ile, kalite ve m\u00fc\u015fteri memnuniyetine olan ba\u011fl\u0131l\u0131\u011f\u0131m\u0131z sayesinde ekipman\u0131n\u0131z\u0131n iyi korundu\u011funa g\u00fcvenebilirsiniz.<\/p>\n<p>Hemen \u0130leti\u015fime Ge\u00e7in:<span style=\"color: #0000ff;\"><a style=\"color: #0000ff;\" href=\"https:\/\/sxpowercase.com\/contact-us\/\">https:\/\/sxpowercase.com\/<\/a><\/span><\/p>\n<p>Donan\u0131m \u00dcr\u00fcn Katalo\u011fu\uff1a<span style=\"color: #3366ff;\"><a style=\"color: #3366ff;\" href=\"https:\/\/sxpowercase.com\/wp-content\/uploads\/2024\/07\/\u4e94\u91d1.pdf\">Donan\u0131m aksesuarlar\u0131 katalo\u011fu<\/a><\/span><\/p>","protected":false},"excerpt":{"rendered":"<h3>SX U\u00e7u\u015f \u00c7antas\u0131 Top K\u00f6\u015feleri: Fabrika Do\u011frudan Fiyatlar\u0131yla \u00dcst\u00fcn Koruma<\/h3>\n<p>Darbeleri emmek ve \u00e7antan\u0131z\u0131n kenarlar\u0131n\u0131 korumak i\u00e7in \u00fcretilen SX Flight Case Top K\u00f6\u015feleri ile ekipman\u0131n\u0131z\u0131n g\u00fcvende kalmas\u0131n\u0131 sa\u011flay\u0131n. B\u00fct\u00e7enizi sarsmadan en kaliteli koruman\u0131n keyfini \u00e7\u0131kar\u0131n.<\/p>\n<h3>Dayan\u0131kl\u0131 ve Kurulumu Kolay<\/h3>\n<p>SX Bilye K\u00f6\u015feleri, uzun s\u00fcreli dayan\u0131kl\u0131l\u0131k i\u00e7in y\u00fcksek kaliteli malzemelerden \u00fcretilmi\u015ftir. Kolay kurulumlar\u0131, onlar\u0131 herhangi bir u\u00e7u\u015f kasas\u0131n\u0131 g\u00fc\u00e7lendirmek i\u00e7in \u00e7ok y\u00f6nl\u00fc bir se\u00e7im haline getirir.<\/p>\n<h3>Her Durum i\u00e7in \u00d6zelle\u015ftirilebilir<\/h3>\n<p>SX, \u00f6zel ihtiya\u00e7lar\u0131n\u0131z\u0131 kar\u015f\u0131lamak i\u00e7in \u00f6zelle\u015ftirilebilir Top K\u00f6\u015feler sunarak u\u00e7u\u015f \u00e7antan\u0131z\u0131n hem korunmas\u0131n\u0131 hem de markan\u0131zla estetik olarak uyumlu olmas\u0131n\u0131 sa\u011flar.<\/p>","protected":false},"featured_media":4077,"comment_status":"open","ping_status":"closed","template":"","meta":[],"product_brand":[],"product_cat":[63],"product_tag":[],"class_list":{"0":"post-4109","1":"product","2":"type-product","3":"status-publish","4":"has-post-thumbnail","6":"product_cat-corners","8":"first","9":"instock","10":"shipping-taxable","11":"product-type-simple"},"yoast_head":"<!-- This site is optimized with the Yoast SEO Premium plugin v27.1 (Yoast SEO v27.2) - https:\/\/yoast.com\/product\/yoast-seo-premium-wordpress\/ -->\n<title>Flight Case Ball Corner COA105 - https:\/\/sxflightcase.com \ud83d\udc97<\/title>\n<meta name=\"description\" content=\"Flight case ball corner, factory direct! Durable protection for case edges, preventing damage during transport. High-quality and reliable for long-lasting equipment safety.\" \/>\n<meta name=\"robots\" content=\"index, follow, max-snippet:-1, max-image-preview:large, max-video-preview:-1\" \/>\n<link rel=\"canonical\" href=\"https:\/\/sxflightcase.com\/tr\/produkt\/flight-case-kuglehjorne-coa105-2\/\" \/>\n<meta property=\"og:locale\" content=\"tr_TR\" \/>\n<meta property=\"og:type\" content=\"article\" \/>\n<meta property=\"og:title\" content=\"Flight Case Ball Corner COA105\" \/>\n<meta property=\"og:description\" content=\"Flight case ball corner, factory direct! Durable protection for case edges, preventing damage during transport. High-quality and reliable for long-lasting equipment safety.\" \/>\n<meta property=\"og:url\" content=\"https:\/\/sxflightcase.com\/tr\/produkt\/flight-case-kuglehjorne-coa105-2\/\" \/>\n<meta property=\"og:site_name\" content=\"https:\/\/sxflightcase.com\" \/>\n<meta property=\"article:publisher\" content=\"https:\/\/www.facebook.com\/profile.php?id=61560407257971\" \/>\n<meta property=\"og:image\" content=\"https:\/\/sxflightcase.com\/wp-content\/uploads\/2024\/08\/COA105.jpg\" \/>\n\t<meta property=\"og:image:width\" content=\"520\" \/>\n\t<meta property=\"og:image:height\" content=\"520\" \/>\n\t<meta property=\"og:image:type\" content=\"image\/jpeg\" \/>\n<meta name=\"twitter:card\" content=\"summary_large_image\" \/>\n<meta name=\"twitter:label1\" content=\"Tahmini okuma s\u00fcresi\" \/>\n\t<meta name=\"twitter:data1\" content=\"3 dakika\" \/>\n<script type=\"application\/ld+json\" class=\"yoast-schema-graph\">{\"@context\":\"https:\/\/schema.org\",\"@graph\":[{\"@type\":\"WebPage\",\"@id\":\"https:\/\/sxflightcase.com\/da\/produkt\/flight-case-kuglehjorne-coa105-2\/\",\"url\":\"https:\/\/sxflightcase.com\/da\/produkt\/flight-case-kuglehjorne-coa105-2\/\",\"name\":\"Flight Case Ball Corner COA105 - https:\/\/sxflightcase.com \ud83d\udc97\",\"isPartOf\":{\"@id\":\"https:\/\/sxflightcase.com\/th\/#website\"},\"primaryImageOfPage\":{\"@id\":\"https:\/\/sxflightcase.com\/da\/produkt\/flight-case-kuglehjorne-coa105-2\/#primaryimage\"},\"image\":{\"@id\":\"https:\/\/sxflightcase.com\/da\/produkt\/flight-case-kuglehjorne-coa105-2\/#primaryimage\"},\"thumbnailUrl\":\"https:\/\/sxflightcase.com\/wp-content\/uploads\/2024\/08\/COA105.jpg\",\"datePublished\":\"2024-08-14T08:10:09+00:00\",\"description\":\"Flight case ball corner, factory direct! Durable protection for case edges, preventing damage during transport. High-quality and reliable for long-lasting equipment safety.\",\"breadcrumb\":{\"@id\":\"https:\/\/sxflightcase.com\/da\/produkt\/flight-case-kuglehjorne-coa105-2\/#breadcrumb\"},\"inLanguage\":\"tr\",\"potentialAction\":[{\"@type\":\"ReadAction\",\"target\":[\"https:\/\/sxflightcase.com\/da\/produkt\/flight-case-kuglehjorne-coa105-2\/\"]}]},{\"@type\":\"ImageObject\",\"inLanguage\":\"tr\",\"@id\":\"https:\/\/sxflightcase.com\/da\/produkt\/flight-case-kuglehjorne-coa105-2\/#primaryimage\",\"url\":\"https:\/\/sxflightcase.com\/wp-content\/uploads\/2024\/08\/COA105.jpg\",\"contentUrl\":\"https:\/\/sxflightcase.com\/wp-content\/uploads\/2024\/08\/COA105.jpg\",\"width\":520,\"height\":520,\"caption\":\"Flight Case Ball Corner\"},{\"@type\":\"BreadcrumbList\",\"@id\":\"https:\/\/sxflightcase.com\/da\/produkt\/flight-case-kuglehjorne-coa105-2\/#breadcrumb\",\"itemListElement\":[{\"@type\":\"ListItem\",\"position\":1,\"name\":\"Home\",\"item\":\"https:\/\/sxflightcase.com\/\"},{\"@type\":\"ListItem\",\"position\":2,\"name\":\"\u0e2a\u0e34\u0e19\u0e04\u0e49\u0e32\",\"item\":\"https:\/\/sxflightcase.com\/th\/shop\/\"},{\"@type\":\"ListItem\",\"position\":3,\"name\":\"Flight Case Ball Corner COA105\"}]},{\"@type\":\"WebSite\",\"@id\":\"https:\/\/sxflightcase.com\/th\/#website\",\"url\":\"https:\/\/sxflightcase.com\/th\/\",\"name\":\"sxpowercase.com\",\"description\":\"Flight Case Factory\",\"publisher\":{\"@id\":\"https:\/\/sxflightcase.com\/th\/#organization\"},\"potentialAction\":[{\"@type\":\"SearchAction\",\"target\":{\"@type\":\"EntryPoint\",\"urlTemplate\":\"https:\/\/sxflightcase.com\/th\/?s={search_term_string}\"},\"query-input\":{\"@type\":\"PropertyValueSpecification\",\"valueRequired\":true,\"valueName\":\"search_term_string\"}}],\"inLanguage\":\"tr\"},{\"@type\":\"Organization\",\"@id\":\"https:\/\/sxflightcase.com\/th\/#organization\",\"name\":\"sxpowercase.com\",\"url\":\"https:\/\/sxflightcase.com\/th\/\",\"logo\":{\"@type\":\"ImageObject\",\"inLanguage\":\"tr\",\"@id\":\"https:\/\/sxflightcase.com\/th\/#\/schema\/logo\/image\/\",\"url\":\"https:\/\/sxflightcase.com\/wp-content\/uploads\/2024\/04\/1713919036007.jpg\",\"contentUrl\":\"https:\/\/sxflightcase.com\/wp-content\/uploads\/2024\/04\/1713919036007.jpg\",\"width\":382,\"height\":388,\"caption\":\"sxpowercase.com\"},\"image\":{\"@id\":\"https:\/\/sxflightcase.com\/th\/#\/schema\/logo\/image\/\"},\"sameAs\":[\"https:\/\/www.facebook.com\/profile.php?id=61560407257971\"],\"numberOfEmployees\":{\"@type\":\"QuantitativeValue\",\"minValue\":\"11\",\"maxValue\":\"50\"}}]}<\/script>\n<!-- \/ Yoast SEO Premium plugin. -->","yoast_head_json":{"title":"Flight Case Ball Corner COA105 - https:\/\/sxflightcase.com \ud83d\udc97","description":"U\u00e7u\u015f kasas\u0131 top k\u00f6\u015fesi, do\u011frudan fabrika \u00e7\u0131k\u0131\u015f\u0131! Kasa kenarlar\u0131 i\u00e7in dayan\u0131kl\u0131 koruma, ta\u015f\u0131ma s\u0131ras\u0131nda hasar\u0131 \u00f6nler. Uzun \u00f6m\u00fcrl\u00fc ekipman g\u00fcvenli\u011fi i\u00e7in y\u00fcksek kaliteli ve g\u00fcvenilir.","robots":{"index":"index","follow":"follow","max-snippet":"max-snippet:-1","max-image-preview":"max-image-preview:large","max-video-preview":"max-video-preview:-1"},"canonical":"https:\/\/sxflightcase.com\/tr\/produkt\/flight-case-kuglehjorne-coa105-2\/","og_locale":"tr_TR","og_type":"article","og_title":"Flight Case Ball Corner COA105","og_description":"Flight case ball corner, factory direct! Durable protection for case edges, preventing damage during transport. High-quality and reliable for long-lasting equipment safety.","og_url":"https:\/\/sxflightcase.com\/tr\/produkt\/flight-case-kuglehjorne-coa105-2\/","og_site_name":"https:\/\/sxflightcase.com","article_publisher":"https:\/\/www.facebook.com\/profile.php?id=61560407257971","og_image":[{"width":520,"height":520,"url":"https:\/\/sxflightcase.com\/wp-content\/uploads\/2024\/08\/COA105.jpg","type":"image\/jpeg"}],"twitter_card":"summary_large_image","twitter_misc":{"Tahmini okuma s\u00fcresi":"3 dakika"},"schema":{"@context":"https:\/\/schema.org","@graph":[{"@type":"WebPage","@id":"https:\/\/sxflightcase.com\/da\/produkt\/flight-case-kuglehjorne-coa105-2\/","url":"https:\/\/sxflightcase.com\/da\/produkt\/flight-case-kuglehjorne-coa105-2\/","name":"Flight Case Ball Corner COA105 - https:\/\/sxflightcase.com \ud83d\udc97","isPartOf":{"@id":"https:\/\/sxflightcase.com\/th\/#website"},"primaryImageOfPage":{"@id":"https:\/\/sxflightcase.com\/da\/produkt\/flight-case-kuglehjorne-coa105-2\/#primaryimage"},"image":{"@id":"https:\/\/sxflightcase.com\/da\/produkt\/flight-case-kuglehjorne-coa105-2\/#primaryimage"},"thumbnailUrl":"https:\/\/sxflightcase.com\/wp-content\/uploads\/2024\/08\/COA105.jpg","datePublished":"2024-08-14T08:10:09+00:00","description":"U\u00e7u\u015f kasas\u0131 top k\u00f6\u015fesi, do\u011frudan fabrika \u00e7\u0131k\u0131\u015f\u0131! Kasa kenarlar\u0131 i\u00e7in dayan\u0131kl\u0131 koruma, ta\u015f\u0131ma s\u0131ras\u0131nda hasar\u0131 \u00f6nler. Uzun \u00f6m\u00fcrl\u00fc ekipman g\u00fcvenli\u011fi i\u00e7in y\u00fcksek kaliteli ve g\u00fcvenilir.","breadcrumb":{"@id":"https:\/\/sxflightcase.com\/da\/produkt\/flight-case-kuglehjorne-coa105-2\/#breadcrumb"},"inLanguage":"tr","potentialAction":[{"@type":"ReadAction","target":["https:\/\/sxflightcase.com\/da\/produkt\/flight-case-kuglehjorne-coa105-2\/"]}]},{"@type":"ImageObject","inLanguage":"tr","@id":"https:\/\/sxflightcase.com\/da\/produkt\/flight-case-kuglehjorne-coa105-2\/#primaryimage","url":"https:\/\/sxflightcase.com\/wp-content\/uploads\/2024\/08\/COA105.jpg","contentUrl":"https:\/\/sxflightcase.com\/wp-content\/uploads\/2024\/08\/COA105.jpg","width":520,"height":520,"caption":"Flight Case Ball Corner"},{"@type":"BreadcrumbList","@id":"https:\/\/sxflightcase.com\/da\/produkt\/flight-case-kuglehjorne-coa105-2\/#breadcrumb","itemListElement":[{"@type":"ListItem","position":1,"name":"Home","item":"https:\/\/sxflightcase.com\/"},{"@type":"ListItem","position":2,"name":"\u0e2a\u0e34\u0e19\u0e04\u0e49\u0e32","item":"https:\/\/sxflightcase.com\/th\/shop\/"},{"@type":"ListItem","position":3,"name":"Flight Case Ball Corner COA105"}]},{"@type":"WebSite","@id":"https:\/\/sxflightcase.com\/th\/#website","url":"https:\/\/sxflightcase.com\/th\/","name":"sxpowercase.com","description":"U\u00e7u\u015f \u00c7antas\u0131 Fabrikas\u0131","publisher":{"@id":"https:\/\/sxflightcase.com\/th\/#organization"},"potentialAction":[{"@type":"SearchAction","target":{"@type":"EntryPoint","urlTemplate":"https:\/\/sxflightcase.com\/th\/?s={search_term_string}"},"query-input":{"@type":"PropertyValueSpecification","valueRequired":true,"valueName":"search_term_string"}}],"inLanguage":"tr"},{"@type":"Organization","@id":"https:\/\/sxflightcase.com\/th\/#organization","name":"sxpowercase.com","url":"https:\/\/sxflightcase.com\/th\/","logo":{"@type":"ImageObject","inLanguage":"tr","@id":"https:\/\/sxflightcase.com\/th\/#\/schema\/logo\/image\/","url":"https:\/\/sxflightcase.com\/wp-content\/uploads\/2024\/04\/1713919036007.jpg","contentUrl":"https:\/\/sxflightcase.com\/wp-content\/uploads\/2024\/04\/1713919036007.jpg","width":382,"height":388,"caption":"sxpowercase.com"},"image":{"@id":"https:\/\/sxflightcase.com\/th\/#\/schema\/logo\/image\/"},"sameAs":["https:\/\/www.facebook.com\/profile.php?id=61560407257971"],"numberOfEmployees":{"@type":"QuantitativeValue","minValue":"11","maxValue":"50"}}]}},"_links":{"self":[{"href":"https:\/\/sxflightcase.com\/tr\/wp-json\/wp\/v2\/product\/4109","targetHints":{"allow":["GET"]}}],"collection":[{"href":"https:\/\/sxflightcase.com\/tr\/wp-json\/wp\/v2\/product"}],"about":[{"href":"https:\/\/sxflightcase.com\/tr\/wp-json\/wp\/v2\/types\/product"}],"replies":[{"embeddable":true,"href":"https:\/\/sxflightcase.com\/tr\/wp-json\/wp\/v2\/comments?post=4109"}],"version-history":[{"count":0,"href":"https:\/\/sxflightcase.com\/tr\/wp-json\/wp\/v2\/product\/4109\/revisions"}],"wp:featuredmedia":[{"embeddable":true,"href":"https:\/\/sxflightcase.com\/tr\/wp-json\/wp\/v2\/media\/4077"}],"wp:attachment":[{"href":"https:\/\/sxflightcase.com\/tr\/wp-json\/wp\/v2\/media?parent=4109"}],"wp:term":[{"taxonomy":"product_brand","embeddable":true,"href":"https:\/\/sxflightcase.com\/tr\/wp-json\/wp\/v2\/product_brand?post=4109"},{"taxonomy":"product_cat","embeddable":true,"href":"https:\/\/sxflightcase.com\/tr\/wp-json\/wp\/v2\/product_cat?post=4109"},{"taxonomy":"product_tag","embeddable":true,"href":"https:\/\/sxflightcase.com\/tr\/wp-json\/wp\/v2\/product_tag?post=4109"}],"curies":[{"name":"wp","href":"https:\/\/api.w.org\/{rel}","templated":true}]}}