{"id":4111,"date":"2024-08-14T09:34:10","date_gmt":"2024-08-14T08:34:10","guid":{"rendered":"https:\/\/sxpowercase.com\/?post_type=product&#038;p=4111"},"modified":"2024-08-14T09:34:11","modified_gmt":"2024-08-14T08:34:11","slug":"flight-case-ball-corners-coa107","status":"publish","type":"product","link":"https:\/\/sxflightcase.com\/tr\/urun\/ucus-cantasi-top-koseleri\u0307-coa107-2\/","title":{"rendered":"U\u00e7u\u015f \u00c7antas\u0131 Top K\u00f6\u015feleri COA107"},"content":{"rendered":"<h3>Ekipman\u0131n\u0131z\u0131 SX U\u00e7u\u015f \u00c7antas\u0131 Top K\u00f6\u015feleri ile G\u00fcvenceye Al\u0131n<\/h3>\n<h4>Ekipman\u0131n\u0131z i\u00e7in Maksimum Koruma<\/h4>\n<p>Hassas ekipmanlar\u0131 ta\u015f\u0131rken, ihtiyac\u0131n\u0131z olan son \u015fey \u00e7antan\u0131za veya i\u00e7indekilere zarar gelmesidir. \u0130\u015fte bu noktada SX'in <strong>U\u00e7u\u015f \u00c7antas\u0131 Top K\u00f6\u015feleri<\/strong> i\u00e7eri gelin. Bu sa\u011flam k\u00f6\u015feler darbeleri emecek \u015fekilde tasarlanm\u0131\u015ft\u0131r ve ta\u015f\u0131ma s\u0131ras\u0131nda ekipman\u0131n\u0131z i\u00e7in \u00fcst\u00fcn koruma sa\u011flar. \u0130le <a href=\"https:\/\/sxpowercase.com\/\" target=\"_blank\" rel=\"noopener\" title=\"SX\" data-wpil-monitor-id=\"661\">SX<\/a>g\u00fcvenebilece\u011finiz do\u011frudan fabrika \u00e7\u0131k\u0131\u015fl\u0131 kaliteyi rekabet\u00e7i bir fiyatla elde edersiniz.<\/p>\n<h4>Uzun \u00d6m\u00fcrl\u00fc Olmak \u0130\u00e7in \u00dcretildi<\/h4>\n<p>Bizim <strong>U\u00e7u\u015f \u00c7antas\u0131 Top K\u00f6\u015feleri<\/strong> uzun \u00f6m\u00fcrl\u00fcl\u00fck ve dayan\u0131kl\u0131l\u0131k sa\u011flamak i\u00e7in y\u00fcksek kaliteli malzemelerden \u00fcretilmi\u015ftir. \u00c7antalar\u0131n\u0131z ister s\u0131k s\u0131k yolda olsun ister uzun s\u00fcre depolans\u0131n, bu bilyeli k\u00f6\u015feler zaman\u0131n testine dayanacakt\u0131r. SX, ko\u015fullar ne olursa olsun ola\u011fan\u00fcst\u00fc performans sa\u011flayan \u00fcr\u00fcnler sunmaya kendini adam\u0131\u015ft\u0131r.<\/p>\n<h4>Kurulumu Kolay, Kullan\u0131ma Haz\u0131r<\/h4>\n<p>SX <strong>U\u00e7u\u015f \u00c7antas\u0131 Top K\u00f6\u015feleri<\/strong> basit kurulum i\u00e7in tasarlanm\u0131\u015ft\u0131r ve \u00e7e\u015fitli kasa tipleriyle sorunsuz bir \u015fekilde uyum sa\u011flar. Bu evrensel uyumluluk, mevcut kasalar\u0131n\u0131z\u0131 y\u00fckseltmenizi veya yeni yap\u0131lara dahil etmenizi kolayla\u015ft\u0131r\u0131r. \u015e\u0131k bir tasar\u0131ma sahip olan bu bilyeli k\u00f6\u015feler, kasalar\u0131n\u0131za hem i\u015flevsellik hem de estetik bir \u00e7ekicilik katar.<\/p>\n<h4>Benzersiz \u0130htiya\u00e7lar i\u00e7in \u00d6zel \u00c7\u00f6z\u00fcmler<\/h4>\n<p>SX, farkl\u0131 projelerin farkl\u0131 \u00e7\u00f6z\u00fcmler gerektirdi\u011finin fark\u0131ndad\u0131r. Bu nedenle \u00fcr\u00fcnlerimiz i\u00e7in \u00f6zelle\u015ftirme se\u00e7enekleri sunuyoruz. <strong>U\u00e7u\u015f \u00c7antas\u0131 Top K\u00f6\u015feleri<\/strong>. \u0130ster belirli bir boyuta, \u015fekle veya kaplamaya ihtiyac\u0131n\u0131z olsun, SX \u00fcr\u00fcnlerimizi kesin gereksinimlerinizi kar\u015f\u0131layacak \u015fekilde uyarlayabilir. Esneklik konusundaki kararl\u0131l\u0131\u011f\u0131m\u0131z, tam olarak ihtiyac\u0131n\u0131z olan\u0131 alman\u0131z\u0131 sa\u011flar.<\/p>\n<h4>Kar\u015f\u0131layabilece\u011finiz Kalite<\/h4>\n<p>SX olarak, birinci s\u0131n\u0131f fiyat etiketi olmadan birinci s\u0131n\u0131f \u00fcr\u00fcnler sunmaya inan\u0131yoruz. Do\u011frudan \u00fcretim ve sat\u0131\u015f yaparak \u015funlar\u0131 sunabiliyoruz <strong>U\u00e7u\u015f \u00c7antas\u0131 Top K\u00f6\u015feleri<\/strong> \u00fcstesinden gelinmesi zor fiyatlarla. Bu do\u011frudan yakla\u015f\u0131m, y\u00fcksek kaliteli donan\u0131m\u0131 maliyetinin \u00e7ok alt\u0131nda alman\u0131z\u0131 sa\u011flayarak b\u00fct\u00e7enizi a\u015fmaman\u0131z\u0131 kolayla\u015ft\u0131r\u0131r.<\/p>\n<h4>Profesyoneller Taraf\u0131ndan G\u00fcvenilen<\/h4>\n<p>SX'in <strong>U\u00e7u\u015f \u00c7antas\u0131 Top K\u00f6\u015fesi<\/strong>\u00a0kasa donan\u0131m\u0131nda en iyisini talep eden profesyoneller aras\u0131nda g\u00fcvenilir bir se\u00e7imdir. G\u00fcvenilirli\u011fi ve sa\u011flaml\u0131\u011f\u0131yla bilinen bu k\u00f6\u015feler, sekt\u00f6rde temel bir unsur haline gelmi\u015ftir. SX'i se\u00e7mek, memnuniyetinize \u00f6ncelik veren bir marka taraf\u0131ndan desteklenen kaliteyi se\u00e7mek anlam\u0131na gelir.<\/p>\n<h4>Bug\u00fcn Bize Ula\u015f\u0131n<\/h4>\n<p>U\u00e7u\u015f \u00e7antalar\u0131n\u0131z\u0131 SX ile y\u00fckseltmeye haz\u0131rsan\u0131z <strong>U\u00e7u\u015f \u00c7antas\u0131 Top K\u00f6\u015fesi<\/strong>bug\u00fcn bize ula\u015f\u0131n. Ekibimiz ihtiya\u00e7lar\u0131n\u0131z i\u00e7in m\u00fckemmel \u00e7\u00f6z\u00fcm\u00fc bulman\u0131za yard\u0131mc\u0131 olmak i\u00e7in burada. SX ile koruma, dayan\u0131kl\u0131l\u0131k ve g\u00f6n\u00fcl rahatl\u0131\u011f\u0131na yat\u0131r\u0131m yapars\u0131n\u0131z; hem de sevece\u011finiz bir fiyata.<\/p>\n<p>Hemen \u0130leti\u015fime Ge\u00e7in:<span style=\"color: #0000ff;\"><a style=\"color: #0000ff;\" href=\"https:\/\/sxpowercase.com\/contact-us\/\">https:\/\/sxpowercase.com\/<\/a><\/span><\/p>\n<p>Donan\u0131m \u00dcr\u00fcn Katalo\u011fu\uff1a<span style=\"color: #3366ff;\"><a style=\"color: #3366ff;\" href=\"https:\/\/sxpowercase.com\/wp-content\/uploads\/2024\/07\/\u4e94\u91d1.pdf\">Donan\u0131m aksesuarlar\u0131 katalo\u011fu<\/a><\/span><\/p>","protected":false},"excerpt":{"rendered":"<h3>SX U\u00e7u\u015f \u00c7antas\u0131 Top K\u00f6\u015feleri: Rakipsiz Koruma<\/h3>\n<p>Ekipman\u0131n\u0131z\u0131, darbeleri emmek ve ta\u015f\u0131ma s\u0131ras\u0131nda hasar\u0131 \u00f6nlemek i\u00e7in tasarlanm\u0131\u015f SX'in sa\u011flam U\u00e7u\u015f \u00c7antas\u0131 Bilye K\u00f6\u015feleri ile koruyun. Rekabet\u00e7i bir fiyata birinci s\u0131n\u0131f koruman\u0131n keyfini \u00e7\u0131kar\u0131n.<\/p>\n<h3>Dayan\u0131kl\u0131 ve Kurulumu Kolay<\/h3>\n<p>SX Bilye K\u00f6\u015feleri uzun \u00f6m\u00fcrl\u00fc dayan\u0131kl\u0131l\u0131k i\u00e7in y\u00fcksek kaliteli malzemelerden \u00fcretilmi\u015ftir. Kurulumu kolayd\u0131r ve \u00e7e\u015fitli k\u0131l\u0131f t\u00fcrleriyle sorunsuz bir \u015fekilde uyum sa\u011flayarak hem korumay\u0131 hem de stili geli\u015ftirir.<\/p>\n<h3>Fabrika Do\u011frudan Fiyatlar\u0131yla \u00d6zelle\u015ftirilebilir \u00c7\u00f6z\u00fcmler<\/h3>\n<p>SX, \u00f6zel ihtiya\u00e7lar\u0131n\u0131z\u0131 kar\u015f\u0131lamak i\u00e7in \u00f6zelle\u015ftirilebilir Bilyeli K\u00f6\u015feler sunarak y\u00fcksek fiyat etiketi olmadan y\u00fcksek kaliteli, \u00f6zel koruma elde etmenizi sa\u011flar.<\/p>","protected":false},"featured_media":4079,"comment_status":"open","ping_status":"closed","template":"","meta":[],"product_brand":[],"product_cat":[63],"product_tag":[],"class_list":{"0":"post-4111","1":"product","2":"type-product","3":"status-publish","4":"has-post-thumbnail","6":"product_cat-corners","8":"first","9":"instock","10":"shipping-taxable","11":"product-type-simple"},"yoast_head":"<!-- This site is optimized with the Yoast SEO Premium plugin v27.1 (Yoast SEO v27.2) - https:\/\/yoast.com\/product\/yoast-seo-premium-wordpress\/ -->\n<title>Flight Case Ball Corners COA107 - https:\/\/sxflightcase.com \ud83d\udc97<\/title>\n<meta name=\"description\" content=\"Flight case ball corners, factory direct! Durable protection for case edges, preventing damage during transport. High-quality and reliable for long-lasting equipment safety.\" \/>\n<meta name=\"robots\" content=\"index, follow, max-snippet:-1, max-image-preview:large, max-video-preview:-1\" \/>\n<link rel=\"canonical\" href=\"https:\/\/sxflightcase.com\/tr\/\u4ea7\u54c1\/\u98de\u884c\u7bb1\u7403\u89d2-coa107\/\" \/>\n<meta property=\"og:locale\" content=\"tr_TR\" \/>\n<meta property=\"og:type\" content=\"article\" \/>\n<meta property=\"og:title\" content=\"Flight Case Ball Corners COA107\" \/>\n<meta property=\"og:description\" content=\"Flight case ball corners, factory direct! Durable protection for case edges, preventing damage during transport. High-quality and reliable for long-lasting equipment safety.\" \/>\n<meta property=\"og:url\" content=\"https:\/\/sxflightcase.com\/tr\/\u4ea7\u54c1\/\u98de\u884c\u7bb1\u7403\u89d2-coa107\/\" \/>\n<meta property=\"og:site_name\" content=\"https:\/\/sxflightcase.com\" \/>\n<meta property=\"article:publisher\" content=\"https:\/\/www.facebook.com\/profile.php?id=61560407257971\" \/>\n<meta property=\"article:modified_time\" content=\"2024-08-14T08:34:11+00:00\" \/>\n<meta property=\"og:image\" content=\"https:\/\/sxflightcase.com\/wp-content\/uploads\/2024\/08\/COA107.jpg\" \/>\n\t<meta property=\"og:image:width\" content=\"520\" \/>\n\t<meta property=\"og:image:height\" content=\"520\" \/>\n\t<meta property=\"og:image:type\" content=\"image\/jpeg\" \/>\n<meta name=\"twitter:card\" content=\"summary_large_image\" \/>\n<meta name=\"twitter:label1\" content=\"Tahmini okuma s\u00fcresi\" \/>\n\t<meta name=\"twitter:data1\" content=\"3 dakika\" \/>\n<script type=\"application\/ld+json\" class=\"yoast-schema-graph\">{\"@context\":\"https:\/\/schema.org\",\"@graph\":[{\"@type\":\"WebPage\",\"@id\":\"https:\/\/sxflightcase.com\/zh\/\u4ea7\u54c1\/\u98de\u884c\u7bb1\u7403\u89d2-coa107\/\",\"url\":\"https:\/\/sxflightcase.com\/zh\/\u4ea7\u54c1\/\u98de\u884c\u7bb1\u7403\u89d2-coa107\/\",\"name\":\"Flight Case Ball Corners COA107 - https:\/\/sxflightcase.com \ud83d\udc97\",\"isPartOf\":{\"@id\":\"https:\/\/sxflightcase.com\/th\/#website\"},\"primaryImageOfPage\":{\"@id\":\"https:\/\/sxflightcase.com\/zh\/\u4ea7\u54c1\/\u98de\u884c\u7bb1\u7403\u89d2-coa107\/#primaryimage\"},\"image\":{\"@id\":\"https:\/\/sxflightcase.com\/zh\/\u4ea7\u54c1\/\u98de\u884c\u7bb1\u7403\u89d2-coa107\/#primaryimage\"},\"thumbnailUrl\":\"https:\/\/sxflightcase.com\/wp-content\/uploads\/2024\/08\/COA107.jpg\",\"datePublished\":\"2024-08-14T08:34:10+00:00\",\"dateModified\":\"2024-08-14T08:34:11+00:00\",\"description\":\"Flight case ball corners, factory direct! Durable protection for case edges, preventing damage during transport. High-quality and reliable for long-lasting equipment safety.\",\"breadcrumb\":{\"@id\":\"https:\/\/sxflightcase.com\/zh\/\u4ea7\u54c1\/\u98de\u884c\u7bb1\u7403\u89d2-coa107\/#breadcrumb\"},\"inLanguage\":\"tr\",\"potentialAction\":[{\"@type\":\"ReadAction\",\"target\":[\"https:\/\/sxflightcase.com\/zh\/\u4ea7\u54c1\/\u98de\u884c\u7bb1\u7403\u89d2-coa107\/\"]}]},{\"@type\":\"ImageObject\",\"inLanguage\":\"tr\",\"@id\":\"https:\/\/sxflightcase.com\/zh\/\u4ea7\u54c1\/\u98de\u884c\u7bb1\u7403\u89d2-coa107\/#primaryimage\",\"url\":\"https:\/\/sxflightcase.com\/wp-content\/uploads\/2024\/08\/COA107.jpg\",\"contentUrl\":\"https:\/\/sxflightcase.com\/wp-content\/uploads\/2024\/08\/COA107.jpg\",\"width\":520,\"height\":520,\"caption\":\"Flight Case Ball Corners\"},{\"@type\":\"BreadcrumbList\",\"@id\":\"https:\/\/sxflightcase.com\/zh\/\u4ea7\u54c1\/\u98de\u884c\u7bb1\u7403\u89d2-coa107\/#breadcrumb\",\"itemListElement\":[{\"@type\":\"ListItem\",\"position\":1,\"name\":\"Home\",\"item\":\"https:\/\/sxflightcase.com\/\"},{\"@type\":\"ListItem\",\"position\":2,\"name\":\"\u0e2a\u0e34\u0e19\u0e04\u0e49\u0e32\",\"item\":\"https:\/\/sxflightcase.com\/th\/shop\/\"},{\"@type\":\"ListItem\",\"position\":3,\"name\":\"Flight Case Ball Corners COA107\"}]},{\"@type\":\"WebSite\",\"@id\":\"https:\/\/sxflightcase.com\/th\/#website\",\"url\":\"https:\/\/sxflightcase.com\/th\/\",\"name\":\"sxpowercase.com\",\"description\":\"Flight Case Factory\",\"publisher\":{\"@id\":\"https:\/\/sxflightcase.com\/th\/#organization\"},\"potentialAction\":[{\"@type\":\"SearchAction\",\"target\":{\"@type\":\"EntryPoint\",\"urlTemplate\":\"https:\/\/sxflightcase.com\/th\/?s={search_term_string}\"},\"query-input\":{\"@type\":\"PropertyValueSpecification\",\"valueRequired\":true,\"valueName\":\"search_term_string\"}}],\"inLanguage\":\"tr\"},{\"@type\":\"Organization\",\"@id\":\"https:\/\/sxflightcase.com\/th\/#organization\",\"name\":\"sxpowercase.com\",\"url\":\"https:\/\/sxflightcase.com\/th\/\",\"logo\":{\"@type\":\"ImageObject\",\"inLanguage\":\"tr\",\"@id\":\"https:\/\/sxflightcase.com\/th\/#\/schema\/logo\/image\/\",\"url\":\"https:\/\/sxflightcase.com\/wp-content\/uploads\/2024\/04\/1713919036007.jpg\",\"contentUrl\":\"https:\/\/sxflightcase.com\/wp-content\/uploads\/2024\/04\/1713919036007.jpg\",\"width\":382,\"height\":388,\"caption\":\"sxpowercase.com\"},\"image\":{\"@id\":\"https:\/\/sxflightcase.com\/th\/#\/schema\/logo\/image\/\"},\"sameAs\":[\"https:\/\/www.facebook.com\/profile.php?id=61560407257971\"],\"numberOfEmployees\":{\"@type\":\"QuantitativeValue\",\"minValue\":\"11\",\"maxValue\":\"50\"}}]}<\/script>\n<!-- \/ Yoast SEO Premium plugin. -->","yoast_head_json":{"title":"Flight Case Ball Corners COA107 - https:\/\/sxflightcase.com \ud83d\udc97","description":"U\u00e7u\u015f kasas\u0131 bilyeli k\u00f6\u015feleri, do\u011frudan fabrikada! Kasa kenarlar\u0131 i\u00e7in dayan\u0131kl\u0131 koruma, ta\u015f\u0131ma s\u0131ras\u0131nda hasar\u0131 \u00f6nler. Uzun \u00f6m\u00fcrl\u00fc ekipman g\u00fcvenli\u011fi i\u00e7in y\u00fcksek kaliteli ve g\u00fcvenilir.","robots":{"index":"index","follow":"follow","max-snippet":"max-snippet:-1","max-image-preview":"max-image-preview:large","max-video-preview":"max-video-preview:-1"},"canonical":"https:\/\/sxflightcase.com\/tr\/\u4ea7\u54c1\/\u98de\u884c\u7bb1\u7403\u89d2-coa107\/","og_locale":"tr_TR","og_type":"article","og_title":"Flight Case Ball Corners COA107","og_description":"Flight case ball corners, factory direct! Durable protection for case edges, preventing damage during transport. High-quality and reliable for long-lasting equipment safety.","og_url":"https:\/\/sxflightcase.com\/tr\/\u4ea7\u54c1\/\u98de\u884c\u7bb1\u7403\u89d2-coa107\/","og_site_name":"https:\/\/sxflightcase.com","article_publisher":"https:\/\/www.facebook.com\/profile.php?id=61560407257971","article_modified_time":"2024-08-14T08:34:11+00:00","og_image":[{"width":520,"height":520,"url":"https:\/\/sxflightcase.com\/wp-content\/uploads\/2024\/08\/COA107.jpg","type":"image\/jpeg"}],"twitter_card":"summary_large_image","twitter_misc":{"Tahmini okuma s\u00fcresi":"3 dakika"},"schema":{"@context":"https:\/\/schema.org","@graph":[{"@type":"WebPage","@id":"https:\/\/sxflightcase.com\/zh\/\u4ea7\u54c1\/\u98de\u884c\u7bb1\u7403\u89d2-coa107\/","url":"https:\/\/sxflightcase.com\/zh\/\u4ea7\u54c1\/\u98de\u884c\u7bb1\u7403\u89d2-coa107\/","name":"Flight Case Ball Corners COA107 - https:\/\/sxflightcase.com \ud83d\udc97","isPartOf":{"@id":"https:\/\/sxflightcase.com\/th\/#website"},"primaryImageOfPage":{"@id":"https:\/\/sxflightcase.com\/zh\/\u4ea7\u54c1\/\u98de\u884c\u7bb1\u7403\u89d2-coa107\/#primaryimage"},"image":{"@id":"https:\/\/sxflightcase.com\/zh\/\u4ea7\u54c1\/\u98de\u884c\u7bb1\u7403\u89d2-coa107\/#primaryimage"},"thumbnailUrl":"https:\/\/sxflightcase.com\/wp-content\/uploads\/2024\/08\/COA107.jpg","datePublished":"2024-08-14T08:34:10+00:00","dateModified":"2024-08-14T08:34:11+00:00","description":"U\u00e7u\u015f kasas\u0131 bilyeli k\u00f6\u015feleri, do\u011frudan fabrikada! Kasa kenarlar\u0131 i\u00e7in dayan\u0131kl\u0131 koruma, ta\u015f\u0131ma s\u0131ras\u0131nda hasar\u0131 \u00f6nler. Uzun \u00f6m\u00fcrl\u00fc ekipman g\u00fcvenli\u011fi i\u00e7in y\u00fcksek kaliteli ve g\u00fcvenilir.","breadcrumb":{"@id":"https:\/\/sxflightcase.com\/zh\/\u4ea7\u54c1\/\u98de\u884c\u7bb1\u7403\u89d2-coa107\/#breadcrumb"},"inLanguage":"tr","potentialAction":[{"@type":"ReadAction","target":["https:\/\/sxflightcase.com\/zh\/\u4ea7\u54c1\/\u98de\u884c\u7bb1\u7403\u89d2-coa107\/"]}]},{"@type":"ImageObject","inLanguage":"tr","@id":"https:\/\/sxflightcase.com\/zh\/\u4ea7\u54c1\/\u98de\u884c\u7bb1\u7403\u89d2-coa107\/#primaryimage","url":"https:\/\/sxflightcase.com\/wp-content\/uploads\/2024\/08\/COA107.jpg","contentUrl":"https:\/\/sxflightcase.com\/wp-content\/uploads\/2024\/08\/COA107.jpg","width":520,"height":520,"caption":"Flight Case Ball Corners"},{"@type":"BreadcrumbList","@id":"https:\/\/sxflightcase.com\/zh\/\u4ea7\u54c1\/\u98de\u884c\u7bb1\u7403\u89d2-coa107\/#breadcrumb","itemListElement":[{"@type":"ListItem","position":1,"name":"Home","item":"https:\/\/sxflightcase.com\/"},{"@type":"ListItem","position":2,"name":"\u0e2a\u0e34\u0e19\u0e04\u0e49\u0e32","item":"https:\/\/sxflightcase.com\/th\/shop\/"},{"@type":"ListItem","position":3,"name":"Flight Case Ball Corners COA107"}]},{"@type":"WebSite","@id":"https:\/\/sxflightcase.com\/th\/#website","url":"https:\/\/sxflightcase.com\/th\/","name":"sxpowercase.com","description":"U\u00e7u\u015f \u00c7antas\u0131 Fabrikas\u0131","publisher":{"@id":"https:\/\/sxflightcase.com\/th\/#organization"},"potentialAction":[{"@type":"SearchAction","target":{"@type":"EntryPoint","urlTemplate":"https:\/\/sxflightcase.com\/th\/?s={search_term_string}"},"query-input":{"@type":"PropertyValueSpecification","valueRequired":true,"valueName":"search_term_string"}}],"inLanguage":"tr"},{"@type":"Organization","@id":"https:\/\/sxflightcase.com\/th\/#organization","name":"sxpowercase.com","url":"https:\/\/sxflightcase.com\/th\/","logo":{"@type":"ImageObject","inLanguage":"tr","@id":"https:\/\/sxflightcase.com\/th\/#\/schema\/logo\/image\/","url":"https:\/\/sxflightcase.com\/wp-content\/uploads\/2024\/04\/1713919036007.jpg","contentUrl":"https:\/\/sxflightcase.com\/wp-content\/uploads\/2024\/04\/1713919036007.jpg","width":382,"height":388,"caption":"sxpowercase.com"},"image":{"@id":"https:\/\/sxflightcase.com\/th\/#\/schema\/logo\/image\/"},"sameAs":["https:\/\/www.facebook.com\/profile.php?id=61560407257971"],"numberOfEmployees":{"@type":"QuantitativeValue","minValue":"11","maxValue":"50"}}]}},"_links":{"self":[{"href":"https:\/\/sxflightcase.com\/tr\/wp-json\/wp\/v2\/product\/4111","targetHints":{"allow":["GET"]}}],"collection":[{"href":"https:\/\/sxflightcase.com\/tr\/wp-json\/wp\/v2\/product"}],"about":[{"href":"https:\/\/sxflightcase.com\/tr\/wp-json\/wp\/v2\/types\/product"}],"replies":[{"embeddable":true,"href":"https:\/\/sxflightcase.com\/tr\/wp-json\/wp\/v2\/comments?post=4111"}],"version-history":[{"count":0,"href":"https:\/\/sxflightcase.com\/tr\/wp-json\/wp\/v2\/product\/4111\/revisions"}],"wp:featuredmedia":[{"embeddable":true,"href":"https:\/\/sxflightcase.com\/tr\/wp-json\/wp\/v2\/media\/4079"}],"wp:attachment":[{"href":"https:\/\/sxflightcase.com\/tr\/wp-json\/wp\/v2\/media?parent=4111"}],"wp:term":[{"taxonomy":"product_brand","embeddable":true,"href":"https:\/\/sxflightcase.com\/tr\/wp-json\/wp\/v2\/product_brand?post=4111"},{"taxonomy":"product_cat","embeddable":true,"href":"https:\/\/sxflightcase.com\/tr\/wp-json\/wp\/v2\/product_cat?post=4111"},{"taxonomy":"product_tag","embeddable":true,"href":"https:\/\/sxflightcase.com\/tr\/wp-json\/wp\/v2\/product_tag?post=4111"}],"curies":[{"name":"wp","href":"https:\/\/api.w.org\/{rel}","templated":true}]}}