{"id":4120,"date":"2024-08-15T07:54:59","date_gmt":"2024-08-15T06:54:59","guid":{"rendered":"https:\/\/sxpowercase.com\/?post_type=product&#038;p=4120"},"modified":"2024-08-15T07:55:00","modified_gmt":"2024-08-15T06:55:00","slug":"flight-case-corner-coa108","status":"publish","type":"product","link":"https:\/\/sxflightcase.com\/tr\/urun\/ucus-cantasi-kosesi\u0307-coa108-2\/","title":{"rendered":"U\u00e7u\u015f Kasas\u0131 K\u00f6\u015fe COA108"},"content":{"rendered":"<h3>SX U\u00e7u\u015f \u00c7antas\u0131 K\u00f6\u015fesi ile Ekipman\u0131n\u0131z\u0131 G\u00fcvenceye Al\u0131n<\/h3>\n<h4>Ekipman\u0131n\u0131z i\u00e7in \u00dcst\u00fcn Koruma<\/h4>\n<p>De\u011ferli ekipmanlar\u0131n\u0131z\u0131 korumak s\u00f6z konusu oldu\u011funda <strong>U\u00e7u\u015f Kasas\u0131 K\u00f6\u015fesi<\/strong>\u00a0SX'ten rakipsiz koruma sunar. Bu k\u00f6\u015feler, ekipman\u0131n\u0131z\u0131n ta\u015f\u0131ma s\u0131ras\u0131nda g\u00fcvende kalmas\u0131n\u0131 sa\u011flarken zorlu ko\u015fullar\u0131n \u00fcstesinden gelecek \u015fekilde tasarlanm\u0131\u015ft\u0131r. SX olarak, fabrika \u00e7\u0131k\u0131\u015fl\u0131 kaliteli \u00fcr\u00fcnler sunmaya odaklan\u0131yoruz ve bu sayede birinci s\u0131n\u0131f <strong>U\u00e7u\u015f Kasas\u0131 K\u00f6\u015fesi<\/strong>\u00a0dayan\u0131kl\u0131l\u0131ktan \u00f6d\u00fcn vermeden d\u00fc\u015f\u00fck fiyatlarla.<\/p>\n<h4>Dayan\u0131kl\u0131l\u0131k ve G\u00fcvenilirlik i\u00e7in \u00dcretildi<\/h4>\n<p>Y\u00fcksek kaliteli malzemelerden \u00fcretilmi\u015ftir, <a href=\"https:\/\/sxpowercase.com\/\" target=\"_blank\" rel=\"noopener\" title=\"SX\" data-wpil-monitor-id=\"665\">SX<\/a> <strong>U\u00e7u\u015f Kasas\u0131 K\u00f6\u015feleri<\/strong> \u00f6nemli \u00f6l\u00e7\u00fcde a\u015f\u0131nma ve y\u0131pranmaya dayanacak \u015fekilde tasarlanm\u0131\u015ft\u0131r. \u0130ster s\u00fcrekli yolda olun ister uzun s\u00fcreli depolama \u00e7\u00f6z\u00fcmlerine ihtiya\u00e7 duyun, bu k\u00f6\u015feler u\u00e7u\u015f \u00e7antalar\u0131n\u0131z\u0131n darbe hasar\u0131n\u0131 \u00f6nlemeye yard\u0131mc\u0131 olur. SX, sekt\u00f6r\u00fcn en y\u00fcksek standartlar\u0131n\u0131 kar\u015f\u0131layan g\u00fcvenilir ve uygun fiyatl\u0131 \u00fcr\u00fcnler sunmaktan gurur duyar.<\/p>\n<h4>Kolay Kurulum ve \u00c7ok Y\u00f6nl\u00fcl\u00fck<\/h4>\n<p>Bizim <strong>U\u00e7u\u015f Kasas\u0131 K\u00f6\u015feleri<\/strong> kurulumu kolayd\u0131r ve \u00e7ok \u00e7e\u015fitli kasa tasar\u0131mlar\u0131yla uyumludur. \u0130ster yeni kasalar in\u015fa ediyor ister mevcut olanlar\u0131 y\u00fckseltiyor olun, bu k\u00f6\u015feler sorunsuz bir \u015fekilde entegre olarak kasalar\u0131n\u0131z\u0131n hem g\u00f6r\u00fcn\u00fcm\u00fcn\u00fc hem de i\u015flevini geli\u015ftirir. SX ile sorunsuz bir kurulum s\u00fcreci ve her seferinde m\u00fckemmel bir uyum bekleyebilirsiniz.<\/p>\n<h4>Her \u0130htiyaca \u00d6zel \u00c7\u00f6z\u00fcmler<\/h4>\n<p>SX olarak her projenin kendine \u00f6zg\u00fc ihtiya\u00e7lar\u0131 oldu\u011funu biliyoruz. Bu y\u00fczden bizim <strong>U\u00e7u\u015f Kasas\u0131 K\u00f6\u015feleri<\/strong> \u00e7e\u015fitli gereksinimlere uyacak \u015fekilde \u00f6zelle\u015ftirilebilir se\u00e7eneklerle birlikte gelir. \u0130ster belirli bir \u015fekle, boyuta veya kaplamaya ihtiyac\u0131n\u0131z olsun, SX tercihlerinize uygun \u00f6zel \u00e7\u00f6z\u00fcmler sunar. Kalite veya maliyetten \u00f6d\u00fcn vermeden tam olarak ihtiyac\u0131n\u0131z olan\u0131 elde edin.<\/p>\n<h4>Ola\u011fan\u00fcst\u00fc De\u011fer<\/h4>\n<p>Do\u011frudan fabrika yakla\u015f\u0131m\u0131m\u0131z, birinci s\u0131n\u0131f \u00fcr\u00fcnler sunmam\u0131z\u0131 sa\u011fl\u0131yor <strong>U\u00e7u\u015f Kasas\u0131 K\u00f6\u015feleri<\/strong> son derece rekabet\u00e7i fiyatlarla. SX, g\u00fcvenebilece\u011finiz kaliteyi mant\u0131kl\u0131 bir fiyata sunmay\u0131 taahh\u00fct eder. Sadece uzun \u00f6m\u00fcrl\u00fc de\u011fil, ayn\u0131 zamanda hem k\u00fc\u00e7\u00fck hem de b\u00fcy\u00fck \u00f6l\u00e7ekli projeler i\u00e7in uygun maliyetli \u00fcr\u00fcnler sa\u011flamaya odaklan\u0131yoruz.<\/p>\n<h4>D\u00fcnya \u00c7ap\u0131ndaki Profesyonellerin G\u00fcvendi\u011fi<\/h4>\n<p>SX <strong>U\u00e7u\u015f Kasas\u0131 K\u00f6\u015feleri<\/strong> ekipmanlar\u0131n\u0131n g\u00fcvenli, emniyetli ve harekete haz\u0131r olmas\u0131na g\u00fcvenen sekt\u00f6rlerdeki profesyoneller taraf\u0131ndan g\u00fcvenilmektedir. \u0130ster g\u00f6rsel-i\u015fitsel ekipmanlar, ister m\u00fczik aletleri veya di\u011fer hassas ekipmanlar i\u00e7in olsun, SX k\u00f6\u015feleri en \u00f6nemli \u015feyleri korumak i\u00e7in tasarlanm\u0131\u015ft\u0131r. SX'i se\u00e7mek, g\u00fcvenilirlik ve \u00fcst\u00fcn m\u00fc\u015fteri memnuniyeti ile bilinen bir markay\u0131 se\u00e7ti\u011finiz anlam\u0131na gelir.<\/p>\n<h4>Bug\u00fcn \u0130leti\u015fime Ge\u00e7in<\/h4>\n<p>SX ile vakalar\u0131n\u0131z\u0131 geli\u015ftirmeye haz\u0131r olun <strong>U\u00e7u\u015f Kasas\u0131 K\u00f6\u015feleri<\/strong>? \u0130htiya\u00e7lar\u0131n\u0131za y\u00f6nelik m\u00fckemmel \u00e7\u00f6z\u00fcm\u00fc ke\u015ffetmek i\u00e7in bug\u00fcn bize ula\u015f\u0131n. SX ile, koruyucu donan\u0131mda en iyisini sunmak i\u00e7in kalite, uygun fiyat ve uzman i\u015f\u00e7ili\u011fi birle\u015ftiren bir marka se\u00e7mi\u015f olursunuz.<\/p>\n<p>Hemen \u0130leti\u015fime Ge\u00e7in:<span style=\"color: #0000ff;\"><a style=\"color: #0000ff;\" href=\"https:\/\/sxpowercase.com\/contact-us\/\">https:\/\/sxpowercase.com\/<\/a><\/span><\/p>\n<p>Donan\u0131m \u00dcr\u00fcn Katalo\u011fu\uff1a<span style=\"color: #3366ff;\"><a style=\"color: #3366ff;\" href=\"https:\/\/sxpowercase.com\/wp-content\/uploads\/2024\/07\/\u4e94\u91d1.pdf\">Donan\u0131m aksesuarlar\u0131 katalo\u011fu<\/a><\/span><\/p>","protected":false},"excerpt":{"rendered":"<h3>SX Flight Case K\u00f6\u015feleri: \u00dcst\u00fcn Donan\u0131m Korumas\u0131<\/h3>\n<p>Zorlu ko\u015fullar i\u00e7in tasarlanm\u0131\u015f ve ta\u015f\u0131ma s\u0131ras\u0131nda ekipman\u0131n\u0131z\u0131 g\u00fcvende tutmak i\u00e7in tasarlanm\u0131\u015f SX Flight Case Corners ile de\u011ferli ekipmanlar\u0131n\u0131z\u0131 koruyun. Uygun fiyatlarla fabrikadan do\u011frudan kaliteyi elde edin.<\/p>\n<h3>Dayan\u0131kl\u0131 ve Kurulumu Kolay<\/h3>\n<p>SX Flight Case Corners, g\u00fcvenilir dayan\u0131kl\u0131l\u0131k i\u00e7in y\u00fcksek kaliteli malzemelerden \u00fcretilmi\u015ftir. Kurulumu kolayd\u0131r ve \u00e7ok \u00e7e\u015fitli kasalarla uyumludur, kusursuz entegrasyon ve geli\u015fmi\u015f koruma sunar.<\/p>\n<h3>Rekabet\u00e7i Fiyatlarla \u00d6zel \u00c7\u00f6z\u00fcmler<\/h3>\n<p>SX, ihtiya\u00e7lar\u0131n\u0131za g\u00f6re uyarlanm\u0131\u015f \u00f6zelle\u015ftirilebilir Flight Case K\u00f6\u015feleri sunar. D\u00fcnya \u00e7ap\u0131nda profesyoneller taraf\u0131ndan g\u00fcvenilen, b\u00fct\u00e7enizi zorlamadan birinci s\u0131n\u0131f kalite ve uzman i\u015f\u00e7ili\u011fin avantajlar\u0131ndan yararlan\u0131n.<\/p>","protected":false},"featured_media":4081,"comment_status":"open","ping_status":"closed","template":"","meta":[],"product_brand":[],"product_cat":[63],"product_tag":[],"class_list":{"0":"post-4120","1":"product","2":"type-product","3":"status-publish","4":"has-post-thumbnail","6":"product_cat-corners","8":"first","9":"instock","10":"shipping-taxable","11":"product-type-simple"},"yoast_head":"<!-- This site is optimized with the Yoast SEO Premium plugin v27.1 (Yoast SEO v27.2) - https:\/\/yoast.com\/product\/yoast-seo-premium-wordpress\/ -->\n<title>Flight Case Corner COA108 - https:\/\/sxflightcase.com \ud83d\udc97<\/title>\n<meta name=\"description\" content=\"Flight case corner, factory direct! High-quality, durable protection for case edges, ensuring long-lasting reliability during transport. Ideal for safeguarding your equipment.\" \/>\n<meta name=\"robots\" content=\"index, follow, max-snippet:-1, max-image-preview:large, max-video-preview:-1\" \/>\n<link rel=\"canonical\" href=\"https:\/\/sxflightcase.com\/tr\/produk\/sudut-kotak-penerbangan-coa108\/\" \/>\n<meta property=\"og:locale\" content=\"tr_TR\" \/>\n<meta property=\"og:type\" content=\"article\" \/>\n<meta property=\"og:title\" content=\"Flight Case Corner COA108\" \/>\n<meta property=\"og:description\" content=\"Flight case corner, factory direct! High-quality, durable protection for case edges, ensuring long-lasting reliability during transport. Ideal for safeguarding your equipment.\" \/>\n<meta property=\"og:url\" content=\"https:\/\/sxflightcase.com\/tr\/produk\/sudut-kotak-penerbangan-coa108\/\" \/>\n<meta property=\"og:site_name\" content=\"https:\/\/sxflightcase.com\" \/>\n<meta property=\"article:publisher\" content=\"https:\/\/www.facebook.com\/profile.php?id=61560407257971\" \/>\n<meta property=\"article:modified_time\" content=\"2024-08-15T06:55:00+00:00\" \/>\n<meta property=\"og:image\" content=\"https:\/\/sxflightcase.com\/wp-content\/uploads\/2024\/08\/COA109.jpg\" \/>\n\t<meta property=\"og:image:width\" content=\"520\" \/>\n\t<meta property=\"og:image:height\" content=\"520\" \/>\n\t<meta property=\"og:image:type\" content=\"image\/jpeg\" \/>\n<meta name=\"twitter:card\" content=\"summary_large_image\" \/>\n<meta name=\"twitter:label1\" content=\"Tahmini okuma s\u00fcresi\" \/>\n\t<meta name=\"twitter:data1\" content=\"3 dakika\" \/>\n<script type=\"application\/ld+json\" class=\"yoast-schema-graph\">{\"@context\":\"https:\/\/schema.org\",\"@graph\":[{\"@type\":\"WebPage\",\"@id\":\"https:\/\/sxflightcase.com\/id\/produk\/sudut-kotak-penerbangan-coa108\/\",\"url\":\"https:\/\/sxflightcase.com\/id\/produk\/sudut-kotak-penerbangan-coa108\/\",\"name\":\"Flight Case Corner COA108 - https:\/\/sxflightcase.com \ud83d\udc97\",\"isPartOf\":{\"@id\":\"https:\/\/sxflightcase.com\/th\/#website\"},\"primaryImageOfPage\":{\"@id\":\"https:\/\/sxflightcase.com\/id\/produk\/sudut-kotak-penerbangan-coa108\/#primaryimage\"},\"image\":{\"@id\":\"https:\/\/sxflightcase.com\/id\/produk\/sudut-kotak-penerbangan-coa108\/#primaryimage\"},\"thumbnailUrl\":\"https:\/\/sxflightcase.com\/wp-content\/uploads\/2024\/08\/COA109.jpg\",\"datePublished\":\"2024-08-15T06:54:59+00:00\",\"dateModified\":\"2024-08-15T06:55:00+00:00\",\"description\":\"Flight case corner, factory direct! High-quality, durable protection for case edges, ensuring long-lasting reliability during transport. Ideal for safeguarding your equipment.\",\"breadcrumb\":{\"@id\":\"https:\/\/sxflightcase.com\/id\/produk\/sudut-kotak-penerbangan-coa108\/#breadcrumb\"},\"inLanguage\":\"tr\",\"potentialAction\":[{\"@type\":\"ReadAction\",\"target\":[\"https:\/\/sxflightcase.com\/id\/produk\/sudut-kotak-penerbangan-coa108\/\"]}]},{\"@type\":\"ImageObject\",\"inLanguage\":\"tr\",\"@id\":\"https:\/\/sxflightcase.com\/id\/produk\/sudut-kotak-penerbangan-coa108\/#primaryimage\",\"url\":\"https:\/\/sxflightcase.com\/wp-content\/uploads\/2024\/08\/COA109.jpg\",\"contentUrl\":\"https:\/\/sxflightcase.com\/wp-content\/uploads\/2024\/08\/COA109.jpg\",\"width\":520,\"height\":520,\"caption\":\"Flight Case Corner\"},{\"@type\":\"BreadcrumbList\",\"@id\":\"https:\/\/sxflightcase.com\/id\/produk\/sudut-kotak-penerbangan-coa108\/#breadcrumb\",\"itemListElement\":[{\"@type\":\"ListItem\",\"position\":1,\"name\":\"Home\",\"item\":\"https:\/\/sxflightcase.com\/\"},{\"@type\":\"ListItem\",\"position\":2,\"name\":\"\u0e2a\u0e34\u0e19\u0e04\u0e49\u0e32\",\"item\":\"https:\/\/sxflightcase.com\/th\/shop\/\"},{\"@type\":\"ListItem\",\"position\":3,\"name\":\"Flight Case Corner COA108\"}]},{\"@type\":\"WebSite\",\"@id\":\"https:\/\/sxflightcase.com\/th\/#website\",\"url\":\"https:\/\/sxflightcase.com\/th\/\",\"name\":\"sxpowercase.com\",\"description\":\"Flight Case Factory\",\"publisher\":{\"@id\":\"https:\/\/sxflightcase.com\/th\/#organization\"},\"potentialAction\":[{\"@type\":\"SearchAction\",\"target\":{\"@type\":\"EntryPoint\",\"urlTemplate\":\"https:\/\/sxflightcase.com\/th\/?s={search_term_string}\"},\"query-input\":{\"@type\":\"PropertyValueSpecification\",\"valueRequired\":true,\"valueName\":\"search_term_string\"}}],\"inLanguage\":\"tr\"},{\"@type\":\"Organization\",\"@id\":\"https:\/\/sxflightcase.com\/th\/#organization\",\"name\":\"sxpowercase.com\",\"url\":\"https:\/\/sxflightcase.com\/th\/\",\"logo\":{\"@type\":\"ImageObject\",\"inLanguage\":\"tr\",\"@id\":\"https:\/\/sxflightcase.com\/th\/#\/schema\/logo\/image\/\",\"url\":\"https:\/\/sxflightcase.com\/wp-content\/uploads\/2024\/04\/1713919036007.jpg\",\"contentUrl\":\"https:\/\/sxflightcase.com\/wp-content\/uploads\/2024\/04\/1713919036007.jpg\",\"width\":382,\"height\":388,\"caption\":\"sxpowercase.com\"},\"image\":{\"@id\":\"https:\/\/sxflightcase.com\/th\/#\/schema\/logo\/image\/\"},\"sameAs\":[\"https:\/\/www.facebook.com\/profile.php?id=61560407257971\"],\"numberOfEmployees\":{\"@type\":\"QuantitativeValue\",\"minValue\":\"11\",\"maxValue\":\"50\"}}]}<\/script>\n<!-- \/ Yoast SEO Premium plugin. -->","yoast_head_json":{"title":"Flight Case Corner COA108 - https:\/\/sxflightcase.com \ud83d\udc97","description":"U\u00e7u\u015f kutusu k\u00f6\u015fesi, fabrikadan do\u011frudan! Ta\u015f\u0131ma s\u0131ras\u0131nda uzun s\u00fcreli g\u00fcvenilirlik sa\u011flayan, kutu kenarlar\u0131 i\u00e7in y\u00fcksek kaliteli, dayan\u0131kl\u0131 koruma. Ekipman\u0131n\u0131z\u0131 korumak i\u00e7in idealdir.","robots":{"index":"index","follow":"follow","max-snippet":"max-snippet:-1","max-image-preview":"max-image-preview:large","max-video-preview":"max-video-preview:-1"},"canonical":"https:\/\/sxflightcase.com\/tr\/produk\/sudut-kotak-penerbangan-coa108\/","og_locale":"tr_TR","og_type":"article","og_title":"Flight Case Corner COA108","og_description":"Flight case corner, factory direct! High-quality, durable protection for case edges, ensuring long-lasting reliability during transport. Ideal for safeguarding your equipment.","og_url":"https:\/\/sxflightcase.com\/tr\/produk\/sudut-kotak-penerbangan-coa108\/","og_site_name":"https:\/\/sxflightcase.com","article_publisher":"https:\/\/www.facebook.com\/profile.php?id=61560407257971","article_modified_time":"2024-08-15T06:55:00+00:00","og_image":[{"width":520,"height":520,"url":"https:\/\/sxflightcase.com\/wp-content\/uploads\/2024\/08\/COA109.jpg","type":"image\/jpeg"}],"twitter_card":"summary_large_image","twitter_misc":{"Tahmini okuma s\u00fcresi":"3 dakika"},"schema":{"@context":"https:\/\/schema.org","@graph":[{"@type":"WebPage","@id":"https:\/\/sxflightcase.com\/id\/produk\/sudut-kotak-penerbangan-coa108\/","url":"https:\/\/sxflightcase.com\/id\/produk\/sudut-kotak-penerbangan-coa108\/","name":"Flight Case Corner COA108 - https:\/\/sxflightcase.com \ud83d\udc97","isPartOf":{"@id":"https:\/\/sxflightcase.com\/th\/#website"},"primaryImageOfPage":{"@id":"https:\/\/sxflightcase.com\/id\/produk\/sudut-kotak-penerbangan-coa108\/#primaryimage"},"image":{"@id":"https:\/\/sxflightcase.com\/id\/produk\/sudut-kotak-penerbangan-coa108\/#primaryimage"},"thumbnailUrl":"https:\/\/sxflightcase.com\/wp-content\/uploads\/2024\/08\/COA109.jpg","datePublished":"2024-08-15T06:54:59+00:00","dateModified":"2024-08-15T06:55:00+00:00","description":"U\u00e7u\u015f kutusu k\u00f6\u015fesi, fabrikadan do\u011frudan! Ta\u015f\u0131ma s\u0131ras\u0131nda uzun s\u00fcreli g\u00fcvenilirlik sa\u011flayan, kutu kenarlar\u0131 i\u00e7in y\u00fcksek kaliteli, dayan\u0131kl\u0131 koruma. Ekipman\u0131n\u0131z\u0131 korumak i\u00e7in idealdir.","breadcrumb":{"@id":"https:\/\/sxflightcase.com\/id\/produk\/sudut-kotak-penerbangan-coa108\/#breadcrumb"},"inLanguage":"tr","potentialAction":[{"@type":"ReadAction","target":["https:\/\/sxflightcase.com\/id\/produk\/sudut-kotak-penerbangan-coa108\/"]}]},{"@type":"ImageObject","inLanguage":"tr","@id":"https:\/\/sxflightcase.com\/id\/produk\/sudut-kotak-penerbangan-coa108\/#primaryimage","url":"https:\/\/sxflightcase.com\/wp-content\/uploads\/2024\/08\/COA109.jpg","contentUrl":"https:\/\/sxflightcase.com\/wp-content\/uploads\/2024\/08\/COA109.jpg","width":520,"height":520,"caption":"Flight Case Corner"},{"@type":"BreadcrumbList","@id":"https:\/\/sxflightcase.com\/id\/produk\/sudut-kotak-penerbangan-coa108\/#breadcrumb","itemListElement":[{"@type":"ListItem","position":1,"name":"Home","item":"https:\/\/sxflightcase.com\/"},{"@type":"ListItem","position":2,"name":"\u0e2a\u0e34\u0e19\u0e04\u0e49\u0e32","item":"https:\/\/sxflightcase.com\/th\/shop\/"},{"@type":"ListItem","position":3,"name":"Flight Case Corner COA108"}]},{"@type":"WebSite","@id":"https:\/\/sxflightcase.com\/th\/#website","url":"https:\/\/sxflightcase.com\/th\/","name":"sxpowercase.com","description":"U\u00e7u\u015f \u00c7antas\u0131 Fabrikas\u0131","publisher":{"@id":"https:\/\/sxflightcase.com\/th\/#organization"},"potentialAction":[{"@type":"SearchAction","target":{"@type":"EntryPoint","urlTemplate":"https:\/\/sxflightcase.com\/th\/?s={search_term_string}"},"query-input":{"@type":"PropertyValueSpecification","valueRequired":true,"valueName":"search_term_string"}}],"inLanguage":"tr"},{"@type":"Organization","@id":"https:\/\/sxflightcase.com\/th\/#organization","name":"sxpowercase.com","url":"https:\/\/sxflightcase.com\/th\/","logo":{"@type":"ImageObject","inLanguage":"tr","@id":"https:\/\/sxflightcase.com\/th\/#\/schema\/logo\/image\/","url":"https:\/\/sxflightcase.com\/wp-content\/uploads\/2024\/04\/1713919036007.jpg","contentUrl":"https:\/\/sxflightcase.com\/wp-content\/uploads\/2024\/04\/1713919036007.jpg","width":382,"height":388,"caption":"sxpowercase.com"},"image":{"@id":"https:\/\/sxflightcase.com\/th\/#\/schema\/logo\/image\/"},"sameAs":["https:\/\/www.facebook.com\/profile.php?id=61560407257971"],"numberOfEmployees":{"@type":"QuantitativeValue","minValue":"11","maxValue":"50"}}]}},"_links":{"self":[{"href":"https:\/\/sxflightcase.com\/tr\/wp-json\/wp\/v2\/product\/4120","targetHints":{"allow":["GET"]}}],"collection":[{"href":"https:\/\/sxflightcase.com\/tr\/wp-json\/wp\/v2\/product"}],"about":[{"href":"https:\/\/sxflightcase.com\/tr\/wp-json\/wp\/v2\/types\/product"}],"replies":[{"embeddable":true,"href":"https:\/\/sxflightcase.com\/tr\/wp-json\/wp\/v2\/comments?post=4120"}],"version-history":[{"count":0,"href":"https:\/\/sxflightcase.com\/tr\/wp-json\/wp\/v2\/product\/4120\/revisions"}],"wp:featuredmedia":[{"embeddable":true,"href":"https:\/\/sxflightcase.com\/tr\/wp-json\/wp\/v2\/media\/4081"}],"wp:attachment":[{"href":"https:\/\/sxflightcase.com\/tr\/wp-json\/wp\/v2\/media?parent=4120"}],"wp:term":[{"taxonomy":"product_brand","embeddable":true,"href":"https:\/\/sxflightcase.com\/tr\/wp-json\/wp\/v2\/product_brand?post=4120"},{"taxonomy":"product_cat","embeddable":true,"href":"https:\/\/sxflightcase.com\/tr\/wp-json\/wp\/v2\/product_cat?post=4120"},{"taxonomy":"product_tag","embeddable":true,"href":"https:\/\/sxflightcase.com\/tr\/wp-json\/wp\/v2\/product_tag?post=4120"}],"curies":[{"name":"wp","href":"https:\/\/api.w.org\/{rel}","templated":true}]}}