{"id":4122,"date":"2024-08-15T08:02:54","date_gmt":"2024-08-15T07:02:54","guid":{"rendered":"https:\/\/sxpowercase.com\/?post_type=product&#038;p=4122"},"modified":"2024-08-15T08:02:55","modified_gmt":"2024-08-15T07:02:55","slug":"flight-case-corner-coa110","status":"publish","type":"product","link":"https:\/\/sxflightcase.com\/tr\/urun\/ucus-kasasi-kose-coa110\/","title":{"rendered":"U\u00e7u\u015f Kasas\u0131 K\u00f6\u015fe COA110"},"content":{"rendered":"<h3>SX Flight Case Corner ile Korumay\u0131 Geli\u015ftirin<\/h3>\n<h4>Ekipmanlar\u0131n\u0131z i\u00e7in G\u00fcvenilir Koruma<\/h4>\n<p>Hassas ekipmanlar\u0131 ta\u015f\u0131rken g\u00fcvenilir koruma esast\u0131r. SX&#039;in <strong>U\u00e7u\u015f Kasas\u0131 K\u00f6\u015fesi<\/strong>\u00a0Ta\u015f\u0131ma s\u0131ras\u0131nda ekipman\u0131n\u0131z\u0131 darbe ve a\u015f\u0131nmadan korumak i\u00e7in \u00f6zel olarak tasarlanm\u0131\u015ft\u0131r. G\u00fc\u00e7 ve dayan\u0131kl\u0131l\u0131k i\u00e7in \u00fcretilen bu k\u00f6\u015feler, uzun vadeli g\u00fcvenilirli\u011fi garanti ederken kasalar\u0131n\u0131z\u0131n ihtiya\u00e7 duydu\u011fu sa\u011flam savunmay\u0131 sa\u011flar. Do\u011frudan fabrika fiyatland\u0131rmas\u0131yla, <a href=\"https:\/\/sxpowercase.com\/\" target=\"_blank\" rel=\"noopener\" title=\"SX\" data-wpil-monitor-id=\"666\">SX<\/a> Uygun fiyatlarla en kaliteli \u00e7\u00f6z\u00fcmleri sunar.<\/p>\n<h4>Dayan\u0131kl\u0131 ve Uzun \u00d6m\u00fcrl\u00fc<\/h4>\n<p>SX <strong>U\u00e7u\u015f Kasas\u0131 K\u00f6\u015feleri<\/strong> a\u011f\u0131r darbelere ve zorlu ko\u015fullara dayan\u0131kl\u0131, sa\u011flam, y\u00fcksek kaliteli malzemelerden \u00fcretilmi\u015ftir. S\u0131k s\u0131k yolda olun veya g\u00fcvenilir bir depolamaya ihtiyac\u0131n\u0131z olsun, bu k\u00f6\u015feler en \u00e7ok ihtiya\u00e7 duyulan yerde geli\u015fmi\u015f koruma sa\u011flar. SX&#039;in kaliteye olan ba\u011fl\u0131l\u0131\u011f\u0131, her k\u00f6\u015fenin b\u00fct\u00e7e dostu bir fiyat\u0131 korurken s\u0131k\u0131 end\u00fcstri standartlar\u0131n\u0131 kar\u015f\u0131lamas\u0131n\u0131 sa\u011flar.<\/p>\n<h4>\u00c7ok Y\u00f6nl\u00fc ve Kurulumu Kolay<\/h4>\n<p>H\u0131zl\u0131 ve kolay kurulum i\u00e7in tasarlanan SX <strong>U\u00e7u\u015f Kasas\u0131 K\u00f6\u015feleri<\/strong> \u00c7e\u015fitli kasa tiplerine kusursuz bir \u015fekilde uyum sa\u011flar. Yeni kasalar monte ediyor veya eski kasalar\u0131 y\u00fckseltiyor olun, bu k\u00f6\u015feler u\u00e7u\u015f kasalar\u0131n\u0131z\u0131n hem dayan\u0131kl\u0131l\u0131\u011f\u0131n\u0131 hem de g\u00f6r\u00fcn\u00fcm\u00fcn\u00fc art\u0131r\u0131r. SX ile g\u00fcvenli bir uyum garanti eden zahmetsiz bir kurulum s\u00fcreci bekleyebilirsiniz.<\/p>\n<h4>Benzersiz \u0130htiya\u00e7lar \u0130\u00e7in \u00d6zelle\u015ftirilebilir Se\u00e7enekler<\/h4>\n<p>Her proje farkl\u0131d\u0131r ve SX bunu kabul eder. Bu y\u00fczden bizim <strong>U\u00e7u\u015f Kasas\u0131 K\u00f6\u015feleri<\/strong> \u00c7e\u015fitli \u00f6zelle\u015ftirilebilir se\u00e7eneklerle gelir ve \u00f6zel gereksinimlerinize uyacak m\u00fckemmel boyutu, \u015fekli ve biti\u015fi se\u00e7menize olanak tan\u0131r. SX, bankay\u0131 k\u0131rmadan ideal \u00fcr\u00fcn\u00fc elde etmenizi sa\u011flamak i\u00e7in kaliteli i\u015f\u00e7ili\u011fi esnek tasar\u0131m se\u00e7enekleriyle birle\u015ftirir.<\/p>\n<h4>G\u00fcvenebilece\u011finiz Uygun Fiyatl\u0131 Kalite<\/h4>\n<p>Do\u011frudan fabrikadan gelen modelimizle SX, birinci s\u0131n\u0131f <strong>U\u00e7u\u015f Kasas\u0131 K\u00f6\u015feleri<\/strong> rekabet\u00e7i fiyatlarla. Kaliteyi \u00f6d\u00fcn vermeden uygun fiyatl\u0131l\u0131\u011f\u0131 vurguluyor, paran\u0131z\u0131n kar\u015f\u0131l\u0131\u011f\u0131nda en iyi de\u011feri sunuyoruz. \u0130ster k\u00fc\u00e7\u00fck bir i\u015fletme olun ister b\u00fcy\u00fck \u00f6l\u00e7ekli projelerle ilgileniyor olun, SX b\u00fct\u00e7enize uygun g\u00fcvenilir \u00e7\u00f6z\u00fcmler sunar.<\/p>\n<h4>D\u00fcnya \u00e7ap\u0131nda profesyoneller taraf\u0131ndan g\u00fcvenilir<\/h4>\n<p>SX <strong>U\u00e7u\u015f Kasas\u0131 K\u00f6\u015feleri<\/strong> dayan\u0131kl\u0131l\u0131klar\u0131 ve etkinlikleri nedeniyle bir\u00e7ok sekt\u00f6rdeki profesyoneller taraf\u0131ndan g\u00fcvenilirdir. M\u00fczisyenlerden AV teknisyenlerine kadar, k\u00f6\u015felerimiz ekipman g\u00fcvenli\u011fini \u00f6nceliklendirenler i\u00e7in tercih edilen se\u00e7enektir. SX&#039;i se\u00e7ti\u011finizde, \u00fcst\u00fcn performans ve m\u00fc\u015fteri memnuniyetiyle bilinen bir markay\u0131 se\u00e7mi\u015f olursunuz.<\/p>\n<h4>Daha Fazla Bilgi \u0130\u00e7in Bizimle \u0130leti\u015fime Ge\u00e7in<\/h4>\n<p>Kasalar\u0131n\u0131z\u0131 y\u00fcksek kaliteli SX ile y\u00fckseltmeye haz\u0131r olun <strong>U\u00e7u\u015f Kasas\u0131 K\u00f6\u015feleri<\/strong>? Se\u00e7eneklerinizi ke\u015ffetmek ve ihtiya\u00e7lar\u0131n\u0131za en uygun olan\u0131 bulmak i\u00e7in bug\u00fcn bizimle ileti\u015fime ge\u00e7in. SX, ekipman\u0131n\u0131z i\u00e7in rakipsiz koruma sa\u011flayan kalite, uygun fiyat ve yenilik\u00e7i tasar\u0131mlar sunmaya kendini adam\u0131\u015ft\u0131r.<\/p>\n<p>Hemen \u0130leti\u015fime Ge\u00e7in:<span style=\"color: #0000ff;\"><a style=\"color: #0000ff;\" href=\"https:\/\/sxpowercase.com\/contact-us\/\">https:\/\/sxpowercase.com\/<\/a><\/span><\/p>\n<p>Donan\u0131m \u00dcr\u00fcn Katalo\u011fu\uff1a<span style=\"color: #3366ff;\"><a style=\"color: #3366ff;\" href=\"https:\/\/sxpowercase.com\/wp-content\/uploads\/2024\/07\/\u4e94\u91d1.pdf\">Donan\u0131m aksesuarlar\u0131 katalo\u011fu<\/a><\/span><\/p>","protected":false},"excerpt":{"rendered":"<h3>SX Flight Case K\u00f6\u015feleri: \u00dcst\u00fcn Donan\u0131m Korumas\u0131<\/h3>\n<p>Zorlu ko\u015fullar i\u00e7in tasarlanm\u0131\u015f ve ta\u015f\u0131ma s\u0131ras\u0131nda ekipman\u0131n\u0131z\u0131 g\u00fcvende tutmak i\u00e7in tasarlanm\u0131\u015f SX Flight Case Corners ile de\u011ferli ekipmanlar\u0131n\u0131z\u0131 koruyun. Uygun fiyatlarla fabrikadan do\u011frudan kaliteyi elde edin.<\/p>\n<h3>Dayan\u0131kl\u0131 ve Kurulumu Kolay<\/h3>\n<p>SX Flight Case Corners, g\u00fcvenilir dayan\u0131kl\u0131l\u0131k i\u00e7in y\u00fcksek kaliteli malzemelerden \u00fcretilmi\u015ftir. Kurulumu kolayd\u0131r ve \u00e7ok \u00e7e\u015fitli kasalarla uyumludur, kusursuz entegrasyon ve geli\u015fmi\u015f koruma sunar.<\/p>\n<h3>Rekabet\u00e7i Fiyatlarla \u00d6zel \u00c7\u00f6z\u00fcmler<\/h3>\n<p>SX, ihtiya\u00e7lar\u0131n\u0131za g\u00f6re uyarlanm\u0131\u015f \u00f6zelle\u015ftirilebilir Flight Case K\u00f6\u015feleri sunar. D\u00fcnya \u00e7ap\u0131nda profesyoneller taraf\u0131ndan g\u00fcvenilen, b\u00fct\u00e7enizi zorlamadan birinci s\u0131n\u0131f kalite ve uzman i\u015f\u00e7ili\u011fin avantajlar\u0131ndan yararlan\u0131n.<\/p>","protected":false},"featured_media":4082,"comment_status":"open","ping_status":"closed","template":"","meta":[],"product_brand":[],"product_cat":[63],"product_tag":[],"class_list":{"0":"post-4122","1":"product","2":"type-product","3":"status-publish","4":"has-post-thumbnail","6":"product_cat-corners","8":"first","9":"instock","10":"shipping-taxable","11":"product-type-simple"},"yoast_head":"<!-- This site is optimized with the Yoast SEO Premium plugin v27.1 (Yoast SEO v27.2) - https:\/\/yoast.com\/product\/yoast-seo-premium-wordpress\/ -->\n<title>Flight Case Corner COA110 - https:\/\/sxflightcase.com \ud83d\udc97<\/title>\n<meta name=\"description\" content=\"Flight case corner, factory direct! High-quality, durable protection for case edges, ensuring long-lasting reliability during transport. Ideal for safeguarding your equipment.\" \/>\n<meta name=\"robots\" content=\"index, follow, max-snippet:-1, max-image-preview:large, max-video-preview:-1\" \/>\n<link rel=\"canonical\" href=\"https:\/\/sxflightcase.com\/tr\/\u4ea7\u54c1\/\u98de\u884c\u7bb1\u8f6c\u89d2-coa110\/\" \/>\n<meta property=\"og:locale\" content=\"tr_TR\" \/>\n<meta property=\"og:type\" content=\"article\" \/>\n<meta property=\"og:title\" content=\"Flight Case Corner COA110\" \/>\n<meta property=\"og:description\" content=\"Flight case corner, factory direct! High-quality, durable protection for case edges, ensuring long-lasting reliability during transport. Ideal for safeguarding your equipment.\" \/>\n<meta property=\"og:url\" content=\"https:\/\/sxflightcase.com\/tr\/\u4ea7\u54c1\/\u98de\u884c\u7bb1\u8f6c\u89d2-coa110\/\" \/>\n<meta property=\"og:site_name\" content=\"https:\/\/sxflightcase.com\" \/>\n<meta property=\"article:publisher\" content=\"https:\/\/www.facebook.com\/profile.php?id=61560407257971\" \/>\n<meta property=\"article:modified_time\" content=\"2024-08-15T07:02:55+00:00\" \/>\n<meta property=\"og:image\" content=\"https:\/\/sxflightcase.com\/wp-content\/uploads\/2024\/08\/COA110.jpg\" \/>\n\t<meta property=\"og:image:width\" content=\"520\" \/>\n\t<meta property=\"og:image:height\" content=\"511\" \/>\n\t<meta property=\"og:image:type\" content=\"image\/jpeg\" \/>\n<meta name=\"twitter:card\" content=\"summary_large_image\" \/>\n<meta name=\"twitter:label1\" content=\"Tahmini okuma s\u00fcresi\" \/>\n\t<meta name=\"twitter:data1\" content=\"3 dakika\" \/>\n<script type=\"application\/ld+json\" class=\"yoast-schema-graph\">{\"@context\":\"https:\/\/schema.org\",\"@graph\":[{\"@type\":\"WebPage\",\"@id\":\"https:\/\/sxflightcase.com\/zh\/\u4ea7\u54c1\/\u98de\u884c\u7bb1\u8f6c\u89d2-coa110\/\",\"url\":\"https:\/\/sxflightcase.com\/zh\/\u4ea7\u54c1\/\u98de\u884c\u7bb1\u8f6c\u89d2-coa110\/\",\"name\":\"Flight Case Corner COA110 - https:\/\/sxflightcase.com \ud83d\udc97\",\"isPartOf\":{\"@id\":\"https:\/\/sxflightcase.com\/th\/#website\"},\"primaryImageOfPage\":{\"@id\":\"https:\/\/sxflightcase.com\/zh\/\u4ea7\u54c1\/\u98de\u884c\u7bb1\u8f6c\u89d2-coa110\/#primaryimage\"},\"image\":{\"@id\":\"https:\/\/sxflightcase.com\/zh\/\u4ea7\u54c1\/\u98de\u884c\u7bb1\u8f6c\u89d2-coa110\/#primaryimage\"},\"thumbnailUrl\":\"https:\/\/sxflightcase.com\/wp-content\/uploads\/2024\/08\/COA110.jpg\",\"datePublished\":\"2024-08-15T07:02:54+00:00\",\"dateModified\":\"2024-08-15T07:02:55+00:00\",\"description\":\"Flight case corner, factory direct! High-quality, durable protection for case edges, ensuring long-lasting reliability during transport. Ideal for safeguarding your equipment.\",\"breadcrumb\":{\"@id\":\"https:\/\/sxflightcase.com\/zh\/\u4ea7\u54c1\/\u98de\u884c\u7bb1\u8f6c\u89d2-coa110\/#breadcrumb\"},\"inLanguage\":\"tr\",\"potentialAction\":[{\"@type\":\"ReadAction\",\"target\":[\"https:\/\/sxflightcase.com\/zh\/\u4ea7\u54c1\/\u98de\u884c\u7bb1\u8f6c\u89d2-coa110\/\"]}]},{\"@type\":\"ImageObject\",\"inLanguage\":\"tr\",\"@id\":\"https:\/\/sxflightcase.com\/zh\/\u4ea7\u54c1\/\u98de\u884c\u7bb1\u8f6c\u89d2-coa110\/#primaryimage\",\"url\":\"https:\/\/sxflightcase.com\/wp-content\/uploads\/2024\/08\/COA110.jpg\",\"contentUrl\":\"https:\/\/sxflightcase.com\/wp-content\/uploads\/2024\/08\/COA110.jpg\",\"width\":520,\"height\":511,\"caption\":\"Flight Case Corner\"},{\"@type\":\"BreadcrumbList\",\"@id\":\"https:\/\/sxflightcase.com\/zh\/\u4ea7\u54c1\/\u98de\u884c\u7bb1\u8f6c\u89d2-coa110\/#breadcrumb\",\"itemListElement\":[{\"@type\":\"ListItem\",\"position\":1,\"name\":\"Home\",\"item\":\"https:\/\/sxflightcase.com\/\"},{\"@type\":\"ListItem\",\"position\":2,\"name\":\"\u0e2a\u0e34\u0e19\u0e04\u0e49\u0e32\",\"item\":\"https:\/\/sxflightcase.com\/th\/shop\/\"},{\"@type\":\"ListItem\",\"position\":3,\"name\":\"Flight Case Corner COA110\"}]},{\"@type\":\"WebSite\",\"@id\":\"https:\/\/sxflightcase.com\/th\/#website\",\"url\":\"https:\/\/sxflightcase.com\/th\/\",\"name\":\"sxpowercase.com\",\"description\":\"Flight Case Factory\",\"publisher\":{\"@id\":\"https:\/\/sxflightcase.com\/th\/#organization\"},\"potentialAction\":[{\"@type\":\"SearchAction\",\"target\":{\"@type\":\"EntryPoint\",\"urlTemplate\":\"https:\/\/sxflightcase.com\/th\/?s={search_term_string}\"},\"query-input\":{\"@type\":\"PropertyValueSpecification\",\"valueRequired\":true,\"valueName\":\"search_term_string\"}}],\"inLanguage\":\"tr\"},{\"@type\":\"Organization\",\"@id\":\"https:\/\/sxflightcase.com\/th\/#organization\",\"name\":\"sxpowercase.com\",\"url\":\"https:\/\/sxflightcase.com\/th\/\",\"logo\":{\"@type\":\"ImageObject\",\"inLanguage\":\"tr\",\"@id\":\"https:\/\/sxflightcase.com\/th\/#\/schema\/logo\/image\/\",\"url\":\"https:\/\/sxflightcase.com\/wp-content\/uploads\/2024\/04\/1713919036007.jpg\",\"contentUrl\":\"https:\/\/sxflightcase.com\/wp-content\/uploads\/2024\/04\/1713919036007.jpg\",\"width\":382,\"height\":388,\"caption\":\"sxpowercase.com\"},\"image\":{\"@id\":\"https:\/\/sxflightcase.com\/th\/#\/schema\/logo\/image\/\"},\"sameAs\":[\"https:\/\/www.facebook.com\/profile.php?id=61560407257971\"],\"numberOfEmployees\":{\"@type\":\"QuantitativeValue\",\"minValue\":\"11\",\"maxValue\":\"50\"}}]}<\/script>\n<!-- \/ Yoast SEO Premium plugin. -->","yoast_head_json":{"title":"Flight Case Corner COA110 - https:\/\/sxflightcase.com \ud83d\udc97","description":"U\u00e7u\u015f kutusu k\u00f6\u015fesi, fabrikadan do\u011frudan! Ta\u015f\u0131ma s\u0131ras\u0131nda uzun s\u00fcreli g\u00fcvenilirlik sa\u011flayan, kutu kenarlar\u0131 i\u00e7in y\u00fcksek kaliteli, dayan\u0131kl\u0131 koruma. Ekipman\u0131n\u0131z\u0131 korumak i\u00e7in idealdir.","robots":{"index":"index","follow":"follow","max-snippet":"max-snippet:-1","max-image-preview":"max-image-preview:large","max-video-preview":"max-video-preview:-1"},"canonical":"https:\/\/sxflightcase.com\/tr\/\u4ea7\u54c1\/\u98de\u884c\u7bb1\u8f6c\u89d2-coa110\/","og_locale":"tr_TR","og_type":"article","og_title":"Flight Case Corner COA110","og_description":"Flight case corner, factory direct! High-quality, durable protection for case edges, ensuring long-lasting reliability during transport. Ideal for safeguarding your equipment.","og_url":"https:\/\/sxflightcase.com\/tr\/\u4ea7\u54c1\/\u98de\u884c\u7bb1\u8f6c\u89d2-coa110\/","og_site_name":"https:\/\/sxflightcase.com","article_publisher":"https:\/\/www.facebook.com\/profile.php?id=61560407257971","article_modified_time":"2024-08-15T07:02:55+00:00","og_image":[{"width":520,"height":511,"url":"https:\/\/sxflightcase.com\/wp-content\/uploads\/2024\/08\/COA110.jpg","type":"image\/jpeg"}],"twitter_card":"summary_large_image","twitter_misc":{"Tahmini okuma s\u00fcresi":"3 dakika"},"schema":{"@context":"https:\/\/schema.org","@graph":[{"@type":"WebPage","@id":"https:\/\/sxflightcase.com\/zh\/\u4ea7\u54c1\/\u98de\u884c\u7bb1\u8f6c\u89d2-coa110\/","url":"https:\/\/sxflightcase.com\/zh\/\u4ea7\u54c1\/\u98de\u884c\u7bb1\u8f6c\u89d2-coa110\/","name":"Flight Case Corner COA110 - https:\/\/sxflightcase.com \ud83d\udc97","isPartOf":{"@id":"https:\/\/sxflightcase.com\/th\/#website"},"primaryImageOfPage":{"@id":"https:\/\/sxflightcase.com\/zh\/\u4ea7\u54c1\/\u98de\u884c\u7bb1\u8f6c\u89d2-coa110\/#primaryimage"},"image":{"@id":"https:\/\/sxflightcase.com\/zh\/\u4ea7\u54c1\/\u98de\u884c\u7bb1\u8f6c\u89d2-coa110\/#primaryimage"},"thumbnailUrl":"https:\/\/sxflightcase.com\/wp-content\/uploads\/2024\/08\/COA110.jpg","datePublished":"2024-08-15T07:02:54+00:00","dateModified":"2024-08-15T07:02:55+00:00","description":"U\u00e7u\u015f kutusu k\u00f6\u015fesi, fabrikadan do\u011frudan! Ta\u015f\u0131ma s\u0131ras\u0131nda uzun s\u00fcreli g\u00fcvenilirlik sa\u011flayan, kutu kenarlar\u0131 i\u00e7in y\u00fcksek kaliteli, dayan\u0131kl\u0131 koruma. Ekipman\u0131n\u0131z\u0131 korumak i\u00e7in idealdir.","breadcrumb":{"@id":"https:\/\/sxflightcase.com\/zh\/\u4ea7\u54c1\/\u98de\u884c\u7bb1\u8f6c\u89d2-coa110\/#breadcrumb"},"inLanguage":"tr","potentialAction":[{"@type":"ReadAction","target":["https:\/\/sxflightcase.com\/zh\/\u4ea7\u54c1\/\u98de\u884c\u7bb1\u8f6c\u89d2-coa110\/"]}]},{"@type":"ImageObject","inLanguage":"tr","@id":"https:\/\/sxflightcase.com\/zh\/\u4ea7\u54c1\/\u98de\u884c\u7bb1\u8f6c\u89d2-coa110\/#primaryimage","url":"https:\/\/sxflightcase.com\/wp-content\/uploads\/2024\/08\/COA110.jpg","contentUrl":"https:\/\/sxflightcase.com\/wp-content\/uploads\/2024\/08\/COA110.jpg","width":520,"height":511,"caption":"Flight Case Corner"},{"@type":"BreadcrumbList","@id":"https:\/\/sxflightcase.com\/zh\/\u4ea7\u54c1\/\u98de\u884c\u7bb1\u8f6c\u89d2-coa110\/#breadcrumb","itemListElement":[{"@type":"ListItem","position":1,"name":"Home","item":"https:\/\/sxflightcase.com\/"},{"@type":"ListItem","position":2,"name":"\u0e2a\u0e34\u0e19\u0e04\u0e49\u0e32","item":"https:\/\/sxflightcase.com\/th\/shop\/"},{"@type":"ListItem","position":3,"name":"Flight Case Corner COA110"}]},{"@type":"WebSite","@id":"https:\/\/sxflightcase.com\/th\/#website","url":"https:\/\/sxflightcase.com\/th\/","name":"sxpowercase.com","description":"U\u00e7u\u015f \u00c7antas\u0131 Fabrikas\u0131","publisher":{"@id":"https:\/\/sxflightcase.com\/th\/#organization"},"potentialAction":[{"@type":"SearchAction","target":{"@type":"EntryPoint","urlTemplate":"https:\/\/sxflightcase.com\/th\/?s={search_term_string}"},"query-input":{"@type":"PropertyValueSpecification","valueRequired":true,"valueName":"search_term_string"}}],"inLanguage":"tr"},{"@type":"Organization","@id":"https:\/\/sxflightcase.com\/th\/#organization","name":"sxpowercase.com","url":"https:\/\/sxflightcase.com\/th\/","logo":{"@type":"ImageObject","inLanguage":"tr","@id":"https:\/\/sxflightcase.com\/th\/#\/schema\/logo\/image\/","url":"https:\/\/sxflightcase.com\/wp-content\/uploads\/2024\/04\/1713919036007.jpg","contentUrl":"https:\/\/sxflightcase.com\/wp-content\/uploads\/2024\/04\/1713919036007.jpg","width":382,"height":388,"caption":"sxpowercase.com"},"image":{"@id":"https:\/\/sxflightcase.com\/th\/#\/schema\/logo\/image\/"},"sameAs":["https:\/\/www.facebook.com\/profile.php?id=61560407257971"],"numberOfEmployees":{"@type":"QuantitativeValue","minValue":"11","maxValue":"50"}}]}},"_links":{"self":[{"href":"https:\/\/sxflightcase.com\/tr\/wp-json\/wp\/v2\/product\/4122","targetHints":{"allow":["GET"]}}],"collection":[{"href":"https:\/\/sxflightcase.com\/tr\/wp-json\/wp\/v2\/product"}],"about":[{"href":"https:\/\/sxflightcase.com\/tr\/wp-json\/wp\/v2\/types\/product"}],"replies":[{"embeddable":true,"href":"https:\/\/sxflightcase.com\/tr\/wp-json\/wp\/v2\/comments?post=4122"}],"version-history":[{"count":0,"href":"https:\/\/sxflightcase.com\/tr\/wp-json\/wp\/v2\/product\/4122\/revisions"}],"wp:featuredmedia":[{"embeddable":true,"href":"https:\/\/sxflightcase.com\/tr\/wp-json\/wp\/v2\/media\/4082"}],"wp:attachment":[{"href":"https:\/\/sxflightcase.com\/tr\/wp-json\/wp\/v2\/media?parent=4122"}],"wp:term":[{"taxonomy":"product_brand","embeddable":true,"href":"https:\/\/sxflightcase.com\/tr\/wp-json\/wp\/v2\/product_brand?post=4122"},{"taxonomy":"product_cat","embeddable":true,"href":"https:\/\/sxflightcase.com\/tr\/wp-json\/wp\/v2\/product_cat?post=4122"},{"taxonomy":"product_tag","embeddable":true,"href":"https:\/\/sxflightcase.com\/tr\/wp-json\/wp\/v2\/product_tag?post=4122"}],"curies":[{"name":"wp","href":"https:\/\/api.w.org\/{rel}","templated":true}]}}