{"id":4123,"date":"2024-08-15T08:06:33","date_gmt":"2024-08-15T07:06:33","guid":{"rendered":"https:\/\/sxpowercase.com\/?post_type=product&#038;p=4123"},"modified":"2024-08-15T08:06:34","modified_gmt":"2024-08-15T07:06:34","slug":"flight-case-corners-coa201","status":"publish","type":"product","link":"https:\/\/sxflightcase.com\/tr\/urun\/ucus-cantasi-koseleri\u0307-coa201-2\/","title":{"rendered":"U\u00e7u\u015f Kasas\u0131 K\u00f6\u015feleri COA201"},"content":{"rendered":"<h3>SX U\u00e7u\u015f \u00c7antas\u0131 K\u00f6\u015feleri ile Koruman\u0131z\u0131 Y\u00fckseltin<\/h3>\n<h4>K\u0131r\u0131lgan Ekipmanlar i\u00e7in \u00dcst\u00fcn Koruma<\/h4>\n<p>Ekipman\u0131n\u0131z hareket halindeyken, onu hasara kar\u015f\u0131 korumak \u00e7ok \u00f6nemlidir. SX'in <strong>U\u00e7u\u015f Kasas\u0131 K\u00f6\u015feleri<\/strong> darbelere, d\u00fc\u015fmelere ve g\u00fcnl\u00fck a\u015f\u0131nmaya kar\u015f\u0131 ola\u011fan\u00fcst\u00fc koruma sa\u011flar. Esneklik i\u00e7in tasarlanan bu k\u00f6\u015feler, u\u00e7u\u015f \u00e7antalar\u0131n\u0131z\u0131n yap\u0131sal b\u00fct\u00fcnl\u00fc\u011f\u00fcn\u00fc korumas\u0131n\u0131 sa\u011flarken benzersiz bir dayan\u0131kl\u0131l\u0131k sunar. SX'in do\u011frudan fabrikadan fiyatland\u0131rmas\u0131 sayesinde, \u015fi\u015firilmi\u015f maliyetler olmadan y\u00fcksek kaliteli koruma elde edersiniz.<\/p>\n<h4>A\u011f\u0131r Kullan\u0131ma Dayanacak \u015eekilde \u00dcretilmi\u015ftir<\/h4>\n<p>Birinci s\u0131n\u0131f malzemelerden \u00fcretilmi\u015ftir, <a href=\"https:\/\/sxpowercase.com\/\" target=\"_blank\" rel=\"noopener\" title=\"SX\" data-wpil-monitor-id=\"667\">SX<\/a> <strong>U\u00e7u\u015f Kasas\u0131 K\u00f6\u015feleri<\/strong> en zorlu ko\u015fullara bile dayanacak \u015fekilde tasarlanm\u0131\u015ft\u0131r. \u0130ster turda ister depoda olsun, bu k\u00f6\u015feler k\u0131l\u0131flar\u0131n\u0131z\u0131 zorlu kullan\u0131mlara kar\u015f\u0131 g\u00fc\u00e7lendirir. SX, sa\u011flam ancak b\u00fct\u00e7e dostu g\u00fcvenilir bile\u015fenler alman\u0131z\u0131 sa\u011flayarak hem onar\u0131mlardan hem de de\u011fi\u015ftirmelerden tasarruf etmenize yard\u0131mc\u0131 olur.<\/p>\n<h4>Kolay Uygulama ve G\u00fcvenli Uyum<\/h4>\n<p>SX <strong>U\u00e7u\u015f Kasas\u0131 K\u00f6\u015feleri<\/strong> sorunsuz kurulum i\u00e7in tasarlanm\u0131\u015ft\u0131r ve \u00e7e\u015fitli kasa tiplerine tam oturur. \u0130ster eski kasalar\u0131 g\u00fc\u00e7lendirin ister yeni kasalar in\u015fa edin, bu k\u00f6\u015feler kasalar\u0131n\u0131za daha fazla g\u00fc\u00e7 ve parlak bir g\u00f6r\u00fcn\u00fcm kazand\u0131r\u0131r. SX ile ekipmanlar\u0131n\u0131z\u0131 g\u00fcvence alt\u0131na almak hi\u00e7 bu kadar kolay veya uygun maliyetli olmam\u0131\u015ft\u0131.<\/p>\n<h4>\u0130htiya\u00e7lar\u0131n\u0131za Uygun \u00d6zelle\u015ftirme<\/h4>\n<p>Her vakan\u0131n kendine \u00f6zg\u00fc gereksinimleri vard\u0131r ve SX \u015funlar\u0131 sunar <strong>U\u00e7u\u015f Kasas\u0131 K\u00f6\u015feleri<\/strong> \u00f6zel ihtiya\u00e7lar\u0131n\u0131z\u0131 kar\u015f\u0131lamak \u00fczere \u00f6zelle\u015ftirilebilir. Farkl\u0131 \u015fekillerden \u00f6zel y\u00fczeylere kadar, k\u00f6\u015felerimiz hem i\u015flevsel hem de estetik tercihlere uyacak \u015fekilde tasarlanm\u0131\u015ft\u0131r. SX, fiyattan \u00f6d\u00fcn vermeden \u00e7ok y\u00f6nl\u00fc \u00e7\u00f6z\u00fcmler sunar ve size ihtiyac\u0131n\u0131z olan esnekli\u011fi sa\u011flar.<\/p>\n<h4>Kar\u015f\u0131layabilece\u011finiz Kalite<\/h4>\n<p>SX, fabrikadan do\u011frudan tasarruf ile titiz kalite kontrol\u00fcn\u00fc bir araya getirerek \u015funlar\u0131 sunar <strong>U\u00e7u\u015f Kasas\u0131 K\u00f6\u015fesi<\/strong>\u00a0ola\u011fan\u00fcst\u00fc de\u011fer sunar. Fiyatland\u0131rmam\u0131z, vakalar\u0131n\u0131z\u0131n talep etti\u011fi dayan\u0131kl\u0131l\u0131k ve korumadan \u00f6d\u00fcn vermeden rekabet\u00e7i olacak \u015fekilde tasarlanm\u0131\u015ft\u0131r. \u0130htiya\u00e7lar\u0131n\u0131z ister k\u00fc\u00e7\u00fck \u00f6l\u00e7ekli ister end\u00fcstriyel boyutta olsun, SX uygun fiyat ve kalitenin m\u00fckemmel kar\u0131\u015f\u0131m\u0131n\u0131 sunar.<\/p>\n<h4>D\u00fcnya \u00c7ap\u0131ndaki Uzmanlar\u0131n G\u00fcvendi\u011fi<\/h4>\n<p>Farkl\u0131 sekt\u00f6rlerden profesyoneller SX'e g\u00fcveniyor <strong>U\u00e7u\u015f Kasas\u0131 K\u00f6\u015feleri<\/strong> kan\u0131tlanm\u0131\u015f g\u00fcvenilirlikleri ve uzun \u00f6m\u00fcrl\u00fc performanslar\u0131 i\u00e7in. \u0130ster ses donan\u0131m\u0131, ister ayd\u0131nlatma ekipman\u0131 veya di\u011fer hassas aletlerle u\u011fra\u015f\u0131yor olun, k\u00f6\u015felerimiz zorlu kullan\u0131mlara dayan\u0131kl\u0131 sa\u011flam koruma sunar. Ekipman\u0131n\u0131z\u0131 korumak s\u00f6z konusu oldu\u011funda, uzmanlar\u0131n tercih etti\u011fi markaya g\u00fcvenin-SX.<\/p>\n<h4>En \u0130yi \u00c7\u00f6z\u00fcmler \u0130\u00e7in \u0130leti\u015fime Ge\u00e7in<\/h4>\n<p>Do\u011fru ki\u015fiyi ar\u0131yorum <strong>U\u00e7u\u015f Kasas\u0131 K\u00f6\u015feleri<\/strong> ihtiya\u00e7lar\u0131n\u0131z i\u00e7in? \u00d6zelle\u015ftirilebilir se\u00e7eneklerimiz ve rekabet\u00e7i fiyatlar\u0131m\u0131z hakk\u0131nda daha fazla bilgi edinmek i\u00e7in bug\u00fcn SX'e ula\u015f\u0131n. Kaliteli \u00fcr\u00fcnler ve ola\u011fan\u00fcst\u00fc de\u011fer sunma konusunda bir \u00fcne sahip olan SX, bankay\u0131 bozmayacak g\u00fcvenilir \u00e7\u00f6z\u00fcmler isteyen profesyoneller i\u00e7in ba\u015fvurulacak kaynakt\u0131r.<\/p>\n<p>Hemen \u0130leti\u015fime Ge\u00e7in:<span style=\"color: #0000ff;\"><a style=\"color: #0000ff;\" href=\"https:\/\/sxpowercase.com\/contact-us\/\">https:\/\/sxpowercase.com\/<\/a><\/span><\/p>\n<p>Donan\u0131m \u00dcr\u00fcn Katalo\u011fu\uff1a<span style=\"color: #3366ff;\"><a style=\"color: #3366ff;\" href=\"https:\/\/sxpowercase.com\/wp-content\/uploads\/2024\/07\/\u4e94\u91d1.pdf\">Donan\u0131m aksesuarlar\u0131 katalo\u011fu<\/a><\/span><\/p>","protected":false},"excerpt":{"rendered":"<h3>SX U\u00e7u\u015f \u00c7antas\u0131 K\u00f6\u015feleri: \u00dcst\u00fcn Di\u015fli Korumas\u0131<\/h3>\n<p>Darbelere, d\u00fc\u015fmelere ve g\u00fcnl\u00fck y\u0131pranmaya dayanacak \u015fekilde tasarlanm\u0131\u015f SX U\u00e7u\u015f \u00c7antas\u0131 K\u00f6\u015feleri ile hassas ekipmanlar\u0131n\u0131z\u0131 koruyun. Fabrika do\u011frudan fiyatlar\u0131yla \u00fcst\u00fcn kalite elde edin, \u015fi\u015firilmi\u015f maliyetler olmadan g\u00fcvenilir koruma sa\u011flay\u0131n.<\/p>\n<h3>Kolay Kurulum, Zorlu Performans<\/h3>\n<p>SX U\u00e7u\u015f \u00c7antas\u0131 K\u00f6\u015feleri a\u011f\u0131r kullan\u0131m ve zahmetsiz uygulama i\u00e7in \u00fcretilmi\u015ftir. \u0130ster eski kasalar\u0131 y\u00fckseltin ister yenilerini monte edin, bu k\u00f6\u015feler g\u00fcc\u00fc art\u0131r\u0131r ve cilal\u0131 bir g\u00f6r\u00fcn\u00fcm sunar.<\/p>\n<h3>Uygun Fiyatlarla \u00d6zel \u00c7\u00f6z\u00fcmler<\/h3>\n<p>SX, \u00e7ok y\u00f6nl\u00fcl\u00fc\u011f\u00fc ekonomiklikle harmanlayarak tam ihtiya\u00e7lar\u0131n\u0131za g\u00f6re uyarlanm\u0131\u015f \u00f6zelle\u015ftirilebilir U\u00e7u\u015f \u00c7antas\u0131 K\u00f6\u015feleri sunar. D\u00fcnya \u00e7ap\u0131nda profesyonellerin g\u00fcvendi\u011fi SX, g\u00fcvenebilece\u011finiz bir kalite sunar.<\/p>","protected":false},"featured_media":4083,"comment_status":"open","ping_status":"closed","template":"","meta":[],"product_brand":[],"product_cat":[63],"product_tag":[],"class_list":{"0":"post-4123","1":"product","2":"type-product","3":"status-publish","4":"has-post-thumbnail","6":"product_cat-corners","8":"first","9":"instock","10":"shipping-taxable","11":"product-type-simple"},"yoast_head":"<!-- This site is optimized with the Yoast SEO Premium plugin v27.1 (Yoast SEO v27.2) - https:\/\/yoast.com\/product\/yoast-seo-premium-wordpress\/ -->\n<title>Flight Case Corners COA201 - https:\/\/sxflightcase.com \ud83d\udc97<\/title>\n<meta name=\"description\" content=\"Flight case corners, factory direct! High-quality, durable edge protection for flight cases. Prevents damage during transport and ensures long-lasting reliability for your equipment.\" \/>\n<meta name=\"robots\" content=\"index, follow, max-snippet:-1, max-image-preview:large, max-video-preview:-1\" \/>\n<link rel=\"canonical\" href=\"https:\/\/sxflightcase.com\/tr\/produkt\/flight-case-hjorner-coa201-2\/\" \/>\n<meta property=\"og:locale\" content=\"tr_TR\" \/>\n<meta property=\"og:type\" content=\"article\" \/>\n<meta property=\"og:title\" content=\"Flight Case Corners COA201\" \/>\n<meta property=\"og:description\" content=\"Flight case corners, factory direct! High-quality, durable edge protection for flight cases. Prevents damage during transport and ensures long-lasting reliability for your equipment.\" \/>\n<meta property=\"og:url\" content=\"https:\/\/sxflightcase.com\/tr\/produkt\/flight-case-hjorner-coa201-2\/\" \/>\n<meta property=\"og:site_name\" content=\"https:\/\/sxflightcase.com\" \/>\n<meta property=\"article:publisher\" content=\"https:\/\/www.facebook.com\/profile.php?id=61560407257971\" \/>\n<meta property=\"article:modified_time\" content=\"2024-08-15T07:06:34+00:00\" \/>\n<meta property=\"og:image\" content=\"https:\/\/sxflightcase.com\/wp-content\/uploads\/2024\/08\/COA201.jpg\" \/>\n\t<meta property=\"og:image:width\" content=\"520\" \/>\n\t<meta property=\"og:image:height\" content=\"551\" \/>\n\t<meta property=\"og:image:type\" content=\"image\/jpeg\" \/>\n<meta name=\"twitter:card\" content=\"summary_large_image\" \/>\n<meta name=\"twitter:label1\" content=\"Tahmini okuma s\u00fcresi\" \/>\n\t<meta name=\"twitter:data1\" content=\"3 dakika\" \/>\n<script type=\"application\/ld+json\" class=\"yoast-schema-graph\">{\"@context\":\"https:\/\/schema.org\",\"@graph\":[{\"@type\":\"WebPage\",\"@id\":\"https:\/\/sxflightcase.com\/da\/produkt\/flight-case-hjorner-coa201-2\/\",\"url\":\"https:\/\/sxflightcase.com\/da\/produkt\/flight-case-hjorner-coa201-2\/\",\"name\":\"Flight Case Corners COA201 - https:\/\/sxflightcase.com \ud83d\udc97\",\"isPartOf\":{\"@id\":\"https:\/\/sxflightcase.com\/th\/#website\"},\"primaryImageOfPage\":{\"@id\":\"https:\/\/sxflightcase.com\/da\/produkt\/flight-case-hjorner-coa201-2\/#primaryimage\"},\"image\":{\"@id\":\"https:\/\/sxflightcase.com\/da\/produkt\/flight-case-hjorner-coa201-2\/#primaryimage\"},\"thumbnailUrl\":\"https:\/\/sxflightcase.com\/wp-content\/uploads\/2024\/08\/COA201.jpg\",\"datePublished\":\"2024-08-15T07:06:33+00:00\",\"dateModified\":\"2024-08-15T07:06:34+00:00\",\"description\":\"Flight case corners, factory direct! High-quality, durable edge protection for flight cases. Prevents damage during transport and ensures long-lasting reliability for your equipment.\",\"breadcrumb\":{\"@id\":\"https:\/\/sxflightcase.com\/da\/produkt\/flight-case-hjorner-coa201-2\/#breadcrumb\"},\"inLanguage\":\"tr\",\"potentialAction\":[{\"@type\":\"ReadAction\",\"target\":[\"https:\/\/sxflightcase.com\/da\/produkt\/flight-case-hjorner-coa201-2\/\"]}]},{\"@type\":\"ImageObject\",\"inLanguage\":\"tr\",\"@id\":\"https:\/\/sxflightcase.com\/da\/produkt\/flight-case-hjorner-coa201-2\/#primaryimage\",\"url\":\"https:\/\/sxflightcase.com\/wp-content\/uploads\/2024\/08\/COA201.jpg\",\"contentUrl\":\"https:\/\/sxflightcase.com\/wp-content\/uploads\/2024\/08\/COA201.jpg\",\"width\":520,\"height\":551,\"caption\":\"Flight Case Corners\"},{\"@type\":\"BreadcrumbList\",\"@id\":\"https:\/\/sxflightcase.com\/da\/produkt\/flight-case-hjorner-coa201-2\/#breadcrumb\",\"itemListElement\":[{\"@type\":\"ListItem\",\"position\":1,\"name\":\"Home\",\"item\":\"https:\/\/sxflightcase.com\/\"},{\"@type\":\"ListItem\",\"position\":2,\"name\":\"\u0e2a\u0e34\u0e19\u0e04\u0e49\u0e32\",\"item\":\"https:\/\/sxflightcase.com\/th\/shop\/\"},{\"@type\":\"ListItem\",\"position\":3,\"name\":\"Flight Case Corners COA201\"}]},{\"@type\":\"WebSite\",\"@id\":\"https:\/\/sxflightcase.com\/th\/#website\",\"url\":\"https:\/\/sxflightcase.com\/th\/\",\"name\":\"sxpowercase.com\",\"description\":\"Flight Case Factory\",\"publisher\":{\"@id\":\"https:\/\/sxflightcase.com\/th\/#organization\"},\"potentialAction\":[{\"@type\":\"SearchAction\",\"target\":{\"@type\":\"EntryPoint\",\"urlTemplate\":\"https:\/\/sxflightcase.com\/th\/?s={search_term_string}\"},\"query-input\":{\"@type\":\"PropertyValueSpecification\",\"valueRequired\":true,\"valueName\":\"search_term_string\"}}],\"inLanguage\":\"tr\"},{\"@type\":\"Organization\",\"@id\":\"https:\/\/sxflightcase.com\/th\/#organization\",\"name\":\"sxpowercase.com\",\"url\":\"https:\/\/sxflightcase.com\/th\/\",\"logo\":{\"@type\":\"ImageObject\",\"inLanguage\":\"tr\",\"@id\":\"https:\/\/sxflightcase.com\/th\/#\/schema\/logo\/image\/\",\"url\":\"https:\/\/sxflightcase.com\/wp-content\/uploads\/2024\/04\/1713919036007.jpg\",\"contentUrl\":\"https:\/\/sxflightcase.com\/wp-content\/uploads\/2024\/04\/1713919036007.jpg\",\"width\":382,\"height\":388,\"caption\":\"sxpowercase.com\"},\"image\":{\"@id\":\"https:\/\/sxflightcase.com\/th\/#\/schema\/logo\/image\/\"},\"sameAs\":[\"https:\/\/www.facebook.com\/profile.php?id=61560407257971\"],\"numberOfEmployees\":{\"@type\":\"QuantitativeValue\",\"minValue\":\"11\",\"maxValue\":\"50\"}}]}<\/script>\n<!-- \/ Yoast SEO Premium plugin. -->","yoast_head_json":{"title":"Flight Case Corners COA201 - https:\/\/sxflightcase.com \ud83d\udc97","description":"U\u00e7u\u015f \u00e7antas\u0131 k\u00f6\u015feleri, do\u011frudan fabrikada! U\u00e7u\u015f \u00e7antalar\u0131 i\u00e7in y\u00fcksek kaliteli, dayan\u0131kl\u0131 kenar korumas\u0131. Ta\u015f\u0131ma s\u0131ras\u0131nda hasar\u0131 \u00f6nler ve ekipman\u0131n\u0131z i\u00e7in uzun s\u00fcreli g\u00fcvenilirlik sa\u011flar.","robots":{"index":"index","follow":"follow","max-snippet":"max-snippet:-1","max-image-preview":"max-image-preview:large","max-video-preview":"max-video-preview:-1"},"canonical":"https:\/\/sxflightcase.com\/tr\/produkt\/flight-case-hjorner-coa201-2\/","og_locale":"tr_TR","og_type":"article","og_title":"Flight Case Corners COA201","og_description":"Flight case corners, factory direct! High-quality, durable edge protection for flight cases. Prevents damage during transport and ensures long-lasting reliability for your equipment.","og_url":"https:\/\/sxflightcase.com\/tr\/produkt\/flight-case-hjorner-coa201-2\/","og_site_name":"https:\/\/sxflightcase.com","article_publisher":"https:\/\/www.facebook.com\/profile.php?id=61560407257971","article_modified_time":"2024-08-15T07:06:34+00:00","og_image":[{"width":520,"height":551,"url":"https:\/\/sxflightcase.com\/wp-content\/uploads\/2024\/08\/COA201.jpg","type":"image\/jpeg"}],"twitter_card":"summary_large_image","twitter_misc":{"Tahmini okuma s\u00fcresi":"3 dakika"},"schema":{"@context":"https:\/\/schema.org","@graph":[{"@type":"WebPage","@id":"https:\/\/sxflightcase.com\/da\/produkt\/flight-case-hjorner-coa201-2\/","url":"https:\/\/sxflightcase.com\/da\/produkt\/flight-case-hjorner-coa201-2\/","name":"Flight Case Corners COA201 - https:\/\/sxflightcase.com \ud83d\udc97","isPartOf":{"@id":"https:\/\/sxflightcase.com\/th\/#website"},"primaryImageOfPage":{"@id":"https:\/\/sxflightcase.com\/da\/produkt\/flight-case-hjorner-coa201-2\/#primaryimage"},"image":{"@id":"https:\/\/sxflightcase.com\/da\/produkt\/flight-case-hjorner-coa201-2\/#primaryimage"},"thumbnailUrl":"https:\/\/sxflightcase.com\/wp-content\/uploads\/2024\/08\/COA201.jpg","datePublished":"2024-08-15T07:06:33+00:00","dateModified":"2024-08-15T07:06:34+00:00","description":"U\u00e7u\u015f \u00e7antas\u0131 k\u00f6\u015feleri, do\u011frudan fabrikada! U\u00e7u\u015f \u00e7antalar\u0131 i\u00e7in y\u00fcksek kaliteli, dayan\u0131kl\u0131 kenar korumas\u0131. Ta\u015f\u0131ma s\u0131ras\u0131nda hasar\u0131 \u00f6nler ve ekipman\u0131n\u0131z i\u00e7in uzun s\u00fcreli g\u00fcvenilirlik sa\u011flar.","breadcrumb":{"@id":"https:\/\/sxflightcase.com\/da\/produkt\/flight-case-hjorner-coa201-2\/#breadcrumb"},"inLanguage":"tr","potentialAction":[{"@type":"ReadAction","target":["https:\/\/sxflightcase.com\/da\/produkt\/flight-case-hjorner-coa201-2\/"]}]},{"@type":"ImageObject","inLanguage":"tr","@id":"https:\/\/sxflightcase.com\/da\/produkt\/flight-case-hjorner-coa201-2\/#primaryimage","url":"https:\/\/sxflightcase.com\/wp-content\/uploads\/2024\/08\/COA201.jpg","contentUrl":"https:\/\/sxflightcase.com\/wp-content\/uploads\/2024\/08\/COA201.jpg","width":520,"height":551,"caption":"Flight Case Corners"},{"@type":"BreadcrumbList","@id":"https:\/\/sxflightcase.com\/da\/produkt\/flight-case-hjorner-coa201-2\/#breadcrumb","itemListElement":[{"@type":"ListItem","position":1,"name":"Home","item":"https:\/\/sxflightcase.com\/"},{"@type":"ListItem","position":2,"name":"\u0e2a\u0e34\u0e19\u0e04\u0e49\u0e32","item":"https:\/\/sxflightcase.com\/th\/shop\/"},{"@type":"ListItem","position":3,"name":"Flight Case Corners COA201"}]},{"@type":"WebSite","@id":"https:\/\/sxflightcase.com\/th\/#website","url":"https:\/\/sxflightcase.com\/th\/","name":"sxpowercase.com","description":"U\u00e7u\u015f \u00c7antas\u0131 Fabrikas\u0131","publisher":{"@id":"https:\/\/sxflightcase.com\/th\/#organization"},"potentialAction":[{"@type":"SearchAction","target":{"@type":"EntryPoint","urlTemplate":"https:\/\/sxflightcase.com\/th\/?s={search_term_string}"},"query-input":{"@type":"PropertyValueSpecification","valueRequired":true,"valueName":"search_term_string"}}],"inLanguage":"tr"},{"@type":"Organization","@id":"https:\/\/sxflightcase.com\/th\/#organization","name":"sxpowercase.com","url":"https:\/\/sxflightcase.com\/th\/","logo":{"@type":"ImageObject","inLanguage":"tr","@id":"https:\/\/sxflightcase.com\/th\/#\/schema\/logo\/image\/","url":"https:\/\/sxflightcase.com\/wp-content\/uploads\/2024\/04\/1713919036007.jpg","contentUrl":"https:\/\/sxflightcase.com\/wp-content\/uploads\/2024\/04\/1713919036007.jpg","width":382,"height":388,"caption":"sxpowercase.com"},"image":{"@id":"https:\/\/sxflightcase.com\/th\/#\/schema\/logo\/image\/"},"sameAs":["https:\/\/www.facebook.com\/profile.php?id=61560407257971"],"numberOfEmployees":{"@type":"QuantitativeValue","minValue":"11","maxValue":"50"}}]}},"_links":{"self":[{"href":"https:\/\/sxflightcase.com\/tr\/wp-json\/wp\/v2\/product\/4123","targetHints":{"allow":["GET"]}}],"collection":[{"href":"https:\/\/sxflightcase.com\/tr\/wp-json\/wp\/v2\/product"}],"about":[{"href":"https:\/\/sxflightcase.com\/tr\/wp-json\/wp\/v2\/types\/product"}],"replies":[{"embeddable":true,"href":"https:\/\/sxflightcase.com\/tr\/wp-json\/wp\/v2\/comments?post=4123"}],"version-history":[{"count":0,"href":"https:\/\/sxflightcase.com\/tr\/wp-json\/wp\/v2\/product\/4123\/revisions"}],"wp:featuredmedia":[{"embeddable":true,"href":"https:\/\/sxflightcase.com\/tr\/wp-json\/wp\/v2\/media\/4083"}],"wp:attachment":[{"href":"https:\/\/sxflightcase.com\/tr\/wp-json\/wp\/v2\/media?parent=4123"}],"wp:term":[{"taxonomy":"product_brand","embeddable":true,"href":"https:\/\/sxflightcase.com\/tr\/wp-json\/wp\/v2\/product_brand?post=4123"},{"taxonomy":"product_cat","embeddable":true,"href":"https:\/\/sxflightcase.com\/tr\/wp-json\/wp\/v2\/product_cat?post=4123"},{"taxonomy":"product_tag","embeddable":true,"href":"https:\/\/sxflightcase.com\/tr\/wp-json\/wp\/v2\/product_tag?post=4123"}],"curies":[{"name":"wp","href":"https:\/\/api.w.org\/{rel}","templated":true}]}}