{"id":4133,"date":"2024-08-16T08:34:13","date_gmt":"2024-08-16T07:34:13","guid":{"rendered":"https:\/\/sxpowercase.com\/?post_type=product&#038;p=4133"},"modified":"2024-08-16T08:34:14","modified_gmt":"2024-08-16T07:34:14","slug":"flight-case-corner-protectors-coa203","status":"publish","type":"product","link":"https:\/\/sxflightcase.com\/tr\/urun\/ucus-kilifi-kose-koruyuculari-coa203\/","title":{"rendered":"U\u00e7u\u015f Kasas\u0131 K\u00f6\u015fe Koruyucular\u0131 COA203"},"content":{"rendered":"<h3>SX Dayan\u0131kl\u0131 U\u00e7u\u015f \u00c7antas\u0131 K\u00f6\u015fe Koruyucular\u0131<\/h3>\n<h4>G\u00fcvenilir Koruma ile Ekipman G\u00fcvenli\u011fini Art\u0131r\u0131n<\/h4>\n<p>De\u011ferli ekipmanlar\u0131n\u0131z\u0131 korumaya gelince, kalite \u00f6nemlidir. SX <strong>U\u00e7u\u015f Kasas\u0131 K\u00f6\u015fe Koruyucular\u0131<\/strong> Ta\u015f\u0131ma ve depolama s\u0131ras\u0131nda kasalar\u0131n\u0131za ihtiya\u00e7 duyduklar\u0131 dayan\u0131kl\u0131 korumay\u0131 sa\u011flamak i\u00e7in tasarlanm\u0131\u015ft\u0131r. Bu k\u00f6\u015fe koruyucular\u0131, y\u00fcksek kaliteli malzemelerden \u00fcretilmi\u015ftir ve ekipman\u0131n\u0131z\u0131n darbelerden, d\u00fc\u015fmelerden ve zorlu ko\u015fullardan g\u00fcvende kalmas\u0131n\u0131 sa\u011flar. SX&#039;in do\u011frudan fabrika fiyatland\u0131rmas\u0131yla, \u015fa\u015f\u0131rt\u0131c\u0131 derecede d\u00fc\u015f\u00fck bir fiyata birinci s\u0131n\u0131f korumaya yat\u0131r\u0131m yapabilirsiniz.<\/p>\n<h4>A\u011f\u0131r Hizmet Performans\u0131 \u0130\u00e7in \u00dcretildi<\/h4>\n<p><a href=\"https:\/\/sxpowercase.com\/\" target=\"_blank\" rel=\"noopener\" title=\"SX\" data-wpil-monitor-id=\"669\">SX<\/a> <strong>U\u00e7u\u015f Kasas\u0131 K\u00f6\u015fe Koruyucular\u0131<\/strong> zorlu ortamlarla ba\u015fa \u00e7\u0131kmak i\u00e7in tasarlanm\u0131\u015ft\u0131r ve bu da onlar\u0131 hareket halindeki profesyoneller i\u00e7in ideal hale getirir. Turne m\u00fczisyenlerinden g\u00f6rsel-i\u015fitsel teknisyenlere kadar, koruyucular\u0131m\u0131z tutarl\u0131 ve g\u00fcvenilir koruma sa\u011flar. S\u0131k\u0131 standartlara g\u00f6re \u00fcretilen bu koruyucular, maliyetlerinizi art\u0131rmadan g\u00fcvenebilece\u011finiz kalite sunar.<\/p>\n<h4>\u00c7ok Y\u00f6nl\u00fc Kullan\u0131m i\u00e7in Kolay Kurulum<\/h4>\n<p>Bizim <strong>U\u00e7u\u015f Kasas\u0131 K\u00f6\u015fe Koruyucular\u0131<\/strong> sorunsuz kurulum i\u00e7in tasarlanm\u0131\u015ft\u0131r ve \u00e7e\u015fitli kasa tiplerine kusursuz bir \u015fekilde uyar. Mevcut u\u00e7u\u015f kasalar\u0131n\u0131z\u0131 y\u00fckseltin veya yenilerini monte edin, SX&#039;in koruyucular\u0131 m\u00fckemmel uyumu sunar. Hassas tasar\u0131m ve y\u00fcksek dayan\u0131kl\u0131l\u0131k ile, kasalar\u0131n\u0131z\u0131n hem i\u015flevini hem de g\u00f6r\u00fcn\u00fcm\u00fcn\u00fc geli\u015ftirmek i\u00e7in onlara g\u00fcvenebilirsiniz.<\/p>\n<h4>Uygun Fiyatl\u0131, \u00d6zelle\u015ftirilebilir \u00c7\u00f6z\u00fcmler<\/h4>\n<p>SX&#039;te, farkl\u0131 vakalar\u0131n farkl\u0131 ihtiya\u00e7lar\u0131 oldu\u011funu anl\u0131yoruz. Bu nedenle, \u00f6zelle\u015ftirilebilir bir dizi <strong>U\u00e7u\u015f Kasas\u0131 K\u00f6\u015fe Koruyucular\u0131<\/strong> \u00f6zel gereksinimlerinize uyacak \u015fekilde. Boyut, \u015fekil ve kaplama se\u00e7enekleriyle k\u00f6\u015fe koruyucular\u0131n\u0131z\u0131 ekipman\u0131n\u0131za m\u00fckemmel \u015fekilde uyacak \u015fekilde \u00f6zelle\u015ftirebilirsiniz. Do\u011frudan fabrikadan yakla\u015f\u0131m\u0131m\u0131z, bu \u00e7\u00f6z\u00fcmlerin b\u00fct\u00e7enize uygun fiyatlarla sunulmas\u0131n\u0131 sa\u011flar.<\/p>\n<h4>G\u00fcvenilir Kalite, Garantili<\/h4>\n<p>SX&#039;i se\u00e7ti\u011finizde <strong>U\u00e7u\u015f Kasas\u0131 K\u00f6\u015fe Koruyucular\u0131<\/strong>, uzun \u00f6m\u00fcrl\u00fc kaliteye yat\u0131r\u0131m yap\u0131yorsunuz. \u00dcr\u00fcnlerimizin en y\u00fcksek standartlar\u0131 kar\u015f\u0131lamas\u0131n\u0131 sa\u011flamak i\u00e7in geli\u015fmi\u015f \u00fcretim tekniklerini s\u0131k\u0131 kalite kontrolleriyle birle\u015ftiriyoruz. Davalar\u0131n\u0131z\u0131n korunaca\u011f\u0131ndan emin olursunuz ve rekabet\u00e7i fiyatland\u0131rmam\u0131zla a\u015f\u0131r\u0131 harcama yapman\u0131za gerek kalmaz.<\/p>\n<h4>Profesyonellerin Tercihi<\/h4>\n<p>\u00c7e\u015fitli sekt\u00f6rlerdeki profesyoneller g\u00fcvenilir, uygun maliyetli koruma i\u00e7in SX&#039;e g\u00fcveniyor. <strong>U\u00e7u\u015f Kasas\u0131 K\u00f6\u015fe Koruyucu<\/strong>\u00a0d\u00fcnya \u00e7ap\u0131nda etkinlik ekipleri, lojistik ekipleri ve prod\u00fcksiyon profesyonelleri taraf\u0131ndan kullan\u0131l\u0131r. SX ile kalite, dayan\u0131kl\u0131l\u0131k ve rakipsiz de\u011fer ile bilinen bir markay\u0131 se\u00e7mi\u015f olursunuz.<\/p>\n<h4>En \u0130yi F\u0131rsatlar i\u00e7in SX ile Ba\u011flant\u0131 Kurun<\/h4>\n<p>Dayan\u0131kl\u0131 ve uygun fiyatl\u0131 m\u0131 ar\u0131yorsunuz? <strong>U\u00e7u\u015f Kasas\u0131 K\u00f6\u015fe Koruyucu<\/strong>? \u00dcr\u00fcn yelpazemizi ke\u015ffetmek i\u00e7in bug\u00fcn SX ile ileti\u015fime ge\u00e7in. U\u00e7u\u015f \u00e7antas\u0131 donan\u0131m\u0131nda g\u00fcvenilir bir isim olarak SX, b\u00fct\u00e7enizi a\u015fmadan ekipman\u0131n\u0131z\u0131 g\u00fcvende tutan \u00e7\u00f6z\u00fcmler i\u00e7in ba\u015fvuraca\u011f\u0131n\u0131z kaynakt\u0131r.<\/p>\n<p>Hemen \u0130leti\u015fime Ge\u00e7in:<span style=\"color: #0000ff;\"><a style=\"color: #0000ff;\" href=\"https:\/\/sxpowercase.com\/contact-us\/\">https:\/\/sxpowercase.com\/<\/a><\/span><\/p>\n<p>Donan\u0131m \u00dcr\u00fcn Katalo\u011fu\uff1a<span style=\"color: #3366ff;\"><a style=\"color: #3366ff;\" href=\"https:\/\/sxpowercase.com\/wp-content\/uploads\/2024\/07\/\u4e94\u91d1.pdf\">Donan\u0131m aksesuarlar\u0131 katalo\u011fu<\/a><\/span><\/p>","protected":false},"excerpt":{"rendered":"<h3>SX Flight Case K\u00f6\u015fe Koruyucular\u0131: Birinci S\u0131n\u0131f Ekipman Korumas\u0131<\/h3>\n<p>SX&#039;in dayan\u0131kl\u0131 Flight Case K\u00f6\u015fe Koruyucular\u0131 ile ekipman\u0131n\u0131z\u0131 g\u00fcvende tutun. Y\u00fcksek kaliteli malzemelerden \u00fcretilen bu \u00fcr\u00fcnler, fabrikadan do\u011frudan al\u0131nan fiyatlarla nakliye s\u0131ras\u0131nda darbe direnci ve g\u00fcvenilir koruma sa\u011flar.<\/p>\n<h3>A\u011f\u0131r Hizmet Tipi, Kurulumu Kolay<\/h3>\n<p>SX K\u00f6\u015fe Koruyucular\u0131 zorlu ortamlar i\u00e7in \u00fcretilmi\u015ftir ve t\u00fcm kasa tipleri i\u00e7in h\u0131zl\u0131 kurulum sunar. Kasalar\u0131n\u0131z i\u00e7in hem sa\u011flam performans hem de \u015f\u0131k bir y\u00fczey sunarlar.<\/p>\n<h3>\u00d6zelle\u015ftirilebilir ve Uygun Fiyatl\u0131 \u00c7\u00f6z\u00fcmler<\/h3>\n<p>SX Flight Case K\u00f6\u015fe Koruyucular\u0131n\u0131 ihtiya\u00e7lar\u0131n\u0131za g\u00f6re uyarlay\u0131n ve boyut ve biti\u015f i\u00e7in \u00f6zelle\u015ftirilebilir se\u00e7eneklerle \u00f6zelle\u015ftirin. D\u00fcnya \u00e7ap\u0131nda profesyoneller taraf\u0131ndan g\u00fcvenilen, bankay\u0131 k\u0131rmadan en \u00fcst d\u00fczey koruman\u0131n tad\u0131n\u0131 \u00e7\u0131kar\u0131n.<\/p>","protected":false},"featured_media":4085,"comment_status":"open","ping_status":"closed","template":"","meta":[],"product_brand":[],"product_cat":[63],"product_tag":[],"class_list":{"0":"post-4133","1":"product","2":"type-product","3":"status-publish","4":"has-post-thumbnail","6":"product_cat-corners","8":"first","9":"instock","10":"shipping-taxable","11":"product-type-simple"},"yoast_head":"<!-- This site is optimized with the Yoast SEO Premium plugin v27.1 (Yoast SEO v27.2) - https:\/\/yoast.com\/product\/yoast-seo-premium-wordpress\/ -->\n<title>Flight Case Corner Protectors COA203 - https:\/\/sxflightcase.com \ud83d\udc97<\/title>\n<meta name=\"description\" content=\"Flight case corner protectors, factory direct! Durable and high-quality edge protection for flight cases, ensuring reliable equipment safety during transport. Ideal for long-lasting use.\" \/>\n<meta name=\"robots\" content=\"index, follow, max-snippet:-1, max-image-preview:large, max-video-preview:-1\" \/>\n<link rel=\"canonical\" href=\"https:\/\/sxflightcase.com\/tr\/\uc81c\ud488\/\ud50c\ub77c\uc774\ud2b8-\ucf00\uc774\uc2a4-\ucf54\ub108-\ud504\ub85c\ud14d\ud130-coa203-2\/\" \/>\n<meta property=\"og:locale\" content=\"tr_TR\" \/>\n<meta property=\"og:type\" content=\"article\" \/>\n<meta property=\"og:title\" content=\"Flight Case Corner Protectors COA203\" \/>\n<meta property=\"og:description\" content=\"Flight case corner protectors, factory direct! Durable and high-quality edge protection for flight cases, ensuring reliable equipment safety during transport. Ideal for long-lasting use.\" \/>\n<meta property=\"og:url\" content=\"https:\/\/sxflightcase.com\/tr\/\uc81c\ud488\/\ud50c\ub77c\uc774\ud2b8-\ucf00\uc774\uc2a4-\ucf54\ub108-\ud504\ub85c\ud14d\ud130-coa203-2\/\" \/>\n<meta property=\"og:site_name\" content=\"https:\/\/sxflightcase.com\" \/>\n<meta property=\"article:publisher\" content=\"https:\/\/www.facebook.com\/profile.php?id=61560407257971\" \/>\n<meta property=\"article:modified_time\" content=\"2024-08-16T07:34:14+00:00\" \/>\n<meta property=\"og:image\" content=\"https:\/\/sxflightcase.com\/wp-content\/uploads\/2024\/08\/COA203.jpg\" \/>\n\t<meta property=\"og:image:width\" content=\"489\" \/>\n\t<meta property=\"og:image:height\" content=\"480\" \/>\n\t<meta property=\"og:image:type\" content=\"image\/jpeg\" \/>\n<meta name=\"twitter:card\" content=\"summary_large_image\" \/>\n<meta name=\"twitter:label1\" content=\"Tahmini okuma s\u00fcresi\" \/>\n\t<meta name=\"twitter:data1\" content=\"3 dakika\" \/>\n<script type=\"application\/ld+json\" class=\"yoast-schema-graph\">{\"@context\":\"https:\/\/schema.org\",\"@graph\":[{\"@type\":\"WebPage\",\"@id\":\"https:\/\/sxflightcase.com\/ko\/\uc81c\ud488\/\ud50c\ub77c\uc774\ud2b8-\ucf00\uc774\uc2a4-\ucf54\ub108-\ud504\ub85c\ud14d\ud130-coa203-2\/\",\"url\":\"https:\/\/sxflightcase.com\/ko\/\uc81c\ud488\/\ud50c\ub77c\uc774\ud2b8-\ucf00\uc774\uc2a4-\ucf54\ub108-\ud504\ub85c\ud14d\ud130-coa203-2\/\",\"name\":\"Flight Case Corner Protectors COA203 - https:\/\/sxflightcase.com \ud83d\udc97\",\"isPartOf\":{\"@id\":\"https:\/\/sxflightcase.com\/th\/#website\"},\"primaryImageOfPage\":{\"@id\":\"https:\/\/sxflightcase.com\/ko\/\uc81c\ud488\/\ud50c\ub77c\uc774\ud2b8-\ucf00\uc774\uc2a4-\ucf54\ub108-\ud504\ub85c\ud14d\ud130-coa203-2\/#primaryimage\"},\"image\":{\"@id\":\"https:\/\/sxflightcase.com\/ko\/\uc81c\ud488\/\ud50c\ub77c\uc774\ud2b8-\ucf00\uc774\uc2a4-\ucf54\ub108-\ud504\ub85c\ud14d\ud130-coa203-2\/#primaryimage\"},\"thumbnailUrl\":\"https:\/\/sxflightcase.com\/wp-content\/uploads\/2024\/08\/COA203.jpg\",\"datePublished\":\"2024-08-16T07:34:13+00:00\",\"dateModified\":\"2024-08-16T07:34:14+00:00\",\"description\":\"Flight case corner protectors, factory direct! Durable and high-quality edge protection for flight cases, ensuring reliable equipment safety during transport. Ideal for long-lasting use.\",\"breadcrumb\":{\"@id\":\"https:\/\/sxflightcase.com\/ko\/\uc81c\ud488\/\ud50c\ub77c\uc774\ud2b8-\ucf00\uc774\uc2a4-\ucf54\ub108-\ud504\ub85c\ud14d\ud130-coa203-2\/#breadcrumb\"},\"inLanguage\":\"tr\",\"potentialAction\":[{\"@type\":\"ReadAction\",\"target\":[\"https:\/\/sxflightcase.com\/ko\/\uc81c\ud488\/\ud50c\ub77c\uc774\ud2b8-\ucf00\uc774\uc2a4-\ucf54\ub108-\ud504\ub85c\ud14d\ud130-coa203-2\/\"]}]},{\"@type\":\"ImageObject\",\"inLanguage\":\"tr\",\"@id\":\"https:\/\/sxflightcase.com\/ko\/\uc81c\ud488\/\ud50c\ub77c\uc774\ud2b8-\ucf00\uc774\uc2a4-\ucf54\ub108-\ud504\ub85c\ud14d\ud130-coa203-2\/#primaryimage\",\"url\":\"https:\/\/sxflightcase.com\/wp-content\/uploads\/2024\/08\/COA203.jpg\",\"contentUrl\":\"https:\/\/sxflightcase.com\/wp-content\/uploads\/2024\/08\/COA203.jpg\",\"width\":489,\"height\":480,\"caption\":\"Flight Case Corner Protectors\"},{\"@type\":\"BreadcrumbList\",\"@id\":\"https:\/\/sxflightcase.com\/ko\/\uc81c\ud488\/\ud50c\ub77c\uc774\ud2b8-\ucf00\uc774\uc2a4-\ucf54\ub108-\ud504\ub85c\ud14d\ud130-coa203-2\/#breadcrumb\",\"itemListElement\":[{\"@type\":\"ListItem\",\"position\":1,\"name\":\"Home\",\"item\":\"https:\/\/sxflightcase.com\/\"},{\"@type\":\"ListItem\",\"position\":2,\"name\":\"\u0e2a\u0e34\u0e19\u0e04\u0e49\u0e32\",\"item\":\"https:\/\/sxflightcase.com\/th\/shop\/\"},{\"@type\":\"ListItem\",\"position\":3,\"name\":\"Flight Case Corner Protectors COA203\"}]},{\"@type\":\"WebSite\",\"@id\":\"https:\/\/sxflightcase.com\/th\/#website\",\"url\":\"https:\/\/sxflightcase.com\/th\/\",\"name\":\"sxpowercase.com\",\"description\":\"Flight Case Factory\",\"publisher\":{\"@id\":\"https:\/\/sxflightcase.com\/th\/#organization\"},\"potentialAction\":[{\"@type\":\"SearchAction\",\"target\":{\"@type\":\"EntryPoint\",\"urlTemplate\":\"https:\/\/sxflightcase.com\/th\/?s={search_term_string}\"},\"query-input\":{\"@type\":\"PropertyValueSpecification\",\"valueRequired\":true,\"valueName\":\"search_term_string\"}}],\"inLanguage\":\"tr\"},{\"@type\":\"Organization\",\"@id\":\"https:\/\/sxflightcase.com\/th\/#organization\",\"name\":\"sxpowercase.com\",\"url\":\"https:\/\/sxflightcase.com\/th\/\",\"logo\":{\"@type\":\"ImageObject\",\"inLanguage\":\"tr\",\"@id\":\"https:\/\/sxflightcase.com\/th\/#\/schema\/logo\/image\/\",\"url\":\"https:\/\/sxflightcase.com\/wp-content\/uploads\/2024\/04\/1713919036007.jpg\",\"contentUrl\":\"https:\/\/sxflightcase.com\/wp-content\/uploads\/2024\/04\/1713919036007.jpg\",\"width\":382,\"height\":388,\"caption\":\"sxpowercase.com\"},\"image\":{\"@id\":\"https:\/\/sxflightcase.com\/th\/#\/schema\/logo\/image\/\"},\"sameAs\":[\"https:\/\/www.facebook.com\/profile.php?id=61560407257971\"],\"numberOfEmployees\":{\"@type\":\"QuantitativeValue\",\"minValue\":\"11\",\"maxValue\":\"50\"}}]}<\/script>\n<!-- \/ Yoast SEO Premium plugin. -->","yoast_head_json":{"title":"Flight Case Corner Protectors COA203 - https:\/\/sxflightcase.com \ud83d\udc97","description":"U\u00e7u\u015f kutusu k\u00f6\u015fe koruyucular\u0131, do\u011frudan fabrikadan! U\u00e7u\u015f kutular\u0131 i\u00e7in dayan\u0131kl\u0131 ve y\u00fcksek kaliteli kenar korumas\u0131, ta\u015f\u0131ma s\u0131ras\u0131nda g\u00fcvenilir ekipman g\u00fcvenli\u011fi sa\u011flar. Uzun \u00f6m\u00fcrl\u00fc kullan\u0131m i\u00e7in idealdir.","robots":{"index":"index","follow":"follow","max-snippet":"max-snippet:-1","max-image-preview":"max-image-preview:large","max-video-preview":"max-video-preview:-1"},"canonical":"https:\/\/sxflightcase.com\/tr\/\uc81c\ud488\/\ud50c\ub77c\uc774\ud2b8-\ucf00\uc774\uc2a4-\ucf54\ub108-\ud504\ub85c\ud14d\ud130-coa203-2\/","og_locale":"tr_TR","og_type":"article","og_title":"Flight Case Corner Protectors COA203","og_description":"Flight case corner protectors, factory direct! Durable and high-quality edge protection for flight cases, ensuring reliable equipment safety during transport. Ideal for long-lasting use.","og_url":"https:\/\/sxflightcase.com\/tr\/\uc81c\ud488\/\ud50c\ub77c\uc774\ud2b8-\ucf00\uc774\uc2a4-\ucf54\ub108-\ud504\ub85c\ud14d\ud130-coa203-2\/","og_site_name":"https:\/\/sxflightcase.com","article_publisher":"https:\/\/www.facebook.com\/profile.php?id=61560407257971","article_modified_time":"2024-08-16T07:34:14+00:00","og_image":[{"width":489,"height":480,"url":"https:\/\/sxflightcase.com\/wp-content\/uploads\/2024\/08\/COA203.jpg","type":"image\/jpeg"}],"twitter_card":"summary_large_image","twitter_misc":{"Tahmini okuma s\u00fcresi":"3 dakika"},"schema":{"@context":"https:\/\/schema.org","@graph":[{"@type":"WebPage","@id":"https:\/\/sxflightcase.com\/ko\/\uc81c\ud488\/\ud50c\ub77c\uc774\ud2b8-\ucf00\uc774\uc2a4-\ucf54\ub108-\ud504\ub85c\ud14d\ud130-coa203-2\/","url":"https:\/\/sxflightcase.com\/ko\/\uc81c\ud488\/\ud50c\ub77c\uc774\ud2b8-\ucf00\uc774\uc2a4-\ucf54\ub108-\ud504\ub85c\ud14d\ud130-coa203-2\/","name":"Flight Case Corner Protectors COA203 - https:\/\/sxflightcase.com \ud83d\udc97","isPartOf":{"@id":"https:\/\/sxflightcase.com\/th\/#website"},"primaryImageOfPage":{"@id":"https:\/\/sxflightcase.com\/ko\/\uc81c\ud488\/\ud50c\ub77c\uc774\ud2b8-\ucf00\uc774\uc2a4-\ucf54\ub108-\ud504\ub85c\ud14d\ud130-coa203-2\/#primaryimage"},"image":{"@id":"https:\/\/sxflightcase.com\/ko\/\uc81c\ud488\/\ud50c\ub77c\uc774\ud2b8-\ucf00\uc774\uc2a4-\ucf54\ub108-\ud504\ub85c\ud14d\ud130-coa203-2\/#primaryimage"},"thumbnailUrl":"https:\/\/sxflightcase.com\/wp-content\/uploads\/2024\/08\/COA203.jpg","datePublished":"2024-08-16T07:34:13+00:00","dateModified":"2024-08-16T07:34:14+00:00","description":"U\u00e7u\u015f kutusu k\u00f6\u015fe koruyucular\u0131, do\u011frudan fabrikadan! U\u00e7u\u015f kutular\u0131 i\u00e7in dayan\u0131kl\u0131 ve y\u00fcksek kaliteli kenar korumas\u0131, ta\u015f\u0131ma s\u0131ras\u0131nda g\u00fcvenilir ekipman g\u00fcvenli\u011fi sa\u011flar. Uzun \u00f6m\u00fcrl\u00fc kullan\u0131m i\u00e7in idealdir.","breadcrumb":{"@id":"https:\/\/sxflightcase.com\/ko\/\uc81c\ud488\/\ud50c\ub77c\uc774\ud2b8-\ucf00\uc774\uc2a4-\ucf54\ub108-\ud504\ub85c\ud14d\ud130-coa203-2\/#breadcrumb"},"inLanguage":"tr","potentialAction":[{"@type":"ReadAction","target":["https:\/\/sxflightcase.com\/ko\/\uc81c\ud488\/\ud50c\ub77c\uc774\ud2b8-\ucf00\uc774\uc2a4-\ucf54\ub108-\ud504\ub85c\ud14d\ud130-coa203-2\/"]}]},{"@type":"ImageObject","inLanguage":"tr","@id":"https:\/\/sxflightcase.com\/ko\/\uc81c\ud488\/\ud50c\ub77c\uc774\ud2b8-\ucf00\uc774\uc2a4-\ucf54\ub108-\ud504\ub85c\ud14d\ud130-coa203-2\/#primaryimage","url":"https:\/\/sxflightcase.com\/wp-content\/uploads\/2024\/08\/COA203.jpg","contentUrl":"https:\/\/sxflightcase.com\/wp-content\/uploads\/2024\/08\/COA203.jpg","width":489,"height":480,"caption":"Flight Case Corner Protectors"},{"@type":"BreadcrumbList","@id":"https:\/\/sxflightcase.com\/ko\/\uc81c\ud488\/\ud50c\ub77c\uc774\ud2b8-\ucf00\uc774\uc2a4-\ucf54\ub108-\ud504\ub85c\ud14d\ud130-coa203-2\/#breadcrumb","itemListElement":[{"@type":"ListItem","position":1,"name":"Home","item":"https:\/\/sxflightcase.com\/"},{"@type":"ListItem","position":2,"name":"\u0e2a\u0e34\u0e19\u0e04\u0e49\u0e32","item":"https:\/\/sxflightcase.com\/th\/shop\/"},{"@type":"ListItem","position":3,"name":"Flight Case Corner Protectors COA203"}]},{"@type":"WebSite","@id":"https:\/\/sxflightcase.com\/th\/#website","url":"https:\/\/sxflightcase.com\/th\/","name":"sxpowercase.com","description":"U\u00e7u\u015f \u00c7antas\u0131 Fabrikas\u0131","publisher":{"@id":"https:\/\/sxflightcase.com\/th\/#organization"},"potentialAction":[{"@type":"SearchAction","target":{"@type":"EntryPoint","urlTemplate":"https:\/\/sxflightcase.com\/th\/?s={search_term_string}"},"query-input":{"@type":"PropertyValueSpecification","valueRequired":true,"valueName":"search_term_string"}}],"inLanguage":"tr"},{"@type":"Organization","@id":"https:\/\/sxflightcase.com\/th\/#organization","name":"sxpowercase.com","url":"https:\/\/sxflightcase.com\/th\/","logo":{"@type":"ImageObject","inLanguage":"tr","@id":"https:\/\/sxflightcase.com\/th\/#\/schema\/logo\/image\/","url":"https:\/\/sxflightcase.com\/wp-content\/uploads\/2024\/04\/1713919036007.jpg","contentUrl":"https:\/\/sxflightcase.com\/wp-content\/uploads\/2024\/04\/1713919036007.jpg","width":382,"height":388,"caption":"sxpowercase.com"},"image":{"@id":"https:\/\/sxflightcase.com\/th\/#\/schema\/logo\/image\/"},"sameAs":["https:\/\/www.facebook.com\/profile.php?id=61560407257971"],"numberOfEmployees":{"@type":"QuantitativeValue","minValue":"11","maxValue":"50"}}]}},"_links":{"self":[{"href":"https:\/\/sxflightcase.com\/tr\/wp-json\/wp\/v2\/product\/4133","targetHints":{"allow":["GET"]}}],"collection":[{"href":"https:\/\/sxflightcase.com\/tr\/wp-json\/wp\/v2\/product"}],"about":[{"href":"https:\/\/sxflightcase.com\/tr\/wp-json\/wp\/v2\/types\/product"}],"replies":[{"embeddable":true,"href":"https:\/\/sxflightcase.com\/tr\/wp-json\/wp\/v2\/comments?post=4133"}],"version-history":[{"count":0,"href":"https:\/\/sxflightcase.com\/tr\/wp-json\/wp\/v2\/product\/4133\/revisions"}],"wp:featuredmedia":[{"embeddable":true,"href":"https:\/\/sxflightcase.com\/tr\/wp-json\/wp\/v2\/media\/4085"}],"wp:attachment":[{"href":"https:\/\/sxflightcase.com\/tr\/wp-json\/wp\/v2\/media?parent=4133"}],"wp:term":[{"taxonomy":"product_brand","embeddable":true,"href":"https:\/\/sxflightcase.com\/tr\/wp-json\/wp\/v2\/product_brand?post=4133"},{"taxonomy":"product_cat","embeddable":true,"href":"https:\/\/sxflightcase.com\/tr\/wp-json\/wp\/v2\/product_cat?post=4133"},{"taxonomy":"product_tag","embeddable":true,"href":"https:\/\/sxflightcase.com\/tr\/wp-json\/wp\/v2\/product_tag?post=4133"}],"curies":[{"name":"wp","href":"https:\/\/api.w.org\/{rel}","templated":true}]}}