{"id":4136,"date":"2024-08-16T08:36:34","date_gmt":"2024-08-16T07:36:34","guid":{"rendered":"https:\/\/sxpowercase.com\/?post_type=product&#038;p=4136"},"modified":"2024-08-16T08:36:35","modified_gmt":"2024-08-16T07:36:35","slug":"flight-case-corner-protectors-coa204","status":"publish","type":"product","link":"https:\/\/sxflightcase.com\/tr\/urun\/ucus-cantasi-kose-koruyuculari-coa204-2\/","title":{"rendered":"U\u00e7u\u015f Kasas\u0131 K\u00f6\u015fe Koruyucular\u0131 COA204"},"content":{"rendered":"<h3>SX'ten Y\u00fcksek Kaliteli U\u00e7u\u015f \u00c7antas\u0131 K\u00f6\u015fe Koruyucular\u0131<\/h3>\n<h4>Ekipmanlar\u0131n\u0131z i\u00e7in G\u00fcvenilir Koruma<\/h4>\n<p>De\u011ferli ekipmanlar ta\u015f\u0131n\u0131rken g\u00fcvenilir bir korumaya sahip olmak \u00e7ok \u00f6nemlidir. SX <strong>U\u00e7u\u015f Kasas\u0131 K\u00f6\u015fe Koruyucular\u0131<\/strong> k\u0131l\u0131flar\u0131n\u0131z i\u00e7in daha fazla dayan\u0131kl\u0131l\u0131k ve g\u00fcvenlik sunmak \u00fczere tasarlanm\u0131\u015ft\u0131r. Y\u00fcksek mukavemetli malzemelerden \u00fcretilen bu k\u00f6\u015fe koruyucular d\u00fc\u015fmelere, darbelere ve sert kullan\u0131ma kar\u015f\u0131 ek bir savunma katman\u0131 sa\u011flar. Se\u00e7erek <a href=\"https:\/\/sxpowercase.com\/\" target=\"_blank\" rel=\"noopener\" title=\"SX\" data-wpil-monitor-id=\"670\">SX<\/a>kaliteden \u00f6d\u00fcn vermeyen fabrika \u00e7\u0131k\u0131\u015fl\u0131 fiyatlar elde edersiniz.<\/p>\n<h4>Zorlu Ko\u015fullar i\u00e7in \u00dcretildi<\/h4>\n<p>SX <strong>U\u00e7u\u015f Kasas\u0131 K\u00f6\u015fe Koruyucular\u0131<\/strong> zorlu ortamlarda a\u011f\u0131r kullan\u0131ma dayanacak \u015fekilde \u00fcretilmi\u015ftir. \u0130ster bir turne grubuyla yolda olun ister etkinlik kurulumlar\u0131n\u0131 y\u00f6netiyor olun, bu koruyucular ekipman\u0131n\u0131z\u0131n g\u00fcvende kalmas\u0131n\u0131 sa\u011flar. Profesyonel standartlar\u0131 kar\u015f\u0131layacak \u015fekilde tasarlanan koruyucular\u0131m\u0131z, g\u00fcc\u00fc uygun fiyatla birle\u015ftirerek yat\u0131r\u0131m\u0131n\u0131z i\u00e7in m\u00fckemmel bir de\u011fer sunar.<\/p>\n<h4>Kurulumu Kolay ve \u00c7ok Y\u00f6nl\u00fc<\/h4>\n<p>Bizim <strong>U\u00e7u\u015f Kasas\u0131 K\u00f6\u015fe Koruyucular\u0131<\/strong> kurulumu kolayd\u0131r ve \u00e7ok \u00e7e\u015fitli kasa tipleriyle uyumludur. \u0130ster mevcut kasalar\u0131n\u0131z\u0131 y\u00fckseltin ister yeni kasalar olu\u015fturun, SX sorunsuz bir \u015fekilde uyum sa\u011flayan \u00e7ok y\u00f6nl\u00fc \u00e7\u00f6z\u00fcmler sunar. Hassas m\u00fchendislik tasar\u0131mlar\u0131yla k\u00f6\u015fe koruyucular\u0131m\u0131z, kasalar\u0131n\u0131z\u0131n hem korumas\u0131n\u0131 hem de genel g\u00f6r\u00fcn\u00fcm\u00fcn\u00fc geli\u015ftirir.<\/p>\n<h4>\u00d6zelle\u015ftirilebilir ve Uygun Maliyetli<\/h4>\n<p>SX olarak tek bedenin herkese uymayaca\u011f\u0131n\u0131 biliyoruz. Bu y\u00fczden \u00f6zelle\u015ftirilebilir <strong>U\u00e7u\u015f Kasas\u0131 K\u00f6\u015fe Koruyucular\u0131<\/strong> benzersiz ihtiya\u00e7lar\u0131n\u0131z\u0131 kar\u015f\u0131lamak i\u00e7in. \u0130ster belirli boyutlara, \u015fekillere veya y\u00fczeylere ihtiyac\u0131n\u0131z olsun, sizi rekabet\u00e7i fiyatlarla kar\u015f\u0131l\u0131yoruz. Do\u011frudan fabrikam\u0131zla \u00e7al\u0131\u015farak, kaliteden \u00f6d\u00fcn vermeden d\u00fc\u015f\u00fck maliyetlerden faydalan\u0131rs\u0131n\u0131z.<\/p>\n<h4>G\u00fcvenebilece\u011finiz Kalite<\/h4>\n<p>SX, g\u00fcvenebilece\u011finiz \u00fcr\u00fcnler sunmay\u0131 taahh\u00fct eder. Bizim <strong>U\u00e7u\u015f Kasas\u0131 K\u00f6\u015fe Koruyucular\u0131<\/strong> tutarl\u0131 performans ve dayan\u0131kl\u0131l\u0131k sa\u011flamak i\u00e7in detaylara titizlikle dikkat edilerek \u00fcretilmektedir. Titiz testler ve kalite kontrol, her par\u00e7an\u0131n profesyonellerin bekledi\u011fi y\u00fcksek standartlar\u0131 kar\u015f\u0131lamas\u0131n\u0131 sa\u011flar. SX ile b\u00fct\u00e7e dostu bir fiyata uzun \u00f6m\u00fcrl\u00fc koruma elde edersiniz.<\/p>\n<h4>Sekt\u00f6r Uzmanlar\u0131 Taraf\u0131ndan Tercih Ediliyor<\/h4>\n<p>SX <strong>U\u00e7u\u015f Kasas\u0131 K\u00f6\u015fe Koruyucu<\/strong>\u00a0etkinlik y\u00f6netiminden yay\u0131nc\u0131l\u0131\u011fa kadar \u00e7e\u015fitli sekt\u00f6rlerdeki profesyoneller taraf\u0131ndan g\u00fcvenilmektedir. \u00dcr\u00fcnlerimiz, her bile\u015fende g\u00fcvenilirlik ve de\u011fer talep edenler taraf\u0131ndan tercih edilmektedir. \u0130ster toplu sipari\u015flere ister \u00f6zel \u00f6zelle\u015ftirmeye ihtiyac\u0131n\u0131z olsun, SX t\u00fcm u\u00e7u\u015f kasas\u0131 donan\u0131m ihtiya\u00e7lar\u0131n\u0131z i\u00e7in g\u00fcvenilir orta\u011f\u0131n\u0131zd\u0131r.<\/p>\n<h4>Harika F\u0131rsatlar i\u00e7in SX ile \u0130leti\u015fime Ge\u00e7in<\/h4>\n<p>Premium i\u00e7in <strong>U\u00e7u\u015f Kasas\u0131 K\u00f6\u015fe Koruyucu<\/strong>\u00a0SX'e ba\u015fvurun. Geni\u015f donan\u0131m yelpazemiz, fabrika do\u011frudan fiyatlar\u0131yla en \u00fcst d\u00fczey koruma sunmak \u00fczere tasarlanm\u0131\u015ft\u0131r. \u0130\u015finiz sizi nereye g\u00f6t\u00fcr\u00fcrse g\u00f6t\u00fcrs\u00fcn, SX'in ekipman\u0131n\u0131z\u0131 g\u00fcvende ve emniyette tutman\u0131za nas\u0131l yard\u0131mc\u0131 olabilece\u011fini ke\u015ffetmek i\u00e7in bug\u00fcn bize ula\u015f\u0131n.<\/p>\n<p>Hemen \u0130leti\u015fime Ge\u00e7in:<span style=\"color: #0000ff;\"><a style=\"color: #0000ff;\" href=\"https:\/\/sxpowercase.com\/contact-us\/\">https:\/\/sxpowercase.com\/<\/a><\/span><\/p>\n<p>Donan\u0131m \u00dcr\u00fcn Katalo\u011fu\uff1a<span style=\"color: #3366ff;\"><a style=\"color: #3366ff;\" href=\"https:\/\/sxpowercase.com\/wp-content\/uploads\/2024\/07\/\u4e94\u91d1.pdf\">Donan\u0131m aksesuarlar\u0131 katalo\u011fu<\/a><\/span><\/p>","protected":false},"excerpt":{"rendered":"<h3>SX Flight Case K\u00f6\u015fe Koruyucular\u0131: Birinci S\u0131n\u0131f Ekipman Korumas\u0131<\/h3>\n<p>SX&#039;in dayan\u0131kl\u0131 Flight Case K\u00f6\u015fe Koruyucular\u0131 ile ekipman\u0131n\u0131z\u0131 g\u00fcvende tutun. Y\u00fcksek kaliteli malzemelerden \u00fcretilen bu \u00fcr\u00fcnler, fabrikadan do\u011frudan al\u0131nan fiyatlarla nakliye s\u0131ras\u0131nda darbe direnci ve g\u00fcvenilir koruma sa\u011flar.<\/p>\n<h3>A\u011f\u0131r Hizmet Tipi, Kurulumu Kolay<\/h3>\n<p>SX K\u00f6\u015fe Koruyucular\u0131 zorlu ortamlar i\u00e7in \u00fcretilmi\u015ftir ve t\u00fcm kasa tipleri i\u00e7in h\u0131zl\u0131 kurulum sunar. Kasalar\u0131n\u0131z i\u00e7in hem sa\u011flam performans hem de \u015f\u0131k bir y\u00fczey sunarlar.<\/p>\n<h3>\u00d6zelle\u015ftirilebilir ve Uygun Fiyatl\u0131 \u00c7\u00f6z\u00fcmler<\/h3>\n<p>SX Flight Case K\u00f6\u015fe Koruyucular\u0131n\u0131 ihtiya\u00e7lar\u0131n\u0131za g\u00f6re uyarlay\u0131n ve boyut ve biti\u015f i\u00e7in \u00f6zelle\u015ftirilebilir se\u00e7eneklerle \u00f6zelle\u015ftirin. D\u00fcnya \u00e7ap\u0131nda profesyoneller taraf\u0131ndan g\u00fcvenilen, bankay\u0131 k\u0131rmadan en \u00fcst d\u00fczey koruman\u0131n tad\u0131n\u0131 \u00e7\u0131kar\u0131n.<\/p>","protected":false},"featured_media":4086,"comment_status":"open","ping_status":"closed","template":"","meta":[],"product_brand":[],"product_cat":[63],"product_tag":[],"class_list":{"0":"post-4136","1":"product","2":"type-product","3":"status-publish","4":"has-post-thumbnail","6":"product_cat-corners","8":"first","9":"instock","10":"shipping-taxable","11":"product-type-simple"},"yoast_head":"<!-- This site is optimized with the Yoast SEO Premium plugin v27.1 (Yoast SEO v27.2) - https:\/\/yoast.com\/product\/yoast-seo-premium-wordpress\/ -->\n<title>Flight Case Corner Protectors COA204 - https:\/\/sxflightcase.com \ud83d\udc97<\/title>\n<meta name=\"description\" content=\"Flight case corner protectors, factory direct! Durable and high-quality edge protection for flight cases, ensuring reliable equipment safety during transport. Ideal for long-lasting use.\" \/>\n<meta name=\"robots\" content=\"index, follow, max-snippet:-1, max-image-preview:large, max-video-preview:-1\" \/>\n<link rel=\"canonical\" href=\"https:\/\/sxflightcase.com\/tr\/producto\/protectores-de-esquinas-para-flightcases-coa204-2\/\" \/>\n<meta property=\"og:locale\" content=\"tr_TR\" \/>\n<meta property=\"og:type\" content=\"article\" \/>\n<meta property=\"og:title\" content=\"Flight Case Corner Protectors COA204\" \/>\n<meta property=\"og:description\" content=\"Flight case corner protectors, factory direct! Durable and high-quality edge protection for flight cases, ensuring reliable equipment safety during transport. Ideal for long-lasting use.\" \/>\n<meta property=\"og:url\" content=\"https:\/\/sxflightcase.com\/tr\/producto\/protectores-de-esquinas-para-flightcases-coa204-2\/\" \/>\n<meta property=\"og:site_name\" content=\"https:\/\/sxflightcase.com\" \/>\n<meta property=\"article:publisher\" content=\"https:\/\/www.facebook.com\/profile.php?id=61560407257971\" \/>\n<meta property=\"article:modified_time\" content=\"2024-08-16T07:36:35+00:00\" \/>\n<meta property=\"og:image\" content=\"https:\/\/sxflightcase.com\/wp-content\/uploads\/2024\/08\/COA204.jpg\" \/>\n\t<meta property=\"og:image:width\" content=\"520\" \/>\n\t<meta property=\"og:image:height\" content=\"561\" \/>\n\t<meta property=\"og:image:type\" content=\"image\/jpeg\" \/>\n<meta name=\"twitter:card\" content=\"summary_large_image\" \/>\n<meta name=\"twitter:label1\" content=\"Tahmini okuma s\u00fcresi\" \/>\n\t<meta name=\"twitter:data1\" content=\"3 dakika\" \/>\n<script type=\"application\/ld+json\" class=\"yoast-schema-graph\">{\"@context\":\"https:\/\/schema.org\",\"@graph\":[{\"@type\":\"WebPage\",\"@id\":\"https:\/\/sxflightcase.com\/es_es\/producto\/protectores-de-esquinas-para-flightcases-coa204-2\/\",\"url\":\"https:\/\/sxflightcase.com\/es_es\/producto\/protectores-de-esquinas-para-flightcases-coa204-2\/\",\"name\":\"Flight Case Corner Protectors COA204 - https:\/\/sxflightcase.com \ud83d\udc97\",\"isPartOf\":{\"@id\":\"https:\/\/sxflightcase.com\/th\/#website\"},\"primaryImageOfPage\":{\"@id\":\"https:\/\/sxflightcase.com\/es_es\/producto\/protectores-de-esquinas-para-flightcases-coa204-2\/#primaryimage\"},\"image\":{\"@id\":\"https:\/\/sxflightcase.com\/es_es\/producto\/protectores-de-esquinas-para-flightcases-coa204-2\/#primaryimage\"},\"thumbnailUrl\":\"https:\/\/sxflightcase.com\/wp-content\/uploads\/2024\/08\/COA204.jpg\",\"datePublished\":\"2024-08-16T07:36:34+00:00\",\"dateModified\":\"2024-08-16T07:36:35+00:00\",\"description\":\"Flight case corner protectors, factory direct! Durable and high-quality edge protection for flight cases, ensuring reliable equipment safety during transport. Ideal for long-lasting use.\",\"breadcrumb\":{\"@id\":\"https:\/\/sxflightcase.com\/es_es\/producto\/protectores-de-esquinas-para-flightcases-coa204-2\/#breadcrumb\"},\"inLanguage\":\"tr\",\"potentialAction\":[{\"@type\":\"ReadAction\",\"target\":[\"https:\/\/sxflightcase.com\/es_es\/producto\/protectores-de-esquinas-para-flightcases-coa204-2\/\"]}]},{\"@type\":\"ImageObject\",\"inLanguage\":\"tr\",\"@id\":\"https:\/\/sxflightcase.com\/es_es\/producto\/protectores-de-esquinas-para-flightcases-coa204-2\/#primaryimage\",\"url\":\"https:\/\/sxflightcase.com\/wp-content\/uploads\/2024\/08\/COA204.jpg\",\"contentUrl\":\"https:\/\/sxflightcase.com\/wp-content\/uploads\/2024\/08\/COA204.jpg\",\"width\":520,\"height\":561,\"caption\":\"Flight Case Corner Protectors\"},{\"@type\":\"BreadcrumbList\",\"@id\":\"https:\/\/sxflightcase.com\/es_es\/producto\/protectores-de-esquinas-para-flightcases-coa204-2\/#breadcrumb\",\"itemListElement\":[{\"@type\":\"ListItem\",\"position\":1,\"name\":\"Home\",\"item\":\"https:\/\/sxflightcase.com\/\"},{\"@type\":\"ListItem\",\"position\":2,\"name\":\"\u0e2a\u0e34\u0e19\u0e04\u0e49\u0e32\",\"item\":\"https:\/\/sxflightcase.com\/th\/shop\/\"},{\"@type\":\"ListItem\",\"position\":3,\"name\":\"Flight Case Corner Protectors COA204\"}]},{\"@type\":\"WebSite\",\"@id\":\"https:\/\/sxflightcase.com\/th\/#website\",\"url\":\"https:\/\/sxflightcase.com\/th\/\",\"name\":\"sxpowercase.com\",\"description\":\"Flight Case Factory\",\"publisher\":{\"@id\":\"https:\/\/sxflightcase.com\/th\/#organization\"},\"potentialAction\":[{\"@type\":\"SearchAction\",\"target\":{\"@type\":\"EntryPoint\",\"urlTemplate\":\"https:\/\/sxflightcase.com\/th\/?s={search_term_string}\"},\"query-input\":{\"@type\":\"PropertyValueSpecification\",\"valueRequired\":true,\"valueName\":\"search_term_string\"}}],\"inLanguage\":\"tr\"},{\"@type\":\"Organization\",\"@id\":\"https:\/\/sxflightcase.com\/th\/#organization\",\"name\":\"sxpowercase.com\",\"url\":\"https:\/\/sxflightcase.com\/th\/\",\"logo\":{\"@type\":\"ImageObject\",\"inLanguage\":\"tr\",\"@id\":\"https:\/\/sxflightcase.com\/th\/#\/schema\/logo\/image\/\",\"url\":\"https:\/\/sxflightcase.com\/wp-content\/uploads\/2024\/04\/1713919036007.jpg\",\"contentUrl\":\"https:\/\/sxflightcase.com\/wp-content\/uploads\/2024\/04\/1713919036007.jpg\",\"width\":382,\"height\":388,\"caption\":\"sxpowercase.com\"},\"image\":{\"@id\":\"https:\/\/sxflightcase.com\/th\/#\/schema\/logo\/image\/\"},\"sameAs\":[\"https:\/\/www.facebook.com\/profile.php?id=61560407257971\"],\"numberOfEmployees\":{\"@type\":\"QuantitativeValue\",\"minValue\":\"11\",\"maxValue\":\"50\"}}]}<\/script>\n<!-- \/ Yoast SEO Premium plugin. -->","yoast_head_json":{"title":"Flight Case Corner Protectors COA204 - https:\/\/sxflightcase.com \ud83d\udc97","description":"U\u00e7u\u015f kutusu k\u00f6\u015fe koruyucular\u0131, do\u011frudan fabrikadan! U\u00e7u\u015f kutular\u0131 i\u00e7in dayan\u0131kl\u0131 ve y\u00fcksek kaliteli kenar korumas\u0131, ta\u015f\u0131ma s\u0131ras\u0131nda g\u00fcvenilir ekipman g\u00fcvenli\u011fi sa\u011flar. Uzun \u00f6m\u00fcrl\u00fc kullan\u0131m i\u00e7in idealdir.","robots":{"index":"index","follow":"follow","max-snippet":"max-snippet:-1","max-image-preview":"max-image-preview:large","max-video-preview":"max-video-preview:-1"},"canonical":"https:\/\/sxflightcase.com\/tr\/producto\/protectores-de-esquinas-para-flightcases-coa204-2\/","og_locale":"tr_TR","og_type":"article","og_title":"Flight Case Corner Protectors COA204","og_description":"Flight case corner protectors, factory direct! Durable and high-quality edge protection for flight cases, ensuring reliable equipment safety during transport. Ideal for long-lasting use.","og_url":"https:\/\/sxflightcase.com\/tr\/producto\/protectores-de-esquinas-para-flightcases-coa204-2\/","og_site_name":"https:\/\/sxflightcase.com","article_publisher":"https:\/\/www.facebook.com\/profile.php?id=61560407257971","article_modified_time":"2024-08-16T07:36:35+00:00","og_image":[{"width":520,"height":561,"url":"https:\/\/sxflightcase.com\/wp-content\/uploads\/2024\/08\/COA204.jpg","type":"image\/jpeg"}],"twitter_card":"summary_large_image","twitter_misc":{"Tahmini okuma s\u00fcresi":"3 dakika"},"schema":{"@context":"https:\/\/schema.org","@graph":[{"@type":"WebPage","@id":"https:\/\/sxflightcase.com\/es_es\/producto\/protectores-de-esquinas-para-flightcases-coa204-2\/","url":"https:\/\/sxflightcase.com\/es_es\/producto\/protectores-de-esquinas-para-flightcases-coa204-2\/","name":"Flight Case Corner Protectors COA204 - https:\/\/sxflightcase.com \ud83d\udc97","isPartOf":{"@id":"https:\/\/sxflightcase.com\/th\/#website"},"primaryImageOfPage":{"@id":"https:\/\/sxflightcase.com\/es_es\/producto\/protectores-de-esquinas-para-flightcases-coa204-2\/#primaryimage"},"image":{"@id":"https:\/\/sxflightcase.com\/es_es\/producto\/protectores-de-esquinas-para-flightcases-coa204-2\/#primaryimage"},"thumbnailUrl":"https:\/\/sxflightcase.com\/wp-content\/uploads\/2024\/08\/COA204.jpg","datePublished":"2024-08-16T07:36:34+00:00","dateModified":"2024-08-16T07:36:35+00:00","description":"U\u00e7u\u015f kutusu k\u00f6\u015fe koruyucular\u0131, do\u011frudan fabrikadan! U\u00e7u\u015f kutular\u0131 i\u00e7in dayan\u0131kl\u0131 ve y\u00fcksek kaliteli kenar korumas\u0131, ta\u015f\u0131ma s\u0131ras\u0131nda g\u00fcvenilir ekipman g\u00fcvenli\u011fi sa\u011flar. Uzun \u00f6m\u00fcrl\u00fc kullan\u0131m i\u00e7in idealdir.","breadcrumb":{"@id":"https:\/\/sxflightcase.com\/es_es\/producto\/protectores-de-esquinas-para-flightcases-coa204-2\/#breadcrumb"},"inLanguage":"tr","potentialAction":[{"@type":"ReadAction","target":["https:\/\/sxflightcase.com\/es_es\/producto\/protectores-de-esquinas-para-flightcases-coa204-2\/"]}]},{"@type":"ImageObject","inLanguage":"tr","@id":"https:\/\/sxflightcase.com\/es_es\/producto\/protectores-de-esquinas-para-flightcases-coa204-2\/#primaryimage","url":"https:\/\/sxflightcase.com\/wp-content\/uploads\/2024\/08\/COA204.jpg","contentUrl":"https:\/\/sxflightcase.com\/wp-content\/uploads\/2024\/08\/COA204.jpg","width":520,"height":561,"caption":"Flight Case Corner Protectors"},{"@type":"BreadcrumbList","@id":"https:\/\/sxflightcase.com\/es_es\/producto\/protectores-de-esquinas-para-flightcases-coa204-2\/#breadcrumb","itemListElement":[{"@type":"ListItem","position":1,"name":"Home","item":"https:\/\/sxflightcase.com\/"},{"@type":"ListItem","position":2,"name":"\u0e2a\u0e34\u0e19\u0e04\u0e49\u0e32","item":"https:\/\/sxflightcase.com\/th\/shop\/"},{"@type":"ListItem","position":3,"name":"Flight Case Corner Protectors COA204"}]},{"@type":"WebSite","@id":"https:\/\/sxflightcase.com\/th\/#website","url":"https:\/\/sxflightcase.com\/th\/","name":"sxpowercase.com","description":"U\u00e7u\u015f \u00c7antas\u0131 Fabrikas\u0131","publisher":{"@id":"https:\/\/sxflightcase.com\/th\/#organization"},"potentialAction":[{"@type":"SearchAction","target":{"@type":"EntryPoint","urlTemplate":"https:\/\/sxflightcase.com\/th\/?s={search_term_string}"},"query-input":{"@type":"PropertyValueSpecification","valueRequired":true,"valueName":"search_term_string"}}],"inLanguage":"tr"},{"@type":"Organization","@id":"https:\/\/sxflightcase.com\/th\/#organization","name":"sxpowercase.com","url":"https:\/\/sxflightcase.com\/th\/","logo":{"@type":"ImageObject","inLanguage":"tr","@id":"https:\/\/sxflightcase.com\/th\/#\/schema\/logo\/image\/","url":"https:\/\/sxflightcase.com\/wp-content\/uploads\/2024\/04\/1713919036007.jpg","contentUrl":"https:\/\/sxflightcase.com\/wp-content\/uploads\/2024\/04\/1713919036007.jpg","width":382,"height":388,"caption":"sxpowercase.com"},"image":{"@id":"https:\/\/sxflightcase.com\/th\/#\/schema\/logo\/image\/"},"sameAs":["https:\/\/www.facebook.com\/profile.php?id=61560407257971"],"numberOfEmployees":{"@type":"QuantitativeValue","minValue":"11","maxValue":"50"}}]}},"_links":{"self":[{"href":"https:\/\/sxflightcase.com\/tr\/wp-json\/wp\/v2\/product\/4136","targetHints":{"allow":["GET"]}}],"collection":[{"href":"https:\/\/sxflightcase.com\/tr\/wp-json\/wp\/v2\/product"}],"about":[{"href":"https:\/\/sxflightcase.com\/tr\/wp-json\/wp\/v2\/types\/product"}],"replies":[{"embeddable":true,"href":"https:\/\/sxflightcase.com\/tr\/wp-json\/wp\/v2\/comments?post=4136"}],"version-history":[{"count":0,"href":"https:\/\/sxflightcase.com\/tr\/wp-json\/wp\/v2\/product\/4136\/revisions"}],"wp:featuredmedia":[{"embeddable":true,"href":"https:\/\/sxflightcase.com\/tr\/wp-json\/wp\/v2\/media\/4086"}],"wp:attachment":[{"href":"https:\/\/sxflightcase.com\/tr\/wp-json\/wp\/v2\/media?parent=4136"}],"wp:term":[{"taxonomy":"product_brand","embeddable":true,"href":"https:\/\/sxflightcase.com\/tr\/wp-json\/wp\/v2\/product_brand?post=4136"},{"taxonomy":"product_cat","embeddable":true,"href":"https:\/\/sxflightcase.com\/tr\/wp-json\/wp\/v2\/product_cat?post=4136"},{"taxonomy":"product_tag","embeddable":true,"href":"https:\/\/sxflightcase.com\/tr\/wp-json\/wp\/v2\/product_tag?post=4136"}],"curies":[{"name":"wp","href":"https:\/\/api.w.org\/{rel}","templated":true}]}}