{"id":4158,"date":"2024-08-21T07:24:43","date_gmt":"2024-08-21T06:24:43","guid":{"rendered":"https:\/\/sxpowercase.com\/?post_type=product&#038;p=4158"},"modified":"2024-08-21T07:24:44","modified_gmt":"2024-08-21T06:24:44","slug":"metal-corner-protector-coc601","status":"publish","type":"product","link":"https:\/\/sxflightcase.com\/tr\/urun\/metal-kose-koruyucu-coc601-2\/","title":{"rendered":"Metal K\u00f6\u015fe Koruyucu COC601"},"content":{"rendered":"<h3>SX Metal K\u00f6\u015fe Koruyucu ile G\u00fcvenilir Koruma<\/h3>\n<h4>Ekipman\u0131n\u0131z i\u00e7in Temel Koruma<\/h4>\n<p>G\u00fcvenilir ekipman korumas\u0131na ihtiya\u00e7 duyan profesyoneller i\u00e7in SX <span style=\"color: #3366ff;\"><a style=\"color: #3366ff;\" href=\"https:\/\/sxpowercase.com\/product\/road-case-corner-protectors-coc502\/\"><strong>Metal K\u00f6\u015fe Koruyucu<\/strong><\/a><\/span> m\u00fckemmel bir se\u00e7imdir. U\u00e7u\u015f \u00e7antalar\u0131n\u0131 ve yol \u00e7antalar\u0131n\u0131 darbelerden korumak i\u00e7in tasarlanan bu k\u00f6\u015fe koruyucular dayan\u0131kl\u0131l\u0131\u011f\u0131 ve uzun \u00f6m\u00fcrl\u00fcl\u00fc\u011f\u00fc art\u0131r\u0131r. SX'i tercih etti\u011finizde, paran\u0131z\u0131n kar\u015f\u0131l\u0131\u011f\u0131n\u0131 en iyi \u015fekilde alman\u0131z\u0131 sa\u011flayan fabrika \u00e7\u0131k\u0131\u015f fiyat\u0131yla kaliteyi se\u00e7mi\u015f olursunuz.<\/p>\n<h4>Zorlu Ortamlarda Dayan\u0131kl\u0131l\u0131k \u0130\u00e7in \u00dcretildi<\/h4>\n<p>SX'in <strong>Metal K\u00f6\u015fe Koruyucular<\/strong> kaba kullan\u0131ma, a\u011f\u0131r kullan\u0131ma ve zorlu ko\u015fullara dayanacak \u015fekilde tasarlanm\u0131\u015f birinci s\u0131n\u0131f malzemelerden \u00fcretilmi\u015ftir. \u0130ster \u015fehir i\u00e7inde ister d\u00fcnyan\u0131n d\u00f6rt bir yan\u0131nda ekipman ta\u015f\u0131yor olun, bu koruyucular eziklere, \u00e7iziklere ve di\u011fer hasarlara kar\u015f\u0131 en \u00fcst d\u00fczeyde savunma sa\u011flar. Sa\u011flam tasar\u0131m, d\u00fc\u015f\u00fck fiyata uzun vadeli g\u00fcvenilirlik anlam\u0131na gelir.<\/p>\n<h4>Maksimum Koruma i\u00e7in Basit Kurulum<\/h4>\n<p>The <a href=\"https:\/\/sxpowercase.com\/\" target=\"_blank\" rel=\"noopener\" title=\"SX\" data-wpil-monitor-id=\"679\">SX<\/a> <strong>Metal K\u00f6\u015fe Koruyucu<\/strong> kurulumu kolayd\u0131r ve mevcut veya yeni k\u0131l\u0131flar\u0131n\u0131za koruma eklemeyi kolayla\u015ft\u0131r\u0131r. \u00c7ok \u00e7e\u015fitli kasa tipleri ve boyutlar\u0131yla uyumlu olan bu koruyucular, \u00e7e\u015fitli uygulamalar i\u00e7in esneklik sunar. SX olarak, ekipman\u0131n\u0131z\u0131n g\u00fcvende kalmas\u0131n\u0131 sa\u011flarken uygulamas\u0131 kolay, y\u00fcksek kaliteli ve d\u00fc\u015f\u00fck maliyetli \u00e7\u00f6z\u00fcmler sunmaya odaklan\u0131yoruz.<\/p>\n<h4>\u0130htiya\u00e7lar\u0131n\u0131za Uygun \u015eekilde \u00d6zelle\u015ftirilebilir<\/h4>\n<p>Her kurulum benzersizdir ve SX \u00f6zel \u00e7\u00f6z\u00fcmlere duyulan ihtiyac\u0131 anlar. Bizim <strong>Metal K\u00f6\u015fe Koruyucular<\/strong> \u00f6zel gereksinimlerinize uyacak \u015fekilde boyut, kaplama ve teknik \u00f6zellikler a\u00e7\u0131s\u0131ndan \u00f6zelle\u015ftirilebilir. Do\u011frudan fabrika se\u00e7enekleri sunan SX, y\u00fcksek bir fiyat etiketiyle gelmeyen \u00f6zelle\u015ftirmeler sa\u011flayarak kaliteden \u00f6d\u00fcn vermeden tam olarak ihtiyac\u0131n\u0131z olan\u0131 alman\u0131za olanak tan\u0131r.<\/p>\n<h4>T\u00fcm Sekt\u00f6rlerdeki Profesyonellerin G\u00fcvendi\u011fi<\/h4>\n<p>SX <strong>Metal K\u00f6\u015fe Koruyucular<\/strong> e\u011flence, m\u00fczik ve AV end\u00fcstrilerindeki profesyoneller taraf\u0131ndan g\u00fcvenilir koruma i\u00e7in g\u00fcvenilmektedir. Kasalar\u0131 hasara kar\u015f\u0131 koruyarak, de\u011ferli ekipmanlar\u0131n her seferinde bozulmam\u0131\u015f durumda ula\u015fmas\u0131n\u0131 sa\u011flarlar. SX'in kaliteye olan ba\u011fl\u0131l\u0131\u011f\u0131 ve fabrikadan do\u011frudan fiyatland\u0131rmas\u0131, hem de\u011fer hem de performans sunan bir \u00fcr\u00fcn alaca\u011f\u0131n\u0131z anlam\u0131na gelir.<\/p>\n<h4>Kalite ve Uygun Fiyat Bir Arada<\/h4>\n<p>SX'leri se\u00e7erken <strong>Metal K\u00f6\u015fe Koruyucular<\/strong>Sadece korumaya yat\u0131r\u0131m yapm\u0131yorsunuz; kaliteye de yat\u0131r\u0131m yap\u0131yorsunuz. Do\u011frudan fabrikadan sat\u0131\u015f yakla\u015f\u0131m\u0131m\u0131z sayesinde, g\u00fcvenilirlikten \u00f6d\u00fcn vermeden \u00f6nemli tasarruflar\u0131n keyfini \u00e7\u0131kar\u0131rs\u0131n\u0131z. Her bir koruyucu dayan\u0131kl\u0131l\u0131k a\u00e7\u0131s\u0131ndan titizlikle test edilir, bu da maliyetleri d\u00fc\u015f\u00fck tutarken performans\u0131na g\u00fcvenmenizi sa\u011flar.<\/p>\n<h4>Uygun Maliyetli Koruma i\u00e7in Ak\u0131ll\u0131 Se\u00e7im<\/h4>\n<p>SX <strong>Metal K\u00f6\u015fe Koruyucular<\/strong> kasalar\u0131n\u0131z i\u00e7in g\u00fcvenilir, uygun maliyetli koruma sa\u011flayarak onlar\u0131 profesyoneller ve i\u015fletmeler i\u00e7in ak\u0131ll\u0131 bir se\u00e7im haline getirir. Dayan\u0131kl\u0131l\u0131k, kurulum kolayl\u0131\u011f\u0131 ve uygun fiyat\u0131n bir kar\u0131\u015f\u0131m\u0131 olan bu koruyucular, bankay\u0131 bozmadan yat\u0131r\u0131mlar\u0131n\u0131z\u0131 koruman\u0131za yard\u0131mc\u0131 olur. \u0130htiya\u00e7lar\u0131n\u0131za g\u00f6re uyarlanm\u0131\u015f en kaliteli, d\u00fc\u015f\u00fck maliyetli \u00e7\u00f6z\u00fcmler i\u00e7in SX'e g\u00fcvenin.<\/p>\n<p>Hemen \u0130leti\u015fime Ge\u00e7in:<span style=\"color: #0000ff;\"><a style=\"color: #0000ff;\" href=\"https:\/\/sxpowercase.com\/contact-us\/\">https:\/\/sxpowercase.com\/<\/a><\/span><\/p>\n<p>Donan\u0131m \u00dcr\u00fcn Katalo\u011fu\uff1a<span style=\"color: #3366ff;\"><a style=\"color: #3366ff;\" href=\"https:\/\/sxpowercase.com\/wp-content\/uploads\/2024\/07\/\u4e94\u91d1.pdf\">Donan\u0131m aksesuarlar\u0131 katalo\u011fu<\/a><\/span><\/p>","protected":false},"excerpt":{"rendered":"<div class=\"flex max-w-full flex-col flex-grow\">\n<div class=\"min-h-[20px] text-message flex w-full flex-col items-end gap-2 break-words [.text-message+&amp;]:mt-5 overflow-x-auto whitespace-pre-wrap\" dir=\"auto\" data-message-author-role=\"assistant\" data-message-id=\"1065a7ee-4302-4017-b1b0-786dd3af75a9\">\n<div class=\"flex w-full flex-col gap-1 empty:hidden first:pt-[3px]\">\n<div class=\"markdown prose w-full break-words dark:prose-invert light\">\n<h3>SX Metal Corner Protector: Essential Defense for Your Gear<\/h3>\n<p>Protect your equipment from impacts with SX Metal Corner Protectors, offering top-tier durability and factory-direct pricing for unbeatable value.<\/p>\n<h3>Built for Tough Conditions<\/h3>\n<p>Engineered from premium materials, SX Metal Corner Protectors withstand rough handling and heavy use, ensuring your cases stay intact in any environment.<\/p>\n<h3>Customizable and Easy to Install<\/h3>\n<p>SX provides customizable options to fit your unique needs, with quick installation and universal compatibility that make upgrading your cases effortless.<\/p>\n<\/div>\n<\/div>\n<\/div>\n<\/div>\n","protected":false},"featured_media":4093,"comment_status":"open","ping_status":"closed","template":"","meta":[],"product_brand":[],"product_cat":[63],"product_tag":[],"class_list":{"0":"post-4158","1":"product","2":"type-product","3":"status-publish","4":"has-post-thumbnail","6":"product_cat-corners","8":"first","9":"instock","10":"shipping-taxable","11":"product-type-simple"},"yoast_head":"<!-- This site is optimized with the Yoast SEO Premium plugin v27.1 (Yoast SEO v27.2) - https:\/\/yoast.com\/product\/yoast-seo-premium-wordpress\/ -->\n<title>Metal Corner Protector COC601 - https:\/\/sxflightcase.com \ud83d\udc97<\/title>\n<meta name=\"description\" content=\"Metal corner protector, factory direct! High-quality, durable protection for case edges. Ideal for safeguarding against impact during transport, ensuring long-lasting reliability and safety.\" \/>\n<meta name=\"robots\" content=\"index, follow, max-snippet:-1, max-image-preview:large, max-video-preview:-1\" \/>\n<link rel=\"canonical\" href=\"https:\/\/sxflightcase.com\/tr\/urun\/metal-kose-koruyucu-coc601-2\/\" \/>\n<meta property=\"og:locale\" content=\"tr_TR\" \/>\n<meta property=\"og:type\" content=\"article\" \/>\n<meta property=\"og:title\" content=\"Metal Corner Protector COC601\" \/>\n<meta property=\"og:description\" content=\"Metal corner protector, factory direct! High-quality, durable protection for case edges. Ideal for safeguarding against impact during transport, ensuring long-lasting reliability and safety.\" \/>\n<meta property=\"og:url\" content=\"https:\/\/sxflightcase.com\/tr\/urun\/metal-kose-koruyucu-coc601-2\/\" \/>\n<meta property=\"og:site_name\" content=\"https:\/\/sxflightcase.com\" \/>\n<meta property=\"article:publisher\" content=\"https:\/\/www.facebook.com\/profile.php?id=61560407257971\" \/>\n<meta property=\"article:modified_time\" content=\"2024-08-21T06:24:44+00:00\" \/>\n<meta property=\"og:image\" content=\"https:\/\/sxflightcase.com\/wp-content\/uploads\/2024\/08\/COC601.jpg\" \/>\n\t<meta property=\"og:image:width\" content=\"520\" \/>\n\t<meta property=\"og:image:height\" content=\"529\" \/>\n\t<meta property=\"og:image:type\" content=\"image\/jpeg\" \/>\n<meta name=\"twitter:card\" content=\"summary_large_image\" \/>\n<meta name=\"twitter:label1\" content=\"Tahmini okuma s\u00fcresi\" \/>\n\t<meta name=\"twitter:data1\" content=\"3 dakika\" \/>\n<script type=\"application\/ld+json\" class=\"yoast-schema-graph\">{\"@context\":\"https:\/\/schema.org\",\"@graph\":[{\"@type\":\"WebPage\",\"@id\":\"https:\/\/sxflightcase.com\/product\/metal-corner-protector-coc601\/\",\"url\":\"https:\/\/sxflightcase.com\/product\/metal-corner-protector-coc601\/\",\"name\":\"Metal Corner Protector COC601 - https:\/\/sxflightcase.com \ud83d\udc97\",\"isPartOf\":{\"@id\":\"https:\/\/sxflightcase.com\/th\/#website\"},\"primaryImageOfPage\":{\"@id\":\"https:\/\/sxflightcase.com\/product\/metal-corner-protector-coc601\/#primaryimage\"},\"image\":{\"@id\":\"https:\/\/sxflightcase.com\/product\/metal-corner-protector-coc601\/#primaryimage\"},\"thumbnailUrl\":\"https:\/\/sxflightcase.com\/wp-content\/uploads\/2024\/08\/COC601.jpg\",\"datePublished\":\"2024-08-21T06:24:43+00:00\",\"dateModified\":\"2024-08-21T06:24:44+00:00\",\"description\":\"Metal corner protector, factory direct! High-quality, durable protection for case edges. Ideal for safeguarding against impact during transport, ensuring long-lasting reliability and safety.\",\"breadcrumb\":{\"@id\":\"https:\/\/sxflightcase.com\/product\/metal-corner-protector-coc601\/#breadcrumb\"},\"inLanguage\":\"tr\",\"potentialAction\":[{\"@type\":\"ReadAction\",\"target\":[\"https:\/\/sxflightcase.com\/product\/metal-corner-protector-coc601\/\"]}]},{\"@type\":\"ImageObject\",\"inLanguage\":\"tr\",\"@id\":\"https:\/\/sxflightcase.com\/product\/metal-corner-protector-coc601\/#primaryimage\",\"url\":\"https:\/\/sxflightcase.com\/wp-content\/uploads\/2024\/08\/COC601.jpg\",\"contentUrl\":\"https:\/\/sxflightcase.com\/wp-content\/uploads\/2024\/08\/COC601.jpg\",\"width\":520,\"height\":529,\"caption\":\"Metal Corner Protector\"},{\"@type\":\"BreadcrumbList\",\"@id\":\"https:\/\/sxflightcase.com\/product\/metal-corner-protector-coc601\/#breadcrumb\",\"itemListElement\":[{\"@type\":\"ListItem\",\"position\":1,\"name\":\"Home\",\"item\":\"https:\/\/sxflightcase.com\/\"},{\"@type\":\"ListItem\",\"position\":2,\"name\":\"\u0e2a\u0e34\u0e19\u0e04\u0e49\u0e32\",\"item\":\"https:\/\/sxflightcase.com\/th\/shop\/\"},{\"@type\":\"ListItem\",\"position\":3,\"name\":\"Metal Corner Protector COC601\"}]},{\"@type\":\"WebSite\",\"@id\":\"https:\/\/sxflightcase.com\/th\/#website\",\"url\":\"https:\/\/sxflightcase.com\/th\/\",\"name\":\"sxpowercase.com\",\"description\":\"Flight Case Factory\",\"publisher\":{\"@id\":\"https:\/\/sxflightcase.com\/th\/#organization\"},\"potentialAction\":[{\"@type\":\"SearchAction\",\"target\":{\"@type\":\"EntryPoint\",\"urlTemplate\":\"https:\/\/sxflightcase.com\/th\/?s={search_term_string}\"},\"query-input\":{\"@type\":\"PropertyValueSpecification\",\"valueRequired\":true,\"valueName\":\"search_term_string\"}}],\"inLanguage\":\"tr\"},{\"@type\":\"Organization\",\"@id\":\"https:\/\/sxflightcase.com\/th\/#organization\",\"name\":\"sxpowercase.com\",\"url\":\"https:\/\/sxflightcase.com\/th\/\",\"logo\":{\"@type\":\"ImageObject\",\"inLanguage\":\"tr\",\"@id\":\"https:\/\/sxflightcase.com\/th\/#\/schema\/logo\/image\/\",\"url\":\"https:\/\/sxflightcase.com\/wp-content\/uploads\/2024\/04\/1713919036007.jpg\",\"contentUrl\":\"https:\/\/sxflightcase.com\/wp-content\/uploads\/2024\/04\/1713919036007.jpg\",\"width\":382,\"height\":388,\"caption\":\"sxpowercase.com\"},\"image\":{\"@id\":\"https:\/\/sxflightcase.com\/th\/#\/schema\/logo\/image\/\"},\"sameAs\":[\"https:\/\/www.facebook.com\/profile.php?id=61560407257971\"],\"numberOfEmployees\":{\"@type\":\"QuantitativeValue\",\"minValue\":\"11\",\"maxValue\":\"50\"}}]}<\/script>\n<!-- \/ Yoast SEO Premium plugin. -->","yoast_head_json":{"title":"Metal Corner Protector COC601 - https:\/\/sxflightcase.com \ud83d\udc97","description":"Metal k\u00f6\u015fe koruyucu, do\u011frudan fabrika \u00e7\u0131k\u0131\u015f\u0131! Kasa kenarlar\u0131 i\u00e7in y\u00fcksek kaliteli, dayan\u0131kl\u0131 koruma. Ta\u015f\u0131ma s\u0131ras\u0131nda darbelere kar\u015f\u0131 koruma sa\u011flamak, uzun s\u00fcreli g\u00fcvenilirlik ve g\u00fcvenlik sa\u011flamak i\u00e7in idealdir.","robots":{"index":"index","follow":"follow","max-snippet":"max-snippet:-1","max-image-preview":"max-image-preview:large","max-video-preview":"max-video-preview:-1"},"canonical":"https:\/\/sxflightcase.com\/tr\/urun\/metal-kose-koruyucu-coc601-2\/","og_locale":"tr_TR","og_type":"article","og_title":"Metal Corner Protector COC601","og_description":"Metal corner protector, factory direct! High-quality, durable protection for case edges. Ideal for safeguarding against impact during transport, ensuring long-lasting reliability and safety.","og_url":"https:\/\/sxflightcase.com\/tr\/urun\/metal-kose-koruyucu-coc601-2\/","og_site_name":"https:\/\/sxflightcase.com","article_publisher":"https:\/\/www.facebook.com\/profile.php?id=61560407257971","article_modified_time":"2024-08-21T06:24:44+00:00","og_image":[{"width":520,"height":529,"url":"https:\/\/sxflightcase.com\/wp-content\/uploads\/2024\/08\/COC601.jpg","type":"image\/jpeg"}],"twitter_card":"summary_large_image","twitter_misc":{"Tahmini okuma s\u00fcresi":"3 dakika"},"schema":{"@context":"https:\/\/schema.org","@graph":[{"@type":"WebPage","@id":"https:\/\/sxflightcase.com\/product\/metal-corner-protector-coc601\/","url":"https:\/\/sxflightcase.com\/product\/metal-corner-protector-coc601\/","name":"Metal Corner Protector COC601 - https:\/\/sxflightcase.com \ud83d\udc97","isPartOf":{"@id":"https:\/\/sxflightcase.com\/th\/#website"},"primaryImageOfPage":{"@id":"https:\/\/sxflightcase.com\/product\/metal-corner-protector-coc601\/#primaryimage"},"image":{"@id":"https:\/\/sxflightcase.com\/product\/metal-corner-protector-coc601\/#primaryimage"},"thumbnailUrl":"https:\/\/sxflightcase.com\/wp-content\/uploads\/2024\/08\/COC601.jpg","datePublished":"2024-08-21T06:24:43+00:00","dateModified":"2024-08-21T06:24:44+00:00","description":"Metal k\u00f6\u015fe koruyucu, do\u011frudan fabrika \u00e7\u0131k\u0131\u015f\u0131! Kasa kenarlar\u0131 i\u00e7in y\u00fcksek kaliteli, dayan\u0131kl\u0131 koruma. Ta\u015f\u0131ma s\u0131ras\u0131nda darbelere kar\u015f\u0131 koruma sa\u011flamak, uzun s\u00fcreli g\u00fcvenilirlik ve g\u00fcvenlik sa\u011flamak i\u00e7in idealdir.","breadcrumb":{"@id":"https:\/\/sxflightcase.com\/product\/metal-corner-protector-coc601\/#breadcrumb"},"inLanguage":"tr","potentialAction":[{"@type":"ReadAction","target":["https:\/\/sxflightcase.com\/product\/metal-corner-protector-coc601\/"]}]},{"@type":"ImageObject","inLanguage":"tr","@id":"https:\/\/sxflightcase.com\/product\/metal-corner-protector-coc601\/#primaryimage","url":"https:\/\/sxflightcase.com\/wp-content\/uploads\/2024\/08\/COC601.jpg","contentUrl":"https:\/\/sxflightcase.com\/wp-content\/uploads\/2024\/08\/COC601.jpg","width":520,"height":529,"caption":"Metal Corner Protector"},{"@type":"BreadcrumbList","@id":"https:\/\/sxflightcase.com\/product\/metal-corner-protector-coc601\/#breadcrumb","itemListElement":[{"@type":"ListItem","position":1,"name":"Home","item":"https:\/\/sxflightcase.com\/"},{"@type":"ListItem","position":2,"name":"\u0e2a\u0e34\u0e19\u0e04\u0e49\u0e32","item":"https:\/\/sxflightcase.com\/th\/shop\/"},{"@type":"ListItem","position":3,"name":"Metal Corner Protector COC601"}]},{"@type":"WebSite","@id":"https:\/\/sxflightcase.com\/th\/#website","url":"https:\/\/sxflightcase.com\/th\/","name":"sxpowercase.com","description":"U\u00e7u\u015f \u00c7antas\u0131 Fabrikas\u0131","publisher":{"@id":"https:\/\/sxflightcase.com\/th\/#organization"},"potentialAction":[{"@type":"SearchAction","target":{"@type":"EntryPoint","urlTemplate":"https:\/\/sxflightcase.com\/th\/?s={search_term_string}"},"query-input":{"@type":"PropertyValueSpecification","valueRequired":true,"valueName":"search_term_string"}}],"inLanguage":"tr"},{"@type":"Organization","@id":"https:\/\/sxflightcase.com\/th\/#organization","name":"sxpowercase.com","url":"https:\/\/sxflightcase.com\/th\/","logo":{"@type":"ImageObject","inLanguage":"tr","@id":"https:\/\/sxflightcase.com\/th\/#\/schema\/logo\/image\/","url":"https:\/\/sxflightcase.com\/wp-content\/uploads\/2024\/04\/1713919036007.jpg","contentUrl":"https:\/\/sxflightcase.com\/wp-content\/uploads\/2024\/04\/1713919036007.jpg","width":382,"height":388,"caption":"sxpowercase.com"},"image":{"@id":"https:\/\/sxflightcase.com\/th\/#\/schema\/logo\/image\/"},"sameAs":["https:\/\/www.facebook.com\/profile.php?id=61560407257971"],"numberOfEmployees":{"@type":"QuantitativeValue","minValue":"11","maxValue":"50"}}]}},"_links":{"self":[{"href":"https:\/\/sxflightcase.com\/tr\/wp-json\/wp\/v2\/product\/4158","targetHints":{"allow":["GET"]}}],"collection":[{"href":"https:\/\/sxflightcase.com\/tr\/wp-json\/wp\/v2\/product"}],"about":[{"href":"https:\/\/sxflightcase.com\/tr\/wp-json\/wp\/v2\/types\/product"}],"replies":[{"embeddable":true,"href":"https:\/\/sxflightcase.com\/tr\/wp-json\/wp\/v2\/comments?post=4158"}],"version-history":[{"count":0,"href":"https:\/\/sxflightcase.com\/tr\/wp-json\/wp\/v2\/product\/4158\/revisions"}],"wp:featuredmedia":[{"embeddable":true,"href":"https:\/\/sxflightcase.com\/tr\/wp-json\/wp\/v2\/media\/4093"}],"wp:attachment":[{"href":"https:\/\/sxflightcase.com\/tr\/wp-json\/wp\/v2\/media?parent=4158"}],"wp:term":[{"taxonomy":"product_brand","embeddable":true,"href":"https:\/\/sxflightcase.com\/tr\/wp-json\/wp\/v2\/product_brand?post=4158"},{"taxonomy":"product_cat","embeddable":true,"href":"https:\/\/sxflightcase.com\/tr\/wp-json\/wp\/v2\/product_cat?post=4158"},{"taxonomy":"product_tag","embeddable":true,"href":"https:\/\/sxflightcase.com\/tr\/wp-json\/wp\/v2\/product_tag?post=4158"}],"curies":[{"name":"wp","href":"https:\/\/api.w.org\/{rel}","templated":true}]}}