{"id":4159,"date":"2024-08-21T07:29:02","date_gmt":"2024-08-21T06:29:02","guid":{"rendered":"https:\/\/sxpowercase.com\/?post_type=product&#038;p=4159"},"modified":"2024-08-21T07:43:43","modified_gmt":"2024-08-21T06:43:43","slug":"metal-corner-protector-coc602","status":"publish","type":"product","link":"https:\/\/sxflightcase.com\/tr\/urun\/metal-kose-koruyucu-coc602-2\/","title":{"rendered":"Metal K\u00f6\u015fe Koruyucu COC602"},"content":{"rendered":"<h3>\u00dcst\u00fcn Kasa Korumas\u0131 i\u00e7in Dayan\u0131kl\u0131 SX Metal K\u00f6\u015fe Koruyucu<\/h3>\n<h4>Ekipmanlar\u0131n\u0131z i\u00e7in G\u00fcvenilir Savunma<\/h4>\n<p>De\u011ferli ekipmanlar\u0131n\u0131z\u0131 ta\u015f\u0131rken en son isteyece\u011finiz \u015fey kasalar\u0131n\u0131z\u0131n hasar g\u00f6rmesidir. SX <span style=\"color: #3366ff;\"><a style=\"color: #3366ff;\" href=\"https:\/\/sxpowercase.com\/product\/metal-corner-protector-coc601\/\"><strong>Metal K\u00f6\u015fe Koruyucu<\/strong><\/a><\/span> birinci s\u0131n\u0131f koruma sunmak i\u00e7in \u00fcretilmi\u015ftir ve u\u00e7u\u015f \u00e7antalar\u0131n\u0131z\u0131n ve yol \u00e7antalar\u0131n\u0131z\u0131n zorlu ortamlarda bile bozulmadan kalmas\u0131n\u0131 sa\u011flar. SX ile kaliteden \u00f6d\u00fcn vermeden rakipsiz de\u011fer sa\u011flayan fabrika do\u011frudan fiyatland\u0131rmas\u0131na sahip olursunuz.<\/p>\n<h4>G\u00fc\u00e7 ve Dayan\u0131kl\u0131l\u0131k i\u00e7in \u00dcretildi<\/h4>\n<p>The <a title=\"SX\" href=\"https:\/\/sxpowercase.com\/\" target=\"_blank\" rel=\"noopener\" data-wpil-monitor-id=\"680\">SX<\/a> <strong>Metal K\u00f6\u015fe Koruyucular<\/strong> darbelere, \u00e7izilmelere ve a\u015f\u0131nmaya kar\u015f\u0131 dayan\u0131kl\u0131 y\u00fcksek kaliteli malzemelerden \u00fcretilmi\u015ftir. Bu koruyucular zorlu kullan\u0131mlara dayanacak \u015fekilde tasarlanm\u0131\u015ft\u0131r ve uygun maliyetli bir fiyata maksimum koruma sunar. Ekipman\u0131 ister \u00fclke \u00e7ap\u0131nda ister farkl\u0131 etkinliklere g\u00f6nderiyor olun, bu k\u00f6\u015fe koruyucular k\u0131l\u0131flar\u0131n\u0131z\u0131n hasars\u0131z kalmas\u0131n\u0131 sa\u011flayarak kullan\u0131m \u00f6m\u00fcrlerini uzat\u0131r.<\/p>\n<h4>Kurulumu Kolay, Korumaya Haz\u0131r<\/h4>\n<p>SX'in <strong>Metal K\u00f6\u015fe Koruyucular<\/strong> montaj\u0131 kolayd\u0131r, bu da onlar\u0131 herhangi bir kasaya kolay bir katk\u0131 haline getirir. \u00c7ok y\u00f6nl\u00fc tasar\u0131m, farkl\u0131 uygulamalar i\u00e7in esneklik sunarak \u00e7e\u015fitli kasa tiplerine uyar. Do\u011frudan \u00fcreticiden sat\u0131n alarak, hem verimli hem de dayan\u0131kl\u0131 olan y\u00fcksek kaliteli, d\u00fc\u015f\u00fck maliyetli \u00fcr\u00fcnlerden faydalan\u0131rs\u0131n\u0131z.<\/p>\n<h4>\u0130htiya\u00e7lar\u0131n\u0131za G\u00f6re Tasarlanm\u0131\u015f<\/h4>\n<p>SX olarak, her vakan\u0131n kendine \u00f6zg\u00fc gereksinimleri oldu\u011funu biliyoruz. Bu y\u00fczden bizim <strong>Metal K\u00f6\u015fe Koruyucular<\/strong> spesifikasyonlar\u0131n\u0131za g\u00f6re \u00f6zelle\u015ftirilebilir ve kasalar\u0131n\u0131z i\u00e7in m\u00fckemmel bir uyum sa\u011flar. \u0130ster belirli bir boyuta ister kaplamaya ihtiyac\u0131n\u0131z olsun, fabrikadan do\u011frudan temin se\u00e7eneklerimiz \u00f6zel \u00e7\u00f6z\u00fcmleri uygun fiyatl\u0131 ve eri\u015filebilir hale getirir.<\/p>\n<h4>Sekt\u00f6r Uzmanlar\u0131n\u0131n G\u00fcvendi\u011fi<\/h4>\n<p>E\u011flence, AV prod\u00fcksiyon ve lojistik gibi sekt\u00f6rlerdeki profesyoneller g\u00fcvenilir kasa korumas\u0131 i\u00e7in SX'e g\u00fcveniyor. Bizim <strong>Metal K\u00f6\u015fe Koruyucular<\/strong> s\u0131k ta\u015f\u0131ma taleplerine dayanacak \u015fekilde \u00fcretilmi\u015ftir, g\u00f6n\u00fcl rahatl\u0131\u011f\u0131 ve g\u00fcvenilirlik sunar. Fabrika \u00e7\u0131k\u0131\u015f fiyat\u0131na y\u00fcksek performans sunmaya odaklanan SX, g\u00fcvenebilece\u011finiz bir markad\u0131r.<\/p>\n<h4>Uygun Fiyatlarla Y\u00fcksek Kaliteli Koruma<\/h4>\n<p>SX'i se\u00e7mek, kalite ve uygun fiyat\u0131 bir araya getiren bir markay\u0131 se\u00e7mek anlam\u0131na gelir. Bizim <strong>Metal K\u00f6\u015fe Koruyucular<\/strong> g\u00fc\u00e7 ve dayan\u0131kl\u0131l\u0131k a\u00e7\u0131s\u0131ndan titizlikle test edilir ve b\u00fct\u00e7e dostu kal\u0131rken en y\u00fcksek standartlar\u0131 kar\u015f\u0131lamalar\u0131n\u0131 sa\u011flar. Do\u011frudan sat\u0131\u015f yakla\u015f\u0131m\u0131m\u0131zla, fazla \u00f6deme yapmadan kasalar\u0131n\u0131z i\u00e7in m\u00fckemmel koruma elde edersiniz.<\/p>\n<h4>Uygun Maliyetli ve Uzun \u00d6m\u00fcrl\u00fc<\/h4>\n<p>K\u0131l\u0131flar\u0131n\u0131z\u0131 korumak pahal\u0131 olmamal\u0131. SX <strong>Metal K\u00f6\u015fe Koruyucular<\/strong> rekabet\u00e7i bir fiyat noktas\u0131nda dayan\u0131kl\u0131 ve uzun \u00f6m\u00fcrl\u00fc savunma sa\u011flar. Kolay kurulum ve g\u00fcvenilir performans ile de\u011ferli ekipmanlar\u0131n\u0131z\u0131 korumak i\u00e7in uygun maliyetli bir \u00e7\u00f6z\u00fcmd\u00fcr. Hem de\u011fer hem de g\u00fcvenilirlik sunan kaliteli \u00fcr\u00fcnler i\u00e7in SX'e g\u00fcvenin.<\/p>\n<p>Hemen \u0130leti\u015fime Ge\u00e7in:<span style=\"color: #0000ff;\"><a style=\"color: #0000ff;\" href=\"https:\/\/sxpowercase.com\/contact-us\/\">https:\/\/sxpowercase.com\/<\/a><\/span><\/p>\n<p>Donan\u0131m \u00dcr\u00fcn Katalo\u011fu\uff1a<span style=\"color: #3366ff;\"><a style=\"color: #3366ff;\" href=\"https:\/\/sxpowercase.com\/wp-content\/uploads\/2024\/07\/\u4e94\u91d1.pdf\">Donan\u0131m aksesuarlar\u0131 katalo\u011fu<\/a><\/span><\/p>","protected":false},"excerpt":{"rendered":"<div class=\"flex max-w-full flex-col flex-grow\">\n<div class=\"min-h-[20px] text-message flex w-full flex-col items-end gap-2 break-words [.text-message+&amp;]:mt-5 overflow-x-auto whitespace-pre-wrap\" dir=\"auto\" data-message-author-role=\"assistant\" data-message-id=\"1065a7ee-4302-4017-b1b0-786dd3af75a9\">\n<div class=\"flex w-full flex-col gap-1 empty:hidden first:pt-[3px]\">\n<div class=\"markdown prose w-full break-words dark:prose-invert light\">\n<h3>SX Metal Corner Protector: Essential Defense for Your Gear<\/h3>\n<p>Protect your equipment from impacts with SX Metal Corner Protectors, offering top-tier durability and factory-direct pricing for unbeatable value.<\/p>\n<h3>Built for Tough Conditions<\/h3>\n<p>Engineered from premium materials, SX Metal Corner Protectors withstand rough handling and heavy use, ensuring your cases stay intact in any environment.<\/p>\n<h3>Customizable and Easy to Install<\/h3>\n<p>SX provides customizable options to fit your unique needs, with quick installation and universal compatibility that make upgrading your cases effortless.<\/p>\n<\/div>\n<\/div>\n<\/div>\n<\/div>\n","protected":false},"featured_media":4094,"comment_status":"open","ping_status":"closed","template":"","meta":[],"product_brand":[],"product_cat":[63],"product_tag":[],"class_list":{"0":"post-4159","1":"product","2":"type-product","3":"status-publish","4":"has-post-thumbnail","6":"product_cat-corners","8":"first","9":"instock","10":"shipping-taxable","11":"product-type-simple"},"yoast_head":"<!-- This site is optimized with the Yoast SEO Premium plugin v27.1 (Yoast SEO v27.2) - https:\/\/yoast.com\/product\/yoast-seo-premium-wordpress\/ -->\n<title>Metal Corner Protector COC602 - https:\/\/sxflightcase.com \ud83d\udc97<\/title>\n<meta name=\"description\" content=\"Metal corner protector, factory direct! High-quality, durable protection for case edges. Ideal for safeguarding against impact during transport, ensuring long-lasting reliability and safety.\" \/>\n<meta name=\"robots\" content=\"index, follow, max-snippet:-1, max-image-preview:large, max-video-preview:-1\" \/>\n<link rel=\"canonical\" href=\"https:\/\/sxflightcase.com\/tr\/san-pham\/metal-corner-protector-coc602\/\" \/>\n<meta property=\"og:locale\" content=\"tr_TR\" \/>\n<meta property=\"og:type\" content=\"article\" \/>\n<meta property=\"og:title\" content=\"Metal Corner Protector COC602\" \/>\n<meta property=\"og:description\" content=\"Metal corner protector, factory direct! High-quality, durable protection for case edges. Ideal for safeguarding against impact during transport, ensuring long-lasting reliability and safety.\" \/>\n<meta property=\"og:url\" content=\"https:\/\/sxflightcase.com\/tr\/san-pham\/metal-corner-protector-coc602\/\" \/>\n<meta property=\"og:site_name\" content=\"https:\/\/sxflightcase.com\" \/>\n<meta property=\"article:publisher\" content=\"https:\/\/www.facebook.com\/profile.php?id=61560407257971\" \/>\n<meta property=\"article:modified_time\" content=\"2024-08-21T06:43:43+00:00\" \/>\n<meta property=\"og:image\" content=\"https:\/\/sxflightcase.com\/wp-content\/uploads\/2024\/08\/COC602.jpg\" \/>\n\t<meta property=\"og:image:width\" content=\"520\" \/>\n\t<meta property=\"og:image:height\" content=\"558\" \/>\n\t<meta property=\"og:image:type\" content=\"image\/jpeg\" \/>\n<meta name=\"twitter:card\" content=\"summary_large_image\" \/>\n<meta name=\"twitter:label1\" content=\"Tahmini okuma s\u00fcresi\" \/>\n\t<meta name=\"twitter:data1\" content=\"3 dakika\" \/>\n<script type=\"application\/ld+json\" class=\"yoast-schema-graph\">{\"@context\":\"https:\/\/schema.org\",\"@graph\":[{\"@type\":\"WebPage\",\"@id\":\"https:\/\/sxflightcase.com\/vi\/san-pham\/metal-corner-protector-coc602\/\",\"url\":\"https:\/\/sxflightcase.com\/vi\/san-pham\/metal-corner-protector-coc602\/\",\"name\":\"Metal Corner Protector COC602 - https:\/\/sxflightcase.com \ud83d\udc97\",\"isPartOf\":{\"@id\":\"https:\/\/sxflightcase.com\/th\/#website\"},\"primaryImageOfPage\":{\"@id\":\"https:\/\/sxflightcase.com\/vi\/san-pham\/metal-corner-protector-coc602\/#primaryimage\"},\"image\":{\"@id\":\"https:\/\/sxflightcase.com\/vi\/san-pham\/metal-corner-protector-coc602\/#primaryimage\"},\"thumbnailUrl\":\"https:\/\/sxflightcase.com\/wp-content\/uploads\/2024\/08\/COC602.jpg\",\"datePublished\":\"2024-08-21T06:29:02+00:00\",\"dateModified\":\"2024-08-21T06:43:43+00:00\",\"description\":\"Metal corner protector, factory direct! High-quality, durable protection for case edges. Ideal for safeguarding against impact during transport, ensuring long-lasting reliability and safety.\",\"breadcrumb\":{\"@id\":\"https:\/\/sxflightcase.com\/vi\/san-pham\/metal-corner-protector-coc602\/#breadcrumb\"},\"inLanguage\":\"tr\",\"potentialAction\":[{\"@type\":\"ReadAction\",\"target\":[\"https:\/\/sxflightcase.com\/vi\/san-pham\/metal-corner-protector-coc602\/\"]}]},{\"@type\":\"ImageObject\",\"inLanguage\":\"tr\",\"@id\":\"https:\/\/sxflightcase.com\/vi\/san-pham\/metal-corner-protector-coc602\/#primaryimage\",\"url\":\"https:\/\/sxflightcase.com\/wp-content\/uploads\/2024\/08\/COC602.jpg\",\"contentUrl\":\"https:\/\/sxflightcase.com\/wp-content\/uploads\/2024\/08\/COC602.jpg\",\"width\":520,\"height\":558,\"caption\":\"Metal Corner Protector\"},{\"@type\":\"BreadcrumbList\",\"@id\":\"https:\/\/sxflightcase.com\/vi\/san-pham\/metal-corner-protector-coc602\/#breadcrumb\",\"itemListElement\":[{\"@type\":\"ListItem\",\"position\":1,\"name\":\"Home\",\"item\":\"https:\/\/sxflightcase.com\/\"},{\"@type\":\"ListItem\",\"position\":2,\"name\":\"\u0e2a\u0e34\u0e19\u0e04\u0e49\u0e32\",\"item\":\"https:\/\/sxflightcase.com\/th\/shop\/\"},{\"@type\":\"ListItem\",\"position\":3,\"name\":\"Metal Corner Protector COC602\"}]},{\"@type\":\"WebSite\",\"@id\":\"https:\/\/sxflightcase.com\/th\/#website\",\"url\":\"https:\/\/sxflightcase.com\/th\/\",\"name\":\"sxpowercase.com\",\"description\":\"Flight Case Factory\",\"publisher\":{\"@id\":\"https:\/\/sxflightcase.com\/th\/#organization\"},\"potentialAction\":[{\"@type\":\"SearchAction\",\"target\":{\"@type\":\"EntryPoint\",\"urlTemplate\":\"https:\/\/sxflightcase.com\/th\/?s={search_term_string}\"},\"query-input\":{\"@type\":\"PropertyValueSpecification\",\"valueRequired\":true,\"valueName\":\"search_term_string\"}}],\"inLanguage\":\"tr\"},{\"@type\":\"Organization\",\"@id\":\"https:\/\/sxflightcase.com\/th\/#organization\",\"name\":\"sxpowercase.com\",\"url\":\"https:\/\/sxflightcase.com\/th\/\",\"logo\":{\"@type\":\"ImageObject\",\"inLanguage\":\"tr\",\"@id\":\"https:\/\/sxflightcase.com\/th\/#\/schema\/logo\/image\/\",\"url\":\"https:\/\/sxflightcase.com\/wp-content\/uploads\/2024\/04\/1713919036007.jpg\",\"contentUrl\":\"https:\/\/sxflightcase.com\/wp-content\/uploads\/2024\/04\/1713919036007.jpg\",\"width\":382,\"height\":388,\"caption\":\"sxpowercase.com\"},\"image\":{\"@id\":\"https:\/\/sxflightcase.com\/th\/#\/schema\/logo\/image\/\"},\"sameAs\":[\"https:\/\/www.facebook.com\/profile.php?id=61560407257971\"],\"numberOfEmployees\":{\"@type\":\"QuantitativeValue\",\"minValue\":\"11\",\"maxValue\":\"50\"}}]}<\/script>\n<!-- \/ Yoast SEO Premium plugin. -->","yoast_head_json":{"title":"Metal Corner Protector COC602 - https:\/\/sxflightcase.com \ud83d\udc97","description":"Metal k\u00f6\u015fe koruyucu, do\u011frudan fabrika \u00e7\u0131k\u0131\u015f\u0131! Kasa kenarlar\u0131 i\u00e7in y\u00fcksek kaliteli, dayan\u0131kl\u0131 koruma. Ta\u015f\u0131ma s\u0131ras\u0131nda darbelere kar\u015f\u0131 koruma sa\u011flamak, uzun s\u00fcreli g\u00fcvenilirlik ve g\u00fcvenlik sa\u011flamak i\u00e7in idealdir.","robots":{"index":"index","follow":"follow","max-snippet":"max-snippet:-1","max-image-preview":"max-image-preview:large","max-video-preview":"max-video-preview:-1"},"canonical":"https:\/\/sxflightcase.com\/tr\/san-pham\/metal-corner-protector-coc602\/","og_locale":"tr_TR","og_type":"article","og_title":"Metal Corner Protector COC602","og_description":"Metal corner protector, factory direct! High-quality, durable protection for case edges. Ideal for safeguarding against impact during transport, ensuring long-lasting reliability and safety.","og_url":"https:\/\/sxflightcase.com\/tr\/san-pham\/metal-corner-protector-coc602\/","og_site_name":"https:\/\/sxflightcase.com","article_publisher":"https:\/\/www.facebook.com\/profile.php?id=61560407257971","article_modified_time":"2024-08-21T06:43:43+00:00","og_image":[{"width":520,"height":558,"url":"https:\/\/sxflightcase.com\/wp-content\/uploads\/2024\/08\/COC602.jpg","type":"image\/jpeg"}],"twitter_card":"summary_large_image","twitter_misc":{"Tahmini okuma s\u00fcresi":"3 dakika"},"schema":{"@context":"https:\/\/schema.org","@graph":[{"@type":"WebPage","@id":"https:\/\/sxflightcase.com\/vi\/san-pham\/metal-corner-protector-coc602\/","url":"https:\/\/sxflightcase.com\/vi\/san-pham\/metal-corner-protector-coc602\/","name":"Metal Corner Protector COC602 - https:\/\/sxflightcase.com \ud83d\udc97","isPartOf":{"@id":"https:\/\/sxflightcase.com\/th\/#website"},"primaryImageOfPage":{"@id":"https:\/\/sxflightcase.com\/vi\/san-pham\/metal-corner-protector-coc602\/#primaryimage"},"image":{"@id":"https:\/\/sxflightcase.com\/vi\/san-pham\/metal-corner-protector-coc602\/#primaryimage"},"thumbnailUrl":"https:\/\/sxflightcase.com\/wp-content\/uploads\/2024\/08\/COC602.jpg","datePublished":"2024-08-21T06:29:02+00:00","dateModified":"2024-08-21T06:43:43+00:00","description":"Metal k\u00f6\u015fe koruyucu, do\u011frudan fabrika \u00e7\u0131k\u0131\u015f\u0131! Kasa kenarlar\u0131 i\u00e7in y\u00fcksek kaliteli, dayan\u0131kl\u0131 koruma. Ta\u015f\u0131ma s\u0131ras\u0131nda darbelere kar\u015f\u0131 koruma sa\u011flamak, uzun s\u00fcreli g\u00fcvenilirlik ve g\u00fcvenlik sa\u011flamak i\u00e7in idealdir.","breadcrumb":{"@id":"https:\/\/sxflightcase.com\/vi\/san-pham\/metal-corner-protector-coc602\/#breadcrumb"},"inLanguage":"tr","potentialAction":[{"@type":"ReadAction","target":["https:\/\/sxflightcase.com\/vi\/san-pham\/metal-corner-protector-coc602\/"]}]},{"@type":"ImageObject","inLanguage":"tr","@id":"https:\/\/sxflightcase.com\/vi\/san-pham\/metal-corner-protector-coc602\/#primaryimage","url":"https:\/\/sxflightcase.com\/wp-content\/uploads\/2024\/08\/COC602.jpg","contentUrl":"https:\/\/sxflightcase.com\/wp-content\/uploads\/2024\/08\/COC602.jpg","width":520,"height":558,"caption":"Metal Corner Protector"},{"@type":"BreadcrumbList","@id":"https:\/\/sxflightcase.com\/vi\/san-pham\/metal-corner-protector-coc602\/#breadcrumb","itemListElement":[{"@type":"ListItem","position":1,"name":"Home","item":"https:\/\/sxflightcase.com\/"},{"@type":"ListItem","position":2,"name":"\u0e2a\u0e34\u0e19\u0e04\u0e49\u0e32","item":"https:\/\/sxflightcase.com\/th\/shop\/"},{"@type":"ListItem","position":3,"name":"Metal Corner Protector COC602"}]},{"@type":"WebSite","@id":"https:\/\/sxflightcase.com\/th\/#website","url":"https:\/\/sxflightcase.com\/th\/","name":"sxpowercase.com","description":"U\u00e7u\u015f \u00c7antas\u0131 Fabrikas\u0131","publisher":{"@id":"https:\/\/sxflightcase.com\/th\/#organization"},"potentialAction":[{"@type":"SearchAction","target":{"@type":"EntryPoint","urlTemplate":"https:\/\/sxflightcase.com\/th\/?s={search_term_string}"},"query-input":{"@type":"PropertyValueSpecification","valueRequired":true,"valueName":"search_term_string"}}],"inLanguage":"tr"},{"@type":"Organization","@id":"https:\/\/sxflightcase.com\/th\/#organization","name":"sxpowercase.com","url":"https:\/\/sxflightcase.com\/th\/","logo":{"@type":"ImageObject","inLanguage":"tr","@id":"https:\/\/sxflightcase.com\/th\/#\/schema\/logo\/image\/","url":"https:\/\/sxflightcase.com\/wp-content\/uploads\/2024\/04\/1713919036007.jpg","contentUrl":"https:\/\/sxflightcase.com\/wp-content\/uploads\/2024\/04\/1713919036007.jpg","width":382,"height":388,"caption":"sxpowercase.com"},"image":{"@id":"https:\/\/sxflightcase.com\/th\/#\/schema\/logo\/image\/"},"sameAs":["https:\/\/www.facebook.com\/profile.php?id=61560407257971"],"numberOfEmployees":{"@type":"QuantitativeValue","minValue":"11","maxValue":"50"}}]}},"_links":{"self":[{"href":"https:\/\/sxflightcase.com\/tr\/wp-json\/wp\/v2\/product\/4159","targetHints":{"allow":["GET"]}}],"collection":[{"href":"https:\/\/sxflightcase.com\/tr\/wp-json\/wp\/v2\/product"}],"about":[{"href":"https:\/\/sxflightcase.com\/tr\/wp-json\/wp\/v2\/types\/product"}],"replies":[{"embeddable":true,"href":"https:\/\/sxflightcase.com\/tr\/wp-json\/wp\/v2\/comments?post=4159"}],"version-history":[{"count":0,"href":"https:\/\/sxflightcase.com\/tr\/wp-json\/wp\/v2\/product\/4159\/revisions"}],"wp:featuredmedia":[{"embeddable":true,"href":"https:\/\/sxflightcase.com\/tr\/wp-json\/wp\/v2\/media\/4094"}],"wp:attachment":[{"href":"https:\/\/sxflightcase.com\/tr\/wp-json\/wp\/v2\/media?parent=4159"}],"wp:term":[{"taxonomy":"product_brand","embeddable":true,"href":"https:\/\/sxflightcase.com\/tr\/wp-json\/wp\/v2\/product_brand?post=4159"},{"taxonomy":"product_cat","embeddable":true,"href":"https:\/\/sxflightcase.com\/tr\/wp-json\/wp\/v2\/product_cat?post=4159"},{"taxonomy":"product_tag","embeddable":true,"href":"https:\/\/sxflightcase.com\/tr\/wp-json\/wp\/v2\/product_tag?post=4159"}],"curies":[{"name":"wp","href":"https:\/\/api.w.org\/{rel}","templated":true}]}}