{"id":4161,"date":"2024-08-21T07:51:36","date_gmt":"2024-08-21T06:51:36","guid":{"rendered":"https:\/\/sxpowercase.com\/?post_type=product&#038;p=4161"},"modified":"2024-08-21T07:51:37","modified_gmt":"2024-08-21T06:51:37","slug":"metal-corner-protectors-cod101","status":"publish","type":"product","link":"https:\/\/sxflightcase.com\/tr\/urun\/metal-kose-koruyucular-cod101-2\/","title":{"rendered":"Metal K\u00f6\u015fe Koruyucular COD101"},"content":{"rendered":"<h3>SX Metal K\u00f6\u015fe Koruyucular ile E\u015fsiz Koruma<\/h3>\n<h4>Ekipmanlar\u0131n\u0131z i\u00e7in G\u00fcvenilir Savunma<\/h4>\n<p>Konu de\u011ferli ekipmanlar\u0131n\u0131z\u0131 korumak oldu\u011funda, SX <span style=\"color: #3366ff;\"><a style=\"color: #3366ff;\" href=\"https:\/\/sxpowercase.com\/product\/metal-corner-protectors-coc701\/\"><strong>Metal K\u00f6\u015fe Koruyucular<\/strong><\/a><\/span> ihtiyac\u0131n\u0131z olan dayan\u0131kl\u0131l\u0131\u011f\u0131 ve g\u00fcvenilirli\u011fi sunar. U\u00e7u\u015f \u00e7antalar\u0131, yol \u00e7antalar\u0131 ve di\u011fer a\u011f\u0131r hizmet muhafazalar\u0131 i\u00e7in \u00f6zel olarak tasarlanan bu koruyucular, \u00f6nemli darbe noktalar\u0131nda temel g\u00fc\u00e7lendirme sa\u011flar. SX ile sadece kaliteyi de\u011fil, ayn\u0131 zamanda sa\u011flam koruma sa\u011flarken maliyetleri d\u00fc\u015f\u00fck tutan fabrika do\u011frudan fiyatland\u0131rmas\u0131n\u0131 da elde edersiniz.<\/p>\n<h4>Zorlu Ko\u015fullara Dayanacak \u015eekilde \u00dcretildi<\/h4>\n<p><a href=\"https:\/\/sxpowercase.com\/\" target=\"_blank\" rel=\"noopener\" title=\"SX\" data-wpil-monitor-id=\"682\">SX<\/a> <strong>Metal K\u00f6\u015fe Koruyucular<\/strong> y\u00fcksek kaliteli malzemelerden \u00fcretilmi\u015ftir, b\u00f6ylece zorlu kullan\u0131ma dayan\u0131r ve ekipman\u0131n\u0131z\u0131 s\u00fcrekli kullan\u0131mla korur. \u0130ster profesyonel turlar, ister lojistik veya end\u00fcstriyel ortamlar i\u00e7in olsun, bu koruyucular zaman i\u00e7inde g\u00fc\u00e7lerini korur. Fabrika do\u011frudan sat\u0131\u015flar\u0131, rekabet\u00e7i fiyatlarla birinci s\u0131n\u0131f koruma alaca\u011f\u0131n\u0131z anlam\u0131na gelir ve bu da onu her i\u015fletme i\u00e7in ak\u0131ll\u0131 bir yat\u0131r\u0131m haline getirir.<\/p>\n<h4>An\u0131nda Koruma i\u00e7in Kolay Uygulama<\/h4>\n<p>SX i\u00e7in kurulum s\u00fcreci <strong>Metal K\u00f6\u015fe Koruyucular<\/strong> basit ve kullan\u0131c\u0131 dostu olmas\u0131 sayesinde k\u0131l\u0131flar\u0131n\u0131z\u0131 h\u0131zl\u0131 bir \u015fekilde y\u00fckseltmenize olanak tan\u0131r. Bu \u00e7ok y\u00f6nl\u00fc koruyucular \u00e7e\u015fitli k\u0131l\u0131f tasar\u0131mlar\u0131yla uyumludur ve farkl\u0131 modeller aras\u0131nda g\u00fcvenilir bir uyum sunar. Do\u011frudan SX'ten sat\u0131n alarak, maliyetleri \u015fi\u015firen arac\u0131lar olmadan d\u00fc\u015f\u00fck fiyatlarla kaliteli \u00fcr\u00fcnlerden faydalan\u0131rs\u0131n\u0131z.<\/p>\n<h4>\u00d6zel \u0130htiya\u00e7lar\u0131n\u0131za G\u00f6re Uyarland\u0131<\/h4>\n<p>SX, her ekipman par\u00e7as\u0131n\u0131n kendine \u00f6zg\u00fc gereksinimleri oldu\u011funun fark\u0131ndad\u0131r. Bu y\u00fczden bizim <strong>Metal K\u00f6\u015fe Koruyucular<\/strong> kasan\u0131z\u0131n \u00f6zelliklerine uyacak \u015fekilde \u00f6zelle\u015ftirilebilir ve size tam olarak ihtiyac\u0131n\u0131z olan korumay\u0131 sa\u011flar. B\u00fct\u00e7enize uygun birinci s\u0131n\u0131f \u00e7\u00f6z\u00fcmler alman\u0131z\u0131 sa\u011flayan fabrika do\u011frudan fiyatland\u0131rmas\u0131n\u0131n hem esnekli\u011finin hem de tasarrufunun keyfini \u00e7\u0131kar\u0131n.<\/p>\n<h4>Sekt\u00f6r Liderlerinin G\u00fcvendi\u011fi<\/h4>\n<p>D\u00fcnyan\u0131n d\u00f6rt bir yan\u0131ndaki profesyoneller SX'e g\u00fcveniyor <strong>Metal K\u00f6\u015fe Koruyucular<\/strong> ekipmanlar\u0131n\u0131 g\u00fcvende tutmak i\u00e7in. E\u011flence sekt\u00f6r\u00fcnden lojistik operasyonlar\u0131na kadar, koruyucular\u0131m\u0131z kalite ve g\u00fcvenilirlikleriyle bilinir. Tutarl\u0131 kalite g\u00fcvencesi ile fabrikadan do\u011frudan fiyatlar sunan SX, zaman\u0131n testine dayanan g\u00fcvenilir koruma sa\u011flar.<\/p>\n<h4>Kalite ve Uygun Fiyat Bir Arada<\/h4>\n<p>SX <strong>Metal K\u00f6\u015fe Koruyucular<\/strong> y\u00fcksek kaliteli yap\u0131 ile b\u00fct\u00e7e dostu fiyatland\u0131rman\u0131n m\u00fckemmel bir kar\u0131\u015f\u0131m\u0131n\u0131 sunar. Do\u011frudan fabrika sat\u0131\u015flar\u0131, masraflar\u0131 kontrol alt\u0131nda tutarken korumadan \u00f6d\u00fcn vermemeniz anlam\u0131na gelir. SX'in sundu\u011fu sa\u011flam ve dayan\u0131kl\u0131 \u00e7\u00f6z\u00fcmlerle ekipman\u0131n\u0131z\u0131 ekonomik bir \u015fekilde koruyun.<\/p>\n<h4>Uzun Vadeli Dayan\u0131kl\u0131l\u0131\u011fa Yat\u0131r\u0131m Yap\u0131n<\/h4>\n<p>SX&#039;i se\u00e7ti\u011finizde <strong>Metal K\u00f6\u015fe Koruyucular<\/strong>uzun s\u00fcre dayanacak bir \u00e7\u00f6z\u00fcme yat\u0131r\u0131m yapars\u0131n\u0131z. A\u015f\u0131nma ve y\u0131pranmaya kar\u015f\u0131 sa\u011flam koruma sunan bu koruyucular, k\u0131l\u0131flar\u0131n\u0131z\u0131n \u00f6mr\u00fcn\u00fc uzatmaya yard\u0131mc\u0131 olur. Fabrikadan do\u011frudan sa\u011flanan tasarruflar ve \u00f6d\u00fcn verilmeyen kalite, SX'i makul bir maliyetle g\u00fcvenilir koruma arayan herkes i\u00e7in g\u00fcvenilir bir se\u00e7im haline getirir.<\/p>\n<p>Hemen \u0130leti\u015fime Ge\u00e7in:<span style=\"color: #0000ff;\"><a style=\"color: #0000ff;\" href=\"https:\/\/sxpowercase.com\/contact-us\/\">https:\/\/sxpowercase.com\/<\/a><\/span><\/p>\n<p>Donan\u0131m \u00dcr\u00fcn Katalo\u011fu\uff1a<span style=\"color: #3366ff;\"><a style=\"color: #3366ff;\" href=\"https:\/\/sxpowercase.com\/wp-content\/uploads\/2024\/07\/\u4e94\u91d1.pdf\">Donan\u0131m aksesuarlar\u0131 katalo\u011fu<\/a><\/span><\/p>","protected":false},"excerpt":{"rendered":"<h3>SX Metal K\u00f6\u015fe Koruyucular: Ekipman\u0131n\u0131z i\u00e7in \u00dcst\u00fcn Savunma<\/h3>\n<p>Fabrika do\u011frudan fiyatlar\u0131yla birinci s\u0131n\u0131f koruma sa\u011flamak \u00fczere tasarlanan SX Metal K\u00f6\u015fe Koruyucularla ekipman\u0131n\u0131z\u0131n ta\u015f\u0131ma s\u0131ras\u0131nda g\u00fcvende kalmas\u0131n\u0131 sa\u011flay\u0131n.<\/p>\n<h3>Dayan\u0131kl\u0131 ve Esnek Koruma<\/h3>\n<p>Y\u00fcksek kaliteli malzemelerden \u00fcretilen SX Metal K\u00f6\u015fe Koruyucular, darbelere ve a\u015f\u0131nmaya kar\u015f\u0131 ola\u011fan\u00fcst\u00fc dayan\u0131kl\u0131l\u0131k sunarak g\u00fcvenilir, uzun \u00f6m\u00fcrl\u00fc savunma sa\u011flar.<\/p>\n<h3>\u00d6zelle\u015ftirilebilir ve Kurulumu Kolay<\/h3>\n<p>SX, ihtiya\u00e7lar\u0131n\u0131za g\u00f6re uygun fiyatl\u0131, y\u00fcksek kaliteli koruma sunarken, \u00e7e\u015fitli kasa t\u00fcrlerine uyan, kurulumu kolay, \u00f6zelle\u015ftirilebilir k\u00f6\u015fe koruyucular\u0131 sa\u011flar.<\/p>","protected":false},"featured_media":4096,"comment_status":"open","ping_status":"closed","template":"","meta":[],"product_brand":[],"product_cat":[63],"product_tag":[],"class_list":{"0":"post-4161","1":"product","2":"type-product","3":"status-publish","4":"has-post-thumbnail","6":"product_cat-corners","8":"first","9":"instock","10":"shipping-taxable","11":"product-type-simple"},"yoast_head":"<!-- This site is optimized with the Yoast SEO Premium plugin v27.1 (Yoast SEO v27.2) - https:\/\/yoast.com\/product\/yoast-seo-premium-wordpress\/ -->\n<title>Metal Corner Protectors COD101 - https:\/\/sxflightcase.com \ud83d\udc97<\/title>\n<meta name=\"description\" content=\"Metal corner protectors, factory direct! High-quality, durable protection for case edges. Ideal for safeguarding against impact during transport\" \/>\n<meta name=\"robots\" content=\"index, follow, max-snippet:-1, max-image-preview:large, max-video-preview:-1\" \/>\n<link rel=\"canonical\" href=\"https:\/\/sxflightcase.com\/tr\/urun\/metal-kose-koruyucular-cod101-2\/\" \/>\n<meta property=\"og:locale\" content=\"tr_TR\" \/>\n<meta property=\"og:type\" content=\"article\" \/>\n<meta property=\"og:title\" content=\"Metal Corner Protectors COD101\" \/>\n<meta property=\"og:description\" content=\"Metal corner protectors, factory direct! High-quality, durable protection for case edges. Ideal for safeguarding against impact during transport\" \/>\n<meta property=\"og:url\" content=\"https:\/\/sxflightcase.com\/tr\/urun\/metal-kose-koruyucular-cod101-2\/\" \/>\n<meta property=\"og:site_name\" content=\"https:\/\/sxflightcase.com\" \/>\n<meta property=\"article:publisher\" content=\"https:\/\/www.facebook.com\/profile.php?id=61560407257971\" \/>\n<meta property=\"article:modified_time\" content=\"2024-08-21T06:51:37+00:00\" \/>\n<meta property=\"og:image\" content=\"https:\/\/sxflightcase.com\/wp-content\/uploads\/2024\/08\/COD101.jpg\" \/>\n\t<meta property=\"og:image:width\" content=\"520\" \/>\n\t<meta property=\"og:image:height\" content=\"561\" \/>\n\t<meta property=\"og:image:type\" content=\"image\/jpeg\" \/>\n<meta name=\"twitter:card\" content=\"summary_large_image\" \/>\n<meta name=\"twitter:label1\" content=\"Tahmini okuma s\u00fcresi\" \/>\n\t<meta name=\"twitter:data1\" content=\"3 dakika\" \/>\n<script type=\"application\/ld+json\" class=\"yoast-schema-graph\">{\"@context\":\"https:\/\/schema.org\",\"@graph\":[{\"@type\":\"WebPage\",\"@id\":\"https:\/\/sxflightcase.com\/product\/metal-corner-protectors-cod101\/\",\"url\":\"https:\/\/sxflightcase.com\/product\/metal-corner-protectors-cod101\/\",\"name\":\"Metal Corner Protectors COD101 - https:\/\/sxflightcase.com \ud83d\udc97\",\"isPartOf\":{\"@id\":\"https:\/\/sxflightcase.com\/th\/#website\"},\"primaryImageOfPage\":{\"@id\":\"https:\/\/sxflightcase.com\/product\/metal-corner-protectors-cod101\/#primaryimage\"},\"image\":{\"@id\":\"https:\/\/sxflightcase.com\/product\/metal-corner-protectors-cod101\/#primaryimage\"},\"thumbnailUrl\":\"https:\/\/sxflightcase.com\/wp-content\/uploads\/2024\/08\/COD101.jpg\",\"datePublished\":\"2024-08-21T06:51:36+00:00\",\"dateModified\":\"2024-08-21T06:51:37+00:00\",\"description\":\"Metal corner protectors, factory direct! High-quality, durable protection for case edges. Ideal for safeguarding against impact during transport\",\"breadcrumb\":{\"@id\":\"https:\/\/sxflightcase.com\/product\/metal-corner-protectors-cod101\/#breadcrumb\"},\"inLanguage\":\"tr\",\"potentialAction\":[{\"@type\":\"ReadAction\",\"target\":[\"https:\/\/sxflightcase.com\/product\/metal-corner-protectors-cod101\/\"]}]},{\"@type\":\"ImageObject\",\"inLanguage\":\"tr\",\"@id\":\"https:\/\/sxflightcase.com\/product\/metal-corner-protectors-cod101\/#primaryimage\",\"url\":\"https:\/\/sxflightcase.com\/wp-content\/uploads\/2024\/08\/COD101.jpg\",\"contentUrl\":\"https:\/\/sxflightcase.com\/wp-content\/uploads\/2024\/08\/COD101.jpg\",\"width\":520,\"height\":561,\"caption\":\"Metal Corner Protectors\"},{\"@type\":\"BreadcrumbList\",\"@id\":\"https:\/\/sxflightcase.com\/product\/metal-corner-protectors-cod101\/#breadcrumb\",\"itemListElement\":[{\"@type\":\"ListItem\",\"position\":1,\"name\":\"Home\",\"item\":\"https:\/\/sxflightcase.com\/\"},{\"@type\":\"ListItem\",\"position\":2,\"name\":\"\u0e2a\u0e34\u0e19\u0e04\u0e49\u0e32\",\"item\":\"https:\/\/sxflightcase.com\/th\/shop\/\"},{\"@type\":\"ListItem\",\"position\":3,\"name\":\"Metal Corner Protectors COD101\"}]},{\"@type\":\"WebSite\",\"@id\":\"https:\/\/sxflightcase.com\/th\/#website\",\"url\":\"https:\/\/sxflightcase.com\/th\/\",\"name\":\"sxpowercase.com\",\"description\":\"Flight Case Factory\",\"publisher\":{\"@id\":\"https:\/\/sxflightcase.com\/th\/#organization\"},\"potentialAction\":[{\"@type\":\"SearchAction\",\"target\":{\"@type\":\"EntryPoint\",\"urlTemplate\":\"https:\/\/sxflightcase.com\/th\/?s={search_term_string}\"},\"query-input\":{\"@type\":\"PropertyValueSpecification\",\"valueRequired\":true,\"valueName\":\"search_term_string\"}}],\"inLanguage\":\"tr\"},{\"@type\":\"Organization\",\"@id\":\"https:\/\/sxflightcase.com\/th\/#organization\",\"name\":\"sxpowercase.com\",\"url\":\"https:\/\/sxflightcase.com\/th\/\",\"logo\":{\"@type\":\"ImageObject\",\"inLanguage\":\"tr\",\"@id\":\"https:\/\/sxflightcase.com\/th\/#\/schema\/logo\/image\/\",\"url\":\"https:\/\/sxflightcase.com\/wp-content\/uploads\/2024\/04\/1713919036007.jpg\",\"contentUrl\":\"https:\/\/sxflightcase.com\/wp-content\/uploads\/2024\/04\/1713919036007.jpg\",\"width\":382,\"height\":388,\"caption\":\"sxpowercase.com\"},\"image\":{\"@id\":\"https:\/\/sxflightcase.com\/th\/#\/schema\/logo\/image\/\"},\"sameAs\":[\"https:\/\/www.facebook.com\/profile.php?id=61560407257971\"],\"numberOfEmployees\":{\"@type\":\"QuantitativeValue\",\"minValue\":\"11\",\"maxValue\":\"50\"}}]}<\/script>\n<!-- \/ Yoast SEO Premium plugin. -->","yoast_head_json":{"title":"Metal Corner Protectors COD101 - https:\/\/sxflightcase.com \ud83d\udc97","description":"Metal k\u00f6\u015fe koruyucular, do\u011frudan fabrikada! Kasa kenarlar\u0131 i\u00e7in y\u00fcksek kaliteli, dayan\u0131kl\u0131 koruma. Ta\u015f\u0131ma s\u0131ras\u0131nda darbelere kar\u015f\u0131 koruma i\u00e7in idealdir","robots":{"index":"index","follow":"follow","max-snippet":"max-snippet:-1","max-image-preview":"max-image-preview:large","max-video-preview":"max-video-preview:-1"},"canonical":"https:\/\/sxflightcase.com\/tr\/urun\/metal-kose-koruyucular-cod101-2\/","og_locale":"tr_TR","og_type":"article","og_title":"Metal Corner Protectors COD101","og_description":"Metal corner protectors, factory direct! High-quality, durable protection for case edges. Ideal for safeguarding against impact during transport","og_url":"https:\/\/sxflightcase.com\/tr\/urun\/metal-kose-koruyucular-cod101-2\/","og_site_name":"https:\/\/sxflightcase.com","article_publisher":"https:\/\/www.facebook.com\/profile.php?id=61560407257971","article_modified_time":"2024-08-21T06:51:37+00:00","og_image":[{"width":520,"height":561,"url":"https:\/\/sxflightcase.com\/wp-content\/uploads\/2024\/08\/COD101.jpg","type":"image\/jpeg"}],"twitter_card":"summary_large_image","twitter_misc":{"Tahmini okuma s\u00fcresi":"3 dakika"},"schema":{"@context":"https:\/\/schema.org","@graph":[{"@type":"WebPage","@id":"https:\/\/sxflightcase.com\/product\/metal-corner-protectors-cod101\/","url":"https:\/\/sxflightcase.com\/product\/metal-corner-protectors-cod101\/","name":"Metal Corner Protectors COD101 - https:\/\/sxflightcase.com \ud83d\udc97","isPartOf":{"@id":"https:\/\/sxflightcase.com\/th\/#website"},"primaryImageOfPage":{"@id":"https:\/\/sxflightcase.com\/product\/metal-corner-protectors-cod101\/#primaryimage"},"image":{"@id":"https:\/\/sxflightcase.com\/product\/metal-corner-protectors-cod101\/#primaryimage"},"thumbnailUrl":"https:\/\/sxflightcase.com\/wp-content\/uploads\/2024\/08\/COD101.jpg","datePublished":"2024-08-21T06:51:36+00:00","dateModified":"2024-08-21T06:51:37+00:00","description":"Metal k\u00f6\u015fe koruyucular, do\u011frudan fabrikada! Kasa kenarlar\u0131 i\u00e7in y\u00fcksek kaliteli, dayan\u0131kl\u0131 koruma. Ta\u015f\u0131ma s\u0131ras\u0131nda darbelere kar\u015f\u0131 koruma i\u00e7in idealdir","breadcrumb":{"@id":"https:\/\/sxflightcase.com\/product\/metal-corner-protectors-cod101\/#breadcrumb"},"inLanguage":"tr","potentialAction":[{"@type":"ReadAction","target":["https:\/\/sxflightcase.com\/product\/metal-corner-protectors-cod101\/"]}]},{"@type":"ImageObject","inLanguage":"tr","@id":"https:\/\/sxflightcase.com\/product\/metal-corner-protectors-cod101\/#primaryimage","url":"https:\/\/sxflightcase.com\/wp-content\/uploads\/2024\/08\/COD101.jpg","contentUrl":"https:\/\/sxflightcase.com\/wp-content\/uploads\/2024\/08\/COD101.jpg","width":520,"height":561,"caption":"Metal Corner Protectors"},{"@type":"BreadcrumbList","@id":"https:\/\/sxflightcase.com\/product\/metal-corner-protectors-cod101\/#breadcrumb","itemListElement":[{"@type":"ListItem","position":1,"name":"Home","item":"https:\/\/sxflightcase.com\/"},{"@type":"ListItem","position":2,"name":"\u0e2a\u0e34\u0e19\u0e04\u0e49\u0e32","item":"https:\/\/sxflightcase.com\/th\/shop\/"},{"@type":"ListItem","position":3,"name":"Metal Corner Protectors COD101"}]},{"@type":"WebSite","@id":"https:\/\/sxflightcase.com\/th\/#website","url":"https:\/\/sxflightcase.com\/th\/","name":"sxpowercase.com","description":"U\u00e7u\u015f \u00c7antas\u0131 Fabrikas\u0131","publisher":{"@id":"https:\/\/sxflightcase.com\/th\/#organization"},"potentialAction":[{"@type":"SearchAction","target":{"@type":"EntryPoint","urlTemplate":"https:\/\/sxflightcase.com\/th\/?s={search_term_string}"},"query-input":{"@type":"PropertyValueSpecification","valueRequired":true,"valueName":"search_term_string"}}],"inLanguage":"tr"},{"@type":"Organization","@id":"https:\/\/sxflightcase.com\/th\/#organization","name":"sxpowercase.com","url":"https:\/\/sxflightcase.com\/th\/","logo":{"@type":"ImageObject","inLanguage":"tr","@id":"https:\/\/sxflightcase.com\/th\/#\/schema\/logo\/image\/","url":"https:\/\/sxflightcase.com\/wp-content\/uploads\/2024\/04\/1713919036007.jpg","contentUrl":"https:\/\/sxflightcase.com\/wp-content\/uploads\/2024\/04\/1713919036007.jpg","width":382,"height":388,"caption":"sxpowercase.com"},"image":{"@id":"https:\/\/sxflightcase.com\/th\/#\/schema\/logo\/image\/"},"sameAs":["https:\/\/www.facebook.com\/profile.php?id=61560407257971"],"numberOfEmployees":{"@type":"QuantitativeValue","minValue":"11","maxValue":"50"}}]}},"_links":{"self":[{"href":"https:\/\/sxflightcase.com\/tr\/wp-json\/wp\/v2\/product\/4161","targetHints":{"allow":["GET"]}}],"collection":[{"href":"https:\/\/sxflightcase.com\/tr\/wp-json\/wp\/v2\/product"}],"about":[{"href":"https:\/\/sxflightcase.com\/tr\/wp-json\/wp\/v2\/types\/product"}],"replies":[{"embeddable":true,"href":"https:\/\/sxflightcase.com\/tr\/wp-json\/wp\/v2\/comments?post=4161"}],"version-history":[{"count":0,"href":"https:\/\/sxflightcase.com\/tr\/wp-json\/wp\/v2\/product\/4161\/revisions"}],"wp:featuredmedia":[{"embeddable":true,"href":"https:\/\/sxflightcase.com\/tr\/wp-json\/wp\/v2\/media\/4096"}],"wp:attachment":[{"href":"https:\/\/sxflightcase.com\/tr\/wp-json\/wp\/v2\/media?parent=4161"}],"wp:term":[{"taxonomy":"product_brand","embeddable":true,"href":"https:\/\/sxflightcase.com\/tr\/wp-json\/wp\/v2\/product_brand?post=4161"},{"taxonomy":"product_cat","embeddable":true,"href":"https:\/\/sxflightcase.com\/tr\/wp-json\/wp\/v2\/product_cat?post=4161"},{"taxonomy":"product_tag","embeddable":true,"href":"https:\/\/sxflightcase.com\/tr\/wp-json\/wp\/v2\/product_tag?post=4161"}],"curies":[{"name":"wp","href":"https:\/\/api.w.org\/{rel}","templated":true}]}}