{"id":4197,"date":"2024-08-22T07:42:06","date_gmt":"2024-08-22T06:42:06","guid":{"rendered":"https:\/\/sxpowercase.com\/?post_type=product&#038;p=4197"},"modified":"2024-08-22T07:42:07","modified_gmt":"2024-08-22T06:42:07","slug":"road-case-corner-clamp-cla102","status":"publish","type":"product","link":"https:\/\/sxflightcase.com\/tr\/urun\/yol-kasasi-kose-kelepcesi-cla102\/","title":{"rendered":"Yol Kasas\u0131 K\u00f6\u015fe Kelep\u00e7esi CLA102"},"content":{"rendered":"<h3>SX Yol \u00c7antas\u0131 K\u00f6\u015fe Kelep\u00e7esi: Ekipman\u0131n\u0131z i\u00e7in Temel Koruma<\/h3>\n<h4>Yol \u00c7antalar\u0131n\u0131z\u0131 G\u00fcvenle Koruyun<\/h4>\n<p>De\u011ferli ekipmanlar\u0131n ta\u015f\u0131nmas\u0131 sa\u011flam koruma gerektirir. Bu <span style=\"color: #3366ff;\"><a style=\"color: #3366ff;\" href=\"https:\/\/sxpowercase.com\/product\/road-case-corner-clamp-cla101\/\"><strong>Yol Kasas\u0131 K\u00f6\u015fe Kelep\u00e7esi<\/strong><\/a><\/span>\u00a0SX'ten bu g\u00fcvenli\u011fi sa\u011flamak i\u00e7in \u00f6zel olarak tasarlanm\u0131\u015ft\u0131r. Yol \u00e7antalar\u0131n\u0131z\u0131n k\u00f6\u015felerini s\u0131k\u0131ca g\u00fc\u00e7lendiren bu kelep\u00e7eler, ekipman\u0131n\u0131z\u0131n yolculuk boyunca g\u00fcvende ve hasars\u0131z kalmas\u0131n\u0131 sa\u011flar. <a href=\"https:\/\/sxpowercase.com\/\" target=\"_blank\" rel=\"noopener\" title=\"SX\" data-wpil-monitor-id=\"685\">SX<\/a> g\u00fcvenilir kaliteyi fabrikadan do\u011frudan fiyatland\u0131rma ile birle\u015ftirerek \u00fcst s\u0131n\u0131f donan\u0131m\u0131 daha d\u00fc\u015f\u00fck maliyetle sunar.<\/p>\n<h4>Uzun \u00d6m\u00fcrl\u00fc Kullan\u0131m i\u00e7in A\u011f\u0131r Hizmet Tipi Tasar\u0131m<\/h4>\n<p>SX <strong>Yol Kasas\u0131 K\u00f6\u015fe Kelep\u00e7eleri<\/strong> en zorlu ko\u015fullara dayanacak \u015fekilde \u00fcretilmi\u015ftir. Y\u00fcksek mukavemetli malzemelerden \u00fcretilen bu kelep\u00e7eler, a\u015f\u0131nma ve y\u0131pranmaya kar\u015f\u0131 diren\u00e7 g\u00f6stererek yol \u00e7antalar\u0131n\u0131z i\u00e7in uzun s\u00fcreli stabilite sa\u011flar. \u0130ster turnede, ister \u00fcretimde olun, ister a\u011f\u0131r i\u015f ekipmanlar\u0131n\u0131 ta\u015f\u0131yor olun, kelep\u00e7elerimiz kasalar\u0131n\u0131z\u0131 sa\u011flam tutmak i\u00e7in gereken dayan\u0131kl\u0131l\u0131\u011f\u0131 sunar. SX, fabrika \u00e7\u0131k\u0131\u015fl\u0131 modelimiz sayesinde y\u00fcksek fiyat etiketi olmadan birinci s\u0131n\u0131f koruma alman\u0131z\u0131 garanti eder.<\/p>\n<h4>Basit Kurulum, Geni\u015f Uyumluluk<\/h4>\n<p>SX'in Kurulumu <strong>Yol Kasas\u0131 K\u00f6\u015fe Kelep\u00e7eleri<\/strong> basittir, bu da onlar\u0131 \u00e7antalar\u0131n\u0131za sorunsuz bir katk\u0131 haline getirir. \u00c7e\u015fitli yol \u00e7antas\u0131 modellerine uyacak \u015fekilde tasarlanan bu kelep\u00e7eler \u00e7ok y\u00f6nl\u00fcd\u00fcr ve \u00f6zel kurulumunuz i\u00e7in ayarlanmas\u0131 kolayd\u0131r. Fabrika \u00e7\u0131k\u0131\u015fl\u0131 tasarruflar, b\u00fct\u00e7enizi a\u015fmadan kasa koruman\u0131z\u0131 y\u00fckseltebilece\u011finiz anlam\u0131na gelirken, t\u00fcm bunlar kasalar\u0131n\u0131z\u0131n g\u00fcvenli bir \u015fekilde g\u00fc\u00e7lendirilmesini sa\u011flar.<\/p>\n<h4>Her Uygulama i\u00e7in \u00d6zel \u00c7\u00f6z\u00fcmler<\/h4>\n<p>Her yol kasas\u0131 kurulumu benzersizdir ve SX \u00f6zel gereksinimlerinizi kar\u015f\u0131layacak esnekli\u011fi sa\u011flar. Bizim <strong>Yol Kasas\u0131 K\u00f6\u015fe Kelep\u00e7eleri<\/strong> \u00e7e\u015fitli kasa tipleri i\u00e7in \u00f6zelle\u015ftirilebilir ve ekipman\u0131n\u0131z\u0131 korumada optimum performans sa\u011flar. Fabrika fiyatlar\u0131na do\u011frudan eri\u015fim sayesinde, tam olarak ihtiyac\u0131n\u0131z olan\u0131 al\u0131rken maliyetten tasarruf edersiniz - spesifikasyonlar\u0131n\u0131za g\u00f6re uyarlanm\u0131\u015f g\u00fcvenilir kelep\u00e7eler.<\/p>\n<h4>Sekt\u00f6r Profesyonelleri Taraf\u0131ndan G\u00fcvenilen<\/h4>\n<p>SX, canl\u0131 etkinlikler, turne ve lojistik gibi sekt\u00f6rlerde g\u00fc\u00e7l\u00fc bir \u00fcne sahiptir. Bizim <strong>Yol Kasas\u0131 K\u00f6\u015fe Kelep\u00e7eleri<\/strong> zorlu durumlarda g\u00fcvenilirli\u011fi ve performans\u0131 ile g\u00fcvenilirdir. SX'i se\u00e7ti\u011finizde, y\u00fcksek kalite ve dayan\u0131kl\u0131l\u0131k standartlar\u0131n\u0131 korurken maliyetleri d\u00fc\u015f\u00fck tutan fabrika do\u011frudan fiyatland\u0131rmas\u0131ndan yararlan\u0131rs\u0131n\u0131z. D\u00fcnyan\u0131n d\u00f6rt bir yan\u0131ndaki profesyoneller, g\u00fcvenli ve uygun fiyatl\u0131 donan\u0131m \u00e7\u00f6z\u00fcmleri i\u00e7in SX'e g\u00fcveniyor.<\/p>\n<h4>Kalite ve Uygun Fiyat Bir Arada<\/h4>\n<p>SX, hem de\u011fer hem de kalite sunmay\u0131 taahh\u00fct eder. Bizim <strong>Yol Kasas\u0131 K\u00f6\u015fe Kelep\u00e7eleri<\/strong> y\u00fcksek standartlarda \u00fcretilirken fabrika do\u011frudan fiyatlar\u0131yla sunulur, dayan\u0131kl\u0131 ve uygun maliyetli koruma elde etmenizi sa\u011flar. SX donan\u0131m\u0131na yat\u0131r\u0131m yapmak, b\u00fct\u00e7enizi zorlamayacak uzun \u00f6m\u00fcrl\u00fc \u00fcr\u00fcnlere yat\u0131r\u0131m yapmak anlam\u0131na gelir.<\/p>\n<h4>T\u00fcm Kurulumlar i\u00e7in Geli\u015fmi\u015f Koruma<\/h4>\n<p>Ekipman\u0131n\u0131z\u0131 korumak s\u00f6z konusu oldu\u011funda, SX <strong>Yol Kasas\u0131 K\u00f6\u015fe Kelep\u00e7eleri<\/strong> g\u00fc\u00e7 ve uygun fiyat aras\u0131nda m\u00fckemmel bir denge sunar. Zorlu ko\u015fullar i\u00e7in tasarlanan ve kurulumu kolay olan bu kelep\u00e7eler, her t\u00fcrl\u00fc yol \u00e7antas\u0131 i\u00e7in geli\u015fmi\u015f koruma sa\u011flar. Fabrikadan do\u011frudan tasarrufla, kaliteden veya fiyattan \u00f6d\u00fcn vermeden ekipman\u0131n\u0131z\u0131 g\u00fcvence alt\u0131na alabilirsiniz.<\/p>\n<p>Hemen \u0130leti\u015fime Ge\u00e7in:<span style=\"color: #0000ff;\"><a style=\"color: #0000ff;\" href=\"https:\/\/sxpowercase.com\/contact-us\/\">https:\/\/sxpowercase.com\/<\/a><\/span><\/p>\n<p>Donan\u0131m \u00dcr\u00fcn Katalo\u011fu\uff1a<span style=\"color: #3366ff;\"><a style=\"color: #3366ff;\" href=\"https:\/\/sxpowercase.com\/wp-content\/uploads\/2024\/07\/\u4e94\u91d1.pdf\">Donan\u0131m aksesuarlar\u0131 katalo\u011fu<\/a><\/span><\/p>","protected":false},"excerpt":{"rendered":"<h3>SX Yol Kasas\u0131 K\u00f6\u015fe Kelep\u00e7eleri: G\u00fcvenli ve Stabil Destek<\/h3>\n<p>SX Yol \u00c7antas\u0131 K\u00f6\u015fe Kelep\u00e7eleri, ta\u015f\u0131ma s\u0131ras\u0131nda ekipman\u0131n\u0131z i\u00e7in sa\u011flam koruma sa\u011flar. G\u00fc\u00e7 ve hassasiyet i\u00e7in tasarlanan bu kelep\u00e7eler, fabrika do\u011frudan fiyatlar\u0131yla kasalar\u0131n\u0131z\u0131n g\u00fcvenli bir \u015fekilde sabitlenmesini sa\u011flar.<\/p>\n<h3>Dayan\u0131kl\u0131l\u0131k ve A\u011f\u0131r Kullan\u0131m i\u00e7in \u00dcretildi<\/h3>\n<p>Dayan\u0131kl\u0131 malzemelerden \u00fcretilen SX Yol \u00c7antas\u0131 K\u00f6\u015fe Kelep\u00e7eleri, seyahat ve a\u011f\u0131r hizmet kullan\u0131m\u0131n\u0131n zorluklar\u0131na dayan\u0131r, uzun \u00f6m\u00fcrl\u00fc g\u00fcvenilirlik ve koruma sunar.<\/p>\n<h3>Kolay Kurulum ve \u00d6zelle\u015ftirilebilir \u00c7\u00f6z\u00fcmler<\/h3>\n<p>SX kelep\u00e7elerin montaj\u0131 kolayd\u0131r ve \u00e7e\u015fitli yol kasas\u0131 tasar\u0131mlar\u0131na uyar. \u00d6zelle\u015ftirilebilir se\u00e7enekler mevcuttur ve kaliteden \u00f6d\u00fcn vermeden uygun fiyata \u00f6zel \u00e7\u00f6z\u00fcmler alman\u0131z\u0131 sa\u011flar.<\/p>","protected":false},"featured_media":4173,"comment_status":"open","ping_status":"closed","template":"","meta":[],"product_brand":[],"product_cat":[64],"product_tag":[],"class_list":{"0":"post-4197","1":"product","2":"type-product","3":"status-publish","4":"has-post-thumbnail","6":"product_cat-clamps","8":"first","9":"instock","10":"shipping-taxable","11":"product-type-simple"},"yoast_head":"<!-- This site is optimized with the Yoast SEO Premium plugin v27.1 (Yoast SEO v27.2) - https:\/\/yoast.com\/product\/yoast-seo-premium-wordpress\/ -->\n<title>Road Case Corner Clamp CLA102 - https:\/\/sxflightcase.com \ud83d\udc97<\/title>\n<meta name=\"description\" content=\"Road case corner clamp, factory direct! High-quality, durable clamps designed for secure assembly and reinforcement of case corners. Ideal for heavy-duty protection during transport.\" \/>\n<meta name=\"robots\" content=\"index, follow, max-snippet:-1, max-image-preview:large, max-video-preview:-1\" \/>\n<link rel=\"canonical\" href=\"https:\/\/sxflightcase.com\/tr\/urun\/yol-kasasi-kose-kelepcesi-cla102\/\" \/>\n<meta property=\"og:locale\" content=\"tr_TR\" \/>\n<meta property=\"og:type\" content=\"article\" \/>\n<meta property=\"og:title\" content=\"Road Case Corner Clamp CLA102\" \/>\n<meta property=\"og:description\" content=\"Road case corner clamp, factory direct! High-quality, durable clamps designed for secure assembly and reinforcement of case corners. Ideal for heavy-duty protection during transport.\" \/>\n<meta property=\"og:url\" content=\"https:\/\/sxflightcase.com\/tr\/urun\/yol-kasasi-kose-kelepcesi-cla102\/\" \/>\n<meta property=\"og:site_name\" content=\"https:\/\/sxflightcase.com\" \/>\n<meta property=\"article:publisher\" content=\"https:\/\/www.facebook.com\/profile.php?id=61560407257971\" \/>\n<meta property=\"article:modified_time\" content=\"2024-08-22T06:42:07+00:00\" \/>\n<meta property=\"og:image\" content=\"https:\/\/sxflightcase.com\/wp-content\/uploads\/2024\/08\/CLA102.jpg\" \/>\n\t<meta property=\"og:image:width\" content=\"520\" \/>\n\t<meta property=\"og:image:height\" content=\"520\" \/>\n\t<meta property=\"og:image:type\" content=\"image\/jpeg\" \/>\n<meta name=\"twitter:card\" content=\"summary_large_image\" \/>\n<meta name=\"twitter:label1\" content=\"Tahmini okuma s\u00fcresi\" \/>\n\t<meta name=\"twitter:data1\" content=\"3 dakika\" \/>\n<script type=\"application\/ld+json\" class=\"yoast-schema-graph\">{\"@context\":\"https:\/\/schema.org\",\"@graph\":[{\"@type\":\"WebPage\",\"@id\":\"https:\/\/sxflightcase.com\/product\/road-case-corner-clamp-cla102\/\",\"url\":\"https:\/\/sxflightcase.com\/product\/road-case-corner-clamp-cla102\/\",\"name\":\"Road Case Corner Clamp CLA102 - https:\/\/sxflightcase.com \ud83d\udc97\",\"isPartOf\":{\"@id\":\"https:\/\/sxflightcase.com\/th\/#website\"},\"primaryImageOfPage\":{\"@id\":\"https:\/\/sxflightcase.com\/product\/road-case-corner-clamp-cla102\/#primaryimage\"},\"image\":{\"@id\":\"https:\/\/sxflightcase.com\/product\/road-case-corner-clamp-cla102\/#primaryimage\"},\"thumbnailUrl\":\"https:\/\/sxflightcase.com\/wp-content\/uploads\/2024\/08\/CLA102.jpg\",\"datePublished\":\"2024-08-22T06:42:06+00:00\",\"dateModified\":\"2024-08-22T06:42:07+00:00\",\"description\":\"Road case corner clamp, factory direct! High-quality, durable clamps designed for secure assembly and reinforcement of case corners. Ideal for heavy-duty protection during transport.\",\"breadcrumb\":{\"@id\":\"https:\/\/sxflightcase.com\/product\/road-case-corner-clamp-cla102\/#breadcrumb\"},\"inLanguage\":\"tr\",\"potentialAction\":[{\"@type\":\"ReadAction\",\"target\":[\"https:\/\/sxflightcase.com\/product\/road-case-corner-clamp-cla102\/\"]}]},{\"@type\":\"ImageObject\",\"inLanguage\":\"tr\",\"@id\":\"https:\/\/sxflightcase.com\/product\/road-case-corner-clamp-cla102\/#primaryimage\",\"url\":\"https:\/\/sxflightcase.com\/wp-content\/uploads\/2024\/08\/CLA102.jpg\",\"contentUrl\":\"https:\/\/sxflightcase.com\/wp-content\/uploads\/2024\/08\/CLA102.jpg\",\"width\":520,\"height\":520,\"caption\":\"Road Case Corner Clamp\"},{\"@type\":\"BreadcrumbList\",\"@id\":\"https:\/\/sxflightcase.com\/product\/road-case-corner-clamp-cla102\/#breadcrumb\",\"itemListElement\":[{\"@type\":\"ListItem\",\"position\":1,\"name\":\"Home\",\"item\":\"https:\/\/sxflightcase.com\/\"},{\"@type\":\"ListItem\",\"position\":2,\"name\":\"\u0e2a\u0e34\u0e19\u0e04\u0e49\u0e32\",\"item\":\"https:\/\/sxflightcase.com\/th\/shop\/\"},{\"@type\":\"ListItem\",\"position\":3,\"name\":\"Road Case Corner Clamp CLA102\"}]},{\"@type\":\"WebSite\",\"@id\":\"https:\/\/sxflightcase.com\/th\/#website\",\"url\":\"https:\/\/sxflightcase.com\/th\/\",\"name\":\"sxpowercase.com\",\"description\":\"Flight Case Factory\",\"publisher\":{\"@id\":\"https:\/\/sxflightcase.com\/th\/#organization\"},\"potentialAction\":[{\"@type\":\"SearchAction\",\"target\":{\"@type\":\"EntryPoint\",\"urlTemplate\":\"https:\/\/sxflightcase.com\/th\/?s={search_term_string}\"},\"query-input\":{\"@type\":\"PropertyValueSpecification\",\"valueRequired\":true,\"valueName\":\"search_term_string\"}}],\"inLanguage\":\"tr\"},{\"@type\":\"Organization\",\"@id\":\"https:\/\/sxflightcase.com\/th\/#organization\",\"name\":\"sxpowercase.com\",\"url\":\"https:\/\/sxflightcase.com\/th\/\",\"logo\":{\"@type\":\"ImageObject\",\"inLanguage\":\"tr\",\"@id\":\"https:\/\/sxflightcase.com\/th\/#\/schema\/logo\/image\/\",\"url\":\"https:\/\/sxflightcase.com\/wp-content\/uploads\/2024\/04\/1713919036007.jpg\",\"contentUrl\":\"https:\/\/sxflightcase.com\/wp-content\/uploads\/2024\/04\/1713919036007.jpg\",\"width\":382,\"height\":388,\"caption\":\"sxpowercase.com\"},\"image\":{\"@id\":\"https:\/\/sxflightcase.com\/th\/#\/schema\/logo\/image\/\"},\"sameAs\":[\"https:\/\/www.facebook.com\/profile.php?id=61560407257971\"],\"numberOfEmployees\":{\"@type\":\"QuantitativeValue\",\"minValue\":\"11\",\"maxValue\":\"50\"}}]}<\/script>\n<!-- \/ Yoast SEO Premium plugin. -->","yoast_head_json":{"title":"Road Case Corner Clamp CLA102 - https:\/\/sxflightcase.com \ud83d\udc97","description":"Yol kasas\u0131 k\u00f6\u015fe kelep\u00e7esi, do\u011frudan fabrika \u00e7\u0131k\u0131\u015f\u0131! Kasa k\u00f6\u015felerinin g\u00fcvenli montaj\u0131 ve g\u00fc\u00e7lendirilmesi i\u00e7in tasarlanm\u0131\u015f y\u00fcksek kaliteli, dayan\u0131kl\u0131 kelep\u00e7eler. Ta\u015f\u0131ma s\u0131ras\u0131nda a\u011f\u0131r hizmet korumas\u0131 i\u00e7in idealdir.","robots":{"index":"index","follow":"follow","max-snippet":"max-snippet:-1","max-image-preview":"max-image-preview:large","max-video-preview":"max-video-preview:-1"},"canonical":"https:\/\/sxflightcase.com\/tr\/urun\/yol-kasasi-kose-kelepcesi-cla102\/","og_locale":"tr_TR","og_type":"article","og_title":"Road Case Corner Clamp CLA102","og_description":"Road case corner clamp, factory direct! High-quality, durable clamps designed for secure assembly and reinforcement of case corners. Ideal for heavy-duty protection during transport.","og_url":"https:\/\/sxflightcase.com\/tr\/urun\/yol-kasasi-kose-kelepcesi-cla102\/","og_site_name":"https:\/\/sxflightcase.com","article_publisher":"https:\/\/www.facebook.com\/profile.php?id=61560407257971","article_modified_time":"2024-08-22T06:42:07+00:00","og_image":[{"width":520,"height":520,"url":"https:\/\/sxflightcase.com\/wp-content\/uploads\/2024\/08\/CLA102.jpg","type":"image\/jpeg"}],"twitter_card":"summary_large_image","twitter_misc":{"Tahmini okuma s\u00fcresi":"3 dakika"},"schema":{"@context":"https:\/\/schema.org","@graph":[{"@type":"WebPage","@id":"https:\/\/sxflightcase.com\/product\/road-case-corner-clamp-cla102\/","url":"https:\/\/sxflightcase.com\/product\/road-case-corner-clamp-cla102\/","name":"Road Case Corner Clamp CLA102 - https:\/\/sxflightcase.com \ud83d\udc97","isPartOf":{"@id":"https:\/\/sxflightcase.com\/th\/#website"},"primaryImageOfPage":{"@id":"https:\/\/sxflightcase.com\/product\/road-case-corner-clamp-cla102\/#primaryimage"},"image":{"@id":"https:\/\/sxflightcase.com\/product\/road-case-corner-clamp-cla102\/#primaryimage"},"thumbnailUrl":"https:\/\/sxflightcase.com\/wp-content\/uploads\/2024\/08\/CLA102.jpg","datePublished":"2024-08-22T06:42:06+00:00","dateModified":"2024-08-22T06:42:07+00:00","description":"Yol kasas\u0131 k\u00f6\u015fe kelep\u00e7esi, do\u011frudan fabrika \u00e7\u0131k\u0131\u015f\u0131! Kasa k\u00f6\u015felerinin g\u00fcvenli montaj\u0131 ve g\u00fc\u00e7lendirilmesi i\u00e7in tasarlanm\u0131\u015f y\u00fcksek kaliteli, dayan\u0131kl\u0131 kelep\u00e7eler. Ta\u015f\u0131ma s\u0131ras\u0131nda a\u011f\u0131r hizmet korumas\u0131 i\u00e7in idealdir.","breadcrumb":{"@id":"https:\/\/sxflightcase.com\/product\/road-case-corner-clamp-cla102\/#breadcrumb"},"inLanguage":"tr","potentialAction":[{"@type":"ReadAction","target":["https:\/\/sxflightcase.com\/product\/road-case-corner-clamp-cla102\/"]}]},{"@type":"ImageObject","inLanguage":"tr","@id":"https:\/\/sxflightcase.com\/product\/road-case-corner-clamp-cla102\/#primaryimage","url":"https:\/\/sxflightcase.com\/wp-content\/uploads\/2024\/08\/CLA102.jpg","contentUrl":"https:\/\/sxflightcase.com\/wp-content\/uploads\/2024\/08\/CLA102.jpg","width":520,"height":520,"caption":"Road Case Corner Clamp"},{"@type":"BreadcrumbList","@id":"https:\/\/sxflightcase.com\/product\/road-case-corner-clamp-cla102\/#breadcrumb","itemListElement":[{"@type":"ListItem","position":1,"name":"Home","item":"https:\/\/sxflightcase.com\/"},{"@type":"ListItem","position":2,"name":"\u0e2a\u0e34\u0e19\u0e04\u0e49\u0e32","item":"https:\/\/sxflightcase.com\/th\/shop\/"},{"@type":"ListItem","position":3,"name":"Road Case Corner Clamp CLA102"}]},{"@type":"WebSite","@id":"https:\/\/sxflightcase.com\/th\/#website","url":"https:\/\/sxflightcase.com\/th\/","name":"sxpowercase.com","description":"U\u00e7u\u015f \u00c7antas\u0131 Fabrikas\u0131","publisher":{"@id":"https:\/\/sxflightcase.com\/th\/#organization"},"potentialAction":[{"@type":"SearchAction","target":{"@type":"EntryPoint","urlTemplate":"https:\/\/sxflightcase.com\/th\/?s={search_term_string}"},"query-input":{"@type":"PropertyValueSpecification","valueRequired":true,"valueName":"search_term_string"}}],"inLanguage":"tr"},{"@type":"Organization","@id":"https:\/\/sxflightcase.com\/th\/#organization","name":"sxpowercase.com","url":"https:\/\/sxflightcase.com\/th\/","logo":{"@type":"ImageObject","inLanguage":"tr","@id":"https:\/\/sxflightcase.com\/th\/#\/schema\/logo\/image\/","url":"https:\/\/sxflightcase.com\/wp-content\/uploads\/2024\/04\/1713919036007.jpg","contentUrl":"https:\/\/sxflightcase.com\/wp-content\/uploads\/2024\/04\/1713919036007.jpg","width":382,"height":388,"caption":"sxpowercase.com"},"image":{"@id":"https:\/\/sxflightcase.com\/th\/#\/schema\/logo\/image\/"},"sameAs":["https:\/\/www.facebook.com\/profile.php?id=61560407257971"],"numberOfEmployees":{"@type":"QuantitativeValue","minValue":"11","maxValue":"50"}}]}},"_links":{"self":[{"href":"https:\/\/sxflightcase.com\/tr\/wp-json\/wp\/v2\/product\/4197","targetHints":{"allow":["GET"]}}],"collection":[{"href":"https:\/\/sxflightcase.com\/tr\/wp-json\/wp\/v2\/product"}],"about":[{"href":"https:\/\/sxflightcase.com\/tr\/wp-json\/wp\/v2\/types\/product"}],"replies":[{"embeddable":true,"href":"https:\/\/sxflightcase.com\/tr\/wp-json\/wp\/v2\/comments?post=4197"}],"version-history":[{"count":0,"href":"https:\/\/sxflightcase.com\/tr\/wp-json\/wp\/v2\/product\/4197\/revisions"}],"wp:featuredmedia":[{"embeddable":true,"href":"https:\/\/sxflightcase.com\/tr\/wp-json\/wp\/v2\/media\/4173"}],"wp:attachment":[{"href":"https:\/\/sxflightcase.com\/tr\/wp-json\/wp\/v2\/media?parent=4197"}],"wp:term":[{"taxonomy":"product_brand","embeddable":true,"href":"https:\/\/sxflightcase.com\/tr\/wp-json\/wp\/v2\/product_brand?post=4197"},{"taxonomy":"product_cat","embeddable":true,"href":"https:\/\/sxflightcase.com\/tr\/wp-json\/wp\/v2\/product_cat?post=4197"},{"taxonomy":"product_tag","embeddable":true,"href":"https:\/\/sxflightcase.com\/tr\/wp-json\/wp\/v2\/product_tag?post=4197"}],"curies":[{"name":"wp","href":"https:\/\/api.w.org\/{rel}","templated":true}]}}