{"id":4199,"date":"2024-08-22T07:51:13","date_gmt":"2024-08-22T06:51:13","guid":{"rendered":"https:\/\/sxpowercase.com\/?post_type=product&#038;p=4199"},"modified":"2024-08-22T07:51:14","modified_gmt":"2024-08-22T06:51:14","slug":"metal-fitting-corner-brace-cla104","status":"publish","type":"product","link":"https:\/\/sxflightcase.com\/tr\/urun\/metal-baglanti-kose-destegi-cla104\/","title":{"rendered":"Metal Ba\u011flant\u0131 K\u00f6\u015fe Deste\u011fi CLA104"},"content":{"rendered":"<h3>SX Metal Fitting K\u00f6\u015fe Deste\u011fi: G\u00fc\u00e7, Stabilite ve Tasarruf Bir Arada<\/h3>\n<h4>Her Proje i\u00e7in G\u00fcvenilir K\u00f6\u015fe Deste\u011fi<\/h4>\n<p>G\u00fc\u00e7l\u00fc ve istikrarl\u0131 ba\u011flant\u0131lara ihtiya\u00e7 duydu\u011funuzda <span style=\"color: #3366ff;\"><a style=\"color: #3366ff;\" href=\"https:\/\/sxpowercase.com\/product\/metal-fitting-corner-braces-cla103\/\"><strong>Metal Ba\u011flant\u0131 K\u00f6\u015fe Deste\u011fi<\/strong><\/a><\/span> SX'ten m\u00fckemmel bir se\u00e7imdir. Dolaplardan u\u00e7u\u015f kasalar\u0131na kadar \u00e7e\u015fitli projelerde k\u00f6\u015feleri sabitlemek i\u00e7in ideal olan bu donan\u0131m, en \u00e7ok ihtiya\u00e7 duyulan yerlerde g\u00fcvenilir g\u00fc\u00e7lendirme sunar. Do\u011frudan SX'ten sat\u0131n alarak, kaliteden \u00f6d\u00fcn vermeden rakipsiz fabrika do\u011frudan fiyatlar\u0131n\u0131n keyfini \u00e7\u0131kar\u0131rs\u0131n\u0131z.<\/p>\n<h4>Dayan\u0131kl\u0131l\u0131k i\u00e7in \u00dcretildi<\/h4>\n<p>SX'in <strong>Metal Uydurma K\u00f6\u015fe Destekleri<\/strong> y\u00fcksek kaliteli metalden \u00fcretilmi\u015ftir ve a\u015f\u0131nma ve y\u0131pranmaya kar\u015f\u0131 dayan\u0131kl\u0131d\u0131r. Sa\u011flam yap\u0131lar\u0131 uzun \u00f6m\u00fcrl\u00fc performans\u0131 garanti eder ve zorlu uygulamalar i\u00e7in idealdir. \u0130ster b\u00fcy\u00fck \u00f6l\u00e7ekli bir profesyonel yap\u0131 \u00fczerinde \u00e7al\u0131\u015f\u0131yor olun, ister kendin yap projesinde, bu destekler uygun maliyetli kal\u0131rken g\u00fcvenilir destek sa\u011flar.<\/p>\n<h4>\u00c7ok Y\u00f6nl\u00fc ve Kullan\u0131m\u0131 Kolay<\/h4>\n<p>\u00c7ok y\u00f6nl\u00fcl\u00fck i\u00e7in tasarland\u0131 <a href=\"https:\/\/sxpowercase.com\/\" target=\"_blank\" rel=\"noopener\" title=\"SX\" data-wpil-monitor-id=\"687\">SX<\/a> <strong>Metal Ba\u011flant\u0131 K\u00f6\u015fe Deste\u011fi<\/strong> \u00e7ok say\u0131da uygulamada kullan\u0131labilir. \u0130ster raflar\u0131 sabitleyin, ister mobilyalar\u0131 g\u00fc\u00e7lendirin veya kasalar in\u015fa edin, bu destekler sorunsuz entegrasyon sunar. Kurulumu kolayd\u0131r, zamandan ve emekten tasarruf etmenizi sa\u011flarken, SX'in d\u00fc\u015f\u00fck maliyetli, fabrikadan do\u011frudan fiyatland\u0131rmas\u0131yla b\u00fct\u00e7enizi kontrol alt\u0131nda tutar.<\/p>\n<h4>\u00d6zel Projeler ve Onar\u0131mlar i\u00e7in M\u00fckemmel<\/h4>\n<p>Ek k\u00f6\u015fe deste\u011fi gerektiren \u00f6zel yap\u0131mlar veya onar\u0131mlar i\u00e7in SX <strong>Metal Ba\u011flant\u0131 K\u00f6\u015fe Deste\u011fi<\/strong> sahip olunmas\u0131 gereken bir \u00fcr\u00fcnd\u00fcr. G\u00fcvenilir tasar\u0131m\u0131, yap\u0131lar\u0131n\u0131z\u0131n bas\u0131n\u00e7 alt\u0131nda bile s\u0131k\u0131ca bir arada durmas\u0131n\u0131 sa\u011flar. Ve SX'in fabrikadan do\u011frudan sat\u0131\u015f taahh\u00fcd\u00fcyle, y\u00fcksek kaliteli donan\u0131m\u0131 a\u015f\u0131lmas\u0131 zor fiyatlarla elde edersiniz, size hem performans hem de de\u011fer sa\u011flar.<\/p>\n<h4>Sekt\u00f6r Uzmanlar\u0131n\u0131n G\u00fcvendi\u011fi<\/h4>\n<p>Profesyoneller ve kendin yap merakl\u0131lar\u0131 uygun fiyatl\u0131 ve dayan\u0131kl\u0131 donan\u0131m \u00e7\u00f6z\u00fcmleri i\u00e7in SX'e g\u00fcveniyor. Bu <strong>Metal Ba\u011flant\u0131 K\u00f6\u015fe Deste\u011fi<\/strong> tutarl\u0131 kalitesi ve rekabet\u00e7i fiyatland\u0131rmas\u0131 nedeniyle d\u00fcnyan\u0131n d\u00f6rt bir yan\u0131ndaki alet \u00e7antalar\u0131n\u0131n vazge\u00e7ilmezidir. SX ile yaln\u0131zca g\u00fcvenilir donan\u0131ma yat\u0131r\u0131m yapmakla kalmaz, ayn\u0131 zamanda do\u011frudan fabrikadan tasarruflar\u0131m\u0131zdan faydalanarak b\u00fct\u00e7enizi a\u015fmaman\u0131z\u0131 sa\u011flars\u0131n\u0131z.<\/p>\n<h4>\u00d6zel \u0130htiya\u00e7lar i\u00e7in \u00d6zelle\u015ftirilebilir Se\u00e7enekler<\/h4>\n<p>SX, her projenin kendine \u00f6zg\u00fc gereksinimleri oldu\u011funu bilir, bu nedenle <strong>Metal Uydurma K\u00f6\u015fe Destekleri<\/strong> spesifikasyonlar\u0131n\u0131z\u0131 kar\u015f\u0131layacak \u015fekilde uyarlanabilir. \u0130ster belirli boyutlara, kaplamalara veya ek \u00f6zelliklere ihtiyac\u0131n\u0131z olsun, maliyetleri art\u0131rmadan \u00f6zelle\u015ftirilebilir se\u00e7enekler sunuyoruz. SX'in fabrikadan do\u011frudan sat\u0131\u015f modeli, tam olarak ihtiyac\u0131n\u0131z olan\u0131 m\u00fckemmel bir fiyat noktas\u0131nda alman\u0131z\u0131 sa\u011flar.<\/p>\n<h4>G\u00fcvenebilece\u011finiz Uygun Fiyatl\u0131 Kalite<\/h4>\n<p>SX olarak, en \u00fcst d\u00fczey donan\u0131mlar\u0131 makul fiyatlarla sunmaktan gurur duyuyoruz. Bizim <strong>Metal Uydurma K\u00f6\u015fe Destekleri<\/strong> dayan\u0131kl\u0131l\u0131k ve ekonomikli\u011fi bir araya getirerek b\u00fct\u00e7enizi zorlamadan size g\u00fcvenilir performans sunar. Do\u011frudan fabrika yakla\u015f\u0131m\u0131m\u0131z sayesinde, ister profesyonel bir projede ister bir ev geli\u015ftirme i\u015finde \u00e7al\u0131\u015f\u0131yor olun, paran\u0131z\u0131n kar\u015f\u0131l\u0131\u011f\u0131n\u0131 her zaman en iyi \u015fekilde al\u0131rs\u0131n\u0131z.<\/p>\n<h4>G\u00fcvenle \u0130n\u015fa Edin, SX ile Tasarruf Edin<\/h4>\n<p>K\u00f6\u015fe g\u00fc\u00e7lendirmesi s\u00f6z konusu oldu\u011funda, SX <strong>Metal Ba\u011flant\u0131 K\u00f6\u015fe Deste\u011fi<\/strong> g\u00fcvenebilece\u011finiz g\u00fc\u00e7 ve stabilite sunar. Basit kurulumu, dayan\u0131kl\u0131 tasar\u0131m\u0131 ve \u00e7ok y\u00f6nl\u00fc uygulamas\u0131, onu \u00e7ok \u00e7e\u015fitli projeler i\u00e7in \u00f6nemli bir bile\u015fen haline getirir. Ve rakipsiz do\u011frudan fabrika fiyatlar\u0131m\u0131zla, b\u00fct\u00e7enizi a\u015fmamak i\u00e7in kaliteden \u00f6d\u00fcn vermek zorunda de\u011filsiniz. Her seferinde hem g\u00fcvenilirlik hem de de\u011fer sunan donan\u0131m \u00e7\u00f6z\u00fcmleri i\u00e7in SX'i se\u00e7in.<\/p>\n<p>Hemen \u0130leti\u015fime Ge\u00e7in:<span style=\"color: #0000ff;\"><a style=\"color: #0000ff;\" href=\"https:\/\/sxpowercase.com\/contact-us\/\">https:\/\/sxpowercase.com\/<\/a><\/span><\/p>\n<p>Donan\u0131m \u00dcr\u00fcn Katalo\u011fu\uff1a<span style=\"color: #3366ff;\"><a style=\"color: #3366ff;\" href=\"https:\/\/sxpowercase.com\/wp-content\/uploads\/2024\/07\/\u4e94\u91d1.pdf\">Donan\u0131m aksesuarlar\u0131 katalo\u011fu<\/a><\/span><\/p>","protected":false},"excerpt":{"rendered":"<h3>SX Yol \u00c7antas\u0131 K\u00f6\u015fe Kelep\u00e7eleri: Ekipman\u0131n\u0131z i\u00e7in G\u00fcvenilir Koruma<\/h3>\n<p>SX Road Kasa K\u00f6\u015fe Kelep\u00e7eleri, ekipman kasalar\u0131n\u0131z i\u00e7in dayan\u0131kl\u0131 destek ve g\u00fcvenli sabitleme sunar. Profesyoneller i\u00e7in tasarlanan bu kelep\u00e7eler, ta\u015f\u0131ma s\u0131ras\u0131nda sa\u011flam koruma sa\u011flar, \u00fcstelik fabrika \u00e7\u0131k\u0131\u015f fiyatlar\u0131yla.<\/p>\n<h3>Uzun \u00d6m\u00fcrl\u00fc Performans i\u00e7in \u00dcretildi<\/h3>\n<p>Y\u00fcksek kaliteli malzemelerden \u00fcretilen SX kelep\u00e7eleri, a\u011f\u0131r hizmet tipi kullan\u0131ma dayanacak \u015fekilde tasarlanm\u0131\u015ft\u0131r. \u0130ster etkinlikler ister end\u00fcstriyel ama\u00e7lar i\u00e7in olsun, bu kelep\u00e7eler k\u0131l\u0131flar\u0131n\u0131z\u0131n sa\u011flam ve korunakl\u0131 kalmas\u0131n\u0131 sa\u011flar.<\/p>\n<h3>\u00c7ok Y\u00f6nl\u00fc, Kurulumu Kolay Kelep\u00e7eler<\/h3>\n<p>SX Road Kasa K\u00f6\u015fe Kelep\u00e7eleri \u00e7e\u015fitli kasa tasar\u0131mlar\u0131yla uyumludur, kolay kurulum ve m\u00fckemmel uyum sunar. \u00d6zelle\u015ftirilebilir se\u00e7eneklerle, uygun fiyat veya kaliteden \u00f6d\u00fcn vermeden \u00f6zel \u00e7\u00f6z\u00fcmler elde edersiniz.<\/p>","protected":false},"featured_media":4175,"comment_status":"open","ping_status":"closed","template":"","meta":[],"product_brand":[],"product_cat":[64],"product_tag":[],"class_list":{"0":"post-4199","1":"product","2":"type-product","3":"status-publish","4":"has-post-thumbnail","6":"product_cat-clamps","8":"first","9":"instock","10":"shipping-taxable","11":"product-type-simple"},"yoast_head":"<!-- This site is optimized with the Yoast SEO Premium plugin v27.1 (Yoast SEO v27.2) - https:\/\/yoast.com\/product\/yoast-seo-premium-wordpress\/ -->\n<title>Metal Fitting Corner Brace CLA104 - https:\/\/sxflightcase.com \ud83d\udc97<\/title>\n<meta name=\"description\" content=\"Metal fitting corner braces, factory direct! High-quality, durable braces for reinforcing and securing corners in various applications. Ideal for enhancing stability and strength in furniture, cases, and structures.\" \/>\n<meta name=\"robots\" content=\"index, follow, max-snippet:-1, max-image-preview:large, max-video-preview:-1\" \/>\n<link rel=\"canonical\" href=\"https:\/\/sxflightcase.com\/tr\/\u4ea7\u54c1\/\u91d1\u5c5e\u914d\u4ef6\u89d2\u6491-cla104-2\/\" \/>\n<meta property=\"og:locale\" content=\"tr_TR\" \/>\n<meta property=\"og:type\" content=\"article\" \/>\n<meta property=\"og:title\" content=\"Metal Fitting Corner Brace CLA104\" \/>\n<meta property=\"og:description\" content=\"Metal fitting corner braces, factory direct! High-quality, durable braces for reinforcing and securing corners in various applications. Ideal for enhancing stability and strength in furniture, cases, and structures.\" \/>\n<meta property=\"og:url\" content=\"https:\/\/sxflightcase.com\/tr\/\u4ea7\u54c1\/\u91d1\u5c5e\u914d\u4ef6\u89d2\u6491-cla104-2\/\" \/>\n<meta property=\"og:site_name\" content=\"https:\/\/sxflightcase.com\" \/>\n<meta property=\"article:publisher\" content=\"https:\/\/www.facebook.com\/profile.php?id=61560407257971\" \/>\n<meta property=\"article:modified_time\" content=\"2024-08-22T06:51:14+00:00\" \/>\n<meta property=\"og:image\" content=\"https:\/\/sxflightcase.com\/wp-content\/uploads\/2024\/08\/CLA104.jpg\" \/>\n\t<meta property=\"og:image:width\" content=\"700\" \/>\n\t<meta property=\"og:image:height\" content=\"700\" \/>\n\t<meta property=\"og:image:type\" content=\"image\/jpeg\" \/>\n<meta name=\"twitter:card\" content=\"summary_large_image\" \/>\n<meta name=\"twitter:label1\" content=\"Tahmini okuma s\u00fcresi\" \/>\n\t<meta name=\"twitter:data1\" content=\"3 dakika\" \/>\n<script type=\"application\/ld+json\" class=\"yoast-schema-graph\">{\"@context\":\"https:\/\/schema.org\",\"@graph\":[{\"@type\":\"WebPage\",\"@id\":\"https:\/\/sxflightcase.com\/zh\/\u4ea7\u54c1\/\u91d1\u5c5e\u914d\u4ef6\u89d2\u6491-cla104-2\/\",\"url\":\"https:\/\/sxflightcase.com\/zh\/\u4ea7\u54c1\/\u91d1\u5c5e\u914d\u4ef6\u89d2\u6491-cla104-2\/\",\"name\":\"Metal Fitting Corner Brace CLA104 - https:\/\/sxflightcase.com \ud83d\udc97\",\"isPartOf\":{\"@id\":\"https:\/\/sxflightcase.com\/th\/#website\"},\"primaryImageOfPage\":{\"@id\":\"https:\/\/sxflightcase.com\/zh\/\u4ea7\u54c1\/\u91d1\u5c5e\u914d\u4ef6\u89d2\u6491-cla104-2\/#primaryimage\"},\"image\":{\"@id\":\"https:\/\/sxflightcase.com\/zh\/\u4ea7\u54c1\/\u91d1\u5c5e\u914d\u4ef6\u89d2\u6491-cla104-2\/#primaryimage\"},\"thumbnailUrl\":\"https:\/\/sxflightcase.com\/wp-content\/uploads\/2024\/08\/CLA104.jpg\",\"datePublished\":\"2024-08-22T06:51:13+00:00\",\"dateModified\":\"2024-08-22T06:51:14+00:00\",\"description\":\"Metal fitting corner braces, factory direct! High-quality, durable braces for reinforcing and securing corners in various applications. Ideal for enhancing stability and strength in furniture, cases, and structures.\",\"breadcrumb\":{\"@id\":\"https:\/\/sxflightcase.com\/zh\/\u4ea7\u54c1\/\u91d1\u5c5e\u914d\u4ef6\u89d2\u6491-cla104-2\/#breadcrumb\"},\"inLanguage\":\"tr\",\"potentialAction\":[{\"@type\":\"ReadAction\",\"target\":[\"https:\/\/sxflightcase.com\/zh\/\u4ea7\u54c1\/\u91d1\u5c5e\u914d\u4ef6\u89d2\u6491-cla104-2\/\"]}]},{\"@type\":\"ImageObject\",\"inLanguage\":\"tr\",\"@id\":\"https:\/\/sxflightcase.com\/zh\/\u4ea7\u54c1\/\u91d1\u5c5e\u914d\u4ef6\u89d2\u6491-cla104-2\/#primaryimage\",\"url\":\"https:\/\/sxflightcase.com\/wp-content\/uploads\/2024\/08\/CLA104.jpg\",\"contentUrl\":\"https:\/\/sxflightcase.com\/wp-content\/uploads\/2024\/08\/CLA104.jpg\",\"width\":700,\"height\":700,\"caption\":\"Metal Fitting Corner Brace\"},{\"@type\":\"BreadcrumbList\",\"@id\":\"https:\/\/sxflightcase.com\/zh\/\u4ea7\u54c1\/\u91d1\u5c5e\u914d\u4ef6\u89d2\u6491-cla104-2\/#breadcrumb\",\"itemListElement\":[{\"@type\":\"ListItem\",\"position\":1,\"name\":\"Home\",\"item\":\"https:\/\/sxflightcase.com\/\"},{\"@type\":\"ListItem\",\"position\":2,\"name\":\"\u0e2a\u0e34\u0e19\u0e04\u0e49\u0e32\",\"item\":\"https:\/\/sxflightcase.com\/th\/shop\/\"},{\"@type\":\"ListItem\",\"position\":3,\"name\":\"Metal Fitting Corner Brace CLA104\"}]},{\"@type\":\"WebSite\",\"@id\":\"https:\/\/sxflightcase.com\/th\/#website\",\"url\":\"https:\/\/sxflightcase.com\/th\/\",\"name\":\"sxpowercase.com\",\"description\":\"Flight Case Factory\",\"publisher\":{\"@id\":\"https:\/\/sxflightcase.com\/th\/#organization\"},\"potentialAction\":[{\"@type\":\"SearchAction\",\"target\":{\"@type\":\"EntryPoint\",\"urlTemplate\":\"https:\/\/sxflightcase.com\/th\/?s={search_term_string}\"},\"query-input\":{\"@type\":\"PropertyValueSpecification\",\"valueRequired\":true,\"valueName\":\"search_term_string\"}}],\"inLanguage\":\"tr\"},{\"@type\":\"Organization\",\"@id\":\"https:\/\/sxflightcase.com\/th\/#organization\",\"name\":\"sxpowercase.com\",\"url\":\"https:\/\/sxflightcase.com\/th\/\",\"logo\":{\"@type\":\"ImageObject\",\"inLanguage\":\"tr\",\"@id\":\"https:\/\/sxflightcase.com\/th\/#\/schema\/logo\/image\/\",\"url\":\"https:\/\/sxflightcase.com\/wp-content\/uploads\/2024\/04\/1713919036007.jpg\",\"contentUrl\":\"https:\/\/sxflightcase.com\/wp-content\/uploads\/2024\/04\/1713919036007.jpg\",\"width\":382,\"height\":388,\"caption\":\"sxpowercase.com\"},\"image\":{\"@id\":\"https:\/\/sxflightcase.com\/th\/#\/schema\/logo\/image\/\"},\"sameAs\":[\"https:\/\/www.facebook.com\/profile.php?id=61560407257971\"],\"numberOfEmployees\":{\"@type\":\"QuantitativeValue\",\"minValue\":\"11\",\"maxValue\":\"50\"}}]}<\/script>\n<!-- \/ Yoast SEO Premium plugin. -->","yoast_head_json":{"title":"Metal Fitting Corner Brace CLA104 - https:\/\/sxflightcase.com \ud83d\udc97","description":"Metal ba\u011flant\u0131 k\u00f6\u015fe destekleri, do\u011frudan fabrikada! \u00c7e\u015fitli uygulamalarda k\u00f6\u015feleri g\u00fc\u00e7lendirmek ve sabitlemek i\u00e7in y\u00fcksek kaliteli, dayan\u0131kl\u0131 destekler. Mobilya, kasa ve yap\u0131larda stabilite ve mukavemeti artt\u0131rmak i\u00e7in idealdir.","robots":{"index":"index","follow":"follow","max-snippet":"max-snippet:-1","max-image-preview":"max-image-preview:large","max-video-preview":"max-video-preview:-1"},"canonical":"https:\/\/sxflightcase.com\/tr\/\u4ea7\u54c1\/\u91d1\u5c5e\u914d\u4ef6\u89d2\u6491-cla104-2\/","og_locale":"tr_TR","og_type":"article","og_title":"Metal Fitting Corner Brace CLA104","og_description":"Metal fitting corner braces, factory direct! High-quality, durable braces for reinforcing and securing corners in various applications. Ideal for enhancing stability and strength in furniture, cases, and structures.","og_url":"https:\/\/sxflightcase.com\/tr\/\u4ea7\u54c1\/\u91d1\u5c5e\u914d\u4ef6\u89d2\u6491-cla104-2\/","og_site_name":"https:\/\/sxflightcase.com","article_publisher":"https:\/\/www.facebook.com\/profile.php?id=61560407257971","article_modified_time":"2024-08-22T06:51:14+00:00","og_image":[{"width":700,"height":700,"url":"https:\/\/sxflightcase.com\/wp-content\/uploads\/2024\/08\/CLA104.jpg","type":"image\/jpeg"}],"twitter_card":"summary_large_image","twitter_misc":{"Tahmini okuma s\u00fcresi":"3 dakika"},"schema":{"@context":"https:\/\/schema.org","@graph":[{"@type":"WebPage","@id":"https:\/\/sxflightcase.com\/zh\/\u4ea7\u54c1\/\u91d1\u5c5e\u914d\u4ef6\u89d2\u6491-cla104-2\/","url":"https:\/\/sxflightcase.com\/zh\/\u4ea7\u54c1\/\u91d1\u5c5e\u914d\u4ef6\u89d2\u6491-cla104-2\/","name":"Metal Fitting Corner Brace CLA104 - https:\/\/sxflightcase.com \ud83d\udc97","isPartOf":{"@id":"https:\/\/sxflightcase.com\/th\/#website"},"primaryImageOfPage":{"@id":"https:\/\/sxflightcase.com\/zh\/\u4ea7\u54c1\/\u91d1\u5c5e\u914d\u4ef6\u89d2\u6491-cla104-2\/#primaryimage"},"image":{"@id":"https:\/\/sxflightcase.com\/zh\/\u4ea7\u54c1\/\u91d1\u5c5e\u914d\u4ef6\u89d2\u6491-cla104-2\/#primaryimage"},"thumbnailUrl":"https:\/\/sxflightcase.com\/wp-content\/uploads\/2024\/08\/CLA104.jpg","datePublished":"2024-08-22T06:51:13+00:00","dateModified":"2024-08-22T06:51:14+00:00","description":"Metal ba\u011flant\u0131 k\u00f6\u015fe destekleri, do\u011frudan fabrikada! \u00c7e\u015fitli uygulamalarda k\u00f6\u015feleri g\u00fc\u00e7lendirmek ve sabitlemek i\u00e7in y\u00fcksek kaliteli, dayan\u0131kl\u0131 destekler. Mobilya, kasa ve yap\u0131larda stabilite ve mukavemeti artt\u0131rmak i\u00e7in idealdir.","breadcrumb":{"@id":"https:\/\/sxflightcase.com\/zh\/\u4ea7\u54c1\/\u91d1\u5c5e\u914d\u4ef6\u89d2\u6491-cla104-2\/#breadcrumb"},"inLanguage":"tr","potentialAction":[{"@type":"ReadAction","target":["https:\/\/sxflightcase.com\/zh\/\u4ea7\u54c1\/\u91d1\u5c5e\u914d\u4ef6\u89d2\u6491-cla104-2\/"]}]},{"@type":"ImageObject","inLanguage":"tr","@id":"https:\/\/sxflightcase.com\/zh\/\u4ea7\u54c1\/\u91d1\u5c5e\u914d\u4ef6\u89d2\u6491-cla104-2\/#primaryimage","url":"https:\/\/sxflightcase.com\/wp-content\/uploads\/2024\/08\/CLA104.jpg","contentUrl":"https:\/\/sxflightcase.com\/wp-content\/uploads\/2024\/08\/CLA104.jpg","width":700,"height":700,"caption":"Metal Fitting Corner Brace"},{"@type":"BreadcrumbList","@id":"https:\/\/sxflightcase.com\/zh\/\u4ea7\u54c1\/\u91d1\u5c5e\u914d\u4ef6\u89d2\u6491-cla104-2\/#breadcrumb","itemListElement":[{"@type":"ListItem","position":1,"name":"Home","item":"https:\/\/sxflightcase.com\/"},{"@type":"ListItem","position":2,"name":"\u0e2a\u0e34\u0e19\u0e04\u0e49\u0e32","item":"https:\/\/sxflightcase.com\/th\/shop\/"},{"@type":"ListItem","position":3,"name":"Metal Fitting Corner Brace CLA104"}]},{"@type":"WebSite","@id":"https:\/\/sxflightcase.com\/th\/#website","url":"https:\/\/sxflightcase.com\/th\/","name":"sxpowercase.com","description":"U\u00e7u\u015f \u00c7antas\u0131 Fabrikas\u0131","publisher":{"@id":"https:\/\/sxflightcase.com\/th\/#organization"},"potentialAction":[{"@type":"SearchAction","target":{"@type":"EntryPoint","urlTemplate":"https:\/\/sxflightcase.com\/th\/?s={search_term_string}"},"query-input":{"@type":"PropertyValueSpecification","valueRequired":true,"valueName":"search_term_string"}}],"inLanguage":"tr"},{"@type":"Organization","@id":"https:\/\/sxflightcase.com\/th\/#organization","name":"sxpowercase.com","url":"https:\/\/sxflightcase.com\/th\/","logo":{"@type":"ImageObject","inLanguage":"tr","@id":"https:\/\/sxflightcase.com\/th\/#\/schema\/logo\/image\/","url":"https:\/\/sxflightcase.com\/wp-content\/uploads\/2024\/04\/1713919036007.jpg","contentUrl":"https:\/\/sxflightcase.com\/wp-content\/uploads\/2024\/04\/1713919036007.jpg","width":382,"height":388,"caption":"sxpowercase.com"},"image":{"@id":"https:\/\/sxflightcase.com\/th\/#\/schema\/logo\/image\/"},"sameAs":["https:\/\/www.facebook.com\/profile.php?id=61560407257971"],"numberOfEmployees":{"@type":"QuantitativeValue","minValue":"11","maxValue":"50"}}]}},"_links":{"self":[{"href":"https:\/\/sxflightcase.com\/tr\/wp-json\/wp\/v2\/product\/4199","targetHints":{"allow":["GET"]}}],"collection":[{"href":"https:\/\/sxflightcase.com\/tr\/wp-json\/wp\/v2\/product"}],"about":[{"href":"https:\/\/sxflightcase.com\/tr\/wp-json\/wp\/v2\/types\/product"}],"replies":[{"embeddable":true,"href":"https:\/\/sxflightcase.com\/tr\/wp-json\/wp\/v2\/comments?post=4199"}],"version-history":[{"count":0,"href":"https:\/\/sxflightcase.com\/tr\/wp-json\/wp\/v2\/product\/4199\/revisions"}],"wp:featuredmedia":[{"embeddable":true,"href":"https:\/\/sxflightcase.com\/tr\/wp-json\/wp\/v2\/media\/4175"}],"wp:attachment":[{"href":"https:\/\/sxflightcase.com\/tr\/wp-json\/wp\/v2\/media?parent=4199"}],"wp:term":[{"taxonomy":"product_brand","embeddable":true,"href":"https:\/\/sxflightcase.com\/tr\/wp-json\/wp\/v2\/product_brand?post=4199"},{"taxonomy":"product_cat","embeddable":true,"href":"https:\/\/sxflightcase.com\/tr\/wp-json\/wp\/v2\/product_cat?post=4199"},{"taxonomy":"product_tag","embeddable":true,"href":"https:\/\/sxflightcase.com\/tr\/wp-json\/wp\/v2\/product_tag?post=4199"}],"curies":[{"name":"wp","href":"https:\/\/api.w.org\/{rel}","templated":true}]}}