{"id":4206,"date":"2024-08-23T07:12:40","date_gmt":"2024-08-23T06:12:40","guid":{"rendered":"https:\/\/sxpowercase.com\/?post_type=product&#038;p=4206"},"modified":"2024-08-23T07:12:59","modified_gmt":"2024-08-23T06:12:59","slug":"corner-brackets","status":"publish","type":"product","link":"https:\/\/sxflightcase.com\/tr\/urun\/kose-parantezleri\/","title":{"rendered":"K\u00f6\u015fe Braketleri CLA301"},"content":{"rendered":"<h3>SX K\u00f6\u015fe Konsollar\u0131: Fabrika Do\u011frudan Fiyatlar\u0131yla Y\u00fcksek Kaliteli Destek<\/h3>\n<h4>Yap\u0131lar\u0131n\u0131z\u0131 Kolayl\u0131kla G\u00fc\u00e7lendirin<\/h4>\n<p>\u0130stikrar \u00f6nemli oldu\u011funda, SX <span style=\"color: #3366ff;\"><a style=\"color: #3366ff;\" href=\"https:\/\/sxpowercase.com\/product\/corner-brackets-cla201\/\"><strong>K\u00f6\u015fe K\u00f6\u015febentleri<\/strong><\/a><\/span> projelerinizi g\u00fc\u00e7lendirmek i\u00e7in m\u00fckemmel bir \u00e7\u00f6z\u00fcm sunar. Bu g\u00fcvenilir braketler y\u00fcksek kaliteli metalden \u00fcretilmi\u015f ve uzun \u00f6m\u00fcrl\u00fc performans sunmak \u00fczere tasarlanm\u0131\u015ft\u0131r. SX, fabrikadan do\u011frudan fiyatlar sunarak, \u015fi\u015firilmi\u015f maliyetler olmadan en kaliteli donan\u0131m\u0131 alman\u0131z\u0131 sa\u011flar.<\/p>\n<h4>Dayan\u0131kl\u0131l\u0131k ve Sa\u011flaml\u0131k i\u00e7in \u00dcretildi<\/h4>\n<p><a title=\"SX\" href=\"https:\/\/sxpowercase.com\/\" target=\"_blank\" rel=\"noopener\" data-wpil-monitor-id=\"689\">SX<\/a> <strong>K\u00f6\u015fe K\u00f6\u015febentleri<\/strong> hem hafif hem de a\u011f\u0131r hizmet uygulamalar\u0131n\u0131n taleplerini kar\u015f\u0131lamak i\u00e7in \u00fcretilmi\u015ftir. Sa\u011flam yap\u0131, ev tadilat\u0131ndan b\u00fcy\u00fck \u00f6l\u00e7ekli end\u00fcstriyel i\u015flere kadar \u00e7e\u015fitli g\u00f6revler i\u00e7in g\u00fcvenilir destek sa\u011flar. Fabrikadan do\u011frudan fiyatland\u0131rmam\u0131z sayesinde, birinci s\u0131n\u0131f donan\u0131m\u0131 tipik perakende maliyetinin \u00e7ok alt\u0131nda al\u0131rs\u0131n\u0131z, b\u00f6ylece kaliteden \u00f6d\u00fcn vermeden b\u00fct\u00e7enizi a\u015fmazs\u0131n\u0131z.<\/p>\n<h4>Her Proje i\u00e7in Basit Kurulum<\/h4>\n<p>Kolay ve h\u0131zl\u0131 kurulum i\u00e7in tasarlanan SX <strong>K\u00f6\u015fe K\u00f6\u015febentleri<\/strong> yeni ba\u015flayanlardan deneyimli profesyonellere kadar her beceri seviyesi i\u00e7in idealdir. \u0130ster mobilyalar\u0131 sabitlemek, ister \u00e7er\u00e7eve in\u015fa etmek veya yap\u0131lar\u0131 g\u00fc\u00e7lendirmek i\u00e7in ihtiyac\u0131n\u0131z olsun, bu \u00e7ok y\u00f6nl\u00fc braketler \u00e7e\u015fitli kullan\u0131mlara sorunsuz bir \u015fekilde uyum sa\u011flar. Fabrikadan do\u011frudan fiyatland\u0131rma modelimiz, s\u0131k\u0131 kalite standartlar\u0131n\u0131 korurken uygun fiyatl\u0131l\u0131\u011f\u0131 garanti eder.<\/p>\n<h4>\u00d6zel \u0130htiya\u00e7lar\u0131n\u0131za G\u00f6re Uyarland\u0131<\/h4>\n<p>SX, farkl\u0131 projelerin farkl\u0131 \u00e7\u00f6z\u00fcmler gerektirdi\u011finin fark\u0131ndad\u0131r. Bu y\u00fczden bizim <strong>K\u00f6\u015fe K\u00f6\u015febentleri<\/strong> tam gereksinimlerinize uyacak \u015fekilde \u00f6zelle\u015ftirilebilir se\u00e7eneklerle birlikte gelir. \u0130ster belirli boyutlara, malzemelere veya kaplamalara ihtiyac\u0131n\u0131z olsun, maliyetleri d\u00fc\u015f\u00fck tutarken size \u00f6zel \u00e7\u00f6z\u00fcmler sa\u011flayabiliriz. Do\u011frudan fabrika yakla\u015f\u0131m\u0131, tasarruflar\u0131 do\u011frudan size aktarmam\u0131z\u0131 sa\u011flar, b\u00f6ylece a\u015f\u0131r\u0131 harcama yapmadan \u00f6zelle\u015ftirilmi\u015f kalite elde edersiniz.<\/p>\n<h4>D\u00fcnya \u00c7ap\u0131nda Profesyonellerin ve Kendin Yap Uzmanlar\u0131n\u0131n G\u00fcvendi\u011fi<\/h4>\n<p>SX, profesyonellerin ve kendin yap merakl\u0131lar\u0131n\u0131n g\u00fcvendi\u011fi g\u00fcvenilir donan\u0131mlar sunma konusunda bir \u00fcne sahiptir. Bizim <strong>K\u00f6\u015fe K\u00f6\u015febentleri<\/strong> en y\u00fcksek standartlar\u0131 kar\u015f\u0131layacak \u015fekilde tasarlanm\u0131\u015ft\u0131r, bu da onlar\u0131 \u00e7e\u015fitli sekt\u00f6rlerde pop\u00fcler bir se\u00e7im haline getirir. Fabrikadan do\u011frudan sa\u011flanan tasarruflarla, b\u00fct\u00e7enizi zorlamayacak dayan\u0131kl\u0131 \u00fcr\u00fcnlerden yararlan\u0131r ve projelerinizi verimli bir \u015fekilde tamamlamaya odaklanman\u0131z\u0131 sa\u011flar.<\/p>\n<h4>Kalite Garantili, Fiyat Optimize Edilmi\u015f<\/h4>\n<p>SX ile kalite ve uygun fiyat aras\u0131nda se\u00e7im yapmak zorunda de\u011filsiniz. Bizim <strong>K\u00f6\u015fe K\u00f6\u015febentleri<\/strong> beklentilerinizi kar\u015f\u0131lad\u0131klar\u0131ndan emin olmak i\u00e7in titiz kalite kontrollerinden ge\u00e7mektedir. Gereksiz arac\u0131lar\u0131 ortadan kald\u0131rarak ve do\u011frudan da\u011f\u0131t\u0131m yaparak, size rekabet\u00e7i fiyatlarla y\u00fcksek kaliteli donan\u0131m sa\u011fl\u0131yoruz ve bizi b\u00fcy\u00fck ve k\u00fc\u00e7\u00fck projeler i\u00e7in g\u00fcvenilir bir ortak haline getiriyoruz.<\/p>\n<h4>Konut ve Ticari Uygulamalar i\u00e7in M\u00fckemmel<\/h4>\n<p>SX <strong>K\u00f6\u015fe K\u00f6\u015febentleri<\/strong> \u00e7e\u015fitli in\u015faat ihtiya\u00e7lar\u0131 i\u00e7in benzersiz \u00e7ok y\u00f6nl\u00fcl\u00fck sunar. Sa\u011flam tasar\u0131mlar\u0131, ister dolaplar, raflar ister daha b\u00fcy\u00fck kurulumlar \u00fczerinde \u00e7al\u0131\u015f\u0131yor olun, in\u015fa etti\u011finiz her \u015feyin g\u00fcvende kalmas\u0131n\u0131 sa\u011flar. Fabrikadan do\u011frudan fiyatland\u0131rmam\u0131z, g\u00fcvenilir \u00fcr\u00fcnleri m\u00fcmk\u00fcn olan en iyi de\u011ferde alman\u0131z\u0131 sa\u011flayarak SX'i g\u00fcvenilir donan\u0131m \u00e7\u00f6z\u00fcmleri i\u00e7in ba\u015fvuraca\u011f\u0131n\u0131z kaynak haline getirir.<\/p>\n<h4>Bir Sonraki Projeniz \u0130\u00e7in SX'i Se\u00e7in<\/h4>\n<p>Yap\u0131lar\u0131n\u0131z i\u00e7in g\u00fcvenilir deste\u011fe ihtiya\u00e7 duydu\u011funuzda, SX <strong>K\u00f6\u015fe K\u00f6\u015febentleri<\/strong> kalite, dayan\u0131kl\u0131l\u0131k ve tasarruf sa\u011flar. Fabrikadan do\u011frudan fiyatland\u0131rma ve \u00f6zelle\u015ftirilebilir se\u00e7eneklerimiz, maliyetleri d\u00fc\u015f\u00fck tutarken her i\u015f i\u00e7in do\u011fru braketleri bulmay\u0131 kolayla\u015ft\u0131r\u0131r. Kendin Yap merakl\u0131lar\u0131ndan sekt\u00f6r profesyonellerine kadar SX, b\u00fct\u00e7enize uygun kaliteli donan\u0131m i\u00e7in ak\u0131ll\u0131 bir se\u00e7imdir.<\/p>\n<p>Hemen \u0130leti\u015fime Ge\u00e7in:<span style=\"color: #0000ff;\"><a style=\"color: #0000ff;\" href=\"https:\/\/sxpowercase.com\/contact-us\/\">https:\/\/sxpowercase.com\/<\/a><\/span><\/p>\n<p>Donan\u0131m \u00dcr\u00fcn Katalo\u011fu\uff1a<span style=\"color: #3366ff;\"><a style=\"color: #3366ff;\" href=\"https:\/\/sxpowercase.com\/wp-content\/uploads\/2024\/07\/\u4e94\u91d1.pdf\">Donan\u0131m aksesuarlar\u0131 katalo\u011fu<\/a><\/span><\/p>","protected":false},"excerpt":{"rendered":"<h3>SX K\u00f6\u015fe Konsollar\u0131: G\u00fcvenilir Destek, Fabrika Do\u011frudan Fiyatland\u0131rmas\u0131<\/h3>\n<p>SX K\u00f6\u015fe Konsollar\u0131, kendin yap yap\u0131lardan end\u00fcstriyel uygulamalara kadar her t\u00fcrl\u00fc proje i\u00e7in sa\u011flam takviye sa\u011flar. Y\u00fcksek mukavemetli malzemelerden \u00fcretildikleri i\u00e7in uygun fiyata uzun \u00f6m\u00fcrl\u00fc dayan\u0131kl\u0131l\u0131k sunarlar.<\/p>\n<h3>\u00c7ok Y\u00f6nl\u00fc ve Kurulumu Kolay<\/h3>\n<p>SX K\u00f6\u015fe Konsollar\u0131 h\u0131zl\u0131 ve basit kurulum i\u00e7in tasarlanm\u0131\u015ft\u0131r, bu da onlar\u0131 \u00e7e\u015fitli projeler i\u00e7in ideal hale getirir. Fabrikadan do\u011frudan fiyatland\u0131rma ile hem \u00e7ok y\u00f6nl\u00fc hem de uygun maliyetli g\u00fcvenilir donan\u0131m elde edersiniz.<\/p>\n<h3>Benzersiz Projeler i\u00e7in \u00d6zel \u00c7\u00f6z\u00fcmler<\/h3>\n<p>SX, K\u00f6\u015fe Konsollar\u0131 i\u00e7in \u00f6zelle\u015ftirilebilir se\u00e7enekler sunarak \u00f6zel ihtiya\u00e7lar\u0131n\u0131z i\u00e7in m\u00fckemmel uyumu elde etmenizi sa\u011flar. B\u00fct\u00e7enizi sarsmadan ihtiya\u00e7lar\u0131n\u0131za g\u00f6re uyarlanm\u0131\u015f kaliteli donan\u0131ma sahip olun.<\/p>","protected":false},"featured_media":4177,"comment_status":"open","ping_status":"closed","template":"","meta":[],"product_brand":[],"product_cat":[64],"product_tag":[],"class_list":{"0":"post-4206","1":"product","2":"type-product","3":"status-publish","4":"has-post-thumbnail","6":"product_cat-clamps","8":"first","9":"instock","10":"shipping-taxable","11":"product-type-simple"},"yoast_head":"<!-- This site is optimized with the Yoast SEO Premium plugin v27.1 (Yoast SEO v27.2) - https:\/\/yoast.com\/product\/yoast-seo-premium-wordpress\/ -->\n<title>Corner Brackets CLA301 - https:\/\/sxflightcase.com \ud83d\udc97<\/title>\n<meta name=\"description\" content=\"Corner brackets, factory direct! High-quality, durable brackets for reinforcing and securing corners in furniture, cabinets, and cases. Ideal for added stability and strength in various applications.\" \/>\n<meta name=\"robots\" content=\"index, follow, max-snippet:-1, max-image-preview:large, max-video-preview:-1\" \/>\n<link rel=\"canonical\" href=\"https:\/\/sxflightcase.com\/tr\/urun\/kose-parantezleri\/\" \/>\n<meta property=\"og:locale\" content=\"tr_TR\" \/>\n<meta property=\"og:type\" content=\"article\" \/>\n<meta property=\"og:title\" content=\"Corner Brackets CLA301\" \/>\n<meta property=\"og:description\" content=\"Corner brackets, factory direct! High-quality, durable brackets for reinforcing and securing corners in furniture, cabinets, and cases. Ideal for added stability and strength in various applications.\" \/>\n<meta property=\"og:url\" content=\"https:\/\/sxflightcase.com\/tr\/urun\/kose-parantezleri\/\" \/>\n<meta property=\"og:site_name\" content=\"https:\/\/sxflightcase.com\" \/>\n<meta property=\"article:publisher\" content=\"https:\/\/www.facebook.com\/profile.php?id=61560407257971\" \/>\n<meta property=\"article:modified_time\" content=\"2024-08-23T06:12:59+00:00\" \/>\n<meta property=\"og:image\" content=\"https:\/\/sxflightcase.com\/wp-content\/uploads\/2024\/08\/CLA301.jpg\" \/>\n\t<meta property=\"og:image:width\" content=\"700\" \/>\n\t<meta property=\"og:image:height\" content=\"700\" \/>\n\t<meta property=\"og:image:type\" content=\"image\/jpeg\" \/>\n<meta name=\"twitter:card\" content=\"summary_large_image\" \/>\n<meta name=\"twitter:label1\" content=\"Tahmini okuma s\u00fcresi\" \/>\n\t<meta name=\"twitter:data1\" content=\"3 dakika\" \/>\n<script type=\"application\/ld+json\" class=\"yoast-schema-graph\">{\"@context\":\"https:\/\/schema.org\",\"@graph\":[{\"@type\":\"WebPage\",\"@id\":\"https:\/\/sxflightcase.com\/product\/corner-brackets\/\",\"url\":\"https:\/\/sxflightcase.com\/product\/corner-brackets\/\",\"name\":\"Corner Brackets CLA301 - https:\/\/sxflightcase.com \ud83d\udc97\",\"isPartOf\":{\"@id\":\"https:\/\/sxflightcase.com\/th\/#website\"},\"primaryImageOfPage\":{\"@id\":\"https:\/\/sxflightcase.com\/product\/corner-brackets\/#primaryimage\"},\"image\":{\"@id\":\"https:\/\/sxflightcase.com\/product\/corner-brackets\/#primaryimage\"},\"thumbnailUrl\":\"https:\/\/sxflightcase.com\/wp-content\/uploads\/2024\/08\/CLA301.jpg\",\"datePublished\":\"2024-08-23T06:12:40+00:00\",\"dateModified\":\"2024-08-23T06:12:59+00:00\",\"description\":\"Corner brackets, factory direct! High-quality, durable brackets for reinforcing and securing corners in furniture, cabinets, and cases. Ideal for added stability and strength in various applications.\",\"breadcrumb\":{\"@id\":\"https:\/\/sxflightcase.com\/product\/corner-brackets\/#breadcrumb\"},\"inLanguage\":\"tr\",\"potentialAction\":[{\"@type\":\"ReadAction\",\"target\":[\"https:\/\/sxflightcase.com\/product\/corner-brackets\/\"]}]},{\"@type\":\"ImageObject\",\"inLanguage\":\"tr\",\"@id\":\"https:\/\/sxflightcase.com\/product\/corner-brackets\/#primaryimage\",\"url\":\"https:\/\/sxflightcase.com\/wp-content\/uploads\/2024\/08\/CLA301.jpg\",\"contentUrl\":\"https:\/\/sxflightcase.com\/wp-content\/uploads\/2024\/08\/CLA301.jpg\",\"width\":700,\"height\":700,\"caption\":\"Corner Brackets\"},{\"@type\":\"BreadcrumbList\",\"@id\":\"https:\/\/sxflightcase.com\/product\/corner-brackets\/#breadcrumb\",\"itemListElement\":[{\"@type\":\"ListItem\",\"position\":1,\"name\":\"Home\",\"item\":\"https:\/\/sxflightcase.com\/\"},{\"@type\":\"ListItem\",\"position\":2,\"name\":\"\u0e2a\u0e34\u0e19\u0e04\u0e49\u0e32\",\"item\":\"https:\/\/sxflightcase.com\/th\/shop\/\"},{\"@type\":\"ListItem\",\"position\":3,\"name\":\"Corner Brackets CLA301\"}]},{\"@type\":\"WebSite\",\"@id\":\"https:\/\/sxflightcase.com\/th\/#website\",\"url\":\"https:\/\/sxflightcase.com\/th\/\",\"name\":\"sxpowercase.com\",\"description\":\"Flight Case Factory\",\"publisher\":{\"@id\":\"https:\/\/sxflightcase.com\/th\/#organization\"},\"potentialAction\":[{\"@type\":\"SearchAction\",\"target\":{\"@type\":\"EntryPoint\",\"urlTemplate\":\"https:\/\/sxflightcase.com\/th\/?s={search_term_string}\"},\"query-input\":{\"@type\":\"PropertyValueSpecification\",\"valueRequired\":true,\"valueName\":\"search_term_string\"}}],\"inLanguage\":\"tr\"},{\"@type\":\"Organization\",\"@id\":\"https:\/\/sxflightcase.com\/th\/#organization\",\"name\":\"sxpowercase.com\",\"url\":\"https:\/\/sxflightcase.com\/th\/\",\"logo\":{\"@type\":\"ImageObject\",\"inLanguage\":\"tr\",\"@id\":\"https:\/\/sxflightcase.com\/th\/#\/schema\/logo\/image\/\",\"url\":\"https:\/\/sxflightcase.com\/wp-content\/uploads\/2024\/04\/1713919036007.jpg\",\"contentUrl\":\"https:\/\/sxflightcase.com\/wp-content\/uploads\/2024\/04\/1713919036007.jpg\",\"width\":382,\"height\":388,\"caption\":\"sxpowercase.com\"},\"image\":{\"@id\":\"https:\/\/sxflightcase.com\/th\/#\/schema\/logo\/image\/\"},\"sameAs\":[\"https:\/\/www.facebook.com\/profile.php?id=61560407257971\"],\"numberOfEmployees\":{\"@type\":\"QuantitativeValue\",\"minValue\":\"11\",\"maxValue\":\"50\"}}]}<\/script>\n<!-- \/ Yoast SEO Premium plugin. -->","yoast_head_json":{"title":"Corner Brackets CLA301 - https:\/\/sxflightcase.com \ud83d\udc97","description":"K\u00f6\u015fe braketleri, do\u011frudan fabrika! Mobilya, dolap ve kasalardaki k\u00f6\u015feleri g\u00fc\u00e7lendirmek ve sabitlemek i\u00e7in y\u00fcksek kaliteli, dayan\u0131kl\u0131 braketler. \u00c7e\u015fitli uygulamalarda ilave stabilite ve g\u00fc\u00e7 i\u00e7in idealdir.","robots":{"index":"index","follow":"follow","max-snippet":"max-snippet:-1","max-image-preview":"max-image-preview:large","max-video-preview":"max-video-preview:-1"},"canonical":"https:\/\/sxflightcase.com\/tr\/urun\/kose-parantezleri\/","og_locale":"tr_TR","og_type":"article","og_title":"Corner Brackets CLA301","og_description":"Corner brackets, factory direct! High-quality, durable brackets for reinforcing and securing corners in furniture, cabinets, and cases. Ideal for added stability and strength in various applications.","og_url":"https:\/\/sxflightcase.com\/tr\/urun\/kose-parantezleri\/","og_site_name":"https:\/\/sxflightcase.com","article_publisher":"https:\/\/www.facebook.com\/profile.php?id=61560407257971","article_modified_time":"2024-08-23T06:12:59+00:00","og_image":[{"width":700,"height":700,"url":"https:\/\/sxflightcase.com\/wp-content\/uploads\/2024\/08\/CLA301.jpg","type":"image\/jpeg"}],"twitter_card":"summary_large_image","twitter_misc":{"Tahmini okuma s\u00fcresi":"3 dakika"},"schema":{"@context":"https:\/\/schema.org","@graph":[{"@type":"WebPage","@id":"https:\/\/sxflightcase.com\/product\/corner-brackets\/","url":"https:\/\/sxflightcase.com\/product\/corner-brackets\/","name":"Corner Brackets CLA301 - https:\/\/sxflightcase.com \ud83d\udc97","isPartOf":{"@id":"https:\/\/sxflightcase.com\/th\/#website"},"primaryImageOfPage":{"@id":"https:\/\/sxflightcase.com\/product\/corner-brackets\/#primaryimage"},"image":{"@id":"https:\/\/sxflightcase.com\/product\/corner-brackets\/#primaryimage"},"thumbnailUrl":"https:\/\/sxflightcase.com\/wp-content\/uploads\/2024\/08\/CLA301.jpg","datePublished":"2024-08-23T06:12:40+00:00","dateModified":"2024-08-23T06:12:59+00:00","description":"K\u00f6\u015fe braketleri, do\u011frudan fabrika! Mobilya, dolap ve kasalardaki k\u00f6\u015feleri g\u00fc\u00e7lendirmek ve sabitlemek i\u00e7in y\u00fcksek kaliteli, dayan\u0131kl\u0131 braketler. \u00c7e\u015fitli uygulamalarda ilave stabilite ve g\u00fc\u00e7 i\u00e7in idealdir.","breadcrumb":{"@id":"https:\/\/sxflightcase.com\/product\/corner-brackets\/#breadcrumb"},"inLanguage":"tr","potentialAction":[{"@type":"ReadAction","target":["https:\/\/sxflightcase.com\/product\/corner-brackets\/"]}]},{"@type":"ImageObject","inLanguage":"tr","@id":"https:\/\/sxflightcase.com\/product\/corner-brackets\/#primaryimage","url":"https:\/\/sxflightcase.com\/wp-content\/uploads\/2024\/08\/CLA301.jpg","contentUrl":"https:\/\/sxflightcase.com\/wp-content\/uploads\/2024\/08\/CLA301.jpg","width":700,"height":700,"caption":"Corner Brackets"},{"@type":"BreadcrumbList","@id":"https:\/\/sxflightcase.com\/product\/corner-brackets\/#breadcrumb","itemListElement":[{"@type":"ListItem","position":1,"name":"Home","item":"https:\/\/sxflightcase.com\/"},{"@type":"ListItem","position":2,"name":"\u0e2a\u0e34\u0e19\u0e04\u0e49\u0e32","item":"https:\/\/sxflightcase.com\/th\/shop\/"},{"@type":"ListItem","position":3,"name":"Corner Brackets CLA301"}]},{"@type":"WebSite","@id":"https:\/\/sxflightcase.com\/th\/#website","url":"https:\/\/sxflightcase.com\/th\/","name":"sxpowercase.com","description":"U\u00e7u\u015f \u00c7antas\u0131 Fabrikas\u0131","publisher":{"@id":"https:\/\/sxflightcase.com\/th\/#organization"},"potentialAction":[{"@type":"SearchAction","target":{"@type":"EntryPoint","urlTemplate":"https:\/\/sxflightcase.com\/th\/?s={search_term_string}"},"query-input":{"@type":"PropertyValueSpecification","valueRequired":true,"valueName":"search_term_string"}}],"inLanguage":"tr"},{"@type":"Organization","@id":"https:\/\/sxflightcase.com\/th\/#organization","name":"sxpowercase.com","url":"https:\/\/sxflightcase.com\/th\/","logo":{"@type":"ImageObject","inLanguage":"tr","@id":"https:\/\/sxflightcase.com\/th\/#\/schema\/logo\/image\/","url":"https:\/\/sxflightcase.com\/wp-content\/uploads\/2024\/04\/1713919036007.jpg","contentUrl":"https:\/\/sxflightcase.com\/wp-content\/uploads\/2024\/04\/1713919036007.jpg","width":382,"height":388,"caption":"sxpowercase.com"},"image":{"@id":"https:\/\/sxflightcase.com\/th\/#\/schema\/logo\/image\/"},"sameAs":["https:\/\/www.facebook.com\/profile.php?id=61560407257971"],"numberOfEmployees":{"@type":"QuantitativeValue","minValue":"11","maxValue":"50"}}]}},"_links":{"self":[{"href":"https:\/\/sxflightcase.com\/tr\/wp-json\/wp\/v2\/product\/4206","targetHints":{"allow":["GET"]}}],"collection":[{"href":"https:\/\/sxflightcase.com\/tr\/wp-json\/wp\/v2\/product"}],"about":[{"href":"https:\/\/sxflightcase.com\/tr\/wp-json\/wp\/v2\/types\/product"}],"replies":[{"embeddable":true,"href":"https:\/\/sxflightcase.com\/tr\/wp-json\/wp\/v2\/comments?post=4206"}],"version-history":[{"count":0,"href":"https:\/\/sxflightcase.com\/tr\/wp-json\/wp\/v2\/product\/4206\/revisions"}],"wp:featuredmedia":[{"embeddable":true,"href":"https:\/\/sxflightcase.com\/tr\/wp-json\/wp\/v2\/media\/4177"}],"wp:attachment":[{"href":"https:\/\/sxflightcase.com\/tr\/wp-json\/wp\/v2\/media?parent=4206"}],"wp:term":[{"taxonomy":"product_brand","embeddable":true,"href":"https:\/\/sxflightcase.com\/tr\/wp-json\/wp\/v2\/product_brand?post=4206"},{"taxonomy":"product_cat","embeddable":true,"href":"https:\/\/sxflightcase.com\/tr\/wp-json\/wp\/v2\/product_cat?post=4206"},{"taxonomy":"product_tag","embeddable":true,"href":"https:\/\/sxflightcase.com\/tr\/wp-json\/wp\/v2\/product_tag?post=4206"}],"curies":[{"name":"wp","href":"https:\/\/api.w.org\/{rel}","templated":true}]}}