{"id":4207,"date":"2024-08-23T07:18:45","date_gmt":"2024-08-23T06:18:45","guid":{"rendered":"https:\/\/sxpowercase.com\/?post_type=product&#038;p=4207"},"modified":"2024-08-23T07:18:46","modified_gmt":"2024-08-23T06:18:46","slug":"flight-case-corner-clamp-cla401","status":"publish","type":"product","link":"https:\/\/sxflightcase.com\/tr\/urun\/ucus-kasasi-kose-kelepcesi-cla401-2\/","title":{"rendered":"U\u00e7u\u015f Kasas\u0131 K\u00f6\u015fe Kelep\u00e7esi CLA401"},"content":{"rendered":"<h3>SX U\u00e7u\u015f \u00c7antas\u0131 K\u00f6\u015fe Kelep\u00e7esi: G\u00fcvenilir Koruma i\u00e7in G\u00fcvenli ve Uygun Fiyatl\u0131 Donan\u0131m<\/h3>\n<h4>U\u00e7u\u015f \u00c7antalar\u0131n\u0131z i\u00e7in Geli\u015ftirilmi\u015f Dayan\u0131kl\u0131l\u0131k<\/h4>\n<p>Konu de\u011ferli ekipmanlar\u0131n korunmas\u0131 oldu\u011funda, SX'in <span style=\"color: #3366ff;\"><a style=\"color: #3366ff;\" href=\"https:\/\/sxpowercase.com\/product\/corner-brackets\/\"><strong>U\u00e7u\u015f \u00c7antas\u0131 K\u00f6\u015fe Kelep\u00e7esi<\/strong><\/a><\/span> \u00f6nemli bir donan\u0131m par\u00e7as\u0131d\u0131r. Bu kelep\u00e7eler, u\u00e7u\u015f \u00e7antalar\u0131n\u0131n k\u00f6\u015felerini g\u00fc\u00e7lendirmek i\u00e7in tasarlanm\u0131\u015ft\u0131r ve ekipman\u0131n\u0131z\u0131n ta\u015f\u0131ma s\u0131ras\u0131nda g\u00fcvende kalmas\u0131n\u0131 sa\u011flar. Fabrikadan do\u011frudan fiyatland\u0131rma ile SX, b\u00fct\u00e7e dostu fiyatlarla y\u00fcksek kaliteli kelep\u00e7eler sunar ve fazla \u00f6deme yapmadan birinci s\u0131n\u0131f donan\u0131m alman\u0131z\u0131 sa\u011flar.<\/p>\n<h4>\u00dcst\u00fcn Malzemelerle Uzun \u00d6m\u00fcrl\u00fc \u00dcretilmi\u015ftir<\/h4>\n<p><a href=\"https:\/\/sxpowercase.com\/\" target=\"_blank\" rel=\"noopener\" title=\"SX\" data-wpil-monitor-id=\"690\">SX<\/a> <strong>U\u00e7u\u015f \u00c7antas\u0131 K\u00f6\u015fe Kelep\u00e7eleri<\/strong> sa\u011flam, dayan\u0131kl\u0131 metalden \u00fcretilmi\u015ftir ve zorlu uygulamalar i\u00e7in uzun \u00f6m\u00fcrl\u00fc g\u00fc\u00e7 sa\u011flar. Bu kelep\u00e7eler, yap\u0131sal b\u00fct\u00fcnl\u00fcklerini korurken s\u00fcrekli kullan\u0131m\u0131n getirdi\u011fi a\u015f\u0131nma ve y\u0131pranmaya dayanacak \u015fekilde tasarlanm\u0131\u015ft\u0131r. Do\u011frudan fabrika yakla\u015f\u0131m\u0131, SX'in malzeme veya i\u015f\u00e7ilik kalitesinden \u00f6d\u00fcn vermeden rekabet\u00e7i fiyatlar sunmas\u0131n\u0131 sa\u011flar.<\/p>\n<h4>Kolay Kurulum ve G\u00fcvenilir Performans<\/h4>\n<p>SX <strong>U\u00e7u\u015f \u00c7antas\u0131 K\u00f6\u015fe Kelep\u00e7eleri<\/strong> h\u0131zl\u0131 ve basit kurulum i\u00e7in tasarlanm\u0131\u015ft\u0131r, bu da onlar\u0131 hem profesyoneller hem de DIY merakl\u0131lar\u0131 i\u00e7in ideal hale getirir. Kelep\u00e7eler, u\u00e7u\u015f kasan\u0131z\u0131n k\u00f6\u015felerinin s\u0131k\u0131ca yerinde tutulmas\u0131n\u0131 sa\u011flayarak hasar riskini azaltan g\u00fcvenli bir uyum sa\u011flar. Do\u011frudan sat\u0131\u015flara odaklanan SX, her \u00f6l\u00e7ekteki proje i\u00e7in m\u00fckemmel olan g\u00fcvenilir donan\u0131m\u0131 d\u00fc\u015f\u00fck fiyatlarla alman\u0131z\u0131 garanti eder.<\/p>\n<h4>Fabrika Tasarrufu ile G\u00fcvenilir Kalite<\/h4>\n<p>SX'te kalite, yapt\u0131\u011f\u0131m\u0131z her i\u015fin merkezinde yer al\u0131r. Bizim <strong>U\u00e7u\u015f \u00c7antas\u0131 K\u00f6\u015fe Kelep\u00e7eleri<\/strong> en y\u00fcksek standartlar\u0131 kar\u015f\u0131lad\u0131klar\u0131ndan emin olmak i\u00e7in s\u0131k\u0131 kalite kontrollerinden ge\u00e7mektedir. Do\u011frudan fabrikam\u0131zdan tedarik ederek, tutarl\u0131 bir m\u00fckemmellik seviyesini korurken m\u00fc\u015fterilerimize tasarruf sa\u011fl\u0131yoruz. Uygun maliyetli, yat\u0131r\u0131m\u0131n\u0131z i\u00e7in m\u00fckemmel de\u011fer sa\u011flayan g\u00fcvenilir donan\u0131m elde edersiniz.<\/p>\n<h4>T\u00fcm U\u00e7u\u015f K\u0131l\u0131flar\u0131 i\u00e7in \u00c7ok Y\u00f6nl\u00fc Uygulamalar<\/h4>\n<p>\u0130ster yeni u\u00e7u\u015f kasalar\u0131 in\u015fa ediyor ister mevcut olanlar\u0131 y\u00fckseltiyor olun, SX <strong>U\u00e7u\u015f \u00c7antas\u0131 K\u00f6\u015fe Kelep\u00e7eleri<\/strong> \u00e7e\u015fitli tasar\u0131m ve boyutlara uyacak kadar \u00e7ok y\u00f6nl\u00fcd\u00fcr. Kelep\u00e7eler hem \u00f6zel hem de standart kasalar i\u00e7in sa\u011flam bir takviye sunarak farkl\u0131 sekt\u00f6rlerde pop\u00fcler bir se\u00e7im haline gelir. Fabrikadan do\u011frudan fiyatland\u0131rma ile, kasalar\u0131n\u0131z\u0131 tipik piyasa maliyetlerinin \u00e7ok alt\u0131nda premium kelep\u00e7elerle kolayca donatabilirsiniz.<\/p>\n<h4>Benzersiz \u0130htiya\u00e7lar\u0131n\u0131z i\u00e7in \u00d6zel \u00c7\u00f6z\u00fcmler<\/h4>\n<p>SX, her projenin benzersiz oldu\u011funun fark\u0131ndad\u0131r, bu nedenle projelerimiz i\u00e7in \u00f6zelle\u015ftirilebilir se\u00e7enekler sunuyoruz. <strong>U\u00e7u\u015f \u00c7antas\u0131 K\u00f6\u015fe Kelep\u00e7eleri<\/strong>. \u0130ster belirli boyutlara, kaplamalara veya malzemelere ihtiyac\u0131n\u0131z olsun, \u00fcr\u00fcnlerimizi tam gereksinimlerinize uyacak \u015fekilde uyarlayabiliriz. Do\u011frudan fabrika modelimiz, SX'ten bekledi\u011finiz kaliteyi sunarken bu \u00f6zelle\u015ftirmeleri uygun fiyatl\u0131 tutar.<\/p>\n<h4>SX S\u00f6z\u00fc: Kalite ve Uygun Fiyat Bir Arada<\/h4>\n<p>SX ile kalite ve fiyat aras\u0131nda asla \u00f6d\u00fcn vermek zorunda kalmazs\u0131n\u0131z. Bizim <strong>U\u00e7u\u015f \u00c7antas\u0131 K\u00f6\u015fe Kelep\u00e7eleri<\/strong> g\u00fc\u00e7, dayan\u0131kl\u0131l\u0131k ve uygun fiyat\u0131n m\u00fckemmel kar\u0131\u015f\u0131m\u0131n\u0131 sa\u011flar. Do\u011frudan m\u00fc\u015fteriye sat\u0131\u015f modelimiz sayesinde, arac\u0131lar\u0131n ek maliyetleri olmadan en \u00fcst d\u00fczey donan\u0131ma sahip olursunuz ve hem ihtiya\u00e7lar\u0131n\u0131za hem de b\u00fct\u00e7enize uygun y\u00fcksek kaliteli kelep\u00e7eler alman\u0131z\u0131 sa\u011flar.<\/p>\n<h4>G\u00fcvenilir U\u00e7u\u015f \u00c7antas\u0131 Donan\u0131m\u0131 i\u00e7in SX'i Se\u00e7in<\/h4>\n<p>U\u00e7u\u015f \u00e7antalar\u0131n\u0131z\u0131n g\u00fcvenli\u011fini sa\u011flamak s\u00f6z konusu oldu\u011funda, SX'in <strong>U\u00e7u\u015f \u00c7antas\u0131 K\u00f6\u015fe Kelep\u00e7eleri<\/strong> ideal se\u00e7imdir. Kolay kurulum, dayan\u0131kl\u0131 yap\u0131 ve rakipsiz fiyatlar ile kelep\u00e7elerimize hem profesyoneller hem de DIY kullan\u0131c\u0131lar\u0131 g\u00fcveniyor. Bir sonraki projeniz i\u00e7in SX'i se\u00e7in ve b\u00fct\u00e7enizi sarsmayan kaliteli donan\u0131m\u0131n avantajlar\u0131n\u0131 deneyimleyin.<\/p>\n<p>Hemen \u0130leti\u015fime Ge\u00e7in:<span style=\"color: #0000ff;\"><a style=\"color: #0000ff;\" href=\"https:\/\/sxpowercase.com\/contact-us\/\">https:\/\/sxpowercase.com\/<\/a><\/span><\/p>\n<p>Donan\u0131m \u00dcr\u00fcn Katalo\u011fu\uff1a<span style=\"color: #3366ff;\"><a style=\"color: #3366ff;\" href=\"https:\/\/sxpowercase.com\/wp-content\/uploads\/2024\/07\/\u4e94\u91d1.pdf\">Donan\u0131m aksesuarlar\u0131 katalo\u011fu<\/a><\/span><\/p>","protected":false},"excerpt":{"rendered":"<h3>SX U\u00e7u\u015f \u00c7antas\u0131 K\u00f6\u015fe Kelep\u00e7eleri: Ekipmanlar\u0131n\u0131z i\u00e7in Uygun Fiyatl\u0131 Koruma<\/h3>\n<p>SX, u\u00e7u\u015f \u00e7antalar\u0131n\u0131z i\u00e7in g\u00fcvenilir k\u00f6\u015fe takviyesi sa\u011flayan y\u00fcksek kaliteli U\u00e7u\u015f \u00c7antas\u0131 K\u00f6\u015fe Kelep\u00e7eleri sunar. Fabrikadan do\u011frudan fiyatland\u0131rma ile, ekipman\u0131n\u0131z\u0131 a\u015f\u0131r\u0131 harcama yapmadan korumak i\u00e7in tasarlanm\u0131\u015f dayan\u0131kl\u0131 donan\u0131ma sahip olursunuz.<\/p>\n<h3>Uzun \u00d6m\u00fcrl\u00fc, Kurulumu Kolay<\/h3>\n<p>Sa\u011flam metalden \u00fcretilen SX U\u00e7u\u015f \u00c7antas\u0131 K\u00f6\u015fe Kelep\u00e7eleri uzun s\u00fcreli dayan\u0131kl\u0131l\u0131k sa\u011flar ve kurulumu h\u0131zl\u0131d\u0131r. \u0130ster bir profesyonel ister bir DIY merakl\u0131s\u0131 olun, bu kelep\u00e7eler g\u00fcvenli ve istikrarl\u0131 u\u00e7u\u015f kasalar\u0131 i\u00e7in g\u00fc\u00e7l\u00fc destek sa\u011flar.<\/p>\n<h3>Fabrika Fiyatlar\u0131nda \u00d6zelle\u015ftirilebilir Se\u00e7enekler<\/h3>\n<p>SX, U\u00e7u\u015f Kasas\u0131 K\u00f6\u015fe Kelep\u00e7elerimiz i\u00e7in \u00f6zelle\u015ftirilebilir boyutlar ve y\u00fczeyler sunar. Do\u011frudan m\u00fc\u015fteriye sat\u0131\u015f modelimiz sayesinde rakipsiz fiyatlarla ihtiya\u00e7lar\u0131n\u0131za g\u00f6re uyarlanm\u0131\u015f birinci s\u0131n\u0131f donan\u0131m\u0131n keyfini \u00e7\u0131kar\u0131n.<\/p>","protected":false},"featured_media":4178,"comment_status":"open","ping_status":"closed","template":"","meta":[],"product_brand":[],"product_cat":[64],"product_tag":[],"class_list":{"0":"post-4207","1":"product","2":"type-product","3":"status-publish","4":"has-post-thumbnail","6":"product_cat-clamps","8":"first","9":"instock","10":"shipping-taxable","11":"product-type-simple"},"yoast_head":"<!-- This site is optimized with the Yoast SEO Premium plugin v27.1 (Yoast SEO v27.2) - https:\/\/yoast.com\/product\/yoast-seo-premium-wordpress\/ -->\n<title>Flight Case Corner Clamp CLA401 - https:\/\/sxflightcase.com \ud83d\udc97<\/title>\n<meta name=\"description\" content=\"Flight case corner clamp, factory direct! High-quality, durable clamps designed to reinforce and securely fasten flight case corners. Ideal for ensuring long-lasting protection during transport.\" \/>\n<meta name=\"robots\" content=\"index, follow, max-snippet:-1, max-image-preview:large, max-video-preview:-1\" \/>\n<link rel=\"canonical\" href=\"https:\/\/sxflightcase.com\/tr\/urun\/ucus-kasasi-kose-kelepcesi-cla401-2\/\" \/>\n<meta property=\"og:locale\" content=\"tr_TR\" \/>\n<meta property=\"og:type\" content=\"article\" \/>\n<meta property=\"og:title\" content=\"Flight Case Corner Clamp CLA401\" \/>\n<meta property=\"og:description\" content=\"Flight case corner clamp, factory direct! High-quality, durable clamps designed to reinforce and securely fasten flight case corners. Ideal for ensuring long-lasting protection during transport.\" \/>\n<meta property=\"og:url\" content=\"https:\/\/sxflightcase.com\/tr\/urun\/ucus-kasasi-kose-kelepcesi-cla401-2\/\" \/>\n<meta property=\"og:site_name\" content=\"https:\/\/sxflightcase.com\" \/>\n<meta property=\"article:publisher\" content=\"https:\/\/www.facebook.com\/profile.php?id=61560407257971\" \/>\n<meta property=\"article:modified_time\" content=\"2024-08-23T06:18:46+00:00\" \/>\n<meta property=\"og:image\" content=\"https:\/\/sxflightcase.com\/wp-content\/uploads\/2024\/08\/CLA401.jpg\" \/>\n\t<meta property=\"og:image:width\" content=\"700\" \/>\n\t<meta property=\"og:image:height\" content=\"700\" \/>\n\t<meta property=\"og:image:type\" content=\"image\/jpeg\" \/>\n<meta name=\"twitter:card\" content=\"summary_large_image\" \/>\n<meta name=\"twitter:label1\" content=\"Tahmini okuma s\u00fcresi\" \/>\n\t<meta name=\"twitter:data1\" content=\"4 dakika\" \/>\n<script type=\"application\/ld+json\" class=\"yoast-schema-graph\">{\"@context\":\"https:\/\/schema.org\",\"@graph\":[{\"@type\":\"WebPage\",\"@id\":\"https:\/\/sxflightcase.com\/product\/flight-case-corner-clamp-cla401\/\",\"url\":\"https:\/\/sxflightcase.com\/product\/flight-case-corner-clamp-cla401\/\",\"name\":\"Flight Case Corner Clamp CLA401 - https:\/\/sxflightcase.com \ud83d\udc97\",\"isPartOf\":{\"@id\":\"https:\/\/sxflightcase.com\/th\/#website\"},\"primaryImageOfPage\":{\"@id\":\"https:\/\/sxflightcase.com\/product\/flight-case-corner-clamp-cla401\/#primaryimage\"},\"image\":{\"@id\":\"https:\/\/sxflightcase.com\/product\/flight-case-corner-clamp-cla401\/#primaryimage\"},\"thumbnailUrl\":\"https:\/\/sxflightcase.com\/wp-content\/uploads\/2024\/08\/CLA401.jpg\",\"datePublished\":\"2024-08-23T06:18:45+00:00\",\"dateModified\":\"2024-08-23T06:18:46+00:00\",\"description\":\"Flight case corner clamp, factory direct! High-quality, durable clamps designed to reinforce and securely fasten flight case corners. Ideal for ensuring long-lasting protection during transport.\",\"breadcrumb\":{\"@id\":\"https:\/\/sxflightcase.com\/product\/flight-case-corner-clamp-cla401\/#breadcrumb\"},\"inLanguage\":\"tr\",\"potentialAction\":[{\"@type\":\"ReadAction\",\"target\":[\"https:\/\/sxflightcase.com\/product\/flight-case-corner-clamp-cla401\/\"]}]},{\"@type\":\"ImageObject\",\"inLanguage\":\"tr\",\"@id\":\"https:\/\/sxflightcase.com\/product\/flight-case-corner-clamp-cla401\/#primaryimage\",\"url\":\"https:\/\/sxflightcase.com\/wp-content\/uploads\/2024\/08\/CLA401.jpg\",\"contentUrl\":\"https:\/\/sxflightcase.com\/wp-content\/uploads\/2024\/08\/CLA401.jpg\",\"width\":700,\"height\":700,\"caption\":\"Flight Case Corner Clamp\"},{\"@type\":\"BreadcrumbList\",\"@id\":\"https:\/\/sxflightcase.com\/product\/flight-case-corner-clamp-cla401\/#breadcrumb\",\"itemListElement\":[{\"@type\":\"ListItem\",\"position\":1,\"name\":\"Home\",\"item\":\"https:\/\/sxflightcase.com\/\"},{\"@type\":\"ListItem\",\"position\":2,\"name\":\"\u0e2a\u0e34\u0e19\u0e04\u0e49\u0e32\",\"item\":\"https:\/\/sxflightcase.com\/th\/shop\/\"},{\"@type\":\"ListItem\",\"position\":3,\"name\":\"Flight Case Corner Clamp CLA401\"}]},{\"@type\":\"WebSite\",\"@id\":\"https:\/\/sxflightcase.com\/th\/#website\",\"url\":\"https:\/\/sxflightcase.com\/th\/\",\"name\":\"sxpowercase.com\",\"description\":\"Flight Case Factory\",\"publisher\":{\"@id\":\"https:\/\/sxflightcase.com\/th\/#organization\"},\"potentialAction\":[{\"@type\":\"SearchAction\",\"target\":{\"@type\":\"EntryPoint\",\"urlTemplate\":\"https:\/\/sxflightcase.com\/th\/?s={search_term_string}\"},\"query-input\":{\"@type\":\"PropertyValueSpecification\",\"valueRequired\":true,\"valueName\":\"search_term_string\"}}],\"inLanguage\":\"tr\"},{\"@type\":\"Organization\",\"@id\":\"https:\/\/sxflightcase.com\/th\/#organization\",\"name\":\"sxpowercase.com\",\"url\":\"https:\/\/sxflightcase.com\/th\/\",\"logo\":{\"@type\":\"ImageObject\",\"inLanguage\":\"tr\",\"@id\":\"https:\/\/sxflightcase.com\/th\/#\/schema\/logo\/image\/\",\"url\":\"https:\/\/sxflightcase.com\/wp-content\/uploads\/2024\/04\/1713919036007.jpg\",\"contentUrl\":\"https:\/\/sxflightcase.com\/wp-content\/uploads\/2024\/04\/1713919036007.jpg\",\"width\":382,\"height\":388,\"caption\":\"sxpowercase.com\"},\"image\":{\"@id\":\"https:\/\/sxflightcase.com\/th\/#\/schema\/logo\/image\/\"},\"sameAs\":[\"https:\/\/www.facebook.com\/profile.php?id=61560407257971\"],\"numberOfEmployees\":{\"@type\":\"QuantitativeValue\",\"minValue\":\"11\",\"maxValue\":\"50\"}}]}<\/script>\n<!-- \/ Yoast SEO Premium plugin. -->","yoast_head_json":{"title":"Flight Case Corner Clamp CLA401 - https:\/\/sxflightcase.com \ud83d\udc97","description":"U\u00e7u\u015f kasas\u0131 k\u00f6\u015fe kelep\u00e7esi, do\u011frudan fabrika \u00e7\u0131k\u0131\u015f\u0131! U\u00e7u\u015f kasas\u0131 k\u00f6\u015felerini g\u00fc\u00e7lendirmek ve g\u00fcvenli bir \u015fekilde sabitlemek i\u00e7in tasarlanm\u0131\u015f y\u00fcksek kaliteli, dayan\u0131kl\u0131 kelep\u00e7eler. Ta\u015f\u0131ma s\u0131ras\u0131nda uzun s\u00fcreli koruma sa\u011flamak i\u00e7in idealdir.","robots":{"index":"index","follow":"follow","max-snippet":"max-snippet:-1","max-image-preview":"max-image-preview:large","max-video-preview":"max-video-preview:-1"},"canonical":"https:\/\/sxflightcase.com\/tr\/urun\/ucus-kasasi-kose-kelepcesi-cla401-2\/","og_locale":"tr_TR","og_type":"article","og_title":"Flight Case Corner Clamp CLA401","og_description":"Flight case corner clamp, factory direct! High-quality, durable clamps designed to reinforce and securely fasten flight case corners. Ideal for ensuring long-lasting protection during transport.","og_url":"https:\/\/sxflightcase.com\/tr\/urun\/ucus-kasasi-kose-kelepcesi-cla401-2\/","og_site_name":"https:\/\/sxflightcase.com","article_publisher":"https:\/\/www.facebook.com\/profile.php?id=61560407257971","article_modified_time":"2024-08-23T06:18:46+00:00","og_image":[{"width":700,"height":700,"url":"https:\/\/sxflightcase.com\/wp-content\/uploads\/2024\/08\/CLA401.jpg","type":"image\/jpeg"}],"twitter_card":"summary_large_image","twitter_misc":{"Tahmini okuma s\u00fcresi":"4 dakika"},"schema":{"@context":"https:\/\/schema.org","@graph":[{"@type":"WebPage","@id":"https:\/\/sxflightcase.com\/product\/flight-case-corner-clamp-cla401\/","url":"https:\/\/sxflightcase.com\/product\/flight-case-corner-clamp-cla401\/","name":"Flight Case Corner Clamp CLA401 - https:\/\/sxflightcase.com \ud83d\udc97","isPartOf":{"@id":"https:\/\/sxflightcase.com\/th\/#website"},"primaryImageOfPage":{"@id":"https:\/\/sxflightcase.com\/product\/flight-case-corner-clamp-cla401\/#primaryimage"},"image":{"@id":"https:\/\/sxflightcase.com\/product\/flight-case-corner-clamp-cla401\/#primaryimage"},"thumbnailUrl":"https:\/\/sxflightcase.com\/wp-content\/uploads\/2024\/08\/CLA401.jpg","datePublished":"2024-08-23T06:18:45+00:00","dateModified":"2024-08-23T06:18:46+00:00","description":"U\u00e7u\u015f kasas\u0131 k\u00f6\u015fe kelep\u00e7esi, do\u011frudan fabrika \u00e7\u0131k\u0131\u015f\u0131! U\u00e7u\u015f kasas\u0131 k\u00f6\u015felerini g\u00fc\u00e7lendirmek ve g\u00fcvenli bir \u015fekilde sabitlemek i\u00e7in tasarlanm\u0131\u015f y\u00fcksek kaliteli, dayan\u0131kl\u0131 kelep\u00e7eler. Ta\u015f\u0131ma s\u0131ras\u0131nda uzun s\u00fcreli koruma sa\u011flamak i\u00e7in idealdir.","breadcrumb":{"@id":"https:\/\/sxflightcase.com\/product\/flight-case-corner-clamp-cla401\/#breadcrumb"},"inLanguage":"tr","potentialAction":[{"@type":"ReadAction","target":["https:\/\/sxflightcase.com\/product\/flight-case-corner-clamp-cla401\/"]}]},{"@type":"ImageObject","inLanguage":"tr","@id":"https:\/\/sxflightcase.com\/product\/flight-case-corner-clamp-cla401\/#primaryimage","url":"https:\/\/sxflightcase.com\/wp-content\/uploads\/2024\/08\/CLA401.jpg","contentUrl":"https:\/\/sxflightcase.com\/wp-content\/uploads\/2024\/08\/CLA401.jpg","width":700,"height":700,"caption":"Flight Case Corner Clamp"},{"@type":"BreadcrumbList","@id":"https:\/\/sxflightcase.com\/product\/flight-case-corner-clamp-cla401\/#breadcrumb","itemListElement":[{"@type":"ListItem","position":1,"name":"Home","item":"https:\/\/sxflightcase.com\/"},{"@type":"ListItem","position":2,"name":"\u0e2a\u0e34\u0e19\u0e04\u0e49\u0e32","item":"https:\/\/sxflightcase.com\/th\/shop\/"},{"@type":"ListItem","position":3,"name":"Flight Case Corner Clamp CLA401"}]},{"@type":"WebSite","@id":"https:\/\/sxflightcase.com\/th\/#website","url":"https:\/\/sxflightcase.com\/th\/","name":"sxpowercase.com","description":"U\u00e7u\u015f \u00c7antas\u0131 Fabrikas\u0131","publisher":{"@id":"https:\/\/sxflightcase.com\/th\/#organization"},"potentialAction":[{"@type":"SearchAction","target":{"@type":"EntryPoint","urlTemplate":"https:\/\/sxflightcase.com\/th\/?s={search_term_string}"},"query-input":{"@type":"PropertyValueSpecification","valueRequired":true,"valueName":"search_term_string"}}],"inLanguage":"tr"},{"@type":"Organization","@id":"https:\/\/sxflightcase.com\/th\/#organization","name":"sxpowercase.com","url":"https:\/\/sxflightcase.com\/th\/","logo":{"@type":"ImageObject","inLanguage":"tr","@id":"https:\/\/sxflightcase.com\/th\/#\/schema\/logo\/image\/","url":"https:\/\/sxflightcase.com\/wp-content\/uploads\/2024\/04\/1713919036007.jpg","contentUrl":"https:\/\/sxflightcase.com\/wp-content\/uploads\/2024\/04\/1713919036007.jpg","width":382,"height":388,"caption":"sxpowercase.com"},"image":{"@id":"https:\/\/sxflightcase.com\/th\/#\/schema\/logo\/image\/"},"sameAs":["https:\/\/www.facebook.com\/profile.php?id=61560407257971"],"numberOfEmployees":{"@type":"QuantitativeValue","minValue":"11","maxValue":"50"}}]}},"_links":{"self":[{"href":"https:\/\/sxflightcase.com\/tr\/wp-json\/wp\/v2\/product\/4207","targetHints":{"allow":["GET"]}}],"collection":[{"href":"https:\/\/sxflightcase.com\/tr\/wp-json\/wp\/v2\/product"}],"about":[{"href":"https:\/\/sxflightcase.com\/tr\/wp-json\/wp\/v2\/types\/product"}],"replies":[{"embeddable":true,"href":"https:\/\/sxflightcase.com\/tr\/wp-json\/wp\/v2\/comments?post=4207"}],"version-history":[{"count":0,"href":"https:\/\/sxflightcase.com\/tr\/wp-json\/wp\/v2\/product\/4207\/revisions"}],"wp:featuredmedia":[{"embeddable":true,"href":"https:\/\/sxflightcase.com\/tr\/wp-json\/wp\/v2\/media\/4178"}],"wp:attachment":[{"href":"https:\/\/sxflightcase.com\/tr\/wp-json\/wp\/v2\/media?parent=4207"}],"wp:term":[{"taxonomy":"product_brand","embeddable":true,"href":"https:\/\/sxflightcase.com\/tr\/wp-json\/wp\/v2\/product_brand?post=4207"},{"taxonomy":"product_cat","embeddable":true,"href":"https:\/\/sxflightcase.com\/tr\/wp-json\/wp\/v2\/product_cat?post=4207"},{"taxonomy":"product_tag","embeddable":true,"href":"https:\/\/sxflightcase.com\/tr\/wp-json\/wp\/v2\/product_tag?post=4207"}],"curies":[{"name":"wp","href":"https:\/\/api.w.org\/{rel}","templated":true}]}}