{"id":4208,"date":"2024-08-23T07:20:31","date_gmt":"2024-08-23T06:20:31","guid":{"rendered":"https:\/\/sxpowercase.com\/?post_type=product&#038;p=4208"},"modified":"2024-08-23T07:20:32","modified_gmt":"2024-08-23T06:20:32","slug":"flight-case-corner-clamp-cla501","status":"publish","type":"product","link":"https:\/\/sxflightcase.com\/tr\/urun\/ucus-kasasi-kose-kelepcesi-cla501-2\/","title":{"rendered":"U\u00e7u\u015f Kasas\u0131 K\u00f6\u015fe Kelep\u00e7esi CLA501"},"content":{"rendered":"<h3>SX U\u00e7u\u015f \u00c7antas\u0131 K\u00f6\u015fe Kelep\u00e7esi: Uygun Fiyatlarla Y\u00fcksek Kaliteli Donan\u0131m<\/h3>\n<h4>U\u00e7u\u015f \u00c7antalar\u0131n\u0131z\u0131 G\u00fcvenilir Kelep\u00e7elerle G\u00fc\u00e7lendirin<\/h4>\n<p>Ekipman\u0131 i\u00e7in dayan\u0131kl\u0131 korumaya ihtiya\u00e7 duyanlar i\u00e7in SX'in <span style=\"color: #3366ff;\"><a style=\"color: #3366ff;\" href=\"https:\/\/sxpowercase.com\/product\/flight-case-corner-clamp-cla401\/\"><strong>U\u00e7u\u015f \u00c7antas\u0131 K\u00f6\u015fe Kelep\u00e7esi<\/strong><\/a><\/span> \u00e7ok \u00f6nemli bir bile\u015fendir. Denge ve g\u00fcvenlik sa\u011flamak i\u00e7in tasarlanan bu kelep\u00e7eler, u\u00e7u\u015f \u00e7antalar\u0131n\u0131z\u0131n k\u00f6\u015felerini g\u00fc\u00e7lendirmek i\u00e7in m\u00fckemmeldir. Fabrikadan do\u011frudan fiyatland\u0131rmam\u0131zla SX, rekabet\u00e7i fiyatlarla birinci s\u0131n\u0131f donan\u0131m alman\u0131z\u0131 sa\u011flayarak kaliteden \u00f6d\u00fcn vermeden m\u00fckemmel de\u011fer sunar.<\/p>\n<h4>G\u00fcvenebilece\u011finiz Dayan\u0131kl\u0131 Yap\u0131<\/h4>\n<p><a href=\"https:\/\/sxpowercase.com\/\" target=\"_blank\" rel=\"noopener\" title=\"SX\" data-wpil-monitor-id=\"691\">SX<\/a> <strong>U\u00e7u\u015f \u00c7antas\u0131 K\u00f6\u015fe Kelep\u00e7eleri<\/strong> en zorlu ko\u015fullara dayanacak \u015fekilde tasarlanm\u0131\u015f g\u00fc\u00e7l\u00fc metal malzemelerden \u00fcretilmi\u015ftir. Bu kelep\u00e7eler \u00fcst\u00fcn koruma sa\u011flayarak ekipman\u0131n\u0131z\u0131n nakliye boyunca g\u00fcvende kalmas\u0131n\u0131 sa\u011flar. Do\u011frudan \u00fcretim yaparak ve gereksiz arac\u0131lar\u0131 ortadan kald\u0131rarak SX, bu y\u00fcksek kaliteli \u00fcr\u00fcnleri her b\u00fct\u00e7eye uygun fiyatlarla sunabilmektedir.<\/p>\n<h4>H\u0131zl\u0131 Kurulum ve Maksimum Koruma<\/h4>\n<p>SX'in tasar\u0131m\u0131 <strong>U\u00e7u\u015f \u00c7antas\u0131 K\u00f6\u015fe Kelep\u00e7esi<\/strong> kolay ve h\u0131zl\u0131 kurulum sa\u011flar. \u0130ster profesyonel bir in\u015faat\u00e7\u0131 olun ister kendin yap projesiyle u\u011fra\u015f\u0131yor olun, bu kelep\u00e7eler u\u00e7u\u015f \u00e7antan\u0131z\u0131n k\u00f6\u015felerini yerine kilitleyen m\u00fckemmel bir uyum sunar. Bu stabilite, hasar riskini en aza indirir ve de\u011ferli ekipmanlar\u0131n\u0131 korumak isteyen herkes i\u00e7in \u00f6nemli bir se\u00e7imdir. SX'in do\u011frudan fabrika \u00e7\u0131k\u0131\u015fl\u0131 tasarrufuyla, kasalar\u0131n\u0131z\u0131 uygun bir fiyata g\u00fcvence alt\u0131na alabilirsiniz.<\/p>\n<h4>Her Sat\u0131n Al\u0131mda Kalite G\u00fcvencesi<\/h4>\n<p>SX olarak y\u00fcksek kaliteli \u00fcr\u00fcnler sunmaya b\u00fcy\u00fck \u00f6nem veriyoruz. Bizim <strong>U\u00e7u\u015f \u00c7antas\u0131 K\u00f6\u015fe Kelep\u00e7eleri<\/strong> end\u00fcstri standartlar\u0131n\u0131 kar\u015f\u0131lad\u0131klar\u0131ndan emin olmak i\u00e7in s\u0131k\u0131 kalite kontrol s\u00fcre\u00e7lerinden ge\u00e7er. \u00dcretim ve da\u011f\u0131t\u0131m\u0131 \u015firket i\u00e7inde y\u00f6neten SX, profesyonellerin g\u00fcvendi\u011fi kaliteyi korurken daha d\u00fc\u015f\u00fck fiyatlarla g\u00fcvenilir donan\u0131m sunar.<\/p>\n<h4>\u00c7e\u015fitli Kasa Tasar\u0131mlar\u0131 i\u00e7in \u00c7ok Y\u00f6nl\u00fc Donan\u0131m<\/h4>\n<p>SX'in <strong>U\u00e7u\u015f \u00c7antas\u0131 K\u00f6\u015fe Kelep\u00e7eleri<\/strong> \u00e7ok y\u00f6nl\u00fcd\u00fcr ve farkl\u0131 kasa konfig\u00fcrasyonlar\u0131na uyarlanabilir. \u0130ster yeni bir kasa in\u015fa ediyor ister mevcut bir kasay\u0131 g\u00fc\u00e7lendiriyor olun, bu kelep\u00e7eler \u00e7e\u015fitli kasa boyutlar\u0131nda g\u00fcvenilir k\u00f6\u015fe deste\u011fi sa\u011flar. Fabrikadan do\u011frudan sat\u0131\u015f taahh\u00fcd\u00fcm\u00fcz, uygun fiyatlarla birinci s\u0131n\u0131f donan\u0131m\u0131n keyfini \u00e7\u0131karman\u0131za olanak tan\u0131yarak projelerinizi b\u00fct\u00e7enize uygun \u015fekilde tamamlaman\u0131z\u0131 kolayla\u015ft\u0131r\u0131r.<\/p>\n<h4>Benzersiz Gereksinimler i\u00e7in \u00d6zelle\u015ftirilebilir \u00c7\u00f6z\u00fcmler<\/h4>\n<p>SX, \u00fcr\u00fcnlerimiz i\u00e7in \u00f6zelle\u015ftirme se\u00e7enekleri sunar <strong>U\u00e7u\u015f \u00c7antas\u0131 K\u00f6\u015fe Kelep\u00e7eleri<\/strong> \u00f6zel proje ihtiya\u00e7lar\u0131n\u0131 kar\u015f\u0131lamak i\u00e7in. \u0130ster \u00f6zel malzemeler, y\u00fczeyler veya boyutlar isteyin, \u00fcr\u00fcnlerimizi buna g\u00f6re ayarlayabiliriz. Fabrikadan do\u011frudan sat\u0131\u015f modelimiz, \u00f6zelle\u015ftirilmi\u015f kelep\u00e7elerin bile rekabet\u00e7i fiyatlarla sunulmas\u0131n\u0131 sa\u011flayarak, \u015fi\u015firilmi\u015f maliyetler olmadan size \u00f6zel \u00e7\u00f6z\u00fcmler sunar.<\/p>\n<h4>SX: Kalite ve Uygun Fiyat\u0131n Birle\u015ftirilmesi<\/h4>\n<p>SX kendini d\u00fc\u015f\u00fck fiyatlarla y\u00fcksek kaliteli donan\u0131m sunmaya adam\u0131\u015ft\u0131r. Bizim <strong>U\u00e7u\u015f \u00c7antas\u0131 K\u00f6\u015fe Kelep\u00e7eleri<\/strong> dayan\u0131kl\u0131l\u0131k, g\u00fcvenilirlik ve ekonomikli\u011fi tek bir pakette nas\u0131l sundu\u011fumuzun en iyi \u00f6rne\u011fidir. \u00dcretim s\u00fcrecini kontrol ederek ve gereksiz maliyetleri azaltarak, m\u00fc\u015fterilerimize m\u00fckemmel de\u011fer sunan g\u00fc\u00e7l\u00fc ve g\u00fcvenilir kelep\u00e7eler sa\u011fl\u0131yoruz.<\/p>\n<h4>SX U\u00e7u\u015f \u00c7antas\u0131 Donan\u0131m\u0131 ile \u00c7antalar\u0131n\u0131z\u0131 G\u00fcvenceye Al\u0131n<\/h4>\n<p>U\u00e7u\u015f \u00e7antalar\u0131n\u0131z\u0131 g\u00fc\u00e7lendirmek s\u00f6z konusu oldu\u011funda, SX'in <strong>U\u00e7u\u015f \u00c7antas\u0131 K\u00f6\u015fe Kelep\u00e7eleri<\/strong>. Basit kurulum, dayan\u0131kl\u0131 yap\u0131 ve rekabet\u00e7i fiyatland\u0131rma ile kelep\u00e7elerimiz hem profesyoneller hem de hobiciler i\u00e7in m\u00fckemmel bir se\u00e7imdir. Bir sonraki projeniz i\u00e7in SX'i se\u00e7in ve yaln\u0131zca fabrika \u00e7\u0131k\u0131\u015fl\u0131 \u00fcr\u00fcnlerin sa\u011flayabilece\u011fi kalite ve tasarrufu deneyimleyin.<\/p>\n<p>Hemen \u0130leti\u015fime Ge\u00e7in:<span style=\"color: #0000ff;\"><a style=\"color: #0000ff;\" href=\"https:\/\/sxpowercase.com\/contact-us\/\">https:\/\/sxpowercase.com\/<\/a><\/span><\/p>\n<p>Donan\u0131m \u00dcr\u00fcn Katalo\u011fu\uff1a<span style=\"color: #3366ff;\"><a style=\"color: #3366ff;\" href=\"https:\/\/sxpowercase.com\/wp-content\/uploads\/2024\/07\/\u4e94\u91d1.pdf\">Donan\u0131m aksesuarlar\u0131 katalo\u011fu<\/a><\/span><\/p>","protected":false},"excerpt":{"rendered":"<h3>SX U\u00e7u\u015f \u00c7antas\u0131 K\u00f6\u015fe Kelep\u00e7eleri: Ekipmanlar\u0131n\u0131z i\u00e7in Uygun Fiyatl\u0131 Koruma<\/h3>\n<p>SX, u\u00e7u\u015f \u00e7antalar\u0131n\u0131z i\u00e7in g\u00fcvenilir k\u00f6\u015fe takviyesi sa\u011flayan y\u00fcksek kaliteli U\u00e7u\u015f \u00c7antas\u0131 K\u00f6\u015fe Kelep\u00e7eleri sunar. Fabrikadan do\u011frudan fiyatland\u0131rma ile, ekipman\u0131n\u0131z\u0131 a\u015f\u0131r\u0131 harcama yapmadan korumak i\u00e7in tasarlanm\u0131\u015f dayan\u0131kl\u0131 donan\u0131ma sahip olursunuz.<\/p>\n<h3>Uzun \u00d6m\u00fcrl\u00fc, Kurulumu Kolay<\/h3>\n<p>Sa\u011flam metalden \u00fcretilen SX U\u00e7u\u015f \u00c7antas\u0131 K\u00f6\u015fe Kelep\u00e7eleri uzun s\u00fcreli dayan\u0131kl\u0131l\u0131k sa\u011flar ve kurulumu h\u0131zl\u0131d\u0131r. \u0130ster bir profesyonel ister bir DIY merakl\u0131s\u0131 olun, bu kelep\u00e7eler g\u00fcvenli ve istikrarl\u0131 u\u00e7u\u015f kasalar\u0131 i\u00e7in g\u00fc\u00e7l\u00fc destek sa\u011flar.<\/p>\n<h3>Fabrika Fiyatlar\u0131nda \u00d6zelle\u015ftirilebilir Se\u00e7enekler<\/h3>\n<p>SX, U\u00e7u\u015f Kasas\u0131 K\u00f6\u015fe Kelep\u00e7elerimiz i\u00e7in \u00f6zelle\u015ftirilebilir boyutlar ve y\u00fczeyler sunar. Do\u011frudan m\u00fc\u015fteriye sat\u0131\u015f modelimiz sayesinde rakipsiz fiyatlarla ihtiya\u00e7lar\u0131n\u0131za g\u00f6re uyarlanm\u0131\u015f birinci s\u0131n\u0131f donan\u0131m\u0131n keyfini \u00e7\u0131kar\u0131n.<\/p>","protected":false},"featured_media":4179,"comment_status":"open","ping_status":"closed","template":"","meta":[],"product_brand":[],"product_cat":[64],"product_tag":[],"class_list":{"0":"post-4208","1":"product","2":"type-product","3":"status-publish","4":"has-post-thumbnail","6":"product_cat-clamps","8":"first","9":"instock","10":"shipping-taxable","11":"product-type-simple"},"yoast_head":"<!-- This site is optimized with the Yoast SEO Premium plugin v27.1 (Yoast SEO v27.2) - https:\/\/yoast.com\/product\/yoast-seo-premium-wordpress\/ -->\n<title>Flight Case Corner Clamp CLA501 - https:\/\/sxflightcase.com \ud83d\udc97<\/title>\n<meta name=\"description\" content=\"Flight case corner clamp, factory direct! High-quality, durable clamps designed to reinforce and securely fasten flight case corners. Ideal for ensuring long-lasting protection during transport.\" \/>\n<meta name=\"robots\" content=\"index, follow, max-snippet:-1, max-image-preview:large, max-video-preview:-1\" \/>\n<link rel=\"canonical\" href=\"https:\/\/sxflightcase.com\/tr\/urun\/ucus-kasasi-kose-kelepcesi-cla501-2\/\" \/>\n<meta property=\"og:locale\" content=\"tr_TR\" \/>\n<meta property=\"og:type\" content=\"article\" \/>\n<meta property=\"og:title\" content=\"Flight Case Corner Clamp CLA501\" \/>\n<meta property=\"og:description\" content=\"Flight case corner clamp, factory direct! High-quality, durable clamps designed to reinforce and securely fasten flight case corners. Ideal for ensuring long-lasting protection during transport.\" \/>\n<meta property=\"og:url\" content=\"https:\/\/sxflightcase.com\/tr\/urun\/ucus-kasasi-kose-kelepcesi-cla501-2\/\" \/>\n<meta property=\"og:site_name\" content=\"https:\/\/sxflightcase.com\" \/>\n<meta property=\"article:publisher\" content=\"https:\/\/www.facebook.com\/profile.php?id=61560407257971\" \/>\n<meta property=\"article:modified_time\" content=\"2024-08-23T06:20:32+00:00\" \/>\n<meta property=\"og:image\" content=\"https:\/\/sxflightcase.com\/wp-content\/uploads\/2024\/08\/CLA501.jpg\" \/>\n\t<meta property=\"og:image:width\" content=\"700\" \/>\n\t<meta property=\"og:image:height\" content=\"700\" \/>\n\t<meta property=\"og:image:type\" content=\"image\/jpeg\" \/>\n<meta name=\"twitter:card\" content=\"summary_large_image\" \/>\n<meta name=\"twitter:label1\" content=\"Tahmini okuma s\u00fcresi\" \/>\n\t<meta name=\"twitter:data1\" content=\"3 dakika\" \/>\n<script type=\"application\/ld+json\" class=\"yoast-schema-graph\">{\"@context\":\"https:\/\/schema.org\",\"@graph\":[{\"@type\":\"WebPage\",\"@id\":\"https:\/\/sxflightcase.com\/product\/flight-case-corner-clamp-cla501\/\",\"url\":\"https:\/\/sxflightcase.com\/product\/flight-case-corner-clamp-cla501\/\",\"name\":\"Flight Case Corner Clamp CLA501 - https:\/\/sxflightcase.com \ud83d\udc97\",\"isPartOf\":{\"@id\":\"https:\/\/sxflightcase.com\/th\/#website\"},\"primaryImageOfPage\":{\"@id\":\"https:\/\/sxflightcase.com\/product\/flight-case-corner-clamp-cla501\/#primaryimage\"},\"image\":{\"@id\":\"https:\/\/sxflightcase.com\/product\/flight-case-corner-clamp-cla501\/#primaryimage\"},\"thumbnailUrl\":\"https:\/\/sxflightcase.com\/wp-content\/uploads\/2024\/08\/CLA501.jpg\",\"datePublished\":\"2024-08-23T06:20:31+00:00\",\"dateModified\":\"2024-08-23T06:20:32+00:00\",\"description\":\"Flight case corner clamp, factory direct! High-quality, durable clamps designed to reinforce and securely fasten flight case corners. Ideal for ensuring long-lasting protection during transport.\",\"breadcrumb\":{\"@id\":\"https:\/\/sxflightcase.com\/product\/flight-case-corner-clamp-cla501\/#breadcrumb\"},\"inLanguage\":\"tr\",\"potentialAction\":[{\"@type\":\"ReadAction\",\"target\":[\"https:\/\/sxflightcase.com\/product\/flight-case-corner-clamp-cla501\/\"]}]},{\"@type\":\"ImageObject\",\"inLanguage\":\"tr\",\"@id\":\"https:\/\/sxflightcase.com\/product\/flight-case-corner-clamp-cla501\/#primaryimage\",\"url\":\"https:\/\/sxflightcase.com\/wp-content\/uploads\/2024\/08\/CLA501.jpg\",\"contentUrl\":\"https:\/\/sxflightcase.com\/wp-content\/uploads\/2024\/08\/CLA501.jpg\",\"width\":700,\"height\":700,\"caption\":\"Flight Case Corner Clamp\"},{\"@type\":\"BreadcrumbList\",\"@id\":\"https:\/\/sxflightcase.com\/product\/flight-case-corner-clamp-cla501\/#breadcrumb\",\"itemListElement\":[{\"@type\":\"ListItem\",\"position\":1,\"name\":\"Home\",\"item\":\"https:\/\/sxflightcase.com\/\"},{\"@type\":\"ListItem\",\"position\":2,\"name\":\"\u0e2a\u0e34\u0e19\u0e04\u0e49\u0e32\",\"item\":\"https:\/\/sxflightcase.com\/th\/shop\/\"},{\"@type\":\"ListItem\",\"position\":3,\"name\":\"Flight Case Corner Clamp CLA501\"}]},{\"@type\":\"WebSite\",\"@id\":\"https:\/\/sxflightcase.com\/th\/#website\",\"url\":\"https:\/\/sxflightcase.com\/th\/\",\"name\":\"sxpowercase.com\",\"description\":\"Flight Case Factory\",\"publisher\":{\"@id\":\"https:\/\/sxflightcase.com\/th\/#organization\"},\"potentialAction\":[{\"@type\":\"SearchAction\",\"target\":{\"@type\":\"EntryPoint\",\"urlTemplate\":\"https:\/\/sxflightcase.com\/th\/?s={search_term_string}\"},\"query-input\":{\"@type\":\"PropertyValueSpecification\",\"valueRequired\":true,\"valueName\":\"search_term_string\"}}],\"inLanguage\":\"tr\"},{\"@type\":\"Organization\",\"@id\":\"https:\/\/sxflightcase.com\/th\/#organization\",\"name\":\"sxpowercase.com\",\"url\":\"https:\/\/sxflightcase.com\/th\/\",\"logo\":{\"@type\":\"ImageObject\",\"inLanguage\":\"tr\",\"@id\":\"https:\/\/sxflightcase.com\/th\/#\/schema\/logo\/image\/\",\"url\":\"https:\/\/sxflightcase.com\/wp-content\/uploads\/2024\/04\/1713919036007.jpg\",\"contentUrl\":\"https:\/\/sxflightcase.com\/wp-content\/uploads\/2024\/04\/1713919036007.jpg\",\"width\":382,\"height\":388,\"caption\":\"sxpowercase.com\"},\"image\":{\"@id\":\"https:\/\/sxflightcase.com\/th\/#\/schema\/logo\/image\/\"},\"sameAs\":[\"https:\/\/www.facebook.com\/profile.php?id=61560407257971\"],\"numberOfEmployees\":{\"@type\":\"QuantitativeValue\",\"minValue\":\"11\",\"maxValue\":\"50\"}}]}<\/script>\n<!-- \/ Yoast SEO Premium plugin. -->","yoast_head_json":{"title":"Flight Case Corner Clamp CLA501 - https:\/\/sxflightcase.com \ud83d\udc97","description":"U\u00e7u\u015f kasas\u0131 k\u00f6\u015fe kelep\u00e7esi, do\u011frudan fabrika \u00e7\u0131k\u0131\u015f\u0131! U\u00e7u\u015f kasas\u0131 k\u00f6\u015felerini g\u00fc\u00e7lendirmek ve g\u00fcvenli bir \u015fekilde sabitlemek i\u00e7in tasarlanm\u0131\u015f y\u00fcksek kaliteli, dayan\u0131kl\u0131 kelep\u00e7eler. Ta\u015f\u0131ma s\u0131ras\u0131nda uzun s\u00fcreli koruma sa\u011flamak i\u00e7in idealdir.","robots":{"index":"index","follow":"follow","max-snippet":"max-snippet:-1","max-image-preview":"max-image-preview:large","max-video-preview":"max-video-preview:-1"},"canonical":"https:\/\/sxflightcase.com\/tr\/urun\/ucus-kasasi-kose-kelepcesi-cla501-2\/","og_locale":"tr_TR","og_type":"article","og_title":"Flight Case Corner Clamp CLA501","og_description":"Flight case corner clamp, factory direct! High-quality, durable clamps designed to reinforce and securely fasten flight case corners. Ideal for ensuring long-lasting protection during transport.","og_url":"https:\/\/sxflightcase.com\/tr\/urun\/ucus-kasasi-kose-kelepcesi-cla501-2\/","og_site_name":"https:\/\/sxflightcase.com","article_publisher":"https:\/\/www.facebook.com\/profile.php?id=61560407257971","article_modified_time":"2024-08-23T06:20:32+00:00","og_image":[{"width":700,"height":700,"url":"https:\/\/sxflightcase.com\/wp-content\/uploads\/2024\/08\/CLA501.jpg","type":"image\/jpeg"}],"twitter_card":"summary_large_image","twitter_misc":{"Tahmini okuma s\u00fcresi":"3 dakika"},"schema":{"@context":"https:\/\/schema.org","@graph":[{"@type":"WebPage","@id":"https:\/\/sxflightcase.com\/product\/flight-case-corner-clamp-cla501\/","url":"https:\/\/sxflightcase.com\/product\/flight-case-corner-clamp-cla501\/","name":"Flight Case Corner Clamp CLA501 - https:\/\/sxflightcase.com \ud83d\udc97","isPartOf":{"@id":"https:\/\/sxflightcase.com\/th\/#website"},"primaryImageOfPage":{"@id":"https:\/\/sxflightcase.com\/product\/flight-case-corner-clamp-cla501\/#primaryimage"},"image":{"@id":"https:\/\/sxflightcase.com\/product\/flight-case-corner-clamp-cla501\/#primaryimage"},"thumbnailUrl":"https:\/\/sxflightcase.com\/wp-content\/uploads\/2024\/08\/CLA501.jpg","datePublished":"2024-08-23T06:20:31+00:00","dateModified":"2024-08-23T06:20:32+00:00","description":"U\u00e7u\u015f kasas\u0131 k\u00f6\u015fe kelep\u00e7esi, do\u011frudan fabrika \u00e7\u0131k\u0131\u015f\u0131! U\u00e7u\u015f kasas\u0131 k\u00f6\u015felerini g\u00fc\u00e7lendirmek ve g\u00fcvenli bir \u015fekilde sabitlemek i\u00e7in tasarlanm\u0131\u015f y\u00fcksek kaliteli, dayan\u0131kl\u0131 kelep\u00e7eler. Ta\u015f\u0131ma s\u0131ras\u0131nda uzun s\u00fcreli koruma sa\u011flamak i\u00e7in idealdir.","breadcrumb":{"@id":"https:\/\/sxflightcase.com\/product\/flight-case-corner-clamp-cla501\/#breadcrumb"},"inLanguage":"tr","potentialAction":[{"@type":"ReadAction","target":["https:\/\/sxflightcase.com\/product\/flight-case-corner-clamp-cla501\/"]}]},{"@type":"ImageObject","inLanguage":"tr","@id":"https:\/\/sxflightcase.com\/product\/flight-case-corner-clamp-cla501\/#primaryimage","url":"https:\/\/sxflightcase.com\/wp-content\/uploads\/2024\/08\/CLA501.jpg","contentUrl":"https:\/\/sxflightcase.com\/wp-content\/uploads\/2024\/08\/CLA501.jpg","width":700,"height":700,"caption":"Flight Case Corner Clamp"},{"@type":"BreadcrumbList","@id":"https:\/\/sxflightcase.com\/product\/flight-case-corner-clamp-cla501\/#breadcrumb","itemListElement":[{"@type":"ListItem","position":1,"name":"Home","item":"https:\/\/sxflightcase.com\/"},{"@type":"ListItem","position":2,"name":"\u0e2a\u0e34\u0e19\u0e04\u0e49\u0e32","item":"https:\/\/sxflightcase.com\/th\/shop\/"},{"@type":"ListItem","position":3,"name":"Flight Case Corner Clamp CLA501"}]},{"@type":"WebSite","@id":"https:\/\/sxflightcase.com\/th\/#website","url":"https:\/\/sxflightcase.com\/th\/","name":"sxpowercase.com","description":"U\u00e7u\u015f \u00c7antas\u0131 Fabrikas\u0131","publisher":{"@id":"https:\/\/sxflightcase.com\/th\/#organization"},"potentialAction":[{"@type":"SearchAction","target":{"@type":"EntryPoint","urlTemplate":"https:\/\/sxflightcase.com\/th\/?s={search_term_string}"},"query-input":{"@type":"PropertyValueSpecification","valueRequired":true,"valueName":"search_term_string"}}],"inLanguage":"tr"},{"@type":"Organization","@id":"https:\/\/sxflightcase.com\/th\/#organization","name":"sxpowercase.com","url":"https:\/\/sxflightcase.com\/th\/","logo":{"@type":"ImageObject","inLanguage":"tr","@id":"https:\/\/sxflightcase.com\/th\/#\/schema\/logo\/image\/","url":"https:\/\/sxflightcase.com\/wp-content\/uploads\/2024\/04\/1713919036007.jpg","contentUrl":"https:\/\/sxflightcase.com\/wp-content\/uploads\/2024\/04\/1713919036007.jpg","width":382,"height":388,"caption":"sxpowercase.com"},"image":{"@id":"https:\/\/sxflightcase.com\/th\/#\/schema\/logo\/image\/"},"sameAs":["https:\/\/www.facebook.com\/profile.php?id=61560407257971"],"numberOfEmployees":{"@type":"QuantitativeValue","minValue":"11","maxValue":"50"}}]}},"_links":{"self":[{"href":"https:\/\/sxflightcase.com\/tr\/wp-json\/wp\/v2\/product\/4208","targetHints":{"allow":["GET"]}}],"collection":[{"href":"https:\/\/sxflightcase.com\/tr\/wp-json\/wp\/v2\/product"}],"about":[{"href":"https:\/\/sxflightcase.com\/tr\/wp-json\/wp\/v2\/types\/product"}],"replies":[{"embeddable":true,"href":"https:\/\/sxflightcase.com\/tr\/wp-json\/wp\/v2\/comments?post=4208"}],"version-history":[{"count":0,"href":"https:\/\/sxflightcase.com\/tr\/wp-json\/wp\/v2\/product\/4208\/revisions"}],"wp:featuredmedia":[{"embeddable":true,"href":"https:\/\/sxflightcase.com\/tr\/wp-json\/wp\/v2\/media\/4179"}],"wp:attachment":[{"href":"https:\/\/sxflightcase.com\/tr\/wp-json\/wp\/v2\/media?parent=4208"}],"wp:term":[{"taxonomy":"product_brand","embeddable":true,"href":"https:\/\/sxflightcase.com\/tr\/wp-json\/wp\/v2\/product_brand?post=4208"},{"taxonomy":"product_cat","embeddable":true,"href":"https:\/\/sxflightcase.com\/tr\/wp-json\/wp\/v2\/product_cat?post=4208"},{"taxonomy":"product_tag","embeddable":true,"href":"https:\/\/sxflightcase.com\/tr\/wp-json\/wp\/v2\/product_tag?post=4208"}],"curies":[{"name":"wp","href":"https:\/\/api.w.org\/{rel}","templated":true}]}}